{"id":1886,"date":"2019-09-03T08:21:25","date_gmt":"2019-09-03T08:21:25","guid":{"rendered":"https:\/\/fairfaxcryobank.com\/?page_id=1886"},"modified":"2022-02-22T14:35:31","modified_gmt":"2022-02-22T19:35:31","slug":"sobre-nossos-doadores","status":"publish","type":"page","link":"https:\/\/fairfaxcryobank.com\/br\/sobre-nossos-doadores","title":{"rendered":"Sobre nossos doadores"},"content":{"rendered":"\n<h2 class=\"wp-block-heading\">Descubra mais sobre os doadores do Fairfax Cryobank<\/h2>\n\n\n\n<p>Tem curiosidade em saber o que os diferentes tipos de doadores significam? onde o Fairfax Cryobank encontra os doadores? Veja as perguntas a seguir para descobrir mais sobre a nossa diversa sele\u00e7\u00e3o de doadores.<\/p>\n\n\n\t<ul class=\"faqs\" >\n\t\t\t<li class=\"faq\" id=\"faq-block_61d4ca71ce5af\">\n\t\t\t<div class=\"-question\">Onde encontramos nossos doadores?<\/div>\n\t\t\t<div class=\"-answer\"><p>Os doadores do Fairfax Cryobank vivem nas comunidades locais do entorno de nossas instala\u00e7\u00f5es de coleta em Fairfax, Virginia (Washington DC), Austin (Texas), Dallas (Texas) e Filad\u00e9lfia (Pensilv\u00e2nia). Atuamos fortemente nas faculdades e programas de p\u00f3s-gradua\u00e7\u00e3o, bem como no recrutamento de profissionais de sucesso para tornarem-se doadores de s\u00eamen. Homens que est\u00e3o interessados em se candidatar devem possuir entre 18-39 anos de idade, serem saud\u00e1veis e n\u00e3o possu\u00edrem fatores de risco significativos. (Veja informa\u00e7\u00f5es sobre o processo de sele\u00e7\u00e3o a seguir). Dos candidatos que originalmente se interessam, menos de 1% s\u00e3o aceitos como doadores de s\u00eamen no Fairfax Cryobank, indicativo do nosso rigoroso processo de sele\u00e7\u00e3o.<\/p>\n<\/div>\n\t\t<\/li>\n\t\t\t<li class=\"faq\" id=\"faq-block_61d4ca71ce5af\">\n\t\t\t<div class=\"-question\">Categorias de doadores<\/div>\n\t\t\t<div class=\"-answer\"><p>Os doadores do Fairfax Cryobank s\u00e3o separados em duas categorias, cada uma definida abaixo:<\/p>\n<p><strong data-rich-text-format-boundary=\"true\">Graduado FAIRFAX:<\/strong>\u00e9 a maior categoria de doadores an\u00f4nimos. Todos os doadores nesta categoria est\u00e3o em processo de obter ou j\u00e1 conclu\u00edram uma gradua\u00e7\u00e3o. Podemos citar como exemplos doadores que possuam ou estudam: n\u00edvel de doutorado, n\u00edvel de mestrado, medicina, odontologia, quiropraxia, direito, medicina veterin\u00e1ria, optometria, farm\u00e1cia, estudantes e graduados. Os produtos e servi\u00e7os dispon\u00edveis nesta categoria s\u00e3o id\u00eanticos aos produtos e servi\u00e7os dispon\u00edveis na categoria Fairfax .<\/p>\n<p><strong data-rich-text-format-boundary=\"true\">FAIRFAX:<\/strong>essa categoria \u00e9 composta por doadores an\u00f4nimos que oferecem extensa informa\u00e7\u00e3o pessoal, perfis pessoais, correspond\u00eancia de foto, impress\u00f5es da equipe, testes, CDs de \u00e1udio e entrevista, fotos de inf\u00e2ncia, al\u00e9m do resumo e perfis m\u00e9dicos.<\/p>\n<p>Durante o processo de entrevista com a nossa experiente equipe, os doadores muitas vezes expressam o desejo de ajudar aqueles que s\u00e3o incapazes de ter seus pr\u00f3prios filhos. Eles podem ter observado experi\u00eancias semelhantes com a fam\u00edlia ou amigos e, portanto, est\u00e3o \u00e0 procura de uma maneira de fazer a diferen\u00e7a. Este processo de entrevista est\u00e1 em curso e nos permite conhecer os doadores, al\u00e9m de ser uma forma eficaz de analisar as informa\u00e7\u00f5es que os doadores fornecem sobre si mesmos e suas fam\u00edlias.<\/p>\n<p>Os doadores s\u00e3o obrigados a preencher um question\u00e1rio com hist\u00f3rico de sa\u00fade contendo informa\u00e7\u00f5es detalhadas sobre si e suas fam\u00edlias, fornecendo informa\u00e7\u00f5es sobre forma\u00e7\u00e3o educacional e teste acad\u00eamico. Eles tamb\u00e9m devem passar por um exame f\u00edsico e um extenso diagn\u00f3stico de sangue para testar uma s\u00e9rie de transtornos. As amostras de s\u00eamen s\u00e3o analisadas intensivamente e devem passar por um padr\u00e3o m\u00ednimo para ser utilizada no programa. Uma vez que um doador tenha sido aceito no programa, ele \u00e9 testado para doen\u00e7as infecciosas em uma base recorrente e deve manter um m\u00ednimo de qualidade do esperma. Os doadores tradicionalmente possuem contrato de pelo menos 6 meses com o Fairfax Cryobank e, neste per\u00edodo, produzem amostras, em m\u00e9dia, duas vezes por semana.<\/p>\n<\/div>\n\t\t<\/li>\n\t\t<\/ul>\n<script>\nvar faqs = document.querySelectorAll('li.faq');\nfor (var i=0; i<faqs.length; i++) {\n\tfaqs[i].addEventListener('click', function(event) {\n\t\tthis.classList.toggle('-expanded');\n\t});\n}\n<\/script>\n<style>\nul.faqs {\n\tmargin: 0 0 25px; padding: 0;\n}\nul.faqs > li.faq {\n\tmargin: 0 0 10px; padding: 0;\n\tlist-style: none;\n\tbackground: none;\n}\nul.faqs > li.faq.-expanded {\n\tborder: 1px solid #e8e8e8;\n\tbox-shadow: 0 2px 10px rgba(0,0,0,0.1)\n}\nul.faqs > li.faq .-question {\n\tposition: relative;\n\tpadding: 19px 19px 19px 78px;\n\tcolor: #565456;\n\tfont-size: 20px; line-height: 1.2;\n\tbackground: #f1f1f1;\n\tcursor: pointer;\n\ttransition: .3s\n}\nul.faqs > li.faq .-question:hover { color: #1f1f1f; background: #f6f6f6; }\nul.faqs > li.faq .-question:before {\n\tcontent: \"\";\n\tposition: absolute;\n\ttop: 0; bottom: 0; left: 0;\n\twidth:62px;\n\tbackground: linear-gradient(#898989,#898989), linear-gradient(#898989,#898989), #eaeaea;\n\tbackground-position:center;\n\tbackground-size: 20px 2px,2px 20px;\n\tbackground-repeat:no-repeat;\n}\nul.faqs > li.faq .-question:hover:before {\n\tbackground: linear-gradient(#ea6950,#ea6950), linear-gradient(#ea6950,#ea6950), #eaeaea;\n\tbackground-position:center;\n\tbackground-size: 20px 2px,2px 20px;\n\tbackground-repeat:no-repeat;\n}\nul.faqs > li.faq.-expanded .-question,\nul.faqs > li.faq.-expanded .-question:hover { color: #ea6950; background: #f9f9f9; }\nul.faqs > li.faq.-expanded .-question:before,\nul.faqs > li.faq.-expanded .-question:hover:before {\n\tcontent: \"\";\n\tposition: absolute;\n\ttop: 0; bottom: 0; left: 0;\n\twidth:62px;\n\tbackground: linear-gradient(#ffffff,#ffffff), #ea6950;\n\tbackground-position:center;\n\tbackground-size: 20px 2px;\n\tbackground-repeat:no-repeat;\n}\n\nul.faqs > li.faq .-answer {\n\toverflow: hidden;\n\tpadding: 0 0 0 78px;\n\tmax-height: 0;\n\ttransition: 0.2s;\n}\nul.faqs > li.faq .-answer > * { overflow: hidden; max-height: 0; }\nul.faqs > li.faq.-expanded .-answer {\n\tbox-sizing: border-box;\n\tpadding: 19px 19px 19px 78px;\n\tmax-height: 9999px;\n\tcolor: #585858;\n\tfont-size: 16px; line-height: 23px;\n\tbackground: #fff;\n\ttransition: 0.4s;\n}\nul.faqs > li.faq.-expanded .-answer > * { max-height: 9999px;}\n<\/style>\n\n\n<div class=\"wp-block-button aligncenter\"><a class=\"wp-block-button__link has-text-color has-background\" href=\"https:\/\/fairfaxcryobank.com\/search\/br\/\" style=\"background-color:#ea6950;color:#ffffff\">Busque Um Doador<\/a><\/div>\n","protected":false},"excerpt":{"rendered":"<p>Descubra mais sobre os doadores do Fairfax Cryobank Tem curiosidade em saber o que os diferentes tipos de doadores significam? onde o Fairfax Cryobank encontra os doadores? Veja as perguntas a seguir para descobrir mais sobre a nossa diversa sele\u00e7\u00e3o de doadores.<\/p>\n","protected":false},"author":1,"featured_media":0,"parent":0,"menu_order":0,"comment_status":"closed","ping_status":"closed","template":"","meta":{"footnotes":""},"class_list":["post-1886","page","type-page","status-publish","hentry"],"yoast_head":"<!-- This site is optimized with the Yoast SEO plugin v27.1.1 - https:\/\/yoast.com\/product\/yoast-seo-wordpress\/ -->\n<title>About our Donor Categories | Fairfax Cryobank<\/title>\n<meta name=\"description\" content=\"Learn more about Fairfax Cryobank&#039;s donor types. From Non-ID Option to ID Option, PRS, and CLI - all categories are clearly defined.\" \/>\n<meta name=\"robots\" content=\"index, follow, max-snippet:-1, max-image-preview:large, max-video-preview:-1\" \/>\n<link rel=\"canonical\" href=\"https:\/\/fairfaxcryobank.com\/br\/sobre-nossos-doadores\" \/>\n<meta property=\"og:locale\" content=\"pt_BR\" \/>\n<meta property=\"og:type\" content=\"article\" \/>\n<meta property=\"og:title\" content=\"About our Donor Categories | Fairfax Cryobank\" \/>\n<meta property=\"og:description\" content=\"Learn more about Fairfax Cryobank&#039;s donor types. From Non-ID Option to ID Option, PRS, and CLI - all categories are clearly defined.\" \/>\n<meta property=\"og:url\" content=\"https:\/\/fairfaxcryobank.com\/br\/sobre-nossos-doadores\" \/>\n<meta property=\"og:site_name\" content=\"Fairfax Cryobank - Find a Sperm Donor\" \/>\n<meta property=\"article:publisher\" content=\"https:\/\/www.facebook.com\/fairfax.cryobank\" \/>\n<meta property=\"article:modified_time\" content=\"2022-02-22T19:35:31+00:00\" \/>\n<meta name=\"twitter:card\" content=\"summary_large_image\" \/>\n<meta name=\"twitter:site\" content=\"@FairfaxCryobank\" \/>\n<script type=\"application\/ld+json\" class=\"yoast-schema-graph\">{\"@context\":\"https:\/\/schema.org\",\"@graph\":[{\"@type\":\"WebPage\",\"@id\":\"https:\/\/fairfaxcryobank.com\/br\/sobre-nossos-doadores\",\"url\":\"https:\/\/fairfaxcryobank.com\/br\/sobre-nossos-doadores\",\"name\":\"About our Donor Categories | Fairfax Cryobank\",\"isPartOf\":{\"@id\":\"https:\/\/fairfaxcryobank.com\/br#website\"},\"datePublished\":\"2019-09-03T08:21:25+00:00\",\"dateModified\":\"2022-02-22T19:35:31+00:00\",\"description\":\"Learn more about Fairfax Cryobank's donor types. From Non-ID Option to ID Option, PRS, and CLI - all categories are clearly defined.\",\"breadcrumb\":{\"@id\":\"https:\/\/fairfaxcryobank.com\/br\/sobre-nossos-doadores#breadcrumb\"},\"inLanguage\":\"pt-BR\",\"potentialAction\":[{\"@type\":\"ReadAction\",\"target\":[\"https:\/\/fairfaxcryobank.com\/br\/sobre-nossos-doadores\"]}]},{\"@type\":\"BreadcrumbList\",\"@id\":\"https:\/\/fairfaxcryobank.com\/br\/sobre-nossos-doadores#breadcrumb\",\"itemListElement\":[{\"@type\":\"ListItem\",\"position\":1,\"name\":\"Home\",\"item\":\"https:\/\/fairfaxcryobank.com\/br\"},{\"@type\":\"ListItem\",\"position\":2,\"name\":\"Sobre nossos doadores\"}]},{\"@type\":\"WebSite\",\"@id\":\"https:\/\/fairfaxcryobank.com\/br#website\",\"url\":\"https:\/\/fairfaxcryobank.com\/br\",\"name\":\"Fairfax Cryobank - Find a Sperm Donor\",\"description\":\"Top-Tier Sperm Bank\",\"publisher\":{\"@id\":\"https:\/\/fairfaxcryobank.com\/br#organization\"},\"potentialAction\":[{\"@type\":\"SearchAction\",\"target\":{\"@type\":\"EntryPoint\",\"urlTemplate\":\"https:\/\/fairfaxcryobank.com\/br?s={search_term_string}\"},\"query-input\":{\"@type\":\"PropertyValueSpecification\",\"valueRequired\":true,\"valueName\":\"search_term_string\"}}],\"inLanguage\":\"pt-BR\"},{\"@type\":\"Organization\",\"@id\":\"https:\/\/fairfaxcryobank.com\/br#organization\",\"name\":\"Fairfax Cryobank\",\"url\":\"https:\/\/fairfaxcryobank.com\/br\",\"logo\":{\"@type\":\"ImageObject\",\"inLanguage\":\"pt-BR\",\"@id\":\"https:\/\/fairfaxcryobank.com\/br#\/schema\/logo\/image\/\",\"url\":\"https:\/\/fairfaxcryobank.com\/wp-content\/uploads\/logo.webp\",\"contentUrl\":\"https:\/\/fairfaxcryobank.com\/wp-content\/uploads\/logo.webp\",\"width\":1,\"height\":1,\"caption\":\"Fairfax Cryobank\"},\"image\":{\"@id\":\"https:\/\/fairfaxcryobank.com\/br#\/schema\/logo\/image\/\"},\"sameAs\":[\"https:\/\/www.facebook.com\/fairfax.cryobank\",\"https:\/\/x.com\/FairfaxCryobank\",\"https:\/\/www.instagram.com\/fairfaxcryobank\/\",\"https:\/\/www.pinterest.com\/fairfaxcryo\/\"]}]}<\/script>\n<!-- \/ Yoast SEO plugin. -->","yoast_head_json":{"title":"About our Donor Categories | Fairfax Cryobank","description":"Learn more about Fairfax Cryobank's donor types. From Non-ID Option to ID Option, PRS, and CLI - all categories are clearly defined.","robots":{"index":"index","follow":"follow","max-snippet":"max-snippet:-1","max-image-preview":"max-image-preview:large","max-video-preview":"max-video-preview:-1"},"canonical":"https:\/\/fairfaxcryobank.com\/br\/sobre-nossos-doadores","og_locale":"pt_BR","og_type":"article","og_title":"About our Donor Categories | Fairfax Cryobank","og_description":"Learn more about Fairfax Cryobank's donor types. From Non-ID Option to ID Option, PRS, and CLI - all categories are clearly defined.","og_url":"https:\/\/fairfaxcryobank.com\/br\/sobre-nossos-doadores","og_site_name":"Fairfax Cryobank - Find a Sperm Donor","article_publisher":"https:\/\/www.facebook.com\/fairfax.cryobank","article_modified_time":"2022-02-22T19:35:31+00:00","twitter_card":"summary_large_image","twitter_site":"@FairfaxCryobank","schema":{"@context":"https:\/\/schema.org","@graph":[{"@type":"WebPage","@id":"https:\/\/fairfaxcryobank.com\/br\/sobre-nossos-doadores","url":"https:\/\/fairfaxcryobank.com\/br\/sobre-nossos-doadores","name":"About our Donor Categories | Fairfax Cryobank","isPartOf":{"@id":"https:\/\/fairfaxcryobank.com\/br#website"},"datePublished":"2019-09-03T08:21:25+00:00","dateModified":"2022-02-22T19:35:31+00:00","description":"Learn more about Fairfax Cryobank's donor types. From Non-ID Option to ID Option, PRS, and CLI - all categories are clearly defined.","breadcrumb":{"@id":"https:\/\/fairfaxcryobank.com\/br\/sobre-nossos-doadores#breadcrumb"},"inLanguage":"pt-BR","potentialAction":[{"@type":"ReadAction","target":["https:\/\/fairfaxcryobank.com\/br\/sobre-nossos-doadores"]}]},{"@type":"BreadcrumbList","@id":"https:\/\/fairfaxcryobank.com\/br\/sobre-nossos-doadores#breadcrumb","itemListElement":[{"@type":"ListItem","position":1,"name":"Home","item":"https:\/\/fairfaxcryobank.com\/br"},{"@type":"ListItem","position":2,"name":"Sobre nossos doadores"}]},{"@type":"WebSite","@id":"https:\/\/fairfaxcryobank.com\/br#website","url":"https:\/\/fairfaxcryobank.com\/br","name":"Fairfax Cryobank - Find a Sperm Donor","description":"Top-Tier Sperm Bank","publisher":{"@id":"https:\/\/fairfaxcryobank.com\/br#organization"},"potentialAction":[{"@type":"SearchAction","target":{"@type":"EntryPoint","urlTemplate":"https:\/\/fairfaxcryobank.com\/br?s={search_term_string}"},"query-input":{"@type":"PropertyValueSpecification","valueRequired":true,"valueName":"search_term_string"}}],"inLanguage":"pt-BR"},{"@type":"Organization","@id":"https:\/\/fairfaxcryobank.com\/br#organization","name":"Fairfax Cryobank","url":"https:\/\/fairfaxcryobank.com\/br","logo":{"@type":"ImageObject","inLanguage":"pt-BR","@id":"https:\/\/fairfaxcryobank.com\/br#\/schema\/logo\/image\/","url":"https:\/\/fairfaxcryobank.com\/wp-content\/uploads\/logo.webp","contentUrl":"https:\/\/fairfaxcryobank.com\/wp-content\/uploads\/logo.webp","width":1,"height":1,"caption":"Fairfax Cryobank"},"image":{"@id":"https:\/\/fairfaxcryobank.com\/br#\/schema\/logo\/image\/"},"sameAs":["https:\/\/www.facebook.com\/fairfax.cryobank","https:\/\/x.com\/FairfaxCryobank","https:\/\/www.instagram.com\/fairfaxcryobank\/","https:\/\/www.pinterest.com\/fairfaxcryo\/"]}]}},"post_mailing_queue_ids":[],"_links":{"self":[{"href":"https:\/\/fairfaxcryobank.com\/br\/wp-json\/wp\/v2\/pages\/1886","targetHints":{"allow":["GET"]}}],"collection":[{"href":"https:\/\/fairfaxcryobank.com\/br\/wp-json\/wp\/v2\/pages"}],"about":[{"href":"https:\/\/fairfaxcryobank.com\/br\/wp-json\/wp\/v2\/types\/page"}],"author":[{"embeddable":true,"href":"https:\/\/fairfaxcryobank.com\/br\/wp-json\/wp\/v2\/users\/1"}],"replies":[{"embeddable":true,"href":"https:\/\/fairfaxcryobank.com\/br\/wp-json\/wp\/v2\/comments?post=1886"}],"version-history":[{"count":4,"href":"https:\/\/fairfaxcryobank.com\/br\/wp-json\/wp\/v2\/pages\/1886\/revisions"}],"predecessor-version":[{"id":20497,"href":"https:\/\/fairfaxcryobank.com\/br\/wp-json\/wp\/v2\/pages\/1886\/revisions\/20497"}],"wp:attachment":[{"href":"https:\/\/fairfaxcryobank.com\/br\/wp-json\/wp\/v2\/media?parent=1886"}],"curies":[{"name":"wp","href":"https:\/\/api.w.org\/{rel}","templated":true}]}}