{"id":1888,"date":"2019-02-20T18:23:06","date_gmt":"2019-02-20T18:23:06","guid":{"rendered":"https:\/\/fairfaxcryobank.com\/?page_id=1888"},"modified":"2022-01-06T13:10:56","modified_gmt":"2022-01-06T18:10:56","slug":"por-que-escolher-o-fairfax","status":"publish","type":"page","link":"https:\/\/fairfaxcryobank.com\/br\/por-que-escolher-o-fairfax","title":{"rendered":"Por que escolher o Fairfax Cryobank?"},"content":{"rendered":"\n<h2 class=\"wp-block-heading\">Fam\u00edlia &#8211; o cora\u00e7\u00e3o dos melhores bancos de esperma dos EUA<\/h2>\n\n\n\n<p>Desde 1986, nossa equipe dedicada tem trabalhado para tornar o Fairfax Cryobank o melhor banco de esperma do pa\u00eds. Hoje, podemos orgulhosamente relatar que milhares de fam\u00edlias escolheram nossos doadores de esperma de alta qualidade e rigorosamente testados para transformar seus sonhos em realidade.<\/p>\n\n\n\n<blockquote class=\"wp-block-quote is-style-large is-layout-flow wp-block-quote-is-layout-flow\"><p><strong><em>&#8220;<\/em>Tamb\u00e9m gostaria de informar que examinamos muitos bancos de esperma e nenhum deles \u00e9 t\u00e3o f\u00e1cil de navegar quanto o seu. Ao olhar para os outros, percebemos o qu\u00e3o boa \u00e9 a informa\u00e7\u00e3o que fornece sobre os doadores e tamb\u00e9m o qu\u00e3o acess\u00edvel \u00e9. Tentei acessar 2 bancos de esperma, mas desisti porque n\u00e3o consegui descobrir como eles funcionavam. Eu tamb\u00e9m acho que a comunica\u00e7\u00e3o de voc\u00ea tem sido excelente. Muito r\u00e1pida e informativa.&#8221;<\/strong><\/p><cite>-CB<\/cite><\/blockquote>\n\n\n\n<p>Seja voc\u00ea quem for, independentemente de sua orienta\u00e7\u00e3o sexual, estado civil ou identidade de g\u00eanero, nossa equipe experiente e amig\u00e1vel est\u00e1 aqui para te ajudar a dar passos significativos para alcan\u00e7ar a vida que deseja.<\/p>\n\n\n\n<p>Aqui est\u00e1 o porque devaria nos escolher.<\/p>\n\n\n\n<h3 class=\"wp-block-heading\"><strong>Um compromisso com a qualidade<\/strong><\/h3>\n\n\n\n<p>Assim como voc\u00ea, quando se trata de fam\u00edlia, queremos apenas o melhor. \u00c9 por isso que nos comprometemos a submeter nossos doadores a testes mais completos do que qualquer outro banco de esperma nos EUA. Nossos crit\u00e9rios de elegibilidade excedem os descritos pelo FDA e aceitamos apenas 1 em 200 candidatos.<\/p>\n\n\n\n<p>N\u00e3o se arrisque. Nossa equipe atenciosa vai al\u00e9m para garantir que voc\u00ea tenha paz de esp\u00edrito.<\/p>\n\n\n\n<h3 class=\"wp-block-heading\"><strong>Um hist\u00f3rico de inova\u00e7\u00e3o<\/strong><\/h3>\n\n\n\n<p>Nas \u00faltimas tr\u00eas d\u00e9cadas, desenvolvemos uma reputa\u00e7\u00e3o de longo alcance como um dos melhores bancos de esperma dos Estados Unidos. Nossa dedica\u00e7\u00e3o \u00e0 inova\u00e7\u00e3o, lideran\u00e7a inovadora e excel\u00eancia continua at\u00e9 hoje.<\/p>\n\n\n\n<p>Temos as seguintes licen\u00e7as e credenciamentos:<\/p>\n\n\n\n<ul class=\"wp-block-list\"><li>Totalmente licenciado com o FDA<\/li><li>Inspecionado pelo estado e licenciado em Nova York, Maryland e Calif\u00f3rnia<\/li><li>Credenciado pelo Better Business Bureau (BBB)<\/li><\/ul>\n\n\n\n<h3 class=\"wp-block-heading\">Uma equipe que se preocupa<\/h3>\n\n\n\n<p>Ci\u00eancia de ponta n\u00e3o significa nada sem um toque humano. Estamos aqui para te apoiar em sua jornada \u00fanica, sem julgamento ou discrimina\u00e7\u00e3o.<\/p>\n\n\n\n<p>Nossa equipe est\u00e1 pronta e disposta a ir al\u00e9m para te ajudar a atingir seu objetivo. Voc\u00ea pode confiar em n\u00f3s em todas as etapas do caminho.<\/p>\n\n\n\n<p>Se voc\u00ea tiver alguma d\u00favida ou preocupa\u00e7\u00e3o, n\u00e3o hesite em entrar em contato conosco. Entre em contato pelo telefone +55 (11) 5084-2588. Ficaremos mais do que felizes em ajudar.<\/p>\n","protected":false},"excerpt":{"rendered":"<p>Fam\u00edlia &#8211; o cora\u00e7\u00e3o dos melhores bancos de esperma dos EUA Desde 1986, nossa equipe dedicada tem trabalhado para tornar o Fairfax Cryobank o melhor banco de esperma do pa\u00eds. Hoje, podemos orgulhosamente relatar que milhares de fam\u00edlias escolheram nossos doadores de esperma de alta qualidade e rigorosamente testados para &#8230;<\/p>\n","protected":false},"author":1,"featured_media":2769,"parent":0,"menu_order":0,"comment_status":"closed","ping_status":"closed","template":"","meta":{"footnotes":""},"class_list":["post-1888","page","type-page","status-publish","has-post-thumbnail","hentry"],"yoast_head":"<!-- This site is optimized with the Yoast SEO plugin v27.1.1 - https:\/\/yoast.com\/product\/yoast-seo-wordpress\/ -->\n<title>Por que escolher o Fairfax Cryobank? | Fairfax Cryobank<\/title>\n<meta name=\"description\" content=\"Learn what makes Fairfax Cryobank the best sperm bank worldwide, from our commitment to quality and passion for building families.\" \/>\n<meta name=\"robots\" content=\"index, follow, max-snippet:-1, max-image-preview:large, max-video-preview:-1\" \/>\n<link rel=\"canonical\" href=\"https:\/\/fairfaxcryobank.com\/br\/por-que-escolher-o-fairfax\" \/>\n<meta property=\"og:locale\" content=\"pt_BR\" \/>\n<meta property=\"og:type\" content=\"article\" \/>\n<meta property=\"og:title\" content=\"Por que escolher o Fairfax Cryobank? | Fairfax Cryobank\" \/>\n<meta property=\"og:description\" content=\"Learn what makes Fairfax Cryobank the best sperm bank worldwide, from our commitment to quality and passion for building families.\" \/>\n<meta property=\"og:url\" content=\"https:\/\/fairfaxcryobank.com\/br\/por-que-escolher-o-fairfax\" \/>\n<meta property=\"og:site_name\" content=\"Fairfax Cryobank - Find a Sperm Donor\" \/>\n<meta property=\"article:publisher\" content=\"https:\/\/www.facebook.com\/fairfax.cryobank\" \/>\n<meta property=\"article:modified_time\" content=\"2022-01-06T18:10:56+00:00\" \/>\n<meta property=\"og:image\" content=\"https:\/\/fairfaxcryobank.com\/wp-content\/uploads\/iStock-1051600056-smaller.jpg\" \/>\n\t<meta property=\"og:image:width\" content=\"1732\" \/>\n\t<meta property=\"og:image:height\" content=\"1154\" \/>\n\t<meta property=\"og:image:type\" content=\"image\/jpeg\" \/>\n<meta name=\"twitter:card\" content=\"summary_large_image\" \/>\n<meta name=\"twitter:site\" content=\"@FairfaxCryobank\" \/>\n<meta name=\"twitter:label1\" content=\"Est. tempo de leitura\" \/>\n\t<meta name=\"twitter:data1\" content=\"2 minutos\" \/>\n<script type=\"application\/ld+json\" class=\"yoast-schema-graph\">{\"@context\":\"https:\/\/schema.org\",\"@graph\":[{\"@type\":\"WebPage\",\"@id\":\"https:\/\/fairfaxcryobank.com\/br\/por-que-escolher-o-fairfax\",\"url\":\"https:\/\/fairfaxcryobank.com\/br\/por-que-escolher-o-fairfax\",\"name\":\"Por que escolher o Fairfax Cryobank? | Fairfax Cryobank\",\"isPartOf\":{\"@id\":\"https:\/\/fairfaxcryobank.com\/br#website\"},\"primaryImageOfPage\":{\"@id\":\"https:\/\/fairfaxcryobank.com\/br\/por-que-escolher-o-fairfax#primaryimage\"},\"image\":{\"@id\":\"https:\/\/fairfaxcryobank.com\/br\/por-que-escolher-o-fairfax#primaryimage\"},\"thumbnailUrl\":\"https:\/\/fairfaxcryobank.com\/wp-content\/uploads\/iStock-1051600056-smaller.jpg\",\"datePublished\":\"2019-02-20T18:23:06+00:00\",\"dateModified\":\"2022-01-06T18:10:56+00:00\",\"description\":\"Learn what makes Fairfax Cryobank the best sperm bank worldwide, from our commitment to quality and passion for building families.\",\"breadcrumb\":{\"@id\":\"https:\/\/fairfaxcryobank.com\/br\/por-que-escolher-o-fairfax#breadcrumb\"},\"inLanguage\":\"pt-BR\",\"potentialAction\":[{\"@type\":\"ReadAction\",\"target\":[\"https:\/\/fairfaxcryobank.com\/br\/por-que-escolher-o-fairfax\"]}]},{\"@type\":\"ImageObject\",\"inLanguage\":\"pt-BR\",\"@id\":\"https:\/\/fairfaxcryobank.com\/br\/por-que-escolher-o-fairfax#primaryimage\",\"url\":\"https:\/\/fairfaxcryobank.com\/wp-content\/uploads\/iStock-1051600056-smaller.jpg\",\"contentUrl\":\"https:\/\/fairfaxcryobank.com\/wp-content\/uploads\/iStock-1051600056-smaller.jpg\",\"width\":1732,\"height\":1154,\"caption\":\"best sperm bank\"},{\"@type\":\"BreadcrumbList\",\"@id\":\"https:\/\/fairfaxcryobank.com\/br\/por-que-escolher-o-fairfax#breadcrumb\",\"itemListElement\":[{\"@type\":\"ListItem\",\"position\":1,\"name\":\"Home\",\"item\":\"https:\/\/fairfaxcryobank.com\/br\"},{\"@type\":\"ListItem\",\"position\":2,\"name\":\"Por que escolher o Fairfax Cryobank?\"}]},{\"@type\":\"WebSite\",\"@id\":\"https:\/\/fairfaxcryobank.com\/br#website\",\"url\":\"https:\/\/fairfaxcryobank.com\/br\",\"name\":\"Fairfax Cryobank - Find a Sperm Donor\",\"description\":\"Top-Tier Sperm Bank\",\"publisher\":{\"@id\":\"https:\/\/fairfaxcryobank.com\/br#organization\"},\"potentialAction\":[{\"@type\":\"SearchAction\",\"target\":{\"@type\":\"EntryPoint\",\"urlTemplate\":\"https:\/\/fairfaxcryobank.com\/br?s={search_term_string}\"},\"query-input\":{\"@type\":\"PropertyValueSpecification\",\"valueRequired\":true,\"valueName\":\"search_term_string\"}}],\"inLanguage\":\"pt-BR\"},{\"@type\":\"Organization\",\"@id\":\"https:\/\/fairfaxcryobank.com\/br#organization\",\"name\":\"Fairfax Cryobank\",\"url\":\"https:\/\/fairfaxcryobank.com\/br\",\"logo\":{\"@type\":\"ImageObject\",\"inLanguage\":\"pt-BR\",\"@id\":\"https:\/\/fairfaxcryobank.com\/br#\/schema\/logo\/image\/\",\"url\":\"https:\/\/fairfaxcryobank.com\/wp-content\/uploads\/logo.webp\",\"contentUrl\":\"https:\/\/fairfaxcryobank.com\/wp-content\/uploads\/logo.webp\",\"width\":1,\"height\":1,\"caption\":\"Fairfax Cryobank\"},\"image\":{\"@id\":\"https:\/\/fairfaxcryobank.com\/br#\/schema\/logo\/image\/\"},\"sameAs\":[\"https:\/\/www.facebook.com\/fairfax.cryobank\",\"https:\/\/x.com\/FairfaxCryobank\",\"https:\/\/www.instagram.com\/fairfaxcryobank\/\",\"https:\/\/www.pinterest.com\/fairfaxcryo\/\"]}]}<\/script>\n<!-- \/ Yoast SEO plugin. -->","yoast_head_json":{"title":"Por que escolher o Fairfax Cryobank? | Fairfax Cryobank","description":"Learn what makes Fairfax Cryobank the best sperm bank worldwide, from our commitment to quality and passion for building families.","robots":{"index":"index","follow":"follow","max-snippet":"max-snippet:-1","max-image-preview":"max-image-preview:large","max-video-preview":"max-video-preview:-1"},"canonical":"https:\/\/fairfaxcryobank.com\/br\/por-que-escolher-o-fairfax","og_locale":"pt_BR","og_type":"article","og_title":"Por que escolher o Fairfax Cryobank? | Fairfax Cryobank","og_description":"Learn what makes Fairfax Cryobank the best sperm bank worldwide, from our commitment to quality and passion for building families.","og_url":"https:\/\/fairfaxcryobank.com\/br\/por-que-escolher-o-fairfax","og_site_name":"Fairfax Cryobank - Find a Sperm Donor","article_publisher":"https:\/\/www.facebook.com\/fairfax.cryobank","article_modified_time":"2022-01-06T18:10:56+00:00","og_image":[{"width":1732,"height":1154,"url":"https:\/\/fairfaxcryobank.com\/wp-content\/uploads\/iStock-1051600056-smaller.jpg","type":"image\/jpeg"}],"twitter_card":"summary_large_image","twitter_site":"@FairfaxCryobank","twitter_misc":{"Est. tempo de leitura":"2 minutos"},"schema":{"@context":"https:\/\/schema.org","@graph":[{"@type":"WebPage","@id":"https:\/\/fairfaxcryobank.com\/br\/por-que-escolher-o-fairfax","url":"https:\/\/fairfaxcryobank.com\/br\/por-que-escolher-o-fairfax","name":"Por que escolher o Fairfax Cryobank? | Fairfax Cryobank","isPartOf":{"@id":"https:\/\/fairfaxcryobank.com\/br#website"},"primaryImageOfPage":{"@id":"https:\/\/fairfaxcryobank.com\/br\/por-que-escolher-o-fairfax#primaryimage"},"image":{"@id":"https:\/\/fairfaxcryobank.com\/br\/por-que-escolher-o-fairfax#primaryimage"},"thumbnailUrl":"https:\/\/fairfaxcryobank.com\/wp-content\/uploads\/iStock-1051600056-smaller.jpg","datePublished":"2019-02-20T18:23:06+00:00","dateModified":"2022-01-06T18:10:56+00:00","description":"Learn what makes Fairfax Cryobank the best sperm bank worldwide, from our commitment to quality and passion for building families.","breadcrumb":{"@id":"https:\/\/fairfaxcryobank.com\/br\/por-que-escolher-o-fairfax#breadcrumb"},"inLanguage":"pt-BR","potentialAction":[{"@type":"ReadAction","target":["https:\/\/fairfaxcryobank.com\/br\/por-que-escolher-o-fairfax"]}]},{"@type":"ImageObject","inLanguage":"pt-BR","@id":"https:\/\/fairfaxcryobank.com\/br\/por-que-escolher-o-fairfax#primaryimage","url":"https:\/\/fairfaxcryobank.com\/wp-content\/uploads\/iStock-1051600056-smaller.jpg","contentUrl":"https:\/\/fairfaxcryobank.com\/wp-content\/uploads\/iStock-1051600056-smaller.jpg","width":1732,"height":1154,"caption":"best sperm bank"},{"@type":"BreadcrumbList","@id":"https:\/\/fairfaxcryobank.com\/br\/por-que-escolher-o-fairfax#breadcrumb","itemListElement":[{"@type":"ListItem","position":1,"name":"Home","item":"https:\/\/fairfaxcryobank.com\/br"},{"@type":"ListItem","position":2,"name":"Por que escolher o Fairfax Cryobank?"}]},{"@type":"WebSite","@id":"https:\/\/fairfaxcryobank.com\/br#website","url":"https:\/\/fairfaxcryobank.com\/br","name":"Fairfax Cryobank - Find a Sperm Donor","description":"Top-Tier Sperm Bank","publisher":{"@id":"https:\/\/fairfaxcryobank.com\/br#organization"},"potentialAction":[{"@type":"SearchAction","target":{"@type":"EntryPoint","urlTemplate":"https:\/\/fairfaxcryobank.com\/br?s={search_term_string}"},"query-input":{"@type":"PropertyValueSpecification","valueRequired":true,"valueName":"search_term_string"}}],"inLanguage":"pt-BR"},{"@type":"Organization","@id":"https:\/\/fairfaxcryobank.com\/br#organization","name":"Fairfax Cryobank","url":"https:\/\/fairfaxcryobank.com\/br","logo":{"@type":"ImageObject","inLanguage":"pt-BR","@id":"https:\/\/fairfaxcryobank.com\/br#\/schema\/logo\/image\/","url":"https:\/\/fairfaxcryobank.com\/wp-content\/uploads\/logo.webp","contentUrl":"https:\/\/fairfaxcryobank.com\/wp-content\/uploads\/logo.webp","width":1,"height":1,"caption":"Fairfax Cryobank"},"image":{"@id":"https:\/\/fairfaxcryobank.com\/br#\/schema\/logo\/image\/"},"sameAs":["https:\/\/www.facebook.com\/fairfax.cryobank","https:\/\/x.com\/FairfaxCryobank","https:\/\/www.instagram.com\/fairfaxcryobank\/","https:\/\/www.pinterest.com\/fairfaxcryo\/"]}]}},"post_mailing_queue_ids":[],"_links":{"self":[{"href":"https:\/\/fairfaxcryobank.com\/br\/wp-json\/wp\/v2\/pages\/1888","targetHints":{"allow":["GET"]}}],"collection":[{"href":"https:\/\/fairfaxcryobank.com\/br\/wp-json\/wp\/v2\/pages"}],"about":[{"href":"https:\/\/fairfaxcryobank.com\/br\/wp-json\/wp\/v2\/types\/page"}],"author":[{"embeddable":true,"href":"https:\/\/fairfaxcryobank.com\/br\/wp-json\/wp\/v2\/users\/1"}],"replies":[{"embeddable":true,"href":"https:\/\/fairfaxcryobank.com\/br\/wp-json\/wp\/v2\/comments?post=1888"}],"version-history":[{"count":3,"href":"https:\/\/fairfaxcryobank.com\/br\/wp-json\/wp\/v2\/pages\/1888\/revisions"}],"predecessor-version":[{"id":19698,"href":"https:\/\/fairfaxcryobank.com\/br\/wp-json\/wp\/v2\/pages\/1888\/revisions\/19698"}],"wp:featuredmedia":[{"embeddable":true,"href":"https:\/\/fairfaxcryobank.com\/br\/wp-json\/wp\/v2\/media\/2769"}],"wp:attachment":[{"href":"https:\/\/fairfaxcryobank.com\/br\/wp-json\/wp\/v2\/media?parent=1888"}],"curies":[{"name":"wp","href":"https:\/\/api.w.org\/{rel}","templated":true}]}}