{"id":1890,"date":"2019-09-03T08:40:40","date_gmt":"2019-09-03T08:40:40","guid":{"rendered":"https:\/\/fairfaxcryobank.com\/?page_id=1890"},"modified":"2022-01-06T08:15:17","modified_gmt":"2022-01-06T13:15:17","slug":"fairfax-facematch","status":"publish","type":"page","link":"https:\/\/fairfaxcryobank.com\/br\/fairfax-facematch","title":{"rendered":"Fairfax FaceMatch<sup>\u00ae<\/sup>"},"content":{"rendered":"\n<figure class=\"wp-block-embed-youtube aligncenter wp-block-embed is-type-video is-provider-youtube wp-embed-aspect-16-9 wp-has-aspect-ratio\"><div class=\"wp-block-embed__wrapper\">\nhttps:\/\/youtu.be\/QhtiQWjVkbE\n<\/div><\/figure>\n\n\n\n<p>Para acessar o Fairfax FaceMatch\u00ae acesse a p\u00e1gina Busca de Doadores e clique na aba Face Match na parte inferior do seletor de busca.<\/p>\n\n\n\n<p><strong>O que \u00e9 o FaceMatch\u00ae?<br><\/strong><\/p>\n\n\n\n<p>O Fairfax FaceMatch\u00ae usa caracter\u00edsticas do formato facial para encontrar semelhan\u00e7as entre a foto carregada e fotos dos doadores na fase adulta.<\/p>\n\n\n\n<p>Fairfax FaceMatch\u00ae se baseia em tecnologia que utiliza sofisticadas f\u00f3rmulas matem\u00e1ticas para comparar duas imagens faciais. Assim que voc\u00ea escolher uma foto dos seus arquivos no computador e carreg\u00e1-lo no sistema, o Fairfax FaceMatch\u00ae ir\u00e1 comparar com cada foto dos doadores e apresentar resultados mostrando inicialmente os doadores com mais semelhan\u00e7as \u00e0 sua foto. Semelhan\u00e7as (Matches) s\u00e3o classificadas como High (Alta), Med (M\u00e9dio), Low (Baixo), Classifica\u00e7\u00e3o High (Altas) n\u00e3o s\u00e3o muito frequentes. As fotos dos doadores n\u00e3o s\u00e3o disponibilizadas.<\/p>\n\n\n\n<p>O Fairfax FaceMatch\u00ae utiliza caracter\u00edsticas do formato facial para fazer compara\u00e7\u00f5es, mas n\u00e3o compara baseado em cor de pele, decend\u00eancia, cor do olho,ou cor do cabelo. Para encontrar resultados que mais se assemelham com o que voc\u00ea est\u00e1 procurando, considere fazer o FaceMatch ap\u00f3s selecionar outros crit\u00e9rios que s\u00e3o importantes para voc\u00eas.<\/p>\n\n\n\n<p>Boas fotos v\u00e3o resultar em melhores resultados, ent\u00e3o tente carregar fotos que atenda os seguintes crit\u00e9rios: Fotos de close do rosto de frente em alta qualidade, evite barbas, \u00f3culos, chap\u00e9us e sorrisos largos que distor\u00e7am as caracter\u00edsticas faciais.<\/p>\n\n\n\n<p>Fairfax FaceMatch\u00ae foi idealizado para prover uma forma divertida e interativa de ajudar voc\u00ea a selecionar seu doador. Para mais assist\u00eancia, n\u00e3o hesite em nos contatar. Esperamos que voc\u00ea se divirta buscando sua escolha perfeita.<\/p>\n\n\n\n<p><strong>Como eu fa\u00e7o o Fairfax FaceMatch\u00ae?<\/strong><\/p>\n\n\n\n<p>1. Para acessar o Fairfax FaceMatch\u00ae, acesse a Busca de Doadores e clique na aba Face Match na parte inferior da tela.<\/p>\n\n\n\n<p>2. Se desejar, pode selecionar prefer\u00eancias ancestrais do seu doador, cor do olho e cor do cabelo. Lembre-se que quanto mais filtros considerar, menores resultados com Alta semelhan\u00e7a v\u00e3o acontecer.<\/p>\n\n\n\n<p>3. Selecione uma foto do seu computador clicando em Escolher arquivo. Voc\u00ea pode utilizar fotos pessoais que tem salvas ou que voc\u00ea encontre na internet e salvou no seu dispositivo. Quando encontrar a foto que deseja utilizar clique em Upload and Search.<\/p>\n\n\n\n<p>4. Fairfax FaceMatch\u00ae vai comparar a foto que voc\u00ea carregou com cada foto de adulto dos doadores que temos e apresentar um resultado de semelhan\u00e7a iniciando com o doador com maiores semelhan\u00e7as. Os resultados s\u00e3o classificados como High (Alta), Medium (M\u00e9dio) e Low (Baixo). Lembre-se que os resultados consideram as caracter\u00edsticas faciais e n\u00e3o as cores ou descend\u00eancia. Resultados levam at\u00e9 60 segundos para aparecer.<\/p>\n\n\n\n<p><strong>Que tipo de imagem posso utilizar?<\/strong><\/p>\n\n\n\n<p>O Sistema aceita qualquer arquivo de imagem padr\u00e3o como .jpg, .bmp ou .gif.<\/p>\n\n\n\n<p><strong>Como escolho a melhor foto?<\/strong><\/p>\n\n\n\n<p>Selecione uma foto de close, com alta qualidade como o rosto para frente. Evite fotos de rosto virado. A pessoa da foto n\u00e3o deve ter barba pesada, \u00f3culos ou chap\u00e9u.<\/p>\n\n\n\n<p>\u00c9 melhor n\u00e3o ter sorrisos muito largos. Quando uma pessoa sorri geralmente sua face se move. As pontas da boca se movem para cima e o formato dos olhos pode mudar. Fotos com sorrisos podem funcionar desde que n\u00e3o distor\u00e7a as caracter\u00edsticas do rosto.<\/p>\n\n\n\n<p>Se selecionar foto de algu\u00e9m pr\u00f3ximo, considere tirar a foto para este prop\u00f3sito, pois ser\u00e1 mais f\u00e1cil que procurar a foto correta no seu arquivo de fotos. Exemplos de boas fotos para usar:<\/p>\n\n\n\n<div class=\"wp-block-image\"><figure class=\"aligncenter is-resized\"><img loading=\"lazy\" decoding=\"async\" src=\"https:\/\/fairfaxcryobank.com\/wp-content\/uploads\/Fairfax-FaceMatch.png\" alt=\"celebrity sperm donor lookalike\" class=\"wp-image-2666\" width=\"656\" height=\"570\" srcset=\"https:\/\/fairfaxcryobank.com\/wp-content\/uploads\/Fairfax-FaceMatch.png 1018w, https:\/\/fairfaxcryobank.com\/wp-content\/uploads\/Fairfax-FaceMatch-300x261.png 300w, https:\/\/fairfaxcryobank.com\/wp-content\/uploads\/Fairfax-FaceMatch-768x668.png 768w\" sizes=\"auto, (max-width: 656px) 100vw, 656px\" \/><\/figure><\/div>\n\n\n\n<p><strong>Quando carrego minha foto, geralmente aparecem somente resultados low Match. O que pode estar errado?<\/strong><\/p>\n\n\n\n<p>Por favor verifique que a foto atenda as recomenda\u00e7\u00f5es detalhadas acima. Se voc\u00ea limitou sua Busca por descend\u00eancia, cor de olho ou de cabelo, considere abrir uma pouco este crit\u00e9rio para que o sistema compare com um n\u00famero maior de doadores. (exemplo: coloque \u2018any\u201d para cor de olho ou cor de cabelo). Voc\u00ea pode tamb\u00e9m ter um menor n\u00famero de High ou Medium matches para busca feitas em um grupo menor uma vez que temos um menor n\u00famero de doadores dispon\u00edveis.<\/p>\n\n\n\n<p><strong>Gostaria de entender mais como meu doador preferido se parece. Tem algu\u00e9m com quem eu possa conversar para me ajudar?<\/strong><\/p>\n\n\n\n<p>Temos dois servi\u00e7os dispon\u00edveis para ajud\u00e1-los.<\/p>\n\n\n\n<p>Nosso time de consulta \u00e0 sele\u00e7\u00e3o de doadores pode ir nos detalhes do seu resultado do Fairfax FaceMatch\u00ae ou fazer um atendimento detalhado para os que precisam de assist\u00eancia na escolha do doador. Voc\u00ea precisa marcar um hor\u00e1rio nos ligando atrav\u00e9s do (11) 5084-2588.<\/p>\n\n\n\n<p>Tamb\u00e9m oferecemos o servi\u00e7o Photo Consults que permite voc\u00ea pr\u00e9-selecionar um grupo de doadores preferenciais e comparamos uma foto que voc\u00ea nos enviar com este grupo pr\u00e9-selecionado. O Photo Consults \u00e9 customizado para atender as suas especifica\u00e7\u00f5es. Este servi\u00e7o tem um custo adicional, entre em contato conosco para maiores informa\u00e7\u00f5es sobre o Photo Consult.<\/p>\n\n\n\n<p>Para acessar o Fairfax FaceMatch\u00ae acesse a p\u00e1gina Busca de Doadores e clique na aba Face Match na parte inferior do seletor de busca.<\/p>\n\n\n\n<div class=\"wp-block-button aligncenter\"><a class=\"wp-block-button__link has-text-color has-background\" href=\"https:\/\/fairfaxcryobank.com\/search\/br\/\" style=\"background-color:#ea6950;color:#ffffff\">Fairfax FaceMatch\u00ae <\/a><\/div>\n","protected":false},"excerpt":{"rendered":"<p>Para acessar o Fairfax FaceMatch\u00ae acesse a p\u00e1gina Busca de Doadores e clique na aba Face Match na parte inferior do seletor de busca. O que \u00e9 o FaceMatch\u00ae? O Fairfax FaceMatch\u00ae usa caracter\u00edsticas do formato facial para encontrar semelhan\u00e7as entre a foto carregada e fotos dos doadores na fase &#8230;<\/p>\n","protected":false},"author":1,"featured_media":0,"parent":0,"menu_order":0,"comment_status":"closed","ping_status":"closed","template":"","meta":{"footnotes":""},"class_list":["post-1890","page","type-page","status-publish","hentry"],"yoast_head":"<!-- This site is optimized with the Yoast SEO plugin v27.1.1 - https:\/\/yoast.com\/product\/yoast-seo-wordpress\/ -->\n<title>Fairfax FaceMatch\u00ae | Fairfax Cryobank<\/title>\n<meta name=\"description\" content=\"Fairfax FaceMatch\u00ae uses facial format features to find similarities between the uploaded photo and donor adult photos.\" \/>\n<meta name=\"robots\" content=\"index, follow, max-snippet:-1, max-image-preview:large, max-video-preview:-1\" \/>\n<link rel=\"canonical\" href=\"https:\/\/fairfaxcryobank.com\/br\/fairfax-facematch\" \/>\n<meta property=\"og:locale\" content=\"pt_BR\" \/>\n<meta property=\"og:type\" content=\"article\" \/>\n<meta property=\"og:title\" content=\"Fairfax FaceMatch\u00ae | Fairfax Cryobank\" \/>\n<meta property=\"og:description\" content=\"Fairfax FaceMatch\u00ae uses facial format features to find similarities between the uploaded photo and donor adult photos.\" \/>\n<meta property=\"og:url\" content=\"https:\/\/fairfaxcryobank.com\/br\/fairfax-facematch\" \/>\n<meta property=\"og:site_name\" content=\"Fairfax Cryobank - Find a Sperm Donor\" \/>\n<meta property=\"article:publisher\" content=\"https:\/\/www.facebook.com\/fairfax.cryobank\" \/>\n<meta property=\"article:modified_time\" content=\"2022-01-06T13:15:17+00:00\" \/>\n<meta property=\"og:image\" content=\"https:\/\/fairfaxcryobank.com\/wp-content\/uploads\/Fairfax-FaceMatch.png\" \/>\n<meta name=\"twitter:card\" content=\"summary_large_image\" \/>\n<meta name=\"twitter:site\" content=\"@FairfaxCryobank\" \/>\n<meta name=\"twitter:label1\" content=\"Est. tempo de leitura\" \/>\n\t<meta name=\"twitter:data1\" content=\"4 minutos\" \/>\n<script type=\"application\/ld+json\" class=\"yoast-schema-graph\">{\"@context\":\"https:\/\/schema.org\",\"@graph\":[{\"@type\":\"WebPage\",\"@id\":\"https:\/\/fairfaxcryobank.com\/br\/fairfax-facematch\",\"url\":\"https:\/\/fairfaxcryobank.com\/br\/fairfax-facematch\",\"name\":\"Fairfax FaceMatch\u00ae | Fairfax Cryobank\",\"isPartOf\":{\"@id\":\"https:\/\/fairfaxcryobank.com\/br#website\"},\"primaryImageOfPage\":{\"@id\":\"https:\/\/fairfaxcryobank.com\/br\/fairfax-facematch#primaryimage\"},\"image\":{\"@id\":\"https:\/\/fairfaxcryobank.com\/br\/fairfax-facematch#primaryimage\"},\"thumbnailUrl\":\"https:\/\/fairfaxcryobank.com\/wp-content\/uploads\/Fairfax-FaceMatch.png\",\"datePublished\":\"2019-09-03T08:40:40+00:00\",\"dateModified\":\"2022-01-06T13:15:17+00:00\",\"description\":\"Fairfax FaceMatch\u00ae uses facial format features to find similarities between the uploaded photo and donor adult photos.\",\"breadcrumb\":{\"@id\":\"https:\/\/fairfaxcryobank.com\/br\/fairfax-facematch#breadcrumb\"},\"inLanguage\":\"pt-BR\",\"potentialAction\":[{\"@type\":\"ReadAction\",\"target\":[\"https:\/\/fairfaxcryobank.com\/br\/fairfax-facematch\"]}]},{\"@type\":\"ImageObject\",\"inLanguage\":\"pt-BR\",\"@id\":\"https:\/\/fairfaxcryobank.com\/br\/fairfax-facematch#primaryimage\",\"url\":\"https:\/\/fairfaxcryobank.com\/wp-content\/uploads\/Fairfax-FaceMatch.png\",\"contentUrl\":\"https:\/\/fairfaxcryobank.com\/wp-content\/uploads\/Fairfax-FaceMatch.png\"},{\"@type\":\"BreadcrumbList\",\"@id\":\"https:\/\/fairfaxcryobank.com\/br\/fairfax-facematch#breadcrumb\",\"itemListElement\":[{\"@type\":\"ListItem\",\"position\":1,\"name\":\"Home\",\"item\":\"https:\/\/fairfaxcryobank.com\/br\"},{\"@type\":\"ListItem\",\"position\":2,\"name\":\"Fairfax FaceMatch\u00ae\"}]},{\"@type\":\"WebSite\",\"@id\":\"https:\/\/fairfaxcryobank.com\/br#website\",\"url\":\"https:\/\/fairfaxcryobank.com\/br\",\"name\":\"Fairfax Cryobank - Find a Sperm Donor\",\"description\":\"Top-Tier Sperm Bank\",\"publisher\":{\"@id\":\"https:\/\/fairfaxcryobank.com\/br#organization\"},\"potentialAction\":[{\"@type\":\"SearchAction\",\"target\":{\"@type\":\"EntryPoint\",\"urlTemplate\":\"https:\/\/fairfaxcryobank.com\/br?s={search_term_string}\"},\"query-input\":{\"@type\":\"PropertyValueSpecification\",\"valueRequired\":true,\"valueName\":\"search_term_string\"}}],\"inLanguage\":\"pt-BR\"},{\"@type\":\"Organization\",\"@id\":\"https:\/\/fairfaxcryobank.com\/br#organization\",\"name\":\"Fairfax Cryobank\",\"url\":\"https:\/\/fairfaxcryobank.com\/br\",\"logo\":{\"@type\":\"ImageObject\",\"inLanguage\":\"pt-BR\",\"@id\":\"https:\/\/fairfaxcryobank.com\/br#\/schema\/logo\/image\/\",\"url\":\"https:\/\/fairfaxcryobank.com\/wp-content\/uploads\/logo.webp\",\"contentUrl\":\"https:\/\/fairfaxcryobank.com\/wp-content\/uploads\/logo.webp\",\"width\":1,\"height\":1,\"caption\":\"Fairfax Cryobank\"},\"image\":{\"@id\":\"https:\/\/fairfaxcryobank.com\/br#\/schema\/logo\/image\/\"},\"sameAs\":[\"https:\/\/www.facebook.com\/fairfax.cryobank\",\"https:\/\/x.com\/FairfaxCryobank\",\"https:\/\/www.instagram.com\/fairfaxcryobank\/\",\"https:\/\/www.pinterest.com\/fairfaxcryo\/\"]}]}<\/script>\n<!-- \/ Yoast SEO plugin. -->","yoast_head_json":{"title":"Fairfax FaceMatch\u00ae | Fairfax Cryobank","description":"Fairfax FaceMatch\u00ae uses facial format features to find similarities between the uploaded photo and donor adult photos.","robots":{"index":"index","follow":"follow","max-snippet":"max-snippet:-1","max-image-preview":"max-image-preview:large","max-video-preview":"max-video-preview:-1"},"canonical":"https:\/\/fairfaxcryobank.com\/br\/fairfax-facematch","og_locale":"pt_BR","og_type":"article","og_title":"Fairfax FaceMatch\u00ae | Fairfax Cryobank","og_description":"Fairfax FaceMatch\u00ae uses facial format features to find similarities between the uploaded photo and donor adult photos.","og_url":"https:\/\/fairfaxcryobank.com\/br\/fairfax-facematch","og_site_name":"Fairfax Cryobank - Find a Sperm Donor","article_publisher":"https:\/\/www.facebook.com\/fairfax.cryobank","article_modified_time":"2022-01-06T13:15:17+00:00","og_image":[{"url":"https:\/\/fairfaxcryobank.com\/wp-content\/uploads\/Fairfax-FaceMatch.png","type":"","width":"","height":""}],"twitter_card":"summary_large_image","twitter_site":"@FairfaxCryobank","twitter_misc":{"Est. tempo de leitura":"4 minutos"},"schema":{"@context":"https:\/\/schema.org","@graph":[{"@type":"WebPage","@id":"https:\/\/fairfaxcryobank.com\/br\/fairfax-facematch","url":"https:\/\/fairfaxcryobank.com\/br\/fairfax-facematch","name":"Fairfax FaceMatch\u00ae | Fairfax Cryobank","isPartOf":{"@id":"https:\/\/fairfaxcryobank.com\/br#website"},"primaryImageOfPage":{"@id":"https:\/\/fairfaxcryobank.com\/br\/fairfax-facematch#primaryimage"},"image":{"@id":"https:\/\/fairfaxcryobank.com\/br\/fairfax-facematch#primaryimage"},"thumbnailUrl":"https:\/\/fairfaxcryobank.com\/wp-content\/uploads\/Fairfax-FaceMatch.png","datePublished":"2019-09-03T08:40:40+00:00","dateModified":"2022-01-06T13:15:17+00:00","description":"Fairfax FaceMatch\u00ae uses facial format features to find similarities between the uploaded photo and donor adult photos.","breadcrumb":{"@id":"https:\/\/fairfaxcryobank.com\/br\/fairfax-facematch#breadcrumb"},"inLanguage":"pt-BR","potentialAction":[{"@type":"ReadAction","target":["https:\/\/fairfaxcryobank.com\/br\/fairfax-facematch"]}]},{"@type":"ImageObject","inLanguage":"pt-BR","@id":"https:\/\/fairfaxcryobank.com\/br\/fairfax-facematch#primaryimage","url":"https:\/\/fairfaxcryobank.com\/wp-content\/uploads\/Fairfax-FaceMatch.png","contentUrl":"https:\/\/fairfaxcryobank.com\/wp-content\/uploads\/Fairfax-FaceMatch.png"},{"@type":"BreadcrumbList","@id":"https:\/\/fairfaxcryobank.com\/br\/fairfax-facematch#breadcrumb","itemListElement":[{"@type":"ListItem","position":1,"name":"Home","item":"https:\/\/fairfaxcryobank.com\/br"},{"@type":"ListItem","position":2,"name":"Fairfax FaceMatch\u00ae"}]},{"@type":"WebSite","@id":"https:\/\/fairfaxcryobank.com\/br#website","url":"https:\/\/fairfaxcryobank.com\/br","name":"Fairfax Cryobank - Find a Sperm Donor","description":"Top-Tier Sperm Bank","publisher":{"@id":"https:\/\/fairfaxcryobank.com\/br#organization"},"potentialAction":[{"@type":"SearchAction","target":{"@type":"EntryPoint","urlTemplate":"https:\/\/fairfaxcryobank.com\/br?s={search_term_string}"},"query-input":{"@type":"PropertyValueSpecification","valueRequired":true,"valueName":"search_term_string"}}],"inLanguage":"pt-BR"},{"@type":"Organization","@id":"https:\/\/fairfaxcryobank.com\/br#organization","name":"Fairfax Cryobank","url":"https:\/\/fairfaxcryobank.com\/br","logo":{"@type":"ImageObject","inLanguage":"pt-BR","@id":"https:\/\/fairfaxcryobank.com\/br#\/schema\/logo\/image\/","url":"https:\/\/fairfaxcryobank.com\/wp-content\/uploads\/logo.webp","contentUrl":"https:\/\/fairfaxcryobank.com\/wp-content\/uploads\/logo.webp","width":1,"height":1,"caption":"Fairfax Cryobank"},"image":{"@id":"https:\/\/fairfaxcryobank.com\/br#\/schema\/logo\/image\/"},"sameAs":["https:\/\/www.facebook.com\/fairfax.cryobank","https:\/\/x.com\/FairfaxCryobank","https:\/\/www.instagram.com\/fairfaxcryobank\/","https:\/\/www.pinterest.com\/fairfaxcryo\/"]}]}},"post_mailing_queue_ids":[],"_links":{"self":[{"href":"https:\/\/fairfaxcryobank.com\/br\/wp-json\/wp\/v2\/pages\/1890","targetHints":{"allow":["GET"]}}],"collection":[{"href":"https:\/\/fairfaxcryobank.com\/br\/wp-json\/wp\/v2\/pages"}],"about":[{"href":"https:\/\/fairfaxcryobank.com\/br\/wp-json\/wp\/v2\/types\/page"}],"author":[{"embeddable":true,"href":"https:\/\/fairfaxcryobank.com\/br\/wp-json\/wp\/v2\/users\/1"}],"replies":[{"embeddable":true,"href":"https:\/\/fairfaxcryobank.com\/br\/wp-json\/wp\/v2\/comments?post=1890"}],"version-history":[{"count":1,"href":"https:\/\/fairfaxcryobank.com\/br\/wp-json\/wp\/v2\/pages\/1890\/revisions"}],"predecessor-version":[{"id":19647,"href":"https:\/\/fairfaxcryobank.com\/br\/wp-json\/wp\/v2\/pages\/1890\/revisions\/19647"}],"wp:attachment":[{"href":"https:\/\/fairfaxcryobank.com\/br\/wp-json\/wp\/v2\/media?parent=1890"}],"curies":[{"name":"wp","href":"https:\/\/api.w.org\/{rel}","templated":true}]}}