{"id":1894,"date":"2019-09-03T08:43:47","date_gmt":"2019-09-03T08:43:47","guid":{"rendered":"https:\/\/fairfaxcryobank.com\/?page_id=1894"},"modified":"2020-07-02T10:10:15","modified_gmt":"2020-07-02T14:10:15","slug":"perguntas-frequentes","status":"publish","type":"page","link":"https:\/\/fairfaxcryobank.com\/br\/perguntas-frequentes","title":{"rendered":"Perguntas Frequentes"},"content":{"rendered":"\n<p>Desde o nosso in\u00edcio em 1986, o Fairfax Cryobank tem recebido diversas perguntas sobre doadores de s\u00eamen, testes gen\u00e9ticos, pedidos, armazenamento entre outras. Desde &#8220;Como voc\u00ea escolhe um banco de s\u00eamen?&#8221; at\u00e9 &#8220;Quanto s\u00eamen \u00e9 necess\u00e1rio para engravidar?&#8221;<br>\nNossa equipe compilou uma lista das perguntas mais frequentes abaixo para ajud\u00e1-la a entender melhor o processo de constru\u00e7\u00e3o de fam\u00edlia no Fairfax Cryobank.<\/p>\n\n\n\n\t<div class=\"block-links\" >\n\t\t\t<a class=\"block-link\" id=\"bl-block_5d13c8df28e4e\" href=\"https:\/\/fairfaxcryobank.com\/br\/perguntas-frequentes-sobre-semen-de-doador\">\n\t\t\t<span class=\"-icon\" style=\"background-image:url(https:\/\/fairfaxcryobank.com\/wp-content\/uploads\/icon-sperm-donor.png);\"><\/span>\n\t\t\t<span class=\"-title\">S\u00eamen de doador<\/span>\n\t\t<\/a>\n\t\t\t<a class=\"block-link\" id=\"bl-block_5d13c8df28e4e\" href=\"https:\/\/fairfaxcryobank.com\/br\/perguntas-frequentes-sobre-uma-lista-de-espera\">\n\t\t\t<span class=\"-icon\" style=\"background-image:url(https:\/\/fairfaxcryobank.com\/wp-content\/uploads\/icon-waitlist.png);\"><\/span>\n\t\t\t<span class=\"-title\">Lista de espera<\/span>\n\t\t<\/a>\n\t\t\t<a class=\"block-link\" id=\"bl-block_5d13c8df28e4e\" href=\"https:\/\/fairfaxcryobank.com\/br\/perguntas-frequentes-sobre-pedidos-e-envios\">\n\t\t\t<span class=\"-icon\" style=\"background-image:url(https:\/\/fairfaxcryobank.com\/wp-content\/uploads\/icon-ordering-and-shipping.png);\"><\/span>\n\t\t\t<span class=\"-title\">Pedidos e envios<\/span>\n\t\t<\/a>\n\t\t\t<a class=\"block-link\" id=\"bl-block_5d13c8df28e4e\" href=\"https:\/\/fairfaxcryobank.com\/br\/perguntas-frequentes-sobre-teste-genetico\">\n\t\t\t<span class=\"-icon\" style=\"background-image:url(https:\/\/fairfaxcryobank.com\/wp-content\/uploads\/icon-genetic-testing.png);\"><\/span>\n\t\t\t<span class=\"-title\">Testes gen\u00e9ticos <\/span>\n\t\t<\/a>\n\t\t\t<a class=\"block-link\" id=\"bl-block_5d13c8df28e4e\" href=\"https:\/\/fairfaxcryobank.com\/br\/genetic-faqs\">\n\t\t\t<span class=\"-icon\" style=\"background-image:url(https:\/\/fairfaxcryobank.com\/wp-content\/uploads\/icon-genetic-issues.png);\"><\/span>\n\t\t\t<span class=\"-title\">Gen\u00e9ticas<\/span>\n\t\t<\/a>\n\t\t\t<a class=\"block-link\" id=\"bl-block_5d13c8df28e4e\" href=\"https:\/\/fairfaxcryobank.com\/br\/perguntas-frequentes-sobre-teste-do-hpv\">\n\t\t\t<span class=\"-icon\" style=\"background-image:url(https:\/\/fairfaxcryobank.com\/wp-content\/uploads\/icon-hpv-testing.png);\"><\/span>\n\t\t\t<span class=\"-title\">Teste do HPV <\/span>\n\t\t<\/a>\n\t\t\t<a class=\"block-link\" id=\"bl-block_5d13c8df28e4e\" href=\"https:\/\/fairfaxcryobank.com\/br\/cmv\">\n\t\t\t<span class=\"-icon\" style=\"background-image:url(https:\/\/fairfaxcryobank.com\/wp-content\/uploads\/icon-cmv-status.png);\"><\/span>\n\t\t\t<span class=\"-title\">CMV<\/span>\n\t\t<\/a>\n\t\t\t<a class=\"block-link\" id=\"bl-block_5d13c8df28e4e\" href=\"https:\/\/fairfaxcryobank.com\/br\/perguntas-frequentes-sobre-armazenamento-de-semen\">\n\t\t\t<span class=\"-icon\" style=\"background-image:url(https:\/\/fairfaxcryobank.com\/wp-content\/uploads\/icon-sperm-storage.png);\"><\/span>\n\t\t\t<span class=\"-title\">Armazenamento de s\u00eamen<\/span>\n\t\t<\/a>\n\t\t<\/div>\n<script>\n<\/script>\n<style>\n.block-link {\n\tdisplay: block;\n\tposition: relative;\n\tmargin: 0 0 10px; padding: 39px 39px 39px 129px;\n\tcolor: #217392;\n\tfont-weight: 400; font-size: 22px; line-height: 1;\n\ttext-decoration: none;\n\tbackground: #f6f6f6;\n\tborder: 1px solid transparent;\n\ttransition: .3s\n}\n.block-link .-icon {\n\tposition: absolute;\n\ttop: 0; bottom: 0; left: 0;\n\twidth: 100px;\n\tbackground-position: center; background-repeat: no-repeat; background-color: #e6e6e6;\n}\n.block-link:after {\n\tdisplay: none;\n\tcontent: \"\";\n\tposition: absolute;\n\ttop: 50%; right: 18px;\n\twidth: 14px; height: 21px;\n\ttransform: translateY(-50%);\n\tbackground:url(https:\/\/fairfaxcryobank.com\/wp-content\/themes\/fairfaxcryobank\/images\/icon-bold-orange-arrow-right.png) no-repeat;\n}\n.block-link:hover {\n\tcolor: #676767;\n\ttext-decoration: none;\n\tbackground: #fff;\n\tborder: 1px solid #e1e1e1;\n\tbox-shadow:\n\t\tinset 0 1px #fff,\n\t\tinset 0 -1px #fff,\n\t\tinset 1px 0 #fff,\n\t\tinset -1px 0 #fff,\n\t\t0 0 20px rgba(0,0,0,0.1);\n\ttransform: scale(1.03,1.03);\n}\n.block-link:hover .-icon { top: 1px; bottom: 1px; left: 1px; background-color: #f5f6f6 }\n.block-link:hover:after { display: block }\n<\/style>\n\n\n<p><\/p>\n","protected":false},"excerpt":{"rendered":"<p>Desde o nosso in\u00edcio em 1986, o Fairfax Cryobank tem recebido diversas perguntas sobre doadores de s\u00eamen, testes gen\u00e9ticos, pedidos, armazenamento entre outras. Desde &#8220;Como voc\u00ea escolhe um banco de s\u00eamen?&#8221; at\u00e9 &#8220;Quanto s\u00eamen \u00e9 necess\u00e1rio para engravidar?&#8221; Nossa equipe compilou uma lista das perguntas mais frequentes abaixo para ajud\u00e1-la &#8230;<\/p>\n","protected":false},"author":1,"featured_media":10406,"parent":0,"menu_order":0,"comment_status":"closed","ping_status":"closed","template":"","meta":{"footnotes":""},"class_list":["post-1894","page","type-page","status-publish","has-post-thumbnail","hentry"],"yoast_head":"<!-- This site is optimized with the Yoast SEO plugin v27.1.1 - https:\/\/yoast.com\/product\/yoast-seo-wordpress\/ -->\n<title>Perguntas Frequentes | Fairfax Cryobank<\/title>\n<meta name=\"description\" content=\"Perguntas frequentes sobre s\u00eamen de doador\" \/>\n<meta name=\"robots\" content=\"index, follow, max-snippet:-1, max-image-preview:large, max-video-preview:-1\" \/>\n<link rel=\"canonical\" href=\"https:\/\/fairfaxcryobank.com\/br\/perguntas-frequentes\" \/>\n<meta property=\"og:locale\" content=\"pt_BR\" \/>\n<meta property=\"og:type\" content=\"article\" \/>\n<meta property=\"og:title\" content=\"Perguntas Frequentes | Fairfax Cryobank\" \/>\n<meta property=\"og:description\" content=\"Perguntas frequentes sobre s\u00eamen de doador\" \/>\n<meta property=\"og:url\" content=\"https:\/\/fairfaxcryobank.com\/br\/perguntas-frequentes\" \/>\n<meta property=\"og:site_name\" content=\"Fairfax Cryobank - Find a Sperm Donor\" \/>\n<meta property=\"article:publisher\" content=\"https:\/\/www.facebook.com\/fairfax.cryobank\" \/>\n<meta property=\"article:modified_time\" content=\"2020-07-02T14:10:15+00:00\" \/>\n<meta property=\"og:image\" content=\"https:\/\/fairfaxcryobank.com\/wp-content\/uploads\/6240baby.jpg\" \/>\n\t<meta property=\"og:image:width\" content=\"700\" \/>\n\t<meta property=\"og:image:height\" content=\"795\" \/>\n\t<meta property=\"og:image:type\" content=\"image\/jpeg\" \/>\n<meta name=\"twitter:card\" content=\"summary_large_image\" \/>\n<meta name=\"twitter:site\" content=\"@FairfaxCryobank\" \/>\n<script type=\"application\/ld+json\" class=\"yoast-schema-graph\">{\"@context\":\"https:\/\/schema.org\",\"@graph\":[{\"@type\":\"WebPage\",\"@id\":\"https:\/\/fairfaxcryobank.com\/br\/perguntas-frequentes\",\"url\":\"https:\/\/fairfaxcryobank.com\/br\/perguntas-frequentes\",\"name\":\"Perguntas Frequentes | Fairfax Cryobank\",\"isPartOf\":{\"@id\":\"https:\/\/fairfaxcryobank.com\/br#website\"},\"primaryImageOfPage\":{\"@id\":\"https:\/\/fairfaxcryobank.com\/br\/perguntas-frequentes#primaryimage\"},\"image\":{\"@id\":\"https:\/\/fairfaxcryobank.com\/br\/perguntas-frequentes#primaryimage\"},\"thumbnailUrl\":\"https:\/\/fairfaxcryobank.com\/wp-content\/uploads\/6240baby.jpg\",\"datePublished\":\"2019-09-03T08:43:47+00:00\",\"dateModified\":\"2020-07-02T14:10:15+00:00\",\"description\":\"Perguntas frequentes sobre s\u00eamen de doador\",\"breadcrumb\":{\"@id\":\"https:\/\/fairfaxcryobank.com\/br\/perguntas-frequentes#breadcrumb\"},\"inLanguage\":\"pt-BR\",\"potentialAction\":[{\"@type\":\"ReadAction\",\"target\":[\"https:\/\/fairfaxcryobank.com\/br\/perguntas-frequentes\"]}]},{\"@type\":\"ImageObject\",\"inLanguage\":\"pt-BR\",\"@id\":\"https:\/\/fairfaxcryobank.com\/br\/perguntas-frequentes#primaryimage\",\"url\":\"https:\/\/fairfaxcryobank.com\/wp-content\/uploads\/6240baby.jpg\",\"contentUrl\":\"https:\/\/fairfaxcryobank.com\/wp-content\/uploads\/6240baby.jpg\",\"width\":700,\"height\":795,\"caption\":\"fairfax cryobank sperm donor 6240\"},{\"@type\":\"BreadcrumbList\",\"@id\":\"https:\/\/fairfaxcryobank.com\/br\/perguntas-frequentes#breadcrumb\",\"itemListElement\":[{\"@type\":\"ListItem\",\"position\":1,\"name\":\"Home\",\"item\":\"https:\/\/fairfaxcryobank.com\/br\"},{\"@type\":\"ListItem\",\"position\":2,\"name\":\"Perguntas Frequentes\"}]},{\"@type\":\"WebSite\",\"@id\":\"https:\/\/fairfaxcryobank.com\/br#website\",\"url\":\"https:\/\/fairfaxcryobank.com\/br\",\"name\":\"Fairfax Cryobank - Find a Sperm Donor\",\"description\":\"Top-Tier Sperm Bank\",\"publisher\":{\"@id\":\"https:\/\/fairfaxcryobank.com\/br#organization\"},\"potentialAction\":[{\"@type\":\"SearchAction\",\"target\":{\"@type\":\"EntryPoint\",\"urlTemplate\":\"https:\/\/fairfaxcryobank.com\/br?s={search_term_string}\"},\"query-input\":{\"@type\":\"PropertyValueSpecification\",\"valueRequired\":true,\"valueName\":\"search_term_string\"}}],\"inLanguage\":\"pt-BR\"},{\"@type\":\"Organization\",\"@id\":\"https:\/\/fairfaxcryobank.com\/br#organization\",\"name\":\"Fairfax Cryobank\",\"url\":\"https:\/\/fairfaxcryobank.com\/br\",\"logo\":{\"@type\":\"ImageObject\",\"inLanguage\":\"pt-BR\",\"@id\":\"https:\/\/fairfaxcryobank.com\/br#\/schema\/logo\/image\/\",\"url\":\"https:\/\/fairfaxcryobank.com\/wp-content\/uploads\/logo.webp\",\"contentUrl\":\"https:\/\/fairfaxcryobank.com\/wp-content\/uploads\/logo.webp\",\"width\":1,\"height\":1,\"caption\":\"Fairfax Cryobank\"},\"image\":{\"@id\":\"https:\/\/fairfaxcryobank.com\/br#\/schema\/logo\/image\/\"},\"sameAs\":[\"https:\/\/www.facebook.com\/fairfax.cryobank\",\"https:\/\/x.com\/FairfaxCryobank\",\"https:\/\/www.instagram.com\/fairfaxcryobank\/\",\"https:\/\/www.pinterest.com\/fairfaxcryo\/\"]}]}<\/script>\n<!-- \/ Yoast SEO plugin. -->","yoast_head_json":{"title":"Perguntas Frequentes | Fairfax Cryobank","description":"Perguntas frequentes sobre s\u00eamen de doador","robots":{"index":"index","follow":"follow","max-snippet":"max-snippet:-1","max-image-preview":"max-image-preview:large","max-video-preview":"max-video-preview:-1"},"canonical":"https:\/\/fairfaxcryobank.com\/br\/perguntas-frequentes","og_locale":"pt_BR","og_type":"article","og_title":"Perguntas Frequentes | Fairfax Cryobank","og_description":"Perguntas frequentes sobre s\u00eamen de doador","og_url":"https:\/\/fairfaxcryobank.com\/br\/perguntas-frequentes","og_site_name":"Fairfax Cryobank - Find a Sperm Donor","article_publisher":"https:\/\/www.facebook.com\/fairfax.cryobank","article_modified_time":"2020-07-02T14:10:15+00:00","og_image":[{"width":700,"height":795,"url":"https:\/\/fairfaxcryobank.com\/wp-content\/uploads\/6240baby.jpg","type":"image\/jpeg"}],"twitter_card":"summary_large_image","twitter_site":"@FairfaxCryobank","schema":{"@context":"https:\/\/schema.org","@graph":[{"@type":"WebPage","@id":"https:\/\/fairfaxcryobank.com\/br\/perguntas-frequentes","url":"https:\/\/fairfaxcryobank.com\/br\/perguntas-frequentes","name":"Perguntas Frequentes | Fairfax Cryobank","isPartOf":{"@id":"https:\/\/fairfaxcryobank.com\/br#website"},"primaryImageOfPage":{"@id":"https:\/\/fairfaxcryobank.com\/br\/perguntas-frequentes#primaryimage"},"image":{"@id":"https:\/\/fairfaxcryobank.com\/br\/perguntas-frequentes#primaryimage"},"thumbnailUrl":"https:\/\/fairfaxcryobank.com\/wp-content\/uploads\/6240baby.jpg","datePublished":"2019-09-03T08:43:47+00:00","dateModified":"2020-07-02T14:10:15+00:00","description":"Perguntas frequentes sobre s\u00eamen de doador","breadcrumb":{"@id":"https:\/\/fairfaxcryobank.com\/br\/perguntas-frequentes#breadcrumb"},"inLanguage":"pt-BR","potentialAction":[{"@type":"ReadAction","target":["https:\/\/fairfaxcryobank.com\/br\/perguntas-frequentes"]}]},{"@type":"ImageObject","inLanguage":"pt-BR","@id":"https:\/\/fairfaxcryobank.com\/br\/perguntas-frequentes#primaryimage","url":"https:\/\/fairfaxcryobank.com\/wp-content\/uploads\/6240baby.jpg","contentUrl":"https:\/\/fairfaxcryobank.com\/wp-content\/uploads\/6240baby.jpg","width":700,"height":795,"caption":"fairfax cryobank sperm donor 6240"},{"@type":"BreadcrumbList","@id":"https:\/\/fairfaxcryobank.com\/br\/perguntas-frequentes#breadcrumb","itemListElement":[{"@type":"ListItem","position":1,"name":"Home","item":"https:\/\/fairfaxcryobank.com\/br"},{"@type":"ListItem","position":2,"name":"Perguntas Frequentes"}]},{"@type":"WebSite","@id":"https:\/\/fairfaxcryobank.com\/br#website","url":"https:\/\/fairfaxcryobank.com\/br","name":"Fairfax Cryobank - Find a Sperm Donor","description":"Top-Tier Sperm Bank","publisher":{"@id":"https:\/\/fairfaxcryobank.com\/br#organization"},"potentialAction":[{"@type":"SearchAction","target":{"@type":"EntryPoint","urlTemplate":"https:\/\/fairfaxcryobank.com\/br?s={search_term_string}"},"query-input":{"@type":"PropertyValueSpecification","valueRequired":true,"valueName":"search_term_string"}}],"inLanguage":"pt-BR"},{"@type":"Organization","@id":"https:\/\/fairfaxcryobank.com\/br#organization","name":"Fairfax Cryobank","url":"https:\/\/fairfaxcryobank.com\/br","logo":{"@type":"ImageObject","inLanguage":"pt-BR","@id":"https:\/\/fairfaxcryobank.com\/br#\/schema\/logo\/image\/","url":"https:\/\/fairfaxcryobank.com\/wp-content\/uploads\/logo.webp","contentUrl":"https:\/\/fairfaxcryobank.com\/wp-content\/uploads\/logo.webp","width":1,"height":1,"caption":"Fairfax Cryobank"},"image":{"@id":"https:\/\/fairfaxcryobank.com\/br#\/schema\/logo\/image\/"},"sameAs":["https:\/\/www.facebook.com\/fairfax.cryobank","https:\/\/x.com\/FairfaxCryobank","https:\/\/www.instagram.com\/fairfaxcryobank\/","https:\/\/www.pinterest.com\/fairfaxcryo\/"]}]}},"post_mailing_queue_ids":[],"_links":{"self":[{"href":"https:\/\/fairfaxcryobank.com\/br\/wp-json\/wp\/v2\/pages\/1894","targetHints":{"allow":["GET"]}}],"collection":[{"href":"https:\/\/fairfaxcryobank.com\/br\/wp-json\/wp\/v2\/pages"}],"about":[{"href":"https:\/\/fairfaxcryobank.com\/br\/wp-json\/wp\/v2\/types\/page"}],"author":[{"embeddable":true,"href":"https:\/\/fairfaxcryobank.com\/br\/wp-json\/wp\/v2\/users\/1"}],"replies":[{"embeddable":true,"href":"https:\/\/fairfaxcryobank.com\/br\/wp-json\/wp\/v2\/comments?post=1894"}],"version-history":[{"count":0,"href":"https:\/\/fairfaxcryobank.com\/br\/wp-json\/wp\/v2\/pages\/1894\/revisions"}],"wp:featuredmedia":[{"embeddable":true,"href":"https:\/\/fairfaxcryobank.com\/br\/wp-json\/wp\/v2\/media\/10406"}],"wp:attachment":[{"href":"https:\/\/fairfaxcryobank.com\/br\/wp-json\/wp\/v2\/media?parent=1894"}],"curies":[{"name":"wp","href":"https:\/\/api.w.org\/{rel}","templated":true}]}}