{"id":1896,"date":"2019-09-03T08:47:27","date_gmt":"2019-09-03T08:47:27","guid":{"rendered":"https:\/\/fairfaxcryobank.com\/?page_id=1896"},"modified":"2022-02-23T14:20:53","modified_gmt":"2022-02-23T19:20:53","slug":"informacoes-dos-doadores","status":"publish","type":"page","link":"https:\/\/fairfaxcryobank.com\/br\/informacoes-dos-doadores","title":{"rendered":"Informacoes dos doadores"},"content":{"rendered":"\n<p><strong>Registro de Doador:<\/strong><\/p>\n\n\n\n<p>Visite nossa pesquisa interativa de doadores. Este espa\u00e7o permite a voc\u00ea pesquisar todo registro de doadores do Fairfax Cryobank e ent\u00e3o criar uma lista de doadores que mais lhe agradarem. Cada doador tem uma longa lista de informa\u00e7\u00f5es adicionais que podem ser de seu interesse nesse processo de sele\u00e7\u00e3o. Esses itens podem ser pedidos, alguns sob uma taxa online. Nosso registro de doadores \u00e9 atualizado diariamente, ent\u00e3o verifique frequentemente para obter novas informa\u00e7\u00f5es.<\/p>\n\n\n\n<p><strong>Fotos de inf\u00e2ncia do doador<\/strong><\/p>\n\n\n\n<p>Fotos de inf\u00e2ncia dos doadores est\u00e3o dispon\u00edveis em 99% dos casos dos nossos doadores. Essas fotos de inf\u00e2ncia s\u00e3o da fase dos seis meses de idade aos seis anos. A qualidade da foto vai variar dependendo da foto original que o doador forneceu. Algumas fotos s\u00e3o coloridas enquanto outras s\u00e3o em preto e branco.&nbsp;<a href=\"\/images\/pdf-files\/4576ChildhoodPhoto.pdf\" target=\"_blank\" rel=\"noreferrer noopener\">Clique aqui<\/a>&nbsp;para ver algumas fotos de exemplo de fotos infantis.<\/p>\n\n\n\n<p><strong>Fotos Lifetime<\/strong><\/p>\n\n\n\n<p>Fotos Lifetime e fotos de adultos est\u00e3o dispon\u00edveis para um grupo seleto de doadores. S\u00e3o dois tipos de grupos de fotos. Fotos Lifetime inclume uma s\u00e9rie de fotos da inf\u00e2ncia at\u00e9 a fase adulta. A Foto Adult Child inclui uma foto de inf\u00e2ncia e uma foto adulta. Doadores que tem Foto Lifetime e\/ou Foto Adult Child dispon\u00edveis est\u00e3o indicados na p\u00e1gina de busca com um \u00edcone de uma c\u00e2mera. Alguns destes doadores tem somente foto Adult Child dispon\u00edvel.<\/p>\n\n\n\n<p><strong>Silhueta do doador &nbsp; &nbsp; &nbsp; &nbsp; &nbsp; &nbsp; &nbsp; &nbsp; &nbsp; &nbsp; &nbsp; &nbsp; &nbsp; &nbsp; &nbsp; &nbsp; &nbsp; &nbsp; &nbsp; &nbsp; &nbsp; &nbsp; &nbsp; &nbsp; &nbsp; &nbsp; &nbsp; &nbsp; &nbsp; &nbsp; &nbsp; &nbsp; &nbsp; &nbsp; &nbsp; &nbsp; &nbsp; &nbsp; &nbsp; &nbsp; &nbsp; &nbsp; &nbsp; &nbsp; &nbsp; &nbsp; &nbsp; &nbsp; &nbsp; &nbsp; &nbsp; &nbsp; &nbsp; &nbsp; &nbsp; &nbsp; &nbsp; &nbsp; &nbsp; &nbsp; &nbsp; &nbsp; &nbsp; &nbsp; &nbsp; &nbsp; &nbsp; &nbsp; &nbsp; &nbsp; &nbsp; &nbsp; &nbsp; &nbsp; &nbsp; &nbsp; &nbsp; &nbsp; &nbsp; &nbsp; &nbsp; &nbsp; &nbsp; &nbsp; &nbsp; &nbsp; &nbsp; &nbsp; &nbsp; &nbsp; &nbsp; &nbsp; &nbsp; &nbsp; &nbsp;<\/strong><\/p>\n\n\n\n<p>A fotografia do perfil do doador foi coberta para exibir somente a lateral do seu perfil. Esta \u00e9 uma boa maneira de ver as caracter\u00edsticas f\u00edsicas do doador e, ainda assim, mant\u00ea-lo no anonimato. Saiba mais sobre Silhuetas aqui (\/donor-silhouettes).<\/p>\n\n\n\n<p><strong>\u00c1udio-entrevistas do doador<\/strong><\/p>\n\n\n\n<p>As \u00e1udio-entrevistas est\u00e3o dispon\u00edveis na maioria de nossos doadores. As entrevistas fornecem uma profunda e perceptiva informa\u00e7\u00e3o sobre a inf\u00e2ncia do doador, suas aspira\u00e7\u00f5es, realiza\u00e7\u00f5es, valores, vida familiar e interesses pessoais colocados com suas pr\u00f3prias palavras. As \u00e1udio-entrevistas variam de 7 a 25 minutos, tendo uma m\u00e9dia de 12 minutos de dura\u00e7\u00e3o e os v\u00eddeo clips para download variam de 10 a 20 segundos.<\/p>\n\n\n\n<p><strong>Resumo do perfil do doador<\/strong><\/p>\n\n\n\n<p>Os resumos de perfis s\u00e3o duas p\u00e1ginas de um relevante hist\u00f3rico gen\u00e9tico e m\u00e9dico do doador e de sua fam\u00edlia. Certamente qualquer poss\u00edvel doador que tiver um hist\u00f3rico m\u00e9dico e familiar que puser em risco sua prole por raz\u00f5es importantes ser\u00e1 rejeitado no processo de avalia\u00e7\u00e3o. Quaisquer atualiza\u00e7\u00f5es pessoais ou m\u00e9dicas que recebemos do doador s\u00e3o colocadas no resumo do perfil. Os resumos de perfil podem ser visualizados sem que seja necess\u00e1rio pagar alguma taxa.&nbsp;<a href=\"\/images\/pdf-files\/4576SummaryProfile.pdf\" target=\"_blank\" rel=\"noreferrer noopener\">Clique aqui<\/a>&nbsp; para visualizar um exemplo de um resumo de perfil.<\/p>\n\n\n\n<p><strong>Perfil do hist\u00f3rico m\u00e9dico do doador<\/strong><\/p>\n\n\n\n<p>Perfis m\u00e9dicos oferecem uma detalhada anamnese e informa\u00e7\u00e3o do hist\u00f3rico familiar do doador, de seus irm\u00e3os, pais, tios, tias e av\u00f3s. Esses perfis tamb\u00e9m incluem os testes de doen\u00e7as gen\u00e9ticas que os doadores fizerem durante o processo de avalia\u00e7\u00e3o. O perfil m\u00e9dico tem aproximadamente 9 a 12 p\u00e1ginas e fornece uma extensa informa\u00e7\u00e3o sobre o hist\u00f3rico m\u00e9dico do doador, incluindo uma lista das condi\u00e7\u00f5es m\u00e9dicas dos seus parentes. Veja um exemplo de um&nbsp;<a href=\"\/images\/pdf-files\/4576MedicalProfile.pdf\" target=\"_blank\" rel=\"noreferrer noopener\">perfil m\u00e9dico aqui<\/a>.<\/p>\n\n\n\n<p><strong>Perfil pessoal do doador<\/strong><\/p>\n\n\n\n<p>O perfil pessoal engloba 15 ou mais p\u00e1ginas de informa\u00e7\u00e3o pessoal detalhada sobre o doador, seus irm\u00e3os, pais e av\u00f3s. Algumas das informa\u00e7\u00f5es pessoais incluem: seus gostos e interesses, objetivos, pontua\u00e7\u00e3o acad\u00eamica, hist\u00f3rico militar, caracter\u00edsticas faciais especificas e outros detalhes sobre os membros de sua fam\u00edlia. Veja um exemplo de&nbsp;<a href=\"\/images\/pdf-files\/4576PersonalProfile.pdf\" target=\"_blank\" rel=\"noreferrer noopener\">perfil pessoal aqui<\/a>.<\/p>\n\n\n\n<p><strong>Teste de personalidade<\/strong><\/p>\n\n\n\n<p>Muito doadores tem dispon\u00edveis os resultados dos seus testes de personalidade. Para saber mais sobre os tipos de pesonalidade, visite nossa <a href=\"https:\/\/fairfaxcryobank.com\/br\/os-16-tipos-de-personalidade\">p\u00e1gina sobre os 16 tipos de personalidade<\/a>. Se quiser saber qual seu tipo depersonalidade, visite o site <a rel=\"noreferrer noopener\" href=\"https:\/\/www.16personalities.com\/br\/teste-de-personalidade\" target=\"_blank\">16Personalities<\/a> e fa\u00e7a o teste gratuitamente.<\/p>\n\n\n\n<p><strong>Entrevista do doador<\/strong><\/p>\n\n\n\n<p>A maioria dos nossos doadores tem dispon\u00edvel esta entrevista. Essa produ\u00e7\u00e3o \u00e9 o resultado de uma s\u00e9rie de perguntas e respostas, que n\u00f3s esperamos que possam lhe dizer um pouco mais sobre nosso doador em n\u00edvel pessoal. Como cada um de voc\u00eas, cada doador \u00e9 diferente, (n\u00e3o s\u00f3 nas suas caracter\u00edsticas f\u00edsicas, mas tamb\u00e9m na sua forma de raciocinar). Alguns s\u00e3o homens de poucas palavras, e outros n\u00e3o conseguem parar de falar. Clique aqui para ver um&nbsp;<a href=\"\/images\/pdf-files\/4576Essay.pdf\" target=\"_blank\" rel=\"noreferrer noopener\">exemplo de ensaio<\/a>.<\/p>\n\n\n\n<p><strong>Coment\u00e1rios da nossa equipe<\/strong><\/p>\n\n\n\n<p>Temos dispon\u00edveis relatos das impress\u00f5es da nossa equipe sobre a maioria de nossos doadores. Esses relatos foram desenvolvidos devido ao pedido de muitos de nossos pacientes. Muitos pacientes querem simplesmente saber &#8220;O que voc\u00ea acha desse doador?&#8221; Os membros do nosso grupo de trabalho que lidam com os doadores regularmente \u00e9 que escrevem os relat\u00f3rios com as impress\u00f5es de nosso staff. A maioria s\u00e3o em formato escrito, por\u00e9m alguns est\u00e3o gravados em formato de \u00e1udio. Veja um exemplo de&nbsp;<a rel=\"noreferrer noopener\" href=\"\/images\/pdf-files\/4576StaffImpressions.pdf\" target=\"_blank\">impress\u00e3o da nossa equipe<\/a>.<\/p>\n\n\n\n<p><strong>Conjunto do perfil do doador<\/strong><\/p>\n\n\n\n<p>A maioria de nossos doadores tem um conjunto de perfil dispon\u00edvel. O conjunto de perfil pode ser requerido completo ou parcial. O conjunto de perfil completo inclui os perfis m\u00e9dico e pessoal, a entrevista em \u00e1udio, a silhueta e as fotos de inf\u00e2ncia. O conjunto de perfil parcial inclui os perfis pessoal e m\u00e9dico e a entrevista em \u00e1udio. O conjunto de perfil fornecem um desconto significativo se comparado com a compra em separado de cada item.<\/p>\n","protected":false},"excerpt":{"rendered":"<p>Registro de Doador: Visite nossa pesquisa interativa de doadores. Este espa\u00e7o permite a voc\u00ea pesquisar todo registro de doadores do Fairfax Cryobank e ent\u00e3o criar uma lista de doadores que mais lhe agradarem. Cada doador tem uma longa lista de informa\u00e7\u00f5es adicionais que podem ser de seu interesse nesse processo &#8230;<\/p>\n","protected":false},"author":1,"featured_media":0,"parent":0,"menu_order":0,"comment_status":"closed","ping_status":"closed","template":"","meta":{"footnotes":""},"class_list":["post-1896","page","type-page","status-publish","hentry"],"yoast_head":"<!-- This site is optimized with the Yoast SEO plugin v27.1.1 - https:\/\/yoast.com\/product\/yoast-seo-wordpress\/ -->\n<title>Informacoes dos doadores | Fairfax Cryobank<\/title>\n<meta name=\"description\" content=\"Looking for a sperm donor with pictures or a certain personality trait? Learn more about Fairfax Cryobank&#039;s sperm donor informational products that help guide your selection process.\" \/>\n<meta name=\"robots\" content=\"index, follow, max-snippet:-1, max-image-preview:large, max-video-preview:-1\" \/>\n<link rel=\"canonical\" href=\"https:\/\/fairfaxcryobank.com\/br\/informacoes-dos-doadores\" \/>\n<meta property=\"og:locale\" content=\"pt_BR\" \/>\n<meta property=\"og:type\" content=\"article\" \/>\n<meta property=\"og:title\" content=\"Informacoes dos doadores | Fairfax Cryobank\" \/>\n<meta property=\"og:description\" content=\"Looking for a sperm donor with pictures or a certain personality trait? Learn more about Fairfax Cryobank&#039;s sperm donor informational products that help guide your selection process.\" \/>\n<meta property=\"og:url\" content=\"https:\/\/fairfaxcryobank.com\/br\/informacoes-dos-doadores\" \/>\n<meta property=\"og:site_name\" content=\"Fairfax Cryobank - Find a Sperm Donor\" \/>\n<meta property=\"article:publisher\" content=\"https:\/\/www.facebook.com\/fairfax.cryobank\" \/>\n<meta property=\"article:modified_time\" content=\"2022-02-23T19:20:53+00:00\" \/>\n<meta name=\"twitter:card\" content=\"summary_large_image\" \/>\n<meta name=\"twitter:site\" content=\"@FairfaxCryobank\" \/>\n<meta name=\"twitter:label1\" content=\"Est. tempo de leitura\" \/>\n\t<meta name=\"twitter:data1\" content=\"5 minutos\" \/>\n<script type=\"application\/ld+json\" class=\"yoast-schema-graph\">{\"@context\":\"https:\/\/schema.org\",\"@graph\":[{\"@type\":\"WebPage\",\"@id\":\"https:\/\/fairfaxcryobank.com\/br\/informacoes-dos-doadores\",\"url\":\"https:\/\/fairfaxcryobank.com\/br\/informacoes-dos-doadores\",\"name\":\"Informacoes dos doadores | Fairfax Cryobank\",\"isPartOf\":{\"@id\":\"https:\/\/fairfaxcryobank.com\/br#website\"},\"datePublished\":\"2019-09-03T08:47:27+00:00\",\"dateModified\":\"2022-02-23T19:20:53+00:00\",\"description\":\"Looking for a sperm donor with pictures or a certain personality trait? Learn more about Fairfax Cryobank's sperm donor informational products that help guide your selection process.\",\"breadcrumb\":{\"@id\":\"https:\/\/fairfaxcryobank.com\/br\/informacoes-dos-doadores#breadcrumb\"},\"inLanguage\":\"pt-BR\",\"potentialAction\":[{\"@type\":\"ReadAction\",\"target\":[\"https:\/\/fairfaxcryobank.com\/br\/informacoes-dos-doadores\"]}]},{\"@type\":\"BreadcrumbList\",\"@id\":\"https:\/\/fairfaxcryobank.com\/br\/informacoes-dos-doadores#breadcrumb\",\"itemListElement\":[{\"@type\":\"ListItem\",\"position\":1,\"name\":\"Home\",\"item\":\"https:\/\/fairfaxcryobank.com\/br\"},{\"@type\":\"ListItem\",\"position\":2,\"name\":\"Informacoes dos doadores\"}]},{\"@type\":\"WebSite\",\"@id\":\"https:\/\/fairfaxcryobank.com\/br#website\",\"url\":\"https:\/\/fairfaxcryobank.com\/br\",\"name\":\"Fairfax Cryobank - Find a Sperm Donor\",\"description\":\"Top-Tier Sperm Bank\",\"publisher\":{\"@id\":\"https:\/\/fairfaxcryobank.com\/br#organization\"},\"potentialAction\":[{\"@type\":\"SearchAction\",\"target\":{\"@type\":\"EntryPoint\",\"urlTemplate\":\"https:\/\/fairfaxcryobank.com\/br?s={search_term_string}\"},\"query-input\":{\"@type\":\"PropertyValueSpecification\",\"valueRequired\":true,\"valueName\":\"search_term_string\"}}],\"inLanguage\":\"pt-BR\"},{\"@type\":\"Organization\",\"@id\":\"https:\/\/fairfaxcryobank.com\/br#organization\",\"name\":\"Fairfax Cryobank\",\"url\":\"https:\/\/fairfaxcryobank.com\/br\",\"logo\":{\"@type\":\"ImageObject\",\"inLanguage\":\"pt-BR\",\"@id\":\"https:\/\/fairfaxcryobank.com\/br#\/schema\/logo\/image\/\",\"url\":\"https:\/\/fairfaxcryobank.com\/wp-content\/uploads\/logo.webp\",\"contentUrl\":\"https:\/\/fairfaxcryobank.com\/wp-content\/uploads\/logo.webp\",\"width\":1,\"height\":1,\"caption\":\"Fairfax Cryobank\"},\"image\":{\"@id\":\"https:\/\/fairfaxcryobank.com\/br#\/schema\/logo\/image\/\"},\"sameAs\":[\"https:\/\/www.facebook.com\/fairfax.cryobank\",\"https:\/\/x.com\/FairfaxCryobank\",\"https:\/\/www.instagram.com\/fairfaxcryobank\/\",\"https:\/\/www.pinterest.com\/fairfaxcryo\/\"]}]}<\/script>\n<!-- \/ Yoast SEO plugin. -->","yoast_head_json":{"title":"Informacoes dos doadores | Fairfax Cryobank","description":"Looking for a sperm donor with pictures or a certain personality trait? Learn more about Fairfax Cryobank's sperm donor informational products that help guide your selection process.","robots":{"index":"index","follow":"follow","max-snippet":"max-snippet:-1","max-image-preview":"max-image-preview:large","max-video-preview":"max-video-preview:-1"},"canonical":"https:\/\/fairfaxcryobank.com\/br\/informacoes-dos-doadores","og_locale":"pt_BR","og_type":"article","og_title":"Informacoes dos doadores | Fairfax Cryobank","og_description":"Looking for a sperm donor with pictures or a certain personality trait? Learn more about Fairfax Cryobank's sperm donor informational products that help guide your selection process.","og_url":"https:\/\/fairfaxcryobank.com\/br\/informacoes-dos-doadores","og_site_name":"Fairfax Cryobank - Find a Sperm Donor","article_publisher":"https:\/\/www.facebook.com\/fairfax.cryobank","article_modified_time":"2022-02-23T19:20:53+00:00","twitter_card":"summary_large_image","twitter_site":"@FairfaxCryobank","twitter_misc":{"Est. tempo de leitura":"5 minutos"},"schema":{"@context":"https:\/\/schema.org","@graph":[{"@type":"WebPage","@id":"https:\/\/fairfaxcryobank.com\/br\/informacoes-dos-doadores","url":"https:\/\/fairfaxcryobank.com\/br\/informacoes-dos-doadores","name":"Informacoes dos doadores | Fairfax Cryobank","isPartOf":{"@id":"https:\/\/fairfaxcryobank.com\/br#website"},"datePublished":"2019-09-03T08:47:27+00:00","dateModified":"2022-02-23T19:20:53+00:00","description":"Looking for a sperm donor with pictures or a certain personality trait? Learn more about Fairfax Cryobank's sperm donor informational products that help guide your selection process.","breadcrumb":{"@id":"https:\/\/fairfaxcryobank.com\/br\/informacoes-dos-doadores#breadcrumb"},"inLanguage":"pt-BR","potentialAction":[{"@type":"ReadAction","target":["https:\/\/fairfaxcryobank.com\/br\/informacoes-dos-doadores"]}]},{"@type":"BreadcrumbList","@id":"https:\/\/fairfaxcryobank.com\/br\/informacoes-dos-doadores#breadcrumb","itemListElement":[{"@type":"ListItem","position":1,"name":"Home","item":"https:\/\/fairfaxcryobank.com\/br"},{"@type":"ListItem","position":2,"name":"Informacoes dos doadores"}]},{"@type":"WebSite","@id":"https:\/\/fairfaxcryobank.com\/br#website","url":"https:\/\/fairfaxcryobank.com\/br","name":"Fairfax Cryobank - Find a Sperm Donor","description":"Top-Tier Sperm Bank","publisher":{"@id":"https:\/\/fairfaxcryobank.com\/br#organization"},"potentialAction":[{"@type":"SearchAction","target":{"@type":"EntryPoint","urlTemplate":"https:\/\/fairfaxcryobank.com\/br?s={search_term_string}"},"query-input":{"@type":"PropertyValueSpecification","valueRequired":true,"valueName":"search_term_string"}}],"inLanguage":"pt-BR"},{"@type":"Organization","@id":"https:\/\/fairfaxcryobank.com\/br#organization","name":"Fairfax Cryobank","url":"https:\/\/fairfaxcryobank.com\/br","logo":{"@type":"ImageObject","inLanguage":"pt-BR","@id":"https:\/\/fairfaxcryobank.com\/br#\/schema\/logo\/image\/","url":"https:\/\/fairfaxcryobank.com\/wp-content\/uploads\/logo.webp","contentUrl":"https:\/\/fairfaxcryobank.com\/wp-content\/uploads\/logo.webp","width":1,"height":1,"caption":"Fairfax Cryobank"},"image":{"@id":"https:\/\/fairfaxcryobank.com\/br#\/schema\/logo\/image\/"},"sameAs":["https:\/\/www.facebook.com\/fairfax.cryobank","https:\/\/x.com\/FairfaxCryobank","https:\/\/www.instagram.com\/fairfaxcryobank\/","https:\/\/www.pinterest.com\/fairfaxcryo\/"]}]}},"post_mailing_queue_ids":[],"_links":{"self":[{"href":"https:\/\/fairfaxcryobank.com\/br\/wp-json\/wp\/v2\/pages\/1896","targetHints":{"allow":["GET"]}}],"collection":[{"href":"https:\/\/fairfaxcryobank.com\/br\/wp-json\/wp\/v2\/pages"}],"about":[{"href":"https:\/\/fairfaxcryobank.com\/br\/wp-json\/wp\/v2\/types\/page"}],"author":[{"embeddable":true,"href":"https:\/\/fairfaxcryobank.com\/br\/wp-json\/wp\/v2\/users\/1"}],"replies":[{"embeddable":true,"href":"https:\/\/fairfaxcryobank.com\/br\/wp-json\/wp\/v2\/comments?post=1896"}],"version-history":[{"count":4,"href":"https:\/\/fairfaxcryobank.com\/br\/wp-json\/wp\/v2\/pages\/1896\/revisions"}],"predecessor-version":[{"id":20537,"href":"https:\/\/fairfaxcryobank.com\/br\/wp-json\/wp\/v2\/pages\/1896\/revisions\/20537"}],"wp:attachment":[{"href":"https:\/\/fairfaxcryobank.com\/br\/wp-json\/wp\/v2\/media?parent=1896"}],"curies":[{"name":"wp","href":"https:\/\/api.w.org\/{rel}","templated":true}]}}