{"id":1898,"date":"2015-05-11T09:32:41","date_gmt":"2015-05-11T09:32:41","guid":{"rendered":"https:\/\/fairfaxcryobank.com\/?page_id=1898"},"modified":"2022-02-24T13:41:11","modified_gmt":"2022-02-24T18:41:11","slug":"triagem-dos-doadores","status":"publish","type":"page","link":"https:\/\/fairfaxcryobank.com\/br\/triagem-dos-doadores","title":{"rendered":"Triagem dos Doadores"},"content":{"rendered":"\n<h3 class=\"wp-block-heading\"><strong>Requisitos Rigorosos para Doadores de S\u00eamen do Fairfax<\/strong><\/h3>\n\n\n\n<p>O processo de triagem \u00e9 intencionalmente projetado para ser extenso e ent\u00e3o retirar qualquer candidato que n\u00e3o atenda aos nossos padr\u00f5es.<\/p>\n\n\n\n<p>Os requisitos de triagem para os doadores de esperma incluem:<\/p>\n\n\n\n<ul class=\"wp-block-list\"><li>Extenso question\u00e1rio de sa\u00fade<\/li><li>Exame f\u00edsico<\/li><li>Testes m\u00e9dicos, gen\u00e9ticos e de doen\u00e7as infecciosas<\/li><li>Avalia\u00e7\u00e3o da qualidade do s\u00eamen<\/li><li>Entrevistas presenciais com a equipe<\/li><li>Verifica\u00e7\u00e3o do grau de escolaridade<\/li><li>Verifica\u00e7\u00e3o de antecedentes criminais (iniciada em 2013)<\/li><li>Avalia\u00e7\u00f5es psicol\u00f3gicas (iniciada em 2017)<\/li><li>Testes de doen\u00e7as f\u00edsicas e infecciosas durante o per\u00edodo de atividade do doador<\/li><\/ul>\n\n\n\n<h3 class=\"wp-block-heading\"><strong>V\u00eddeo de Triagem para Doadores de S\u00eamen<\/strong><\/h3>\n\n\n\n<figure class=\"wp-block-embed-youtube wp-block-embed is-type-video is-provider-youtube wp-embed-aspect-16-9 wp-has-aspect-ratio\"><div class=\"wp-block-embed__wrapper\">\n<iframe loading=\"lazy\" title=\"Sperm Donor Testing with Fairfax Cryobank\" width=\"500\" height=\"281\" src=\"https:\/\/www.youtube.com\/embed\/vJ39snS-DqA?feature=oembed\" frameborder=\"0\" allow=\"accelerometer; autoplay; clipboard-write; encrypted-media; gyroscope; picture-in-picture; web-share\" referrerpolicy=\"strict-origin-when-cross-origin\" allowfullscreen><\/iframe>\n<\/div><\/figure>\n\n\n\n<p><strong>Avalia\u00e7\u00e3o Preliminar<\/strong>:<\/p>\n\n\n\n<p>Todos os candidatos a doador devem ter entre 18 e 39 anos de idade. \u00c9 necess\u00e1rio que os candidatos preencham uma ficha de inscri\u00e7\u00e3o, que inclui o hist\u00f3rico m\u00e9dico e gen\u00e9tico do candidato e de seus familiares, al\u00e9m de disso, tamb\u00e9m \u00e9 necess\u00e1rio um documento de consentimento e libera\u00e7\u00e3o das amostras de s\u00eamen. Cada inscri\u00e7\u00e3o \u00e9 reavaliada durante a entrevista presencial com o candidato. Os candidatos que n\u00e3o est\u00e3o no grupo de risco de contra\u00e7\u00e3o de AIDS e que n\u00e3o tem um hist\u00f3rico anterior de contra\u00e7\u00e3o de doen\u00e7as infecciosas transmiss\u00edveis s\u00e3o solicitados a submeter no m\u00ednimo duas amostras de esperma para an\u00e1lise.<\/p>\n\n\n\n<p><strong>An\u00e1lise do S\u00eamen<\/strong>:<\/p>\n\n\n\n<p>Em cada amostra doada, \u00e9 realizada um completo espermograma que avalia volume, ph, quantidade, mobilidade, progress\u00e3o, viabilidade, anormalidade e quantidade de c\u00e9lulas brancas. As amostras s\u00e3o vitrificadas e em seguida descongeladas para uma an\u00e1lise p\u00f3s-descongelamento. Qualquer candidato que as amostras de s\u00eamen n\u00e3o alcancem um padr\u00e3o m\u00ednimo p\u00f3s-descongelamento de 20 milh\u00f5es de c\u00e9lulas com mobilidade por mililitro, s\u00e3o exclu\u00eddos do processo de triagem.<\/p>\n\n\n\n<p><strong>Avalia\u00e7\u00e3o de Doen\u00e7as Infecciosas<\/strong>:<\/p>\n\n\n\n<p>Duas t\u00e9cnicas s\u00e3o usadas para detectar doen\u00e7as infecciosas. Uma delas \u00e9 o teste sorol\u00f3gico-padr\u00e3o industrial, que procura pelos anticorpos. A outra metodologia, extensivamente utilizada no Fairfax Cryobank \u00e9 o teste de Rea\u00e7\u00e3o em Cadeia de Polimerase (PCR), tamb\u00e9m chamado de NAT para Teste \u00c1cido Nucleico, um teste muito mais sens\u00edvel que usa t\u00e9cnicas de gen\u00e9tica molecular para identificar a presen\u00e7a do DNA do agente infeccioso. <a href=\"https:\/\/fairfaxcryobank.com\/br\/teste-de-doencas-infecciosas\">Clique aqui para ver a lista atual de testes infecciosos realizados nos nossos doadores.<\/a><\/p>\n\n\n\n<p><strong>Avalia\u00e7\u00e3o M\u00e9dica e Gen\u00e9tica<\/strong>:<\/p>\n\n\n\n<p>Cada candidato passa por uma avalia\u00e7\u00e3o f\u00edsica completa e seu hist\u00f3rico m\u00e9dico e gen\u00e9tico \u00e9 avaliado por um geneticista cl\u00ednico. \u00c9 de suma import\u00e2ncia ter o conhecimento amplo e profundo das condi\u00e7\u00f5es gen\u00e9ticas e da heran\u00e7a gen\u00e9tica para que se possa realizar a melhor avalia\u00e7\u00e3o de um doador sobre suas condi\u00e7\u00f5es heredit\u00e1rias. O Fairfax Cryobank possui um grupo de especialistas qualificados e certificados de geneticistas cl\u00ednicos para a avalia\u00e7\u00e3o do hist\u00f3rico do doador e dos familiares, assim como para fornecer a revis\u00e3o dos resultados das avalia\u00e7\u00f5es gen\u00e9ticas feitas em todos os candidatos a doadores. Qualquer candidato com um hist\u00f3rico familiar que o coloque em um risco acima da m\u00e9dia, como poss\u00edvel transmissor de um problema gen\u00e9tico \u00e9 eliminado no Testes de Doen\u00e7as Gen\u00e9ticas.<\/p>\n\n\n\n<p>Para a lista atual: <a href=\"https:\/\/fairfaxcryobank.com\/br\/teste-de-doencas-geneticas\">Teste de Doen\u00e7as Gen\u00e9ticas.<\/a><\/p>\n\n\n\n<p><strong>Teste p\u00f3s-aceita\u00e7\u00e3o:<\/strong><\/p>\n\n\n\n<p>Uma vez que um candidato \u00e9 aceito no programa de doadores, cada amostra de s\u00eamen \u00e9 avaliada individualmente tanto no pr\u00e9-congelamento quanto no p\u00f3s-descongelamento. Qualquer amostra que n\u00e3o atenda aos requisitos m\u00ednimos do padr\u00e3o \u00e9 descartada. Todas as amostras s\u00e3o colocadas em quarentena por seis meses e o doador \u00e9 testado novamente para HIV-1, HIV-2, HTLV-I e II, ant\u00edgeno de superf\u00edcie da hepatite B, hepatite C, s\u00edfilis, citomegalov\u00edrus, neisseria gonorrhoeae (gonococo) e clam\u00eddia antes da libera\u00e7\u00e3o para uso.<\/p>\n\n\n\n<p><strong><a href=\"https:\/\/fairfaxcryobank.com\/br\/avalicao-continua-dos-doadores\">Relat\u00f3rios de Condi\u00e7\u00f5es M\u00e9dicas em Descendentes de Doadores:<\/a><\/strong><\/p>\n\n\n\n<p>O Fairfax Cryobank est\u00e1 comprometido em fornecer s\u00eamen de doadores com capacidade de produzir beb\u00eas saud\u00e1veis. No entanto, em geral, toda gravidez tem um risco de cerca de 3% a 4% de serem produzidas crian\u00e7as com algum tipo de defici\u00eancia. Nossa extensa triagem e testes reduzem esse risco, mas n\u00e3o podem elimin\u00e1-lo.<\/p>\n\n\n\n<p>Pedimos aos m\u00e9dicos e clientes que nos notifiquem sempre que acreditarem que uma crian\u00e7a concebida com o s\u00eamen de um doador tenha alguma condi\u00e7\u00e3o m\u00e9dica. Nos raros casos em que recebemos tal notifica\u00e7\u00e3o, removemos imediatamente esse doador e investigamos a den\u00fancia. Coletamos cuidadosamente o m\u00e1ximo de informa\u00e7\u00f5es poss\u00edvel sobre qualquer condi\u00e7\u00e3o relatada, solicitando o diagn\u00f3stico de um m\u00e9dico e o hist\u00f3rico familiar da m\u00e3e.<\/p>\n\n\n\n<p>O diretor m\u00e9dico do Fairfax Cryobank EUA \u00e9 um m\u00e9dico certificado pelo Conselho em Pediatria e Gen\u00e9tica Cl\u00ednica EUA. Ele avalia cuidadosamente todos os relatos cl\u00ednicos adversos. Se puder ser feito um teste adicional do doador (nem todas as condi\u00e7\u00f5es m\u00e9dicas t\u00eam um simples exame de sangue ou amostra) que possa identificar ou ajudar a esclarecer o papel do doador, ele o solicita. Se nosso Diretor M\u00e9dico determinar que o uso do doador pode aumentar o risco de ocorr\u00eancia de uma condi\u00e7\u00e3o m\u00e9dica e\/ou defeito de nascimento acima do risco na popula\u00e7\u00e3o em geral, restringiremos esse doador, o que significa que seu esperma n\u00e3o est\u00e1 mais dispon\u00edvel para venda para o p\u00fablico em geral.<\/p>\n\n\n\n<p>No entanto, em determinadas circunst\u00e2ncias, permitiremos que esse doador permane\u00e7a dispon\u00edvel apenas para clientes que j\u00e1 tenham um filho do mesmo doador, permitindo-lhes a op\u00e7\u00e3o de tentar ter um irm\u00e3o biol\u00f3gico de seu filho. Aqueles indiv\u00edduos que desejam ter um irm\u00e3o biol\u00f3gico para seu filho devem assinar um consentimento informativo que descreva a condi\u00e7\u00e3o cl\u00ednica e os riscos associados a ela antes de poderem comprar qualquer uma dessas unidades do doador para futuras insemina\u00e7\u00f5es. O aconselhamento gen\u00e9tico \u00e9 recomendado para que aqueles que desejam utilizar um doador restrito possam ter suas d\u00favidas esclarecidas antes de tomar a decis\u00e3o de assinar o consentimento informativo. Os clientes e seus m\u00e9dicos podem ent\u00e3o avaliar se \u00e9 apropriado usar esse doador.<\/p>\n\n\n\n<p>O Fairfax Cryobank \u00e9 l\u00edder na triagem e teste de seus doadores. Fazemos o poss\u00edvel para fornecer informa\u00e7\u00f5es \u00e0s futuras m\u00e3es de crian\u00e7as concebidas por meio de insemina\u00e7\u00e3o artificial, garantindo ent\u00e3o, que elas e seus m\u00e9dicos possam tomar as melhores decis\u00f5es sobre a sele\u00e7\u00e3o de um doador e a sa\u00fade futura de seus filhos.<\/p>\n","protected":false},"excerpt":{"rendered":"<p>Requisitos Rigorosos para Doadores de S\u00eamen do Fairfax O processo de triagem \u00e9 intencionalmente projetado para ser extenso e ent\u00e3o retirar qualquer candidato que n\u00e3o atenda aos nossos padr\u00f5es. Os requisitos de triagem para os doadores de esperma incluem: Extenso question\u00e1rio de sa\u00fade Exame f\u00edsico Testes m\u00e9dicos, gen\u00e9ticos e de &#8230;<\/p>\n","protected":false},"author":1,"featured_media":1562,"parent":0,"menu_order":0,"comment_status":"closed","ping_status":"closed","template":"","meta":{"footnotes":""},"class_list":["post-1898","page","type-page","status-publish","has-post-thumbnail","hentry"],"yoast_head":"<!-- This site is optimized with the Yoast SEO plugin v27.1.1 - https:\/\/yoast.com\/product\/yoast-seo-wordpress\/ -->\n<title>Triagem dos Doadores | Fairfax Cryobank - Find a Sperm Donor<\/title>\n<meta name=\"description\" content=\"Fairfax Cryobank is the industry-leader for sperm donor screening requirements. Read why only 1% of potential donors make it in the program.\" \/>\n<meta name=\"robots\" content=\"index, follow, max-snippet:-1, max-image-preview:large, max-video-preview:-1\" \/>\n<link rel=\"canonical\" href=\"https:\/\/fairfaxcryobank.com\/br\/triagem-dos-doadores\" \/>\n<meta property=\"og:locale\" content=\"pt_BR\" \/>\n<meta property=\"og:type\" content=\"article\" \/>\n<meta property=\"og:title\" content=\"Triagem dos Doadores | Fairfax Cryobank - Find a Sperm Donor\" \/>\n<meta property=\"og:description\" content=\"Fairfax Cryobank is the industry-leader for sperm donor screening requirements. Read why only 1% of potential donors make it in the program.\" \/>\n<meta property=\"og:url\" content=\"https:\/\/fairfaxcryobank.com\/br\/triagem-dos-doadores\" \/>\n<meta property=\"og:site_name\" content=\"Fairfax Cryobank - Find a Sperm Donor\" \/>\n<meta property=\"article:publisher\" content=\"https:\/\/www.facebook.com\/fairfax.cryobank\" \/>\n<meta property=\"article:modified_time\" content=\"2022-02-24T18:41:11+00:00\" \/>\n<meta property=\"og:image\" content=\"https:\/\/fairfaxcryobank.com\/wp-content\/uploads\/fairfax-cryobank-donor-sperm.jpg\" \/>\n\t<meta property=\"og:image:width\" content=\"1000\" \/>\n\t<meta property=\"og:image:height\" content=\"500\" \/>\n\t<meta property=\"og:image:type\" content=\"image\/jpeg\" \/>\n<meta name=\"twitter:card\" content=\"summary_large_image\" \/>\n<meta name=\"twitter:site\" content=\"@FairfaxCryobank\" \/>\n<meta name=\"twitter:label1\" content=\"Est. tempo de leitura\" \/>\n\t<meta name=\"twitter:data1\" content=\"6 minutos\" \/>\n<script type=\"application\/ld+json\" class=\"yoast-schema-graph\">{\"@context\":\"https:\/\/schema.org\",\"@graph\":[{\"@type\":\"WebPage\",\"@id\":\"https:\/\/fairfaxcryobank.com\/br\/triagem-dos-doadores\",\"url\":\"https:\/\/fairfaxcryobank.com\/br\/triagem-dos-doadores\",\"name\":\"Triagem dos Doadores | Fairfax Cryobank - Find a Sperm Donor\",\"isPartOf\":{\"@id\":\"https:\/\/fairfaxcryobank.com\/br#website\"},\"primaryImageOfPage\":{\"@id\":\"https:\/\/fairfaxcryobank.com\/br\/triagem-dos-doadores#primaryimage\"},\"image\":{\"@id\":\"https:\/\/fairfaxcryobank.com\/br\/triagem-dos-doadores#primaryimage\"},\"thumbnailUrl\":\"https:\/\/fairfaxcryobank.com\/wp-content\/uploads\/fairfax-cryobank-donor-sperm.jpg\",\"datePublished\":\"2015-05-11T09:32:41+00:00\",\"dateModified\":\"2022-02-24T18:41:11+00:00\",\"description\":\"Fairfax Cryobank is the industry-leader for sperm donor screening requirements. Read why only 1% of potential donors make it in the program.\",\"breadcrumb\":{\"@id\":\"https:\/\/fairfaxcryobank.com\/br\/triagem-dos-doadores#breadcrumb\"},\"inLanguage\":\"pt-BR\",\"potentialAction\":[{\"@type\":\"ReadAction\",\"target\":[\"https:\/\/fairfaxcryobank.com\/br\/triagem-dos-doadores\"]}]},{\"@type\":\"ImageObject\",\"inLanguage\":\"pt-BR\",\"@id\":\"https:\/\/fairfaxcryobank.com\/br\/triagem-dos-doadores#primaryimage\",\"url\":\"https:\/\/fairfaxcryobank.com\/wp-content\/uploads\/fairfax-cryobank-donor-sperm.jpg\",\"contentUrl\":\"https:\/\/fairfaxcryobank.com\/wp-content\/uploads\/fairfax-cryobank-donor-sperm.jpg\",\"width\":1000,\"height\":500,\"caption\":\"S\u00eamen de doador\"},{\"@type\":\"BreadcrumbList\",\"@id\":\"https:\/\/fairfaxcryobank.com\/br\/triagem-dos-doadores#breadcrumb\",\"itemListElement\":[{\"@type\":\"ListItem\",\"position\":1,\"name\":\"Home\",\"item\":\"https:\/\/fairfaxcryobank.com\/br\"},{\"@type\":\"ListItem\",\"position\":2,\"name\":\"Triagem dos Doadores\"}]},{\"@type\":\"WebSite\",\"@id\":\"https:\/\/fairfaxcryobank.com\/br#website\",\"url\":\"https:\/\/fairfaxcryobank.com\/br\",\"name\":\"Fairfax Cryobank - Find a Sperm Donor\",\"description\":\"Top-Tier Sperm Bank\",\"publisher\":{\"@id\":\"https:\/\/fairfaxcryobank.com\/br#organization\"},\"potentialAction\":[{\"@type\":\"SearchAction\",\"target\":{\"@type\":\"EntryPoint\",\"urlTemplate\":\"https:\/\/fairfaxcryobank.com\/br?s={search_term_string}\"},\"query-input\":{\"@type\":\"PropertyValueSpecification\",\"valueRequired\":true,\"valueName\":\"search_term_string\"}}],\"inLanguage\":\"pt-BR\"},{\"@type\":\"Organization\",\"@id\":\"https:\/\/fairfaxcryobank.com\/br#organization\",\"name\":\"Fairfax Cryobank\",\"url\":\"https:\/\/fairfaxcryobank.com\/br\",\"logo\":{\"@type\":\"ImageObject\",\"inLanguage\":\"pt-BR\",\"@id\":\"https:\/\/fairfaxcryobank.com\/br#\/schema\/logo\/image\/\",\"url\":\"https:\/\/fairfaxcryobank.com\/wp-content\/uploads\/logo.webp\",\"contentUrl\":\"https:\/\/fairfaxcryobank.com\/wp-content\/uploads\/logo.webp\",\"width\":1,\"height\":1,\"caption\":\"Fairfax Cryobank\"},\"image\":{\"@id\":\"https:\/\/fairfaxcryobank.com\/br#\/schema\/logo\/image\/\"},\"sameAs\":[\"https:\/\/www.facebook.com\/fairfax.cryobank\",\"https:\/\/x.com\/FairfaxCryobank\",\"https:\/\/www.instagram.com\/fairfaxcryobank\/\",\"https:\/\/www.pinterest.com\/fairfaxcryo\/\"]}]}<\/script>\n<!-- \/ Yoast SEO plugin. -->","yoast_head_json":{"title":"Triagem dos Doadores | Fairfax Cryobank - Find a Sperm Donor","description":"Fairfax Cryobank is the industry-leader for sperm donor screening requirements. Read why only 1% of potential donors make it in the program.","robots":{"index":"index","follow":"follow","max-snippet":"max-snippet:-1","max-image-preview":"max-image-preview:large","max-video-preview":"max-video-preview:-1"},"canonical":"https:\/\/fairfaxcryobank.com\/br\/triagem-dos-doadores","og_locale":"pt_BR","og_type":"article","og_title":"Triagem dos Doadores | Fairfax Cryobank - Find a Sperm Donor","og_description":"Fairfax Cryobank is the industry-leader for sperm donor screening requirements. Read why only 1% of potential donors make it in the program.","og_url":"https:\/\/fairfaxcryobank.com\/br\/triagem-dos-doadores","og_site_name":"Fairfax Cryobank - Find a Sperm Donor","article_publisher":"https:\/\/www.facebook.com\/fairfax.cryobank","article_modified_time":"2022-02-24T18:41:11+00:00","og_image":[{"width":1000,"height":500,"url":"https:\/\/fairfaxcryobank.com\/wp-content\/uploads\/fairfax-cryobank-donor-sperm.jpg","type":"image\/jpeg"}],"twitter_card":"summary_large_image","twitter_site":"@FairfaxCryobank","twitter_misc":{"Est. tempo de leitura":"6 minutos"},"schema":{"@context":"https:\/\/schema.org","@graph":[{"@type":"WebPage","@id":"https:\/\/fairfaxcryobank.com\/br\/triagem-dos-doadores","url":"https:\/\/fairfaxcryobank.com\/br\/triagem-dos-doadores","name":"Triagem dos Doadores | Fairfax Cryobank - Find a Sperm Donor","isPartOf":{"@id":"https:\/\/fairfaxcryobank.com\/br#website"},"primaryImageOfPage":{"@id":"https:\/\/fairfaxcryobank.com\/br\/triagem-dos-doadores#primaryimage"},"image":{"@id":"https:\/\/fairfaxcryobank.com\/br\/triagem-dos-doadores#primaryimage"},"thumbnailUrl":"https:\/\/fairfaxcryobank.com\/wp-content\/uploads\/fairfax-cryobank-donor-sperm.jpg","datePublished":"2015-05-11T09:32:41+00:00","dateModified":"2022-02-24T18:41:11+00:00","description":"Fairfax Cryobank is the industry-leader for sperm donor screening requirements. Read why only 1% of potential donors make it in the program.","breadcrumb":{"@id":"https:\/\/fairfaxcryobank.com\/br\/triagem-dos-doadores#breadcrumb"},"inLanguage":"pt-BR","potentialAction":[{"@type":"ReadAction","target":["https:\/\/fairfaxcryobank.com\/br\/triagem-dos-doadores"]}]},{"@type":"ImageObject","inLanguage":"pt-BR","@id":"https:\/\/fairfaxcryobank.com\/br\/triagem-dos-doadores#primaryimage","url":"https:\/\/fairfaxcryobank.com\/wp-content\/uploads\/fairfax-cryobank-donor-sperm.jpg","contentUrl":"https:\/\/fairfaxcryobank.com\/wp-content\/uploads\/fairfax-cryobank-donor-sperm.jpg","width":1000,"height":500,"caption":"S\u00eamen de doador"},{"@type":"BreadcrumbList","@id":"https:\/\/fairfaxcryobank.com\/br\/triagem-dos-doadores#breadcrumb","itemListElement":[{"@type":"ListItem","position":1,"name":"Home","item":"https:\/\/fairfaxcryobank.com\/br"},{"@type":"ListItem","position":2,"name":"Triagem dos Doadores"}]},{"@type":"WebSite","@id":"https:\/\/fairfaxcryobank.com\/br#website","url":"https:\/\/fairfaxcryobank.com\/br","name":"Fairfax Cryobank - Find a Sperm Donor","description":"Top-Tier Sperm Bank","publisher":{"@id":"https:\/\/fairfaxcryobank.com\/br#organization"},"potentialAction":[{"@type":"SearchAction","target":{"@type":"EntryPoint","urlTemplate":"https:\/\/fairfaxcryobank.com\/br?s={search_term_string}"},"query-input":{"@type":"PropertyValueSpecification","valueRequired":true,"valueName":"search_term_string"}}],"inLanguage":"pt-BR"},{"@type":"Organization","@id":"https:\/\/fairfaxcryobank.com\/br#organization","name":"Fairfax Cryobank","url":"https:\/\/fairfaxcryobank.com\/br","logo":{"@type":"ImageObject","inLanguage":"pt-BR","@id":"https:\/\/fairfaxcryobank.com\/br#\/schema\/logo\/image\/","url":"https:\/\/fairfaxcryobank.com\/wp-content\/uploads\/logo.webp","contentUrl":"https:\/\/fairfaxcryobank.com\/wp-content\/uploads\/logo.webp","width":1,"height":1,"caption":"Fairfax Cryobank"},"image":{"@id":"https:\/\/fairfaxcryobank.com\/br#\/schema\/logo\/image\/"},"sameAs":["https:\/\/www.facebook.com\/fairfax.cryobank","https:\/\/x.com\/FairfaxCryobank","https:\/\/www.instagram.com\/fairfaxcryobank\/","https:\/\/www.pinterest.com\/fairfaxcryo\/"]}]}},"post_mailing_queue_ids":[],"_links":{"self":[{"href":"https:\/\/fairfaxcryobank.com\/br\/wp-json\/wp\/v2\/pages\/1898","targetHints":{"allow":["GET"]}}],"collection":[{"href":"https:\/\/fairfaxcryobank.com\/br\/wp-json\/wp\/v2\/pages"}],"about":[{"href":"https:\/\/fairfaxcryobank.com\/br\/wp-json\/wp\/v2\/types\/page"}],"author":[{"embeddable":true,"href":"https:\/\/fairfaxcryobank.com\/br\/wp-json\/wp\/v2\/users\/1"}],"replies":[{"embeddable":true,"href":"https:\/\/fairfaxcryobank.com\/br\/wp-json\/wp\/v2\/comments?post=1898"}],"version-history":[{"count":4,"href":"https:\/\/fairfaxcryobank.com\/br\/wp-json\/wp\/v2\/pages\/1898\/revisions"}],"predecessor-version":[{"id":20540,"href":"https:\/\/fairfaxcryobank.com\/br\/wp-json\/wp\/v2\/pages\/1898\/revisions\/20540"}],"wp:featuredmedia":[{"embeddable":true,"href":"https:\/\/fairfaxcryobank.com\/br\/wp-json\/wp\/v2\/media\/1562"}],"wp:attachment":[{"href":"https:\/\/fairfaxcryobank.com\/br\/wp-json\/wp\/v2\/media?parent=1898"}],"curies":[{"name":"wp","href":"https:\/\/api.w.org\/{rel}","templated":true}]}}