{"id":1900,"date":"2015-05-08T13:06:33","date_gmt":"2015-05-08T13:06:33","guid":{"rendered":"https:\/\/fairfaxcryobank.com\/?page_id=1900"},"modified":"2022-02-17T13:52:25","modified_gmt":"2022-02-17T18:52:25","slug":"profissionais-medicos","status":"publish","type":"page","link":"https:\/\/fairfaxcryobank.com\/br\/profissionais-medicos","title":{"rendered":"Profissionais M\u00e9dicos"},"content":{"rendered":"\n<h2 class=\"wp-block-heading\">Valorizamos nossos relacionamentos com profissionais de Reprodu\u00e7\u00e3o Assistida (ART)<\/h2>\n\n\n\n<p>O Fairfax Cryobank tem a honra de trabalhar em parceria com cl\u00ednicas de fertiliza\u00e7\u00e3o e reprodu\u00e7\u00e3o assistida em todo o mundo, ajudando a tornar realidade os sonhos dos nossos clientes de ter uma fam\u00edlia. Abaixo est\u00e3o alguns recursos para os parceiros cl\u00ednicos do nosso banco de s\u00eamen.<\/p>\n\n\n\n<div class=\"wp-block-cover has-background-dim\" style=\"background-image:url(https:\/\/fairfaxcryobank.com\/wp-content\/uploads\/IMG_6394-742-scaled.jpg);background-position:54% 19%\"><div class=\"wp-block-cover__inner-container is-layout-flow wp-block-cover-is-layout-flow\">\n<p class=\"has-text-align-center has-large-font-size\">Bem vindos, profissionais de fertilidade!<\/p>\n<\/div><\/div>\n\n\n\n<h3 class=\"wp-block-heading\"><strong>Recursos para M\u00e9dicos e Cl\u00ednicas de Fertiliza\u00e7\u00e3o<\/strong><\/h3>\n\n\n\n<ul class=\"wp-block-list\"><li><a href=\"https:\/\/fairfaxcryobank.com\/fairfax-cryobank-covid-and-sperm-donors_us\">COVID-19 e Doadores de S\u00eamen<\/a><\/li><li><a href=\"https:\/\/fairfaxcryobank.com\/br\/informacao-da-amostra\">Informa\u00e7\u00f5es da Amostra<\/a><\/li><li><a href=\"https:\/\/fairfaxcryobank.com\/br\/pregnancy-report-form\">Formul\u00e1rio de Informe de Gesta\u00e7\u00e3o<\/a><\/li><li><a href=\"https:\/\/fairfaxcryobank.com\/br\/qualidade-assegurada\">Garantia da Qualidade<\/a><\/li><li><a href=\"https:\/\/fairfaxcryobank.com\/br\/licenciamento\">Licenciamento<\/a><\/li><li><a href=\"https:\/\/fairfaxcryobank.com\/br\/procedimento-de-descongelamento\">Procedimento de Descongelamento<\/a><\/li><li><a href=\"https:\/\/fairfaxcryobank.com\/br\/triagem-dos-doadores\">Triagem dos Doadores<\/a><\/li><li><a href=\"https:\/\/fairfaxcryobank.com\/wp-content\/uploads\/GQ-005-F.001-List-of-Medical-Tests_WEB-3.pdf?x79962\">Teste de Doen\u00e7as Infecciosas<\/a><\/li><li><a href=\"https:\/\/fairfaxcryobank.com\/genetic-disease-testing\">Teste de Doen\u00e7as Gen\u00e9ticas<\/a><\/li><li><a href=\"https:\/\/fairfaxcryobank.com\/faqs\">Perguntas Frequentes<\/a><\/li><li><a href=\"https:\/\/fairfaxcryobank.com\/br\/avalicao-continua-dos-doadores\">Avalia\u00e7\u00e3o de Doadores e Descendentes<\/a><\/li><\/ul>\n\n\n\n<p><\/p>\n","protected":false},"excerpt":{"rendered":"<p>Valorizamos nossos relacionamentos com profissionais de Reprodu\u00e7\u00e3o Assistida (ART) O Fairfax Cryobank tem a honra de trabalhar em parceria com cl\u00ednicas de fertiliza\u00e7\u00e3o e reprodu\u00e7\u00e3o assistida em todo o mundo, ajudando a tornar realidade os sonhos dos nossos clientes de ter uma fam\u00edlia. Abaixo est\u00e3o alguns recursos para os parceiros &#8230;<\/p>\n","protected":false},"author":1,"featured_media":14309,"parent":0,"menu_order":0,"comment_status":"closed","ping_status":"closed","template":"","meta":{"footnotes":""},"class_list":["post-1900","page","type-page","status-publish","has-post-thumbnail","hentry"],"yoast_head":"<!-- This site is optimized with the Yoast SEO plugin v27.1.1 - https:\/\/yoast.com\/product\/yoast-seo-wordpress\/ -->\n<title>ART and Fertility Profissionais M\u00e9dicos | Fairfax Cryobank<\/title>\n<meta name=\"description\" content=\"ART fertility clinics and physicians should review Fairfax Cryobank&#039;s Medical Professional resources and forms to learn more.\" \/>\n<meta name=\"robots\" content=\"index, follow, max-snippet:-1, max-image-preview:large, max-video-preview:-1\" \/>\n<link rel=\"canonical\" href=\"https:\/\/fairfaxcryobank.com\/br\/profissionais-medicos\" \/>\n<meta property=\"og:locale\" content=\"pt_BR\" \/>\n<meta property=\"og:type\" content=\"article\" \/>\n<meta property=\"og:title\" content=\"ART and Fertility Profissionais M\u00e9dicos | Fairfax Cryobank\" \/>\n<meta property=\"og:description\" content=\"ART fertility clinics and physicians should review Fairfax Cryobank&#039;s Medical Professional resources and forms to learn more.\" \/>\n<meta property=\"og:url\" content=\"https:\/\/fairfaxcryobank.com\/br\/profissionais-medicos\" \/>\n<meta property=\"og:site_name\" content=\"Fairfax Cryobank - Find a Sperm Donor\" \/>\n<meta property=\"article:publisher\" content=\"https:\/\/www.facebook.com\/fairfax.cryobank\" \/>\n<meta property=\"article:modified_time\" content=\"2022-02-17T18:52:25+00:00\" \/>\n<meta property=\"og:image\" content=\"https:\/\/fairfaxcryobank.com\/wp-content\/uploads\/IMG_6394-742-1024x703.jpg\" \/>\n\t<meta property=\"og:image:width\" content=\"1024\" \/>\n\t<meta property=\"og:image:height\" content=\"703\" \/>\n\t<meta property=\"og:image:type\" content=\"image\/jpeg\" \/>\n<meta name=\"twitter:card\" content=\"summary_large_image\" \/>\n<meta name=\"twitter:site\" content=\"@FairfaxCryobank\" \/>\n<meta name=\"twitter:label1\" content=\"Est. tempo de leitura\" \/>\n\t<meta name=\"twitter:data1\" content=\"1 minuto\" \/>\n<script type=\"application\/ld+json\" class=\"yoast-schema-graph\">{\"@context\":\"https:\/\/schema.org\",\"@graph\":[{\"@type\":\"WebPage\",\"@id\":\"https:\/\/fairfaxcryobank.com\/br\/profissionais-medicos\",\"url\":\"https:\/\/fairfaxcryobank.com\/br\/profissionais-medicos\",\"name\":\"ART and Fertility Profissionais M\u00e9dicos | Fairfax Cryobank\",\"isPartOf\":{\"@id\":\"https:\/\/fairfaxcryobank.com\/br#website\"},\"primaryImageOfPage\":{\"@id\":\"https:\/\/fairfaxcryobank.com\/br\/profissionais-medicos#primaryimage\"},\"image\":{\"@id\":\"https:\/\/fairfaxcryobank.com\/br\/profissionais-medicos#primaryimage\"},\"thumbnailUrl\":\"https:\/\/fairfaxcryobank.com\/wp-content\/uploads\/IMG_6394-742.jpg\",\"datePublished\":\"2015-05-08T13:06:33+00:00\",\"dateModified\":\"2022-02-17T18:52:25+00:00\",\"description\":\"ART fertility clinics and physicians should review Fairfax Cryobank's Medical Professional resources and forms to learn more.\",\"breadcrumb\":{\"@id\":\"https:\/\/fairfaxcryobank.com\/br\/profissionais-medicos#breadcrumb\"},\"inLanguage\":\"pt-BR\",\"potentialAction\":[{\"@type\":\"ReadAction\",\"target\":[\"https:\/\/fairfaxcryobank.com\/br\/profissionais-medicos\"]}]},{\"@type\":\"ImageObject\",\"inLanguage\":\"pt-BR\",\"@id\":\"https:\/\/fairfaxcryobank.com\/br\/profissionais-medicos#primaryimage\",\"url\":\"https:\/\/fairfaxcryobank.com\/wp-content\/uploads\/IMG_6394-742.jpg\",\"contentUrl\":\"https:\/\/fairfaxcryobank.com\/wp-content\/uploads\/IMG_6394-742.jpg\",\"width\":2560,\"height\":1757,\"caption\":\"Portrait of a smiling female doctor\"},{\"@type\":\"BreadcrumbList\",\"@id\":\"https:\/\/fairfaxcryobank.com\/br\/profissionais-medicos#breadcrumb\",\"itemListElement\":[{\"@type\":\"ListItem\",\"position\":1,\"name\":\"Home\",\"item\":\"https:\/\/fairfaxcryobank.com\/br\"},{\"@type\":\"ListItem\",\"position\":2,\"name\":\"Profissionais M\u00e9dicos\"}]},{\"@type\":\"WebSite\",\"@id\":\"https:\/\/fairfaxcryobank.com\/br#website\",\"url\":\"https:\/\/fairfaxcryobank.com\/br\",\"name\":\"Fairfax Cryobank - Find a Sperm Donor\",\"description\":\"Top-Tier Sperm Bank\",\"publisher\":{\"@id\":\"https:\/\/fairfaxcryobank.com\/br#organization\"},\"potentialAction\":[{\"@type\":\"SearchAction\",\"target\":{\"@type\":\"EntryPoint\",\"urlTemplate\":\"https:\/\/fairfaxcryobank.com\/br?s={search_term_string}\"},\"query-input\":{\"@type\":\"PropertyValueSpecification\",\"valueRequired\":true,\"valueName\":\"search_term_string\"}}],\"inLanguage\":\"pt-BR\"},{\"@type\":\"Organization\",\"@id\":\"https:\/\/fairfaxcryobank.com\/br#organization\",\"name\":\"Fairfax Cryobank\",\"url\":\"https:\/\/fairfaxcryobank.com\/br\",\"logo\":{\"@type\":\"ImageObject\",\"inLanguage\":\"pt-BR\",\"@id\":\"https:\/\/fairfaxcryobank.com\/br#\/schema\/logo\/image\/\",\"url\":\"https:\/\/fairfaxcryobank.com\/wp-content\/uploads\/logo.webp\",\"contentUrl\":\"https:\/\/fairfaxcryobank.com\/wp-content\/uploads\/logo.webp\",\"width\":1,\"height\":1,\"caption\":\"Fairfax Cryobank\"},\"image\":{\"@id\":\"https:\/\/fairfaxcryobank.com\/br#\/schema\/logo\/image\/\"},\"sameAs\":[\"https:\/\/www.facebook.com\/fairfax.cryobank\",\"https:\/\/x.com\/FairfaxCryobank\",\"https:\/\/www.instagram.com\/fairfaxcryobank\/\",\"https:\/\/www.pinterest.com\/fairfaxcryo\/\"]}]}<\/script>\n<!-- \/ Yoast SEO plugin. -->","yoast_head_json":{"title":"ART and Fertility Profissionais M\u00e9dicos | Fairfax Cryobank","description":"ART fertility clinics and physicians should review Fairfax Cryobank's Medical Professional resources and forms to learn more.","robots":{"index":"index","follow":"follow","max-snippet":"max-snippet:-1","max-image-preview":"max-image-preview:large","max-video-preview":"max-video-preview:-1"},"canonical":"https:\/\/fairfaxcryobank.com\/br\/profissionais-medicos","og_locale":"pt_BR","og_type":"article","og_title":"ART and Fertility Profissionais M\u00e9dicos | Fairfax Cryobank","og_description":"ART fertility clinics and physicians should review Fairfax Cryobank's Medical Professional resources and forms to learn more.","og_url":"https:\/\/fairfaxcryobank.com\/br\/profissionais-medicos","og_site_name":"Fairfax Cryobank - Find a Sperm Donor","article_publisher":"https:\/\/www.facebook.com\/fairfax.cryobank","article_modified_time":"2022-02-17T18:52:25+00:00","og_image":[{"width":1024,"height":703,"url":"https:\/\/fairfaxcryobank.com\/wp-content\/uploads\/IMG_6394-742-1024x703.jpg","type":"image\/jpeg"}],"twitter_card":"summary_large_image","twitter_site":"@FairfaxCryobank","twitter_misc":{"Est. tempo de leitura":"1 minuto"},"schema":{"@context":"https:\/\/schema.org","@graph":[{"@type":"WebPage","@id":"https:\/\/fairfaxcryobank.com\/br\/profissionais-medicos","url":"https:\/\/fairfaxcryobank.com\/br\/profissionais-medicos","name":"ART and Fertility Profissionais M\u00e9dicos | Fairfax Cryobank","isPartOf":{"@id":"https:\/\/fairfaxcryobank.com\/br#website"},"primaryImageOfPage":{"@id":"https:\/\/fairfaxcryobank.com\/br\/profissionais-medicos#primaryimage"},"image":{"@id":"https:\/\/fairfaxcryobank.com\/br\/profissionais-medicos#primaryimage"},"thumbnailUrl":"https:\/\/fairfaxcryobank.com\/wp-content\/uploads\/IMG_6394-742.jpg","datePublished":"2015-05-08T13:06:33+00:00","dateModified":"2022-02-17T18:52:25+00:00","description":"ART fertility clinics and physicians should review Fairfax Cryobank's Medical Professional resources and forms to learn more.","breadcrumb":{"@id":"https:\/\/fairfaxcryobank.com\/br\/profissionais-medicos#breadcrumb"},"inLanguage":"pt-BR","potentialAction":[{"@type":"ReadAction","target":["https:\/\/fairfaxcryobank.com\/br\/profissionais-medicos"]}]},{"@type":"ImageObject","inLanguage":"pt-BR","@id":"https:\/\/fairfaxcryobank.com\/br\/profissionais-medicos#primaryimage","url":"https:\/\/fairfaxcryobank.com\/wp-content\/uploads\/IMG_6394-742.jpg","contentUrl":"https:\/\/fairfaxcryobank.com\/wp-content\/uploads\/IMG_6394-742.jpg","width":2560,"height":1757,"caption":"Portrait of a smiling female doctor"},{"@type":"BreadcrumbList","@id":"https:\/\/fairfaxcryobank.com\/br\/profissionais-medicos#breadcrumb","itemListElement":[{"@type":"ListItem","position":1,"name":"Home","item":"https:\/\/fairfaxcryobank.com\/br"},{"@type":"ListItem","position":2,"name":"Profissionais M\u00e9dicos"}]},{"@type":"WebSite","@id":"https:\/\/fairfaxcryobank.com\/br#website","url":"https:\/\/fairfaxcryobank.com\/br","name":"Fairfax Cryobank - Find a Sperm Donor","description":"Top-Tier Sperm Bank","publisher":{"@id":"https:\/\/fairfaxcryobank.com\/br#organization"},"potentialAction":[{"@type":"SearchAction","target":{"@type":"EntryPoint","urlTemplate":"https:\/\/fairfaxcryobank.com\/br?s={search_term_string}"},"query-input":{"@type":"PropertyValueSpecification","valueRequired":true,"valueName":"search_term_string"}}],"inLanguage":"pt-BR"},{"@type":"Organization","@id":"https:\/\/fairfaxcryobank.com\/br#organization","name":"Fairfax Cryobank","url":"https:\/\/fairfaxcryobank.com\/br","logo":{"@type":"ImageObject","inLanguage":"pt-BR","@id":"https:\/\/fairfaxcryobank.com\/br#\/schema\/logo\/image\/","url":"https:\/\/fairfaxcryobank.com\/wp-content\/uploads\/logo.webp","contentUrl":"https:\/\/fairfaxcryobank.com\/wp-content\/uploads\/logo.webp","width":1,"height":1,"caption":"Fairfax Cryobank"},"image":{"@id":"https:\/\/fairfaxcryobank.com\/br#\/schema\/logo\/image\/"},"sameAs":["https:\/\/www.facebook.com\/fairfax.cryobank","https:\/\/x.com\/FairfaxCryobank","https:\/\/www.instagram.com\/fairfaxcryobank\/","https:\/\/www.pinterest.com\/fairfaxcryo\/"]}]}},"post_mailing_queue_ids":[],"_links":{"self":[{"href":"https:\/\/fairfaxcryobank.com\/br\/wp-json\/wp\/v2\/pages\/1900","targetHints":{"allow":["GET"]}}],"collection":[{"href":"https:\/\/fairfaxcryobank.com\/br\/wp-json\/wp\/v2\/pages"}],"about":[{"href":"https:\/\/fairfaxcryobank.com\/br\/wp-json\/wp\/v2\/types\/page"}],"author":[{"embeddable":true,"href":"https:\/\/fairfaxcryobank.com\/br\/wp-json\/wp\/v2\/users\/1"}],"replies":[{"embeddable":true,"href":"https:\/\/fairfaxcryobank.com\/br\/wp-json\/wp\/v2\/comments?post=1900"}],"version-history":[{"count":6,"href":"https:\/\/fairfaxcryobank.com\/br\/wp-json\/wp\/v2\/pages\/1900\/revisions"}],"predecessor-version":[{"id":20397,"href":"https:\/\/fairfaxcryobank.com\/br\/wp-json\/wp\/v2\/pages\/1900\/revisions\/20397"}],"wp:featuredmedia":[{"embeddable":true,"href":"https:\/\/fairfaxcryobank.com\/br\/wp-json\/wp\/v2\/media\/14309"}],"wp:attachment":[{"href":"https:\/\/fairfaxcryobank.com\/br\/wp-json\/wp\/v2\/media?parent=1900"}],"curies":[{"name":"wp","href":"https:\/\/api.w.org\/{rel}","templated":true}]}}