{"id":1902,"date":"2015-06-12T09:28:50","date_gmt":"2015-06-12T09:28:50","guid":{"rendered":"https:\/\/fairfaxcryobank.com\/?page_id=1902"},"modified":"2022-02-17T13:38:47","modified_gmt":"2022-02-17T18:38:47","slug":"informe-de-gestacao","status":"publish","type":"page","link":"https:\/\/fairfaxcryobank.com\/br\/informe-de-gestacao","title":{"rendered":"Informe de Gesta\u00e7\u00e3o"},"content":{"rendered":"\n<h2 class=\"wp-block-heading\"><strong>Parab\u00e9ns!<\/strong><\/h2>\n\n\n\n<h3 class=\"wp-block-heading\"><strong>N\u00f3s gostamos quando somos informados de uma gravidez<\/strong>!<\/h3>\n\n\n\n<p>Agradecemos por voc\u00ea nos relatar sua gravidez usando um doador do Fairfax Cryobank. Isso nos ajuda a manter nossos registros atualizados para futuras Fam\u00edlias Fairfax.\u00a0<\/p>\n\n\n\n<p>Por favor, envie um email para <a href=\"mailto:contato@fairfaxcryobank.com.br\">contato@fairfaxcryobank.com.br<\/a>.<\/p>\n\n\n\n<p>Lembrando que se voc\u00ea utilizou um doador do tipo ID precisamos que informe, para que seu filho possa ter as informa\u00e7\u00f5es do doador ap\u00f3s o 18 anivers\u00e1rio.<\/p>\n\n\n\n<p>Se voc\u00ea tiver alguma d\u00favida sobre seu relat\u00f3rio de gravidez, entre em contato conosco.<\/p>\n\n\n\n<p><\/p>\n","protected":false},"excerpt":{"rendered":"<p>Parab\u00e9ns! N\u00f3s gostamos quando somos informados de uma gravidez! Agradecemos por voc\u00ea nos relatar sua gravidez usando um doador do Fairfax Cryobank. Isso nos ajuda a manter nossos registros atualizados para futuras Fam\u00edlias Fairfax.\u00a0 Por favor, envie um email para contato@fairfaxcryobank.com.br. Lembrando que se voc\u00ea utilizou um doador do tipo &#8230;<\/p>\n","protected":false},"author":1,"featured_media":0,"parent":0,"menu_order":0,"comment_status":"closed","ping_status":"closed","template":"","meta":{"footnotes":""},"class_list":["post-1902","page","type-page","status-publish","hentry"],"yoast_head":"<!-- This site is optimized with the Yoast SEO plugin v27.1.1 - https:\/\/yoast.com\/product\/yoast-seo-wordpress\/ -->\n<title>Informe de Gesta\u00e7\u00e3o | Fairfax Cryobank<\/title>\n<meta name=\"description\" content=\"Thank you for taking the time to report your pregnancy to Fairfax Cryobank! Your report helps us keep our records up to date for future Fairfax Families.\" \/>\n<meta name=\"robots\" content=\"index, follow, max-snippet:-1, max-image-preview:large, max-video-preview:-1\" \/>\n<link rel=\"canonical\" href=\"https:\/\/fairfaxcryobank.com\/br\/informe-de-gestacao\" \/>\n<meta property=\"og:locale\" content=\"pt_BR\" \/>\n<meta property=\"og:type\" content=\"article\" \/>\n<meta property=\"og:title\" content=\"Informe de Gesta\u00e7\u00e3o | Fairfax Cryobank\" \/>\n<meta property=\"og:description\" content=\"Thank you for taking the time to report your pregnancy to Fairfax Cryobank! Your report helps us keep our records up to date for future Fairfax Families.\" \/>\n<meta property=\"og:url\" content=\"https:\/\/fairfaxcryobank.com\/br\/informe-de-gestacao\" \/>\n<meta property=\"og:site_name\" content=\"Fairfax Cryobank - Find a Sperm Donor\" \/>\n<meta property=\"article:publisher\" content=\"https:\/\/www.facebook.com\/fairfax.cryobank\" \/>\n<meta property=\"article:modified_time\" content=\"2022-02-17T18:38:47+00:00\" \/>\n<meta name=\"twitter:card\" content=\"summary_large_image\" \/>\n<meta name=\"twitter:site\" content=\"@FairfaxCryobank\" \/>\n<script type=\"application\/ld+json\" class=\"yoast-schema-graph\">{\"@context\":\"https:\/\/schema.org\",\"@graph\":[{\"@type\":\"WebPage\",\"@id\":\"https:\/\/fairfaxcryobank.com\/br\/informe-de-gestacao\",\"url\":\"https:\/\/fairfaxcryobank.com\/br\/informe-de-gestacao\",\"name\":\"Informe de Gesta\u00e7\u00e3o | Fairfax Cryobank\",\"isPartOf\":{\"@id\":\"https:\/\/fairfaxcryobank.com\/br#website\"},\"datePublished\":\"2015-06-12T09:28:50+00:00\",\"dateModified\":\"2022-02-17T18:38:47+00:00\",\"description\":\"Thank you for taking the time to report your pregnancy to Fairfax Cryobank! Your report helps us keep our records up to date for future Fairfax Families.\",\"breadcrumb\":{\"@id\":\"https:\/\/fairfaxcryobank.com\/br\/informe-de-gestacao#breadcrumb\"},\"inLanguage\":\"pt-BR\",\"potentialAction\":[{\"@type\":\"ReadAction\",\"target\":[\"https:\/\/fairfaxcryobank.com\/br\/informe-de-gestacao\"]}]},{\"@type\":\"BreadcrumbList\",\"@id\":\"https:\/\/fairfaxcryobank.com\/br\/informe-de-gestacao#breadcrumb\",\"itemListElement\":[{\"@type\":\"ListItem\",\"position\":1,\"name\":\"Home\",\"item\":\"https:\/\/fairfaxcryobank.com\/br\"},{\"@type\":\"ListItem\",\"position\":2,\"name\":\"Informe de Gesta\u00e7\u00e3o\"}]},{\"@type\":\"WebSite\",\"@id\":\"https:\/\/fairfaxcryobank.com\/br#website\",\"url\":\"https:\/\/fairfaxcryobank.com\/br\",\"name\":\"Fairfax Cryobank - Find a Sperm Donor\",\"description\":\"Top-Tier Sperm Bank\",\"publisher\":{\"@id\":\"https:\/\/fairfaxcryobank.com\/br#organization\"},\"potentialAction\":[{\"@type\":\"SearchAction\",\"target\":{\"@type\":\"EntryPoint\",\"urlTemplate\":\"https:\/\/fairfaxcryobank.com\/br?s={search_term_string}\"},\"query-input\":{\"@type\":\"PropertyValueSpecification\",\"valueRequired\":true,\"valueName\":\"search_term_string\"}}],\"inLanguage\":\"pt-BR\"},{\"@type\":\"Organization\",\"@id\":\"https:\/\/fairfaxcryobank.com\/br#organization\",\"name\":\"Fairfax Cryobank\",\"url\":\"https:\/\/fairfaxcryobank.com\/br\",\"logo\":{\"@type\":\"ImageObject\",\"inLanguage\":\"pt-BR\",\"@id\":\"https:\/\/fairfaxcryobank.com\/br#\/schema\/logo\/image\/\",\"url\":\"https:\/\/fairfaxcryobank.com\/wp-content\/uploads\/logo.webp\",\"contentUrl\":\"https:\/\/fairfaxcryobank.com\/wp-content\/uploads\/logo.webp\",\"width\":1,\"height\":1,\"caption\":\"Fairfax Cryobank\"},\"image\":{\"@id\":\"https:\/\/fairfaxcryobank.com\/br#\/schema\/logo\/image\/\"},\"sameAs\":[\"https:\/\/www.facebook.com\/fairfax.cryobank\",\"https:\/\/x.com\/FairfaxCryobank\",\"https:\/\/www.instagram.com\/fairfaxcryobank\/\",\"https:\/\/www.pinterest.com\/fairfaxcryo\/\"]}]}<\/script>\n<!-- \/ Yoast SEO plugin. -->","yoast_head_json":{"title":"Informe de Gesta\u00e7\u00e3o | Fairfax Cryobank","description":"Thank you for taking the time to report your pregnancy to Fairfax Cryobank! Your report helps us keep our records up to date for future Fairfax Families.","robots":{"index":"index","follow":"follow","max-snippet":"max-snippet:-1","max-image-preview":"max-image-preview:large","max-video-preview":"max-video-preview:-1"},"canonical":"https:\/\/fairfaxcryobank.com\/br\/informe-de-gestacao","og_locale":"pt_BR","og_type":"article","og_title":"Informe de Gesta\u00e7\u00e3o | Fairfax Cryobank","og_description":"Thank you for taking the time to report your pregnancy to Fairfax Cryobank! Your report helps us keep our records up to date for future Fairfax Families.","og_url":"https:\/\/fairfaxcryobank.com\/br\/informe-de-gestacao","og_site_name":"Fairfax Cryobank - Find a Sperm Donor","article_publisher":"https:\/\/www.facebook.com\/fairfax.cryobank","article_modified_time":"2022-02-17T18:38:47+00:00","twitter_card":"summary_large_image","twitter_site":"@FairfaxCryobank","schema":{"@context":"https:\/\/schema.org","@graph":[{"@type":"WebPage","@id":"https:\/\/fairfaxcryobank.com\/br\/informe-de-gestacao","url":"https:\/\/fairfaxcryobank.com\/br\/informe-de-gestacao","name":"Informe de Gesta\u00e7\u00e3o | Fairfax Cryobank","isPartOf":{"@id":"https:\/\/fairfaxcryobank.com\/br#website"},"datePublished":"2015-06-12T09:28:50+00:00","dateModified":"2022-02-17T18:38:47+00:00","description":"Thank you for taking the time to report your pregnancy to Fairfax Cryobank! Your report helps us keep our records up to date for future Fairfax Families.","breadcrumb":{"@id":"https:\/\/fairfaxcryobank.com\/br\/informe-de-gestacao#breadcrumb"},"inLanguage":"pt-BR","potentialAction":[{"@type":"ReadAction","target":["https:\/\/fairfaxcryobank.com\/br\/informe-de-gestacao"]}]},{"@type":"BreadcrumbList","@id":"https:\/\/fairfaxcryobank.com\/br\/informe-de-gestacao#breadcrumb","itemListElement":[{"@type":"ListItem","position":1,"name":"Home","item":"https:\/\/fairfaxcryobank.com\/br"},{"@type":"ListItem","position":2,"name":"Informe de Gesta\u00e7\u00e3o"}]},{"@type":"WebSite","@id":"https:\/\/fairfaxcryobank.com\/br#website","url":"https:\/\/fairfaxcryobank.com\/br","name":"Fairfax Cryobank - Find a Sperm Donor","description":"Top-Tier Sperm Bank","publisher":{"@id":"https:\/\/fairfaxcryobank.com\/br#organization"},"potentialAction":[{"@type":"SearchAction","target":{"@type":"EntryPoint","urlTemplate":"https:\/\/fairfaxcryobank.com\/br?s={search_term_string}"},"query-input":{"@type":"PropertyValueSpecification","valueRequired":true,"valueName":"search_term_string"}}],"inLanguage":"pt-BR"},{"@type":"Organization","@id":"https:\/\/fairfaxcryobank.com\/br#organization","name":"Fairfax Cryobank","url":"https:\/\/fairfaxcryobank.com\/br","logo":{"@type":"ImageObject","inLanguage":"pt-BR","@id":"https:\/\/fairfaxcryobank.com\/br#\/schema\/logo\/image\/","url":"https:\/\/fairfaxcryobank.com\/wp-content\/uploads\/logo.webp","contentUrl":"https:\/\/fairfaxcryobank.com\/wp-content\/uploads\/logo.webp","width":1,"height":1,"caption":"Fairfax Cryobank"},"image":{"@id":"https:\/\/fairfaxcryobank.com\/br#\/schema\/logo\/image\/"},"sameAs":["https:\/\/www.facebook.com\/fairfax.cryobank","https:\/\/x.com\/FairfaxCryobank","https:\/\/www.instagram.com\/fairfaxcryobank\/","https:\/\/www.pinterest.com\/fairfaxcryo\/"]}]}},"post_mailing_queue_ids":[],"_links":{"self":[{"href":"https:\/\/fairfaxcryobank.com\/br\/wp-json\/wp\/v2\/pages\/1902","targetHints":{"allow":["GET"]}}],"collection":[{"href":"https:\/\/fairfaxcryobank.com\/br\/wp-json\/wp\/v2\/pages"}],"about":[{"href":"https:\/\/fairfaxcryobank.com\/br\/wp-json\/wp\/v2\/types\/page"}],"author":[{"embeddable":true,"href":"https:\/\/fairfaxcryobank.com\/br\/wp-json\/wp\/v2\/users\/1"}],"replies":[{"embeddable":true,"href":"https:\/\/fairfaxcryobank.com\/br\/wp-json\/wp\/v2\/comments?post=1902"}],"version-history":[{"count":8,"href":"https:\/\/fairfaxcryobank.com\/br\/wp-json\/wp\/v2\/pages\/1902\/revisions"}],"predecessor-version":[{"id":20393,"href":"https:\/\/fairfaxcryobank.com\/br\/wp-json\/wp\/v2\/pages\/1902\/revisions\/20393"}],"wp:attachment":[{"href":"https:\/\/fairfaxcryobank.com\/br\/wp-json\/wp\/v2\/media?parent=1902"}],"curies":[{"name":"wp","href":"https:\/\/api.w.org\/{rel}","templated":true}]}}