{"id":1904,"date":"2021-03-04T08:19:00","date_gmt":"2021-03-04T13:19:00","guid":{"rendered":"https:\/\/fairfaxcryobank.com\/?page_id=1904"},"modified":"2022-01-28T14:07:38","modified_gmt":"2022-01-28T19:07:38","slug":"tipos-sanguineos","status":"publish","type":"page","link":"https:\/\/fairfaxcryobank.com\/br\/tipos-sanguineos","title":{"rendered":"Possibilidades de Tipo Sangu\u00edneo"},"content":{"rendered":"\n<h2 class=\"wp-block-heading\"><strong>Determinando a Compatibilidade do Tipo Sangu\u00edneo<\/strong><\/h2>\n\n\n\n<h3 class=\"wp-block-heading\">Antes de selecionar seu doador de esperma no Fairfax Cryobank, revise as tabelas de compatibilidade de tipo sangu\u00edneo<\/h3>\n\n\n\n<p>Sabendo o tipo sangu\u00edneo de um doador, combinado com o tipo sangu\u00edneo da m\u00e3e, podemos prever os poss\u00edveis tipos sangu\u00edneos de seus filhos. Consulte o seu m\u00e9dico sobre quaisquer problemas de compatibilidade com o ABO ou Rh em uma futura gravidez. Mulheres Rh- que selecionam um doador Rh+ podem necessitar de tratamento com Rhogam durante a gravidez. \u00c9 importante discutir isso com seu m\u00e9dico antes de come\u00e7ar.<\/p>\n\n\n\n<h4 class=\"wp-block-heading\"><strong>Compatibilidade de Tipo Sangu\u00edneo<\/strong><\/h4>\n\n\n<table class=\"ns-table-01\" style=\"width: 100%;\">\n<tbody>\n<tr>\n<td style=\"height: 43px; text-align: center; line-height: 43px; font-weight: bold; font-size: 18px; width: 20%; border: 1px solid #fff; background-color: #efefef;\"><strong>Tipo Sangu\u00edneo<\/strong><\/td>\n<td style=\"background-color: #167f9e; font-family: Open Sans; font-size: 19px; color: #efefef; height: 43px; vertical-align: middle; line-height: 43px; text-align: center;\">M\u00e3e<\/td>\n<td style=\"background-color: #167f9e; font-family: Open Sans; font-size: 19px; color: #efefef; height: 43px; vertical-align: middle; line-height: 43px; text-align: center;\">&nbsp;<\/td>\n<td style=\"background-color: #167f9e; font-family: Open Sans; font-size: 19px; color: #efefef; height: 43px; vertical-align: middle; line-height: 43px; text-align: center;\">&nbsp;<\/td>\n<td style=\"background-color: #167f9e; font-family: Open Sans; font-size: 19px; color: #efefef; height: 43px; vertical-align: middle; line-height: 43px; text-align: center;\">&nbsp;<\/td>\n<\/tr>\n<tr style=\"background-color: #fafafa; height: 43px; border: 1px solid #fff;\">\n<td style=\"background-color: #167f9e; font-family: Open Sans; font-size: 19px; color: #efefef; height: 43px; vertical-align: middle; line-height: 43px; text-align: center;\">Pai<\/td>\n<td style=\"height: 43px; text-align: center; line-height: 43px; font-weight: bold; font-size: 18px; border: 1px solid #fff; background-color: #efefef;\">A<\/td>\n<td style=\"height: 43px; text-align: center; line-height: 43px; font-weight: bold; font-size: 18px; border: 1px solid #fff; background-color: #efefef;\">B<\/td>\n<td style=\"height: 43px; text-align: center; line-height: 43px; font-weight: bold; font-size: 18px; border: 1px solid #fff; background-color: #efefef;\">AB<\/td>\n<td style=\"height: 43px; text-align: center; line-height: 43px; font-weight: bold; font-size: 18px; border: 1px solid #fff; background-color: #efefef;\">O<\/td>\n<\/tr>\n<tr>\n<td style=\"height: 43px; text-align: center; line-height: 43px; font-weight: bold; font-size: 18px; width: 20%; border: 1px solid #fff; background-color: #efefef;\">A<\/td>\n<td style=\"height: 43px; text-align: center; line-height: 43px; font-weight: bold; font-size: 18px; width: 20%; border: 1px solid #fff; background-color: #efefef;\">A or O<\/td>\n<td style=\"height: 43px; text-align: center; line-height: 43px; font-weight: bold; font-size: 18px; width: 20%; background-color: #efefef;\">AB, A, B or O<\/td>\n<td style=\"height: 43px; text-align: center; line-height: 43px; font-weight: bold; font-size: 18px; width: 20%; border: 1px solid #fff; background-color: #efefef;\">AB or A or B<\/td>\n<td style=\"height: 43px; text-align: center; line-height: 43px; font-weight: bold; font-size: 18px; width: 20%; border: 1px solid #fff; background-color: #efefef;\">A or O<\/td>\n<\/tr>\n<tr>\n<td style=\"height: 43px; text-align: center; line-height: 43px; font-weight: bold; font-size: 18px; width: 20%; border: 1px solid #fff; background-color: #efefef;\">B<\/td>\n<td style=\"height: 43px; text-align: center; line-height: 43px; font-weight: bold; font-size: 18px; width: 20%; border: 1px solid #fff; background-color: #efefef;\">AB, A, B or O<\/td>\n<td style=\"height: 43px; text-align: center; line-height: 43px; font-weight: bold; font-size: 18px; width: 20%; border: 1px solid #fff; background-color: #efefef;\">B or O<\/td>\n<td style=\"height: 43px; text-align: center; line-height: 43px; font-weight: bold; font-size: 18px; width: 20%; border: 1px solid #fff; background-color: #efefef;\">AB or A or B<\/td>\n<td style=\"height: 43px; text-align: center; line-height: 43px; font-weight: bold; font-size: 18px; width: 20%; border: 1px solid #fff; background-color: #efefef;\">B or O<\/td>\n<\/tr>\n<tr>\n<td style=\"height: 43px; text-align: center; line-height: 43px; font-weight: bold; font-size: 18px; width: 20%; border: 1px solid #fff; background-color: #efefef;\">AB<\/td>\n<td style=\"height: 43px; text-align: center; line-height: 43px; font-weight: bold; font-size: 18px; width: 20%; border: 1px solid #fff; background-color: #efefef;\">AB or A or B<\/td>\n<td style=\"height: 43px; text-align: center; line-height: 43px; font-weight: bold; font-size: 18px; width: 20%; border: 1px solid #fff; background-color: #efefef;\">AB or A or B<\/td>\n<td style=\"height: 43px; text-align: center; line-height: 43px; font-weight: bold; font-size: 18px; width: 20%; border: 1px solid #fff; background-color: #efefef;\">AB or A or B<\/td>\n<td style=\"height: 43px; text-align: center; line-height: 43px; font-weight: bold; font-size: 18px; width: 20%; border: 1px solid #fff; background-color: #efefef;\">A or B<\/td>\n<\/tr>\n<tr>\n<td style=\"height: 43px; text-align: center; line-height: 43px; font-weight: bold; font-size: 18px; width: 20%; border: 1px solid #fff; background-color: #efefef;\">O<\/td>\n<td style=\"height: 43px; text-align: center; line-height: 43px; font-weight: bold; font-size: 18px; width: 20%; border: 1px solid #fff; background-color: #efefef;\">A or O<\/td>\n<td style=\"height: 43px; text-align: center; line-height: 43px; font-weight: bold; font-size: 18px; width: 20%; background-color: #efefef;\">B or O<\/td>\n<td style=\"height: 43px; text-align: center; line-height: 43px; font-weight: bold; font-size: 18px; width: 20%; border: 1px solid #fff; background-color: #efefef;\">A or B<\/td>\n<td style=\"height: 43px; text-align: center; line-height: 43px; font-weight: bold; font-size: 18px; width: 20%; border: 1px solid #fff; background-color: #efefef;\">O<\/td>\n<\/tr>\n<\/tbody>\n<\/table>\n<table class=\"ns-table-01\" style=\"width: 100%;\">\n<tbody>\n<tr>\n<td style=\"height: 43px; text-align: center; line-height: 43px; font-weight: bold; font-size: 18px; width: 20%; border: 1px solid #fff; background-color: #efefef;\"><strong>Rh Factor<\/strong><\/td>\n<td style=\"background-color: #167f9e; font-family: Open Sans; font-size: 19px; color: #efefef; height: 43px; vertical-align: middle; line-height: 43px; text-align: center;\">M\u00e3e<\/td>\n<td style=\"background-color: #167f9e; font-family: Open Sans; font-size: 19px; color: #efefef; height: 43px; vertical-align: middle; line-height: 43px; text-align: center;\">&nbsp;<\/td>\n<\/tr>\n<tr style=\"background-color: #fafafa; height: 43px; border: 1px solid #fff;\">\n<td style=\"background-color: #167f9e; font-family: Open Sans; font-size: 19px; color: #efefef; height: 43px; vertical-align: middle; line-height: 43px; text-align: center;\">Pai<\/td>\n<td style=\"height: 43px; text-align: center; line-height: 43px; font-weight: bold; font-size: 18px; border: 1px solid #fff; background-color: #efefef;\">Neg (-)<\/td>\n<td style=\"height: 43px; text-align: center; line-height: 43px; font-weight: bold; font-size: 18px; border: 1px solid #fff; background-color: #efefef;\">Pos (+)<\/td>\n<\/tr>\n<tr>\n<td style=\"height: 43px; text-align: center; line-height: 43px; font-weight: bold; font-size: 18px; width: 20%; border: 1px solid #fff; background-color: #efefef;\">Neg (-)<\/td>\n<td style=\"height: 43px; text-align: center; line-height: 43px; font-weight: bold; font-size: 18px; width: 20%; border: 1px solid #fff; background-color: #efefef;\">Neg (-)<\/td>\n<td style=\"height: 43px; text-align: center; line-height: 43px; font-weight: bold; font-size: 18px; width: 20%; background-color: #efefef;\">Pos (+) or Neg (-)<\/td>\n<\/tr>\n<tr>\n<td style=\"height: 43px; text-align: center; line-height: 43px; font-weight: bold; font-size: 18px; width: 20%; border: 1px solid #fff; background-color: #efefef;\">Pos (+)<\/td>\n<td style=\"height: 43px; text-align: center; line-height: 43px; font-weight: bold; font-size: 18px; width: 20%; border: 1px solid #fff; background-color: #efefef;\">Pos (+) or Neg (-)<\/td>\n<td style=\"height: 43px; text-align: center; line-height: 43px; font-weight: bold; font-size: 18px; width: 20%; border: 1px solid #fff; background-color: #efefef;\">Pos (+) or Neg (-)<\/td>\n<\/tr>\n<\/tbody>\n<\/table>\n\n\n<p><em>Nota: Nos casos que a m\u00e3e \u00e9 Rh- e o doador \u00e9 Rh+, RhoGAM \u00e9 recomendado.<\/em><\/p>\n\n\n\n<p><\/p>\n\n\n\n<p><\/p>\n\n\n\n<hr class=\"wp-block-separator\"\/>\n\n\n\n<h2 class=\"wp-block-heading\">Perguntas Frequentes Sobre Compatibilidade de Tipo Sangu\u00edneo<\/h2>\n\n\n\n<p><strong>\u00c9 poss\u00edvel que uma crian\u00e7a tenha um tipo sangu\u00edneo diferente dos pais?<\/strong><\/p>\n\n\n\n<p>Sim, \u00e9 poss\u00edvel uma crian\u00e7a ter o tipo sangu\u00edneo diferente dos pais.<\/p>\n\n\n\n<p><strong>Qual dos pais decide o tipo sangu\u00edneo da crian\u00e7a?<\/strong><\/p>\n\n\n\n<p>O tipo sangu\u00edneo da crian\u00e7a \u00e9 decidido pelo tipo sangu\u00edneo de ambos os pais. Os pais transmitem um de seus 2 alelos para formar o tipo sangu\u00edneo de seus filhos.<\/p>\n\n\n\n<p>Existem 4 tipos sangu\u00edneos maternos e 4 tipos sangu\u00edneos paternos, portanto, h\u00e1 16 poss\u00edveis combina\u00e7\u00f5es a serem consideradas ao prever o tipo sangu\u00edneo da crian\u00e7a.<\/p>\n","protected":false},"excerpt":{"rendered":"<p>Determinando a Compatibilidade do Tipo Sangu\u00edneo Antes de selecionar seu doador de esperma no Fairfax Cryobank, revise as tabelas de compatibilidade de tipo sangu\u00edneo Sabendo o tipo sangu\u00edneo de um doador, combinado com o tipo sangu\u00edneo da m\u00e3e, podemos prever os poss\u00edveis tipos sangu\u00edneos de seus filhos. Consulte o seu &#8230;<\/p>\n","protected":false},"author":1,"featured_media":16061,"parent":0,"menu_order":0,"comment_status":"closed","ping_status":"closed","template":"","meta":{"footnotes":""},"class_list":["post-1904","page","type-page","status-publish","has-post-thumbnail","hentry"],"yoast_head":"<!-- This site is optimized with the Yoast SEO plugin v27.1.1 - https:\/\/yoast.com\/product\/yoast-seo-wordpress\/ -->\n<title>Blood Type Compatibility Predictor | Fairfax Cryobank Sperm Bank<\/title>\n<meta name=\"description\" content=\"Before selecting your sperm donor, review the blood type compatibility predictor charts to determine blood type and RH outcomes.\" \/>\n<meta name=\"robots\" content=\"index, follow, max-snippet:-1, max-image-preview:large, max-video-preview:-1\" \/>\n<link rel=\"canonical\" href=\"https:\/\/fairfaxcryobank.com\/br\/tipo-sanguineo\" \/>\n<meta property=\"og:locale\" content=\"pt_BR\" \/>\n<meta property=\"og:type\" content=\"article\" \/>\n<meta property=\"og:title\" content=\"Blood Type Compatibility Predictor | Fairfax Cryobank Sperm Bank\" \/>\n<meta property=\"og:description\" content=\"Before selecting your sperm donor, review the blood type compatibility predictor charts to determine blood type and RH outcomes.\" \/>\n<meta property=\"og:url\" content=\"https:\/\/fairfaxcryobank.com\/br\/tipo-sanguineo\" \/>\n<meta property=\"og:site_name\" content=\"Fairfax Cryobank - Find a Sperm Donor\" \/>\n<meta property=\"article:publisher\" content=\"https:\/\/www.facebook.com\/fairfax.cryobank\" \/>\n<meta property=\"article:modified_time\" content=\"2022-01-28T19:07:38+00:00\" \/>\n<meta property=\"og:image\" content=\"https:\/\/fairfaxcryobank.com\/wp-content\/uploads\/Blood-type-predictor-with-RH-2.png\" \/>\n\t<meta property=\"og:image:width\" content=\"2560\" \/>\n\t<meta property=\"og:image:height\" content=\"1920\" \/>\n\t<meta property=\"og:image:type\" content=\"image\/png\" \/>\n<meta name=\"twitter:card\" content=\"summary_large_image\" \/>\n<meta name=\"twitter:site\" content=\"@FairfaxCryobank\" \/>\n<meta name=\"twitter:label1\" content=\"Est. tempo de leitura\" \/>\n\t<meta name=\"twitter:data1\" content=\"2 minutos\" \/>\n<script type=\"application\/ld+json\" class=\"yoast-schema-graph\">{\"@context\":\"https:\/\/schema.org\",\"@graph\":[{\"@type\":\"WebPage\",\"@id\":\"https:\/\/fairfaxcryobank.com\/br\/tipos-sanguineos\",\"url\":\"https:\/\/fairfaxcryobank.com\/br\/tipo-sanguineo\",\"name\":\"Blood Type Compatibility Predictor | Fairfax Cryobank Sperm Bank\",\"isPartOf\":{\"@id\":\"https:\/\/fairfaxcryobank.com\/br#website\"},\"primaryImageOfPage\":{\"@id\":\"https:\/\/fairfaxcryobank.com\/br\/tipo-sanguineo#primaryimage\"},\"image\":{\"@id\":\"https:\/\/fairfaxcryobank.com\/br\/tipo-sanguineo#primaryimage\"},\"thumbnailUrl\":\"https:\/\/fairfaxcryobank.com\/wp-content\/uploads\/Blood-type-predictor-with-RH-2.png\",\"datePublished\":\"2021-03-04T13:19:00+00:00\",\"dateModified\":\"2022-01-28T19:07:38+00:00\",\"description\":\"Before selecting your sperm donor, review the blood type compatibility predictor charts to determine blood type and RH outcomes.\",\"breadcrumb\":{\"@id\":\"https:\/\/fairfaxcryobank.com\/br\/tipo-sanguineo#breadcrumb\"},\"inLanguage\":\"pt-BR\",\"potentialAction\":[{\"@type\":\"ReadAction\",\"target\":[\"https:\/\/fairfaxcryobank.com\/br\/tipo-sanguineo\"]}]},{\"@type\":\"ImageObject\",\"inLanguage\":\"pt-BR\",\"@id\":\"https:\/\/fairfaxcryobank.com\/br\/tipo-sanguineo#primaryimage\",\"url\":\"https:\/\/fairfaxcryobank.com\/wp-content\/uploads\/Blood-type-predictor-with-RH-2.png\",\"contentUrl\":\"https:\/\/fairfaxcryobank.com\/wp-content\/uploads\/Blood-type-predictor-with-RH-2.png\",\"width\":2560,\"height\":1920,\"caption\":\"blood type predictor\"},{\"@type\":\"BreadcrumbList\",\"@id\":\"https:\/\/fairfaxcryobank.com\/br\/tipo-sanguineo#breadcrumb\",\"itemListElement\":[{\"@type\":\"ListItem\",\"position\":1,\"name\":\"Home\",\"item\":\"https:\/\/fairfaxcryobank.com\/br\"},{\"@type\":\"ListItem\",\"position\":2,\"name\":\"Possibilidades de Tipo Sangu\u00edneo\"}]},{\"@type\":\"WebSite\",\"@id\":\"https:\/\/fairfaxcryobank.com\/br#website\",\"url\":\"https:\/\/fairfaxcryobank.com\/br\",\"name\":\"Fairfax Cryobank - Find a Sperm Donor\",\"description\":\"Top-Tier Sperm Bank\",\"publisher\":{\"@id\":\"https:\/\/fairfaxcryobank.com\/br#organization\"},\"potentialAction\":[{\"@type\":\"SearchAction\",\"target\":{\"@type\":\"EntryPoint\",\"urlTemplate\":\"https:\/\/fairfaxcryobank.com\/br?s={search_term_string}\"},\"query-input\":{\"@type\":\"PropertyValueSpecification\",\"valueRequired\":true,\"valueName\":\"search_term_string\"}}],\"inLanguage\":\"pt-BR\"},{\"@type\":\"Organization\",\"@id\":\"https:\/\/fairfaxcryobank.com\/br#organization\",\"name\":\"Fairfax Cryobank\",\"url\":\"https:\/\/fairfaxcryobank.com\/br\",\"logo\":{\"@type\":\"ImageObject\",\"inLanguage\":\"pt-BR\",\"@id\":\"https:\/\/fairfaxcryobank.com\/br#\/schema\/logo\/image\/\",\"url\":\"https:\/\/fairfaxcryobank.com\/wp-content\/uploads\/logo.webp\",\"contentUrl\":\"https:\/\/fairfaxcryobank.com\/wp-content\/uploads\/logo.webp\",\"width\":1,\"height\":1,\"caption\":\"Fairfax Cryobank\"},\"image\":{\"@id\":\"https:\/\/fairfaxcryobank.com\/br#\/schema\/logo\/image\/\"},\"sameAs\":[\"https:\/\/www.facebook.com\/fairfax.cryobank\",\"https:\/\/x.com\/FairfaxCryobank\",\"https:\/\/www.instagram.com\/fairfaxcryobank\/\",\"https:\/\/www.pinterest.com\/fairfaxcryo\/\"]}]}<\/script>\n<!-- \/ Yoast SEO plugin. -->","yoast_head_json":{"title":"Blood Type Compatibility Predictor | Fairfax Cryobank Sperm Bank","description":"Before selecting your sperm donor, review the blood type compatibility predictor charts to determine blood type and RH outcomes.","robots":{"index":"index","follow":"follow","max-snippet":"max-snippet:-1","max-image-preview":"max-image-preview:large","max-video-preview":"max-video-preview:-1"},"canonical":"https:\/\/fairfaxcryobank.com\/br\/tipo-sanguineo","og_locale":"pt_BR","og_type":"article","og_title":"Blood Type Compatibility Predictor | Fairfax Cryobank Sperm Bank","og_description":"Before selecting your sperm donor, review the blood type compatibility predictor charts to determine blood type and RH outcomes.","og_url":"https:\/\/fairfaxcryobank.com\/br\/tipo-sanguineo","og_site_name":"Fairfax Cryobank - Find a Sperm Donor","article_publisher":"https:\/\/www.facebook.com\/fairfax.cryobank","article_modified_time":"2022-01-28T19:07:38+00:00","og_image":[{"width":2560,"height":1920,"url":"https:\/\/fairfaxcryobank.com\/wp-content\/uploads\/Blood-type-predictor-with-RH-2.png","type":"image\/png"}],"twitter_card":"summary_large_image","twitter_site":"@FairfaxCryobank","twitter_misc":{"Est. tempo de leitura":"2 minutos"},"schema":{"@context":"https:\/\/schema.org","@graph":[{"@type":"WebPage","@id":"https:\/\/fairfaxcryobank.com\/br\/tipos-sanguineos","url":"https:\/\/fairfaxcryobank.com\/br\/tipo-sanguineo","name":"Blood Type Compatibility Predictor | Fairfax Cryobank Sperm Bank","isPartOf":{"@id":"https:\/\/fairfaxcryobank.com\/br#website"},"primaryImageOfPage":{"@id":"https:\/\/fairfaxcryobank.com\/br\/tipo-sanguineo#primaryimage"},"image":{"@id":"https:\/\/fairfaxcryobank.com\/br\/tipo-sanguineo#primaryimage"},"thumbnailUrl":"https:\/\/fairfaxcryobank.com\/wp-content\/uploads\/Blood-type-predictor-with-RH-2.png","datePublished":"2021-03-04T13:19:00+00:00","dateModified":"2022-01-28T19:07:38+00:00","description":"Before selecting your sperm donor, review the blood type compatibility predictor charts to determine blood type and RH outcomes.","breadcrumb":{"@id":"https:\/\/fairfaxcryobank.com\/br\/tipo-sanguineo#breadcrumb"},"inLanguage":"pt-BR","potentialAction":[{"@type":"ReadAction","target":["https:\/\/fairfaxcryobank.com\/br\/tipo-sanguineo"]}]},{"@type":"ImageObject","inLanguage":"pt-BR","@id":"https:\/\/fairfaxcryobank.com\/br\/tipo-sanguineo#primaryimage","url":"https:\/\/fairfaxcryobank.com\/wp-content\/uploads\/Blood-type-predictor-with-RH-2.png","contentUrl":"https:\/\/fairfaxcryobank.com\/wp-content\/uploads\/Blood-type-predictor-with-RH-2.png","width":2560,"height":1920,"caption":"blood type predictor"},{"@type":"BreadcrumbList","@id":"https:\/\/fairfaxcryobank.com\/br\/tipo-sanguineo#breadcrumb","itemListElement":[{"@type":"ListItem","position":1,"name":"Home","item":"https:\/\/fairfaxcryobank.com\/br"},{"@type":"ListItem","position":2,"name":"Possibilidades de Tipo Sangu\u00edneo"}]},{"@type":"WebSite","@id":"https:\/\/fairfaxcryobank.com\/br#website","url":"https:\/\/fairfaxcryobank.com\/br","name":"Fairfax Cryobank - Find a Sperm Donor","description":"Top-Tier Sperm Bank","publisher":{"@id":"https:\/\/fairfaxcryobank.com\/br#organization"},"potentialAction":[{"@type":"SearchAction","target":{"@type":"EntryPoint","urlTemplate":"https:\/\/fairfaxcryobank.com\/br?s={search_term_string}"},"query-input":{"@type":"PropertyValueSpecification","valueRequired":true,"valueName":"search_term_string"}}],"inLanguage":"pt-BR"},{"@type":"Organization","@id":"https:\/\/fairfaxcryobank.com\/br#organization","name":"Fairfax Cryobank","url":"https:\/\/fairfaxcryobank.com\/br","logo":{"@type":"ImageObject","inLanguage":"pt-BR","@id":"https:\/\/fairfaxcryobank.com\/br#\/schema\/logo\/image\/","url":"https:\/\/fairfaxcryobank.com\/wp-content\/uploads\/logo.webp","contentUrl":"https:\/\/fairfaxcryobank.com\/wp-content\/uploads\/logo.webp","width":1,"height":1,"caption":"Fairfax Cryobank"},"image":{"@id":"https:\/\/fairfaxcryobank.com\/br#\/schema\/logo\/image\/"},"sameAs":["https:\/\/www.facebook.com\/fairfax.cryobank","https:\/\/x.com\/FairfaxCryobank","https:\/\/www.instagram.com\/fairfaxcryobank\/","https:\/\/www.pinterest.com\/fairfaxcryo\/"]}]}},"post_mailing_queue_ids":[],"_links":{"self":[{"href":"https:\/\/fairfaxcryobank.com\/br\/wp-json\/wp\/v2\/pages\/1904","targetHints":{"allow":["GET"]}}],"collection":[{"href":"https:\/\/fairfaxcryobank.com\/br\/wp-json\/wp\/v2\/pages"}],"about":[{"href":"https:\/\/fairfaxcryobank.com\/br\/wp-json\/wp\/v2\/types\/page"}],"author":[{"embeddable":true,"href":"https:\/\/fairfaxcryobank.com\/br\/wp-json\/wp\/v2\/users\/1"}],"replies":[{"embeddable":true,"href":"https:\/\/fairfaxcryobank.com\/br\/wp-json\/wp\/v2\/comments?post=1904"}],"version-history":[{"count":4,"href":"https:\/\/fairfaxcryobank.com\/br\/wp-json\/wp\/v2\/pages\/1904\/revisions"}],"predecessor-version":[{"id":20133,"href":"https:\/\/fairfaxcryobank.com\/br\/wp-json\/wp\/v2\/pages\/1904\/revisions\/20133"}],"wp:featuredmedia":[{"embeddable":true,"href":"https:\/\/fairfaxcryobank.com\/br\/wp-json\/wp\/v2\/media\/16061"}],"wp:attachment":[{"href":"https:\/\/fairfaxcryobank.com\/br\/wp-json\/wp\/v2\/media?parent=1904"}],"curies":[{"name":"wp","href":"https:\/\/api.w.org\/{rel}","templated":true}]}}