{"id":1906,"date":"2019-09-03T09:22:57","date_gmt":"2019-09-03T09:22:57","guid":{"rendered":"https:\/\/fairfaxcryobank.com\/?page_id=1906"},"modified":"2022-02-23T11:34:00","modified_gmt":"2022-02-23T16:34:00","slug":"contato","status":"publish","type":"page","link":"https:\/\/fairfaxcryobank.com\/br\/contato","title":{"rendered":"Contato"},"content":{"rendered":"\n<h2 class=\"wp-block-heading\">Contato: <a href=\"tel:1150842588\">(11) 5084-2588<\/a> \/ <a href=\"tel:11981113455\">(11) 98111-3455<\/a><\/h2>\n\n\n\n<p>Avenida Ibirapuera, 2033 &#8211; cj. 161<br>Moema<br>04029-901<br>S\u00e3o Paulo \u2013 SP<\/p>\n\n\n\n<p>E-mail:\u00a0<a href=\"mailto:contato@fairfaxcryobank.com\" target=\"_blank\" rel=\"noreferrer noopener\"><a href=\"mailto:contato@fairfaxcryobank.com.br\">contato@fairfaxcryobank.com.br<\/a><\/a><\/p>\n\n\n\n<p><strong>Diretor Cient\u00edfico:<\/strong><\/p>\n\n\n\n<p>Jos\u00e9 Roberto Alegretti<br>E-mail:&nbsp;<a href=\"mailto:contato@fairfaxcryobank.com.br\">contato@fairfaxcryobank.com.br<\/a><\/p>\n\n\n\n<p><strong>Hor\u00e1rio<\/strong>r<strong>&nbsp;de Funcionamento:<\/strong><\/p>\n\n\n\n<p>Segunda a Quinta feira:<br>8:00 as 12:30<br>13:30 as 18:00<\/p>\n\n\n\n<p>Sexta-feira:<br>8:00 as 12:30<br>13:30 as 17:00<\/p>\n\n\n\n<p>S\u00e1bados, Domingos e Feriados:<br>Fechado<\/p>\n\n\n\n<p><strong>O Fairfax Cryobank \u00e9 representado no Brasil por Crio Brasil Servi\u00e7os, distribuidor exclusivo de nossos produtos<\/strong><\/p>\n","protected":false},"excerpt":{"rendered":"<p>Contato: (11) 5084-2588 \/ (11) 98111-3455 Avenida Ibirapuera, 2033 &#8211; cj. 161Moema04029-901S\u00e3o Paulo \u2013 SP E-mail:\u00a0contato@fairfaxcryobank.com.br Diretor Cient\u00edfico: Jos\u00e9 Roberto AlegrettiE-mail:&nbsp;contato@fairfaxcryobank.com.br Hor\u00e1rior&nbsp;de Funcionamento: Segunda a Quinta feira:8:00 as 12:3013:30 as 18:00 Sexta-feira:8:00 as 12:3013:30 as 17:00 S\u00e1bados, Domingos e Feriados:Fechado O Fairfax Cryobank \u00e9 representado no Brasil por Crio Brasil &#8230;<\/p>\n","protected":false},"author":1,"featured_media":0,"parent":0,"menu_order":0,"comment_status":"closed","ping_status":"closed","template":"","meta":{"footnotes":""},"class_list":["post-1906","page","type-page","status-publish","hentry"],"yoast_head":"<!-- This site is optimized with the Yoast SEO plugin v27.1.1 - https:\/\/yoast.com\/product\/yoast-seo-wordpress\/ -->\n<title>Contato | Fairfax Cryobank<\/title>\n<meta name=\"description\" content=\"Fairfax Cryobank wants to hear from you! Use the contact information included on this page to reach one of our helpful Client Services representatives.\" \/>\n<meta name=\"robots\" content=\"index, follow, max-snippet:-1, max-image-preview:large, max-video-preview:-1\" \/>\n<link rel=\"canonical\" href=\"https:\/\/fairfaxcryobank.com\/br\/contato\" \/>\n<meta property=\"og:locale\" content=\"pt_BR\" \/>\n<meta property=\"og:type\" content=\"article\" \/>\n<meta property=\"og:title\" content=\"Contato | Fairfax Cryobank\" \/>\n<meta property=\"og:description\" content=\"Fairfax Cryobank wants to hear from you! Use the contact information included on this page to reach one of our helpful Client Services representatives.\" \/>\n<meta property=\"og:url\" content=\"https:\/\/fairfaxcryobank.com\/br\/contato\" \/>\n<meta property=\"og:site_name\" content=\"Fairfax Cryobank - Find a Sperm Donor\" \/>\n<meta property=\"article:publisher\" content=\"https:\/\/www.facebook.com\/fairfax.cryobank\" \/>\n<meta property=\"article:modified_time\" content=\"2022-02-23T16:34:00+00:00\" \/>\n<meta name=\"twitter:card\" content=\"summary_large_image\" \/>\n<meta name=\"twitter:site\" content=\"@FairfaxCryobank\" \/>\n<script type=\"application\/ld+json\" class=\"yoast-schema-graph\">{\"@context\":\"https:\/\/schema.org\",\"@graph\":[{\"@type\":\"WebPage\",\"@id\":\"https:\/\/fairfaxcryobank.com\/br\/contato\",\"url\":\"https:\/\/fairfaxcryobank.com\/br\/contato\",\"name\":\"Contato | Fairfax Cryobank\",\"isPartOf\":{\"@id\":\"https:\/\/fairfaxcryobank.com\/br#website\"},\"datePublished\":\"2019-09-03T09:22:57+00:00\",\"dateModified\":\"2022-02-23T16:34:00+00:00\",\"description\":\"Fairfax Cryobank wants to hear from you! Use the contact information included on this page to reach one of our helpful Client Services representatives.\",\"breadcrumb\":{\"@id\":\"https:\/\/fairfaxcryobank.com\/br\/contato#breadcrumb\"},\"inLanguage\":\"pt-BR\",\"potentialAction\":[{\"@type\":\"ReadAction\",\"target\":[\"https:\/\/fairfaxcryobank.com\/br\/contato\"]}]},{\"@type\":\"BreadcrumbList\",\"@id\":\"https:\/\/fairfaxcryobank.com\/br\/contato#breadcrumb\",\"itemListElement\":[{\"@type\":\"ListItem\",\"position\":1,\"name\":\"Home\",\"item\":\"https:\/\/fairfaxcryobank.com\/br\"},{\"@type\":\"ListItem\",\"position\":2,\"name\":\"Contato\"}]},{\"@type\":\"WebSite\",\"@id\":\"https:\/\/fairfaxcryobank.com\/br#website\",\"url\":\"https:\/\/fairfaxcryobank.com\/br\",\"name\":\"Fairfax Cryobank - Find a Sperm Donor\",\"description\":\"Top-Tier Sperm Bank\",\"publisher\":{\"@id\":\"https:\/\/fairfaxcryobank.com\/br#organization\"},\"potentialAction\":[{\"@type\":\"SearchAction\",\"target\":{\"@type\":\"EntryPoint\",\"urlTemplate\":\"https:\/\/fairfaxcryobank.com\/br?s={search_term_string}\"},\"query-input\":{\"@type\":\"PropertyValueSpecification\",\"valueRequired\":true,\"valueName\":\"search_term_string\"}}],\"inLanguage\":\"pt-BR\"},{\"@type\":\"Organization\",\"@id\":\"https:\/\/fairfaxcryobank.com\/br#organization\",\"name\":\"Fairfax Cryobank\",\"url\":\"https:\/\/fairfaxcryobank.com\/br\",\"logo\":{\"@type\":\"ImageObject\",\"inLanguage\":\"pt-BR\",\"@id\":\"https:\/\/fairfaxcryobank.com\/br#\/schema\/logo\/image\/\",\"url\":\"https:\/\/fairfaxcryobank.com\/wp-content\/uploads\/logo.webp\",\"contentUrl\":\"https:\/\/fairfaxcryobank.com\/wp-content\/uploads\/logo.webp\",\"width\":1,\"height\":1,\"caption\":\"Fairfax Cryobank\"},\"image\":{\"@id\":\"https:\/\/fairfaxcryobank.com\/br#\/schema\/logo\/image\/\"},\"sameAs\":[\"https:\/\/www.facebook.com\/fairfax.cryobank\",\"https:\/\/x.com\/FairfaxCryobank\",\"https:\/\/www.instagram.com\/fairfaxcryobank\/\",\"https:\/\/www.pinterest.com\/fairfaxcryo\/\"]}]}<\/script>\n<!-- \/ Yoast SEO plugin. -->","yoast_head_json":{"title":"Contato | Fairfax Cryobank","description":"Fairfax Cryobank wants to hear from you! Use the contact information included on this page to reach one of our helpful Client Services representatives.","robots":{"index":"index","follow":"follow","max-snippet":"max-snippet:-1","max-image-preview":"max-image-preview:large","max-video-preview":"max-video-preview:-1"},"canonical":"https:\/\/fairfaxcryobank.com\/br\/contato","og_locale":"pt_BR","og_type":"article","og_title":"Contato | Fairfax Cryobank","og_description":"Fairfax Cryobank wants to hear from you! Use the contact information included on this page to reach one of our helpful Client Services representatives.","og_url":"https:\/\/fairfaxcryobank.com\/br\/contato","og_site_name":"Fairfax Cryobank - Find a Sperm Donor","article_publisher":"https:\/\/www.facebook.com\/fairfax.cryobank","article_modified_time":"2022-02-23T16:34:00+00:00","twitter_card":"summary_large_image","twitter_site":"@FairfaxCryobank","schema":{"@context":"https:\/\/schema.org","@graph":[{"@type":"WebPage","@id":"https:\/\/fairfaxcryobank.com\/br\/contato","url":"https:\/\/fairfaxcryobank.com\/br\/contato","name":"Contato | Fairfax Cryobank","isPartOf":{"@id":"https:\/\/fairfaxcryobank.com\/br#website"},"datePublished":"2019-09-03T09:22:57+00:00","dateModified":"2022-02-23T16:34:00+00:00","description":"Fairfax Cryobank wants to hear from you! Use the contact information included on this page to reach one of our helpful Client Services representatives.","breadcrumb":{"@id":"https:\/\/fairfaxcryobank.com\/br\/contato#breadcrumb"},"inLanguage":"pt-BR","potentialAction":[{"@type":"ReadAction","target":["https:\/\/fairfaxcryobank.com\/br\/contato"]}]},{"@type":"BreadcrumbList","@id":"https:\/\/fairfaxcryobank.com\/br\/contato#breadcrumb","itemListElement":[{"@type":"ListItem","position":1,"name":"Home","item":"https:\/\/fairfaxcryobank.com\/br"},{"@type":"ListItem","position":2,"name":"Contato"}]},{"@type":"WebSite","@id":"https:\/\/fairfaxcryobank.com\/br#website","url":"https:\/\/fairfaxcryobank.com\/br","name":"Fairfax Cryobank - Find a Sperm Donor","description":"Top-Tier Sperm Bank","publisher":{"@id":"https:\/\/fairfaxcryobank.com\/br#organization"},"potentialAction":[{"@type":"SearchAction","target":{"@type":"EntryPoint","urlTemplate":"https:\/\/fairfaxcryobank.com\/br?s={search_term_string}"},"query-input":{"@type":"PropertyValueSpecification","valueRequired":true,"valueName":"search_term_string"}}],"inLanguage":"pt-BR"},{"@type":"Organization","@id":"https:\/\/fairfaxcryobank.com\/br#organization","name":"Fairfax Cryobank","url":"https:\/\/fairfaxcryobank.com\/br","logo":{"@type":"ImageObject","inLanguage":"pt-BR","@id":"https:\/\/fairfaxcryobank.com\/br#\/schema\/logo\/image\/","url":"https:\/\/fairfaxcryobank.com\/wp-content\/uploads\/logo.webp","contentUrl":"https:\/\/fairfaxcryobank.com\/wp-content\/uploads\/logo.webp","width":1,"height":1,"caption":"Fairfax Cryobank"},"image":{"@id":"https:\/\/fairfaxcryobank.com\/br#\/schema\/logo\/image\/"},"sameAs":["https:\/\/www.facebook.com\/fairfax.cryobank","https:\/\/x.com\/FairfaxCryobank","https:\/\/www.instagram.com\/fairfaxcryobank\/","https:\/\/www.pinterest.com\/fairfaxcryo\/"]}]}},"post_mailing_queue_ids":[],"_links":{"self":[{"href":"https:\/\/fairfaxcryobank.com\/br\/wp-json\/wp\/v2\/pages\/1906","targetHints":{"allow":["GET"]}}],"collection":[{"href":"https:\/\/fairfaxcryobank.com\/br\/wp-json\/wp\/v2\/pages"}],"about":[{"href":"https:\/\/fairfaxcryobank.com\/br\/wp-json\/wp\/v2\/types\/page"}],"author":[{"embeddable":true,"href":"https:\/\/fairfaxcryobank.com\/br\/wp-json\/wp\/v2\/users\/1"}],"replies":[{"embeddable":true,"href":"https:\/\/fairfaxcryobank.com\/br\/wp-json\/wp\/v2\/comments?post=1906"}],"version-history":[{"count":1,"href":"https:\/\/fairfaxcryobank.com\/br\/wp-json\/wp\/v2\/pages\/1906\/revisions"}],"predecessor-version":[{"id":20530,"href":"https:\/\/fairfaxcryobank.com\/br\/wp-json\/wp\/v2\/pages\/1906\/revisions\/20530"}],"wp:attachment":[{"href":"https:\/\/fairfaxcryobank.com\/br\/wp-json\/wp\/v2\/media?parent=1906"}],"curies":[{"name":"wp","href":"https:\/\/api.w.org\/{rel}","templated":true}]}}