{"id":1912,"date":"2019-09-03T11:19:25","date_gmt":"2019-09-03T11:19:25","guid":{"rendered":"https:\/\/fairfaxcryobank.com\/?page_id=1912"},"modified":"2022-01-06T10:17:53","modified_gmt":"2022-01-06T15:17:53","slug":"sobre-o-fairfax-cryobank","status":"publish","type":"page","link":"https:\/\/fairfaxcryobank.com\/br\/sobre-o-fairfax-cryobank","title":{"rendered":"Sobre o Fairfax Cryobank"},"content":{"rendered":"\n<h2 class=\"wp-block-heading\">Juntos n\u00f3s constru\u00edmos uma fam\u00edlia <\/h2>\n\n\n\n<h2 class=\"wp-block-heading\"><strong>Saiba mais sobre o prop\u00f3sito do Fairfax Cryobank em apoiar as fam\u00edlias.<\/strong><\/h2>\n\n\n\n<p>A equipe dedicada do\nFairfax Cryobank est\u00e1 a disposi\u00e7\u00e3o ajud\u00e1-la a atingir seu objetivo na\nconstru\u00e7\u00e3o da sua fam\u00edlia. Independentemente do seu g\u00eanero, orienta\u00e7\u00e3o sexual\nou estado civil, oferecemos uma sele\u00e7\u00e3o rigorosamente testada de doadores de s\u00eamen\nde alta qualidade, sendo refer\u00eancia no setor.<\/p>\n\n\n\n<p>A vida que voc\u00ea quer est\u00e1 ao seu alcance. Com o nosso apoio, voc\u00ea pode dar passos significativos para transformar seus sonhos em realidade.<\/p>\n\n\n\n<div class=\"wp-block-image\"><figure class=\"aligncenter is-resized\"><img loading=\"lazy\" decoding=\"async\" src=\"https:\/\/fairfaxcryobank.com\/wp-content\/uploads\/\/graphicstock-cute-newborn-baby-girl-sleeping-in-bed-at-home_r0r4TUhW--1024x700.jpg\" alt=\"banco de semen fairfax\" class=\"wp-image-1828\" width=\"574\" height=\"391\" srcset=\"https:\/\/fairfaxcryobank.com\/wp-content\/uploads\/graphicstock-cute-newborn-baby-girl-sleeping-in-bed-at-home_r0r4TUhW--1024x700.jpg 1024w, https:\/\/fairfaxcryobank.com\/wp-content\/uploads\/graphicstock-cute-newborn-baby-girl-sleeping-in-bed-at-home_r0r4TUhW--300x205.jpg 300w, https:\/\/fairfaxcryobank.com\/wp-content\/uploads\/graphicstock-cute-newborn-baby-girl-sleeping-in-bed-at-home_r0r4TUhW--768x525.jpg 768w\" sizes=\"auto, (max-width: 574px) 100vw, 574px\" \/><figcaption> A Escolha Mais Confi\u00e1vel para Sem\u00ean Doado  <\/figcaption><\/figure><\/div>\n\n\n\n<h3 class=\"wp-block-heading\"><strong>Uma equipe que\nrealmente se importa<\/strong><\/h3>\n\n\n\n<p>Desde 1986, n\u00f3s conectamos\nmilhares de fam\u00edlias de todo o mundo aos nossos mais de 450 doadores de s\u00eamen.\nEssas fam\u00edlias decidiram confiar em n\u00f3s. Por qu\u00ea? Porque nenhum outro banco de\ns\u00eamen \u00e9 submetido a testes t\u00e3o rigorosos.<\/p>\n\n\n\n<p>O Fairfax Cryobank aceita\napenas 1 em cada 200 candidatos e os crit\u00e9rios de elegibilidade do nosso\nprograma excedem em muito o exigido pela FDA. Sabemos que voc\u00ea n\u00e3o quer se\narriscar quando se trata de algo t\u00e3o valioso quanto a fam\u00edlia &#8211; \u00e9 por isso que\nnossa equipe vai al\u00e9m.<\/p>\n\n\n\n<h3 class=\"wp-block-heading\"><strong>Um compromisso com a\nqualidade desde o primeiro dia<\/strong><\/h3>\n\n\n\n<p>O Fairfax Cryobank iniciou\nsuas opera\u00e7\u00f5es em 1986, mas nossa hist\u00f3ria come\u00e7ou alguns anos antes.<\/p>\n\n\n\n<p>Em 1984, o Genetics &amp;\nIVF Institute foi fundado pelo Dr. Joseph D. Schulman. Foi o primeiro a oferecer\nservi\u00e7os ambulatoriais totalmente integrados nas \u00e1reas de gen\u00e9tica humana e\ninfertilidade. O Fairfax Cryobank foi organizado para fornecer aos pacientes\ndeste revolucion\u00e1rio instituto s\u00eamen de doador de alta qualidade.<\/p>\n\n\n\n<p>Este compromisso com a\ninova\u00e7\u00e3o e a lideran\u00e7a da ind\u00fastria continua at\u00e9 hoje. Estamos totalmente\nlicenciados pelo FDA; inspecionado e licenciado pelos estados de Nova York,\nMaryland e Calif\u00f3rnia; e credenciados pelo Better Business Bureau (BBB). Essas\ncertifica\u00e7\u00f5es oferecem a tranquilidade que voc\u00ea precisa para dar o pr\u00f3ximo\npasso.<\/p>\n\n\n\n<h3 class=\"wp-block-heading\"><strong>Quando o melhor da ci\u00eancia tem um toque humano<\/strong><\/h3>\n\n\n\n<p>A constru\u00e7\u00e3o da fam\u00edlia\npode ser uma jornada emocional e extenuante. E, ao mesmo tempo em que tecnologia\nde ponta, amostras rigorosamente testadas e foco cient\u00edfico serem fundamentais,\num toque humano \u00e9 indispens\u00e1vel.<\/p>\n\n\n\n<p>Aqui no nosso banco de s\u00eamen\nFairfax, n\u00e3o perdemos de vista o seu objetivo final \u2013 a fam\u00edlia. Sem julgamento\nou discrimina\u00e7\u00e3o, oferecemos as ferramentas e o suporte de que voc\u00ea precisa\npara tornar essa meta uma realidade.<\/p>\n\n\n\n<p>Nosso experiente e\ndedicado atendimento ao cliente est\u00e1 aqui para voc\u00ea.<\/p>\n\n\n\n<p>Se voc\u00ea tiver d\u00favidas, n\u00e3o hesite em nos contatar pelo telefone (11) 5084-2588. N\u00f3s ficaremos mais do que felizes em ajudar!<\/p>\n\n\n\n<hr class=\"wp-block-separator\"\/>\n\n\n\n<p><strong>Se voc\u00ea quiser saber mais sobre n\u00f3s e nosa hist\u00f3ria, acesse os links a seguir:<\/strong><\/p>\n\n\n\n<ul class=\"wp-block-list\"><li><a href=\"\/br\/nossa-historia\"> Nossa hist\u00f3ria <\/a><\/li><li><a href=\"\/br\/nossa-missao\"> Nossa miss\u00e3o e valores <\/a><\/li><\/ul>\n\n\n\n<p><\/p>\n","protected":false},"excerpt":{"rendered":"<p>Juntos n\u00f3s constru\u00edmos uma fam\u00edlia Saiba mais sobre o prop\u00f3sito do Fairfax Cryobank em apoiar as fam\u00edlias. A equipe dedicada do Fairfax Cryobank est\u00e1 a disposi\u00e7\u00e3o ajud\u00e1-la a atingir seu objetivo na constru\u00e7\u00e3o da sua fam\u00edlia. Independentemente do seu g\u00eanero, orienta\u00e7\u00e3o sexual ou estado civil, oferecemos uma sele\u00e7\u00e3o rigorosamente testada &#8230;<\/p>\n","protected":false},"author":1,"featured_media":2617,"parent":0,"menu_order":0,"comment_status":"closed","ping_status":"closed","template":"","meta":{"footnotes":""},"class_list":["post-1912","page","type-page","status-publish","has-post-thumbnail","hentry"],"yoast_head":"<!-- This site is optimized with the Yoast SEO plugin v27.1.1 - https:\/\/yoast.com\/product\/yoast-seo-wordpress\/ -->\n<title>Sobre o Fairfax Cryobank | Fairfax Cryobank<\/title>\n<meta name=\"description\" content=\"Sobre nosso banco de s\u00eamen Fairfax\" \/>\n<meta name=\"robots\" content=\"index, follow, max-snippet:-1, max-image-preview:large, max-video-preview:-1\" \/>\n<link rel=\"canonical\" href=\"https:\/\/fairfaxcryobank.com\/br\/sobre-o-fairfax-cryobank\" \/>\n<meta property=\"og:locale\" content=\"pt_BR\" \/>\n<meta property=\"og:type\" content=\"article\" \/>\n<meta property=\"og:title\" content=\"Sobre o Fairfax Cryobank | Fairfax Cryobank\" \/>\n<meta property=\"og:description\" content=\"Sobre nosso banco de s\u00eamen Fairfax\" \/>\n<meta property=\"og:url\" content=\"https:\/\/fairfaxcryobank.com\/br\/sobre-o-fairfax-cryobank\" \/>\n<meta property=\"og:site_name\" content=\"Fairfax Cryobank - Find a Sperm Donor\" \/>\n<meta property=\"article:publisher\" content=\"https:\/\/www.facebook.com\/fairfax.cryobank\" \/>\n<meta property=\"article:modified_time\" content=\"2022-01-06T15:17:53+00:00\" \/>\n<meta property=\"og:image\" content=\"https:\/\/fairfaxcryobank.com\/wp-content\/uploads\/newborn-baby-hand-on-hands_SYbx2bhTrs-1-1024x681.jpg\" \/>\n\t<meta property=\"og:image:width\" content=\"1024\" \/>\n\t<meta property=\"og:image:height\" content=\"681\" \/>\n\t<meta property=\"og:image:type\" content=\"image\/jpeg\" \/>\n<meta name=\"twitter:card\" content=\"summary_large_image\" \/>\n<meta name=\"twitter:site\" content=\"@FairfaxCryobank\" \/>\n<meta name=\"twitter:label1\" content=\"Est. tempo de leitura\" \/>\n\t<meta name=\"twitter:data1\" content=\"2 minutos\" \/>\n<script type=\"application\/ld+json\" class=\"yoast-schema-graph\">{\"@context\":\"https:\/\/schema.org\",\"@graph\":[{\"@type\":\"WebPage\",\"@id\":\"https:\/\/fairfaxcryobank.com\/br\/sobre-o-fairfax-cryobank\",\"url\":\"https:\/\/fairfaxcryobank.com\/br\/sobre-o-fairfax-cryobank\",\"name\":\"Sobre o Fairfax Cryobank | Fairfax Cryobank\",\"isPartOf\":{\"@id\":\"https:\/\/fairfaxcryobank.com\/br#website\"},\"primaryImageOfPage\":{\"@id\":\"https:\/\/fairfaxcryobank.com\/br\/sobre-o-fairfax-cryobank#primaryimage\"},\"image\":{\"@id\":\"https:\/\/fairfaxcryobank.com\/br\/sobre-o-fairfax-cryobank#primaryimage\"},\"thumbnailUrl\":\"https:\/\/fairfaxcryobank.com\/wp-content\/uploads\/newborn-baby-hand-on-hands_SYbx2bhTrs-1.jpg\",\"datePublished\":\"2019-09-03T11:19:25+00:00\",\"dateModified\":\"2022-01-06T15:17:53+00:00\",\"description\":\"Sobre nosso banco de s\u00eamen Fairfax\",\"breadcrumb\":{\"@id\":\"https:\/\/fairfaxcryobank.com\/br\/sobre-o-fairfax-cryobank#breadcrumb\"},\"inLanguage\":\"pt-BR\",\"potentialAction\":[{\"@type\":\"ReadAction\",\"target\":[\"https:\/\/fairfaxcryobank.com\/br\/sobre-o-fairfax-cryobank\"]}]},{\"@type\":\"ImageObject\",\"inLanguage\":\"pt-BR\",\"@id\":\"https:\/\/fairfaxcryobank.com\/br\/sobre-o-fairfax-cryobank#primaryimage\",\"url\":\"https:\/\/fairfaxcryobank.com\/wp-content\/uploads\/newborn-baby-hand-on-hands_SYbx2bhTrs-1.jpg\",\"contentUrl\":\"https:\/\/fairfaxcryobank.com\/wp-content\/uploads\/newborn-baby-hand-on-hands_SYbx2bhTrs-1.jpg\",\"width\":4256,\"height\":2832,\"caption\":\"uber-fairfax-cryobank\"},{\"@type\":\"BreadcrumbList\",\"@id\":\"https:\/\/fairfaxcryobank.com\/br\/sobre-o-fairfax-cryobank#breadcrumb\",\"itemListElement\":[{\"@type\":\"ListItem\",\"position\":1,\"name\":\"Home\",\"item\":\"https:\/\/fairfaxcryobank.com\/br\"},{\"@type\":\"ListItem\",\"position\":2,\"name\":\"Sobre o Fairfax Cryobank\"}]},{\"@type\":\"WebSite\",\"@id\":\"https:\/\/fairfaxcryobank.com\/br#website\",\"url\":\"https:\/\/fairfaxcryobank.com\/br\",\"name\":\"Fairfax Cryobank - Find a Sperm Donor\",\"description\":\"Top-Tier Sperm Bank\",\"publisher\":{\"@id\":\"https:\/\/fairfaxcryobank.com\/br#organization\"},\"potentialAction\":[{\"@type\":\"SearchAction\",\"target\":{\"@type\":\"EntryPoint\",\"urlTemplate\":\"https:\/\/fairfaxcryobank.com\/br?s={search_term_string}\"},\"query-input\":{\"@type\":\"PropertyValueSpecification\",\"valueRequired\":true,\"valueName\":\"search_term_string\"}}],\"inLanguage\":\"pt-BR\"},{\"@type\":\"Organization\",\"@id\":\"https:\/\/fairfaxcryobank.com\/br#organization\",\"name\":\"Fairfax Cryobank\",\"url\":\"https:\/\/fairfaxcryobank.com\/br\",\"logo\":{\"@type\":\"ImageObject\",\"inLanguage\":\"pt-BR\",\"@id\":\"https:\/\/fairfaxcryobank.com\/br#\/schema\/logo\/image\/\",\"url\":\"https:\/\/fairfaxcryobank.com\/wp-content\/uploads\/logo.webp\",\"contentUrl\":\"https:\/\/fairfaxcryobank.com\/wp-content\/uploads\/logo.webp\",\"width\":1,\"height\":1,\"caption\":\"Fairfax Cryobank\"},\"image\":{\"@id\":\"https:\/\/fairfaxcryobank.com\/br#\/schema\/logo\/image\/\"},\"sameAs\":[\"https:\/\/www.facebook.com\/fairfax.cryobank\",\"https:\/\/x.com\/FairfaxCryobank\",\"https:\/\/www.instagram.com\/fairfaxcryobank\/\",\"https:\/\/www.pinterest.com\/fairfaxcryo\/\"]}]}<\/script>\n<!-- \/ Yoast SEO plugin. -->","yoast_head_json":{"title":"Sobre o Fairfax Cryobank | Fairfax Cryobank","description":"Sobre nosso banco de s\u00eamen Fairfax","robots":{"index":"index","follow":"follow","max-snippet":"max-snippet:-1","max-image-preview":"max-image-preview:large","max-video-preview":"max-video-preview:-1"},"canonical":"https:\/\/fairfaxcryobank.com\/br\/sobre-o-fairfax-cryobank","og_locale":"pt_BR","og_type":"article","og_title":"Sobre o Fairfax Cryobank | Fairfax Cryobank","og_description":"Sobre nosso banco de s\u00eamen Fairfax","og_url":"https:\/\/fairfaxcryobank.com\/br\/sobre-o-fairfax-cryobank","og_site_name":"Fairfax Cryobank - Find a Sperm Donor","article_publisher":"https:\/\/www.facebook.com\/fairfax.cryobank","article_modified_time":"2022-01-06T15:17:53+00:00","og_image":[{"width":1024,"height":681,"url":"https:\/\/fairfaxcryobank.com\/wp-content\/uploads\/newborn-baby-hand-on-hands_SYbx2bhTrs-1-1024x681.jpg","type":"image\/jpeg"}],"twitter_card":"summary_large_image","twitter_site":"@FairfaxCryobank","twitter_misc":{"Est. tempo de leitura":"2 minutos"},"schema":{"@context":"https:\/\/schema.org","@graph":[{"@type":"WebPage","@id":"https:\/\/fairfaxcryobank.com\/br\/sobre-o-fairfax-cryobank","url":"https:\/\/fairfaxcryobank.com\/br\/sobre-o-fairfax-cryobank","name":"Sobre o Fairfax Cryobank | Fairfax Cryobank","isPartOf":{"@id":"https:\/\/fairfaxcryobank.com\/br#website"},"primaryImageOfPage":{"@id":"https:\/\/fairfaxcryobank.com\/br\/sobre-o-fairfax-cryobank#primaryimage"},"image":{"@id":"https:\/\/fairfaxcryobank.com\/br\/sobre-o-fairfax-cryobank#primaryimage"},"thumbnailUrl":"https:\/\/fairfaxcryobank.com\/wp-content\/uploads\/newborn-baby-hand-on-hands_SYbx2bhTrs-1.jpg","datePublished":"2019-09-03T11:19:25+00:00","dateModified":"2022-01-06T15:17:53+00:00","description":"Sobre nosso banco de s\u00eamen Fairfax","breadcrumb":{"@id":"https:\/\/fairfaxcryobank.com\/br\/sobre-o-fairfax-cryobank#breadcrumb"},"inLanguage":"pt-BR","potentialAction":[{"@type":"ReadAction","target":["https:\/\/fairfaxcryobank.com\/br\/sobre-o-fairfax-cryobank"]}]},{"@type":"ImageObject","inLanguage":"pt-BR","@id":"https:\/\/fairfaxcryobank.com\/br\/sobre-o-fairfax-cryobank#primaryimage","url":"https:\/\/fairfaxcryobank.com\/wp-content\/uploads\/newborn-baby-hand-on-hands_SYbx2bhTrs-1.jpg","contentUrl":"https:\/\/fairfaxcryobank.com\/wp-content\/uploads\/newborn-baby-hand-on-hands_SYbx2bhTrs-1.jpg","width":4256,"height":2832,"caption":"uber-fairfax-cryobank"},{"@type":"BreadcrumbList","@id":"https:\/\/fairfaxcryobank.com\/br\/sobre-o-fairfax-cryobank#breadcrumb","itemListElement":[{"@type":"ListItem","position":1,"name":"Home","item":"https:\/\/fairfaxcryobank.com\/br"},{"@type":"ListItem","position":2,"name":"Sobre o Fairfax Cryobank"}]},{"@type":"WebSite","@id":"https:\/\/fairfaxcryobank.com\/br#website","url":"https:\/\/fairfaxcryobank.com\/br","name":"Fairfax Cryobank - Find a Sperm Donor","description":"Top-Tier Sperm Bank","publisher":{"@id":"https:\/\/fairfaxcryobank.com\/br#organization"},"potentialAction":[{"@type":"SearchAction","target":{"@type":"EntryPoint","urlTemplate":"https:\/\/fairfaxcryobank.com\/br?s={search_term_string}"},"query-input":{"@type":"PropertyValueSpecification","valueRequired":true,"valueName":"search_term_string"}}],"inLanguage":"pt-BR"},{"@type":"Organization","@id":"https:\/\/fairfaxcryobank.com\/br#organization","name":"Fairfax Cryobank","url":"https:\/\/fairfaxcryobank.com\/br","logo":{"@type":"ImageObject","inLanguage":"pt-BR","@id":"https:\/\/fairfaxcryobank.com\/br#\/schema\/logo\/image\/","url":"https:\/\/fairfaxcryobank.com\/wp-content\/uploads\/logo.webp","contentUrl":"https:\/\/fairfaxcryobank.com\/wp-content\/uploads\/logo.webp","width":1,"height":1,"caption":"Fairfax Cryobank"},"image":{"@id":"https:\/\/fairfaxcryobank.com\/br#\/schema\/logo\/image\/"},"sameAs":["https:\/\/www.facebook.com\/fairfax.cryobank","https:\/\/x.com\/FairfaxCryobank","https:\/\/www.instagram.com\/fairfaxcryobank\/","https:\/\/www.pinterest.com\/fairfaxcryo\/"]}]}},"post_mailing_queue_ids":[],"_links":{"self":[{"href":"https:\/\/fairfaxcryobank.com\/br\/wp-json\/wp\/v2\/pages\/1912","targetHints":{"allow":["GET"]}}],"collection":[{"href":"https:\/\/fairfaxcryobank.com\/br\/wp-json\/wp\/v2\/pages"}],"about":[{"href":"https:\/\/fairfaxcryobank.com\/br\/wp-json\/wp\/v2\/types\/page"}],"author":[{"embeddable":true,"href":"https:\/\/fairfaxcryobank.com\/br\/wp-json\/wp\/v2\/users\/1"}],"replies":[{"embeddable":true,"href":"https:\/\/fairfaxcryobank.com\/br\/wp-json\/wp\/v2\/comments?post=1912"}],"version-history":[{"count":1,"href":"https:\/\/fairfaxcryobank.com\/br\/wp-json\/wp\/v2\/pages\/1912\/revisions"}],"predecessor-version":[{"id":19649,"href":"https:\/\/fairfaxcryobank.com\/br\/wp-json\/wp\/v2\/pages\/1912\/revisions\/19649"}],"wp:featuredmedia":[{"embeddable":true,"href":"https:\/\/fairfaxcryobank.com\/br\/wp-json\/wp\/v2\/media\/2617"}],"wp:attachment":[{"href":"https:\/\/fairfaxcryobank.com\/br\/wp-json\/wp\/v2\/media?parent=1912"}],"curies":[{"name":"wp","href":"https:\/\/api.w.org\/{rel}","templated":true}]}}