{"id":1917,"date":"2015-05-08T10:57:58","date_gmt":"2015-05-08T10:57:58","guid":{"rendered":"https:\/\/fairfaxcryobank.com\/?page_id=1917"},"modified":"2025-11-12T12:24:59","modified_gmt":"2025-11-12T17:24:59","slug":"nossa-equipe","status":"publish","type":"page","link":"https:\/\/fairfaxcryobank.com\/br\/nossa-equipe","title":{"rendered":"Nossa equipe"},"content":{"rendered":"\n<h3 class=\"wp-block-heading\">Conhe\u00e7a a equipe do Fairfax Cryobank<\/h3>\n\n\n\n<p>Juntos Formamos uma Fam\u00edlia. No Fairfax Cryobank, nossa equipe \u00e9 dedicada \u00e0 nossa miss\u00e3o de ajud\u00e1-lo a realizar seus sonhos de constru\u00e7\u00e3o de fam\u00edlia. Desde 1986, a equipe experiente e atenciosa do Fairfax Cryobank tem a honra de ajudar milhares de fam\u00edlias em todo o mundo.<\/p>\n\n\n\n<p>Para saber mais sobre nossa equipe, conhe\u00e7a nossa equipe de lideran\u00e7a abaixo.<\/p>\n\n\n<div class=\"ns-team ns-team-01\">\n<h2>Lideran\u00e7a<\/h2>\n<div class=\"ns-team-block\">\n<div class=\"ns-img\"><img loading=\"lazy\" decoding=\"async\" class=\"alignnone size-full wp-image-13715\" src=\"https:\/\/fairfaxcryobank.com\/wp-content\/uploads\/NadeemMalik-FairfaxEgg-171941.jpg\" alt=\"\" width=\"170\" height=\"170\" srcset=\"https:\/\/fairfaxcryobank.com\/wp-content\/uploads\/NadeemMalik-FairfaxEgg-171941.jpg 170w, https:\/\/fairfaxcryobank.com\/wp-content\/uploads\/NadeemMalik-FairfaxEgg-171941-150x150.jpg 150w\" sizes=\"auto, (max-width: 170px) 100vw, 170px\" \/><\/div>\n<div class=\"ns-text\"><strong>Nadeem Malik<\/strong><br \/>CEO<\/div>\n<\/div>\n<div class=\"ns-team-block\">\n<div class=\"ns-img\"><img loading=\"lazy\" decoding=\"async\" class=\"alignnone size-full wp-image-5303\" src=\"https:\/\/fairfaxcryobank.com\/wp-content\/uploads\/team-03.png\" alt=\"\" width=\"170\" height=\"170\" srcset=\"https:\/\/fairfaxcryobank.com\/wp-content\/uploads\/team-03.png 170w, https:\/\/fairfaxcryobank.com\/wp-content\/uploads\/team-03-150x150.png 150w\" sizes=\"auto, (max-width: 170px) 100vw, 170px\" \/><\/div>\n<div class=\"ns-text\"><strong>Harvey Stern<\/strong><br \/>M.D., Ph.D.<br \/>Diretor M\u00e9dico<\/div>\n<\/div>\n<div class=\"ns-team-block\">\n<div class=\"ns-img\"><img loading=\"lazy\" decoding=\"async\" class=\"alignnone size-full wp-image-5297\" src=\"https:\/\/fairfaxcryobank.com\/wp-content\/uploads\/joey-manhein_sq.png\" alt=\"\" width=\"170\" height=\"170\" \/><\/div>\n<div class=\"ns-text\"><strong>Joey Manhein<\/strong><br \/>M.P.H., B.S<br \/>Diretora de Produ\u00e7\u00e3o<\/div>\n<\/div>\n<div class=\"ns-team-block\">\n<div class=\"ns-img\"><img loading=\"lazy\" decoding=\"async\" class=\"alignnone size-full wp-image-19731\" src=\"https:\/\/fairfaxcryobank.com\/wp-content\/uploads\/FCB-Staff-Team-Headshot-Template_sean-ocallaghan-2.png\" alt=\"\" width=\"170\" height=\"170\" srcset=\"https:\/\/fairfaxcryobank.com\/wp-content\/uploads\/FCB-Staff-Team-Headshot-Template_sean-ocallaghan-2.png 170w, https:\/\/fairfaxcryobank.com\/wp-content\/uploads\/FCB-Staff-Team-Headshot-Template_sean-ocallaghan-2-150x150.png 150w\" sizes=\"auto, (max-width: 170px) 100vw, 170px\" \/><\/div>\n<div class=\"ns-text\"><strong>Sean O\u2019 Callaghan<\/strong><br \/>Director of Business Development<\/div>\n<\/div>\n<div class=\"ns-team-block\">\n<div class=\"ns-img\"><img loading=\"lazy\" decoding=\"async\" class=\"alignnone size-full wp-image-13709\" src=\"https:\/\/fairfaxcryobank.com\/wp-content\/uploads\/MIKE0469b_web-edit.jpg\" alt=\"\" width=\"170\" height=\"170\" srcset=\"https:\/\/fairfaxcryobank.com\/wp-content\/uploads\/MIKE0469b_web-edit.jpg 170w, https:\/\/fairfaxcryobank.com\/wp-content\/uploads\/MIKE0469b_web-edit-150x150.jpg 150w\" sizes=\"auto, (max-width: 170px) 100vw, 170px\" \/><\/div>\n<div class=\"ns-text\"><strong>Mike Buuck<\/strong><br \/>Diretor de Desenvolvimento de Clientes<\/div>\n<\/div>\n<div class=\"ns-team-block\">\n<div class=\"ns-img\"><img loading=\"lazy\" decoding=\"async\" class=\"alignnone size-full wp-image-13709\" src=\"https:\/\/fairfaxcryobank.com\/wp-content\/uploads\/Fairfax-Cryobank-Lisa-Lightbourne315960-RT.png\" alt=\"\" width=\"170\" height=\"170\" \/><\/div>\n<div class=\"ns-text\"><strong>Lisa Lightbourne<\/strong><br \/>Clinic Relations Manager<\/div>\n<\/div>\n<div class=\"ns-team-block\">\n<div class=\"ns-img\"><img loading=\"lazy\" decoding=\"async\" class=\"alignnone size-full wp-image-20743\" src=\"https:\/\/fairfaxcryobank.com\/wp-content\/uploads\/team-kg.png\" alt=\"\" width=\"170\" height=\"170\" srcset=\"https:\/\/fairfaxcryobank.com\/wp-content\/uploads\/team-kg.png 170w, https:\/\/fairfaxcryobank.com\/wp-content\/uploads\/team-kg-150x150.png 150w\" sizes=\"auto, (max-width: 170px) 100vw, 170px\" \/><\/div>\n<div class=\"ns-text\"><strong>Kristina Garcia<\/strong><br \/>Cryobank Manager<\/div>\n<\/div>\n<div class=\"ns-team-block\">\n<div class=\"ns-img\"><img loading=\"lazy\" decoding=\"async\" class=\"alignnone size-full wp-image-5309\" src=\"https:\/\/fairfaxcryobank.com\/wp-content\/uploads\/team-04.png\" alt=\"\" width=\"170\" height=\"170\" srcset=\"https:\/\/fairfaxcryobank.com\/wp-content\/uploads\/team-04.png 170w, https:\/\/fairfaxcryobank.com\/wp-content\/uploads\/team-04-150x150.png 150w\" sizes=\"auto, (max-width: 170px) 100vw, 170px\" \/><\/div>\n<div class=\"ns-text\"><strong>Sara Kraner<\/strong><br \/>Conselho Geral<\/div>\n<\/div>\n<div class=\"ns-team-block\">\n<div class=\"ns-img\"><img loading=\"lazy\" decoding=\"async\" class=\"alignnone size-full wp-image-5309\" src=\"https:\/\/fairfaxcryobank.com\/wp-content\/uploads\/MorganBarker-FairfaxEgg-171795.png\" alt=\"\" width=\"170\" height=\"170\" \/><\/div>\n<div class=\"ns-text\"><strong>Morgan Barker<\/strong><br \/>Marketing Director<\/div>\n<\/div>\n<div class=\"ns-team-block\">\n<div class=\"ns-img\"><img loading=\"lazy\" decoding=\"async\" class=\"alignnone size-full wp-image-5309\" src=\"https:\/\/fairfaxcryobank.com\/wp-content\/uploads\/Fairfax-Cryobank-Megan-Cole231458.png\" alt=\"\" width=\"170\" height=\"170\" \/><\/div>\n<div class=\"ns-text\"><strong>Megan Cole<\/strong><br \/>Marketing Manager<\/div>\n<\/div>\n<div class=\"ns-team-block\">\n<div class=\"ns-img\"><img loading=\"lazy\" decoding=\"async\" class=\"alignnone size-full wp-image-5309\" src=\"https:\/\/fairfaxcryobank.com\/wp-content\/uploads\/Fairfax-Cryobank-Kimberly-Aiello-Camacho.png\" alt=\"\" width=\"170\" height=\"170\" \/><\/div>\n<div class=\"ns-text\"><strong>Kimberly Aiello<\/strong><br \/>Marketing Content Publisher<\/div>\n<\/div>\n<div class=\"ns-team-block\">\n<div class=\"ns-img\"><img loading=\"lazy\" decoding=\"async\" class=\"alignnone size-full wp-image-5309\" src=\"https:\/\/fairfaxcryobank.com\/wp-content\/uploads\/Fairfax-Cryobank-Javier-Varela.png\" alt=\"\" width=\"170\" height=\"170\" \/><\/div>\n<div class=\"ns-text\"><strong>Javier Varela<\/strong><br \/>Marketing Assistant<\/div>\n<\/div>\n<\/div>\n<div class=\"ns-team ns-team-02\">\n<h2>Servi\u00e7os ao cliente<\/h2>\n<div class=\"ns-team-block\">\n<div class=\"ns-img\"><img loading=\"lazy\" decoding=\"async\" class=\"alignnone size-full wp-image-5321\" src=\"https:\/\/fairfaxcryobank.com\/wp-content\/uploads\/team-06.png\" alt=\"\" width=\"170\" height=\"170\" srcset=\"https:\/\/fairfaxcryobank.com\/wp-content\/uploads\/team-06.png 170w, https:\/\/fairfaxcryobank.com\/wp-content\/uploads\/team-06-150x150.png 150w\" sizes=\"auto, (max-width: 170px) 100vw, 170px\" \/><\/div>\n<div class=\"ns-text\"><strong>Kristie Burke<\/strong><\/div>\n<\/div>\n<div class=\"ns-team-block\">\n<div class=\"ns-img\"><img loading=\"lazy\" decoding=\"async\" class=\"alignnone size-full wp-image-5327\" src=\"https:\/\/fairfaxcryobank.com\/wp-content\/uploads\/team-07.png\" alt=\"\" width=\"170\" height=\"170\" srcset=\"https:\/\/fairfaxcryobank.com\/wp-content\/uploads\/team-07.png 170w, https:\/\/fairfaxcryobank.com\/wp-content\/uploads\/team-07-150x150.png 150w\" sizes=\"auto, (max-width: 170px) 100vw, 170px\" \/><\/div>\n<div class=\"ns-text\"><strong>Sulma Romero<\/strong>\n<div class=\"ns-flag\"><img decoding=\"async\" src=\"\/wp-content\/themes\/fairfaxcryobank\/images\/es.png\" alt=\"\" \/> Yo hablo espa\u00f1ol<\/div>\n<\/div>\n<\/div>\n<div class=\"ns-team-block\">\n<div class=\"ns-img\"><img loading=\"lazy\" decoding=\"async\" class=\"alignnone size-full wp-image-5333\" src=\"https:\/\/fairfaxcryobank.com\/wp-content\/uploads\/team-08.png\" alt=\"\" width=\"170\" height=\"170\" srcset=\"https:\/\/fairfaxcryobank.com\/wp-content\/uploads\/team-08.png 170w, https:\/\/fairfaxcryobank.com\/wp-content\/uploads\/team-08-150x150.png 150w\" sizes=\"auto, (max-width: 170px) 100vw, 170px\" \/><\/div>\n<div class=\"ns-text\"><strong>Nadine Carcamo<\/strong><br \/><img decoding=\"async\" src=\"\/wp-content\/themes\/fairfaxcryobank\/images\/es.png\" alt=\"\" \/> Yo hablo espa\u00f1ol<\/div>\n<\/div>\n<div class=\"ns-team-block\">\n<div class=\"ns-img\"><img loading=\"lazy\" decoding=\"async\" class=\"alignnone size-full wp-image-5309\" src=\"https:\/\/fairfaxcryobank.com\/wp-content\/uploads\/Doreen-Bond.png\" alt=\"\" width=\"170\" height=\"170\" \/><\/div>\n<div class=\"ns-text\"><strong>Doreen Bond<\/strong><br \/>Manager of Client Services<\/div>\n<\/div>\n<\/div>\n\n\n<p><\/p>\n","protected":false},"excerpt":{"rendered":"<p>Conhe\u00e7a a equipe do Fairfax Cryobank Juntos Formamos uma Fam\u00edlia. No Fairfax Cryobank, nossa equipe \u00e9 dedicada \u00e0 nossa miss\u00e3o de ajud\u00e1-lo a realizar seus sonhos de constru\u00e7\u00e3o de fam\u00edlia. Desde 1986, a equipe experiente e atenciosa do Fairfax Cryobank tem a honra de ajudar milhares de fam\u00edlias em todo &#8230;<\/p>\n","protected":false},"author":1,"featured_media":21920,"parent":0,"menu_order":0,"comment_status":"closed","ping_status":"closed","template":"","meta":{"footnotes":""},"class_list":["post-1917","page","type-page","status-publish","has-post-thumbnail","hentry"],"yoast_head":"<!-- This site is optimized with the Yoast SEO plugin v27.1.1 - https:\/\/yoast.com\/product\/yoast-seo-wordpress\/ -->\n<title>Fairfax Cryobank Staff | Fairfax Cryobank Sperm Bank<\/title>\n<meta name=\"description\" content=\"Meet the team behind Fairfax Cryobank, the trusted source for donor sperm since 1986. Our experienced Fairfax Cryobank staff is passionate about supporting families.\" \/>\n<meta name=\"robots\" content=\"index, follow, max-snippet:-1, max-image-preview:large, max-video-preview:-1\" \/>\n<link rel=\"canonical\" href=\"https:\/\/fairfaxcryobank.com\/br\/nossa-equipe\" \/>\n<meta property=\"og:locale\" content=\"pt_BR\" \/>\n<meta property=\"og:type\" content=\"article\" \/>\n<meta property=\"og:title\" content=\"Fairfax Cryobank Staff | Fairfax Cryobank Sperm Bank\" \/>\n<meta property=\"og:description\" content=\"Meet the team behind Fairfax Cryobank, the trusted source for donor sperm since 1986. Our experienced Fairfax Cryobank staff is passionate about supporting families.\" \/>\n<meta property=\"og:url\" content=\"https:\/\/fairfaxcryobank.com\/br\/nossa-equipe\" \/>\n<meta property=\"og:site_name\" content=\"Fairfax Cryobank - Find a Sperm Donor\" \/>\n<meta property=\"article:publisher\" content=\"https:\/\/www.facebook.com\/fairfax.cryobank\" \/>\n<meta property=\"article:modified_time\" content=\"2025-11-12T17:24:59+00:00\" \/>\n<meta property=\"og:image\" content=\"https:\/\/fairfaxcryobank.com\/wp-content\/uploads\/TOGETHER-WE-MAKE-A-FAMILY_about-fairfax-email-workflow-1-1536x1229-1.png\" \/>\n\t<meta property=\"og:image:width\" content=\"1536\" \/>\n\t<meta property=\"og:image:height\" content=\"1229\" \/>\n\t<meta property=\"og:image:type\" content=\"image\/png\" \/>\n<meta name=\"twitter:card\" content=\"summary_large_image\" \/>\n<meta name=\"twitter:site\" content=\"@FairfaxCryobank\" \/>\n<meta name=\"twitter:label1\" content=\"Est. tempo de leitura\" \/>\n\t<meta name=\"twitter:data1\" content=\"5 minutos\" \/>\n<script type=\"application\/ld+json\" class=\"yoast-schema-graph\">{\"@context\":\"https:\/\/schema.org\",\"@graph\":[{\"@type\":\"WebPage\",\"@id\":\"https:\/\/fairfaxcryobank.com\/br\/nossa-equipe\",\"url\":\"https:\/\/fairfaxcryobank.com\/br\/nossa-equipe\",\"name\":\"Fairfax Cryobank Staff | Fairfax Cryobank Sperm Bank\",\"isPartOf\":{\"@id\":\"https:\/\/fairfaxcryobank.com\/br#website\"},\"primaryImageOfPage\":{\"@id\":\"https:\/\/fairfaxcryobank.com\/br\/nossa-equipe#primaryimage\"},\"image\":{\"@id\":\"https:\/\/fairfaxcryobank.com\/br\/nossa-equipe#primaryimage\"},\"thumbnailUrl\":\"https:\/\/fairfaxcryobank.com\/wp-content\/uploads\/TOGETHER-WE-MAKE-A-FAMILY_about-fairfax-email-workflow-1-1536x1229-1.png\",\"datePublished\":\"2015-05-08T10:57:58+00:00\",\"dateModified\":\"2025-11-12T17:24:59+00:00\",\"description\":\"Meet the team behind Fairfax Cryobank, the trusted source for donor sperm since 1986. Our experienced Fairfax Cryobank staff is passionate about supporting families.\",\"breadcrumb\":{\"@id\":\"https:\/\/fairfaxcryobank.com\/br\/nossa-equipe#breadcrumb\"},\"inLanguage\":\"pt-BR\",\"potentialAction\":[{\"@type\":\"ReadAction\",\"target\":[\"https:\/\/fairfaxcryobank.com\/br\/nossa-equipe\"]}]},{\"@type\":\"ImageObject\",\"inLanguage\":\"pt-BR\",\"@id\":\"https:\/\/fairfaxcryobank.com\/br\/nossa-equipe#primaryimage\",\"url\":\"https:\/\/fairfaxcryobank.com\/wp-content\/uploads\/TOGETHER-WE-MAKE-A-FAMILY_about-fairfax-email-workflow-1-1536x1229-1.png\",\"contentUrl\":\"https:\/\/fairfaxcryobank.com\/wp-content\/uploads\/TOGETHER-WE-MAKE-A-FAMILY_about-fairfax-email-workflow-1-1536x1229-1.png\",\"width\":1536,\"height\":1229},{\"@type\":\"BreadcrumbList\",\"@id\":\"https:\/\/fairfaxcryobank.com\/br\/nossa-equipe#breadcrumb\",\"itemListElement\":[{\"@type\":\"ListItem\",\"position\":1,\"name\":\"Home\",\"item\":\"https:\/\/fairfaxcryobank.com\/br\"},{\"@type\":\"ListItem\",\"position\":2,\"name\":\"Nossa equipe\"}]},{\"@type\":\"WebSite\",\"@id\":\"https:\/\/fairfaxcryobank.com\/br#website\",\"url\":\"https:\/\/fairfaxcryobank.com\/br\",\"name\":\"Fairfax Cryobank - Find a Sperm Donor\",\"description\":\"Top-Tier Sperm Bank\",\"publisher\":{\"@id\":\"https:\/\/fairfaxcryobank.com\/br#organization\"},\"potentialAction\":[{\"@type\":\"SearchAction\",\"target\":{\"@type\":\"EntryPoint\",\"urlTemplate\":\"https:\/\/fairfaxcryobank.com\/br?s={search_term_string}\"},\"query-input\":{\"@type\":\"PropertyValueSpecification\",\"valueRequired\":true,\"valueName\":\"search_term_string\"}}],\"inLanguage\":\"pt-BR\"},{\"@type\":\"Organization\",\"@id\":\"https:\/\/fairfaxcryobank.com\/br#organization\",\"name\":\"Fairfax Cryobank\",\"url\":\"https:\/\/fairfaxcryobank.com\/br\",\"logo\":{\"@type\":\"ImageObject\",\"inLanguage\":\"pt-BR\",\"@id\":\"https:\/\/fairfaxcryobank.com\/br#\/schema\/logo\/image\/\",\"url\":\"https:\/\/fairfaxcryobank.com\/wp-content\/uploads\/logo.webp\",\"contentUrl\":\"https:\/\/fairfaxcryobank.com\/wp-content\/uploads\/logo.webp\",\"width\":1,\"height\":1,\"caption\":\"Fairfax Cryobank\"},\"image\":{\"@id\":\"https:\/\/fairfaxcryobank.com\/br#\/schema\/logo\/image\/\"},\"sameAs\":[\"https:\/\/www.facebook.com\/fairfax.cryobank\",\"https:\/\/x.com\/FairfaxCryobank\",\"https:\/\/www.instagram.com\/fairfaxcryobank\/\",\"https:\/\/www.pinterest.com\/fairfaxcryo\/\"]}]}<\/script>\n<!-- \/ Yoast SEO plugin. -->","yoast_head_json":{"title":"Fairfax Cryobank Staff | Fairfax Cryobank Sperm Bank","description":"Meet the team behind Fairfax Cryobank, the trusted source for donor sperm since 1986. Our experienced Fairfax Cryobank staff is passionate about supporting families.","robots":{"index":"index","follow":"follow","max-snippet":"max-snippet:-1","max-image-preview":"max-image-preview:large","max-video-preview":"max-video-preview:-1"},"canonical":"https:\/\/fairfaxcryobank.com\/br\/nossa-equipe","og_locale":"pt_BR","og_type":"article","og_title":"Fairfax Cryobank Staff | Fairfax Cryobank Sperm Bank","og_description":"Meet the team behind Fairfax Cryobank, the trusted source for donor sperm since 1986. Our experienced Fairfax Cryobank staff is passionate about supporting families.","og_url":"https:\/\/fairfaxcryobank.com\/br\/nossa-equipe","og_site_name":"Fairfax Cryobank - Find a Sperm Donor","article_publisher":"https:\/\/www.facebook.com\/fairfax.cryobank","article_modified_time":"2025-11-12T17:24:59+00:00","og_image":[{"width":1536,"height":1229,"url":"https:\/\/fairfaxcryobank.com\/wp-content\/uploads\/TOGETHER-WE-MAKE-A-FAMILY_about-fairfax-email-workflow-1-1536x1229-1.png","type":"image\/png"}],"twitter_card":"summary_large_image","twitter_site":"@FairfaxCryobank","twitter_misc":{"Est. tempo de leitura":"5 minutos"},"schema":{"@context":"https:\/\/schema.org","@graph":[{"@type":"WebPage","@id":"https:\/\/fairfaxcryobank.com\/br\/nossa-equipe","url":"https:\/\/fairfaxcryobank.com\/br\/nossa-equipe","name":"Fairfax Cryobank Staff | Fairfax Cryobank Sperm Bank","isPartOf":{"@id":"https:\/\/fairfaxcryobank.com\/br#website"},"primaryImageOfPage":{"@id":"https:\/\/fairfaxcryobank.com\/br\/nossa-equipe#primaryimage"},"image":{"@id":"https:\/\/fairfaxcryobank.com\/br\/nossa-equipe#primaryimage"},"thumbnailUrl":"https:\/\/fairfaxcryobank.com\/wp-content\/uploads\/TOGETHER-WE-MAKE-A-FAMILY_about-fairfax-email-workflow-1-1536x1229-1.png","datePublished":"2015-05-08T10:57:58+00:00","dateModified":"2025-11-12T17:24:59+00:00","description":"Meet the team behind Fairfax Cryobank, the trusted source for donor sperm since 1986. Our experienced Fairfax Cryobank staff is passionate about supporting families.","breadcrumb":{"@id":"https:\/\/fairfaxcryobank.com\/br\/nossa-equipe#breadcrumb"},"inLanguage":"pt-BR","potentialAction":[{"@type":"ReadAction","target":["https:\/\/fairfaxcryobank.com\/br\/nossa-equipe"]}]},{"@type":"ImageObject","inLanguage":"pt-BR","@id":"https:\/\/fairfaxcryobank.com\/br\/nossa-equipe#primaryimage","url":"https:\/\/fairfaxcryobank.com\/wp-content\/uploads\/TOGETHER-WE-MAKE-A-FAMILY_about-fairfax-email-workflow-1-1536x1229-1.png","contentUrl":"https:\/\/fairfaxcryobank.com\/wp-content\/uploads\/TOGETHER-WE-MAKE-A-FAMILY_about-fairfax-email-workflow-1-1536x1229-1.png","width":1536,"height":1229},{"@type":"BreadcrumbList","@id":"https:\/\/fairfaxcryobank.com\/br\/nossa-equipe#breadcrumb","itemListElement":[{"@type":"ListItem","position":1,"name":"Home","item":"https:\/\/fairfaxcryobank.com\/br"},{"@type":"ListItem","position":2,"name":"Nossa equipe"}]},{"@type":"WebSite","@id":"https:\/\/fairfaxcryobank.com\/br#website","url":"https:\/\/fairfaxcryobank.com\/br","name":"Fairfax Cryobank - Find a Sperm Donor","description":"Top-Tier Sperm Bank","publisher":{"@id":"https:\/\/fairfaxcryobank.com\/br#organization"},"potentialAction":[{"@type":"SearchAction","target":{"@type":"EntryPoint","urlTemplate":"https:\/\/fairfaxcryobank.com\/br?s={search_term_string}"},"query-input":{"@type":"PropertyValueSpecification","valueRequired":true,"valueName":"search_term_string"}}],"inLanguage":"pt-BR"},{"@type":"Organization","@id":"https:\/\/fairfaxcryobank.com\/br#organization","name":"Fairfax Cryobank","url":"https:\/\/fairfaxcryobank.com\/br","logo":{"@type":"ImageObject","inLanguage":"pt-BR","@id":"https:\/\/fairfaxcryobank.com\/br#\/schema\/logo\/image\/","url":"https:\/\/fairfaxcryobank.com\/wp-content\/uploads\/logo.webp","contentUrl":"https:\/\/fairfaxcryobank.com\/wp-content\/uploads\/logo.webp","width":1,"height":1,"caption":"Fairfax Cryobank"},"image":{"@id":"https:\/\/fairfaxcryobank.com\/br#\/schema\/logo\/image\/"},"sameAs":["https:\/\/www.facebook.com\/fairfax.cryobank","https:\/\/x.com\/FairfaxCryobank","https:\/\/www.instagram.com\/fairfaxcryobank\/","https:\/\/www.pinterest.com\/fairfaxcryo\/"]}]}},"post_mailing_queue_ids":[],"_links":{"self":[{"href":"https:\/\/fairfaxcryobank.com\/br\/wp-json\/wp\/v2\/pages\/1917","targetHints":{"allow":["GET"]}}],"collection":[{"href":"https:\/\/fairfaxcryobank.com\/br\/wp-json\/wp\/v2\/pages"}],"about":[{"href":"https:\/\/fairfaxcryobank.com\/br\/wp-json\/wp\/v2\/types\/page"}],"author":[{"embeddable":true,"href":"https:\/\/fairfaxcryobank.com\/br\/wp-json\/wp\/v2\/users\/1"}],"replies":[{"embeddable":true,"href":"https:\/\/fairfaxcryobank.com\/br\/wp-json\/wp\/v2\/comments?post=1917"}],"version-history":[{"count":22,"href":"https:\/\/fairfaxcryobank.com\/br\/wp-json\/wp\/v2\/pages\/1917\/revisions"}],"predecessor-version":[{"id":36862,"href":"https:\/\/fairfaxcryobank.com\/br\/wp-json\/wp\/v2\/pages\/1917\/revisions\/36862"}],"wp:featuredmedia":[{"embeddable":true,"href":"https:\/\/fairfaxcryobank.com\/br\/wp-json\/wp\/v2\/media\/21920"}],"wp:attachment":[{"href":"https:\/\/fairfaxcryobank.com\/br\/wp-json\/wp\/v2\/media?parent=1917"}],"curies":[{"name":"wp","href":"https:\/\/api.w.org\/{rel}","templated":true}]}}