{"id":1928,"date":"2019-09-03T11:36:57","date_gmt":"2019-09-03T11:36:57","guid":{"rendered":"https:\/\/fairfaxcryobank.com\/?page_id=1928"},"modified":"2023-12-07T10:57:15","modified_gmt":"2023-12-07T15:57:15","slug":"centro-de-informacoes","status":"publish","type":"page","link":"https:\/\/fairfaxcryobank.com\/br\/centro-de-informacoes","title":{"rendered":"Centro de Informacoes"},"content":{"rendered":"\n<h2 class=\"wp-block-heading\">O Guia Mestre para construir uma fam\u00edlia Fairfax<\/h2>\n\n\n\n<h3 class=\"wp-block-heading\"><a href=\"https:\/\/fairfaxcryobank.com\/sm-003-f-002-terms-of-use-crio-brasil-servicos_web_ds_prt\" target=\"_blank\" rel=\"noreferrer noopener\">Termos de Uso &#8211; Crio Brasil Servi\u00e7os<\/a><\/h3>\n\n\n\n<h3 class=\"wp-block-heading\"><a href=\"https:\/\/fairfaxcryobank.com\/wp-content\/uploads\/SM-004-F.003-International-ID-Donor-Birth-Registration-Form_TRAN_PRT.pdf\">Consentimento Internacional para Registro de Nascimento <\/a><\/h3>\n\n\n\n<h4 class=\"wp-block-heading\"><strong><a href=\"\/br\/perguntas-frequentes\">Perguntas Frequentes<\/a><\/strong><\/h4>\n\n\n\n<ul class=\"wp-block-list\"><li>S\u00eamen de doador<\/li><li>Lista de espera<\/li><li>Quest\u00f5es Gen\u00e9ticas<\/li><li>Para Profissionais M\u00e9dicos <\/li><\/ul>\n\n\n\n<h4 class=\"wp-block-heading\"><strong>Futuros pais<\/strong><\/h4>\n\n\n\n<ul class=\"wp-block-list\"><li><a href=\"\/br\/casais-que-enfrentam-a-infertilidade\">Casais enfrentando a infertilidade<\/a><\/li><li><a href=\"\/br\/producao-independente\">Produ\u00e7\u00e3o independente<\/a><\/li><li><a href=\"\/br\/lgbtqx-families\">Fam\u00edlias LGBT <\/a><\/li><li><a href=\"https:\/\/blogandforum.fairfaxcryobank.com\/?_gl=1*pu84z0*_gcl_au*ODY2NDA4MTcyLjE3MjM0NzQyNjQ\">F\u00f3runs (Em ingl\u00eas)<\/a>: Fairfax Cryobank Family Forums<\/li><li><a href=\"https:\/\/fairfaxcryobank.com\/blog\">Blog (Em ingl\u00eas):<\/a> siga nossas postagens semanais<\/li><li><a href=\"\/br\/informe-de-gestacao\">Formul\u00e1rio para relatar gravidez<\/a><\/li><li><a href=\"\/br\/verifique-status-do-doador\">Verificar status m\u00e9dico do doador<\/a> <\/li><\/ul>\n\n\n\n<h4 class=\"wp-block-heading\"><strong>M\u00e9dicos e\nCl\u00ednicas<\/strong><\/h4>\n\n\n\n<ul class=\"wp-block-list\"><li><a href=\"\/br\/profissionais-medicos\">Profissionais m\u00e9dicos<\/a> (inclui licenciamento, instru\u00e7\u00f5es de descongelamento, etc.)<\/li><li><a href=\"https:\/\/fairfaxcryobank.com\/br\/sm-003-f-003-terms-of-use-physician_web-1-2\">Termos de Uso &#8211; Medicios <\/a><\/li><li><a href=\"\/br\/verifique-status-do-doador\">Verificar status m\u00e9dico do doador<\/a><\/li><\/ul>\n\n\n\n<hr class=\"wp-block-separator\"\/>\n\n\n\n<h4 class=\"wp-block-heading\"><strong>Informa\u00e7\u00f5es sobre as amostras<\/strong><\/h4>\n\n\n\n<div class=\"wp-block-button aligncenter\"><a class=\"wp-block-button__link has-text-color has-background\" href=\"\/br\/informacao-da-amostra\" style=\"background-color:#ea6950;color:#ffffff\">Informa\u00e7\u00e3o da amostra <\/a><\/div>\n\n\n\n<hr class=\"wp-block-separator\"\/>\n\n\n\n<h4 class=\"wp-block-heading\"><strong>Fundamentos de bancos de s\u00eamen<\/strong><\/h4>\n\n\n\n<p>As seguintes\ninforma\u00e7\u00f5es b\u00e1sicas sobre banco de s\u00eamen foram preparadas e acordadas pelas\nprincipais empresas do setor. Seu objetivo \u00e9 fornecer informa\u00e7\u00f5es b\u00e1sicas sobre\nalguns dos elementos-chave das opera\u00e7\u00f5es e influ\u00eancia de um banco de s\u00eamen e\nentender melhor, fornecendo informa\u00e7\u00f5es precisas e consistentes.<\/p>\n\n\n\n<p>Regulamenta\u00e7\u00e3o: o banco de s\u00eamen, que inclui a sele\u00e7\u00e3o e\ntestes de doadores de s\u00eamen, \u00e9 uma atividade cada vez mais regulamentada. Em 25\nde maio de 2005, a Food and Drug Administration (FDA) dos EUA iniciou sua\nregulamenta\u00e7\u00e3o de bancos de tecidos reprodutivos (21 CFR Part 1271). O foco\nregulat\u00f3rio do FDA inclui padr\u00f5es para a sele\u00e7\u00e3o e testes de doadores e\nprocedimentos adequados de manuten\u00e7\u00e3o de registros. Desde que essas\nregulamenta\u00e7\u00f5es se tornaram efetivas, todos os principais bancos de s\u00eamen foram\nauditados quanto \u00e0 conformidade pelo FDA por meio de inspe\u00e7\u00f5es no local. As\ninspe\u00e7\u00f5es da FDA ser\u00e3o realizadas periodicamente.<\/p>\n\n\n\n<p>Al\u00e9m da\nregulamenta\u00e7\u00e3o federal, a maioria dos grandes bancos de s\u00eamen tamb\u00e9m \u00e9\nlicenciada e inspecionada por v\u00e1rios estados, principalmente Nova York,\nCalif\u00f3rnia e Maryland. O licenciamento pelas ag\u00eancias estaduais come\u00e7ou em\n1992.<\/p>\n\n\n\n<p>Embora n\u00e3o tenham\nfor\u00e7a de lei, os bancos de s\u00eamen tamb\u00e9m realizam opera\u00e7\u00f5es consistentes com as\ndiretrizes e\/ou padr\u00f5es de organiza\u00e7\u00f5es profissionais como a Sociedade\nAmericana de Medicina Reprodutiva (ASRM).<\/p>\n\n\n\n<p>N\u00e3o obstante a\nsupervis\u00e3o regulat\u00f3ria das ag\u00eancias governamentais e associa\u00e7\u00f5es profissionais,\na maioria dos bancos de s\u00eamen exerceu autorregula\u00e7\u00e3o consistente com os mais\naltos padr\u00f5es m\u00e9dicos e \u00e9ticos. De fato, a maioria dos grandes bancos de s\u00eamen\nestava realizando mais do que todos os testes exigidos pelo FDA v\u00e1rios anos\nantes da data efetiva do FDA e com maior frequ\u00eancia do que o exigido pelo FDA e\noutras ag\u00eancias regulat\u00f3rias.<\/p>\n\n\n\n<p>Estat\u00edsticas: A imprensa popular cita frequentemente o\nn\u00famero de nascimentos por insemina\u00e7\u00e3o pelo uso de doadores an\u00f4nimos por ano em\n30.000. Embora nenhuma estat\u00edstica de todo o setor seja mantida, uma pesquisa\nn\u00e3o publicada conduzida pela AATB sugere que um n\u00famero mais preciso seria de\n4.000 a 5.000 nascimentos inseminados com uso de doador por ano. (Isso \u00e9\ncalculado com base em 1,5 amostra por insemina\u00e7\u00e3o, uma taxa de gravidez de 10%\npor ciclo e uma taxa de aborto espont\u00e2neo de 20%.) Extrapolando esse n\u00famero\nanual, estima-se que o n\u00famero total de nascimentos com doadores an\u00f4nimos seja\ninferior a 130.000 nos \u00faltimos 30 anos.<\/p>\n\n\n\n<p>Limita\u00e7\u00f5es na\ndistribui\u00e7\u00e3o de doadores:\nTodos os bancos de s\u00eamen pesquisados \u200b\u200busam algum tipo de padr\u00e3o para limitar o\nn\u00famero de nascimentos atribu\u00edveis a qualquer doador. Alguns usam o n\u00famero real\nde nascimentos, enquanto outros usam o n\u00famero de unidades por fam\u00edlia. A\npol\u00edtica do Fairfax Cryobank \u00e9 a seguinte: O Fairfax Cryobank limita o n\u00famero\ntotal de nascimentos para qualquer doador com base na aplica\u00e7\u00e3o de v\u00e1rios\ncrit\u00e9rios. Especificamente, a disponibilidade de amostras de um doador cessar\u00e3o\nquando um dos seguintes crit\u00e9rios for atingido: (1) M\u00e1ximo de 25 a 30 unidades\nfamiliares (crian\u00e7as do mesmo doador por fam\u00edlia) relatadas nos EUA; ou (2) O\nn\u00famero total de unidades vendidas atinge nosso limite designado (os n\u00fameros\nreais n\u00e3o s\u00e3o divulgados). Al\u00e9m disso, tamb\u00e9m monitoramos a localiza\u00e7\u00e3o\nrelatada de nascimentos e limitamos a distribui\u00e7\u00e3o geogr\u00e1fica de um doador de\nacordo com as diretrizes da Sociedade Americana de Medicina Reprodutiva (ASRM).\nN\u00e3o obstante o padr\u00e3o usado para limitar o n\u00famero de nascimentos por doador, os\nbancos de s\u00eamen n\u00e3o limitam o n\u00famero de nascimentos dentro de uma unidade\nfamiliar, permitindo assim irm\u00e3os de mesmo pai e m\u00e3e por insemina\u00e7\u00e3o com uso de\ndoadores.<\/p>\n\n\n\n<p>Informa\u00e7\u00f5es sobre os\ndoadores: Como parte do processo de sele\u00e7\u00e3o para determinar a elegibilidade dos\ndoadores, os bancos de s\u00eamen re\u00fanem uma grande quantidade de hist\u00f3rico m\u00e9dico\nfamiliar (3 gera\u00e7\u00f5es) e pessoal. Al\u00e9m disso, durante a doa\u00e7\u00e3o, os doadores\nrecebem exames f\u00edsicos a cada seis meses e tamb\u00e9m s\u00e3o testados para uma ampla\nvariedade de doen\u00e7as infecciosas pelo menos a cada seis meses. A maioria dos\nbancos de s\u00eamen tamb\u00e9m realiza an\u00e1lise cromoss\u00f4mica (cari\u00f3tipo) e testa muitas\ndoen\u00e7as gen\u00e9ticas comuns na popula\u00e7\u00e3o geral, como fibrose c\u00edstica, e condi\u00e7\u00f5es\ngen\u00e9ticas comuns a certos grupos \u00e9tnicos (por exemplo, caracter\u00edsticas das c\u00e9lulas\nfalciformes para afro-americanos). Os doadores s\u00e3o entrevistados extensivamente\npara verificar a consist\u00eancia e a precis\u00e3o das informa\u00e7\u00f5es relatadas. Al\u00e9m da sele\u00e7\u00e3o\ne teste dos doadores usados \u200b\u200bpara estabelecer elegibilidade m\u00e9dica, os bancos\nde s\u00eamen tamb\u00e9m oferecem outras informa\u00e7\u00f5es sobre seus doadores, como fotos da\ninf\u00e2ncia, testes de personalidade, entrevistas em \u00e1udio, impress\u00f5es da equipe e\nperfis pessoais. Foi dito que a quantidade de informa\u00e7\u00f5es m\u00e9dicas e pessoais de\num doador an\u00f4nimo excede em muito o conhecimento que a maioria das pessoas tem do\nseu pr\u00f3prio parceiro.<\/p>\n\n\n\n<ol class=\"wp-block-list\"><li>Anonimato\ndos doadores: A manuten\u00e7\u00e3o do anonimato dos doadores \u00e9 essencial para a\ndisponibilidade e qualidade dos doadores. H\u00e1 quem acredite que a identidade de\ntodos os doadores deva ser conhecida, e essa divulga\u00e7\u00e3o \u00e9, de fato, necess\u00e1ria\nem v\u00e1rios pa\u00edses como o Reino Unido e a Austr\u00e1lia. Mas a consequ\u00eancia desse\nrequisito tem causado uma grave escassez de doadores, uma vez que a maioria dos\ndoadores n\u00e3o quer ser identificado. No entanto, a ind\u00fastria entende o desejo de\nalguns como doadores com op\u00e7\u00e3o de identifica\u00e7\u00e3o como uma alternativa aos\ndoadores an\u00f4nimos. Consequentemente, agora a maioria dos principais bancos de s\u00eamen\noferece doadores que concordaram em ter suas identidades divulgadas aos seus filhos\naos dezoito anos. Curiosamente, os doadores com op\u00e7\u00e3o de identifica\u00e7\u00e3o n\u00e3o s\u00e3o\nselecionados desproporcionalmente mais do que os doadores an\u00f4nimos. Como \u00e9\nclaro que muitos desejam que seus doadores permane\u00e7am an\u00f4nimos, os bancos de s\u00eamen\nn\u00e3o consideram prudente acabar com o status an\u00f4nimo de TODOS os doadores. Fazer\nisso violaria os contratos e representa\u00e7\u00f5es feitos aos doadores e \u00e0queles que\nselecionaram um doador an\u00f4nimo e eliminaria, de um grande segmento de usu\u00e1rios\nem potencial de doadores de s\u00eamen, a t\u00e3o desejada op\u00e7\u00e3o de selecionar um doador\nan\u00f4nimo para sempre. Leia a Pol\u00edtica de Privacidade do Fairfax Cryobank.<\/li><\/ol>\n","protected":false},"excerpt":{"rendered":"<p>O Guia Mestre para construir uma fam\u00edlia Fairfax Termos de Uso &#8211; Crio Brasil Servi\u00e7os Consentimento Internacional para Registro de Nascimento Perguntas Frequentes S\u00eamen de doador Lista de espera Quest\u00f5es Gen\u00e9ticas Para Profissionais M\u00e9dicos Futuros pais Casais enfrentando a infertilidade Produ\u00e7\u00e3o independente Fam\u00edlias LGBT F\u00f3runs (Em ingl\u00eas): Fairfax Cryobank Family &#8230;<\/p>\n","protected":false},"author":1,"featured_media":3052,"parent":0,"menu_order":0,"comment_status":"closed","ping_status":"closed","template":"","meta":{"footnotes":""},"class_list":["post-1928","page","type-page","status-publish","has-post-thumbnail","hentry"],"yoast_head":"<!-- This site is optimized with the Yoast SEO plugin v27.1.1 - https:\/\/yoast.com\/product\/yoast-seo-wordpress\/ -->\n<title>Centro de Informacoes | Fairfax Cryobank<\/title>\n<meta name=\"description\" content=\"Centro de Informacoes do Fairfax Cryobank.\" \/>\n<meta name=\"robots\" content=\"index, follow, max-snippet:-1, max-image-preview:large, max-video-preview:-1\" \/>\n<link rel=\"canonical\" href=\"https:\/\/fairfaxcryobank.com\/br\/centro-de-informacoes\" \/>\n<meta property=\"og:locale\" content=\"pt_BR\" \/>\n<meta property=\"og:type\" content=\"article\" \/>\n<meta property=\"og:title\" content=\"Centro de Informacoes | Fairfax Cryobank\" \/>\n<meta property=\"og:description\" content=\"Centro de Informacoes do Fairfax Cryobank.\" \/>\n<meta property=\"og:url\" content=\"https:\/\/fairfaxcryobank.com\/br\/centro-de-informacoes\" \/>\n<meta property=\"og:site_name\" content=\"Fairfax Cryobank - Find a Sperm Donor\" \/>\n<meta property=\"article:publisher\" content=\"https:\/\/www.facebook.com\/fairfax.cryobank\" \/>\n<meta property=\"article:modified_time\" content=\"2023-12-07T15:57:15+00:00\" \/>\n<meta property=\"og:image\" content=\"https:\/\/fairfaxcryobank.com\/wp-content\/uploads\/graphicstock-happy-young-woman-reading-an-e-book-on-her-couch-at-home_StTta5_Xd-smaller.jpg\" \/>\n\t<meta property=\"og:image:width\" content=\"2722\" \/>\n\t<meta property=\"og:image:height\" content=\"1469\" \/>\n\t<meta property=\"og:image:type\" content=\"image\/jpeg\" \/>\n<meta name=\"twitter:card\" content=\"summary_large_image\" \/>\n<meta name=\"twitter:site\" content=\"@FairfaxCryobank\" \/>\n<meta name=\"twitter:label1\" content=\"Est. tempo de leitura\" \/>\n\t<meta name=\"twitter:data1\" content=\"6 minutos\" \/>\n<script type=\"application\/ld+json\" class=\"yoast-schema-graph\">{\"@context\":\"https:\/\/schema.org\",\"@graph\":[{\"@type\":\"WebPage\",\"@id\":\"https:\/\/fairfaxcryobank.com\/br\/centro-de-informacoes\",\"url\":\"https:\/\/fairfaxcryobank.com\/br\/centro-de-informacoes\",\"name\":\"Centro de Informacoes | Fairfax Cryobank\",\"isPartOf\":{\"@id\":\"https:\/\/fairfaxcryobank.com\/br#website\"},\"primaryImageOfPage\":{\"@id\":\"https:\/\/fairfaxcryobank.com\/br\/centro-de-informacoes#primaryimage\"},\"image\":{\"@id\":\"https:\/\/fairfaxcryobank.com\/br\/centro-de-informacoes#primaryimage\"},\"thumbnailUrl\":\"https:\/\/fairfaxcryobank.com\/wp-content\/uploads\/graphicstock-happy-young-woman-reading-an-e-book-on-her-couch-at-home_StTta5_Xd-smaller.jpg\",\"datePublished\":\"2019-09-03T11:36:57+00:00\",\"dateModified\":\"2023-12-07T15:57:15+00:00\",\"description\":\"Centro de Informacoes do Fairfax Cryobank.\",\"breadcrumb\":{\"@id\":\"https:\/\/fairfaxcryobank.com\/br\/centro-de-informacoes#breadcrumb\"},\"inLanguage\":\"pt-BR\",\"potentialAction\":[{\"@type\":\"ReadAction\",\"target\":[\"https:\/\/fairfaxcryobank.com\/br\/centro-de-informacoes\"]}]},{\"@type\":\"ImageObject\",\"inLanguage\":\"pt-BR\",\"@id\":\"https:\/\/fairfaxcryobank.com\/br\/centro-de-informacoes#primaryimage\",\"url\":\"https:\/\/fairfaxcryobank.com\/wp-content\/uploads\/graphicstock-happy-young-woman-reading-an-e-book-on-her-couch-at-home_StTta5_Xd-smaller.jpg\",\"contentUrl\":\"https:\/\/fairfaxcryobank.com\/wp-content\/uploads\/graphicstock-happy-young-woman-reading-an-e-book-on-her-couch-at-home_StTta5_Xd-smaller.jpg\",\"width\":2722,\"height\":1469,\"caption\":\"Explore recursos e dicas \u00fateis do Fairfax Cryobank.\"},{\"@type\":\"BreadcrumbList\",\"@id\":\"https:\/\/fairfaxcryobank.com\/br\/centro-de-informacoes#breadcrumb\",\"itemListElement\":[{\"@type\":\"ListItem\",\"position\":1,\"name\":\"Home\",\"item\":\"https:\/\/fairfaxcryobank.com\/br\"},{\"@type\":\"ListItem\",\"position\":2,\"name\":\"Centro de Informacoes\"}]},{\"@type\":\"WebSite\",\"@id\":\"https:\/\/fairfaxcryobank.com\/br#website\",\"url\":\"https:\/\/fairfaxcryobank.com\/br\",\"name\":\"Fairfax Cryobank - Find a Sperm Donor\",\"description\":\"Top-Tier Sperm Bank\",\"publisher\":{\"@id\":\"https:\/\/fairfaxcryobank.com\/br#organization\"},\"potentialAction\":[{\"@type\":\"SearchAction\",\"target\":{\"@type\":\"EntryPoint\",\"urlTemplate\":\"https:\/\/fairfaxcryobank.com\/br?s={search_term_string}\"},\"query-input\":{\"@type\":\"PropertyValueSpecification\",\"valueRequired\":true,\"valueName\":\"search_term_string\"}}],\"inLanguage\":\"pt-BR\"},{\"@type\":\"Organization\",\"@id\":\"https:\/\/fairfaxcryobank.com\/br#organization\",\"name\":\"Fairfax Cryobank\",\"url\":\"https:\/\/fairfaxcryobank.com\/br\",\"logo\":{\"@type\":\"ImageObject\",\"inLanguage\":\"pt-BR\",\"@id\":\"https:\/\/fairfaxcryobank.com\/br#\/schema\/logo\/image\/\",\"url\":\"https:\/\/fairfaxcryobank.com\/wp-content\/uploads\/logo.webp\",\"contentUrl\":\"https:\/\/fairfaxcryobank.com\/wp-content\/uploads\/logo.webp\",\"width\":1,\"height\":1,\"caption\":\"Fairfax Cryobank\"},\"image\":{\"@id\":\"https:\/\/fairfaxcryobank.com\/br#\/schema\/logo\/image\/\"},\"sameAs\":[\"https:\/\/www.facebook.com\/fairfax.cryobank\",\"https:\/\/x.com\/FairfaxCryobank\",\"https:\/\/www.instagram.com\/fairfaxcryobank\/\",\"https:\/\/www.pinterest.com\/fairfaxcryo\/\"]}]}<\/script>\n<!-- \/ Yoast SEO plugin. -->","yoast_head_json":{"title":"Centro de Informacoes | Fairfax Cryobank","description":"Centro de Informacoes do Fairfax Cryobank.","robots":{"index":"index","follow":"follow","max-snippet":"max-snippet:-1","max-image-preview":"max-image-preview:large","max-video-preview":"max-video-preview:-1"},"canonical":"https:\/\/fairfaxcryobank.com\/br\/centro-de-informacoes","og_locale":"pt_BR","og_type":"article","og_title":"Centro de Informacoes | Fairfax Cryobank","og_description":"Centro de Informacoes do Fairfax Cryobank.","og_url":"https:\/\/fairfaxcryobank.com\/br\/centro-de-informacoes","og_site_name":"Fairfax Cryobank - Find a Sperm Donor","article_publisher":"https:\/\/www.facebook.com\/fairfax.cryobank","article_modified_time":"2023-12-07T15:57:15+00:00","og_image":[{"width":2722,"height":1469,"url":"https:\/\/fairfaxcryobank.com\/wp-content\/uploads\/graphicstock-happy-young-woman-reading-an-e-book-on-her-couch-at-home_StTta5_Xd-smaller.jpg","type":"image\/jpeg"}],"twitter_card":"summary_large_image","twitter_site":"@FairfaxCryobank","twitter_misc":{"Est. tempo de leitura":"6 minutos"},"schema":{"@context":"https:\/\/schema.org","@graph":[{"@type":"WebPage","@id":"https:\/\/fairfaxcryobank.com\/br\/centro-de-informacoes","url":"https:\/\/fairfaxcryobank.com\/br\/centro-de-informacoes","name":"Centro de Informacoes | Fairfax Cryobank","isPartOf":{"@id":"https:\/\/fairfaxcryobank.com\/br#website"},"primaryImageOfPage":{"@id":"https:\/\/fairfaxcryobank.com\/br\/centro-de-informacoes#primaryimage"},"image":{"@id":"https:\/\/fairfaxcryobank.com\/br\/centro-de-informacoes#primaryimage"},"thumbnailUrl":"https:\/\/fairfaxcryobank.com\/wp-content\/uploads\/graphicstock-happy-young-woman-reading-an-e-book-on-her-couch-at-home_StTta5_Xd-smaller.jpg","datePublished":"2019-09-03T11:36:57+00:00","dateModified":"2023-12-07T15:57:15+00:00","description":"Centro de Informacoes do Fairfax Cryobank.","breadcrumb":{"@id":"https:\/\/fairfaxcryobank.com\/br\/centro-de-informacoes#breadcrumb"},"inLanguage":"pt-BR","potentialAction":[{"@type":"ReadAction","target":["https:\/\/fairfaxcryobank.com\/br\/centro-de-informacoes"]}]},{"@type":"ImageObject","inLanguage":"pt-BR","@id":"https:\/\/fairfaxcryobank.com\/br\/centro-de-informacoes#primaryimage","url":"https:\/\/fairfaxcryobank.com\/wp-content\/uploads\/graphicstock-happy-young-woman-reading-an-e-book-on-her-couch-at-home_StTta5_Xd-smaller.jpg","contentUrl":"https:\/\/fairfaxcryobank.com\/wp-content\/uploads\/graphicstock-happy-young-woman-reading-an-e-book-on-her-couch-at-home_StTta5_Xd-smaller.jpg","width":2722,"height":1469,"caption":"Explore recursos e dicas \u00fateis do Fairfax Cryobank."},{"@type":"BreadcrumbList","@id":"https:\/\/fairfaxcryobank.com\/br\/centro-de-informacoes#breadcrumb","itemListElement":[{"@type":"ListItem","position":1,"name":"Home","item":"https:\/\/fairfaxcryobank.com\/br"},{"@type":"ListItem","position":2,"name":"Centro de Informacoes"}]},{"@type":"WebSite","@id":"https:\/\/fairfaxcryobank.com\/br#website","url":"https:\/\/fairfaxcryobank.com\/br","name":"Fairfax Cryobank - Find a Sperm Donor","description":"Top-Tier Sperm Bank","publisher":{"@id":"https:\/\/fairfaxcryobank.com\/br#organization"},"potentialAction":[{"@type":"SearchAction","target":{"@type":"EntryPoint","urlTemplate":"https:\/\/fairfaxcryobank.com\/br?s={search_term_string}"},"query-input":{"@type":"PropertyValueSpecification","valueRequired":true,"valueName":"search_term_string"}}],"inLanguage":"pt-BR"},{"@type":"Organization","@id":"https:\/\/fairfaxcryobank.com\/br#organization","name":"Fairfax Cryobank","url":"https:\/\/fairfaxcryobank.com\/br","logo":{"@type":"ImageObject","inLanguage":"pt-BR","@id":"https:\/\/fairfaxcryobank.com\/br#\/schema\/logo\/image\/","url":"https:\/\/fairfaxcryobank.com\/wp-content\/uploads\/logo.webp","contentUrl":"https:\/\/fairfaxcryobank.com\/wp-content\/uploads\/logo.webp","width":1,"height":1,"caption":"Fairfax Cryobank"},"image":{"@id":"https:\/\/fairfaxcryobank.com\/br#\/schema\/logo\/image\/"},"sameAs":["https:\/\/www.facebook.com\/fairfax.cryobank","https:\/\/x.com\/FairfaxCryobank","https:\/\/www.instagram.com\/fairfaxcryobank\/","https:\/\/www.pinterest.com\/fairfaxcryo\/"]}]}},"post_mailing_queue_ids":[],"_links":{"self":[{"href":"https:\/\/fairfaxcryobank.com\/br\/wp-json\/wp\/v2\/pages\/1928","targetHints":{"allow":["GET"]}}],"collection":[{"href":"https:\/\/fairfaxcryobank.com\/br\/wp-json\/wp\/v2\/pages"}],"about":[{"href":"https:\/\/fairfaxcryobank.com\/br\/wp-json\/wp\/v2\/types\/page"}],"author":[{"embeddable":true,"href":"https:\/\/fairfaxcryobank.com\/br\/wp-json\/wp\/v2\/users\/1"}],"replies":[{"embeddable":true,"href":"https:\/\/fairfaxcryobank.com\/br\/wp-json\/wp\/v2\/comments?post=1928"}],"version-history":[{"count":7,"href":"https:\/\/fairfaxcryobank.com\/br\/wp-json\/wp\/v2\/pages\/1928\/revisions"}],"predecessor-version":[{"id":26835,"href":"https:\/\/fairfaxcryobank.com\/br\/wp-json\/wp\/v2\/pages\/1928\/revisions\/26835"}],"wp:featuredmedia":[{"embeddable":true,"href":"https:\/\/fairfaxcryobank.com\/br\/wp-json\/wp\/v2\/media\/3052"}],"wp:attachment":[{"href":"https:\/\/fairfaxcryobank.com\/br\/wp-json\/wp\/v2\/media?parent=1928"}],"curies":[{"name":"wp","href":"https:\/\/api.w.org\/{rel}","templated":true}]}}