{"id":1939,"date":"2019-09-03T12:11:58","date_gmt":"2019-09-03T12:11:58","guid":{"rendered":"https:\/\/fairfaxcryobank.com\/?page_id=1939"},"modified":"2020-12-16T08:01:07","modified_gmt":"2020-12-16T13:01:07","slug":"verifique-status-do-doador","status":"publish","type":"page","link":"https:\/\/fairfaxcryobank.com\/br\/verifique-status-do-doador","title":{"rendered":"Verifique Status do Doador"},"content":{"rendered":"\n<p><strong>O que significa &#8220;Conferir o Status M\u00e9dico&nbsp;de&nbsp;meu Doador&#8221;?<\/strong><\/p>\n\n\n\n<p>O Status M\u00e9dico do Doador \u00e9 uma classifica\u00e7\u00e3o que indica se um doador foi restringido devido a um problema m\u00e9dico significativo em uma prole obtida. Nem todas as quest\u00f5es m\u00e9dicas relatadas resultam em uma restri\u00e7\u00e3o do doador, somente aquelas que podem aumentar o risco de outra descend\u00eancia apresentar o mesmo problema m\u00e9dico. Todos nossos doadores s\u00e3o estudados quanto a presen\u00e7a de problemas m\u00e9dicos ou heredit\u00e1rios significativos em si mesmos ou seus descendentes. Mas o estado de sa\u00fade de um doador pode mudar com o tempo. Ele agora pode ser restringido por quest\u00f5es m\u00e9dicas ou estar sob investiga\u00e7\u00e3o, caso em que n\u00f3s queremos que voc\u00ea esteja plenamente informado. Informa\u00e7\u00f5es sobre a disponibilidade de doadores n\u00e3o \u00e9 fornecido como parte do sistema.<\/p>\n\n\n\n<p><strong>Quem deve usar o &#8220;Confira o Status M\u00e9dico de meu Doador&#8221;?<\/strong><\/p>\n\n\n\n<p>Se voc\u00ea comprou amostras e ainda as tem armazenadas em um centro de reprodu\u00e7\u00e3o assistida sem uso ou possui embri\u00f5es congelados, encorajamos sempre voc\u00ea Verificar o Status M\u00e9dico de seu Doador antes do uso em seu tratamento.<\/p>\n\n\n\n<p>O programa de verifica\u00e7\u00e3o do status m\u00e9dico do doador tamb\u00e9m pode informar as fam\u00edlias que j\u00e1 possuem filhos de um doador com algum problema m\u00e9dico, alertando sobre poss\u00edveis problemas em sua prole.<\/p>\n\n\n\n<p>Este processo tamb\u00e9m permite que voc\u00ea verifique o estado cl\u00ednico do doador em intervalos regulares, com o nascimento do seu filho ou enquanto suas unidades est\u00e3o em armazenamento a longo prazo. Se preferir entre em contato conosco.<\/p>\n\n\n\n<p><strong>Como fa\u00e7o para verificar o Status M\u00e9dico do meu doador?<\/strong><\/p>\n\n\n\n<p>Fazer uma recente atualiza\u00e7\u00e3o na busca do doador permite ao cliente verificar o status do doador diretamente atrav\u00e9s da ferramenta de Busca. Inicie uma nova Busca de Doador e insira o n\u00famero do doador no campo &#8220;Search by ID&#8221;. O status do doador aparecer\u00e1 na p\u00e1gina do doador ao lado esquerdo superior. Op\u00e7\u00f5es para o status incluem: Active, Inactive, Investigation, Restricted. Ou se preferir contate-nos e nossa equipe auxiliar\u00e1 a verificar o status do doador.<\/p>\n\n\n\n<p><strong>Quais s\u00e3o as diferentes categorias do Status M\u00e9dico do Doador ?<\/strong><\/p>\n\n\n\n<p>NENHUMA RESTRI\u00c7\u00c3O: Este doador n\u00e3o \u00e9 restrito e n\u00e3o tem investiga\u00e7\u00f5es pendentes. O uso deste doador \u00e9 considerado apropriado. N\u00e3o h\u00e1 aumento do risco para condi\u00e7\u00f5es m\u00e9dicas significativas identificadas na prole at\u00e9 o momento.<\/p>\n\n\n\n<p>SOB INVESTIGA\u00c7\u00c3O: Um relat\u00f3rio de um problema m\u00e9dico do doador foi emitido, an\u00e1lise de registros m\u00e9dicos e poss\u00edveis resultados dos testes est\u00e3o em andamento, uma avalia\u00e7\u00e3o pelo m\u00e9dico geneticista est\u00e1 em curso, nenhuma decis\u00e3o final foi tomada a respeito do risco futuro de outros filhos deste doador. Para mais informa\u00e7\u00f5es entrar em contato com nosso servi\u00e7o de atendimento, fornecendo o n\u00famero do doador e descrever a sua situa\u00e7\u00e3o quando ligar.<\/p>\n\n\n\n<p>TESTES N\u00c3O ATUALIZADOS: O doador foi avaliado e passou em todos os testes padr\u00f5es do Fairfax Cryobank na \u00e9poca em que estava doando e suas amostras foram vendidas no passado. Este doador n\u00e3o \u00e9 restrito e n\u00e3o tem investiga\u00e7\u00f5es em curso. Todas as vendas futuras deste doador v\u00e3o exigir que o comprador esteja ciente das quest\u00f5es de testes n\u00e3o atualizados para este doador e concordar por escrito atrav\u00e9s de Termo de Consentimento.<\/p>\n\n\n\n<p>RESTRITO: Um nascimento com problemas m\u00e9dicos foi relatado e acredita-se que possa aumentar o risco de outros nascimentos. A utiliza\u00e7\u00e3o desse doador passa a n\u00e3o ser recomendada. Voc\u00ea pode agendar uma consulta telef\u00f4nica com nosso conselheiro gen\u00e9tico (em lingua inglesa). Muitas vezes, existe apenas um pequeno risco com muitas quest\u00f5es presentes no nascimento ou n\u00e3o. Se voc\u00ea tem um filho de um doador restrito por favor entre em contato conosco para maiores detalhes.<\/p>\n\n\n\n<p>Nossa pol\u00edtica para uma restri\u00e7\u00e3o m\u00e9dica \u00e9 informar todos os m\u00e9dicos registrados que possuam alguma paciente que utilizou determinado doador. Os pacientes que adquiriram amostras de um doador restrito tamb\u00e9m ser\u00e3o notificados sobre algum poss\u00edvel risco.<\/p>\n\n\n\n<p><strong>Por que um doador pode ficar classificado como restrito?<\/strong><\/p>\n\n\n\n<p>Um nascimento de uma crian\u00e7a relatado com uma condi\u00e7\u00e3o m\u00e9dica que poderia representar um risco para outras crian\u00e7as nascidas a partir deste mesmo doador, tornam um doador classificado como restrito. Um exemplo seria o nascimento de uma crian\u00e7a com uma doen\u00e7a rara tipicamente inferior a 1%.<\/p>\n\n\n\n<p>Na popula\u00e7\u00e3o em geral, cada gravidez tem um risco cerca de 3% a 4% de ocorr\u00eancia do nascimento de uma crian\u00e7a com um defeito de nascen\u00e7a ou defici\u00eancia mental. Nossa extensa triagem e testes reduz o risco, mas n\u00e3o pode elimin\u00e1-lo. Pedimos aos m\u00e9dicos e clientes para notificar-nos sempre que eles acreditem que uma crian\u00e7a nascida por doador de esperma apresente qualquer condi\u00e7\u00e3o m\u00e9dica importante. Nos raros casos em que recebemos essa notifica\u00e7\u00e3o, o doador em quest\u00e3o \u00e9 retirado imediatamente do programa e seu relat\u00f3rio \u00e9 investigado. Durante o per\u00edodo de investiga\u00e7\u00e3o o status do doador ser\u00e1 &#8220;Under Investigation&#8221;.<\/p>\n\n\n\n<p>Avaliamos o relat\u00f3rio m\u00e9dico, informa\u00e7\u00f5es da fam\u00edlia do doador e paciente e, hist\u00f3rico m\u00e9dico e gestacional da m\u00e3e. Se o nosso Diretor M\u00e9dico determinar que a utiliza\u00e7\u00e3o do dador poder\u00e1 aumentar o risco de ocorr\u00eancia de uma condi\u00e7\u00e3o m\u00e9dica e \/ ou defeito de nascen\u00e7a superior ao risco na popula\u00e7\u00e3o em geral, o doador ficar\u00e1 restrito, o que significa que suas amostras remanescentes em nosso banco N\u00c3O estar\u00e3o mais dispon\u00edveis para venda ao p\u00fablico em geral. Este tipo de restri\u00e7\u00e3o tamb\u00e9m se aplica a todas as unidades que foram vendidas e n\u00e3o utilizadas, independentemente de quando elas foram comprados. Neste caso, todos os pacientes que adquiriram amostras do doador ser\u00e3o informados.<\/p>\n\n\n\n<p>O processo de investiga\u00e7\u00e3o pode demorar t\u00e3o pouco como um dia para resolver, mas tamb\u00e9m pode levar v\u00e1rios meses. Uma investiga\u00e7\u00e3o que n\u00e3o resultar em uma restri\u00e7\u00e3o permite que o doador possa retornar para o status &#8220;No Restrction&#8221;.<\/p>\n\n\n\n<p><strong>Por que verificar antecipadamente o Status Cl\u00ednico do doador?<\/strong><\/p>\n\n\n\n<p>N\u00f3s queremos que voc\u00ea tenha a informa\u00e7\u00e3o completa e atualizada antes de utilizar qualquer amostra para que possa tomar uma decis\u00e3o informada sobre a utiliza\u00e7\u00e3o desta amostra. Se voc\u00ea adquiriu uma amostra de um doador e n\u00e3o a utilizou em um curto per\u00edodo de tempo, existe uma pequena chance do status do doador ter mudado. Outra possibilidade s\u00e3o pacientes submetidos a Fertiliza\u00e7\u00e3o In Vitro que possuem embri\u00f5es congelados e armazenados para uso futuro.<\/p>\n\n\n\n<p>Sempre recomendamos que os pacientes verifiquem o Status M\u00e9dico do doador antes de realizar uma insemina\u00e7\u00e3o ou transferencia de embri\u00f5es produzidos atrav\u00e9s de amostras seminais armazenadas por longo tempo em cl\u00ednicas. Realizamos informes aos pacientes atrav\u00e9s do cadastro realizado na \u00e9poca da aquisi\u00e7\u00e3o das amostras. Sabemos que esses dados podem mudar e nem sempre a comunica\u00e7\u00e3o pode ser realizada. Esse sistema online \u00e9 desenvolvido como um back-up para que pacientes possam verificar o staus do doador 24 horas, 7 dias por semana antes de utilizar a amostra de s\u00eamen do doador. Nossa equipe est\u00e1 sempre a disposi\u00e7\u00e3o para maiores informa\u00e7\u00f5es.<\/p>\n\n\n\n<p><strong>Como \u00e9 que Fairfax Cryobank contata clientes com a not\u00edcia de uma restri\u00e7\u00e3o ou investiga\u00e7\u00e3o?<\/strong><\/p>\n\n\n\n<p>Existem determinadas circunst\u00e2ncias em que n\u00e3o h\u00e1 um contato com o cliente para informar uma atualiza\u00e7\u00e3o. N\u00f3s n\u00e3o contatamos os clientes sobre as investiga\u00e7\u00f5es em curso. Quando um doador est\u00e1 sob investiga\u00e7\u00e3o, primeiramente queremos resolver as quest\u00f5es pendentes, verificar as informa\u00e7\u00f5es m\u00e9dicas e discutir o resultado com os nossos geneticistas. Se o risco realmente existir, o doador ser\u00e1 restrito por justa causa m\u00e9dica.<\/p>\n\n\n\n<p>Nossa pol\u00edtica de restri\u00e7\u00e3o m\u00e9dica \u00e9 informar todos os clientes que adquiriram as amostras e todos os m\u00e9dicos identificados em nosso registro que tiveram as amostras enviados para seus servi\u00e7os. O m\u00e9dico tamb\u00e9m recebe o nome do cliente que adquiriu a amostra deste doador. A atualiza\u00e7\u00e3o m\u00e9dic ser\u00e1 relevante apenad \u00e0queles clientes que engravidaram, tenham crian\u00e7as e\/ou tem amostras ou embri\u00f5es congelados.<\/p>\n\n\n\n<p>Pacientes tamb\u00e9m podem se manter informados sobre o status m\u00e9dico do doador atrav\u00e9s deste novo processo online.<\/p>\n\n\n\n<p><strong>Preciso informar o Fairfax Cryobank se meu filho concebido por doador tem um problema m\u00e9dico significativo?<\/strong><\/p>\n\n\n\n<p>Sim, n\u00f3s gostar\u00edamos de saber, por favor contato o servi\u00e7os de atendimento ao cliente. N\u00e3o \u00e9 incomum para n\u00f3s descobrirmos que um problema est\u00e1 sendo discutido em chats online, que nunca foram oficialmente reportados para n\u00f3s. Temos um conselheiro gen\u00e9tico que pode ser consultado (somente em ingl\u00eas) em particular. Quando recebemos a notifica\u00e7\u00e3o de um problema de sa\u00fade com um dos filhos de nossos doadores, retiramos imediatamente amostras desse doador para aquisi\u00e7\u00e3o e investigamos o relat\u00f3rio. N\u00f3s iremos reunir o m\u00e1ximo de informa\u00e7\u00e3o poss\u00edvel, incluindo o diagn\u00f3stico escrito de um m\u00e9dico e um hist\u00f3rico familiar sobre a m\u00e3e.&nbsp;<\/p>\n\n\n\n<p><strong>Quais s\u00e3o exemplos de testes que tornam um status m\u00e9dico do doador como &#8220;Testes N\u00e3o Atualizados&#8221;?<\/strong><\/p>\n\n\n\n<p>Amostras seminais de um doador adquiridas no passado, cumprem integralmente o padr\u00e3o de testes vigentes no momento da aquisi\u00e7\u00e3o. Todos os testes submetidos no doador foram negativos e\/ou n\u00e3o aumentram os riscos para os futuros destinat\u00e1rios. O padr\u00e3o de teste quando suas amostras foram adquiridas foi considerado satisfat\u00f3rio na \u00e9poca. Se n\u00e3o formos capazes de realizar a atualiz\u00e7\u00e3o dos testes (ele pode n\u00e3o ser mais um doador e\/ou n\u00e3o estar dispon\u00edvel para novos testes e\/ou ter apenas poucas amostras dispon\u00edveis), ele ser\u00e1 classificado como doador &#8220;Teste N\u00e3o Atualizado&#8221;. Todos os doadores deste grupo possuem amostras armazenadas\/reservadas para ou, em raras situa\u00e7\u00f5es, podem possuir amostras dispon\u00edveis para aquisi\u00e7\u00e3o. Uma vez que todas as amostras de um doador de &#8220;Testes n\u00e3o atualizados&#8221; foram vendidas ou utilizadas, seu status muda para &#8220;N\u00e3o h\u00e1 restri\u00e7\u00f5es&#8221;.<\/p>\n\n\n\n<p>A seguir dois exemplos de testes mais comuns:<\/p>\n\n\n\n<p>Fibrose C\u00edstica (FC): a triagem para FC em nossos doadores come\u00e7ou h\u00e1 muitos anos. Com o passar dos anos a tecnologia melhorou foram identificadas mais e mais muta\u00e7\u00f5es do gene da FC. Testamos cerca de 10 muta\u00e7\u00f5es para FC na d\u00e9cada de 1990 at\u00e9 chegar a mais de 80 muta\u00e7\u00f5es em 2005. A quantidade de muta\u00e7\u00f5es testadas determina o risco do doador ser um portador de FC. Se considerearmos 16 muta\u00e7\u00f5es como resultado negativo, o risco residual \u00e9 de 1\/185. Se testamos 86 muta\u00e7\u00f5es como negativo, o risco cai para 1\/325. Em ambos os casos riscos s\u00e3o inferiores a 1%. Uma vez que as fam\u00edlias compreendem os limites do teste, as unidades podem ser adquiridas a estas fam\u00edlias que desejam irm\u00e3os de um mesmo doador. Para isso, solicitamos que um Termo de Consentimento seja assinado e devolvido antes do envio das amostras. A inclus\u00e3o de um doador como &#8220;Teste N\u00e3o atualizado&#8221; nos permite monitorar cuidadosamente a forma como estas unidades s\u00e3o adquiridas. Lembre-se de que unidades adquiridas anteriormente ainda cumprem integralmente o padr\u00e3o de teste do momento da compra.<\/p>\n\n\n\n<p>Metodologia para Detec\u00e7\u00e3o de Doen\u00e7as infecciosas: Com o advento da tecnologia de an\u00e1lise do DNA, nos permitiu avan\u00e7os de testes baseados em cultura (sorol\u00f3gicos) para realmente procurar pelo DNA do agente infecciososo no sangue ou no s\u00eamen (testes NAT atrav\u00e9s de PCR). Nossa empresa-m\u00e3e, o Instituto Genetics &amp; IVF, tem estado na vanguarda desta tecnologia desde a sua cria\u00e7\u00e3o em 1983. Nossos padr\u00f5es de teste para os doadores de nosso Banco de S\u00eamen continuam a estar na vanguarda, estabelecendo padr\u00f5es para os outros bancos de esperma a seguir.&nbsp;<\/p>\n\n\n\n<p><strong>Eu n\u00e3o sei se a minha gravidez ou o parto foi informado, o que devo fazer?<\/strong><\/p>\n\n\n\n<p>Por favor, relate sua gravidez e parto em nossa \u00e1rea no site. \u00c9 muito importante ouvirmos de todos que obtiveram sucesso na gravidez e\/ou nascimento com um de nossos doadores. Ela nos permite monitorar os nascimentos e cumprir com as nossas normas para limitar o n\u00famero de unidades familiares e distribui\u00e7\u00e3o geogr\u00e1fica dos descendentes de um doador. Caso voc\u00ea n\u00e3o tenha relatado sua gravidez para n\u00f3s ou n\u00e3o tem certeza se o seu m\u00e9dico nos informou por favor, fa\u00e7a isso agora, ou nos informe pelo e-mail\u00a0<a href=\"mailto:contato@fairfaxcryobank.com.br\">contato@fairfaxcryobank.com.br<\/a>.\u00a0<\/p>\n\n\n\n<p><strong>Eu quero saber se o doador que estou interessado ainda possui unidades dispon\u00edveis. O status m\u00e9dico do doador me informa se ainda existem amostras dispon\u00edveis?<\/strong><\/p>\n\n\n\n<p>O Status do Doador n\u00e3o foi feito para informar a disponibilidade de amostras. Para verificar a disponibilidade de amostras do doador:<\/p>\n\n\n\n<p>O doador \u00e9 n\u00e3o Restrito: use a ferramenta de Busca online no site. Se o n\u00famero do doador n\u00e3o aparece depois que voc\u00ea clicar &#8220;Search&#8221;, ent\u00e3o o doador n\u00e3o tem mais amostras dispon\u00edveis. Se voc\u00ea procurar pelo n\u00famero do doador pelo &#8220;Search by ID&#8221;, a disponibilidade estar\u00e1 na p\u00e1gina que abrir.<\/p>\n\n\n\n<p>O doador est\u00e1 com status &#8220;Under Investigation&#8221;: Esse doador aparece na ferramenta de busca, ap\u00f3s inserir o n\u00famero dele no &#8220;Search by ID&#8221;. O status estar\u00e1 na \u00e1rea superior esquerda da p\u00e1gina. As informa\u00e7\u00f5es do doador continuam dispon\u00edveis para download. Sempre pode contatar nossa equipe atrav\u00e9s do (11) 5084-2588.<\/p>\n\n\n\n<p>O doador est\u00e1 &#8220;Testing Not Current&#8221;: Contate a nossa equipe. Estes doadores n\u00e3o aparecer\u00e3o na ferramenta de busca. Aquisi\u00e7\u00e3o de amostras dispon\u00edveis solicitam um consentimento assinado.<\/p>\n\n\n\n<p>O doador est\u00e1 como &#8220;Restricted&#8221;: Esse doador aparece na ferramenta de Busca, ap\u00f3s inserir o n\u00famero dele no &#8220;Search by ID&#8221;. O status aparecer\u00e1 na parte superior esquerda da p\u00e1gina. As informa\u00e7\u00f5es do doador continuar\u00e3o dispon\u00edveis para download. Sempre pode contatar nossa equipe atrav\u00e9s do (11) 5084-2588. Se amostras estiverem dispon\u00edveis, s\u00f3 poder\u00e3o ser adquiridas para fam\u00edlias que desejam irm\u00e3os e com consentimento informado devidamente assinado.<\/p>\n","protected":false},"excerpt":{"rendered":"<p>O que significa &#8220;Conferir o Status M\u00e9dico&nbsp;de&nbsp;meu Doador&#8221;? O Status M\u00e9dico do Doador \u00e9 uma classifica\u00e7\u00e3o que indica se um doador foi restringido devido a um problema m\u00e9dico significativo em uma prole obtida. Nem todas as quest\u00f5es m\u00e9dicas relatadas resultam em uma restri\u00e7\u00e3o do doador, somente aquelas que podem aumentar &#8230;<\/p>\n","protected":false},"author":1,"featured_media":0,"parent":0,"menu_order":0,"comment_status":"closed","ping_status":"closed","template":"","meta":{"footnotes":""},"class_list":["post-1939","page","type-page","status-publish","hentry"],"yoast_head":"<!-- This site is optimized with the Yoast SEO plugin v27.1.1 - https:\/\/yoast.com\/product\/yoast-seo-wordpress\/ -->\n<title>Verifique Status do Doador | Fairfax Cryobank<\/title>\n<meta name=\"description\" content=\"Confira o Status M\u00e9dico de seu Doador de Semen.\" \/>\n<meta name=\"robots\" content=\"index, follow, max-snippet:-1, max-image-preview:large, max-video-preview:-1\" \/>\n<link rel=\"canonical\" href=\"https:\/\/fairfaxcryobank.com\/br\/verifique-status-do-doador\" \/>\n<meta property=\"og:locale\" content=\"pt_BR\" \/>\n<meta property=\"og:type\" content=\"article\" \/>\n<meta property=\"og:title\" content=\"Verifique Status do Doador | Fairfax Cryobank\" \/>\n<meta property=\"og:description\" content=\"Confira o Status M\u00e9dico de seu Doador de Semen.\" \/>\n<meta property=\"og:url\" content=\"https:\/\/fairfaxcryobank.com\/br\/verifique-status-do-doador\" \/>\n<meta property=\"og:site_name\" content=\"Fairfax Cryobank - Find a Sperm Donor\" \/>\n<meta property=\"article:publisher\" content=\"https:\/\/www.facebook.com\/fairfax.cryobank\" \/>\n<meta property=\"article:modified_time\" content=\"2020-12-16T13:01:07+00:00\" \/>\n<meta name=\"twitter:card\" content=\"summary_large_image\" \/>\n<meta name=\"twitter:site\" content=\"@FairfaxCryobank\" \/>\n<meta name=\"twitter:label1\" content=\"Est. tempo de leitura\" \/>\n\t<meta name=\"twitter:data1\" content=\"12 minutos\" \/>\n<script type=\"application\/ld+json\" class=\"yoast-schema-graph\">{\"@context\":\"https:\/\/schema.org\",\"@graph\":[{\"@type\":\"WebPage\",\"@id\":\"https:\/\/fairfaxcryobank.com\/br\/verifique-status-do-doador\",\"url\":\"https:\/\/fairfaxcryobank.com\/br\/verifique-status-do-doador\",\"name\":\"Verifique Status do Doador | Fairfax Cryobank\",\"isPartOf\":{\"@id\":\"https:\/\/fairfaxcryobank.com\/br#website\"},\"datePublished\":\"2019-09-03T12:11:58+00:00\",\"dateModified\":\"2020-12-16T13:01:07+00:00\",\"description\":\"Confira o Status M\u00e9dico de seu Doador de Semen.\",\"breadcrumb\":{\"@id\":\"https:\/\/fairfaxcryobank.com\/br\/verifique-status-do-doador#breadcrumb\"},\"inLanguage\":\"pt-BR\",\"potentialAction\":[{\"@type\":\"ReadAction\",\"target\":[\"https:\/\/fairfaxcryobank.com\/br\/verifique-status-do-doador\"]}]},{\"@type\":\"BreadcrumbList\",\"@id\":\"https:\/\/fairfaxcryobank.com\/br\/verifique-status-do-doador#breadcrumb\",\"itemListElement\":[{\"@type\":\"ListItem\",\"position\":1,\"name\":\"Home\",\"item\":\"https:\/\/fairfaxcryobank.com\/br\"},{\"@type\":\"ListItem\",\"position\":2,\"name\":\"Verifique Status do Doador\"}]},{\"@type\":\"WebSite\",\"@id\":\"https:\/\/fairfaxcryobank.com\/br#website\",\"url\":\"https:\/\/fairfaxcryobank.com\/br\",\"name\":\"Fairfax Cryobank - Find a Sperm Donor\",\"description\":\"Top-Tier Sperm Bank\",\"publisher\":{\"@id\":\"https:\/\/fairfaxcryobank.com\/br#organization\"},\"potentialAction\":[{\"@type\":\"SearchAction\",\"target\":{\"@type\":\"EntryPoint\",\"urlTemplate\":\"https:\/\/fairfaxcryobank.com\/br?s={search_term_string}\"},\"query-input\":{\"@type\":\"PropertyValueSpecification\",\"valueRequired\":true,\"valueName\":\"search_term_string\"}}],\"inLanguage\":\"pt-BR\"},{\"@type\":\"Organization\",\"@id\":\"https:\/\/fairfaxcryobank.com\/br#organization\",\"name\":\"Fairfax Cryobank\",\"url\":\"https:\/\/fairfaxcryobank.com\/br\",\"logo\":{\"@type\":\"ImageObject\",\"inLanguage\":\"pt-BR\",\"@id\":\"https:\/\/fairfaxcryobank.com\/br#\/schema\/logo\/image\/\",\"url\":\"https:\/\/fairfaxcryobank.com\/wp-content\/uploads\/logo.webp\",\"contentUrl\":\"https:\/\/fairfaxcryobank.com\/wp-content\/uploads\/logo.webp\",\"width\":1,\"height\":1,\"caption\":\"Fairfax Cryobank\"},\"image\":{\"@id\":\"https:\/\/fairfaxcryobank.com\/br#\/schema\/logo\/image\/\"},\"sameAs\":[\"https:\/\/www.facebook.com\/fairfax.cryobank\",\"https:\/\/x.com\/FairfaxCryobank\",\"https:\/\/www.instagram.com\/fairfaxcryobank\/\",\"https:\/\/www.pinterest.com\/fairfaxcryo\/\"]}]}<\/script>\n<!-- \/ Yoast SEO plugin. -->","yoast_head_json":{"title":"Verifique Status do Doador | Fairfax Cryobank","description":"Confira o Status M\u00e9dico de seu Doador de Semen.","robots":{"index":"index","follow":"follow","max-snippet":"max-snippet:-1","max-image-preview":"max-image-preview:large","max-video-preview":"max-video-preview:-1"},"canonical":"https:\/\/fairfaxcryobank.com\/br\/verifique-status-do-doador","og_locale":"pt_BR","og_type":"article","og_title":"Verifique Status do Doador | Fairfax Cryobank","og_description":"Confira o Status M\u00e9dico de seu Doador de Semen.","og_url":"https:\/\/fairfaxcryobank.com\/br\/verifique-status-do-doador","og_site_name":"Fairfax Cryobank - Find a Sperm Donor","article_publisher":"https:\/\/www.facebook.com\/fairfax.cryobank","article_modified_time":"2020-12-16T13:01:07+00:00","twitter_card":"summary_large_image","twitter_site":"@FairfaxCryobank","twitter_misc":{"Est. tempo de leitura":"12 minutos"},"schema":{"@context":"https:\/\/schema.org","@graph":[{"@type":"WebPage","@id":"https:\/\/fairfaxcryobank.com\/br\/verifique-status-do-doador","url":"https:\/\/fairfaxcryobank.com\/br\/verifique-status-do-doador","name":"Verifique Status do Doador | Fairfax Cryobank","isPartOf":{"@id":"https:\/\/fairfaxcryobank.com\/br#website"},"datePublished":"2019-09-03T12:11:58+00:00","dateModified":"2020-12-16T13:01:07+00:00","description":"Confira o Status M\u00e9dico de seu Doador de Semen.","breadcrumb":{"@id":"https:\/\/fairfaxcryobank.com\/br\/verifique-status-do-doador#breadcrumb"},"inLanguage":"pt-BR","potentialAction":[{"@type":"ReadAction","target":["https:\/\/fairfaxcryobank.com\/br\/verifique-status-do-doador"]}]},{"@type":"BreadcrumbList","@id":"https:\/\/fairfaxcryobank.com\/br\/verifique-status-do-doador#breadcrumb","itemListElement":[{"@type":"ListItem","position":1,"name":"Home","item":"https:\/\/fairfaxcryobank.com\/br"},{"@type":"ListItem","position":2,"name":"Verifique Status do Doador"}]},{"@type":"WebSite","@id":"https:\/\/fairfaxcryobank.com\/br#website","url":"https:\/\/fairfaxcryobank.com\/br","name":"Fairfax Cryobank - Find a Sperm Donor","description":"Top-Tier Sperm Bank","publisher":{"@id":"https:\/\/fairfaxcryobank.com\/br#organization"},"potentialAction":[{"@type":"SearchAction","target":{"@type":"EntryPoint","urlTemplate":"https:\/\/fairfaxcryobank.com\/br?s={search_term_string}"},"query-input":{"@type":"PropertyValueSpecification","valueRequired":true,"valueName":"search_term_string"}}],"inLanguage":"pt-BR"},{"@type":"Organization","@id":"https:\/\/fairfaxcryobank.com\/br#organization","name":"Fairfax Cryobank","url":"https:\/\/fairfaxcryobank.com\/br","logo":{"@type":"ImageObject","inLanguage":"pt-BR","@id":"https:\/\/fairfaxcryobank.com\/br#\/schema\/logo\/image\/","url":"https:\/\/fairfaxcryobank.com\/wp-content\/uploads\/logo.webp","contentUrl":"https:\/\/fairfaxcryobank.com\/wp-content\/uploads\/logo.webp","width":1,"height":1,"caption":"Fairfax Cryobank"},"image":{"@id":"https:\/\/fairfaxcryobank.com\/br#\/schema\/logo\/image\/"},"sameAs":["https:\/\/www.facebook.com\/fairfax.cryobank","https:\/\/x.com\/FairfaxCryobank","https:\/\/www.instagram.com\/fairfaxcryobank\/","https:\/\/www.pinterest.com\/fairfaxcryo\/"]}]}},"post_mailing_queue_ids":[],"_links":{"self":[{"href":"https:\/\/fairfaxcryobank.com\/br\/wp-json\/wp\/v2\/pages\/1939","targetHints":{"allow":["GET"]}}],"collection":[{"href":"https:\/\/fairfaxcryobank.com\/br\/wp-json\/wp\/v2\/pages"}],"about":[{"href":"https:\/\/fairfaxcryobank.com\/br\/wp-json\/wp\/v2\/types\/page"}],"author":[{"embeddable":true,"href":"https:\/\/fairfaxcryobank.com\/br\/wp-json\/wp\/v2\/users\/1"}],"replies":[{"embeddable":true,"href":"https:\/\/fairfaxcryobank.com\/br\/wp-json\/wp\/v2\/comments?post=1939"}],"version-history":[{"count":0,"href":"https:\/\/fairfaxcryobank.com\/br\/wp-json\/wp\/v2\/pages\/1939\/revisions"}],"wp:attachment":[{"href":"https:\/\/fairfaxcryobank.com\/br\/wp-json\/wp\/v2\/media?parent=1939"}],"curies":[{"name":"wp","href":"https:\/\/api.w.org\/{rel}","templated":true}]}}