{"id":19474,"date":"2022-01-28T13:32:39","date_gmt":"2022-01-28T18:32:39","guid":{"rendered":"https:\/\/fairfaxcryobank.com\/?page_id=19474"},"modified":"2022-02-22T13:36:39","modified_gmt":"2022-02-22T18:36:39","slug":"iniciando-o-processo","status":"publish","type":"page","link":"https:\/\/fairfaxcryobank.com\/br\/iniciando-o-processo","title":{"rendered":"Iniciando o Processo"},"content":{"rendered":"\n<h2 class=\"wp-block-heading\">Como encontrar um doador no Fairfax Cryobank<\/h2>\n\n\n\n<p>Encontrar um doador de esperma \u00e9 um processo complexo, e deve ser feito com cautela. Esta \u00e9 uma gande decis\u00e3o e voc\u00ea quer ter a certeza de escolher certo para voc\u00ea e  sua fam\u00edlia.<\/p>\n\n\n\n<p>Desde 1986, n\u00f3s conectamos milhares de pessoas com diferentes estilos de vida a doadores compat\u00edveis. Descubra como encontrar um doador no Fairfax Cryobank neste guia passo a passo. Vamos come\u00e7ar!<\/p>\n\n\n\n<hr class=\"wp-block-separator\"\/>\n\n\n\n<h2 class=\"wp-block-heading\">3 Passos para encontrar seu doador ideal<\/h2>\n\n\n\n<h3 class=\"wp-block-heading\"><strong><u>1) D\u00ea um match com o doador<\/u><\/strong><\/h3>\n\n\n\n<p>O primeiro passo \u00e9 escolher um ou mais doadores adequados.<\/p>\n\n\n\n<p>Para isso, v\u00e1 at\u00e9 nossa plataforma interativa de busca por um doador. A partir de l\u00e1, filtre os resultados pelos crit\u00e9rios que mais se adequam a voc\u00ea. N\u00f3s atualizamos nossa base de dados diariamente, se n\u00e3o encontrar seu doador ideal, entre em contato conosco no futuro pois amanh\u00e3 ele pode estar por aqui!<\/p>\n\n\n\n<h4 class=\"wp-block-heading\"><strong>Vi<\/strong>sitando os perfis de doadores<\/h4>\n\n\n\n<p>Te conectar com um doador de alta qualidade \u00e9 a nossa prioridade. Voc\u00ea pode ver diversos detalhes e materiais de apoio de cada doador gratuitamente. Isso inclui o seguinte: <\/p>\n\n\n\n<ul class=\"wp-block-list\"><li>Clipes de \u00e1udio<\/li><li>Perfil m\u00e9dico<\/li><li>Resumo do perfil<\/li><li>An\u00e1lise da equipe<\/li><\/ul>\n\n\n\n<p>Se quiser comprar informa\u00e7\u00f5es adicionais, entre em contato conosco e voc\u00ea poder\u00e1 ter as seguintes informa\u00e7\u00f5es:<\/p>\n\n\n\n<ul class=\"wp-block-list\"><li>Fotos de infancia<\/li><li>Fotos em diversos momentos da vida, incluindo fase adulta<\/li><li>Porte f\u00edsico<\/li><li>Teste de personalidade<\/li><li>Entrevistas de \u00e1udio<\/li><li>Perfil pessoal<\/li><\/ul>\n\n\n\n<h4 class=\"wp-block-heading\"><strong>Descubra nosso servi\u00e7o FaceMatch&#x2122; <\/strong><\/h4>\n\n\n\n<p>Comprometidos em oferecer uma experi\u00eancia de primeira qualidade aos nosso clientes, nosso time est\u00e1 sempre trabalhando para incorporar as melhores inova\u00e7\u00f5es em nosso portf\u00f3lio. <a rel=\"noreferrer noopener\" href=\"https:\/\/fairfaxcryobank.com\/fairfax-facematch\" target=\"_blank\">FairfaxFaceMatch&#x2122;<\/a> \u00e9 uma ferramenta que te ajuda a encontrar sua combina\u00e7\u00e3o perfeita.<\/p>\n\n\n\n<p>Nossa equipe est\u00e1 sempre dispon\u00edvel para ajudar com sua combina\u00e7\u00e3o.<\/p>\n\n\n\n<h4 class=\"wp-block-heading\"><strong>Coment\u00e1tios finais sobre como encontrar um doador de <\/strong>s\u00eamen<\/h4>\n\n\n\n<p>Por favor, se atente ao seguinte:<\/p>\n\n\n\n<p>Primeiramente, se voc\u00ea selecionar um doador tipo ID, voc\u00ea precisar\u00e1 preencher um formul\u00e1rio e assinar antes de completar seu pedido.<\/p>\n\n\n\n<p>Segundo, devido a grande demanda por alguns doadores, certifique-se de escolher mais de um doador antres de realizar seu pedido, sugerimos selecionar ao menos tr\u00eas op\u00e7\u00f5es. Voc\u00ea tambem pode optar por escolher o doador com antecedencia, comprando o s\u00eamen e mantendo-o guardado at\u00e9 a data do seu procedimento de fertiliza\u00e7\u00e3o. <\/p>\n\n\n\n<h3 class=\"wp-block-heading\"><strong><u>2) Entre em contato<\/u><\/strong><\/h3>\n\n\n\n<p>Parab\u00e9ns! Voc\u00ea selecionou seus doadores &#8211; a parte complicada ja passou. Agora \u00e9 a hora de nos comunicar sua escolha.<\/p>\n\n\n\n<p>Solicite seu pedido atrav\u00e9s do nosso servi\u00e7o de atendimento ao cliente por telefone ou e-mail. <\/p>\n\n\n\n<p><strong>Tel: 11 5084-2588  Whatsapp: 11 98111-3455  Email: <a href=\"mailto:contato@fairfaxcryobank.com.br\">contato@fairfaxcryobank.com.br<\/a><\/strong><\/p>\n\n\n\n<h3 class=\"wp-block-heading\"><strong><u>3) Documenta\u00e7\u00e3o e acompanhamento <\/u><\/strong><\/h3>\n\n\n\n<p>Ap\u00f3s recebermos sua solicita\u00e7\u00e3o, nossa equipe ir\u00e1 entrar em contato para iniciar o processo, solicitar todos os documentos e acompanhar seu processo.<\/p>\n\n\n\n<hr class=\"wp-block-separator\"\/>\n\n\n\n<h2 class=\"wp-block-heading\"><strong>Comece hoje!<\/strong><\/h2>\n\n\n\n<p>Agora voc\u00ea sabe como encontrar um doador de s\u00eamen.<br>Comece hoje e nos deixe ajudar a construir a fam\u00edlia que voc\u00ea sempre quis. Procure seu doador de s\u00eamen.<\/p>\n\n\n\n<p><\/p>\n","protected":false},"excerpt":{"rendered":"<p>Como encontrar um doador no Fairfax Cryobank Encontrar um doador de esperma \u00e9 um processo complexo, e deve ser feito com cautela. Esta \u00e9 uma gande decis\u00e3o e voc\u00ea quer ter a certeza de escolher certo para voc\u00ea e sua fam\u00edlia. Desde 1986, n\u00f3s conectamos milhares de pessoas com diferentes &#8230;<\/p>\n","protected":false},"author":1,"featured_media":0,"parent":0,"menu_order":0,"comment_status":"closed","ping_status":"closed","template":"","meta":{"footnotes":""},"class_list":["post-19474","page","type-page","status-publish","hentry"],"yoast_head":"<!-- This site is optimized with the Yoast SEO plugin v27.1.1 - https:\/\/yoast.com\/product\/yoast-seo-wordpress\/ -->\n<title>Iniciando o Processo | Fairfax Cryobank - Find a Sperm Donor<\/title>\n<meta name=\"description\" content=\"Como encontrar um doador no Fairfax Cryobank Encontrar um doador de esperma \u00e9 um processo complexo, e deve ser feito com cautela. Esta \u00e9 uma gande decis\u00e3o\" \/>\n<meta name=\"robots\" content=\"index, follow, max-snippet:-1, max-image-preview:large, max-video-preview:-1\" \/>\n<link rel=\"canonical\" href=\"https:\/\/fairfaxcryobank.com\/br\/iniciando-o-processo\" \/>\n<meta property=\"og:locale\" content=\"pt_BR\" \/>\n<meta property=\"og:type\" content=\"article\" \/>\n<meta property=\"og:title\" content=\"Iniciando o Processo | Fairfax Cryobank - Find a Sperm Donor\" \/>\n<meta property=\"og:description\" content=\"Como encontrar um doador no Fairfax Cryobank Encontrar um doador de esperma \u00e9 um processo complexo, e deve ser feito com cautela. Esta \u00e9 uma gande decis\u00e3o\" \/>\n<meta property=\"og:url\" content=\"https:\/\/fairfaxcryobank.com\/br\/iniciando-o-processo\" \/>\n<meta property=\"og:site_name\" content=\"Fairfax Cryobank - Find a Sperm Donor\" \/>\n<meta property=\"article:publisher\" content=\"https:\/\/www.facebook.com\/fairfax.cryobank\" \/>\n<meta property=\"article:modified_time\" content=\"2022-02-22T18:36:39+00:00\" \/>\n<meta name=\"twitter:card\" content=\"summary_large_image\" \/>\n<meta name=\"twitter:site\" content=\"@FairfaxCryobank\" \/>\n<meta name=\"twitter:label1\" content=\"Est. tempo de leitura\" \/>\n\t<meta name=\"twitter:data1\" content=\"2 minutos\" \/>\n<script type=\"application\/ld+json\" class=\"yoast-schema-graph\">{\"@context\":\"https:\/\/schema.org\",\"@graph\":[{\"@type\":\"WebPage\",\"@id\":\"https:\/\/fairfaxcryobank.com\/br\/iniciando-o-processo\",\"url\":\"https:\/\/fairfaxcryobank.com\/br\/iniciando-o-processo\",\"name\":\"Iniciando o Processo | Fairfax Cryobank - Find a Sperm Donor\",\"isPartOf\":{\"@id\":\"https:\/\/fairfaxcryobank.com\/br#website\"},\"datePublished\":\"2022-01-28T18:32:39+00:00\",\"dateModified\":\"2022-02-22T18:36:39+00:00\",\"description\":\"Como encontrar um doador no Fairfax Cryobank Encontrar um doador de esperma \u00e9 um processo complexo, e deve ser feito com cautela. Esta \u00e9 uma gande decis\u00e3o\",\"breadcrumb\":{\"@id\":\"https:\/\/fairfaxcryobank.com\/br\/iniciando-o-processo#breadcrumb\"},\"inLanguage\":\"pt-BR\",\"potentialAction\":[{\"@type\":\"ReadAction\",\"target\":[\"https:\/\/fairfaxcryobank.com\/br\/iniciando-o-processo\"]}]},{\"@type\":\"BreadcrumbList\",\"@id\":\"https:\/\/fairfaxcryobank.com\/br\/iniciando-o-processo#breadcrumb\",\"itemListElement\":[{\"@type\":\"ListItem\",\"position\":1,\"name\":\"Home\",\"item\":\"https:\/\/fairfaxcryobank.com\/br\"},{\"@type\":\"ListItem\",\"position\":2,\"name\":\"Iniciando o Processo\"}]},{\"@type\":\"WebSite\",\"@id\":\"https:\/\/fairfaxcryobank.com\/br#website\",\"url\":\"https:\/\/fairfaxcryobank.com\/br\",\"name\":\"Fairfax Cryobank - Find a Sperm Donor\",\"description\":\"Top-Tier Sperm Bank\",\"publisher\":{\"@id\":\"https:\/\/fairfaxcryobank.com\/br#organization\"},\"potentialAction\":[{\"@type\":\"SearchAction\",\"target\":{\"@type\":\"EntryPoint\",\"urlTemplate\":\"https:\/\/fairfaxcryobank.com\/br?s={search_term_string}\"},\"query-input\":{\"@type\":\"PropertyValueSpecification\",\"valueRequired\":true,\"valueName\":\"search_term_string\"}}],\"inLanguage\":\"pt-BR\"},{\"@type\":\"Organization\",\"@id\":\"https:\/\/fairfaxcryobank.com\/br#organization\",\"name\":\"Fairfax Cryobank\",\"url\":\"https:\/\/fairfaxcryobank.com\/br\",\"logo\":{\"@type\":\"ImageObject\",\"inLanguage\":\"pt-BR\",\"@id\":\"https:\/\/fairfaxcryobank.com\/br#\/schema\/logo\/image\/\",\"url\":\"https:\/\/fairfaxcryobank.com\/wp-content\/uploads\/logo.webp\",\"contentUrl\":\"https:\/\/fairfaxcryobank.com\/wp-content\/uploads\/logo.webp\",\"width\":1,\"height\":1,\"caption\":\"Fairfax Cryobank\"},\"image\":{\"@id\":\"https:\/\/fairfaxcryobank.com\/br#\/schema\/logo\/image\/\"},\"sameAs\":[\"https:\/\/www.facebook.com\/fairfax.cryobank\",\"https:\/\/x.com\/FairfaxCryobank\",\"https:\/\/www.instagram.com\/fairfaxcryobank\/\",\"https:\/\/www.pinterest.com\/fairfaxcryo\/\"]}]}<\/script>\n<!-- \/ Yoast SEO plugin. -->","yoast_head_json":{"title":"Iniciando o Processo | Fairfax Cryobank - Find a Sperm Donor","description":"Como encontrar um doador no Fairfax Cryobank Encontrar um doador de esperma \u00e9 um processo complexo, e deve ser feito com cautela. Esta \u00e9 uma gande decis\u00e3o","robots":{"index":"index","follow":"follow","max-snippet":"max-snippet:-1","max-image-preview":"max-image-preview:large","max-video-preview":"max-video-preview:-1"},"canonical":"https:\/\/fairfaxcryobank.com\/br\/iniciando-o-processo","og_locale":"pt_BR","og_type":"article","og_title":"Iniciando o Processo | Fairfax Cryobank - Find a Sperm Donor","og_description":"Como encontrar um doador no Fairfax Cryobank Encontrar um doador de esperma \u00e9 um processo complexo, e deve ser feito com cautela. Esta \u00e9 uma gande decis\u00e3o","og_url":"https:\/\/fairfaxcryobank.com\/br\/iniciando-o-processo","og_site_name":"Fairfax Cryobank - Find a Sperm Donor","article_publisher":"https:\/\/www.facebook.com\/fairfax.cryobank","article_modified_time":"2022-02-22T18:36:39+00:00","twitter_card":"summary_large_image","twitter_site":"@FairfaxCryobank","twitter_misc":{"Est. tempo de leitura":"2 minutos"},"schema":{"@context":"https:\/\/schema.org","@graph":[{"@type":"WebPage","@id":"https:\/\/fairfaxcryobank.com\/br\/iniciando-o-processo","url":"https:\/\/fairfaxcryobank.com\/br\/iniciando-o-processo","name":"Iniciando o Processo | Fairfax Cryobank - Find a Sperm Donor","isPartOf":{"@id":"https:\/\/fairfaxcryobank.com\/br#website"},"datePublished":"2022-01-28T18:32:39+00:00","dateModified":"2022-02-22T18:36:39+00:00","description":"Como encontrar um doador no Fairfax Cryobank Encontrar um doador de esperma \u00e9 um processo complexo, e deve ser feito com cautela. Esta \u00e9 uma gande decis\u00e3o","breadcrumb":{"@id":"https:\/\/fairfaxcryobank.com\/br\/iniciando-o-processo#breadcrumb"},"inLanguage":"pt-BR","potentialAction":[{"@type":"ReadAction","target":["https:\/\/fairfaxcryobank.com\/br\/iniciando-o-processo"]}]},{"@type":"BreadcrumbList","@id":"https:\/\/fairfaxcryobank.com\/br\/iniciando-o-processo#breadcrumb","itemListElement":[{"@type":"ListItem","position":1,"name":"Home","item":"https:\/\/fairfaxcryobank.com\/br"},{"@type":"ListItem","position":2,"name":"Iniciando o Processo"}]},{"@type":"WebSite","@id":"https:\/\/fairfaxcryobank.com\/br#website","url":"https:\/\/fairfaxcryobank.com\/br","name":"Fairfax Cryobank - Find a Sperm Donor","description":"Top-Tier Sperm Bank","publisher":{"@id":"https:\/\/fairfaxcryobank.com\/br#organization"},"potentialAction":[{"@type":"SearchAction","target":{"@type":"EntryPoint","urlTemplate":"https:\/\/fairfaxcryobank.com\/br?s={search_term_string}"},"query-input":{"@type":"PropertyValueSpecification","valueRequired":true,"valueName":"search_term_string"}}],"inLanguage":"pt-BR"},{"@type":"Organization","@id":"https:\/\/fairfaxcryobank.com\/br#organization","name":"Fairfax Cryobank","url":"https:\/\/fairfaxcryobank.com\/br","logo":{"@type":"ImageObject","inLanguage":"pt-BR","@id":"https:\/\/fairfaxcryobank.com\/br#\/schema\/logo\/image\/","url":"https:\/\/fairfaxcryobank.com\/wp-content\/uploads\/logo.webp","contentUrl":"https:\/\/fairfaxcryobank.com\/wp-content\/uploads\/logo.webp","width":1,"height":1,"caption":"Fairfax Cryobank"},"image":{"@id":"https:\/\/fairfaxcryobank.com\/br#\/schema\/logo\/image\/"},"sameAs":["https:\/\/www.facebook.com\/fairfax.cryobank","https:\/\/x.com\/FairfaxCryobank","https:\/\/www.instagram.com\/fairfaxcryobank\/","https:\/\/www.pinterest.com\/fairfaxcryo\/"]}]}},"post_mailing_queue_ids":[],"_links":{"self":[{"href":"https:\/\/fairfaxcryobank.com\/br\/wp-json\/wp\/v2\/pages\/19474","targetHints":{"allow":["GET"]}}],"collection":[{"href":"https:\/\/fairfaxcryobank.com\/br\/wp-json\/wp\/v2\/pages"}],"about":[{"href":"https:\/\/fairfaxcryobank.com\/br\/wp-json\/wp\/v2\/types\/page"}],"author":[{"embeddable":true,"href":"https:\/\/fairfaxcryobank.com\/br\/wp-json\/wp\/v2\/users\/1"}],"replies":[{"embeddable":true,"href":"https:\/\/fairfaxcryobank.com\/br\/wp-json\/wp\/v2\/comments?post=19474"}],"version-history":[{"count":8,"href":"https:\/\/fairfaxcryobank.com\/br\/wp-json\/wp\/v2\/pages\/19474\/revisions"}],"predecessor-version":[{"id":20494,"href":"https:\/\/fairfaxcryobank.com\/br\/wp-json\/wp\/v2\/pages\/19474\/revisions\/20494"}],"wp:attachment":[{"href":"https:\/\/fairfaxcryobank.com\/br\/wp-json\/wp\/v2\/media?parent=19474"}],"curies":[{"name":"wp","href":"https:\/\/api.w.org\/{rel}","templated":true}]}}