{"id":19631,"date":"2022-01-22T17:37:30","date_gmt":"2022-01-22T22:37:30","guid":{"rendered":"https:\/\/fairfaxcryobank.com\/?page_id=19631"},"modified":"2022-04-27T14:33:19","modified_gmt":"2022-04-27T18:33:19","slug":"servicos-de-selecao-de-doadores","status":"publish","type":"page","link":"https:\/\/fairfaxcryobank.com\/br\/servicos-de-selecao-de-doadores","title":{"rendered":"Servi\u00e7os de sele\u00e7\u00e3o de doadores"},"content":{"rendered":"\n<h2 class=\"wp-block-heading\">Precisa de ajuda na sua busca pro um doador?<\/h2>\n\n\n\n<h3 class=\"wp-block-heading\"><strong>Utilize o servi\u00e7o de sele\u00e7\u00e3o de doadores do Fairfax Cryobank&#8217;s para encontrar seu doador perfeito.<\/strong>  <\/h3>\n\n\n\n<p><strong>Photo Matching:<\/strong><\/p>\n\n\n\n<p>Os doadores podem ser selecionados com base em sua semelhan\u00e7a com outra pessoa. Um membro de nossa equipe analisa fotos de adultos de nossos doadores, n\u00e3o dispon\u00edveis ao p\u00fablico, e far\u00e1 as compara\u00e7\u00f5es que voc\u00ea solicitar. Se voc\u00ea estiver interessado em usar este servi\u00e7o, entre encontato pelo email<a href=\"mailto:contato@fairfaxcryobank.com.br\"> contato@fairfaxcryobank.com.br<\/a> que solicitaremos as imagens para realiza\u00e7\u00e3o do servi\u00e7o.<\/p>\n\n\n<p><strong>Aconselhamento gen\u00e9tico:<\/strong><\/p>\n<p>Alguns de nossos clientes podem ter circunst\u00e2ncias especiais que os obrigam a selecionar doadores testados para uma doen\u00e7a gen\u00e9tica espec\u00edfica que ocorre em sua fam\u00edlia ou simplesmente para obter mais informa\u00e7\u00f5es sobre uma situa\u00e7\u00e3o gen\u00e9tica ou heredit\u00e1ria. A ajuda est\u00e1 dispon\u00edvel com nossa equipe de aconselhamento gen\u00e9tico. As consultas tamb\u00e9m est\u00e3o dispon\u00edveis por agendamento.<\/p>\n<p><strong>Disponibilidade garantida: Compra e armazenamento de frasco<\/strong><\/p>\n<p><span style=\"color: #000000;\">Oferecemos duas maneiras de tornar o processo mais f\u00e1cil para voc\u00ea. Disponibilidade garantida: Compra e armazenamento de frasco permite encontrar o doador certo agora e armazen\u00e1-lo para uso futuro. A disponibilidade est\u00e1 sujeita a altera\u00e7\u00f5es a qualquer momento, por isso \u00e9 importante comprar agora para uso futuro ou para crian\u00e7as adicionais do mesmo doador. O melhor de tudo \u00e9 que, se mais tarde voc\u00ea descobrir que os frascos que voc\u00ea armazenou n\u00e3o s\u00e3o mais necess\u00e1rios, n\u00f3s os compraremos de volta, pela metade do pre\u00e7o, desde que a amostra n\u00e3o tenha sa\u00eddo de nossas instala\u00e7\u00f5es.<\/span><\/p>\n<p><strong>Servi\u00e7o de reativa\u00e7\u00e3o de doador:<\/strong><\/p>\n<p><span style=\"color: #000000;\">Servi\u00e7o de Reativa\u00e7\u00e3o de Doadores: Fairfax Cryobank tentar\u00e1 localizar e reativar doadores que deixaram o programa, desde que n\u00e3o haja amostras adicionais restantes. Esteja ciente de que o programa de Reativa\u00e7\u00e3o de Doadores est\u00e1 dispon\u00edvel apenas para pacientes que buscam filhos adicionais do mesmo doador. Se um doador atingiu seus limites m\u00e1ximos em unidades familiares ou vendas totais, a reativa\u00e7\u00e3o desse doador pode estar dispon\u00edvel para a gravidez de irm\u00e3os. Uma taxa de busca de doador, taxa de processamento de doador, taxa de teste de doen\u00e7as infecciosas e taxa de armazenamento de amostra (m\u00ednimo de 6 meses) s\u00e3o exigidas antes do in\u00edcio da pesquisa. Todas as taxas, exceto a taxa de busca, ser\u00e3o reembolsadas se o ex-doador n\u00e3o puder ser localizado ou se recusar a entrar novamente no programa de doadores. Uma reativa\u00e7\u00e3o bem-sucedida de um doador custa alguns milhares de d\u00f3lares.<\/span><\/p>\n\n\n<hr class=\"wp-block-separator is-style-wide\"\/>\n\n\n\n<h4 class=\"wp-block-heading\"><strong>Fa\u00e7a upload de sua foto para o Fairfax FaceMatch <\/strong>agora<\/h4>\n\n\n\n<p>Ao longo de seu processo de busca de doadores de esperma, voc\u00ea pode considerar a apar\u00eancia dos doadores em compara\u00e7\u00e3o com seus entes queridos, um amigo ou uma celebridade. Carregue sua foto no Fairfax FaceMatch agora e permita que o algoritmo facial cient\u00edfico recomende doadores com apar\u00eancia facial semelhante.<\/p>\n\n\n\n<div class=\"wp-block-button aligncenter\"><a class=\"wp-block-button__link has-text-color has-background\" href=\"https:\/\/fairfaxcryobank.com\/br\/fairfax-facematch\" style=\"background-color:#ea6950;color:#ffffff\">Experimente o Fairfax FaceMatch gratuitamente<\/a><\/div>\n\n\n\n<p><\/p>\n","protected":false},"excerpt":{"rendered":"<p>Precisa de ajuda na sua busca pro um doador? Utilize o servi\u00e7o de sele\u00e7\u00e3o de doadores do Fairfax Cryobank&#8217;s para encontrar seu doador perfeito. Photo Matching: Os doadores podem ser selecionados com base em sua semelhan\u00e7a com outra pessoa. Um membro de nossa equipe analisa fotos de adultos de nossos &#8230;<\/p>\n","protected":false},"author":1,"featured_media":0,"parent":0,"menu_order":0,"comment_status":"closed","ping_status":"closed","template":"","meta":{"footnotes":""},"class_list":["post-19631","page","type-page","status-publish","hentry"],"yoast_head":"<!-- This site is optimized with the Yoast SEO plugin v27.1.1 - https:\/\/yoast.com\/product\/yoast-seo-wordpress\/ -->\n<title>Servi\u00e7os de sele\u00e7\u00e3o de doadores | Fairfax Cryobank - Find a Sperm Donor<\/title>\n<meta name=\"description\" content=\"Precisa de ajuda na sua busca pro um doador? Utilize o servi\u00e7o de sele\u00e7\u00e3o de doadores do Fairfax Cryobank&#039;s para encontrar seu doador perfeito. Photo\" \/>\n<meta name=\"robots\" content=\"index, follow, max-snippet:-1, max-image-preview:large, max-video-preview:-1\" \/>\n<link rel=\"canonical\" href=\"https:\/\/fairfaxcryobank.com\/br\/servicos-de-selecao-de-doadores\" \/>\n<meta property=\"og:locale\" content=\"pt_BR\" \/>\n<meta property=\"og:type\" content=\"article\" \/>\n<meta property=\"og:title\" content=\"Servi\u00e7os de sele\u00e7\u00e3o de doadores | Fairfax Cryobank - Find a Sperm Donor\" \/>\n<meta property=\"og:description\" content=\"Precisa de ajuda na sua busca pro um doador? Utilize o servi\u00e7o de sele\u00e7\u00e3o de doadores do Fairfax Cryobank&#039;s para encontrar seu doador perfeito. Photo\" \/>\n<meta property=\"og:url\" content=\"https:\/\/fairfaxcryobank.com\/br\/servicos-de-selecao-de-doadores\" \/>\n<meta property=\"og:site_name\" content=\"Fairfax Cryobank - Find a Sperm Donor\" \/>\n<meta property=\"article:publisher\" content=\"https:\/\/www.facebook.com\/fairfax.cryobank\" \/>\n<meta property=\"article:modified_time\" content=\"2022-04-27T18:33:19+00:00\" \/>\n<meta name=\"twitter:card\" content=\"summary_large_image\" \/>\n<meta name=\"twitter:site\" content=\"@FairfaxCryobank\" \/>\n<meta name=\"twitter:label1\" content=\"Est. tempo de leitura\" \/>\n\t<meta name=\"twitter:data1\" content=\"3 minutos\" \/>\n<script type=\"application\/ld+json\" class=\"yoast-schema-graph\">{\"@context\":\"https:\/\/schema.org\",\"@graph\":[{\"@type\":\"WebPage\",\"@id\":\"https:\/\/fairfaxcryobank.com\/br\/servicos-de-selecao-de-doadores\",\"url\":\"https:\/\/fairfaxcryobank.com\/br\/servicos-de-selecao-de-doadores\",\"name\":\"Servi\u00e7os de sele\u00e7\u00e3o de doadores | Fairfax Cryobank - Find a Sperm Donor\",\"isPartOf\":{\"@id\":\"https:\/\/fairfaxcryobank.com\/br#website\"},\"datePublished\":\"2022-01-22T22:37:30+00:00\",\"dateModified\":\"2022-04-27T18:33:19+00:00\",\"description\":\"Precisa de ajuda na sua busca pro um doador? Utilize o servi\u00e7o de sele\u00e7\u00e3o de doadores do Fairfax Cryobank's para encontrar seu doador perfeito. Photo\",\"breadcrumb\":{\"@id\":\"https:\/\/fairfaxcryobank.com\/br\/servicos-de-selecao-de-doadores#breadcrumb\"},\"inLanguage\":\"pt-BR\",\"potentialAction\":[{\"@type\":\"ReadAction\",\"target\":[\"https:\/\/fairfaxcryobank.com\/br\/servicos-de-selecao-de-doadores\"]}]},{\"@type\":\"BreadcrumbList\",\"@id\":\"https:\/\/fairfaxcryobank.com\/br\/servicos-de-selecao-de-doadores#breadcrumb\",\"itemListElement\":[{\"@type\":\"ListItem\",\"position\":1,\"name\":\"Home\",\"item\":\"https:\/\/fairfaxcryobank.com\/br\"},{\"@type\":\"ListItem\",\"position\":2,\"name\":\"Servi\u00e7os de sele\u00e7\u00e3o de doadores\"}]},{\"@type\":\"WebSite\",\"@id\":\"https:\/\/fairfaxcryobank.com\/br#website\",\"url\":\"https:\/\/fairfaxcryobank.com\/br\",\"name\":\"Fairfax Cryobank - Find a Sperm Donor\",\"description\":\"Top-Tier Sperm Bank\",\"publisher\":{\"@id\":\"https:\/\/fairfaxcryobank.com\/br#organization\"},\"potentialAction\":[{\"@type\":\"SearchAction\",\"target\":{\"@type\":\"EntryPoint\",\"urlTemplate\":\"https:\/\/fairfaxcryobank.com\/br?s={search_term_string}\"},\"query-input\":{\"@type\":\"PropertyValueSpecification\",\"valueRequired\":true,\"valueName\":\"search_term_string\"}}],\"inLanguage\":\"pt-BR\"},{\"@type\":\"Organization\",\"@id\":\"https:\/\/fairfaxcryobank.com\/br#organization\",\"name\":\"Fairfax Cryobank\",\"url\":\"https:\/\/fairfaxcryobank.com\/br\",\"logo\":{\"@type\":\"ImageObject\",\"inLanguage\":\"pt-BR\",\"@id\":\"https:\/\/fairfaxcryobank.com\/br#\/schema\/logo\/image\/\",\"url\":\"https:\/\/fairfaxcryobank.com\/wp-content\/uploads\/logo.webp\",\"contentUrl\":\"https:\/\/fairfaxcryobank.com\/wp-content\/uploads\/logo.webp\",\"width\":1,\"height\":1,\"caption\":\"Fairfax Cryobank\"},\"image\":{\"@id\":\"https:\/\/fairfaxcryobank.com\/br#\/schema\/logo\/image\/\"},\"sameAs\":[\"https:\/\/www.facebook.com\/fairfax.cryobank\",\"https:\/\/x.com\/FairfaxCryobank\",\"https:\/\/www.instagram.com\/fairfaxcryobank\/\",\"https:\/\/www.pinterest.com\/fairfaxcryo\/\"]}]}<\/script>\n<!-- \/ Yoast SEO plugin. -->","yoast_head_json":{"title":"Servi\u00e7os de sele\u00e7\u00e3o de doadores | Fairfax Cryobank - Find a Sperm Donor","description":"Precisa de ajuda na sua busca pro um doador? Utilize o servi\u00e7o de sele\u00e7\u00e3o de doadores do Fairfax Cryobank's para encontrar seu doador perfeito. Photo","robots":{"index":"index","follow":"follow","max-snippet":"max-snippet:-1","max-image-preview":"max-image-preview:large","max-video-preview":"max-video-preview:-1"},"canonical":"https:\/\/fairfaxcryobank.com\/br\/servicos-de-selecao-de-doadores","og_locale":"pt_BR","og_type":"article","og_title":"Servi\u00e7os de sele\u00e7\u00e3o de doadores | Fairfax Cryobank - Find a Sperm Donor","og_description":"Precisa de ajuda na sua busca pro um doador? Utilize o servi\u00e7o de sele\u00e7\u00e3o de doadores do Fairfax Cryobank's para encontrar seu doador perfeito. Photo","og_url":"https:\/\/fairfaxcryobank.com\/br\/servicos-de-selecao-de-doadores","og_site_name":"Fairfax Cryobank - Find a Sperm Donor","article_publisher":"https:\/\/www.facebook.com\/fairfax.cryobank","article_modified_time":"2022-04-27T18:33:19+00:00","twitter_card":"summary_large_image","twitter_site":"@FairfaxCryobank","twitter_misc":{"Est. tempo de leitura":"3 minutos"},"schema":{"@context":"https:\/\/schema.org","@graph":[{"@type":"WebPage","@id":"https:\/\/fairfaxcryobank.com\/br\/servicos-de-selecao-de-doadores","url":"https:\/\/fairfaxcryobank.com\/br\/servicos-de-selecao-de-doadores","name":"Servi\u00e7os de sele\u00e7\u00e3o de doadores | Fairfax Cryobank - Find a Sperm Donor","isPartOf":{"@id":"https:\/\/fairfaxcryobank.com\/br#website"},"datePublished":"2022-01-22T22:37:30+00:00","dateModified":"2022-04-27T18:33:19+00:00","description":"Precisa de ajuda na sua busca pro um doador? Utilize o servi\u00e7o de sele\u00e7\u00e3o de doadores do Fairfax Cryobank's para encontrar seu doador perfeito. Photo","breadcrumb":{"@id":"https:\/\/fairfaxcryobank.com\/br\/servicos-de-selecao-de-doadores#breadcrumb"},"inLanguage":"pt-BR","potentialAction":[{"@type":"ReadAction","target":["https:\/\/fairfaxcryobank.com\/br\/servicos-de-selecao-de-doadores"]}]},{"@type":"BreadcrumbList","@id":"https:\/\/fairfaxcryobank.com\/br\/servicos-de-selecao-de-doadores#breadcrumb","itemListElement":[{"@type":"ListItem","position":1,"name":"Home","item":"https:\/\/fairfaxcryobank.com\/br"},{"@type":"ListItem","position":2,"name":"Servi\u00e7os de sele\u00e7\u00e3o de doadores"}]},{"@type":"WebSite","@id":"https:\/\/fairfaxcryobank.com\/br#website","url":"https:\/\/fairfaxcryobank.com\/br","name":"Fairfax Cryobank - Find a Sperm Donor","description":"Top-Tier Sperm Bank","publisher":{"@id":"https:\/\/fairfaxcryobank.com\/br#organization"},"potentialAction":[{"@type":"SearchAction","target":{"@type":"EntryPoint","urlTemplate":"https:\/\/fairfaxcryobank.com\/br?s={search_term_string}"},"query-input":{"@type":"PropertyValueSpecification","valueRequired":true,"valueName":"search_term_string"}}],"inLanguage":"pt-BR"},{"@type":"Organization","@id":"https:\/\/fairfaxcryobank.com\/br#organization","name":"Fairfax Cryobank","url":"https:\/\/fairfaxcryobank.com\/br","logo":{"@type":"ImageObject","inLanguage":"pt-BR","@id":"https:\/\/fairfaxcryobank.com\/br#\/schema\/logo\/image\/","url":"https:\/\/fairfaxcryobank.com\/wp-content\/uploads\/logo.webp","contentUrl":"https:\/\/fairfaxcryobank.com\/wp-content\/uploads\/logo.webp","width":1,"height":1,"caption":"Fairfax Cryobank"},"image":{"@id":"https:\/\/fairfaxcryobank.com\/br#\/schema\/logo\/image\/"},"sameAs":["https:\/\/www.facebook.com\/fairfax.cryobank","https:\/\/x.com\/FairfaxCryobank","https:\/\/www.instagram.com\/fairfaxcryobank\/","https:\/\/www.pinterest.com\/fairfaxcryo\/"]}]}},"post_mailing_queue_ids":[],"_links":{"self":[{"href":"https:\/\/fairfaxcryobank.com\/br\/wp-json\/wp\/v2\/pages\/19631","targetHints":{"allow":["GET"]}}],"collection":[{"href":"https:\/\/fairfaxcryobank.com\/br\/wp-json\/wp\/v2\/pages"}],"about":[{"href":"https:\/\/fairfaxcryobank.com\/br\/wp-json\/wp\/v2\/types\/page"}],"author":[{"embeddable":true,"href":"https:\/\/fairfaxcryobank.com\/br\/wp-json\/wp\/v2\/users\/1"}],"replies":[{"embeddable":true,"href":"https:\/\/fairfaxcryobank.com\/br\/wp-json\/wp\/v2\/comments?post=19631"}],"version-history":[{"count":5,"href":"https:\/\/fairfaxcryobank.com\/br\/wp-json\/wp\/v2\/pages\/19631\/revisions"}],"predecessor-version":[{"id":21190,"href":"https:\/\/fairfaxcryobank.com\/br\/wp-json\/wp\/v2\/pages\/19631\/revisions\/21190"}],"wp:attachment":[{"href":"https:\/\/fairfaxcryobank.com\/br\/wp-json\/wp\/v2\/media?parent=19631"}],"curies":[{"name":"wp","href":"https:\/\/api.w.org\/{rel}","templated":true}]}}