{"id":19706,"date":"2022-01-28T13:56:01","date_gmt":"2022-01-28T18:56:01","guid":{"rendered":"https:\/\/fairfaxcryobank.com\/?page_id=19706"},"modified":"2022-01-28T13:56:02","modified_gmt":"2022-01-28T18:56:02","slug":"limites-de-nascimentos-por-doador","status":"publish","type":"page","link":"https:\/\/fairfaxcryobank.com\/br\/limites-de-nascimentos-por-doador","title":{"rendered":"Limites de nascimentos por doador"},"content":{"rendered":"\n<h2 class=\"wp-block-heading\"><strong>Limites de nascimentos por doador<\/strong> do <strong>Fairfax Cryobank<\/strong><\/h2>\n\n\n\n<p>O Fairfax Cryobank cria limites de nascimento de doadores de s\u00eamen com base na aplica\u00e7\u00e3o de v\u00e1rios crit\u00e9rios.<\/p>\n\n\n\n<p>Especificamente, as vendas de um doador cessar\u00e3o quando 25 fam\u00edlias (crian\u00e7as do mesmo doador) forem relatadas nos EUA. A distribui\u00e7\u00e3o internacional \u00e9 interrompida quando 15 fam\u00edlias s\u00e3o relatadas. Depois que os limites da fam\u00edlia forem atingidos, os frascos ser\u00e3o distribu\u00eddos apenas para a gravidez de irm\u00e3os.<\/p>\n\n\n\n<p>As fam\u00edlias que t\u00eam filhos do mesmo doador receber\u00e3o a venda de unidades adicionais de doadores, se dispon\u00edveis, como unidades &#8216;Apenas Gravidez de Irm\u00e3os&#8217;.<\/p>\n\n\n\n<p>Al\u00e9m disso, tamb\u00e9m monitoramos o local de nascimento relatado e limitamos a distribui\u00e7\u00e3o geogr\u00e1fica de um doador de acordo com a diretriz da Sociedade Americana de Medicina Reprodutiva (ASRM).<\/p>\n\n\n\n<p>Para nos ajudar a monitorar o n\u00famero de nascimentos associados a qualquer doador, \u00e9 importante que todos sejam diligentes em relatar os nascimentos para n\u00f3s. Por favor, v\u00e1 para a p\u00e1gina de relat\u00f3rios de gravidez em nosso website ou ligue para n\u00f3s com suas informa\u00e7\u00f5es.<\/p>\n\n\n\n<div class=\"wp-block-button aligncenter\"><a class=\"wp-block-button__link has-text-color has-background\" href=\"https:\/\/fairfaxcryobank.com\/br\/informe-de-gestacao\" style=\"background-color:#ea6950;color:#ffffff\">Relatar Gravidez\/Nascimento<\/a><\/div>\n\n\n\n<p>Se um doador atingiu seus limites m\u00e1ximos para fam\u00edlias ou vendas totais, a reativa\u00e7\u00e3o desse doador pode estar dispon\u00edvel para gravidez de irm\u00e3os. (Reativa\u00e7\u00e3o significa que um doador pode ser solicitado a fornecer amostras adicionais ap\u00f3s deixar o programa. O doador deve primeiro concordar em ser reativado e se o fizer, o cliente concorda em pagar todos os custos que normalmente excedem v\u00e1rios milhares de d\u00f3lares).<\/p>\n","protected":false},"excerpt":{"rendered":"<p>Limites de nascimentos por doador do Fairfax Cryobank O Fairfax Cryobank cria limites de nascimento de doadores de s\u00eamen com base na aplica\u00e7\u00e3o de v\u00e1rios crit\u00e9rios. Especificamente, as vendas de um doador cessar\u00e3o quando 25 fam\u00edlias (crian\u00e7as do mesmo doador) forem relatadas nos EUA. A distribui\u00e7\u00e3o internacional \u00e9 interrompida quando &#8230;<\/p>\n","protected":false},"author":1,"featured_media":0,"parent":0,"menu_order":0,"comment_status":"closed","ping_status":"closed","template":"","meta":{"footnotes":""},"class_list":["post-19706","page","type-page","status-publish","hentry"],"yoast_head":"<!-- This site is optimized with the Yoast SEO plugin v27.1.1 - https:\/\/yoast.com\/product\/yoast-seo-wordpress\/ -->\n<title>Limites de nascimentos por doador | Fairfax Cryobank - Find a Sperm Donor<\/title>\n<meta name=\"description\" content=\"Limites de nascimentos por doador do Fairfax Cryobank O Fairfax Cryobank cria limites de nascimento de doadores de s\u00eamen com base na aplica\u00e7\u00e3o de v\u00e1rios\" \/>\n<meta name=\"robots\" content=\"index, follow, max-snippet:-1, max-image-preview:large, max-video-preview:-1\" \/>\n<link rel=\"canonical\" href=\"https:\/\/fairfaxcryobank.com\/br\/limites-de-nascimentos-por-doador\" \/>\n<meta property=\"og:locale\" content=\"pt_BR\" \/>\n<meta property=\"og:type\" content=\"article\" \/>\n<meta property=\"og:title\" content=\"Limites de nascimentos por doador | Fairfax Cryobank - Find a Sperm Donor\" \/>\n<meta property=\"og:description\" content=\"Limites de nascimentos por doador do Fairfax Cryobank O Fairfax Cryobank cria limites de nascimento de doadores de s\u00eamen com base na aplica\u00e7\u00e3o de v\u00e1rios\" \/>\n<meta property=\"og:url\" content=\"https:\/\/fairfaxcryobank.com\/br\/limites-de-nascimentos-por-doador\" \/>\n<meta property=\"og:site_name\" content=\"Fairfax Cryobank - Find a Sperm Donor\" \/>\n<meta property=\"article:publisher\" content=\"https:\/\/www.facebook.com\/fairfax.cryobank\" \/>\n<meta property=\"article:modified_time\" content=\"2022-01-28T18:56:02+00:00\" \/>\n<meta name=\"twitter:card\" content=\"summary_large_image\" \/>\n<meta name=\"twitter:site\" content=\"@FairfaxCryobank\" \/>\n<meta name=\"twitter:label1\" content=\"Est. tempo de leitura\" \/>\n\t<meta name=\"twitter:data1\" content=\"1 minuto\" \/>\n<script type=\"application\/ld+json\" class=\"yoast-schema-graph\">{\"@context\":\"https:\/\/schema.org\",\"@graph\":[{\"@type\":\"WebPage\",\"@id\":\"https:\/\/fairfaxcryobank.com\/br\/limites-de-nascimentos-por-doador\",\"url\":\"https:\/\/fairfaxcryobank.com\/br\/limites-de-nascimentos-por-doador\",\"name\":\"Limites de nascimentos por doador | Fairfax Cryobank - Find a Sperm Donor\",\"isPartOf\":{\"@id\":\"https:\/\/fairfaxcryobank.com\/br#website\"},\"datePublished\":\"2022-01-28T18:56:01+00:00\",\"dateModified\":\"2022-01-28T18:56:02+00:00\",\"description\":\"Limites de nascimentos por doador do Fairfax Cryobank O Fairfax Cryobank cria limites de nascimento de doadores de s\u00eamen com base na aplica\u00e7\u00e3o de v\u00e1rios\",\"breadcrumb\":{\"@id\":\"https:\/\/fairfaxcryobank.com\/br\/limites-de-nascimentos-por-doador#breadcrumb\"},\"inLanguage\":\"pt-BR\",\"potentialAction\":[{\"@type\":\"ReadAction\",\"target\":[\"https:\/\/fairfaxcryobank.com\/br\/limites-de-nascimentos-por-doador\"]}]},{\"@type\":\"BreadcrumbList\",\"@id\":\"https:\/\/fairfaxcryobank.com\/br\/limites-de-nascimentos-por-doador#breadcrumb\",\"itemListElement\":[{\"@type\":\"ListItem\",\"position\":1,\"name\":\"Home\",\"item\":\"https:\/\/fairfaxcryobank.com\/br\"},{\"@type\":\"ListItem\",\"position\":2,\"name\":\"Limites de nascimentos por doador\"}]},{\"@type\":\"WebSite\",\"@id\":\"https:\/\/fairfaxcryobank.com\/br#website\",\"url\":\"https:\/\/fairfaxcryobank.com\/br\",\"name\":\"Fairfax Cryobank - Find a Sperm Donor\",\"description\":\"Top-Tier Sperm Bank\",\"publisher\":{\"@id\":\"https:\/\/fairfaxcryobank.com\/br#organization\"},\"potentialAction\":[{\"@type\":\"SearchAction\",\"target\":{\"@type\":\"EntryPoint\",\"urlTemplate\":\"https:\/\/fairfaxcryobank.com\/br?s={search_term_string}\"},\"query-input\":{\"@type\":\"PropertyValueSpecification\",\"valueRequired\":true,\"valueName\":\"search_term_string\"}}],\"inLanguage\":\"pt-BR\"},{\"@type\":\"Organization\",\"@id\":\"https:\/\/fairfaxcryobank.com\/br#organization\",\"name\":\"Fairfax Cryobank\",\"url\":\"https:\/\/fairfaxcryobank.com\/br\",\"logo\":{\"@type\":\"ImageObject\",\"inLanguage\":\"pt-BR\",\"@id\":\"https:\/\/fairfaxcryobank.com\/br#\/schema\/logo\/image\/\",\"url\":\"https:\/\/fairfaxcryobank.com\/wp-content\/uploads\/logo.webp\",\"contentUrl\":\"https:\/\/fairfaxcryobank.com\/wp-content\/uploads\/logo.webp\",\"width\":1,\"height\":1,\"caption\":\"Fairfax Cryobank\"},\"image\":{\"@id\":\"https:\/\/fairfaxcryobank.com\/br#\/schema\/logo\/image\/\"},\"sameAs\":[\"https:\/\/www.facebook.com\/fairfax.cryobank\",\"https:\/\/x.com\/FairfaxCryobank\",\"https:\/\/www.instagram.com\/fairfaxcryobank\/\",\"https:\/\/www.pinterest.com\/fairfaxcryo\/\"]}]}<\/script>\n<!-- \/ Yoast SEO plugin. -->","yoast_head_json":{"title":"Limites de nascimentos por doador | Fairfax Cryobank - Find a Sperm Donor","description":"Limites de nascimentos por doador do Fairfax Cryobank O Fairfax Cryobank cria limites de nascimento de doadores de s\u00eamen com base na aplica\u00e7\u00e3o de v\u00e1rios","robots":{"index":"index","follow":"follow","max-snippet":"max-snippet:-1","max-image-preview":"max-image-preview:large","max-video-preview":"max-video-preview:-1"},"canonical":"https:\/\/fairfaxcryobank.com\/br\/limites-de-nascimentos-por-doador","og_locale":"pt_BR","og_type":"article","og_title":"Limites de nascimentos por doador | Fairfax Cryobank - Find a Sperm Donor","og_description":"Limites de nascimentos por doador do Fairfax Cryobank O Fairfax Cryobank cria limites de nascimento de doadores de s\u00eamen com base na aplica\u00e7\u00e3o de v\u00e1rios","og_url":"https:\/\/fairfaxcryobank.com\/br\/limites-de-nascimentos-por-doador","og_site_name":"Fairfax Cryobank - Find a Sperm Donor","article_publisher":"https:\/\/www.facebook.com\/fairfax.cryobank","article_modified_time":"2022-01-28T18:56:02+00:00","twitter_card":"summary_large_image","twitter_site":"@FairfaxCryobank","twitter_misc":{"Est. tempo de leitura":"1 minuto"},"schema":{"@context":"https:\/\/schema.org","@graph":[{"@type":"WebPage","@id":"https:\/\/fairfaxcryobank.com\/br\/limites-de-nascimentos-por-doador","url":"https:\/\/fairfaxcryobank.com\/br\/limites-de-nascimentos-por-doador","name":"Limites de nascimentos por doador | Fairfax Cryobank - Find a Sperm Donor","isPartOf":{"@id":"https:\/\/fairfaxcryobank.com\/br#website"},"datePublished":"2022-01-28T18:56:01+00:00","dateModified":"2022-01-28T18:56:02+00:00","description":"Limites de nascimentos por doador do Fairfax Cryobank O Fairfax Cryobank cria limites de nascimento de doadores de s\u00eamen com base na aplica\u00e7\u00e3o de v\u00e1rios","breadcrumb":{"@id":"https:\/\/fairfaxcryobank.com\/br\/limites-de-nascimentos-por-doador#breadcrumb"},"inLanguage":"pt-BR","potentialAction":[{"@type":"ReadAction","target":["https:\/\/fairfaxcryobank.com\/br\/limites-de-nascimentos-por-doador"]}]},{"@type":"BreadcrumbList","@id":"https:\/\/fairfaxcryobank.com\/br\/limites-de-nascimentos-por-doador#breadcrumb","itemListElement":[{"@type":"ListItem","position":1,"name":"Home","item":"https:\/\/fairfaxcryobank.com\/br"},{"@type":"ListItem","position":2,"name":"Limites de nascimentos por doador"}]},{"@type":"WebSite","@id":"https:\/\/fairfaxcryobank.com\/br#website","url":"https:\/\/fairfaxcryobank.com\/br","name":"Fairfax Cryobank - Find a Sperm Donor","description":"Top-Tier Sperm Bank","publisher":{"@id":"https:\/\/fairfaxcryobank.com\/br#organization"},"potentialAction":[{"@type":"SearchAction","target":{"@type":"EntryPoint","urlTemplate":"https:\/\/fairfaxcryobank.com\/br?s={search_term_string}"},"query-input":{"@type":"PropertyValueSpecification","valueRequired":true,"valueName":"search_term_string"}}],"inLanguage":"pt-BR"},{"@type":"Organization","@id":"https:\/\/fairfaxcryobank.com\/br#organization","name":"Fairfax Cryobank","url":"https:\/\/fairfaxcryobank.com\/br","logo":{"@type":"ImageObject","inLanguage":"pt-BR","@id":"https:\/\/fairfaxcryobank.com\/br#\/schema\/logo\/image\/","url":"https:\/\/fairfaxcryobank.com\/wp-content\/uploads\/logo.webp","contentUrl":"https:\/\/fairfaxcryobank.com\/wp-content\/uploads\/logo.webp","width":1,"height":1,"caption":"Fairfax Cryobank"},"image":{"@id":"https:\/\/fairfaxcryobank.com\/br#\/schema\/logo\/image\/"},"sameAs":["https:\/\/www.facebook.com\/fairfax.cryobank","https:\/\/x.com\/FairfaxCryobank","https:\/\/www.instagram.com\/fairfaxcryobank\/","https:\/\/www.pinterest.com\/fairfaxcryo\/"]}]}},"post_mailing_queue_ids":[],"_links":{"self":[{"href":"https:\/\/fairfaxcryobank.com\/br\/wp-json\/wp\/v2\/pages\/19706","targetHints":{"allow":["GET"]}}],"collection":[{"href":"https:\/\/fairfaxcryobank.com\/br\/wp-json\/wp\/v2\/pages"}],"about":[{"href":"https:\/\/fairfaxcryobank.com\/br\/wp-json\/wp\/v2\/types\/page"}],"author":[{"embeddable":true,"href":"https:\/\/fairfaxcryobank.com\/br\/wp-json\/wp\/v2\/users\/1"}],"replies":[{"embeddable":true,"href":"https:\/\/fairfaxcryobank.com\/br\/wp-json\/wp\/v2\/comments?post=19706"}],"version-history":[{"count":2,"href":"https:\/\/fairfaxcryobank.com\/br\/wp-json\/wp\/v2\/pages\/19706\/revisions"}],"predecessor-version":[{"id":20130,"href":"https:\/\/fairfaxcryobank.com\/br\/wp-json\/wp\/v2\/pages\/19706\/revisions\/20130"}],"wp:attachment":[{"href":"https:\/\/fairfaxcryobank.com\/br\/wp-json\/wp\/v2\/media?parent=19706"}],"curies":[{"name":"wp","href":"https:\/\/api.w.org\/{rel}","templated":true}]}}