{"id":1974,"date":"2019-09-03T13:48:46","date_gmt":"2019-09-03T13:48:46","guid":{"rendered":"https:\/\/fairfaxcryobank.com\/?page_id=1974"},"modified":"2022-03-09T18:32:28","modified_gmt":"2022-03-09T23:32:28","slug":"como-escolher-um-doador","status":"publish","type":"page","link":"https:\/\/fairfaxcryobank.com\/br\/como-escolher-um-doador","title":{"rendered":"Como escolher um doador"},"content":{"rendered":"\n<div class=\"wp-block-cover has-background-dim\" style=\"background-image:url(https:\/\/fairfaxcryobank.com\/wp-content\/uploads\/iStock-1138263345-smaller.jpg)\"><div class=\"wp-block-cover__inner-container is-layout-flow wp-block-cover-is-layout-flow\">\n<p class=\"has-text-align-center has-large-font-size\">Quer aprender como escolher seu doador ideal?<\/p>\n<\/div><\/div>\n\n\n\n<p>Leia nosso guia de como encontrar seu doador ideal escrito por nosso fundador, Joseph D. Schulman, M.D.<\/p>\n\n\n\n<h2 class=\"wp-block-heading\"><strong>A melhor maneira de encontrar seu doador<\/strong><\/h2>\n\n\n\n<h4 class=\"wp-block-heading\">por Joseph D. Schulman, M.D.<br>Fundador, Genetics &amp; IVF Institute<\/h4>\n\n\n\n<p>Escolher um doador de esperma \u00e9 uma decis\u00e3o muit importante. <\/p>\n\n\n\n<p>Escolher um doador de esperma \u00e9 uma decis\u00e3o muito importante, e todos trazem suas perspectivas para esse desafio. Com muitos anos de experi\u00eancia no tratamento de pacientes com problemas de reprodu\u00e7\u00e3o e gen\u00e9tica m\u00e9dica, espero ajud\u00e1-lo a chegar \u00e0 decis\u00e3o final do doador certo para voc\u00ea. Tamb\u00e9m explicarei por que apenas uma pequena minoria de homens pode atender aos dif\u00edceis requisitos para serem doadores de esperma no Fairfax Cryobank.<\/p>\n\n\n\n<p>\u00c9 essencial maximizar a seguran\u00e7a contra os riscos de transmiss\u00e3o inadvertida de uma doen\u00e7a infecciosa. Somente espermatoz\u00f3ides congelados devem ser usados, e somente se as amostras de espermatoz\u00f3ides tiverem sido colocadas em quarentena e o doador totalmente retestado v\u00e1rios meses ap\u00f3s a obten\u00e7\u00e3o do esperma para excluir doen\u00e7as infecciosas. Usar espermatoz\u00f3ides frescos sempre acarreta algum risco de que o doador possa ter sido exposto ao HIV ou a outras doen\u00e7as recentemente de modo que n\u00e3o produziria anormalidades em testes laboratoriais simult\u00e2neos. Desde o in\u00edcio de seu programa de doadores de esperma na d\u00e9cada de 1980, o Fairfax Cryobank tem fornecido consistentemente apenas esperma de doador congelado e em quarentena, que \u00e9 liberado para venda somente ap\u00f3s o doador ter feito extenso teste inicial de doen\u00e7as infecciosas seguido de reteste ap\u00f3s um longo per\u00edodo de quarentena. Voc\u00ea pode ter total confian\u00e7a de que cada dose de esperma congelado vendida pela Fairfax Cryobank e suas afiliadas atende a esse rigoroso padr\u00e3o de seguran\u00e7a.<\/p>\n\n\n\n<p>Outra considera\u00e7\u00e3o importante de seguran\u00e7a \u00e9 minimizar o risco de transmiss\u00e3o de uma doen\u00e7a gen\u00e9tica para a crian\u00e7a. H\u00e1 muitos anos somos pioneiros na preven\u00e7\u00e3o de doen\u00e7as gen\u00e9ticas. Nosso Cryobank \u00e9 o \u00fanico grande banco que tem geneticistas m\u00e9dicos em tempo integral e conselheiros gen\u00e9ticos em sua equipe para examinar cuidadosamente os potenciais doadores em rela\u00e7\u00e3o a qualquer hist\u00f3rico familiar ou manifesta\u00e7\u00f5es cl\u00ednicas de doen\u00e7as gen\u00e9ticas. Al\u00e9m disso, todos os candidatos a doadores passam pela mais extensa bateria de exames gen\u00e9ticos de qualquer outro banco de esperma, e todos os resultados s\u00e3o revisados \u200b\u200bpor nossos profissionais de gen\u00e9tica. Embora o risco de transmiss\u00e3o de doen\u00e7as gen\u00e9ticas nunca possa ser completamente exclu\u00eddo, voc\u00ea pode ter certeza de que ao adquirir esperma do Fairfax Cryobank, esse s\u00e9rio fator de risco do doador ser\u00e1 reduzido ao n\u00edvel mais baixo poss\u00edvel.<\/p>\n\n\n\n<p>H\u00e1 muitos mal-entendidos sobre a import\u00e2ncia da heran\u00e7a na determina\u00e7\u00e3o do tipo de filho que resultar\u00e1 da contribui\u00e7\u00e3o de seu pai biol\u00f3gico. Cada \u00f3vulo e espermatoz\u00f3ide cont\u00e9m metade dos genes do respectivo pai e, portanto, a crian\u00e7a compartilha metade de seus genes com cada um dos pais &#8211; mas apenas metade. N\u00e3o h\u00e1 como determinar quais atributos gen\u00e9ticos ser\u00e3o herdados por um indiv\u00edduo espec\u00edfico antes da concep\u00e7\u00e3o, quando, em casos especiais, o teste gen\u00e9tico no embri\u00e3o, no feto ou na crian\u00e7a pode fornecer informa\u00e7\u00f5es \u00fateis. Assim, os filhos se parecem em certa medida com os pais, mas a semelhan\u00e7a est\u00e1 longe de ser completa. A conex\u00e3o gen\u00e9tica com os irm\u00e3os tamb\u00e9m envolve o compartilhamento de metade dos genes de uma pessoa. Os irm\u00e3os normalmente est\u00e3o longe de ser id\u00eanticos na maioria das caracter\u00edsticas , mas ainda assim, tendem a se parecer mais do que duas pessoas selecionadas aleatoriamente e sem parentesco.<\/p>\n\n\n\n<p>Quanto a heran\u00e7a gen\u00e9tica importa para determinar que tipo de pessoa uma pessoa se torna? A otimiza\u00e7\u00e3o do meio ambiente, amplamente definida para incluir boa nutri\u00e7\u00e3o, amor dos pais, excelentes oportunidades educacionais e muito mais, certamente ajudar\u00e1 cada crian\u00e7a a atingir seu pleno potencial. Mas h\u00e1 muitas evid\u00eancias de que esse potencial \u00e9 fortemente influenciado pela heran\u00e7a. A melhor prova vem de estudos de longo prazo de g\u00eameos id\u00eanticos &#8211; que s\u00e3o geneticamente id\u00eanticos &#8211; mas que foram separados perto do momento do nascimento e, posteriormente, criados separados. Um resumo definitivo da pesquisa sobre g\u00eameos id\u00eanticos criados separadamente foi compilado recentemente por Nancy L. Segal, Ph.D., em seu livro &#8220;Born Together &#8211; Reared Apart: The Landmark Minnesota Twin Study&#8221;. A conclus\u00e3o fundamental de d\u00e9cadas de pesquisa \u00e9 que os padr\u00f5es de vida, realiza\u00e7\u00f5es, intelig\u00eancia e apar\u00eancia de pares de g\u00eameos id\u00eanticos, que em muitos casos nunca se encontraram novamente at\u00e9 idades muito avan\u00e7adas, s\u00e3o surpreendentemente semelhantes. Portanto, a gen\u00e9tica \u00e9 muito importante para determinar quem somos e o que nos tornaremos na inf\u00e2ncia e na vida adulta. A maioria dos cientistas agora reconhece que a intelig\u00eancia \u00e9 pelo menos 50% determinada por heran\u00e7a, e muitos colocariam esse n\u00famero perto de 70%. Tra\u00e7os como habilidade musical, talento art\u00edstico, aptid\u00e3o atl\u00e9tica e muitos outros tamb\u00e9m s\u00e3o parcialmente gen\u00e9ticos.<\/p>\n\n\n\n<p>Por esse motivo, recomendamos que, mesmo permitindo a variabilidade na heran\u00e7a de genes espec\u00edficos de pais biol\u00f3gicos, seja dada aten\u00e7\u00e3o significativa \u00e0 escolha de um doador de esperma que tenha as qualidades que algu\u00e9m gostaria de ver em um filho. N\u00e3o h\u00e1 garantia de que uma qualidade espec\u00edfica ser\u00e1 realmente expressa na crian\u00e7a, mas h\u00e1 uma probabilidade maior de isso ocorrer do que se isso n\u00e3o for levado em considera\u00e7\u00e3o na decis\u00e3o sobre qual doador usar. \u00c9 por isso que nosso banco de doadores Cryobank \u00e9 selecionado com muito cuidado, n\u00e3o apenas para excluir propens\u00f5es detect\u00e1veis \u200b\u200ba caracter\u00edsticas adversas, mas tamb\u00e9m para incluir atributos positivos amplamente desejados por muitos pais. Exclu\u00edmos doadores com hist\u00f3rico ou evid\u00eancia de abuso de \u00e1lcool ou drogas, caracter\u00edsticas comportamentais negativas, doen\u00e7a man\u00edaco-depressiva ou esquizofrenia e limita\u00e7\u00f5es f\u00edsicas potencialmente heredit\u00e1rias. Utilizamos doadores que s\u00e3o estudantes universit\u00e1rios ou que podem ter graus avan\u00e7ados (incluindo doutorado) que fornecem evid\u00eancias de intelig\u00eancia substancial. Informa\u00e7\u00f5es detalhadas sobre os talentos, interesses, atributos e apar\u00eancia de nossos doadores est\u00e3o dispon\u00edveis, e informa\u00e7\u00f5es adicionais espec\u00edficas est\u00e3o dispon\u00edveis para voc\u00ea mediante solicita\u00e7\u00e3o. Nosso objetivo \u00e9 garantir que voc\u00ea possa escolher entre um n\u00famero excepcionalmente grande de doadores de esperma que s\u00e3o pessoas de alta qualidade.<\/p>\n\n\n\n<p>Por \u00faltimo, \u00e9 importante notar que a grande maioria dos candidatos a doadores que atendem a todos os padr\u00f5es acima para seguran\u00e7a infecciosa e gen\u00e9tica e que t\u00eam caracter\u00edsticas admir\u00e1veis \u200b\u200bs\u00e3o rejeitados como doadores no Fairfax Cryobank. \u00c9 um fato biol\u00f3gico inexplic\u00e1vel que o esperma da maioria dos homens n\u00e3o congela bem. Assim, embora o espermatoz\u00f3ide fresco da maioria dos homens inicie facilmente a gravidez, apenas uma pequena minoria produz o esperma que pode ser congelado, armazenado e descongelado antes do uso e ainda ret\u00e9m a excepcional viabilidade e vitalidade necess\u00e1rias para produzir gravidezes em um alto \u00edndice.<\/p>\n\n\n\n<p>Em \u00faltima an\u00e1lise, ao escolher o esperma de um de nossos doadores, voc\u00ea est\u00e1 selecionando pais biol\u00f3gicos em potencial que foram entrevistados, examinados e testados com muito cuidado para atender a todos os requisitos necess\u00e1rios para ser um doador de esperma not\u00e1vel. Menos de 1% de todos os candidatos a doadores s\u00e3o aceitos com sucesso como doadores no Fairfax Cryobank. Encontramos esses doadores por meio de um esfor\u00e7o consider\u00e1vel, com base na compreens\u00e3o da grande import\u00e2ncia das v\u00e1rias quest\u00f5es discutidas neste artigo.<\/p>\n\n\n\n<p>Desejamos-lhe boa sorte na escolha do melhor doador para voc\u00ea. Estamos aqui para ajudar e, se qualquer informa\u00e7\u00e3o adicional sobre como encontrar seu doador for importante para voc\u00ea, faremos o poss\u00edvel para fornec\u00ea-la. Estamos confiantes de que voc\u00ea encontrar\u00e1 o que precisa no Fairfax Cryobank.<\/p>\n\n\n\n<div class=\"wp-block-buttons aligncenter is-layout-flex wp-block-buttons-is-layout-flex\">\n<div class=\"wp-block-button\"><a class=\"wp-block-button__link has-background\" href=\"https:\/\/fairfaxcryobank.com\/search\/br\/\" style=\"background-color:#ea6950\">Encontre seu doador<\/a><\/div>\n<\/div>\n\n\n\n<p><\/p>\n","protected":false},"excerpt":{"rendered":"<p>Leia nosso guia de como encontrar seu doador ideal escrito por nosso fundador, Joseph D. Schulman, M.D. A melhor maneira de encontrar seu doador por Joseph D. Schulman, M.D.Fundador, Genetics &amp; IVF Institute Escolher um doador de esperma \u00e9 uma decis\u00e3o muit importante. Escolher um doador de esperma \u00e9 uma &#8230;<\/p>\n","protected":false},"author":1,"featured_media":14729,"parent":0,"menu_order":0,"comment_status":"closed","ping_status":"closed","template":"","meta":{"footnotes":""},"class_list":["post-1974","page","type-page","status-publish","has-post-thumbnail","hentry"],"yoast_head":"<!-- This site is optimized with the Yoast SEO plugin v27.1.1 - https:\/\/yoast.com\/product\/yoast-seo-wordpress\/ -->\n<title>Como escolher um doador | Fairfax Cryobank<\/title>\n<meta name=\"description\" content=\"How to choose a sperm donor, by Joseph D. Schulman, M.D., Founder of Genetics &amp; IVF Institute. Read the advice to find your sperm donor match.\" \/>\n<meta name=\"robots\" content=\"index, follow, max-snippet:-1, max-image-preview:large, max-video-preview:-1\" \/>\n<link rel=\"canonical\" href=\"https:\/\/fairfaxcryobank.com\/br\/como-escolher-um-doador\" \/>\n<meta property=\"og:locale\" content=\"pt_BR\" \/>\n<meta property=\"og:type\" content=\"article\" \/>\n<meta property=\"og:title\" content=\"Como escolher um doador | Fairfax Cryobank\" \/>\n<meta property=\"og:description\" content=\"How to choose a sperm donor, by Joseph D. Schulman, M.D., Founder of Genetics &amp; IVF Institute. Read the advice to find your sperm donor match.\" \/>\n<meta property=\"og:url\" content=\"https:\/\/fairfaxcryobank.com\/br\/como-escolher-um-doador\" \/>\n<meta property=\"og:site_name\" content=\"Fairfax Cryobank - Find a Sperm Donor\" \/>\n<meta property=\"article:publisher\" content=\"https:\/\/www.facebook.com\/fairfax.cryobank\" \/>\n<meta property=\"article:modified_time\" content=\"2022-03-09T23:32:28+00:00\" \/>\n<meta property=\"og:image\" content=\"https:\/\/fairfaxcryobank.com\/wp-content\/uploads\/iStock-1138263345-smaller.jpg\" \/>\n\t<meta property=\"og:image:width\" content=\"2449\" \/>\n\t<meta property=\"og:image:height\" content=\"1633\" \/>\n\t<meta property=\"og:image:type\" content=\"image\/jpeg\" \/>\n<meta name=\"twitter:card\" content=\"summary_large_image\" \/>\n<meta name=\"twitter:site\" content=\"@FairfaxCryobank\" \/>\n<meta name=\"twitter:label1\" content=\"Est. tempo de leitura\" \/>\n\t<meta name=\"twitter:data1\" content=\"7 minutos\" \/>\n<script type=\"application\/ld+json\" class=\"yoast-schema-graph\">{\"@context\":\"https:\/\/schema.org\",\"@graph\":[{\"@type\":\"WebPage\",\"@id\":\"https:\/\/fairfaxcryobank.com\/br\/como-escolher-um-doador\",\"url\":\"https:\/\/fairfaxcryobank.com\/br\/como-escolher-um-doador\",\"name\":\"Como escolher um doador | Fairfax Cryobank\",\"isPartOf\":{\"@id\":\"https:\/\/fairfaxcryobank.com\/br#website\"},\"primaryImageOfPage\":{\"@id\":\"https:\/\/fairfaxcryobank.com\/br\/como-escolher-um-doador#primaryimage\"},\"image\":{\"@id\":\"https:\/\/fairfaxcryobank.com\/br\/como-escolher-um-doador#primaryimage\"},\"thumbnailUrl\":\"https:\/\/fairfaxcryobank.com\/wp-content\/uploads\/iStock-1138263345-smaller.jpg\",\"datePublished\":\"2019-09-03T13:48:46+00:00\",\"dateModified\":\"2022-03-09T23:32:28+00:00\",\"description\":\"How to choose a sperm donor, by Joseph D. Schulman, M.D., Founder of Genetics & IVF Institute. Read the advice to find your sperm donor match.\",\"breadcrumb\":{\"@id\":\"https:\/\/fairfaxcryobank.com\/br\/como-escolher-um-doador#breadcrumb\"},\"inLanguage\":\"pt-BR\",\"potentialAction\":[{\"@type\":\"ReadAction\",\"target\":[\"https:\/\/fairfaxcryobank.com\/br\/como-escolher-um-doador\"]}]},{\"@type\":\"ImageObject\",\"inLanguage\":\"pt-BR\",\"@id\":\"https:\/\/fairfaxcryobank.com\/br\/como-escolher-um-doador#primaryimage\",\"url\":\"https:\/\/fairfaxcryobank.com\/wp-content\/uploads\/iStock-1138263345-smaller.jpg\",\"contentUrl\":\"https:\/\/fairfaxcryobank.com\/wp-content\/uploads\/iStock-1138263345-smaller.jpg\",\"width\":2449,\"height\":1633,\"caption\":\"how to find a sperm donor\"},{\"@type\":\"BreadcrumbList\",\"@id\":\"https:\/\/fairfaxcryobank.com\/br\/como-escolher-um-doador#breadcrumb\",\"itemListElement\":[{\"@type\":\"ListItem\",\"position\":1,\"name\":\"Home\",\"item\":\"https:\/\/fairfaxcryobank.com\/br\"},{\"@type\":\"ListItem\",\"position\":2,\"name\":\"Como escolher um doador\"}]},{\"@type\":\"WebSite\",\"@id\":\"https:\/\/fairfaxcryobank.com\/br#website\",\"url\":\"https:\/\/fairfaxcryobank.com\/br\",\"name\":\"Fairfax Cryobank - Find a Sperm Donor\",\"description\":\"Top-Tier Sperm Bank\",\"publisher\":{\"@id\":\"https:\/\/fairfaxcryobank.com\/br#organization\"},\"potentialAction\":[{\"@type\":\"SearchAction\",\"target\":{\"@type\":\"EntryPoint\",\"urlTemplate\":\"https:\/\/fairfaxcryobank.com\/br?s={search_term_string}\"},\"query-input\":{\"@type\":\"PropertyValueSpecification\",\"valueRequired\":true,\"valueName\":\"search_term_string\"}}],\"inLanguage\":\"pt-BR\"},{\"@type\":\"Organization\",\"@id\":\"https:\/\/fairfaxcryobank.com\/br#organization\",\"name\":\"Fairfax Cryobank\",\"url\":\"https:\/\/fairfaxcryobank.com\/br\",\"logo\":{\"@type\":\"ImageObject\",\"inLanguage\":\"pt-BR\",\"@id\":\"https:\/\/fairfaxcryobank.com\/br#\/schema\/logo\/image\/\",\"url\":\"https:\/\/fairfaxcryobank.com\/wp-content\/uploads\/logo.webp\",\"contentUrl\":\"https:\/\/fairfaxcryobank.com\/wp-content\/uploads\/logo.webp\",\"width\":1,\"height\":1,\"caption\":\"Fairfax Cryobank\"},\"image\":{\"@id\":\"https:\/\/fairfaxcryobank.com\/br#\/schema\/logo\/image\/\"},\"sameAs\":[\"https:\/\/www.facebook.com\/fairfax.cryobank\",\"https:\/\/x.com\/FairfaxCryobank\",\"https:\/\/www.instagram.com\/fairfaxcryobank\/\",\"https:\/\/www.pinterest.com\/fairfaxcryo\/\"]}]}<\/script>\n<!-- \/ Yoast SEO plugin. -->","yoast_head_json":{"title":"Como escolher um doador | Fairfax Cryobank","description":"How to choose a sperm donor, by Joseph D. Schulman, M.D., Founder of Genetics & IVF Institute. Read the advice to find your sperm donor match.","robots":{"index":"index","follow":"follow","max-snippet":"max-snippet:-1","max-image-preview":"max-image-preview:large","max-video-preview":"max-video-preview:-1"},"canonical":"https:\/\/fairfaxcryobank.com\/br\/como-escolher-um-doador","og_locale":"pt_BR","og_type":"article","og_title":"Como escolher um doador | Fairfax Cryobank","og_description":"How to choose a sperm donor, by Joseph D. Schulman, M.D., Founder of Genetics & IVF Institute. Read the advice to find your sperm donor match.","og_url":"https:\/\/fairfaxcryobank.com\/br\/como-escolher-um-doador","og_site_name":"Fairfax Cryobank - Find a Sperm Donor","article_publisher":"https:\/\/www.facebook.com\/fairfax.cryobank","article_modified_time":"2022-03-09T23:32:28+00:00","og_image":[{"width":2449,"height":1633,"url":"https:\/\/fairfaxcryobank.com\/wp-content\/uploads\/iStock-1138263345-smaller.jpg","type":"image\/jpeg"}],"twitter_card":"summary_large_image","twitter_site":"@FairfaxCryobank","twitter_misc":{"Est. tempo de leitura":"7 minutos"},"schema":{"@context":"https:\/\/schema.org","@graph":[{"@type":"WebPage","@id":"https:\/\/fairfaxcryobank.com\/br\/como-escolher-um-doador","url":"https:\/\/fairfaxcryobank.com\/br\/como-escolher-um-doador","name":"Como escolher um doador | Fairfax Cryobank","isPartOf":{"@id":"https:\/\/fairfaxcryobank.com\/br#website"},"primaryImageOfPage":{"@id":"https:\/\/fairfaxcryobank.com\/br\/como-escolher-um-doador#primaryimage"},"image":{"@id":"https:\/\/fairfaxcryobank.com\/br\/como-escolher-um-doador#primaryimage"},"thumbnailUrl":"https:\/\/fairfaxcryobank.com\/wp-content\/uploads\/iStock-1138263345-smaller.jpg","datePublished":"2019-09-03T13:48:46+00:00","dateModified":"2022-03-09T23:32:28+00:00","description":"How to choose a sperm donor, by Joseph D. Schulman, M.D., Founder of Genetics & IVF Institute. Read the advice to find your sperm donor match.","breadcrumb":{"@id":"https:\/\/fairfaxcryobank.com\/br\/como-escolher-um-doador#breadcrumb"},"inLanguage":"pt-BR","potentialAction":[{"@type":"ReadAction","target":["https:\/\/fairfaxcryobank.com\/br\/como-escolher-um-doador"]}]},{"@type":"ImageObject","inLanguage":"pt-BR","@id":"https:\/\/fairfaxcryobank.com\/br\/como-escolher-um-doador#primaryimage","url":"https:\/\/fairfaxcryobank.com\/wp-content\/uploads\/iStock-1138263345-smaller.jpg","contentUrl":"https:\/\/fairfaxcryobank.com\/wp-content\/uploads\/iStock-1138263345-smaller.jpg","width":2449,"height":1633,"caption":"how to find a sperm donor"},{"@type":"BreadcrumbList","@id":"https:\/\/fairfaxcryobank.com\/br\/como-escolher-um-doador#breadcrumb","itemListElement":[{"@type":"ListItem","position":1,"name":"Home","item":"https:\/\/fairfaxcryobank.com\/br"},{"@type":"ListItem","position":2,"name":"Como escolher um doador"}]},{"@type":"WebSite","@id":"https:\/\/fairfaxcryobank.com\/br#website","url":"https:\/\/fairfaxcryobank.com\/br","name":"Fairfax Cryobank - Find a Sperm Donor","description":"Top-Tier Sperm Bank","publisher":{"@id":"https:\/\/fairfaxcryobank.com\/br#organization"},"potentialAction":[{"@type":"SearchAction","target":{"@type":"EntryPoint","urlTemplate":"https:\/\/fairfaxcryobank.com\/br?s={search_term_string}"},"query-input":{"@type":"PropertyValueSpecification","valueRequired":true,"valueName":"search_term_string"}}],"inLanguage":"pt-BR"},{"@type":"Organization","@id":"https:\/\/fairfaxcryobank.com\/br#organization","name":"Fairfax Cryobank","url":"https:\/\/fairfaxcryobank.com\/br","logo":{"@type":"ImageObject","inLanguage":"pt-BR","@id":"https:\/\/fairfaxcryobank.com\/br#\/schema\/logo\/image\/","url":"https:\/\/fairfaxcryobank.com\/wp-content\/uploads\/logo.webp","contentUrl":"https:\/\/fairfaxcryobank.com\/wp-content\/uploads\/logo.webp","width":1,"height":1,"caption":"Fairfax Cryobank"},"image":{"@id":"https:\/\/fairfaxcryobank.com\/br#\/schema\/logo\/image\/"},"sameAs":["https:\/\/www.facebook.com\/fairfax.cryobank","https:\/\/x.com\/FairfaxCryobank","https:\/\/www.instagram.com\/fairfaxcryobank\/","https:\/\/www.pinterest.com\/fairfaxcryo\/"]}]}},"post_mailing_queue_ids":[],"_links":{"self":[{"href":"https:\/\/fairfaxcryobank.com\/br\/wp-json\/wp\/v2\/pages\/1974","targetHints":{"allow":["GET"]}}],"collection":[{"href":"https:\/\/fairfaxcryobank.com\/br\/wp-json\/wp\/v2\/pages"}],"about":[{"href":"https:\/\/fairfaxcryobank.com\/br\/wp-json\/wp\/v2\/types\/page"}],"author":[{"embeddable":true,"href":"https:\/\/fairfaxcryobank.com\/br\/wp-json\/wp\/v2\/users\/1"}],"replies":[{"embeddable":true,"href":"https:\/\/fairfaxcryobank.com\/br\/wp-json\/wp\/v2\/comments?post=1974"}],"version-history":[{"count":1,"href":"https:\/\/fairfaxcryobank.com\/br\/wp-json\/wp\/v2\/pages\/1974\/revisions"}],"predecessor-version":[{"id":19630,"href":"https:\/\/fairfaxcryobank.com\/br\/wp-json\/wp\/v2\/pages\/1974\/revisions\/19630"}],"wp:featuredmedia":[{"embeddable":true,"href":"https:\/\/fairfaxcryobank.com\/br\/wp-json\/wp\/v2\/media\/14729"}],"wp:attachment":[{"href":"https:\/\/fairfaxcryobank.com\/br\/wp-json\/wp\/v2\/media?parent=1974"}],"curies":[{"name":"wp","href":"https:\/\/api.w.org\/{rel}","templated":true}]}}