{"id":19759,"date":"2022-01-28T14:00:09","date_gmt":"2022-01-28T19:00:09","guid":{"rendered":"https:\/\/fairfaxcryobank.com\/?page_id=19759"},"modified":"2022-01-28T14:00:11","modified_gmt":"2022-01-28T19:00:11","slug":"servicos","status":"publish","type":"page","link":"https:\/\/fairfaxcryobank.com\/br\/servicos","title":{"rendered":"Servi\u00e7os"},"content":{"rendered":"\n<h2 class=\"wp-block-heading\">Preserva\u00e7\u00e3o da Fertilidade e Servi\u00e7os Gen\u00e9ticos<\/h2>\n\n\n\n<p>Embora o Fairfax Cryobank seja conhecido como a fonte confi\u00e1vel de doadores de s\u00eamen desde 1986, nossa equipe de especialistas tamb\u00e9m oferece servi\u00e7os adicionais. Revise as p\u00e1ginas abaixo para saber mais sobre nossos servi\u00e7os de preserva\u00e7\u00e3o de fertilidade e triagem gen\u00e9tica.<\/p>\n\n\n\n<h4 class=\"wp-block-heading\">Servi\u00e7os de Preserva\u00e7\u00e3o da Fertilidade<\/h4>\n\n\n\n<div class=\"wp-block-image\"><figure class=\"aligncenter size-large is-resized\"><a href=\"https:\/\/fairfaxcryobank.com\/banking-storage\"><img loading=\"lazy\" decoding=\"async\" src=\"https:\/\/fairfaxcryobank.com\/wp-content\/uploads\/Fairfax-Cryobank-STORAGE-TAGLINE-Logo_5.5.20.jpg\" alt=\"\" class=\"wp-image-17256\" width=\"330\" height=\"143\" srcset=\"https:\/\/fairfaxcryobank.com\/wp-content\/uploads\/Fairfax-Cryobank-STORAGE-TAGLINE-Logo_5.5.20.jpg 566w, https:\/\/fairfaxcryobank.com\/wp-content\/uploads\/Fairfax-Cryobank-STORAGE-TAGLINE-Logo_5.5.20-300x130.jpg 300w\" sizes=\"auto, (max-width: 330px) 100vw, 330px\" \/><\/a><\/figure><\/div>\n\n\n\n<p>Desde 1986, o Fairfax Cryobank construiu a reputa\u00e7\u00e3o de ser a solu\u00e7\u00e3o de armazenamento segura e protegida para sua preserva\u00e7\u00e3o de fertilidade. Desde servi\u00e7os de armazenamento de \u00f3vulos (ov\u00f3citos), embri\u00e3o e s\u00eamen  ao nosso kit de banco de s\u00eamen, nossos servi\u00e7os de armazenamento de preserva\u00e7\u00e3o de fertilidade podem ajudar.<\/p>\n\n\n\n<p>Nossa equipe de especialistas opera um dos maiores invent\u00e1rios de esp\u00e9cimes reprodutivos criopreservados (congelados) do mundo. Lidamos com servi\u00e7os de armazenamento e preserva\u00e7\u00e3o de fertilidade para milhares de indiv\u00edduos.<\/p>\n\n\n\n<h4 class=\"wp-block-heading\">Servi\u00e7os gen\u00e9ticos<\/h4>\n\n\n\n<div class=\"wp-block-columns is-layout-flex wp-container-core-columns-is-layout-9d6595d7 wp-block-columns-is-layout-flex\">\n<div class=\"wp-block-column is-layout-flow wp-block-column-is-layout-flow\" style=\"flex-basis:66.66%\">\n<p>Nossa equipe de Servi\u00e7os Gen\u00e9ticos combina tecnologia gen\u00e9tica de ponta com o toque de cuidado compassivo. Nosso objetivo \u00e9 ajudar as fam\u00edlias a reduzir seu risco durante o processo de sele\u00e7\u00e3o de doadores de s\u00eamen, por meio de correspond\u00eancias de adequa\u00e7\u00e3o, testes especiais, testes gen\u00e9ticos de painel expandido em novos doadores e atualiza\u00e7\u00f5es m\u00e9dicas.<\/p>\n<\/div>\n\n\n\n<div class=\"wp-block-column is-layout-flow wp-block-column-is-layout-flow\" style=\"flex-basis:33.33%\">\n<div class=\"wp-block-image\"><figure class=\"aligncenter size-large is-resized\"><img loading=\"lazy\" decoding=\"async\" src=\"https:\/\/fairfaxcryobank.com\/wp-content\/uploads\/\/Suzanne-Seitz-FairfaxEgg-171888-2-1024x819.jpg\" alt=\"fertility preservation services\" class=\"wp-image-14692\" width=\"269\" height=\"215\" srcset=\"https:\/\/fairfaxcryobank.com\/wp-content\/uploads\/Suzanne-Seitz-FairfaxEgg-171888-2-1024x819.jpg 1024w, https:\/\/fairfaxcryobank.com\/wp-content\/uploads\/Suzanne-Seitz-FairfaxEgg-171888-2-300x240.jpg 300w, https:\/\/fairfaxcryobank.com\/wp-content\/uploads\/Suzanne-Seitz-FairfaxEgg-171888-2-768x614.jpg 768w, https:\/\/fairfaxcryobank.com\/wp-content\/uploads\/Suzanne-Seitz-FairfaxEgg-171888-2-1536x1228.jpg 1536w, https:\/\/fairfaxcryobank.com\/wp-content\/uploads\/Suzanne-Seitz-FairfaxEgg-171888-2-2048x1637.jpg 2048w\" sizes=\"auto, (max-width: 269px) 100vw, 269px\" \/><figcaption>Suzanne Seitz,<br>Conselheira de gen\u00e9tica<\/figcaption><\/figure><\/div>\n\n\n\n<p><\/p>\n<\/div>\n<\/div>\n","protected":false},"excerpt":{"rendered":"<p>Preserva\u00e7\u00e3o da Fertilidade e Servi\u00e7os Gen\u00e9ticos Embora o Fairfax Cryobank seja conhecido como a fonte confi\u00e1vel de doadores de s\u00eamen desde 1986, nossa equipe de especialistas tamb\u00e9m oferece servi\u00e7os adicionais. Revise as p\u00e1ginas abaixo para saber mais sobre nossos servi\u00e7os de preserva\u00e7\u00e3o de fertilidade e triagem gen\u00e9tica. Servi\u00e7os de Preserva\u00e7\u00e3o &#8230;<\/p>\n","protected":false},"author":1,"featured_media":2978,"parent":0,"menu_order":0,"comment_status":"closed","ping_status":"closed","template":"","meta":{"footnotes":""},"class_list":["post-19759","page","type-page","status-publish","has-post-thumbnail","hentry"],"yoast_head":"<!-- This site is optimized with the Yoast SEO plugin v27.1.1 - https:\/\/yoast.com\/product\/yoast-seo-wordpress\/ -->\n<title>Servi\u00e7os | Fairfax Cryobank - Find a Sperm Donor<\/title>\n<meta name=\"description\" content=\"Preserva\u00e7\u00e3o da Fertilidade e Servi\u00e7os Gen\u00e9ticos Embora o Fairfax Cryobank seja conhecido como a fonte confi\u00e1vel de doadores de s\u00eamen desde 1986, nossa\" \/>\n<meta name=\"robots\" content=\"index, follow, max-snippet:-1, max-image-preview:large, max-video-preview:-1\" \/>\n<link rel=\"canonical\" href=\"https:\/\/fairfaxcryobank.com\/br\/servicos\" \/>\n<meta property=\"og:locale\" content=\"pt_BR\" \/>\n<meta property=\"og:type\" content=\"article\" \/>\n<meta property=\"og:title\" content=\"Servi\u00e7os | Fairfax Cryobank - Find a Sperm Donor\" \/>\n<meta property=\"og:description\" content=\"Preserva\u00e7\u00e3o da Fertilidade e Servi\u00e7os Gen\u00e9ticos Embora o Fairfax Cryobank seja conhecido como a fonte confi\u00e1vel de doadores de s\u00eamen desde 1986, nossa\" \/>\n<meta property=\"og:url\" content=\"https:\/\/fairfaxcryobank.com\/br\/servicos\" \/>\n<meta property=\"og:site_name\" content=\"Fairfax Cryobank - Find a Sperm Donor\" \/>\n<meta property=\"article:publisher\" content=\"https:\/\/www.facebook.com\/fairfax.cryobank\" \/>\n<meta property=\"article:modified_time\" content=\"2022-01-28T19:00:11+00:00\" \/>\n<meta property=\"og:image\" content=\"https:\/\/fairfaxcryobank.com\/wp-content\/uploads\/storyblocks-mid-section-of-pregnant-woman-standing-outdoor-holding-hands-on-belly_r4agttiqV-smaller.jpg\" \/>\n\t<meta property=\"og:image:width\" content=\"2449\" \/>\n\t<meta property=\"og:image:height\" content=\"1632\" \/>\n\t<meta property=\"og:image:type\" content=\"image\/jpeg\" \/>\n<meta name=\"twitter:card\" content=\"summary_large_image\" \/>\n<meta name=\"twitter:site\" content=\"@FairfaxCryobank\" \/>\n<meta name=\"twitter:label1\" content=\"Est. tempo de leitura\" \/>\n\t<meta name=\"twitter:data1\" content=\"1 minuto\" \/>\n<script type=\"application\/ld+json\" class=\"yoast-schema-graph\">{\"@context\":\"https:\/\/schema.org\",\"@graph\":[{\"@type\":\"WebPage\",\"@id\":\"https:\/\/fairfaxcryobank.com\/br\/servicos\",\"url\":\"https:\/\/fairfaxcryobank.com\/br\/servicos\",\"name\":\"Servi\u00e7os | Fairfax Cryobank - Find a Sperm Donor\",\"isPartOf\":{\"@id\":\"https:\/\/fairfaxcryobank.com\/br#website\"},\"primaryImageOfPage\":{\"@id\":\"https:\/\/fairfaxcryobank.com\/br\/servicos#primaryimage\"},\"image\":{\"@id\":\"https:\/\/fairfaxcryobank.com\/br\/servicos#primaryimage\"},\"thumbnailUrl\":\"https:\/\/fairfaxcryobank.com\/wp-content\/uploads\/storyblocks-mid-section-of-pregnant-woman-standing-outdoor-holding-hands-on-belly_r4agttiqV-smaller.jpg\",\"datePublished\":\"2022-01-28T19:00:09+00:00\",\"dateModified\":\"2022-01-28T19:00:11+00:00\",\"description\":\"Preserva\u00e7\u00e3o da Fertilidade e Servi\u00e7os Gen\u00e9ticos Embora o Fairfax Cryobank seja conhecido como a fonte confi\u00e1vel de doadores de s\u00eamen desde 1986, nossa\",\"breadcrumb\":{\"@id\":\"https:\/\/fairfaxcryobank.com\/br\/servicos#breadcrumb\"},\"inLanguage\":\"pt-BR\",\"potentialAction\":[{\"@type\":\"ReadAction\",\"target\":[\"https:\/\/fairfaxcryobank.com\/br\/servicos\"]}]},{\"@type\":\"ImageObject\",\"inLanguage\":\"pt-BR\",\"@id\":\"https:\/\/fairfaxcryobank.com\/br\/servicos#primaryimage\",\"url\":\"https:\/\/fairfaxcryobank.com\/wp-content\/uploads\/storyblocks-mid-section-of-pregnant-woman-standing-outdoor-holding-hands-on-belly_r4agttiqV-smaller.jpg\",\"contentUrl\":\"https:\/\/fairfaxcryobank.com\/wp-content\/uploads\/storyblocks-mid-section-of-pregnant-woman-standing-outdoor-holding-hands-on-belly_r4agttiqV-smaller.jpg\",\"width\":2449,\"height\":1632,\"caption\":\"fertility preservation\"},{\"@type\":\"BreadcrumbList\",\"@id\":\"https:\/\/fairfaxcryobank.com\/br\/servicos#breadcrumb\",\"itemListElement\":[{\"@type\":\"ListItem\",\"position\":1,\"name\":\"Home\",\"item\":\"https:\/\/fairfaxcryobank.com\/br\"},{\"@type\":\"ListItem\",\"position\":2,\"name\":\"Servi\u00e7os\"}]},{\"@type\":\"WebSite\",\"@id\":\"https:\/\/fairfaxcryobank.com\/br#website\",\"url\":\"https:\/\/fairfaxcryobank.com\/br\",\"name\":\"Fairfax Cryobank - Find a Sperm Donor\",\"description\":\"Top-Tier Sperm Bank\",\"publisher\":{\"@id\":\"https:\/\/fairfaxcryobank.com\/br#organization\"},\"potentialAction\":[{\"@type\":\"SearchAction\",\"target\":{\"@type\":\"EntryPoint\",\"urlTemplate\":\"https:\/\/fairfaxcryobank.com\/br?s={search_term_string}\"},\"query-input\":{\"@type\":\"PropertyValueSpecification\",\"valueRequired\":true,\"valueName\":\"search_term_string\"}}],\"inLanguage\":\"pt-BR\"},{\"@type\":\"Organization\",\"@id\":\"https:\/\/fairfaxcryobank.com\/br#organization\",\"name\":\"Fairfax Cryobank\",\"url\":\"https:\/\/fairfaxcryobank.com\/br\",\"logo\":{\"@type\":\"ImageObject\",\"inLanguage\":\"pt-BR\",\"@id\":\"https:\/\/fairfaxcryobank.com\/br#\/schema\/logo\/image\/\",\"url\":\"https:\/\/fairfaxcryobank.com\/wp-content\/uploads\/logo.webp\",\"contentUrl\":\"https:\/\/fairfaxcryobank.com\/wp-content\/uploads\/logo.webp\",\"width\":1,\"height\":1,\"caption\":\"Fairfax Cryobank\"},\"image\":{\"@id\":\"https:\/\/fairfaxcryobank.com\/br#\/schema\/logo\/image\/\"},\"sameAs\":[\"https:\/\/www.facebook.com\/fairfax.cryobank\",\"https:\/\/x.com\/FairfaxCryobank\",\"https:\/\/www.instagram.com\/fairfaxcryobank\/\",\"https:\/\/www.pinterest.com\/fairfaxcryo\/\"]}]}<\/script>\n<!-- \/ Yoast SEO plugin. -->","yoast_head_json":{"title":"Servi\u00e7os | Fairfax Cryobank - Find a Sperm Donor","description":"Preserva\u00e7\u00e3o da Fertilidade e Servi\u00e7os Gen\u00e9ticos Embora o Fairfax Cryobank seja conhecido como a fonte confi\u00e1vel de doadores de s\u00eamen desde 1986, nossa","robots":{"index":"index","follow":"follow","max-snippet":"max-snippet:-1","max-image-preview":"max-image-preview:large","max-video-preview":"max-video-preview:-1"},"canonical":"https:\/\/fairfaxcryobank.com\/br\/servicos","og_locale":"pt_BR","og_type":"article","og_title":"Servi\u00e7os | Fairfax Cryobank - Find a Sperm Donor","og_description":"Preserva\u00e7\u00e3o da Fertilidade e Servi\u00e7os Gen\u00e9ticos Embora o Fairfax Cryobank seja conhecido como a fonte confi\u00e1vel de doadores de s\u00eamen desde 1986, nossa","og_url":"https:\/\/fairfaxcryobank.com\/br\/servicos","og_site_name":"Fairfax Cryobank - Find a Sperm Donor","article_publisher":"https:\/\/www.facebook.com\/fairfax.cryobank","article_modified_time":"2022-01-28T19:00:11+00:00","og_image":[{"width":2449,"height":1632,"url":"https:\/\/fairfaxcryobank.com\/wp-content\/uploads\/storyblocks-mid-section-of-pregnant-woman-standing-outdoor-holding-hands-on-belly_r4agttiqV-smaller.jpg","type":"image\/jpeg"}],"twitter_card":"summary_large_image","twitter_site":"@FairfaxCryobank","twitter_misc":{"Est. tempo de leitura":"1 minuto"},"schema":{"@context":"https:\/\/schema.org","@graph":[{"@type":"WebPage","@id":"https:\/\/fairfaxcryobank.com\/br\/servicos","url":"https:\/\/fairfaxcryobank.com\/br\/servicos","name":"Servi\u00e7os | Fairfax Cryobank - Find a Sperm Donor","isPartOf":{"@id":"https:\/\/fairfaxcryobank.com\/br#website"},"primaryImageOfPage":{"@id":"https:\/\/fairfaxcryobank.com\/br\/servicos#primaryimage"},"image":{"@id":"https:\/\/fairfaxcryobank.com\/br\/servicos#primaryimage"},"thumbnailUrl":"https:\/\/fairfaxcryobank.com\/wp-content\/uploads\/storyblocks-mid-section-of-pregnant-woman-standing-outdoor-holding-hands-on-belly_r4agttiqV-smaller.jpg","datePublished":"2022-01-28T19:00:09+00:00","dateModified":"2022-01-28T19:00:11+00:00","description":"Preserva\u00e7\u00e3o da Fertilidade e Servi\u00e7os Gen\u00e9ticos Embora o Fairfax Cryobank seja conhecido como a fonte confi\u00e1vel de doadores de s\u00eamen desde 1986, nossa","breadcrumb":{"@id":"https:\/\/fairfaxcryobank.com\/br\/servicos#breadcrumb"},"inLanguage":"pt-BR","potentialAction":[{"@type":"ReadAction","target":["https:\/\/fairfaxcryobank.com\/br\/servicos"]}]},{"@type":"ImageObject","inLanguage":"pt-BR","@id":"https:\/\/fairfaxcryobank.com\/br\/servicos#primaryimage","url":"https:\/\/fairfaxcryobank.com\/wp-content\/uploads\/storyblocks-mid-section-of-pregnant-woman-standing-outdoor-holding-hands-on-belly_r4agttiqV-smaller.jpg","contentUrl":"https:\/\/fairfaxcryobank.com\/wp-content\/uploads\/storyblocks-mid-section-of-pregnant-woman-standing-outdoor-holding-hands-on-belly_r4agttiqV-smaller.jpg","width":2449,"height":1632,"caption":"fertility preservation"},{"@type":"BreadcrumbList","@id":"https:\/\/fairfaxcryobank.com\/br\/servicos#breadcrumb","itemListElement":[{"@type":"ListItem","position":1,"name":"Home","item":"https:\/\/fairfaxcryobank.com\/br"},{"@type":"ListItem","position":2,"name":"Servi\u00e7os"}]},{"@type":"WebSite","@id":"https:\/\/fairfaxcryobank.com\/br#website","url":"https:\/\/fairfaxcryobank.com\/br","name":"Fairfax Cryobank - Find a Sperm Donor","description":"Top-Tier Sperm Bank","publisher":{"@id":"https:\/\/fairfaxcryobank.com\/br#organization"},"potentialAction":[{"@type":"SearchAction","target":{"@type":"EntryPoint","urlTemplate":"https:\/\/fairfaxcryobank.com\/br?s={search_term_string}"},"query-input":{"@type":"PropertyValueSpecification","valueRequired":true,"valueName":"search_term_string"}}],"inLanguage":"pt-BR"},{"@type":"Organization","@id":"https:\/\/fairfaxcryobank.com\/br#organization","name":"Fairfax Cryobank","url":"https:\/\/fairfaxcryobank.com\/br","logo":{"@type":"ImageObject","inLanguage":"pt-BR","@id":"https:\/\/fairfaxcryobank.com\/br#\/schema\/logo\/image\/","url":"https:\/\/fairfaxcryobank.com\/wp-content\/uploads\/logo.webp","contentUrl":"https:\/\/fairfaxcryobank.com\/wp-content\/uploads\/logo.webp","width":1,"height":1,"caption":"Fairfax Cryobank"},"image":{"@id":"https:\/\/fairfaxcryobank.com\/br#\/schema\/logo\/image\/"},"sameAs":["https:\/\/www.facebook.com\/fairfax.cryobank","https:\/\/x.com\/FairfaxCryobank","https:\/\/www.instagram.com\/fairfaxcryobank\/","https:\/\/www.pinterest.com\/fairfaxcryo\/"]}]}},"post_mailing_queue_ids":[],"_links":{"self":[{"href":"https:\/\/fairfaxcryobank.com\/br\/wp-json\/wp\/v2\/pages\/19759","targetHints":{"allow":["GET"]}}],"collection":[{"href":"https:\/\/fairfaxcryobank.com\/br\/wp-json\/wp\/v2\/pages"}],"about":[{"href":"https:\/\/fairfaxcryobank.com\/br\/wp-json\/wp\/v2\/types\/page"}],"author":[{"embeddable":true,"href":"https:\/\/fairfaxcryobank.com\/br\/wp-json\/wp\/v2\/users\/1"}],"replies":[{"embeddable":true,"href":"https:\/\/fairfaxcryobank.com\/br\/wp-json\/wp\/v2\/comments?post=19759"}],"version-history":[{"count":8,"href":"https:\/\/fairfaxcryobank.com\/br\/wp-json\/wp\/v2\/pages\/19759\/revisions"}],"predecessor-version":[{"id":19786,"href":"https:\/\/fairfaxcryobank.com\/br\/wp-json\/wp\/v2\/pages\/19759\/revisions\/19786"}],"wp:featuredmedia":[{"embeddable":true,"href":"https:\/\/fairfaxcryobank.com\/br\/wp-json\/wp\/v2\/media\/2978"}],"wp:attachment":[{"href":"https:\/\/fairfaxcryobank.com\/br\/wp-json\/wp\/v2\/media?parent=19759"}],"curies":[{"name":"wp","href":"https:\/\/api.w.org\/{rel}","templated":true}]}}