{"id":19834,"date":"2022-01-28T14:14:15","date_gmt":"2022-01-28T19:14:15","guid":{"rendered":"https:\/\/fairfaxcryobank.com\/?page_id=19834"},"modified":"2025-12-02T15:08:34","modified_gmt":"2025-12-02T20:08:34","slug":"individuos-concebidos-por-doadores","status":"publish","type":"page","link":"https:\/\/fairfaxcryobank.com\/br\/individuos-concebidos-por-doadores","title":{"rendered":"Indiv\u00edduos concebidos por doadores"},"content":{"rendered":"\n<h2 class=\"wp-block-heading\"><strong>Fairfax Cryobank d\u00e1 boas-vindas aos indiv\u00edduos concebidos por doadores<\/strong><\/h2>\n\n\n\n<div class=\"wp-block-cover is-light\"><img decoding=\"async\" class=\"wp-block-cover__image-background wp-image-14214\" src=\"https:\/\/fairfaxcryobank.com\/wp-content\/uploads\/graphicstock-attractive-young-man-sitting-and-using-smartphone-while-students-standing-and-talking_HuPsYdU3e.jpg\" data-object-fit=\"cover\"\/><span aria-hidden=\"true\" class=\"wp-block-cover__background has-background-dim\"><\/span><div class=\"wp-block-cover__inner-container is-layout-flow wp-block-cover-is-layout-flow\">\n<p class=\"has-text-align-center has-white-color has-text-color has-link-color has-large-font-size wp-elements-6a47736010910be675b008f0f2516908\">Recursos para Indiv\u00edduos Concebidos por Doadores do Fairfax Cryobank<\/p>\n<\/div><\/div>\n\n\n\n<p>Como uma pessoa concebida com o uso de s\u00eamen de doador Fairfax Cryobank, voc\u00ea provavelmente tem muitas perguntas. Nossa equipe est\u00e1 aqui para ajudar. Veja esta p\u00e1gina de Indiv\u00edduos Concebidos por Doadores para obter mais informa\u00e7\u00f5es e recursos.<\/p>\n\n\n\n<h3 class=\"wp-block-heading\">Sobre o programa de doadores de s\u00eamen do Fairfax Cryobank<\/h3>\n\n\n\n<p>Fairfax Cryobank \u00e9 a fonte confi\u00e1vel de doadores de s\u00eamen desde 1986. Ao longo do tempo, observamos muitas mudan\u00e7as e avan\u00e7os no campo. Nos primeiros dias, antes que os bancos de s\u00eamen estivessem dispon\u00edveis, n\u00e3o era incomum que um m\u00e9dico oferecesse s\u00eamen fresco de um doador que ele selecionou em nome de um casal inf\u00e9rtil. As informa\u00e7\u00f5es sobre o doador eram muitas vezes mantidas em segredo e pouco se sabia sobre seu hist\u00f3rico m\u00e9dico ou pessoal.<\/p>\n\n\n\n<p>Hoje as coisas s\u00e3o muito diferentes. Os bancos de s\u00eamen n\u00e3o medem esfor\u00e7os para selecionar doadores saud\u00e1veis \u200b\u200be educados que compartilhem muitos detalhes pessoais e relacionados \u00e0 sa\u00fade e sobre si. Nosso banco de s\u00eamen seleciona 1 em cada 200 candidatos a doador. Os doadores passam por muitos exames de sangue, testes de s\u00eamen e revis\u00f5es de seu hist\u00f3rico social e de sa\u00fade familiar, uma verifica\u00e7\u00e3o de antecedentes criminais, uma avalia\u00e7\u00e3o psicol\u00f3gica, triagem e testes cont\u00ednuos.<\/p>\n\n\n\n<p>Indiv\u00edduos concebidos por doadores est\u00e3o aprendendo sobre as circunst\u00e2ncias de sua concep\u00e7\u00e3o em n\u00fameros cada vez maiores, e o Fairfax Cryobank defende a divulga\u00e7\u00e3o aberta precoce \u00e0s crian\u00e7as para tornar o doador de esperma parte de sua hist\u00f3ria de nascimento. Estimamos que agora cerca de 4.000 a 5.000 crian\u00e7as por ano nascem nos EUA como resultado da insemina\u00e7\u00e3o de doadores.<\/p>\n\n\n\n<p><strong>Atualiza\u00e7\u00f5es anuais dos doadores<\/strong><\/p>\n\n\n\n<p>Reconhecemos que o perfil m\u00e9dico do doador \u00e9 uma fotografia no tempo e que \u00e9 importante continuar coletando informa\u00e7\u00f5es de nossos doadores ao longo dos anos. Em 2012, o Fairfax Cryobank construiu um sistema online seguro para coletar atualiza\u00e7\u00f5es anuais de nossos doadores de esperma aposentados. Entramos em contato com nossos doadores pelo menos uma vez por ano para pedir que eles fa\u00e7am check-in e atualizem suas informa\u00e7\u00f5es m\u00e9dicas e de suas fam\u00edlias. Os doadores tamb\u00e9m podem atualizar informa\u00e7\u00f5es pessoais. As informa\u00e7\u00f5es atualizadas s\u00e3o revisadas pelo nosso Diretor M\u00e9dico e compartilhadas no Perfil Resumido do doador, dispon\u00edvel online para visualiza\u00e7\u00e3o. <\/p>\n\n\n\n<p><strong>Programa de identifica\u00e7\u00e3o<\/strong><\/p>\n\n\n\n<p>Em 2005, o Fairfax Cryobank iniciou uma nova categoria de doadores chamada ID. Neste novo programa, os doadores concordam em divulgar informa\u00e7\u00f5es de identifica\u00e7\u00e3o. Criamos esta categoria devido ao aumento do interesse das fam\u00edlias em ter esta op\u00e7\u00e3o dispon\u00edvel. Informa\u00e7\u00f5es de identifica\u00e7\u00e3o, como nome do doador, data de nascimento e endere\u00e7o, s\u00e3o compartilhadas atrav\u00e9s de um ID de doador. Os individuos concebidos e registrados que completaram 18 anos podem solicitar essa informa\u00e7\u00e3o diretamente. Cerca de 45% dos nossos doadores atuais s\u00e3o ID. Os outros s\u00e3o doadores sem identifica\u00e7\u00e3o que optaram por manter suas informa\u00e7\u00f5es de contato privadas. Antes de 2005, a identidade de todos os doadores era privada. Os primeiros indiv\u00edduos concebidos por doadores que podem solicitar estas informa\u00e7\u00f5es de identifica\u00e7\u00e3o atingir\u00e3o a idade de 18 anos em 2023.<\/p>\n\n\n\n<p>Atualmente, o Fairfax est\u00e1 trabalhando apenas com doadores que consentem com a divulga\u00e7\u00e3o de suas informa\u00e7\u00f5es de contato por meio do programa de identifica\u00e7\u00e3o. Devido ao cen\u00e1rio de mudan\u00e7a, regulamenta\u00e7\u00f5es em evolu\u00e7\u00e3o, a partir de janeiro de 2020, o Fairfax Cryobank implementou um sistema para permitir que doadores que optaram pelo anonimato anteriormente consentissem com a divulga\u00e7\u00e3o de suas informa\u00e7\u00f5es de identifica\u00e7\u00e3o. Isso n\u00e3o \u00e9 obrigat\u00f3rio, mas reconhecemos que a experi\u00eancia de uma pessoa pode lev\u00e1-la a mudar de ideia para estar aberta ao contato. O doador sem identidade deve entrar em contato com o Cryobank e preencher um formul\u00e1rio autenticado autorizando a divulga\u00e7\u00e3o de suas informa\u00e7\u00f5es de contato. Isso n\u00e3o mudar\u00e1 a designa\u00e7\u00e3o do doador no cat\u00e1logo de doador, mas ser\u00e1 anotado no perfil resumido online.<\/p>\n\n\n\n<p><strong>Pronto para se conectar<\/strong><\/p>\n\n\n\n<p>Se voc\u00ea estiver pronto para se conectar com seu doador ID ou com seu doador sem ID que consentiu com a divulga\u00e7\u00e3o das informa\u00e7\u00f5es de contato, voc\u00ea pode entrar em contato conosco para saber mais sobre o procedimento.<\/p>\n\n\n\n<p>Entraremos em contato com voc\u00ea logo ap\u00f3s o recebimento da solicita\u00e7\u00e3o para obtermos todas as informa\u00e7\u00f5es necess\u00e1rias. Estando tudo certo, entraremos em contato com o doador e pediremos as informa\u00e7\u00f5es de contato mais atualizadas e perguntaremos se h\u00e1 um m\u00e9todo de contato preferido. Assim que recebermos uma resposta do doador, enviaremos as informa\u00e7\u00f5es para voc\u00ea.<\/p>\n\n\n\n<p><strong>Informa\u00e7\u00f5es do doador<\/strong><\/p>\n\n\n\n<p>H\u00e1 uma quantidade consider\u00e1vel de informa\u00e7\u00f5es que temos sobre nossos doadores, tanto sem identifica\u00e7\u00e3o quanto com identifica\u00e7\u00e3o, que s\u00e3o extremamente valiosas para conhecer o doador como pessoa. Os doadores de hoje t\u00eam entrevistas em \u00e1udio gravadas, fotos de inf\u00e2ncia, alguns t\u00eam fotos de adultos e todos t\u00eam hist\u00f3ricos m\u00e9dicos e pessoais detalhados. Sua etnia, talentos, interesses e at\u00e9 mesmo sua cor e m\u00fasica favoritas s\u00e3o apresentadas. Os doadores que n\u00e3o est\u00e3o mais doando tamb\u00e9m t\u00eam as informa\u00e7\u00f5es salvas.<\/p>\n\n\n\n<p>Al\u00e9m disso, meio-irm\u00e3os interessados \u200b\u200bpodem se conectar nos F\u00f3runs da Fam\u00edlia Fairfax Cryobank. Embora o doador possa ser desconhecido, os meio-irm\u00e3os geralmente encontram tra\u00e7os compartilhados que eles determinam serem prov\u00e1veis \u200b\u200bde seu doador. Essa descoberta de parentesco entre irm\u00e3os, juntamente com as extensas informa\u00e7\u00f5es j\u00e1 dispon\u00edveis sobre o doador, pode ajudar alguns indiv\u00edduos que buscam saber mais sobre sua heran\u00e7a gen\u00e9tica.<\/p>\n\n\n\n<p><strong>Motiva\u00e7\u00e3o do doador<\/strong><\/p>\n\n\n\n<p>Como um indiv\u00edduo concebido por um doador, voc\u00ea pode ter d\u00favidas sobre as raz\u00f5es de seu doador estar em nosso programa. Normalmente, os doadores s\u00e3o estudantes universit\u00e1rios ou rec\u00e9m-formados que t\u00eam interesse em ajudar o pr\u00f3ximo. Alguns s\u00e3o casados \u200b\u200be podem at\u00e9 ter seus pr\u00f3prios filhos. Eles recebem uma quantia por seu tempo, viagem e compromisso (cerca de US $ 500 por m\u00eas). Eles devem visitar o laborat\u00f3rio uma vez por semana durante pelo menos 6 meses para doar s\u00eamen e concordar em fazer diversas coletas de sangue ao longo do per\u00edodo de atividade. Al\u00e9m disso, eles devem fazer exames f\u00edsicos regulares e participar de v\u00e1rias entrevistas presenciais com nossa equipe. Os doadores s\u00e3o selecionados porque nos mostraram que s\u00e3o pessoas confi\u00e1veis e respons\u00e1veis.<\/p>\n\n\n\n<p>N\u00e3o informamos aos doadores se houve gravidez\/parto resultante de sua doa\u00e7\u00e3o. Os doadores muitas vezes seguem com suas vidas e param de doar ap\u00f3s cerca de 6 meses a um ano no programa, embora alguns continuem por mais tempo.<\/p>\n\n\n\n<p><strong>Limites da Fam\u00edlia Doadora<\/strong><\/p>\n\n\n\n<p>O s\u00eamen de um doador geralmente resulta em v\u00e1rios nascimentos ao longo de muitos anos. Algumas fam\u00edlias armazenam unidades do mesmo doador para ter irm\u00e3os biologicamente completos, de modo que a faixa et\u00e1ria de todos os filhos do mesmo doador pode ser diferente. Como o s\u00eamen de um doador \u00e9 enviado para todo o mundo, geralmente ele se esgota antes de atingir nosso limite de distribui\u00e7\u00e3o.<\/p>\n\n\n\n<p><\/p>\n","protected":false},"excerpt":{"rendered":"<p>Fairfax Cryobank d\u00e1 boas-vindas aos indiv\u00edduos concebidos por doadores Como uma pessoa concebida com o uso de s\u00eamen de doador Fairfax Cryobank, voc\u00ea provavelmente tem muitas perguntas. Nossa equipe est\u00e1 aqui para ajudar. Veja esta p\u00e1gina de Indiv\u00edduos Concebidos por Doadores para obter mais informa\u00e7\u00f5es e recursos. Sobre o programa &#8230;<\/p>\n","protected":false},"author":1,"featured_media":0,"parent":0,"menu_order":0,"comment_status":"closed","ping_status":"closed","template":"","meta":{"footnotes":""},"class_list":["post-19834","page","type-page","status-publish","hentry"],"yoast_head":"<!-- This site is optimized with the Yoast SEO plugin v27.1.1 - https:\/\/yoast.com\/product\/yoast-seo-wordpress\/ -->\n<title>Indiv\u00edduos concebidos por doadores | Fairfax Cryobank - Find a Sperm Donor<\/title>\n<meta name=\"description\" content=\"Fairfax Cryobank d\u00e1 boas-vindas aos indiv\u00edduos concebidos por doadores Recursos para Indiv\u00edduos Concebidos por Doadores do Fairfax Cryobank Como uma\" \/>\n<meta name=\"robots\" content=\"index, follow, max-snippet:-1, max-image-preview:large, max-video-preview:-1\" \/>\n<link rel=\"canonical\" href=\"https:\/\/fairfaxcryobank.com\/br\/individuos-concebidos-por-doadores\" \/>\n<meta property=\"og:locale\" content=\"pt_BR\" \/>\n<meta property=\"og:type\" content=\"article\" \/>\n<meta property=\"og:title\" content=\"Indiv\u00edduos concebidos por doadores | Fairfax Cryobank - Find a Sperm Donor\" \/>\n<meta property=\"og:description\" content=\"Fairfax Cryobank d\u00e1 boas-vindas aos indiv\u00edduos concebidos por doadores Recursos para Indiv\u00edduos Concebidos por Doadores do Fairfax Cryobank Como uma\" \/>\n<meta property=\"og:url\" content=\"https:\/\/fairfaxcryobank.com\/br\/individuos-concebidos-por-doadores\" \/>\n<meta property=\"og:site_name\" content=\"Fairfax Cryobank - Find a Sperm Donor\" \/>\n<meta property=\"article:publisher\" content=\"https:\/\/www.facebook.com\/fairfax.cryobank\" \/>\n<meta property=\"article:modified_time\" content=\"2025-12-02T20:08:34+00:00\" \/>\n<meta property=\"og:image\" content=\"https:\/\/fairfaxcryobank.com\/wp-content\/uploads\/graphicstock-attractive-young-man-sitting-and-using-smartphone-while-students-standing-and-talking_HuPsYdU3e-scaled.jpg\" \/>\n\t<meta property=\"og:image:width\" content=\"2560\" \/>\n\t<meta property=\"og:image:height\" content=\"1707\" \/>\n\t<meta property=\"og:image:type\" content=\"image\/jpeg\" \/>\n<meta name=\"twitter:card\" content=\"summary_large_image\" \/>\n<meta name=\"twitter:site\" content=\"@FairfaxCryobank\" \/>\n<meta name=\"twitter:label1\" content=\"Est. tempo de leitura\" \/>\n\t<meta name=\"twitter:data1\" content=\"6 minutos\" \/>\n<script type=\"application\/ld+json\" class=\"yoast-schema-graph\">{\"@context\":\"https:\/\/schema.org\",\"@graph\":[{\"@type\":\"WebPage\",\"@id\":\"https:\/\/fairfaxcryobank.com\/br\/individuos-concebidos-por-doadores\",\"url\":\"https:\/\/fairfaxcryobank.com\/br\/individuos-concebidos-por-doadores\",\"name\":\"Indiv\u00edduos concebidos por doadores | Fairfax Cryobank - Find a Sperm Donor\",\"isPartOf\":{\"@id\":\"https:\/\/fairfaxcryobank.com\/br#website\"},\"primaryImageOfPage\":{\"@id\":\"https:\/\/fairfaxcryobank.com\/br\/individuos-concebidos-por-doadores#primaryimage\"},\"image\":{\"@id\":\"https:\/\/fairfaxcryobank.com\/br\/individuos-concebidos-por-doadores#primaryimage\"},\"thumbnailUrl\":\"https:\/\/fairfaxcryobank.com\/wp-content\/uploads\/graphicstock-attractive-young-man-sitting-and-using-smartphone-while-students-standing-and-talking_HuPsYdU3e.jpg\",\"datePublished\":\"2022-01-28T19:14:15+00:00\",\"dateModified\":\"2025-12-02T20:08:34+00:00\",\"description\":\"Fairfax Cryobank d\u00e1 boas-vindas aos indiv\u00edduos concebidos por doadores Recursos para Indiv\u00edduos Concebidos por Doadores do Fairfax Cryobank Como uma\",\"breadcrumb\":{\"@id\":\"https:\/\/fairfaxcryobank.com\/br\/individuos-concebidos-por-doadores#breadcrumb\"},\"inLanguage\":\"pt-BR\",\"potentialAction\":[{\"@type\":\"ReadAction\",\"target\":[\"https:\/\/fairfaxcryobank.com\/br\/individuos-concebidos-por-doadores\"]}]},{\"@type\":\"ImageObject\",\"inLanguage\":\"pt-BR\",\"@id\":\"https:\/\/fairfaxcryobank.com\/br\/individuos-concebidos-por-doadores#primaryimage\",\"url\":\"https:\/\/fairfaxcryobank.com\/wp-content\/uploads\/graphicstock-attractive-young-man-sitting-and-using-smartphone-while-students-standing-and-talking_HuPsYdU3e.jpg\",\"contentUrl\":\"https:\/\/fairfaxcryobank.com\/wp-content\/uploads\/graphicstock-attractive-young-man-sitting-and-using-smartphone-while-students-standing-and-talking_HuPsYdU3e.jpg\"},{\"@type\":\"BreadcrumbList\",\"@id\":\"https:\/\/fairfaxcryobank.com\/br\/individuos-concebidos-por-doadores#breadcrumb\",\"itemListElement\":[{\"@type\":\"ListItem\",\"position\":1,\"name\":\"Home\",\"item\":\"https:\/\/fairfaxcryobank.com\/br\"},{\"@type\":\"ListItem\",\"position\":2,\"name\":\"Indiv\u00edduos concebidos por doadores\"}]},{\"@type\":\"WebSite\",\"@id\":\"https:\/\/fairfaxcryobank.com\/br#website\",\"url\":\"https:\/\/fairfaxcryobank.com\/br\",\"name\":\"Fairfax Cryobank - Find a Sperm Donor\",\"description\":\"Top-Tier Sperm Bank\",\"publisher\":{\"@id\":\"https:\/\/fairfaxcryobank.com\/br#organization\"},\"potentialAction\":[{\"@type\":\"SearchAction\",\"target\":{\"@type\":\"EntryPoint\",\"urlTemplate\":\"https:\/\/fairfaxcryobank.com\/br?s={search_term_string}\"},\"query-input\":{\"@type\":\"PropertyValueSpecification\",\"valueRequired\":true,\"valueName\":\"search_term_string\"}}],\"inLanguage\":\"pt-BR\"},{\"@type\":\"Organization\",\"@id\":\"https:\/\/fairfaxcryobank.com\/br#organization\",\"name\":\"Fairfax Cryobank\",\"url\":\"https:\/\/fairfaxcryobank.com\/br\",\"logo\":{\"@type\":\"ImageObject\",\"inLanguage\":\"pt-BR\",\"@id\":\"https:\/\/fairfaxcryobank.com\/br#\/schema\/logo\/image\/\",\"url\":\"https:\/\/fairfaxcryobank.com\/wp-content\/uploads\/logo.webp\",\"contentUrl\":\"https:\/\/fairfaxcryobank.com\/wp-content\/uploads\/logo.webp\",\"width\":1,\"height\":1,\"caption\":\"Fairfax Cryobank\"},\"image\":{\"@id\":\"https:\/\/fairfaxcryobank.com\/br#\/schema\/logo\/image\/\"},\"sameAs\":[\"https:\/\/www.facebook.com\/fairfax.cryobank\",\"https:\/\/x.com\/FairfaxCryobank\",\"https:\/\/www.instagram.com\/fairfaxcryobank\/\",\"https:\/\/www.pinterest.com\/fairfaxcryo\/\"]}]}<\/script>\n<!-- \/ Yoast SEO plugin. -->","yoast_head_json":{"title":"Indiv\u00edduos concebidos por doadores | Fairfax Cryobank - Find a Sperm Donor","description":"Fairfax Cryobank d\u00e1 boas-vindas aos indiv\u00edduos concebidos por doadores Recursos para Indiv\u00edduos Concebidos por Doadores do Fairfax Cryobank Como uma","robots":{"index":"index","follow":"follow","max-snippet":"max-snippet:-1","max-image-preview":"max-image-preview:large","max-video-preview":"max-video-preview:-1"},"canonical":"https:\/\/fairfaxcryobank.com\/br\/individuos-concebidos-por-doadores","og_locale":"pt_BR","og_type":"article","og_title":"Indiv\u00edduos concebidos por doadores | Fairfax Cryobank - Find a Sperm Donor","og_description":"Fairfax Cryobank d\u00e1 boas-vindas aos indiv\u00edduos concebidos por doadores Recursos para Indiv\u00edduos Concebidos por Doadores do Fairfax Cryobank Como uma","og_url":"https:\/\/fairfaxcryobank.com\/br\/individuos-concebidos-por-doadores","og_site_name":"Fairfax Cryobank - Find a Sperm Donor","article_publisher":"https:\/\/www.facebook.com\/fairfax.cryobank","article_modified_time":"2025-12-02T20:08:34+00:00","og_image":[{"width":2560,"height":1707,"url":"https:\/\/fairfaxcryobank.com\/wp-content\/uploads\/graphicstock-attractive-young-man-sitting-and-using-smartphone-while-students-standing-and-talking_HuPsYdU3e-scaled.jpg","type":"image\/jpeg"}],"twitter_card":"summary_large_image","twitter_site":"@FairfaxCryobank","twitter_misc":{"Est. tempo de leitura":"6 minutos"},"schema":{"@context":"https:\/\/schema.org","@graph":[{"@type":"WebPage","@id":"https:\/\/fairfaxcryobank.com\/br\/individuos-concebidos-por-doadores","url":"https:\/\/fairfaxcryobank.com\/br\/individuos-concebidos-por-doadores","name":"Indiv\u00edduos concebidos por doadores | Fairfax Cryobank - Find a Sperm Donor","isPartOf":{"@id":"https:\/\/fairfaxcryobank.com\/br#website"},"primaryImageOfPage":{"@id":"https:\/\/fairfaxcryobank.com\/br\/individuos-concebidos-por-doadores#primaryimage"},"image":{"@id":"https:\/\/fairfaxcryobank.com\/br\/individuos-concebidos-por-doadores#primaryimage"},"thumbnailUrl":"https:\/\/fairfaxcryobank.com\/wp-content\/uploads\/graphicstock-attractive-young-man-sitting-and-using-smartphone-while-students-standing-and-talking_HuPsYdU3e.jpg","datePublished":"2022-01-28T19:14:15+00:00","dateModified":"2025-12-02T20:08:34+00:00","description":"Fairfax Cryobank d\u00e1 boas-vindas aos indiv\u00edduos concebidos por doadores Recursos para Indiv\u00edduos Concebidos por Doadores do Fairfax Cryobank Como uma","breadcrumb":{"@id":"https:\/\/fairfaxcryobank.com\/br\/individuos-concebidos-por-doadores#breadcrumb"},"inLanguage":"pt-BR","potentialAction":[{"@type":"ReadAction","target":["https:\/\/fairfaxcryobank.com\/br\/individuos-concebidos-por-doadores"]}]},{"@type":"ImageObject","inLanguage":"pt-BR","@id":"https:\/\/fairfaxcryobank.com\/br\/individuos-concebidos-por-doadores#primaryimage","url":"https:\/\/fairfaxcryobank.com\/wp-content\/uploads\/graphicstock-attractive-young-man-sitting-and-using-smartphone-while-students-standing-and-talking_HuPsYdU3e.jpg","contentUrl":"https:\/\/fairfaxcryobank.com\/wp-content\/uploads\/graphicstock-attractive-young-man-sitting-and-using-smartphone-while-students-standing-and-talking_HuPsYdU3e.jpg"},{"@type":"BreadcrumbList","@id":"https:\/\/fairfaxcryobank.com\/br\/individuos-concebidos-por-doadores#breadcrumb","itemListElement":[{"@type":"ListItem","position":1,"name":"Home","item":"https:\/\/fairfaxcryobank.com\/br"},{"@type":"ListItem","position":2,"name":"Indiv\u00edduos concebidos por doadores"}]},{"@type":"WebSite","@id":"https:\/\/fairfaxcryobank.com\/br#website","url":"https:\/\/fairfaxcryobank.com\/br","name":"Fairfax Cryobank - Find a Sperm Donor","description":"Top-Tier Sperm Bank","publisher":{"@id":"https:\/\/fairfaxcryobank.com\/br#organization"},"potentialAction":[{"@type":"SearchAction","target":{"@type":"EntryPoint","urlTemplate":"https:\/\/fairfaxcryobank.com\/br?s={search_term_string}"},"query-input":{"@type":"PropertyValueSpecification","valueRequired":true,"valueName":"search_term_string"}}],"inLanguage":"pt-BR"},{"@type":"Organization","@id":"https:\/\/fairfaxcryobank.com\/br#organization","name":"Fairfax Cryobank","url":"https:\/\/fairfaxcryobank.com\/br","logo":{"@type":"ImageObject","inLanguage":"pt-BR","@id":"https:\/\/fairfaxcryobank.com\/br#\/schema\/logo\/image\/","url":"https:\/\/fairfaxcryobank.com\/wp-content\/uploads\/logo.webp","contentUrl":"https:\/\/fairfaxcryobank.com\/wp-content\/uploads\/logo.webp","width":1,"height":1,"caption":"Fairfax Cryobank"},"image":{"@id":"https:\/\/fairfaxcryobank.com\/br#\/schema\/logo\/image\/"},"sameAs":["https:\/\/www.facebook.com\/fairfax.cryobank","https:\/\/x.com\/FairfaxCryobank","https:\/\/www.instagram.com\/fairfaxcryobank\/","https:\/\/www.pinterest.com\/fairfaxcryo\/"]}]}},"post_mailing_queue_ids":[],"_links":{"self":[{"href":"https:\/\/fairfaxcryobank.com\/br\/wp-json\/wp\/v2\/pages\/19834","targetHints":{"allow":["GET"]}}],"collection":[{"href":"https:\/\/fairfaxcryobank.com\/br\/wp-json\/wp\/v2\/pages"}],"about":[{"href":"https:\/\/fairfaxcryobank.com\/br\/wp-json\/wp\/v2\/types\/page"}],"author":[{"embeddable":true,"href":"https:\/\/fairfaxcryobank.com\/br\/wp-json\/wp\/v2\/users\/1"}],"replies":[{"embeddable":true,"href":"https:\/\/fairfaxcryobank.com\/br\/wp-json\/wp\/v2\/comments?post=19834"}],"version-history":[{"count":8,"href":"https:\/\/fairfaxcryobank.com\/br\/wp-json\/wp\/v2\/pages\/19834\/revisions"}],"predecessor-version":[{"id":37102,"href":"https:\/\/fairfaxcryobank.com\/br\/wp-json\/wp\/v2\/pages\/19834\/revisions\/37102"}],"wp:attachment":[{"href":"https:\/\/fairfaxcryobank.com\/br\/wp-json\/wp\/v2\/media?parent=19834"}],"curies":[{"name":"wp","href":"https:\/\/api.w.org\/{rel}","templated":true}]}}