{"id":1984,"date":"2019-09-03T14:00:58","date_gmt":"2019-09-03T14:00:58","guid":{"rendered":"https:\/\/fairfaxcryobank.com\/?page_id=1984"},"modified":"2022-01-28T13:53:51","modified_gmt":"2022-01-28T18:53:51","slug":"qualidade-assegurada","status":"publish","type":"page","link":"https:\/\/fairfaxcryobank.com\/br\/qualidade-assegurada","title":{"rendered":"Garantia de Qualidade"},"content":{"rendered":"\n<h2 class=\"wp-block-heading\">Al\u00e9m dos crit\u00e9rios de doador e padr\u00f5es de triagem<\/h2>\n\n\n\n<p>O Fairfax Cryobank fornece apenas s\u00eamen de doadores que passam pelo mais extenso processo de triagem. Este crit\u00e9rio inclui testes b\u00e1sicos exigidos pelas organiza\u00e7\u00f5es de credenciamento e licenciamento. Al\u00e9m dos testes b\u00e1sicos, o Fairfax Cryobank vai al\u00e9m com os testes gen\u00e9ticos e infecciosos mais avan\u00e7ados. Leia mais sobre nossos padr\u00f5es de esp\u00e9cimes e licenciamento abaixo.<\/p>\n\n\n\n<blockquote class=\"wp-block-quote is-layout-flow wp-block-quote-is-layout-flow\"><p><em>\u201cMinha esposa e eu estamos muito felizes por termos escolhido Fairfax Cryobank para ajudar a desenvolver nossa fam\u00edlia. Essa garantia e acompanhamento na parte dos criog\u00eanicos apenas refor\u00e7a que tomamos a decis\u00e3o certa. J\u00e1 pedimos mais dois frascos. Obrigado por garantir tudo que \u00e9 prometido e tornar este processo t\u00e3o f\u00e1cil. J\u00e1 recomendamos Fairfax para todos os nossos amigos que est\u00e3o considerando diferentes criog\u00eanicos, e ver em primeira m\u00e3o que voc\u00ea garante o que promete s\u00f3 nos faz sentir mais confiantes em indicar Fairfax para nossos amigos e comunidade.\u201d<\/em><\/p><cite>&#8211; ANONYMOUS<br><\/cite><\/blockquote>\n\n\n\n<hr class=\"wp-block-separator\"\/>\n\n\n\n<h3 class=\"wp-block-heading\">L\u00edderes em triagem de doadores<\/h3>\n\n\n\n<p>Oferecemos cari\u00f3tipos (an\u00e1lise cromoss\u00f4mica) em todos os doadores dispon\u00edveis, ao contr\u00e1rio de outros bancos de s\u00eamen que n\u00e3o t\u00eam todos os doadores testados ou n\u00e3o realizam o teste.<\/p>\n\n\n\n<p>Fairfax continua avan\u00e7ando nos testes de triagem gen\u00e9tica. Fairfax foi o primeiro banco de doadores de s\u00eamen humano nos Estados Unidos a rastrear portadores gen\u00e9ticos de fibrose c\u00edstica (FC) em todos os doadores. Todos os doadores dispon\u00edveis foram testados para FC at\u00e9 um m\u00ednimo de 86 muta\u00e7\u00f5es, com a maioria dos doadores sendo testados para mais de 100 muta\u00e7\u00f5es. Somos o \u00fanico banco de s\u00eamen que tem todos os doadores dispon\u00edveis testados para este padr\u00e3o. Nossa equipe foi o primeiro banco de s\u00eamen de doador humano nos Estados Unidos a fazer a triagem de portadores de Gaucher e Canavan em doadores de s\u00eamen judeus.<\/p>\n\n\n\n<p>Nosso banco de s\u00eamen faz uso extensivo da t\u00e9cnica de gen\u00e9tica molecular PCR (rea\u00e7\u00e3o em cadeia da polimerase) para fornecer triagem para detectar todos os seguintes organismos: V\u00edrus da imunodefici\u00eancia humana (HIV) tipos 1 e 2, V\u00edrus da leucemia de c\u00e9lulas T humanas (HTLV) tipos I e II, Herpes Simplex Virus 1 e 2, Human Papillomavirus (HPV cepas 16 e 18), Citomegalovirus (CMV), Gonorreia e Clam\u00eddia.<\/p>\n\n\n\n<p>Para revisar as descri\u00e7\u00f5es detalhadas desses e de outros testes realizados em doadores pelo Fairfax Cryobank, consulte as informa\u00e7\u00f5es sobre Teste de Doen\u00e7as Infecciosas e Teste de Doen\u00e7as Gen\u00e9ticas neste site.<\/p>\n\n\n\n<p>Al\u00e9m disso, fornecemos atualiza\u00e7\u00f5es sobre o status m\u00e9dico do doador para que qualquer pessoa verifique se surgiram problemas m\u00e9dicos com o doador ou seus descendentes que colocam outras pessoas em risco. Os clientes s\u00e3o encorajados a verificar antes de usar amostras ou embri\u00f5es armazenados em outros locais.<\/p>\n\n\n\n<h3 class=\"wp-block-heading\">Padr\u00f5es de amostra de doador de s\u00eamen<\/h3>\n\n\n\n<p>Interessado em aprender mais sobre os diferentes tipos de frascos de amostra e nossa promessa de qualidade de amostra? Visite a p\u00e1gina de informa\u00e7\u00f5es do esp\u00e9cime abaixo para ler mais.<\/p>\n\n\n\n<div class=\"wp-block-button aligncenter\"><a class=\"wp-block-button__link has-text-color has-background\" href=\"https:\/\/fairfaxcryobank.com\/br\/informacao-da-amostra\" style=\"background-color:#ea6950;color:#ffffff\">Informa\u00e7\u00f5es das amostras<\/a><\/div>\n\n\n\n<h3 class=\"wp-block-heading\">Processo de Verifica\u00e7\u00e3o da Remessa<\/h3>\n\n\n\n<p><strong>Pol\u00edtica do Fairfax Cryobank sobre a verifica\u00e7\u00e3o da exatid\u00e3o de nossas remessas<\/strong><\/p>\n\n\n\n<p>Reconhecemos que a confian\u00e7a e a credibilidade s\u00e3o a base do nosso sucesso. Sentimos que \u00e9 nossa obriga\u00e7\u00e3o alert\u00e1-lo sobre as pol\u00edticas e procedimentos que temos em vigor para verificar a precis\u00e3o de nossas remessas<\/p>\n\n\n\n<p><strong>Envio de esp\u00e9cimes do Fairfax Cryobank<\/strong><\/p>\n\n\n\n<p>Quando o Atendimento ao Cliente recebe uma chamada para fazer um pedido, o n\u00famero do doador ser\u00e1 verificado pelo menos duas vezes. O pedido \u00e9 ent\u00e3o aprovado por um gerente que encaminha as informa\u00e7\u00f5es para a equipe do laborat\u00f3rio. O laborat\u00f3rio deve ter um m\u00ednimo de duas pessoas para verificar todos os detalhes do pedido. A equipe do laborat\u00f3rio verifica as informa\u00e7\u00f5es na parte superior e lateral de cada frasco, juntamente com a documenta\u00e7\u00e3o inclu\u00edda em cada remessa, exigida pelo regulamento do FDA. Todos os detalhes devem corresponder aos detalhes originais que foram verificados quando o pedido foi feito. Assim que o pedido chegar \u00e0 sua cl\u00ednica, o consult\u00f3rio do seu m\u00e9dico deve verificar os detalhes da remessa com a guia de remessa para ter certeza de que correspondem aos frascos no tanque.<\/p>\n\n\n\n<p><strong>Transfer\u00eancia de amostras armazenamento de longo prazo<strong> no Fairfax Cryobank<\/strong><\/strong><\/p>\n\n\n\n<p>Fairfax Cryobank fornece um tanque de nitrog\u00eanio l\u00edquido para o transporte de suas amostras criopreservadas para nossas instala\u00e7\u00f5es de armazenamento. Uma vez que as amostras s\u00e3o recebidas no Fairfax Cryobank, duas pessoas treinadas verificam e fazem o check-in das amostras antes de coloc\u00e1-las em um tanque de armazenamento de longo prazo que \u00e9 monitorado 24 horas por dia, 7 dias por semana para sua prote\u00e7\u00e3o. A cl\u00ednica e o nome do paciente s\u00e3o verificados ap\u00f3s o recebimento do tanque e o tanque \u00e9 verificado para garantir que foi selado e as amostras congeladas na chegada. As amostras s\u00e3o inventariadas por nome do paciente ou n\u00famero do doador, datas de congelamento, n\u00famero de frascos e identifica\u00e7\u00e3o nos frascos. A informa\u00e7\u00e3o \u00e9 comparada com a documenta\u00e7\u00e3o que o acompanha para termos um invent\u00e1rio preciso. Qualquer documenta\u00e7\u00e3o adicional inclu\u00edda na remessa (procedimento de congelamento, instru\u00e7\u00f5es de descongelamento, resultados de exames de sangue) \u00e9 verificada e adicionada ao arquivo do titular da conta (paciente). Voc\u00ea receber\u00e1 uma carta de confirma\u00e7\u00e3o de invent\u00e1rio listando o n\u00famero de sua conta no Fairfax Cryobank e informando o n\u00famero de amostras e tipos de amostras (espermatozoides, embri\u00f5es, o\u00f3citos) em armazenamento.<\/p>\n\n\n\n<h3 class=\"wp-block-heading\"><strong>Licen\u00e7as do Fairfax Cryobank<\/strong><\/h3>\n\n\n\n<p><strong>Registro do Fairfax Cryobank no Food and Drug Administration (FDA):<\/strong><\/p>\n\n\n\n<ul class=\"wp-block-list\"><li> #3004731690 (Fairfax),&nbsp; #3005033855 (Austin), #3005287828 (Philadelphia), #3011417016 (Houston), #3000243835 (Roseville), #3005108367 (Pasadena) and # 1000477683 (Eurofins DPT) <\/li><\/ul>\n\n\n\n<p><\/p>\n","protected":false},"excerpt":{"rendered":"<p>Al\u00e9m dos crit\u00e9rios de doador e padr\u00f5es de triagem O Fairfax Cryobank fornece apenas s\u00eamen de doadores que passam pelo mais extenso processo de triagem. Este crit\u00e9rio inclui testes b\u00e1sicos exigidos pelas organiza\u00e7\u00f5es de credenciamento e licenciamento. Al\u00e9m dos testes b\u00e1sicos, o Fairfax Cryobank vai al\u00e9m com os testes gen\u00e9ticos &#8230;<\/p>\n","protected":false},"author":1,"featured_media":0,"parent":0,"menu_order":0,"comment_status":"closed","ping_status":"closed","template":"","meta":{"footnotes":""},"class_list":["post-1984","page","type-page","status-publish","hentry"],"yoast_head":"<!-- This site is optimized with the Yoast SEO plugin v27.1.1 - https:\/\/yoast.com\/product\/yoast-seo-wordpress\/ -->\n<title>Garantia de Qualidade | Fairfax Cryobank<\/title>\n<meta name=\"description\" content=\"Curious about sperm donor criteria and the most extensive screening process? Accredited by the FDA, Fairfax Cryobank is committed to the highest quality donors.\" \/>\n<meta name=\"robots\" content=\"index, follow, max-snippet:-1, max-image-preview:large, max-video-preview:-1\" \/>\n<link rel=\"canonical\" href=\"https:\/\/fairfaxcryobank.com\/br\/qualidade-assegurada\" \/>\n<meta property=\"og:locale\" content=\"pt_BR\" \/>\n<meta property=\"og:type\" content=\"article\" \/>\n<meta property=\"og:title\" content=\"Garantia de Qualidade | Fairfax Cryobank\" \/>\n<meta property=\"og:description\" content=\"Curious about sperm donor criteria and the most extensive screening process? Accredited by the FDA, Fairfax Cryobank is committed to the highest quality donors.\" \/>\n<meta property=\"og:url\" content=\"https:\/\/fairfaxcryobank.com\/br\/qualidade-assegurada\" \/>\n<meta property=\"og:site_name\" content=\"Fairfax Cryobank - Find a Sperm Donor\" \/>\n<meta property=\"article:publisher\" content=\"https:\/\/www.facebook.com\/fairfax.cryobank\" \/>\n<meta property=\"article:modified_time\" content=\"2022-01-28T18:53:51+00:00\" \/>\n<meta name=\"twitter:card\" content=\"summary_large_image\" \/>\n<meta name=\"twitter:site\" content=\"@FairfaxCryobank\" \/>\n<meta name=\"twitter:label1\" content=\"Est. tempo de leitura\" \/>\n\t<meta name=\"twitter:data1\" content=\"5 minutos\" \/>\n<script type=\"application\/ld+json\" class=\"yoast-schema-graph\">{\"@context\":\"https:\/\/schema.org\",\"@graph\":[{\"@type\":\"WebPage\",\"@id\":\"https:\/\/fairfaxcryobank.com\/br\/qualidade-assegurada\",\"url\":\"https:\/\/fairfaxcryobank.com\/br\/qualidade-assegurada\",\"name\":\"Garantia de Qualidade | Fairfax Cryobank\",\"isPartOf\":{\"@id\":\"https:\/\/fairfaxcryobank.com\/br#website\"},\"datePublished\":\"2019-09-03T14:00:58+00:00\",\"dateModified\":\"2022-01-28T18:53:51+00:00\",\"description\":\"Curious about sperm donor criteria and the most extensive screening process? Accredited by the FDA, Fairfax Cryobank is committed to the highest quality donors.\",\"breadcrumb\":{\"@id\":\"https:\/\/fairfaxcryobank.com\/br\/qualidade-assegurada#breadcrumb\"},\"inLanguage\":\"pt-BR\",\"potentialAction\":[{\"@type\":\"ReadAction\",\"target\":[\"https:\/\/fairfaxcryobank.com\/br\/qualidade-assegurada\"]}]},{\"@type\":\"BreadcrumbList\",\"@id\":\"https:\/\/fairfaxcryobank.com\/br\/qualidade-assegurada#breadcrumb\",\"itemListElement\":[{\"@type\":\"ListItem\",\"position\":1,\"name\":\"Home\",\"item\":\"https:\/\/fairfaxcryobank.com\/br\"},{\"@type\":\"ListItem\",\"position\":2,\"name\":\"Garantia de Qualidade\"}]},{\"@type\":\"WebSite\",\"@id\":\"https:\/\/fairfaxcryobank.com\/br#website\",\"url\":\"https:\/\/fairfaxcryobank.com\/br\",\"name\":\"Fairfax Cryobank - Find a Sperm Donor\",\"description\":\"Top-Tier Sperm Bank\",\"publisher\":{\"@id\":\"https:\/\/fairfaxcryobank.com\/br#organization\"},\"potentialAction\":[{\"@type\":\"SearchAction\",\"target\":{\"@type\":\"EntryPoint\",\"urlTemplate\":\"https:\/\/fairfaxcryobank.com\/br?s={search_term_string}\"},\"query-input\":{\"@type\":\"PropertyValueSpecification\",\"valueRequired\":true,\"valueName\":\"search_term_string\"}}],\"inLanguage\":\"pt-BR\"},{\"@type\":\"Organization\",\"@id\":\"https:\/\/fairfaxcryobank.com\/br#organization\",\"name\":\"Fairfax Cryobank\",\"url\":\"https:\/\/fairfaxcryobank.com\/br\",\"logo\":{\"@type\":\"ImageObject\",\"inLanguage\":\"pt-BR\",\"@id\":\"https:\/\/fairfaxcryobank.com\/br#\/schema\/logo\/image\/\",\"url\":\"https:\/\/fairfaxcryobank.com\/wp-content\/uploads\/logo.webp\",\"contentUrl\":\"https:\/\/fairfaxcryobank.com\/wp-content\/uploads\/logo.webp\",\"width\":1,\"height\":1,\"caption\":\"Fairfax Cryobank\"},\"image\":{\"@id\":\"https:\/\/fairfaxcryobank.com\/br#\/schema\/logo\/image\/\"},\"sameAs\":[\"https:\/\/www.facebook.com\/fairfax.cryobank\",\"https:\/\/x.com\/FairfaxCryobank\",\"https:\/\/www.instagram.com\/fairfaxcryobank\/\",\"https:\/\/www.pinterest.com\/fairfaxcryo\/\"]}]}<\/script>\n<!-- \/ Yoast SEO plugin. -->","yoast_head_json":{"title":"Garantia de Qualidade | Fairfax Cryobank","description":"Curious about sperm donor criteria and the most extensive screening process? Accredited by the FDA, Fairfax Cryobank is committed to the highest quality donors.","robots":{"index":"index","follow":"follow","max-snippet":"max-snippet:-1","max-image-preview":"max-image-preview:large","max-video-preview":"max-video-preview:-1"},"canonical":"https:\/\/fairfaxcryobank.com\/br\/qualidade-assegurada","og_locale":"pt_BR","og_type":"article","og_title":"Garantia de Qualidade | Fairfax Cryobank","og_description":"Curious about sperm donor criteria and the most extensive screening process? Accredited by the FDA, Fairfax Cryobank is committed to the highest quality donors.","og_url":"https:\/\/fairfaxcryobank.com\/br\/qualidade-assegurada","og_site_name":"Fairfax Cryobank - Find a Sperm Donor","article_publisher":"https:\/\/www.facebook.com\/fairfax.cryobank","article_modified_time":"2022-01-28T18:53:51+00:00","twitter_card":"summary_large_image","twitter_site":"@FairfaxCryobank","twitter_misc":{"Est. tempo de leitura":"5 minutos"},"schema":{"@context":"https:\/\/schema.org","@graph":[{"@type":"WebPage","@id":"https:\/\/fairfaxcryobank.com\/br\/qualidade-assegurada","url":"https:\/\/fairfaxcryobank.com\/br\/qualidade-assegurada","name":"Garantia de Qualidade | Fairfax Cryobank","isPartOf":{"@id":"https:\/\/fairfaxcryobank.com\/br#website"},"datePublished":"2019-09-03T14:00:58+00:00","dateModified":"2022-01-28T18:53:51+00:00","description":"Curious about sperm donor criteria and the most extensive screening process? Accredited by the FDA, Fairfax Cryobank is committed to the highest quality donors.","breadcrumb":{"@id":"https:\/\/fairfaxcryobank.com\/br\/qualidade-assegurada#breadcrumb"},"inLanguage":"pt-BR","potentialAction":[{"@type":"ReadAction","target":["https:\/\/fairfaxcryobank.com\/br\/qualidade-assegurada"]}]},{"@type":"BreadcrumbList","@id":"https:\/\/fairfaxcryobank.com\/br\/qualidade-assegurada#breadcrumb","itemListElement":[{"@type":"ListItem","position":1,"name":"Home","item":"https:\/\/fairfaxcryobank.com\/br"},{"@type":"ListItem","position":2,"name":"Garantia de Qualidade"}]},{"@type":"WebSite","@id":"https:\/\/fairfaxcryobank.com\/br#website","url":"https:\/\/fairfaxcryobank.com\/br","name":"Fairfax Cryobank - Find a Sperm Donor","description":"Top-Tier Sperm Bank","publisher":{"@id":"https:\/\/fairfaxcryobank.com\/br#organization"},"potentialAction":[{"@type":"SearchAction","target":{"@type":"EntryPoint","urlTemplate":"https:\/\/fairfaxcryobank.com\/br?s={search_term_string}"},"query-input":{"@type":"PropertyValueSpecification","valueRequired":true,"valueName":"search_term_string"}}],"inLanguage":"pt-BR"},{"@type":"Organization","@id":"https:\/\/fairfaxcryobank.com\/br#organization","name":"Fairfax Cryobank","url":"https:\/\/fairfaxcryobank.com\/br","logo":{"@type":"ImageObject","inLanguage":"pt-BR","@id":"https:\/\/fairfaxcryobank.com\/br#\/schema\/logo\/image\/","url":"https:\/\/fairfaxcryobank.com\/wp-content\/uploads\/logo.webp","contentUrl":"https:\/\/fairfaxcryobank.com\/wp-content\/uploads\/logo.webp","width":1,"height":1,"caption":"Fairfax Cryobank"},"image":{"@id":"https:\/\/fairfaxcryobank.com\/br#\/schema\/logo\/image\/"},"sameAs":["https:\/\/www.facebook.com\/fairfax.cryobank","https:\/\/x.com\/FairfaxCryobank","https:\/\/www.instagram.com\/fairfaxcryobank\/","https:\/\/www.pinterest.com\/fairfaxcryo\/"]}]}},"post_mailing_queue_ids":[],"_links":{"self":[{"href":"https:\/\/fairfaxcryobank.com\/br\/wp-json\/wp\/v2\/pages\/1984","targetHints":{"allow":["GET"]}}],"collection":[{"href":"https:\/\/fairfaxcryobank.com\/br\/wp-json\/wp\/v2\/pages"}],"about":[{"href":"https:\/\/fairfaxcryobank.com\/br\/wp-json\/wp\/v2\/types\/page"}],"author":[{"embeddable":true,"href":"https:\/\/fairfaxcryobank.com\/br\/wp-json\/wp\/v2\/users\/1"}],"replies":[{"embeddable":true,"href":"https:\/\/fairfaxcryobank.com\/br\/wp-json\/wp\/v2\/comments?post=1984"}],"version-history":[{"count":3,"href":"https:\/\/fairfaxcryobank.com\/br\/wp-json\/wp\/v2\/pages\/1984\/revisions"}],"predecessor-version":[{"id":20129,"href":"https:\/\/fairfaxcryobank.com\/br\/wp-json\/wp\/v2\/pages\/1984\/revisions\/20129"}],"wp:attachment":[{"href":"https:\/\/fairfaxcryobank.com\/br\/wp-json\/wp\/v2\/media?parent=1984"}],"curies":[{"name":"wp","href":"https:\/\/api.w.org\/{rel}","templated":true}]}}