{"id":19841,"date":"2022-02-04T11:57:52","date_gmt":"2022-02-04T16:57:52","guid":{"rendered":"https:\/\/fairfaxcryobank.com\/?page_id=19841"},"modified":"2022-02-24T18:52:24","modified_gmt":"2022-02-24T23:52:24","slug":"familias-lgbtq","status":"publish","type":"page","link":"https:\/\/fairfaxcryobank.com\/br\/familias-lgbtq","title":{"rendered":"Fam\u00edlias LGBTQ+"},"content":{"rendered":"\n<h2 class=\"wp-block-heading\">N\u00f3s apoiamos nossa comunidade de fam\u00edlias diversas<\/h2>\n\n\n\n<p>O Fairfax Cryobank tem hist\u00f3rico e reputa\u00e7\u00e3o de oferecer um excepcional s\u00eamen de doador e servi\u00e7os relacionados. Parte dessa hist\u00f3ria tem sido ajudar indiv\u00edduos, independentemente de orienta\u00e7\u00e3o sexual, identidade de g\u00eanero ou estado civil, a alcan\u00e7ar a gravidez e realizar seus sonhos de expandir sua fam\u00edlia.<\/p>\n\n\n\n<p>Temos uma equipe de atendimento ao cliente experiente e sens\u00edvel que apoia totalmente sua escolha de ter filhos. Estamos cientes da multiplicidade de desafios enfrentados por indiv\u00edduos e casais que constroem fam\u00edlias usando s\u00eamen de doadores, \u00f3vulos e\/ou o uso de substitutos ou portadores gestacionais. O Fairfax Cryobank oferece um ambiente de apoio amig\u00e1vel para continuar sua jornada. Damos as boas-vindas ao nosso site e esperamos que voc\u00ea encontre o que procura, tanto em um doador quanto em uma equipe atenciosa e dedicada para ajud\u00e1-lo nesse processo.<\/p>\n\n\n\n<p>Muitos indiv\u00edduos e casais procuram preservar a linhagem cultural ou \u00e9tnica por meio do uso de um doador com hist\u00f3rico semelhante ao seu. No Fairfax Cryobank, oferecemos um cat\u00e1logo diversificado de doadores, um dos quais pode ser a combina\u00e7\u00e3o perfeita para o crescimento de sua fam\u00edlia!<\/p>\n\n\n\n<h3 class=\"wp-block-heading\">V\u00eddeos de Fam\u00edlias LGBTQ+ do Fairfax<\/h3>\n\n\n\n<p>Abbie &amp; Julia Ensign: Como engravidamos r\u00e1pido como um casal de l\u00e9sbicas<\/p>\n\n\n\n<figure class=\"wp-block-embed-youtube wp-block-embed is-type-video is-provider-youtube wp-embed-aspect-16-9 wp-has-aspect-ratio\"><div class=\"wp-block-embed__wrapper\">\n<iframe loading=\"lazy\" title=\"HOW WE GOT PREGNANT FAST AS A LESBIAN COUPLE\" width=\"500\" height=\"281\" src=\"https:\/\/www.youtube.com\/embed\/izGTcEnpqk0?feature=oembed\" frameborder=\"0\" allow=\"accelerometer; autoplay; clipboard-write; encrypted-media; gyroscope; picture-in-picture; web-share\" referrerpolicy=\"strict-origin-when-cross-origin\" allowfullscreen><\/iframe>\n<\/div><\/figure>\n\n\n\n<p>Tornando-se Conrads: 5 raz\u00f5es pelas quais escolhemos o Fairfax Cryobank<\/p>\n\n\n\n<figure class=\"wp-block-embed-youtube wp-block-embed is-type-video is-provider-youtube wp-embed-aspect-4-3 wp-has-aspect-ratio\"><div class=\"wp-block-embed__wrapper\">\n<iframe loading=\"lazy\" title=\"&quot;5 Reasons Why We Chose Fairfax Cryobank&quot; @becomingconrads\" width=\"500\" height=\"375\" src=\"https:\/\/www.youtube.com\/embed\/_n5i8BWpGPA?feature=oembed\" frameborder=\"0\" allow=\"accelerometer; autoplay; clipboard-write; encrypted-media; gyroscope; picture-in-picture; web-share\" referrerpolicy=\"strict-origin-when-cross-origin\" allowfullscreen><\/iframe>\n<\/div><\/figure>\n\n\n\n<p>Fairfax Cryobank &amp; PRS Webinar: Webinar de constru\u00e7\u00e3o da fam\u00edlia LGBTQ+ com um doador de esperma<\/p>\n\n\n\n<figure class=\"wp-block-embed-youtube wp-block-embed is-type-video is-provider-youtube wp-embed-aspect-16-9 wp-has-aspect-ratio\"><div class=\"wp-block-embed__wrapper\">\n<iframe loading=\"lazy\" title=\"Fairfax Cryobank &amp; PRS Webinar: LGBTQ+ Family Building with Donor Sperm\" width=\"500\" height=\"281\" src=\"https:\/\/www.youtube.com\/embed\/Szfk6A7zrBM?feature=oembed\" frameborder=\"0\" allow=\"accelerometer; autoplay; clipboard-write; encrypted-media; gyroscope; picture-in-picture; web-share\" referrerpolicy=\"strict-origin-when-cross-origin\" allowfullscreen><\/iframe>\n<\/div><\/figure>\n\n\n\n<hr class=\"wp-block-separator is-style-wide\"\/>\n\n\n\n<h3 class=\"wp-block-heading\"><strong>Depoimentos de Fam\u00edlias LGBTQ+ do Farfaix<\/strong><\/h3>\n\n\n\n<div class=\"wp-block-image\"><figure class=\"aligncenter size-large is-resized\"><img loading=\"lazy\" decoding=\"async\" src=\"https:\/\/fairfaxcryobank.com\/wp-content\/uploads\/\/Brittany-Bradberry-photo-1024x683.jpg\" alt=\"fairfax cryobank family testimonial\" class=\"wp-image-8483\" width=\"636\" height=\"424\" srcset=\"https:\/\/fairfaxcryobank.com\/wp-content\/uploads\/Brittany-Bradberry-photo-1024x683.jpg 1024w, https:\/\/fairfaxcryobank.com\/wp-content\/uploads\/Brittany-Bradberry-photo-300x200.jpg 300w, https:\/\/fairfaxcryobank.com\/wp-content\/uploads\/Brittany-Bradberry-photo-768x512.jpg 768w, https:\/\/fairfaxcryobank.com\/wp-content\/uploads\/Brittany-Bradberry-photo-1536x1024.jpg 1536w, https:\/\/fairfaxcryobank.com\/wp-content\/uploads\/Brittany-Bradberry-photo-2048x1366.jpg 2048w\" sizes=\"auto, (max-width: 636px) 100vw, 636px\" \/><\/figure><\/div>\n\n\n\n<p class=\"has-background has-text-align-left has-very-light-gray-background-color\">\u201cMinha esposa e eu come\u00e7amos a pensar em come\u00e7ar uma fam\u00edlia em 2017. Nem sab\u00edamos por onde come\u00e7ar a tentar encontrar um doador. Nada se comparava ao Fairfax quando come\u00e7amos a explorar os sites! O \u201cface match\u201d foi realmente incr\u00edvel. Nosso filho se parece com n\u00f3s dois! As pessoas ficam constantemente impressionadas com o quanto nosso filho se parece comigo, mesmo que eu n\u00e3o carregasse. N\u00e3o poder\u00edamos estar mais felizes com nossa escolha. Obrigado por nos ajudar a escolher o doador perfeito.\u201d &#8211; The Bradberrys<\/p>\n\n\n\n<div class=\"wp-block-image\"><figure class=\"aligncenter size-large\"><img loading=\"lazy\" decoding=\"async\" width=\"1024\" height=\"1024\" src=\"https:\/\/fairfaxcryobank.com\/wp-content\/uploads\/\/15078938-14b7-4af4-8955-5f95d24cb679-photos-0C1C84D5-140A-4092-9B07-D7D73069B990-square-1024x1024.jpeg\" alt=\"gay lesbian parenting\" class=\"wp-image-11807\" srcset=\"https:\/\/fairfaxcryobank.com\/wp-content\/uploads\/15078938-14b7-4af4-8955-5f95d24cb679-photos-0C1C84D5-140A-4092-9B07-D7D73069B990-square-1024x1024.jpeg 1024w, https:\/\/fairfaxcryobank.com\/wp-content\/uploads\/15078938-14b7-4af4-8955-5f95d24cb679-photos-0C1C84D5-140A-4092-9B07-D7D73069B990-square-300x300.jpeg 300w, https:\/\/fairfaxcryobank.com\/wp-content\/uploads\/15078938-14b7-4af4-8955-5f95d24cb679-photos-0C1C84D5-140A-4092-9B07-D7D73069B990-square-150x150.jpeg 150w, https:\/\/fairfaxcryobank.com\/wp-content\/uploads\/15078938-14b7-4af4-8955-5f95d24cb679-photos-0C1C84D5-140A-4092-9B07-D7D73069B990-square-768x768.jpeg 768w, https:\/\/fairfaxcryobank.com\/wp-content\/uploads\/15078938-14b7-4af4-8955-5f95d24cb679-photos-0C1C84D5-140A-4092-9B07-D7D73069B990-square-1536x1536.jpeg 1536w, https:\/\/fairfaxcryobank.com\/wp-content\/uploads\/15078938-14b7-4af4-8955-5f95d24cb679-photos-0C1C84D5-140A-4092-9B07-D7D73069B990-square.jpeg 1628w\" sizes=\"auto, (max-width: 1024px) 100vw, 1024px\" \/><\/figure><\/div>\n\n\n\n<p class=\"has-background has-text-align-left has-very-light-gray-background-color\">\u201cUsamos Fairfax para construir nossa fam\u00edlia e n\u00e3o poder\u00edamos estar mais felizes! Todo o processo \u00e9 \u00e1gil e seguro, nos sentimos apoiados a cada passo do caminho e, embora fosse uma op\u00e7\u00e3o mais cara do que alguns dos outros bancos que consideramos, sab\u00edamos que a qualidade e o atendimento ao cliente do Fairfax valeram o investimento em nossa futura fam\u00edlia. Os testes extensivos que eles fazem para garantir doadores de qualidade s\u00e3o incompar\u00e1veis em rela\u00e7\u00e3o aos outros lugares que pesquisamos. E sempre que t\u00ednhamos uma pergunta ou preocupa\u00e7\u00e3o, eles estavam l\u00e1 para atender nossas liga\u00e7\u00f5es e aliviar nossos nervos. Tivemos uma rodada de fertiliza\u00e7\u00e3o in vitro e 5 embri\u00f5es vi\u00e1veis resultaram, com apenas um tivemos nossa primeira menina e os 4 restantes foram congelados em nosso banco local para uso futuro. Obrigado Fairfax por tornar nosso sonho realidade!\u201d- The Petersmith Family<\/p>\n\n\n\n<div class=\"wp-block-image\"><figure class=\"aligncenter size-large\"><img loading=\"lazy\" decoding=\"async\" width=\"1024\" height=\"731\" src=\"https:\/\/fairfaxcryobank.com\/wp-content\/uploads\/\/Family-Photo-2018-1-1024x731.jpg\" alt=\"gay lesbian parenting\" class=\"wp-image-11819\" srcset=\"https:\/\/fairfaxcryobank.com\/wp-content\/uploads\/Family-Photo-2018-1-1024x731.jpg 1024w, https:\/\/fairfaxcryobank.com\/wp-content\/uploads\/Family-Photo-2018-1-300x214.jpg 300w, https:\/\/fairfaxcryobank.com\/wp-content\/uploads\/Family-Photo-2018-1-768x549.jpg 768w, https:\/\/fairfaxcryobank.com\/wp-content\/uploads\/Family-Photo-2018-1-1536x1097.jpg 1536w, https:\/\/fairfaxcryobank.com\/wp-content\/uploads\/Family-Photo-2018-1-2048x1463.jpg 2048w\" sizes=\"auto, (max-width: 1024px) 100vw, 1024px\" \/><\/figure><\/div>\n\n\n\n<p class=\"has-background has-text-align-left has-very-light-gray-background-color\">\u201cMinha esposa e eu come\u00e7amos ansiosamente nossa jornada para a paternidade com a CLI em 2014, logo fomos calorosamente recebidos com a garantia de que eles tinham experi\u00eancia em ajudar casais LGBT a construir uma fam\u00edlia. Escolhemos nosso doador usando o servi\u00e7o de correspond\u00eancia de fotos e recebemos nosso filho em nossa fam\u00edlia no ano de 2015. Entramos em um mundo desconhecido e ficamos muito gratos pela orienta\u00e7\u00e3o que a CLI nos forneceu. Come\u00e7ando nossa jornada mais uma vez em 2018, descobrimos que a CLI havia se fundido com a Fairfax e sab\u00edamos que estar\u00edamos em boas m\u00e3os. A Fairfax oferece um site intuitivo e f\u00e1cil de usar, repleto de informa\u00e7\u00f5es e uma equipe gentil e experiente. A Fairfax demonstra respeito, qualidade e um servi\u00e7o autografado com excel\u00eancia.\u201d &#8211; BK<\/p>\n\n\n\n<figure class=\"wp-block-image size-large\"><img loading=\"lazy\" decoding=\"async\" width=\"1024\" height=\"682\" src=\"https:\/\/fairfaxcryobank.com\/wp-content\/uploads\/\/9fed1653-94fc-4654-99cd-00795e4eeef8-photos-7e1fa25e-b46e-4e01-bdf9-df49ecdd2bd2-1024x682.jpg\" alt=\"lgbt sperm bank testimonial\" class=\"wp-image-12054\" srcset=\"https:\/\/fairfaxcryobank.com\/wp-content\/uploads\/9fed1653-94fc-4654-99cd-00795e4eeef8-photos-7e1fa25e-b46e-4e01-bdf9-df49ecdd2bd2-1024x682.jpg 1024w, https:\/\/fairfaxcryobank.com\/wp-content\/uploads\/9fed1653-94fc-4654-99cd-00795e4eeef8-photos-7e1fa25e-b46e-4e01-bdf9-df49ecdd2bd2-300x200.jpg 300w, https:\/\/fairfaxcryobank.com\/wp-content\/uploads\/9fed1653-94fc-4654-99cd-00795e4eeef8-photos-7e1fa25e-b46e-4e01-bdf9-df49ecdd2bd2-768x512.jpg 768w, https:\/\/fairfaxcryobank.com\/wp-content\/uploads\/9fed1653-94fc-4654-99cd-00795e4eeef8-photos-7e1fa25e-b46e-4e01-bdf9-df49ecdd2bd2.jpg 1280w\" sizes=\"auto, (max-width: 1024px) 100vw, 1024px\" \/><\/figure>\n\n\n\n<p class=\"has-background has-text-align-left has-very-light-gray-background-color\">\u201cQuando minha esposa e eu decidimos que era o momento certo para aumentar nossa fam\u00edlia, n\u00e3o quer\u00edamos nada al\u00e9m do melhor para nosso filho. Foi quando ouvimos falar do Fairfax. Adoramos o fato de podermos saber muito sobre a gen\u00e9tica do doador e tamb\u00e9m ver fotos dele foi uma grande vantagem para garantir que nosso beb\u00ea se parecesse com n\u00f3s duas, ent\u00e3o mesmo morando no Brasil decidimos importar o material. Agora estamos esperando g\u00eameos para o in\u00edcio de fevereiro de 2021 e n\u00e3o poder\u00edamos estar mais felizes.\u201d -The Guerra Leidens Family<\/p>\n\n\n\n<hr class=\"wp-block-separator\"\/>\n\n\n\n<blockquote class=\"wp-block-quote is-layout-flow wp-block-quote-is-layout-flow\"><p>\u201cEncontrei a melhor experi\u00eancia com o Fairfax Cryobank. Maria, minha companheira, e eu decidimos ter um filho. Com a ajuda do Fairfax e seu compromisso conosco, agora temos um lindo menino de quatro anos chamado Jayden. Jayden \u00e9 a coisa mais preciosa que trouxemos a este mundo. Acredito que todos ter\u00e3o uma bela experi\u00eancia com o Fairfax considerando a fidelidade e os servi\u00e7os que prestaram para mim e minha parceira. Estamos mais uma vez nos preparando para ter mais um pequeno. Obrigado, Fairfax, por seus servi\u00e7os e orienta\u00e7\u00e3o para ajudar a trazer vida a este mundo.\u201d<\/p><cite>-BM<\/cite><\/blockquote>\n\n\n\n<div style=\"height:20px\" aria-hidden=\"true\" class=\"wp-block-spacer\"><\/div>\n\n\n\n<blockquote class=\"wp-block-quote is-layout-flow wp-block-quote-is-layout-flow\"><p>\u201cSomos duas m\u00e3es que escolheram trazer um filho a este mundo juntas. Encontramos o doador perfeito atrav\u00e9s do Fairfax Cryobank &#8211; ele compartilha nossos valores, hobbies, educa\u00e7\u00e3o e sua foto de inf\u00e2ncia se parece estranhamente com a minha foto de inf\u00e2ncia (a m\u00e3e n\u00e3o biol\u00f3gica). Engravidamos na primeira tentativa, o que \u00e9 raro, e pouco mais de nove meses depois, nosso lindo menino nasceu (no meu anivers\u00e1rio). Nosso filho tem quase 19 meses agora. Para aqueles que n\u00e3o acreditam em destino, podemos desafi\u00e1-lo. Nossa experi\u00eancia foi incr\u00edvel e, gra\u00e7as a um doador muito altru\u00edsta e ao Fairfax Cryobank, somos uma fam\u00edlia. Temos mais tr\u00eas frascos armazenados, esperando dar ao nosso \u201cpequeno rei\u201d um irm\u00e3o algum dia. Obrigado a todos que ajudaram a tornar nosso sonho realidade\u201d<\/p><cite>JL&amp;SL<\/cite><\/blockquote>\n\n\n\n<div style=\"height:20px\" aria-hidden=\"true\" class=\"wp-block-spacer\"><\/div>\n\n\n\n<blockquote class=\"wp-block-quote is-layout-flow wp-block-quote-is-layout-flow\"><p>\u201cMeu parceiro e eu somos eternamente gratos pelo milagre que o Fairfax tornou poss\u00edvel em nossas vidas. Temos um filho incrivelmente inteligente, espirituoso e extremamente bonito. Estamos no processo de tentar o nosso segundo, e sua equipe continua sendo a melhor!\u201d<\/p><cite>-AM<\/cite><\/blockquote>\n\n\n\n<div style=\"height:20px\" aria-hidden=\"true\" class=\"wp-block-spacer\"><\/div>\n\n\n\n<blockquote class=\"wp-block-quote is-layout-flow wp-block-quote-is-layout-flow\"><p>&#8220;Obrigado, obrigado, obrigado!!! O Fairfax Cryobank tem sido incrivelmente profissional. Nossa hist\u00f3ria come\u00e7ou em julho de 2005 quando procur\u00e1vamos o melhor candidato a doador de esperma poss\u00edvel. Como duas mulheres querendo um filho que se parecesse com n\u00f3s duas, \u00e9ramos muito particulares sobre o que est\u00e1vamos procurando. Fizemos nossa escolha e tivemos que fazer telefonemas MUITO cedo para descobrir se o \u201cSr. Certo\u201d estava fora da quarentena. Todas as partes do processo foram tranquilas, nunca tivemos uma preocupa\u00e7\u00e3o. Ap\u00f3s uma tentativa de insemina\u00e7\u00e3o espont\u00e2nea, est\u00e1vamos gr\u00e1vidas. Obviamente era para ser. Foi uma gravidez perfeita e o resultado foi uma menina PERFEITA. EXATAMENTE o que quer\u00edamos h\u00e1 muito tempo! Ela \u00e9 super inteligente e bonita. O Fairfax \u00e9 uma empresa de classe com excelentes exemplares.\u201d<\/p><cite>-DJ<\/cite><\/blockquote>\n\n\n\n<div style=\"height:20px\" aria-hidden=\"true\" class=\"wp-block-spacer\"><\/div>\n\n\n\n<blockquote class=\"wp-block-quote is-layout-flow wp-block-quote-is-layout-flow\"><p>\u201cEu s\u00f3 queria que voc\u00ea soubesse que estamos muito felizes por termos encontrado voc\u00ea (Fairfax Cryobank). Voc\u00ea tornou nosso relacionamento muito mais pr\u00f3ximo e sentimos que estamos chegando perto de ter mais um beb\u00ea. Eu vou deixar voc\u00ea saber quando nossos sonhos se tornarem realidade!\u201d<\/p><cite>-JB<\/cite><\/blockquote>\n\n\n\n<div style=\"height:20px\" aria-hidden=\"true\" class=\"wp-block-spacer\"><\/div>\n\n\n\n<blockquote class=\"wp-block-quote is-layout-flow wp-block-quote-is-layout-flow\"><p>\u201cMeu nome \u00e9 Christie e sou uma orgulhosa m\u00e3e de quatro lindos filhos. Estou em um relacionamento maravilhoso com minha namorada, Kesha, e estamos ansiosas para ter mais um filho em nossas vidas. Encomendei s\u00eamen no Fairfax e os \u201cpequeninos\u201d do meu doador devem ter sido muito fortes porque venceram todas as probabilidades e funcionou!!!! Vai nascer em janeiro e estamos muito felizes em saber que esse beb\u00ea est\u00e1 chegando! Deus aben\u00e7oe a todos voc\u00eas no que fazem.\u201d<\/p><cite>-CLJ<\/cite><\/blockquote>\n","protected":false},"excerpt":{"rendered":"<p>N\u00f3s apoiamos nossa comunidade de fam\u00edlias diversas O Fairfax Cryobank tem hist\u00f3rico e reputa\u00e7\u00e3o de oferecer um excepcional s\u00eamen de doador e servi\u00e7os relacionados. Parte dessa hist\u00f3ria tem sido ajudar indiv\u00edduos, independentemente de orienta\u00e7\u00e3o sexual, identidade de g\u00eanero ou estado civil, a alcan\u00e7ar a gravidez e realizar seus sonhos de &#8230;<\/p>\n","protected":false},"author":1,"featured_media":0,"parent":0,"menu_order":0,"comment_status":"closed","ping_status":"closed","template":"","meta":{"footnotes":""},"class_list":["post-19841","page","type-page","status-publish","hentry"],"yoast_head":"<!-- This site is optimized with the Yoast SEO plugin v27.1.1 - https:\/\/yoast.com\/product\/yoast-seo-wordpress\/ -->\n<title>Fam\u00edlias LGBTQ+ | Fairfax Cryobank - Find a Sperm Donor<\/title>\n<meta name=\"description\" content=\"N\u00f3s apoiamos nossa comunidade de fam\u00edlias diversas O Fairfax Cryobank tem hist\u00f3rico e reputa\u00e7\u00e3o de oferecer um excepcional s\u00eamen de doador e servi\u00e7os\" \/>\n<meta name=\"robots\" content=\"index, follow, max-snippet:-1, max-image-preview:large, max-video-preview:-1\" \/>\n<link rel=\"canonical\" href=\"https:\/\/fairfaxcryobank.com\/br\/familias-lgbtq\" \/>\n<meta property=\"og:locale\" content=\"pt_BR\" \/>\n<meta property=\"og:type\" content=\"article\" \/>\n<meta property=\"og:title\" content=\"Fam\u00edlias LGBTQ+ | Fairfax Cryobank - Find a Sperm Donor\" \/>\n<meta property=\"og:description\" content=\"N\u00f3s apoiamos nossa comunidade de fam\u00edlias diversas O Fairfax Cryobank tem hist\u00f3rico e reputa\u00e7\u00e3o de oferecer um excepcional s\u00eamen de doador e servi\u00e7os\" \/>\n<meta property=\"og:url\" content=\"https:\/\/fairfaxcryobank.com\/br\/familias-lgbtq\" \/>\n<meta property=\"og:site_name\" content=\"Fairfax Cryobank - Find a Sperm Donor\" \/>\n<meta property=\"article:publisher\" content=\"https:\/\/www.facebook.com\/fairfax.cryobank\" \/>\n<meta property=\"article:modified_time\" content=\"2022-02-24T23:52:24+00:00\" \/>\n<meta property=\"og:image\" content=\"https:\/\/fairfaxcryobank.com\/wp-content\/uploads\/\/Brittany-Bradberry-photo-1024x683.jpg\" \/>\n<meta name=\"twitter:card\" content=\"summary_large_image\" \/>\n<meta name=\"twitter:site\" content=\"@FairfaxCryobank\" \/>\n<meta name=\"twitter:label1\" content=\"Est. tempo de leitura\" \/>\n\t<meta name=\"twitter:data1\" content=\"7 minutos\" \/>\n<script type=\"application\/ld+json\" class=\"yoast-schema-graph\">{\"@context\":\"https:\/\/schema.org\",\"@graph\":[{\"@type\":\"WebPage\",\"@id\":\"https:\/\/fairfaxcryobank.com\/br\/familias-lgbtq\",\"url\":\"https:\/\/fairfaxcryobank.com\/br\/familias-lgbtq\",\"name\":\"Fam\u00edlias LGBTQ+ | Fairfax Cryobank - Find a Sperm Donor\",\"isPartOf\":{\"@id\":\"https:\/\/fairfaxcryobank.com\/br#website\"},\"primaryImageOfPage\":{\"@id\":\"https:\/\/fairfaxcryobank.com\/br\/familias-lgbtq#primaryimage\"},\"image\":{\"@id\":\"https:\/\/fairfaxcryobank.com\/br\/familias-lgbtq#primaryimage\"},\"thumbnailUrl\":\"https:\/\/fairfaxcryobank.com\/wp-content\/uploads\/\/Brittany-Bradberry-photo-1024x683.jpg\",\"datePublished\":\"2022-02-04T16:57:52+00:00\",\"dateModified\":\"2022-02-24T23:52:24+00:00\",\"description\":\"N\u00f3s apoiamos nossa comunidade de fam\u00edlias diversas O Fairfax Cryobank tem hist\u00f3rico e reputa\u00e7\u00e3o de oferecer um excepcional s\u00eamen de doador e servi\u00e7os\",\"breadcrumb\":{\"@id\":\"https:\/\/fairfaxcryobank.com\/br\/familias-lgbtq#breadcrumb\"},\"inLanguage\":\"pt-BR\",\"potentialAction\":[{\"@type\":\"ReadAction\",\"target\":[\"https:\/\/fairfaxcryobank.com\/br\/familias-lgbtq\"]}]},{\"@type\":\"ImageObject\",\"inLanguage\":\"pt-BR\",\"@id\":\"https:\/\/fairfaxcryobank.com\/br\/familias-lgbtq#primaryimage\",\"url\":\"https:\/\/fairfaxcryobank.com\/wp-content\/uploads\/\/Brittany-Bradberry-photo-1024x683.jpg\",\"contentUrl\":\"https:\/\/fairfaxcryobank.com\/wp-content\/uploads\/\/Brittany-Bradberry-photo-1024x683.jpg\"},{\"@type\":\"BreadcrumbList\",\"@id\":\"https:\/\/fairfaxcryobank.com\/br\/familias-lgbtq#breadcrumb\",\"itemListElement\":[{\"@type\":\"ListItem\",\"position\":1,\"name\":\"Home\",\"item\":\"https:\/\/fairfaxcryobank.com\/br\"},{\"@type\":\"ListItem\",\"position\":2,\"name\":\"Fam\u00edlias LGBTQ+\"}]},{\"@type\":\"WebSite\",\"@id\":\"https:\/\/fairfaxcryobank.com\/br#website\",\"url\":\"https:\/\/fairfaxcryobank.com\/br\",\"name\":\"Fairfax Cryobank - Find a Sperm Donor\",\"description\":\"Top-Tier Sperm Bank\",\"publisher\":{\"@id\":\"https:\/\/fairfaxcryobank.com\/br#organization\"},\"potentialAction\":[{\"@type\":\"SearchAction\",\"target\":{\"@type\":\"EntryPoint\",\"urlTemplate\":\"https:\/\/fairfaxcryobank.com\/br?s={search_term_string}\"},\"query-input\":{\"@type\":\"PropertyValueSpecification\",\"valueRequired\":true,\"valueName\":\"search_term_string\"}}],\"inLanguage\":\"pt-BR\"},{\"@type\":\"Organization\",\"@id\":\"https:\/\/fairfaxcryobank.com\/br#organization\",\"name\":\"Fairfax Cryobank\",\"url\":\"https:\/\/fairfaxcryobank.com\/br\",\"logo\":{\"@type\":\"ImageObject\",\"inLanguage\":\"pt-BR\",\"@id\":\"https:\/\/fairfaxcryobank.com\/br#\/schema\/logo\/image\/\",\"url\":\"https:\/\/fairfaxcryobank.com\/wp-content\/uploads\/logo.webp\",\"contentUrl\":\"https:\/\/fairfaxcryobank.com\/wp-content\/uploads\/logo.webp\",\"width\":1,\"height\":1,\"caption\":\"Fairfax Cryobank\"},\"image\":{\"@id\":\"https:\/\/fairfaxcryobank.com\/br#\/schema\/logo\/image\/\"},\"sameAs\":[\"https:\/\/www.facebook.com\/fairfax.cryobank\",\"https:\/\/x.com\/FairfaxCryobank\",\"https:\/\/www.instagram.com\/fairfaxcryobank\/\",\"https:\/\/www.pinterest.com\/fairfaxcryo\/\"]}]}<\/script>\n<!-- \/ Yoast SEO plugin. -->","yoast_head_json":{"title":"Fam\u00edlias LGBTQ+ | Fairfax Cryobank - Find a Sperm Donor","description":"N\u00f3s apoiamos nossa comunidade de fam\u00edlias diversas O Fairfax Cryobank tem hist\u00f3rico e reputa\u00e7\u00e3o de oferecer um excepcional s\u00eamen de doador e servi\u00e7os","robots":{"index":"index","follow":"follow","max-snippet":"max-snippet:-1","max-image-preview":"max-image-preview:large","max-video-preview":"max-video-preview:-1"},"canonical":"https:\/\/fairfaxcryobank.com\/br\/familias-lgbtq","og_locale":"pt_BR","og_type":"article","og_title":"Fam\u00edlias LGBTQ+ | Fairfax Cryobank - Find a Sperm Donor","og_description":"N\u00f3s apoiamos nossa comunidade de fam\u00edlias diversas O Fairfax Cryobank tem hist\u00f3rico e reputa\u00e7\u00e3o de oferecer um excepcional s\u00eamen de doador e servi\u00e7os","og_url":"https:\/\/fairfaxcryobank.com\/br\/familias-lgbtq","og_site_name":"Fairfax Cryobank - Find a Sperm Donor","article_publisher":"https:\/\/www.facebook.com\/fairfax.cryobank","article_modified_time":"2022-02-24T23:52:24+00:00","og_image":[{"url":"https:\/\/fairfaxcryobank.com\/wp-content\/uploads\/\/Brittany-Bradberry-photo-1024x683.jpg","type":"","width":"","height":""}],"twitter_card":"summary_large_image","twitter_site":"@FairfaxCryobank","twitter_misc":{"Est. tempo de leitura":"7 minutos"},"schema":{"@context":"https:\/\/schema.org","@graph":[{"@type":"WebPage","@id":"https:\/\/fairfaxcryobank.com\/br\/familias-lgbtq","url":"https:\/\/fairfaxcryobank.com\/br\/familias-lgbtq","name":"Fam\u00edlias LGBTQ+ | Fairfax Cryobank - Find a Sperm Donor","isPartOf":{"@id":"https:\/\/fairfaxcryobank.com\/br#website"},"primaryImageOfPage":{"@id":"https:\/\/fairfaxcryobank.com\/br\/familias-lgbtq#primaryimage"},"image":{"@id":"https:\/\/fairfaxcryobank.com\/br\/familias-lgbtq#primaryimage"},"thumbnailUrl":"https:\/\/fairfaxcryobank.com\/wp-content\/uploads\/\/Brittany-Bradberry-photo-1024x683.jpg","datePublished":"2022-02-04T16:57:52+00:00","dateModified":"2022-02-24T23:52:24+00:00","description":"N\u00f3s apoiamos nossa comunidade de fam\u00edlias diversas O Fairfax Cryobank tem hist\u00f3rico e reputa\u00e7\u00e3o de oferecer um excepcional s\u00eamen de doador e servi\u00e7os","breadcrumb":{"@id":"https:\/\/fairfaxcryobank.com\/br\/familias-lgbtq#breadcrumb"},"inLanguage":"pt-BR","potentialAction":[{"@type":"ReadAction","target":["https:\/\/fairfaxcryobank.com\/br\/familias-lgbtq"]}]},{"@type":"ImageObject","inLanguage":"pt-BR","@id":"https:\/\/fairfaxcryobank.com\/br\/familias-lgbtq#primaryimage","url":"https:\/\/fairfaxcryobank.com\/wp-content\/uploads\/\/Brittany-Bradberry-photo-1024x683.jpg","contentUrl":"https:\/\/fairfaxcryobank.com\/wp-content\/uploads\/\/Brittany-Bradberry-photo-1024x683.jpg"},{"@type":"BreadcrumbList","@id":"https:\/\/fairfaxcryobank.com\/br\/familias-lgbtq#breadcrumb","itemListElement":[{"@type":"ListItem","position":1,"name":"Home","item":"https:\/\/fairfaxcryobank.com\/br"},{"@type":"ListItem","position":2,"name":"Fam\u00edlias LGBTQ+"}]},{"@type":"WebSite","@id":"https:\/\/fairfaxcryobank.com\/br#website","url":"https:\/\/fairfaxcryobank.com\/br","name":"Fairfax Cryobank - Find a Sperm Donor","description":"Top-Tier Sperm Bank","publisher":{"@id":"https:\/\/fairfaxcryobank.com\/br#organization"},"potentialAction":[{"@type":"SearchAction","target":{"@type":"EntryPoint","urlTemplate":"https:\/\/fairfaxcryobank.com\/br?s={search_term_string}"},"query-input":{"@type":"PropertyValueSpecification","valueRequired":true,"valueName":"search_term_string"}}],"inLanguage":"pt-BR"},{"@type":"Organization","@id":"https:\/\/fairfaxcryobank.com\/br#organization","name":"Fairfax Cryobank","url":"https:\/\/fairfaxcryobank.com\/br","logo":{"@type":"ImageObject","inLanguage":"pt-BR","@id":"https:\/\/fairfaxcryobank.com\/br#\/schema\/logo\/image\/","url":"https:\/\/fairfaxcryobank.com\/wp-content\/uploads\/logo.webp","contentUrl":"https:\/\/fairfaxcryobank.com\/wp-content\/uploads\/logo.webp","width":1,"height":1,"caption":"Fairfax Cryobank"},"image":{"@id":"https:\/\/fairfaxcryobank.com\/br#\/schema\/logo\/image\/"},"sameAs":["https:\/\/www.facebook.com\/fairfax.cryobank","https:\/\/x.com\/FairfaxCryobank","https:\/\/www.instagram.com\/fairfaxcryobank\/","https:\/\/www.pinterest.com\/fairfaxcryo\/"]}]}},"post_mailing_queue_ids":[],"_links":{"self":[{"href":"https:\/\/fairfaxcryobank.com\/br\/wp-json\/wp\/v2\/pages\/19841","targetHints":{"allow":["GET"]}}],"collection":[{"href":"https:\/\/fairfaxcryobank.com\/br\/wp-json\/wp\/v2\/pages"}],"about":[{"href":"https:\/\/fairfaxcryobank.com\/br\/wp-json\/wp\/v2\/types\/page"}],"author":[{"embeddable":true,"href":"https:\/\/fairfaxcryobank.com\/br\/wp-json\/wp\/v2\/users\/1"}],"replies":[{"embeddable":true,"href":"https:\/\/fairfaxcryobank.com\/br\/wp-json\/wp\/v2\/comments?post=19841"}],"version-history":[{"count":4,"href":"https:\/\/fairfaxcryobank.com\/br\/wp-json\/wp\/v2\/pages\/19841\/revisions"}],"predecessor-version":[{"id":20542,"href":"https:\/\/fairfaxcryobank.com\/br\/wp-json\/wp\/v2\/pages\/19841\/revisions\/20542"}],"wp:attachment":[{"href":"https:\/\/fairfaxcryobank.com\/br\/wp-json\/wp\/v2\/media?parent=19841"}],"curies":[{"name":"wp","href":"https:\/\/api.w.org\/{rel}","templated":true}]}}