{"id":19843,"date":"2022-01-28T14:19:38","date_gmt":"2022-01-28T19:19:38","guid":{"rendered":"https:\/\/fairfaxcryobank.com\/?page_id=19843"},"modified":"2022-02-24T13:54:05","modified_gmt":"2022-02-24T18:54:05","slug":"familias-com-historico-de-doencas-geneticas","status":"publish","type":"page","link":"https:\/\/fairfaxcryobank.com\/br\/familias-com-historico-de-doencas-geneticas","title":{"rendered":"Fam\u00edlias com hist\u00f3rico de doen\u00e7as gen\u00e9ticas"},"content":{"rendered":"\n<h2 class=\"wp-block-heading\"><strong>Considera\u00e7\u00f5es durante o processo de sele\u00e7\u00e3o de doadores de s\u00eamen<\/strong><\/h2>\n\n\n\n<p>Para fam\u00edlias com hist\u00f3rico de doen\u00e7as gen\u00e9ticas, nosso Conselheiro Gen\u00e9tico preparou diretrizes para o processo de sele\u00e7\u00e3o de doadores de s\u00eamen.<\/p>\n\n\n\n<p>Se voc\u00ea tiver um hist\u00f3rico familiar de um problema gen\u00e9tico, teremos prazer em abordar essas quest\u00f5es com voc\u00ea durante o processo de sele\u00e7\u00e3o de doadores.<\/p>\n\n\n\n<div class=\"wp-block-columns has-2-columns is-layout-flex wp-container-core-columns-is-layout-9d6595d7 wp-block-columns-is-layout-flex\">\n<div class=\"wp-block-column is-layout-flow wp-block-column-is-layout-flow\">\n<div class=\"wp-block-button aligncenter\"><a class=\"wp-block-button__link has-text-color has-background\" href=\"https:\/\/fairfaxcryobank.com\/br\/analise-genetica\" style=\"background-color:#ea6950;color:#ffffff\">An\u00e1lise gen\u00e9tica<\/a><\/div>\n\n\n\n<p><\/p>\n<\/div>\n\n\n\n<div class=\"wp-block-column is-layout-flow wp-block-column-is-layout-flow\">\n<div class=\"wp-block-button aligncenter\"><a class=\"wp-block-button__link has-text-color has-background\" href=\"https:\/\/fairfaxcryobank.com\/br\/perguntas-frequentes\" style=\"background-color:#ea6950;color:#ffffff\">Perguntas Frequentes<\/a><\/div>\n\n\n\n<p><\/p>\n<\/div>\n<\/div>\n\n\n\n<h3 class=\"wp-block-heading\"><strong>Sou portador de uma doen\u00e7a gen\u00e9tica<\/strong><\/h3>\n\n\n\n<p>Uma das situa\u00e7\u00f5es mais comuns que encontramos \u00e9 uma cliente que descobriu que \u00e9 portadora de uma doen\u00e7a gen\u00e9tica durante sua triagem pr\u00e9-natal de rotina. Se for uma das doen\u00e7as que testamos rotineiramente em nossos doadores, voc\u00ea saber\u00e1 que ele testou negativo. Voc\u00ea tamb\u00e9m ver\u00e1 isso listado no perfil m\u00e9dico gratuito dele.<\/p>\n\n\n\n<p>Se voc\u00ea \u00e9 portadora de uma doen\u00e7a que n\u00e3o testamos em nossos doadores, podemos ajud\u00e1-la. Entre em contato conosco e iremos te ajudar a conseguuir o teste do doador escolhido. Normalmente, solicitamos que voc\u00ea selecione v\u00e1rios doadores de nossa lista para que possamos ver qual se disponibiliza para realizar o teste. Assim que o custo do teste for pago pelo cliente, prosseguiremos com a execu\u00e7\u00e3o do teste.<\/p>\n\n\n\n<h3 class=\"wp-block-heading\"><strong>Eu tenho um filho com problemas m\u00e9dicos<\/strong><\/h3>\n\n\n\n<p>Se voc\u00ea tem um filho com doen\u00e7a gen\u00e9tica e deseja considerar um doador para reduzir o risco em uma futura gravidez, queremos ajud\u00e1-lo. Entre em contato conosco e nosso conselheiro gen\u00e9tico ir\u00e1 ajud\u00e1-lo com os detalhes.<\/p>\n\n\n\n<p>Se voc\u00ea tem um filho concebido com s\u00eamen de um doador e tem d\u00favidas sobre a sa\u00fade de seu filho ou informa\u00e7\u00f5es que deseja compartilhar conosco, estamos dispon\u00edveis para atender \u00e0s suas preocupa\u00e7\u00f5es. Por favor, pe\u00e7a para falar com o nosso conselheiro gen\u00e9tico. Tamb\u00e9m temos uma pol\u00edtica sobre avalia\u00e7\u00f5es m\u00e9dicas de doadores e descendentes que podem ser \u00fateis.<\/p>\n\n\n\n<figure class=\"wp-block-image size-large\"><img loading=\"lazy\" decoding=\"async\" width=\"20\" height=\"20\" src=\"https:\/\/fairfaxcryobank.com\/wp-content\/uploads\/image-31.png\" alt=\"Community Verified icon\" class=\"wp-image-19851\"\/><\/figure>\n\n\n\n<p><\/p>\n\n\n\n<h3 class=\"wp-block-heading\"><strong>Quero saber se o doador em que estou interessada tem algum problema m\u00e9dico relatado em seus descendentes<\/strong><\/h3>\n\n\n\n<p>Os doadores atualmente listados em nossa busca de doadores n\u00e3o t\u00eam, at\u00e9 onde sabemos, fatores que coloquem qualquer de seus descendentes em risco aumentado de defeitos cong\u00eanitos ou problemas heredit\u00e1rios graves. Se desejar, voc\u00ea ainda pode entrar em contato conosco a respeito de algum doador espec\u00edfico. Se o nascimento de uma crian\u00e7a com um problema m\u00e9dico for reportado e isso aumentar o risco de problemas para outros futuros filhos, seja de nascen\u00e7a ou problema m\u00e9dico s\u00e9rio, restringiremos o doador e n\u00e3o disponibilizaremos mais suas amostras na busca de doadores.<\/p>\n","protected":false},"excerpt":{"rendered":"<p>Considera\u00e7\u00f5es durante o processo de sele\u00e7\u00e3o de doadores de s\u00eamen Para fam\u00edlias com hist\u00f3rico de doen\u00e7as gen\u00e9ticas, nosso Conselheiro Gen\u00e9tico preparou diretrizes para o processo de sele\u00e7\u00e3o de doadores de s\u00eamen. Se voc\u00ea tiver um hist\u00f3rico familiar de um problema gen\u00e9tico, teremos prazer em abordar essas quest\u00f5es com voc\u00ea durante &#8230;<\/p>\n","protected":false},"author":1,"featured_media":0,"parent":0,"menu_order":0,"comment_status":"closed","ping_status":"closed","template":"","meta":{"footnotes":""},"class_list":["post-19843","page","type-page","status-publish","hentry"],"yoast_head":"<!-- This site is optimized with the Yoast SEO plugin v27.1.1 - https:\/\/yoast.com\/product\/yoast-seo-wordpress\/ -->\n<title>Fam\u00edlias com hist\u00f3rico de doen\u00e7as gen\u00e9ticas | Fairfax Cryobank - Find a Sperm Donor<\/title>\n<meta name=\"description\" content=\"Considera\u00e7\u00f5es durante o processo de sele\u00e7\u00e3o de doadores de s\u00eamen Para fam\u00edlias com hist\u00f3rico de doen\u00e7as gen\u00e9ticas, nosso Conselheiro Gen\u00e9tico preparou\" \/>\n<meta name=\"robots\" content=\"index, follow, max-snippet:-1, max-image-preview:large, max-video-preview:-1\" \/>\n<link rel=\"canonical\" href=\"https:\/\/fairfaxcryobank.com\/br\/familias-com-historico-de-doencas-geneticas\" \/>\n<meta property=\"og:locale\" content=\"pt_BR\" \/>\n<meta property=\"og:type\" content=\"article\" \/>\n<meta property=\"og:title\" content=\"Fam\u00edlias com hist\u00f3rico de doen\u00e7as gen\u00e9ticas | Fairfax Cryobank - Find a Sperm Donor\" \/>\n<meta property=\"og:description\" content=\"Considera\u00e7\u00f5es durante o processo de sele\u00e7\u00e3o de doadores de s\u00eamen Para fam\u00edlias com hist\u00f3rico de doen\u00e7as gen\u00e9ticas, nosso Conselheiro Gen\u00e9tico preparou\" \/>\n<meta property=\"og:url\" content=\"https:\/\/fairfaxcryobank.com\/br\/familias-com-historico-de-doencas-geneticas\" \/>\n<meta property=\"og:site_name\" content=\"Fairfax Cryobank - Find a Sperm Donor\" \/>\n<meta property=\"article:publisher\" content=\"https:\/\/www.facebook.com\/fairfax.cryobank\" \/>\n<meta property=\"article:modified_time\" content=\"2022-02-24T18:54:05+00:00\" \/>\n<meta property=\"og:image\" content=\"https:\/\/fairfaxcryobank.com\/wp-content\/uploads\/image-31.png\" \/>\n<meta name=\"twitter:card\" content=\"summary_large_image\" \/>\n<meta name=\"twitter:site\" content=\"@FairfaxCryobank\" \/>\n<meta name=\"twitter:label1\" content=\"Est. tempo de leitura\" \/>\n\t<meta name=\"twitter:data1\" content=\"2 minutos\" \/>\n<script type=\"application\/ld+json\" class=\"yoast-schema-graph\">{\"@context\":\"https:\/\/schema.org\",\"@graph\":[{\"@type\":\"WebPage\",\"@id\":\"https:\/\/fairfaxcryobank.com\/br\/familias-com-historico-de-doencas-geneticas\",\"url\":\"https:\/\/fairfaxcryobank.com\/br\/familias-com-historico-de-doencas-geneticas\",\"name\":\"Fam\u00edlias com hist\u00f3rico de doen\u00e7as gen\u00e9ticas | Fairfax Cryobank - Find a Sperm Donor\",\"isPartOf\":{\"@id\":\"https:\/\/fairfaxcryobank.com\/br#website\"},\"primaryImageOfPage\":{\"@id\":\"https:\/\/fairfaxcryobank.com\/br\/familias-com-historico-de-doencas-geneticas#primaryimage\"},\"image\":{\"@id\":\"https:\/\/fairfaxcryobank.com\/br\/familias-com-historico-de-doencas-geneticas#primaryimage\"},\"thumbnailUrl\":\"https:\/\/fairfaxcryobank.com\/wp-content\/uploads\/image-31.png\",\"datePublished\":\"2022-01-28T19:19:38+00:00\",\"dateModified\":\"2022-02-24T18:54:05+00:00\",\"description\":\"Considera\u00e7\u00f5es durante o processo de sele\u00e7\u00e3o de doadores de s\u00eamen Para fam\u00edlias com hist\u00f3rico de doen\u00e7as gen\u00e9ticas, nosso Conselheiro Gen\u00e9tico preparou\",\"breadcrumb\":{\"@id\":\"https:\/\/fairfaxcryobank.com\/br\/familias-com-historico-de-doencas-geneticas#breadcrumb\"},\"inLanguage\":\"pt-BR\",\"potentialAction\":[{\"@type\":\"ReadAction\",\"target\":[\"https:\/\/fairfaxcryobank.com\/br\/familias-com-historico-de-doencas-geneticas\"]}]},{\"@type\":\"ImageObject\",\"inLanguage\":\"pt-BR\",\"@id\":\"https:\/\/fairfaxcryobank.com\/br\/familias-com-historico-de-doencas-geneticas#primaryimage\",\"url\":\"https:\/\/fairfaxcryobank.com\/wp-content\/uploads\/image-31.png\",\"contentUrl\":\"https:\/\/fairfaxcryobank.com\/wp-content\/uploads\/image-31.png\"},{\"@type\":\"BreadcrumbList\",\"@id\":\"https:\/\/fairfaxcryobank.com\/br\/familias-com-historico-de-doencas-geneticas#breadcrumb\",\"itemListElement\":[{\"@type\":\"ListItem\",\"position\":1,\"name\":\"Home\",\"item\":\"https:\/\/fairfaxcryobank.com\/br\"},{\"@type\":\"ListItem\",\"position\":2,\"name\":\"Fam\u00edlias com hist\u00f3rico de doen\u00e7as gen\u00e9ticas\"}]},{\"@type\":\"WebSite\",\"@id\":\"https:\/\/fairfaxcryobank.com\/br#website\",\"url\":\"https:\/\/fairfaxcryobank.com\/br\",\"name\":\"Fairfax Cryobank - Find a Sperm Donor\",\"description\":\"Top-Tier Sperm Bank\",\"publisher\":{\"@id\":\"https:\/\/fairfaxcryobank.com\/br#organization\"},\"potentialAction\":[{\"@type\":\"SearchAction\",\"target\":{\"@type\":\"EntryPoint\",\"urlTemplate\":\"https:\/\/fairfaxcryobank.com\/br?s={search_term_string}\"},\"query-input\":{\"@type\":\"PropertyValueSpecification\",\"valueRequired\":true,\"valueName\":\"search_term_string\"}}],\"inLanguage\":\"pt-BR\"},{\"@type\":\"Organization\",\"@id\":\"https:\/\/fairfaxcryobank.com\/br#organization\",\"name\":\"Fairfax Cryobank\",\"url\":\"https:\/\/fairfaxcryobank.com\/br\",\"logo\":{\"@type\":\"ImageObject\",\"inLanguage\":\"pt-BR\",\"@id\":\"https:\/\/fairfaxcryobank.com\/br#\/schema\/logo\/image\/\",\"url\":\"https:\/\/fairfaxcryobank.com\/wp-content\/uploads\/logo.webp\",\"contentUrl\":\"https:\/\/fairfaxcryobank.com\/wp-content\/uploads\/logo.webp\",\"width\":1,\"height\":1,\"caption\":\"Fairfax Cryobank\"},\"image\":{\"@id\":\"https:\/\/fairfaxcryobank.com\/br#\/schema\/logo\/image\/\"},\"sameAs\":[\"https:\/\/www.facebook.com\/fairfax.cryobank\",\"https:\/\/x.com\/FairfaxCryobank\",\"https:\/\/www.instagram.com\/fairfaxcryobank\/\",\"https:\/\/www.pinterest.com\/fairfaxcryo\/\"]}]}<\/script>\n<!-- \/ Yoast SEO plugin. -->","yoast_head_json":{"title":"Fam\u00edlias com hist\u00f3rico de doen\u00e7as gen\u00e9ticas | Fairfax Cryobank - Find a Sperm Donor","description":"Considera\u00e7\u00f5es durante o processo de sele\u00e7\u00e3o de doadores de s\u00eamen Para fam\u00edlias com hist\u00f3rico de doen\u00e7as gen\u00e9ticas, nosso Conselheiro Gen\u00e9tico preparou","robots":{"index":"index","follow":"follow","max-snippet":"max-snippet:-1","max-image-preview":"max-image-preview:large","max-video-preview":"max-video-preview:-1"},"canonical":"https:\/\/fairfaxcryobank.com\/br\/familias-com-historico-de-doencas-geneticas","og_locale":"pt_BR","og_type":"article","og_title":"Fam\u00edlias com hist\u00f3rico de doen\u00e7as gen\u00e9ticas | Fairfax Cryobank - Find a Sperm Donor","og_description":"Considera\u00e7\u00f5es durante o processo de sele\u00e7\u00e3o de doadores de s\u00eamen Para fam\u00edlias com hist\u00f3rico de doen\u00e7as gen\u00e9ticas, nosso Conselheiro Gen\u00e9tico preparou","og_url":"https:\/\/fairfaxcryobank.com\/br\/familias-com-historico-de-doencas-geneticas","og_site_name":"Fairfax Cryobank - Find a Sperm Donor","article_publisher":"https:\/\/www.facebook.com\/fairfax.cryobank","article_modified_time":"2022-02-24T18:54:05+00:00","og_image":[{"url":"https:\/\/fairfaxcryobank.com\/wp-content\/uploads\/image-31.png","type":"","width":"","height":""}],"twitter_card":"summary_large_image","twitter_site":"@FairfaxCryobank","twitter_misc":{"Est. tempo de leitura":"2 minutos"},"schema":{"@context":"https:\/\/schema.org","@graph":[{"@type":"WebPage","@id":"https:\/\/fairfaxcryobank.com\/br\/familias-com-historico-de-doencas-geneticas","url":"https:\/\/fairfaxcryobank.com\/br\/familias-com-historico-de-doencas-geneticas","name":"Fam\u00edlias com hist\u00f3rico de doen\u00e7as gen\u00e9ticas | Fairfax Cryobank - Find a Sperm Donor","isPartOf":{"@id":"https:\/\/fairfaxcryobank.com\/br#website"},"primaryImageOfPage":{"@id":"https:\/\/fairfaxcryobank.com\/br\/familias-com-historico-de-doencas-geneticas#primaryimage"},"image":{"@id":"https:\/\/fairfaxcryobank.com\/br\/familias-com-historico-de-doencas-geneticas#primaryimage"},"thumbnailUrl":"https:\/\/fairfaxcryobank.com\/wp-content\/uploads\/image-31.png","datePublished":"2022-01-28T19:19:38+00:00","dateModified":"2022-02-24T18:54:05+00:00","description":"Considera\u00e7\u00f5es durante o processo de sele\u00e7\u00e3o de doadores de s\u00eamen Para fam\u00edlias com hist\u00f3rico de doen\u00e7as gen\u00e9ticas, nosso Conselheiro Gen\u00e9tico preparou","breadcrumb":{"@id":"https:\/\/fairfaxcryobank.com\/br\/familias-com-historico-de-doencas-geneticas#breadcrumb"},"inLanguage":"pt-BR","potentialAction":[{"@type":"ReadAction","target":["https:\/\/fairfaxcryobank.com\/br\/familias-com-historico-de-doencas-geneticas"]}]},{"@type":"ImageObject","inLanguage":"pt-BR","@id":"https:\/\/fairfaxcryobank.com\/br\/familias-com-historico-de-doencas-geneticas#primaryimage","url":"https:\/\/fairfaxcryobank.com\/wp-content\/uploads\/image-31.png","contentUrl":"https:\/\/fairfaxcryobank.com\/wp-content\/uploads\/image-31.png"},{"@type":"BreadcrumbList","@id":"https:\/\/fairfaxcryobank.com\/br\/familias-com-historico-de-doencas-geneticas#breadcrumb","itemListElement":[{"@type":"ListItem","position":1,"name":"Home","item":"https:\/\/fairfaxcryobank.com\/br"},{"@type":"ListItem","position":2,"name":"Fam\u00edlias com hist\u00f3rico de doen\u00e7as gen\u00e9ticas"}]},{"@type":"WebSite","@id":"https:\/\/fairfaxcryobank.com\/br#website","url":"https:\/\/fairfaxcryobank.com\/br","name":"Fairfax Cryobank - Find a Sperm Donor","description":"Top-Tier Sperm Bank","publisher":{"@id":"https:\/\/fairfaxcryobank.com\/br#organization"},"potentialAction":[{"@type":"SearchAction","target":{"@type":"EntryPoint","urlTemplate":"https:\/\/fairfaxcryobank.com\/br?s={search_term_string}"},"query-input":{"@type":"PropertyValueSpecification","valueRequired":true,"valueName":"search_term_string"}}],"inLanguage":"pt-BR"},{"@type":"Organization","@id":"https:\/\/fairfaxcryobank.com\/br#organization","name":"Fairfax Cryobank","url":"https:\/\/fairfaxcryobank.com\/br","logo":{"@type":"ImageObject","inLanguage":"pt-BR","@id":"https:\/\/fairfaxcryobank.com\/br#\/schema\/logo\/image\/","url":"https:\/\/fairfaxcryobank.com\/wp-content\/uploads\/logo.webp","contentUrl":"https:\/\/fairfaxcryobank.com\/wp-content\/uploads\/logo.webp","width":1,"height":1,"caption":"Fairfax Cryobank"},"image":{"@id":"https:\/\/fairfaxcryobank.com\/br#\/schema\/logo\/image\/"},"sameAs":["https:\/\/www.facebook.com\/fairfax.cryobank","https:\/\/x.com\/FairfaxCryobank","https:\/\/www.instagram.com\/fairfaxcryobank\/","https:\/\/www.pinterest.com\/fairfaxcryo\/"]}]}},"post_mailing_queue_ids":[],"_links":{"self":[{"href":"https:\/\/fairfaxcryobank.com\/br\/wp-json\/wp\/v2\/pages\/19843","targetHints":{"allow":["GET"]}}],"collection":[{"href":"https:\/\/fairfaxcryobank.com\/br\/wp-json\/wp\/v2\/pages"}],"about":[{"href":"https:\/\/fairfaxcryobank.com\/br\/wp-json\/wp\/v2\/types\/page"}],"author":[{"embeddable":true,"href":"https:\/\/fairfaxcryobank.com\/br\/wp-json\/wp\/v2\/users\/1"}],"replies":[{"embeddable":true,"href":"https:\/\/fairfaxcryobank.com\/br\/wp-json\/wp\/v2\/comments?post=19843"}],"version-history":[{"count":5,"href":"https:\/\/fairfaxcryobank.com\/br\/wp-json\/wp\/v2\/pages\/19843\/revisions"}],"predecessor-version":[{"id":20135,"href":"https:\/\/fairfaxcryobank.com\/br\/wp-json\/wp\/v2\/pages\/19843\/revisions\/20135"}],"wp:attachment":[{"href":"https:\/\/fairfaxcryobank.com\/br\/wp-json\/wp\/v2\/media?parent=19843"}],"curies":[{"name":"wp","href":"https:\/\/api.w.org\/{rel}","templated":true}]}}