{"id":19883,"date":"2022-01-28T14:23:20","date_gmt":"2022-01-28T19:23:20","guid":{"rendered":"https:\/\/fairfaxcryobank.com\/?page_id=19883"},"modified":"2022-01-28T14:23:21","modified_gmt":"2022-01-28T19:23:21","slug":"ebooks-e-guias","status":"publish","type":"page","link":"https:\/\/fairfaxcryobank.com\/br\/ebooks-e-guias","title":{"rendered":"eBooks e Guias"},"content":{"rendered":"\n<p>O Fairfax Cryobank compilou as melhores dicas da nossa equipe de especialistas. Preencha o formul\u00e1rio abaixo para fazer o download do nosso e-book mais popular, <em>Introdu\u00e7\u00e3o \u00e0 constru\u00e7\u00e3o familiar com insemina\u00e7\u00e3o artificial<\/em> (conte\u00fado do e-book em ingl\u00eas).<\/p>\n\n\n\n<h2 class=\"wp-block-heading\">Saiba mais sobre insemina\u00e7\u00e3o artificial <\/h2>\n\n\n\n<p>Desde dicas para escolher seu doador a explica\u00e7\u00e3o dos procedimentos de insemina\u00e7\u00e3o, nosso eBook analisa as seguintes perguntas comuns sobre insemina\u00e7\u00e3o:<\/p>\n\n\n\n<ul class=\"wp-block-list\"><li>Curiosidades sobre infertilidade<\/li><li>Recursos de infertilidade<\/li><li>Por que a gen\u00e9tica \u00e9 importante<\/li><li>Produ\u00e7\u00e3o independente<\/li><li>Casais de mesmo sexo<\/li><li>Entendendo as op\u00e7\u00f5es de doa\u00e7\u00e3o de s\u00eamen<\/li><li>Trabalhando com um banco de s\u00eamen<\/li><li>Quem s\u00e3o os doadores de s\u00eamen?<\/li><li>Escolhendo seu doador<\/li><li>Seu match perfeito com um doador<\/li><li>Insemina\u00e7\u00e3o: op\u00e7\u00f5es de procedimento<\/li><li>Taxas de gravidez: o que esperar<\/li><\/ul>\n\n\n\n<h3 class=\"wp-block-heading\">Formul\u00e1rio para downloado do eBook<\/h3>\n\n\n\n<div class=\"wp-block-image\"><figure class=\"aligncenter\"><img loading=\"lazy\" decoding=\"async\" width=\"224\" height=\"300\" src=\"https:\/\/fairfaxcryobank.com\/wp-content\/uploads\/\/Family-Building-with-Donor-Insemination-eBook_Fairfax-Cryobank-224x300.jpg\" alt=\"sperm donor insemination\" class=\"wp-image-1510\" srcset=\"https:\/\/fairfaxcryobank.com\/wp-content\/uploads\/Family-Building-with-Donor-Insemination-eBook_Fairfax-Cryobank-224x300.jpg 224w, https:\/\/fairfaxcryobank.com\/wp-content\/uploads\/Family-Building-with-Donor-Insemination-eBook_Fairfax-Cryobank.jpg 642w\" sizes=\"auto, (max-width: 224px) 100vw, 224px\" \/><\/figure><\/div>\n\n\n\n<!--[if lte IE 8]>\n<script charset=\"utf-8\" type=\"text\/javascript\" src=\"\/\/js.hsforms.net\/forms\/v2-legacy.js\"><\/script>\n<![endif]-->\n<script charset=\"utf-8\" type=\"text\/javascript\" src=\"\/\/js.hsforms.net\/forms\/v2.js\"><\/script>\n<script>\n  hbspt.forms.create({\n\tportalId: \"245497\",\n\tformId: \"17b163eb-4bcd-4bfe-95da-0864b37f0ee7\"\n});\n<\/script>\n","protected":false},"excerpt":{"rendered":"<p>O Fairfax Cryobank compilou as melhores dicas da nossa equipe de especialistas. Preencha o formul\u00e1rio abaixo para fazer o download do nosso e-book mais popular, Introdu\u00e7\u00e3o \u00e0 constru\u00e7\u00e3o familiar com insemina\u00e7\u00e3o artificial (conte\u00fado do e-book em ingl\u00eas). Saiba mais sobre insemina\u00e7\u00e3o artificial Desde dicas para escolher seu doador a explica\u00e7\u00e3o &#8230;<\/p>\n","protected":false},"author":1,"featured_media":1512,"parent":0,"menu_order":0,"comment_status":"closed","ping_status":"closed","template":"","meta":{"footnotes":""},"class_list":["post-19883","page","type-page","status-publish","has-post-thumbnail","hentry"],"yoast_head":"<!-- This site is optimized with the Yoast SEO plugin v27.1.1 - https:\/\/yoast.com\/product\/yoast-seo-wordpress\/ -->\n<title>eBooks e Guias | Fairfax Cryobank - Find a Sperm Donor<\/title>\n<meta name=\"description\" content=\"O Fairfax Cryobank compilou as melhores dicas da nossa equipe de especialistas. Preencha o formul\u00e1rio abaixo para fazer o download do nosso e-book mais\" \/>\n<meta name=\"robots\" content=\"index, follow, max-snippet:-1, max-image-preview:large, max-video-preview:-1\" \/>\n<link rel=\"canonical\" href=\"https:\/\/fairfaxcryobank.com\/br\/ebooks-e-guias\" \/>\n<meta property=\"og:locale\" content=\"pt_BR\" \/>\n<meta property=\"og:type\" content=\"article\" \/>\n<meta property=\"og:title\" content=\"eBooks e Guias | Fairfax Cryobank - Find a Sperm Donor\" \/>\n<meta property=\"og:description\" content=\"O Fairfax Cryobank compilou as melhores dicas da nossa equipe de especialistas. Preencha o formul\u00e1rio abaixo para fazer o download do nosso e-book mais\" \/>\n<meta property=\"og:url\" content=\"https:\/\/fairfaxcryobank.com\/br\/ebooks-e-guias\" \/>\n<meta property=\"og:site_name\" content=\"Fairfax Cryobank - Find a Sperm Donor\" \/>\n<meta property=\"article:publisher\" content=\"https:\/\/www.facebook.com\/fairfax.cryobank\" \/>\n<meta property=\"article:modified_time\" content=\"2022-01-28T19:23:21+00:00\" \/>\n<meta property=\"og:image\" content=\"https:\/\/fairfaxcryobank.com\/wp-content\/uploads\/Family-Building-with-Donor-Insemination-eBook_Fairfax-Cryobank.jpg\" \/>\n\t<meta property=\"og:image:width\" content=\"642\" \/>\n\t<meta property=\"og:image:height\" content=\"861\" \/>\n\t<meta property=\"og:image:type\" content=\"image\/jpeg\" \/>\n<meta name=\"twitter:card\" content=\"summary_large_image\" \/>\n<meta name=\"twitter:site\" content=\"@FairfaxCryobank\" \/>\n<meta name=\"twitter:label1\" content=\"Est. tempo de leitura\" \/>\n\t<meta name=\"twitter:data1\" content=\"1 minuto\" \/>\n<script type=\"application\/ld+json\" class=\"yoast-schema-graph\">{\"@context\":\"https:\/\/schema.org\",\"@graph\":[{\"@type\":\"WebPage\",\"@id\":\"https:\/\/fairfaxcryobank.com\/br\/ebooks-e-guias\",\"url\":\"https:\/\/fairfaxcryobank.com\/br\/ebooks-e-guias\",\"name\":\"eBooks e Guias | Fairfax Cryobank - Find a Sperm Donor\",\"isPartOf\":{\"@id\":\"https:\/\/fairfaxcryobank.com\/br#website\"},\"primaryImageOfPage\":{\"@id\":\"https:\/\/fairfaxcryobank.com\/br\/ebooks-e-guias#primaryimage\"},\"image\":{\"@id\":\"https:\/\/fairfaxcryobank.com\/br\/ebooks-e-guias#primaryimage\"},\"thumbnailUrl\":\"https:\/\/fairfaxcryobank.com\/wp-content\/uploads\/Family-Building-with-Donor-Insemination-eBook_Fairfax-Cryobank.jpg\",\"datePublished\":\"2022-01-28T19:23:20+00:00\",\"dateModified\":\"2022-01-28T19:23:21+00:00\",\"description\":\"O Fairfax Cryobank compilou as melhores dicas da nossa equipe de especialistas. Preencha o formul\u00e1rio abaixo para fazer o download do nosso e-book mais\",\"breadcrumb\":{\"@id\":\"https:\/\/fairfaxcryobank.com\/br\/ebooks-e-guias#breadcrumb\"},\"inLanguage\":\"pt-BR\",\"potentialAction\":[{\"@type\":\"ReadAction\",\"target\":[\"https:\/\/fairfaxcryobank.com\/br\/ebooks-e-guias\"]}]},{\"@type\":\"ImageObject\",\"inLanguage\":\"pt-BR\",\"@id\":\"https:\/\/fairfaxcryobank.com\/br\/ebooks-e-guias#primaryimage\",\"url\":\"https:\/\/fairfaxcryobank.com\/wp-content\/uploads\/Family-Building-with-Donor-Insemination-eBook_Fairfax-Cryobank.jpg\",\"contentUrl\":\"https:\/\/fairfaxcryobank.com\/wp-content\/uploads\/Family-Building-with-Donor-Insemination-eBook_Fairfax-Cryobank.jpg\",\"width\":642,\"height\":861,\"caption\":\"Family Building with Donor Insemination eBook_Fairfax Cryobank\"},{\"@type\":\"BreadcrumbList\",\"@id\":\"https:\/\/fairfaxcryobank.com\/br\/ebooks-e-guias#breadcrumb\",\"itemListElement\":[{\"@type\":\"ListItem\",\"position\":1,\"name\":\"Home\",\"item\":\"https:\/\/fairfaxcryobank.com\/br\"},{\"@type\":\"ListItem\",\"position\":2,\"name\":\"eBooks e Guias\"}]},{\"@type\":\"WebSite\",\"@id\":\"https:\/\/fairfaxcryobank.com\/br#website\",\"url\":\"https:\/\/fairfaxcryobank.com\/br\",\"name\":\"Fairfax Cryobank - Find a Sperm Donor\",\"description\":\"Top-Tier Sperm Bank\",\"publisher\":{\"@id\":\"https:\/\/fairfaxcryobank.com\/br#organization\"},\"potentialAction\":[{\"@type\":\"SearchAction\",\"target\":{\"@type\":\"EntryPoint\",\"urlTemplate\":\"https:\/\/fairfaxcryobank.com\/br?s={search_term_string}\"},\"query-input\":{\"@type\":\"PropertyValueSpecification\",\"valueRequired\":true,\"valueName\":\"search_term_string\"}}],\"inLanguage\":\"pt-BR\"},{\"@type\":\"Organization\",\"@id\":\"https:\/\/fairfaxcryobank.com\/br#organization\",\"name\":\"Fairfax Cryobank\",\"url\":\"https:\/\/fairfaxcryobank.com\/br\",\"logo\":{\"@type\":\"ImageObject\",\"inLanguage\":\"pt-BR\",\"@id\":\"https:\/\/fairfaxcryobank.com\/br#\/schema\/logo\/image\/\",\"url\":\"https:\/\/fairfaxcryobank.com\/wp-content\/uploads\/logo.webp\",\"contentUrl\":\"https:\/\/fairfaxcryobank.com\/wp-content\/uploads\/logo.webp\",\"width\":1,\"height\":1,\"caption\":\"Fairfax Cryobank\"},\"image\":{\"@id\":\"https:\/\/fairfaxcryobank.com\/br#\/schema\/logo\/image\/\"},\"sameAs\":[\"https:\/\/www.facebook.com\/fairfax.cryobank\",\"https:\/\/x.com\/FairfaxCryobank\",\"https:\/\/www.instagram.com\/fairfaxcryobank\/\",\"https:\/\/www.pinterest.com\/fairfaxcryo\/\"]}]}<\/script>\n<!-- \/ Yoast SEO plugin. -->","yoast_head_json":{"title":"eBooks e Guias | Fairfax Cryobank - Find a Sperm Donor","description":"O Fairfax Cryobank compilou as melhores dicas da nossa equipe de especialistas. Preencha o formul\u00e1rio abaixo para fazer o download do nosso e-book mais","robots":{"index":"index","follow":"follow","max-snippet":"max-snippet:-1","max-image-preview":"max-image-preview:large","max-video-preview":"max-video-preview:-1"},"canonical":"https:\/\/fairfaxcryobank.com\/br\/ebooks-e-guias","og_locale":"pt_BR","og_type":"article","og_title":"eBooks e Guias | Fairfax Cryobank - Find a Sperm Donor","og_description":"O Fairfax Cryobank compilou as melhores dicas da nossa equipe de especialistas. Preencha o formul\u00e1rio abaixo para fazer o download do nosso e-book mais","og_url":"https:\/\/fairfaxcryobank.com\/br\/ebooks-e-guias","og_site_name":"Fairfax Cryobank - Find a Sperm Donor","article_publisher":"https:\/\/www.facebook.com\/fairfax.cryobank","article_modified_time":"2022-01-28T19:23:21+00:00","og_image":[{"width":642,"height":861,"url":"https:\/\/fairfaxcryobank.com\/wp-content\/uploads\/Family-Building-with-Donor-Insemination-eBook_Fairfax-Cryobank.jpg","type":"image\/jpeg"}],"twitter_card":"summary_large_image","twitter_site":"@FairfaxCryobank","twitter_misc":{"Est. tempo de leitura":"1 minuto"},"schema":{"@context":"https:\/\/schema.org","@graph":[{"@type":"WebPage","@id":"https:\/\/fairfaxcryobank.com\/br\/ebooks-e-guias","url":"https:\/\/fairfaxcryobank.com\/br\/ebooks-e-guias","name":"eBooks e Guias | Fairfax Cryobank - Find a Sperm Donor","isPartOf":{"@id":"https:\/\/fairfaxcryobank.com\/br#website"},"primaryImageOfPage":{"@id":"https:\/\/fairfaxcryobank.com\/br\/ebooks-e-guias#primaryimage"},"image":{"@id":"https:\/\/fairfaxcryobank.com\/br\/ebooks-e-guias#primaryimage"},"thumbnailUrl":"https:\/\/fairfaxcryobank.com\/wp-content\/uploads\/Family-Building-with-Donor-Insemination-eBook_Fairfax-Cryobank.jpg","datePublished":"2022-01-28T19:23:20+00:00","dateModified":"2022-01-28T19:23:21+00:00","description":"O Fairfax Cryobank compilou as melhores dicas da nossa equipe de especialistas. Preencha o formul\u00e1rio abaixo para fazer o download do nosso e-book mais","breadcrumb":{"@id":"https:\/\/fairfaxcryobank.com\/br\/ebooks-e-guias#breadcrumb"},"inLanguage":"pt-BR","potentialAction":[{"@type":"ReadAction","target":["https:\/\/fairfaxcryobank.com\/br\/ebooks-e-guias"]}]},{"@type":"ImageObject","inLanguage":"pt-BR","@id":"https:\/\/fairfaxcryobank.com\/br\/ebooks-e-guias#primaryimage","url":"https:\/\/fairfaxcryobank.com\/wp-content\/uploads\/Family-Building-with-Donor-Insemination-eBook_Fairfax-Cryobank.jpg","contentUrl":"https:\/\/fairfaxcryobank.com\/wp-content\/uploads\/Family-Building-with-Donor-Insemination-eBook_Fairfax-Cryobank.jpg","width":642,"height":861,"caption":"Family Building with Donor Insemination eBook_Fairfax Cryobank"},{"@type":"BreadcrumbList","@id":"https:\/\/fairfaxcryobank.com\/br\/ebooks-e-guias#breadcrumb","itemListElement":[{"@type":"ListItem","position":1,"name":"Home","item":"https:\/\/fairfaxcryobank.com\/br"},{"@type":"ListItem","position":2,"name":"eBooks e Guias"}]},{"@type":"WebSite","@id":"https:\/\/fairfaxcryobank.com\/br#website","url":"https:\/\/fairfaxcryobank.com\/br","name":"Fairfax Cryobank - Find a Sperm Donor","description":"Top-Tier Sperm Bank","publisher":{"@id":"https:\/\/fairfaxcryobank.com\/br#organization"},"potentialAction":[{"@type":"SearchAction","target":{"@type":"EntryPoint","urlTemplate":"https:\/\/fairfaxcryobank.com\/br?s={search_term_string}"},"query-input":{"@type":"PropertyValueSpecification","valueRequired":true,"valueName":"search_term_string"}}],"inLanguage":"pt-BR"},{"@type":"Organization","@id":"https:\/\/fairfaxcryobank.com\/br#organization","name":"Fairfax Cryobank","url":"https:\/\/fairfaxcryobank.com\/br","logo":{"@type":"ImageObject","inLanguage":"pt-BR","@id":"https:\/\/fairfaxcryobank.com\/br#\/schema\/logo\/image\/","url":"https:\/\/fairfaxcryobank.com\/wp-content\/uploads\/logo.webp","contentUrl":"https:\/\/fairfaxcryobank.com\/wp-content\/uploads\/logo.webp","width":1,"height":1,"caption":"Fairfax Cryobank"},"image":{"@id":"https:\/\/fairfaxcryobank.com\/br#\/schema\/logo\/image\/"},"sameAs":["https:\/\/www.facebook.com\/fairfax.cryobank","https:\/\/x.com\/FairfaxCryobank","https:\/\/www.instagram.com\/fairfaxcryobank\/","https:\/\/www.pinterest.com\/fairfaxcryo\/"]}]}},"post_mailing_queue_ids":[],"_links":{"self":[{"href":"https:\/\/fairfaxcryobank.com\/br\/wp-json\/wp\/v2\/pages\/19883","targetHints":{"allow":["GET"]}}],"collection":[{"href":"https:\/\/fairfaxcryobank.com\/br\/wp-json\/wp\/v2\/pages"}],"about":[{"href":"https:\/\/fairfaxcryobank.com\/br\/wp-json\/wp\/v2\/types\/page"}],"author":[{"embeddable":true,"href":"https:\/\/fairfaxcryobank.com\/br\/wp-json\/wp\/v2\/users\/1"}],"replies":[{"embeddable":true,"href":"https:\/\/fairfaxcryobank.com\/br\/wp-json\/wp\/v2\/comments?post=19883"}],"version-history":[{"count":2,"href":"https:\/\/fairfaxcryobank.com\/br\/wp-json\/wp\/v2\/pages\/19883\/revisions"}],"predecessor-version":[{"id":20136,"href":"https:\/\/fairfaxcryobank.com\/br\/wp-json\/wp\/v2\/pages\/19883\/revisions\/20136"}],"wp:featuredmedia":[{"embeddable":true,"href":"https:\/\/fairfaxcryobank.com\/br\/wp-json\/wp\/v2\/media\/1512"}],"wp:attachment":[{"href":"https:\/\/fairfaxcryobank.com\/br\/wp-json\/wp\/v2\/media?parent=19883"}],"curies":[{"name":"wp","href":"https:\/\/api.w.org\/{rel}","templated":true}]}}