{"id":1994,"date":"2019-09-03T14:21:36","date_gmt":"2019-09-03T14:21:36","guid":{"rendered":"https:\/\/fairfaxcryobank.com\/?page_id=1994"},"modified":"2019-10-11T17:17:22","modified_gmt":"2019-10-11T17:17:22","slug":"avalicao-continua-dos-doadores","status":"publish","type":"page","link":"https:\/\/fairfaxcryobank.com\/br\/avalicao-continua-dos-doadores","title":{"rendered":"Avalicao Continua dos doadores"},"content":{"rendered":"\n<p>O Fairfax Cryobank tem o compromisso de fornecer esperma de doadores que produzem beb\u00eas saud\u00e1veis, como os milhares nascidos ao longo dos 30 anos de nossa opera\u00e7\u00e3o. No entanto, na popula\u00e7\u00e3o em geral, cada gravidez tem em m\u00e9dia 3 a 4 % de risco de nascidos com malforma\u00e7\u00e3o ou defici\u00eancia mental. Nosso intensivo processo de avalia\u00e7\u00e3o e testes reduz estes riscos, mas n\u00e3o pode elimin\u00e1-los totalmente.<\/p>\n\n\n\n<p>N\u00f3s sempre pedimos aos m\u00e9dicos e clientes que nos notifiquem quando eles souberem que uma crian\u00e7a nascida do esperma de um doador tiver algum problema m\u00e9dico. Nos raros casos em que recebemos tais notifica\u00e7\u00f5es, n\u00f3s imediatamente retiramos o material desse doador da venda e investigamos seu relat\u00f3rio. N\u00f3s cuidadosamente recolhemos toda informa\u00e7\u00e3o que conseguimos de qualquer relato de problema e pedimos um diagn\u00f3stico m\u00e9dico e um hist\u00f3rico familiar da m\u00e3e. Infelizmente, em muitos casos, n\u00f3s n\u00e3o recebemos um diagn\u00f3stico m\u00e9dico completo que seja suficiente para que possamos investigar apropriadamente os casos.<\/p>\n\n\n\n<p><br>O diretor m\u00e9dico do Fairfax Cryobank \u00e9 um m\u00e9dico graduado em pediatria e gen\u00e9tica cl\u00ednica. Ele, cuidadosamente, avalia todos os relat\u00f3rios- relatos cl\u00ednicos adversos (ou com altera\u00e7\u00f5es). Caso testes adicionais, no doador, possam ser feitos (nem todos os problemas m\u00e9dicos tem um simples exame de sangue ou teste na amostra) e que possa identificar e\/ou ajudar a esclarecer a situa\u00e7\u00e3o do doador, o diretor pedir\u00e1 para que seja feito. Se nosso diretor m\u00e9dico determinar que o uso do material desse doador pode aumentar o risco de problemas m\u00e9dicos e ou defeito de nascimento superior ao risco da m\u00e9dia geral da popula\u00e7\u00e3o, n\u00f3s iremos restringir este doador, o que significa que o esperma desse doador n\u00e3o permanecer\u00e1 dispon\u00edvel para o p\u00fablico em geral.<\/p>\n\n\n\n<p>Em certas circunst\u00e2ncias, contudo, permitiremos que esse doador permane\u00e7a dispon\u00edvel somente para clientes que j\u00e1 tenham uma crian\u00e7a gerada do mesmo s\u00eamen deste doador, assim permitindo-os optar por tentar irm\u00e3os biol\u00f3gicos para suas crian\u00e7as. Aqueles indiv\u00edduos que desejam ter irm\u00e3os biol\u00f3gicos para suas crian\u00e7as devem assinar um documento de consentimento que descreva as condi\u00e7\u00f5es cl\u00ednicas e os riscos associados a elas antes que eles fa\u00e7am a compra ou enviem qualquer unidade desse doador para futura insemina\u00e7\u00e3o. Aconselhamento gen\u00e9tico \u00e9 recomendado \u00e0queles que desejem usar o material de doadores restritos, desta forma, podem ter qualquer de suas d\u00favidas solucionadas antes que tomem a decis\u00e3o de assinar o documento de consentimento. Tanto os clientes, como seus m\u00e9dicos poder\u00e3o ent\u00e3o avaliar se \u00e9 ou n\u00e3o apropriado fazer uso do material desse doador.<\/p>\n\n\n\n<p>O Fairfax Cryobank \u00e9 reconhecido por ser l\u00edder em qualidade e na efici\u00eancia em avaliar e testar seus doadores. N\u00f3s fazemos tudo o que est\u00e1 ao nosso alcance para fornecer informa\u00e7\u00e3o \u00e0s futuras m\u00e3es e casais e as crian\u00e7as concebidas atrav\u00e9s da doa\u00e7\u00e3o de esperma e garantir que tanto as m\u00e3es e casais quanto seus m\u00e9dicos tomem as melhores decis\u00f5es no que se refere \u00e0 sele\u00e7\u00e3o de esperma de doadores e a sa\u00fade de seus futuros beb\u00eas.<\/p>\n","protected":false},"excerpt":{"rendered":"<p>O Fairfax Cryobank tem o compromisso de fornecer esperma de doadores que produzem beb\u00eas saud\u00e1veis, como os milhares nascidos ao longo dos 30 anos de nossa opera\u00e7\u00e3o. No entanto, na popula\u00e7\u00e3o em geral, cada gravidez tem em m\u00e9dia 3 a 4 % de risco de nascidos com malforma\u00e7\u00e3o ou defici\u00eancia &#8230;<\/p>\n","protected":false},"author":1,"featured_media":0,"parent":0,"menu_order":0,"comment_status":"closed","ping_status":"closed","template":"","meta":{"footnotes":""},"class_list":["post-1994","page","type-page","status-publish","hentry"],"yoast_head":"<!-- This site is optimized with the Yoast SEO plugin v27.1.1 - https:\/\/yoast.com\/product\/yoast-seo-wordpress\/ -->\n<title>Avalicao Continua dos doadores | Fairfax Cryobank<\/title>\n<meta name=\"description\" content=\"During the sperm donor selection process, Fairfax Cryobank&#039;s Genetic Counselor provides genetic screening to confirm suitability.\" \/>\n<meta name=\"robots\" content=\"index, follow, max-snippet:-1, max-image-preview:large, max-video-preview:-1\" \/>\n<link rel=\"canonical\" href=\"https:\/\/fairfaxcryobank.com\/br\/avalicao-continua-dos-doadores\" \/>\n<meta property=\"og:locale\" content=\"pt_BR\" \/>\n<meta property=\"og:type\" content=\"article\" \/>\n<meta property=\"og:title\" content=\"Avalicao Continua dos doadores | Fairfax Cryobank\" \/>\n<meta property=\"og:description\" content=\"During the sperm donor selection process, Fairfax Cryobank&#039;s Genetic Counselor provides genetic screening to confirm suitability.\" \/>\n<meta property=\"og:url\" content=\"https:\/\/fairfaxcryobank.com\/br\/avalicao-continua-dos-doadores\" \/>\n<meta property=\"og:site_name\" content=\"Fairfax Cryobank - Find a Sperm Donor\" \/>\n<meta property=\"article:publisher\" content=\"https:\/\/www.facebook.com\/fairfax.cryobank\" \/>\n<meta property=\"article:modified_time\" content=\"2019-10-11T17:17:22+00:00\" \/>\n<meta name=\"twitter:card\" content=\"summary_large_image\" \/>\n<meta name=\"twitter:site\" content=\"@FairfaxCryobank\" \/>\n<meta name=\"twitter:label1\" content=\"Est. tempo de leitura\" \/>\n\t<meta name=\"twitter:data1\" content=\"3 minutos\" \/>\n<script type=\"application\/ld+json\" class=\"yoast-schema-graph\">{\"@context\":\"https:\/\/schema.org\",\"@graph\":[{\"@type\":\"WebPage\",\"@id\":\"https:\/\/fairfaxcryobank.com\/br\/avalicao-continua-dos-doadores\",\"url\":\"https:\/\/fairfaxcryobank.com\/br\/avalicao-continua-dos-doadores\",\"name\":\"Avalicao Continua dos doadores | Fairfax Cryobank\",\"isPartOf\":{\"@id\":\"https:\/\/fairfaxcryobank.com\/br#website\"},\"datePublished\":\"2019-09-03T14:21:36+00:00\",\"dateModified\":\"2019-10-11T17:17:22+00:00\",\"description\":\"During the sperm donor selection process, Fairfax Cryobank's Genetic Counselor provides genetic screening to confirm suitability.\",\"breadcrumb\":{\"@id\":\"https:\/\/fairfaxcryobank.com\/br\/avalicao-continua-dos-doadores#breadcrumb\"},\"inLanguage\":\"pt-BR\",\"potentialAction\":[{\"@type\":\"ReadAction\",\"target\":[\"https:\/\/fairfaxcryobank.com\/br\/avalicao-continua-dos-doadores\"]}]},{\"@type\":\"BreadcrumbList\",\"@id\":\"https:\/\/fairfaxcryobank.com\/br\/avalicao-continua-dos-doadores#breadcrumb\",\"itemListElement\":[{\"@type\":\"ListItem\",\"position\":1,\"name\":\"Home\",\"item\":\"https:\/\/fairfaxcryobank.com\/br\"},{\"@type\":\"ListItem\",\"position\":2,\"name\":\"Avalicao Continua dos doadores\"}]},{\"@type\":\"WebSite\",\"@id\":\"https:\/\/fairfaxcryobank.com\/br#website\",\"url\":\"https:\/\/fairfaxcryobank.com\/br\",\"name\":\"Fairfax Cryobank - Find a Sperm Donor\",\"description\":\"Top-Tier Sperm Bank\",\"publisher\":{\"@id\":\"https:\/\/fairfaxcryobank.com\/br#organization\"},\"potentialAction\":[{\"@type\":\"SearchAction\",\"target\":{\"@type\":\"EntryPoint\",\"urlTemplate\":\"https:\/\/fairfaxcryobank.com\/br?s={search_term_string}\"},\"query-input\":{\"@type\":\"PropertyValueSpecification\",\"valueRequired\":true,\"valueName\":\"search_term_string\"}}],\"inLanguage\":\"pt-BR\"},{\"@type\":\"Organization\",\"@id\":\"https:\/\/fairfaxcryobank.com\/br#organization\",\"name\":\"Fairfax Cryobank\",\"url\":\"https:\/\/fairfaxcryobank.com\/br\",\"logo\":{\"@type\":\"ImageObject\",\"inLanguage\":\"pt-BR\",\"@id\":\"https:\/\/fairfaxcryobank.com\/br#\/schema\/logo\/image\/\",\"url\":\"https:\/\/fairfaxcryobank.com\/wp-content\/uploads\/logo.webp\",\"contentUrl\":\"https:\/\/fairfaxcryobank.com\/wp-content\/uploads\/logo.webp\",\"width\":1,\"height\":1,\"caption\":\"Fairfax Cryobank\"},\"image\":{\"@id\":\"https:\/\/fairfaxcryobank.com\/br#\/schema\/logo\/image\/\"},\"sameAs\":[\"https:\/\/www.facebook.com\/fairfax.cryobank\",\"https:\/\/x.com\/FairfaxCryobank\",\"https:\/\/www.instagram.com\/fairfaxcryobank\/\",\"https:\/\/www.pinterest.com\/fairfaxcryo\/\"]}]}<\/script>\n<!-- \/ Yoast SEO plugin. -->","yoast_head_json":{"title":"Avalicao Continua dos doadores | Fairfax Cryobank","description":"During the sperm donor selection process, Fairfax Cryobank's Genetic Counselor provides genetic screening to confirm suitability.","robots":{"index":"index","follow":"follow","max-snippet":"max-snippet:-1","max-image-preview":"max-image-preview:large","max-video-preview":"max-video-preview:-1"},"canonical":"https:\/\/fairfaxcryobank.com\/br\/avalicao-continua-dos-doadores","og_locale":"pt_BR","og_type":"article","og_title":"Avalicao Continua dos doadores | Fairfax Cryobank","og_description":"During the sperm donor selection process, Fairfax Cryobank's Genetic Counselor provides genetic screening to confirm suitability.","og_url":"https:\/\/fairfaxcryobank.com\/br\/avalicao-continua-dos-doadores","og_site_name":"Fairfax Cryobank - Find a Sperm Donor","article_publisher":"https:\/\/www.facebook.com\/fairfax.cryobank","article_modified_time":"2019-10-11T17:17:22+00:00","twitter_card":"summary_large_image","twitter_site":"@FairfaxCryobank","twitter_misc":{"Est. tempo de leitura":"3 minutos"},"schema":{"@context":"https:\/\/schema.org","@graph":[{"@type":"WebPage","@id":"https:\/\/fairfaxcryobank.com\/br\/avalicao-continua-dos-doadores","url":"https:\/\/fairfaxcryobank.com\/br\/avalicao-continua-dos-doadores","name":"Avalicao Continua dos doadores | Fairfax Cryobank","isPartOf":{"@id":"https:\/\/fairfaxcryobank.com\/br#website"},"datePublished":"2019-09-03T14:21:36+00:00","dateModified":"2019-10-11T17:17:22+00:00","description":"During the sperm donor selection process, Fairfax Cryobank's Genetic Counselor provides genetic screening to confirm suitability.","breadcrumb":{"@id":"https:\/\/fairfaxcryobank.com\/br\/avalicao-continua-dos-doadores#breadcrumb"},"inLanguage":"pt-BR","potentialAction":[{"@type":"ReadAction","target":["https:\/\/fairfaxcryobank.com\/br\/avalicao-continua-dos-doadores"]}]},{"@type":"BreadcrumbList","@id":"https:\/\/fairfaxcryobank.com\/br\/avalicao-continua-dos-doadores#breadcrumb","itemListElement":[{"@type":"ListItem","position":1,"name":"Home","item":"https:\/\/fairfaxcryobank.com\/br"},{"@type":"ListItem","position":2,"name":"Avalicao Continua dos doadores"}]},{"@type":"WebSite","@id":"https:\/\/fairfaxcryobank.com\/br#website","url":"https:\/\/fairfaxcryobank.com\/br","name":"Fairfax Cryobank - Find a Sperm Donor","description":"Top-Tier Sperm Bank","publisher":{"@id":"https:\/\/fairfaxcryobank.com\/br#organization"},"potentialAction":[{"@type":"SearchAction","target":{"@type":"EntryPoint","urlTemplate":"https:\/\/fairfaxcryobank.com\/br?s={search_term_string}"},"query-input":{"@type":"PropertyValueSpecification","valueRequired":true,"valueName":"search_term_string"}}],"inLanguage":"pt-BR"},{"@type":"Organization","@id":"https:\/\/fairfaxcryobank.com\/br#organization","name":"Fairfax Cryobank","url":"https:\/\/fairfaxcryobank.com\/br","logo":{"@type":"ImageObject","inLanguage":"pt-BR","@id":"https:\/\/fairfaxcryobank.com\/br#\/schema\/logo\/image\/","url":"https:\/\/fairfaxcryobank.com\/wp-content\/uploads\/logo.webp","contentUrl":"https:\/\/fairfaxcryobank.com\/wp-content\/uploads\/logo.webp","width":1,"height":1,"caption":"Fairfax Cryobank"},"image":{"@id":"https:\/\/fairfaxcryobank.com\/br#\/schema\/logo\/image\/"},"sameAs":["https:\/\/www.facebook.com\/fairfax.cryobank","https:\/\/x.com\/FairfaxCryobank","https:\/\/www.instagram.com\/fairfaxcryobank\/","https:\/\/www.pinterest.com\/fairfaxcryo\/"]}]}},"post_mailing_queue_ids":[],"_links":{"self":[{"href":"https:\/\/fairfaxcryobank.com\/br\/wp-json\/wp\/v2\/pages\/1994","targetHints":{"allow":["GET"]}}],"collection":[{"href":"https:\/\/fairfaxcryobank.com\/br\/wp-json\/wp\/v2\/pages"}],"about":[{"href":"https:\/\/fairfaxcryobank.com\/br\/wp-json\/wp\/v2\/types\/page"}],"author":[{"embeddable":true,"href":"https:\/\/fairfaxcryobank.com\/br\/wp-json\/wp\/v2\/users\/1"}],"replies":[{"embeddable":true,"href":"https:\/\/fairfaxcryobank.com\/br\/wp-json\/wp\/v2\/comments?post=1994"}],"version-history":[{"count":0,"href":"https:\/\/fairfaxcryobank.com\/br\/wp-json\/wp\/v2\/pages\/1994\/revisions"}],"wp:attachment":[{"href":"https:\/\/fairfaxcryobank.com\/br\/wp-json\/wp\/v2\/media?parent=1994"}],"curies":[{"name":"wp","href":"https:\/\/api.w.org\/{rel}","templated":true}]}}