{"id":2001,"date":"2019-09-03T14:35:08","date_gmt":"2019-09-03T14:35:08","guid":{"rendered":"https:\/\/fairfaxcryobank.com\/?page_id=2001"},"modified":"2020-06-30T12:20:48","modified_gmt":"2020-06-30T16:20:48","slug":"teste-genetico-expandido","status":"publish","type":"page","link":"https:\/\/fairfaxcryobank.com\/br\/teste-genetico-expandido","title":{"rendered":"Teste gen\u00e9tico expandido"},"content":{"rendered":"\n<h2 class=\"wp-block-heading\"><strong>Teste expandido para\ndoen\u00e7as gen\u00e9ticas<\/strong><\/h2>\n\n\n\n<p>Veja as <a href=\"\/genetic-testing-faqs\">Perguntas Frequentes<\/a> sobre Testes\nGen\u00e9ticos<\/p>\n\n\n\n<p>O teste de portadores gen\u00e9ticos evoluiu rapidamente e agora\nrotineiramente oferece informa\u00e7\u00f5es sobre centenas de doen\u00e7as. Como o \u00fanico\nbanco de s\u00eamen com um <a href=\"\/staff\">Diretor\nM\u00e9dico<\/a> que \u00e9 um Doutor em medicina, Geneticista PhD, o Fairfax\nCryobank entende o valor deste teste expandido para doen\u00e7as gen\u00e9ticas.<\/p>\n\n\n\n<p>A partir de janeiro de 2018, todos os novos doadores s\u00e3o\ntestados para um painel expandido de doen\u00e7as gen\u00e9ticas, incluindo mais de 280\ndoen\u00e7as. O Resumo de Testes Gen\u00e9ticos de um doador est\u00e1 dispon\u00edvel online na\np\u00e1gina do respectivo doador. Ele lista todas as doen\u00e7as gen\u00e9ticas ao qual ele\nfoi testado e os seus resultados. Para encontrar os doadores com testes de\ndoen\u00e7as gen\u00e9ticas expandidos, voc\u00ea pode selecion\u00e1-los na Busca de doador indo\nat\u00e9 a guia &#8216;Busca avan\u00e7ada&#8217;.<\/p>\n\n\n\n<p>Muitas mulheres j\u00e1 tiveram um painel expandido de doen\u00e7as\ngen\u00e9ticas testadas como parte de seu trabalho anterior \u00e0 gravidez. Mais de 70%\ndescobriram que s\u00e3o portadoras de uma ou mais doen\u00e7as gen\u00e9ticas. Para pacientes\nque s\u00e3o portadores de uma doen\u00e7a gen\u00e9tica, este teste adicional em nossos\ndoadores significa que provavelmente existe uma combina\u00e7\u00e3o adequada que eles\npossam selecionar imediatamente.<\/p>\n\n\n\n<p>Na verdade, somos todos portadores de v\u00e1rias variantes\ngen\u00e9ticas, apenas algumas das quais podem ser testadas com a tecnologia atual.\nComo portadores, espera-se que permane\u00e7amos saud\u00e1veis. Antes de ter filhos, se\numa pessoa \u00e9 portadora conhecida de uma doen\u00e7a gen\u00e9tica recessiva, o ideal \u00e9\nsaber se o parceiro carrega o mesmo gene da doen\u00e7a. Duas pessoas que s\u00e3o\nportadoras das mesmas doen\u00e7as gen\u00e9ticas recessivas t\u00eam 25% de chance de uma\ncrian\u00e7a afetada. (veja a imagem abaixo). Se ambos os pais forem testados\nnegativos para o mesmo gene, ou se apenas um for portador ap\u00f3s o teste, eles\nser\u00e3o considerados de baixo risco.<\/p>\n\n\n\n<div class=\"wp-block-image\"><figure class=\"aligncenter size-large is-resized\"><img loading=\"lazy\" decoding=\"async\" src=\"https:\/\/fairfaxcryobank.com\/wp-content\/uploads\/\/automal-recessive-945x1024.png\" alt=\"autosomal recessive\" class=\"wp-image-10304\" width=\"749\" height=\"812\" srcset=\"https:\/\/fairfaxcryobank.com\/wp-content\/uploads\/automal-recessive-945x1024.png 945w, https:\/\/fairfaxcryobank.com\/wp-content\/uploads\/automal-recessive-277x300.png 277w, https:\/\/fairfaxcryobank.com\/wp-content\/uploads\/automal-recessive-768x833.png 768w, https:\/\/fairfaxcryobank.com\/wp-content\/uploads\/automal-recessive-1417x1536.png 1417w, https:\/\/fairfaxcryobank.com\/wp-content\/uploads\/automal-recessive.png 1795w\" sizes=\"auto, (max-width: 749px) 100vw, 749px\" \/><\/figure><\/div>\n\n\n\n<p><strong>Como eu sei se um doador \u00e9 portador de uma doen\u00e7a\ngen\u00e9tica?<\/strong><\/p>\n\n\n\n<p>A p\u00e1gina do doador ter\u00e1 um <em>Formul\u00e1rio de Reconhecimento\nde Risco Gen\u00e9tico<\/em> que fornece detalhes espec\u00edficos sobre os resultados dos\nexames. Os doadores com testes gen\u00e9ticos expandidos que n\u00e3o t\u00eam o <em>Formul\u00e1rio\nde Reconhecimento de Risco Gen\u00e9tico<\/em> n\u00e3o foram positivos para nenhuma das\ndoen\u00e7as gen\u00e9ticas testadas. Seu Teste Gen\u00e9tico, um download em PDF na p\u00e1gina do\ndoador, tamb\u00e9m fornece detalhes completos de seus resultados de testes\ngen\u00e9ticos.<\/p>\n\n\n\n<p><strong>Gostei de um doador que \u00e9 portador de uma doen\u00e7a\ngen\u00e9tica. Como isso me afeta?<\/strong><\/p>\n\n\n\n<p>Um doador que \u00e9 portador de uma doen\u00e7a gen\u00e9tica pode ser\nusado com sucesso para ter uma crian\u00e7a saud\u00e1vel. Se voc\u00ea foi testado e seus\nresultados mostram que voc\u00ea est\u00e1 em risco reduzido (negativo) para a mesma\ndoen\u00e7a que o doador \u00e9 portador, ent\u00e3o voc\u00ea pode considerar a escolha deste\ndoador. Se voc\u00ea ainda n\u00e3o realizou o teste, recomendamos que o fa\u00e7a antes de\nusar este doador. Seu m\u00e9dico ou conselheiro gen\u00e9tico s\u00e3o bons recursos para\najudar a concluir qualquer teste recomendado e responder \u00e0s suas perguntas.<\/p>\n\n\n\n<p><strong>O que eu preciso fazer se eu quiser usar um doador\nque \u00e9 portador?<\/strong><\/p>\n\n\n\n<p>1. Revise o formul\u00e1rio de Reconhecimento de Risco Gen\u00e9tico\npara o doador que voc\u00ea deseja usar. O formul\u00e1rio de Reconhecimento de Risco\nGen\u00e9tico est\u00e1 dispon\u00edvel como um PDF para download na p\u00e1gina do doador. Tamb\u00e9m\nest\u00e1 dispon\u00edvel como um <em>DocuSign<\/em>, que permite uma assinatura digital.<\/p>\n\n\n\n<p>2. Se indicado, considere o teste de portador gen\u00e9tico,\nonde um resultado negativo para o mesmo gene da doen\u00e7a reduz o risco.<\/p>\n\n\n\n<p>3. Quando estiver pronto para seguir em frente, assine e\ndevolva o formul\u00e1rio de Reconhecimento de Risco Gen\u00e9tico sobre o doador\nselecionado. Isso deve ser conclu\u00eddo antes de enviarmos as amostras de s\u00eamen para\nsua cl\u00ednica.<\/p>\n\n\n\n<p>4. A sua cl\u00ednica receber\u00e1 uma c\u00f3pia do seu Formul\u00e1rio de\nConfirma\u00e7\u00e3o de Risco Gen\u00e9tico assinado e uma c\u00f3pia do Resumo de Testes\nGen\u00e9ticos do doador com a sua remessa da amostra.<\/p>\n\n\n\n<p>Por favor, ligue para o Atendimento ao Cliente no telefone (11)\n5084-2588 para assist\u00eancia.<\/p>\n\n\n\n<p>Para obter mais informa\u00e7\u00f5es, consulte <a href=\"\/it-is-time-to-consider-expanded-genetic-carrier-testing-for-all-gamete-donors\">\u00c9 hora de considerar o teste expandido\nde doen\u00e7as gen\u00e9ticas para todos os doadores de gametas<\/a><\/p>\n","protected":false},"excerpt":{"rendered":"<p>Teste expandido para doen\u00e7as gen\u00e9ticas Veja as Perguntas Frequentes sobre Testes Gen\u00e9ticos O teste de portadores gen\u00e9ticos evoluiu rapidamente e agora rotineiramente oferece informa\u00e7\u00f5es sobre centenas de doen\u00e7as. Como o \u00fanico banco de s\u00eamen com um Diretor M\u00e9dico que \u00e9 um Doutor em medicina, Geneticista PhD, o Fairfax Cryobank entende &#8230;<\/p>\n","protected":false},"author":1,"featured_media":10304,"parent":0,"menu_order":0,"comment_status":"closed","ping_status":"closed","template":"","meta":{"footnotes":""},"class_list":["post-2001","page","type-page","status-publish","has-post-thumbnail","hentry"],"yoast_head":"<!-- This site is optimized with the Yoast SEO plugin v27.1.1 - https:\/\/yoast.com\/product\/yoast-seo-wordpress\/ -->\n<title>Teste gen\u00e9tico expandido | Fairfax Cryobank<\/title>\n<meta name=\"description\" content=\"Teste expandido para doen\u00e7as gen\u00e9ticas - Fairfax Cryobank\" \/>\n<meta name=\"robots\" content=\"index, follow, max-snippet:-1, max-image-preview:large, max-video-preview:-1\" \/>\n<link rel=\"canonical\" href=\"https:\/\/fairfaxcryobank.com\/br\/teste-genetico-expandido\" \/>\n<meta property=\"og:locale\" content=\"pt_BR\" \/>\n<meta property=\"og:type\" content=\"article\" \/>\n<meta property=\"og:title\" content=\"Teste gen\u00e9tico expandido | Fairfax Cryobank\" \/>\n<meta property=\"og:description\" content=\"Teste expandido para doen\u00e7as gen\u00e9ticas - Fairfax Cryobank\" \/>\n<meta property=\"og:url\" content=\"https:\/\/fairfaxcryobank.com\/br\/teste-genetico-expandido\" \/>\n<meta property=\"og:site_name\" content=\"Fairfax Cryobank - Find a Sperm Donor\" \/>\n<meta property=\"article:publisher\" content=\"https:\/\/www.facebook.com\/fairfax.cryobank\" \/>\n<meta property=\"article:modified_time\" content=\"2020-06-30T16:20:48+00:00\" \/>\n<meta property=\"og:image\" content=\"https:\/\/fairfaxcryobank.com\/wp-content\/uploads\/automal-recessive.png\" \/>\n\t<meta property=\"og:image:width\" content=\"1795\" \/>\n\t<meta property=\"og:image:height\" content=\"1946\" \/>\n\t<meta property=\"og:image:type\" content=\"image\/png\" \/>\n<meta name=\"twitter:card\" content=\"summary_large_image\" \/>\n<meta name=\"twitter:site\" content=\"@FairfaxCryobank\" \/>\n<meta name=\"twitter:label1\" content=\"Est. tempo de leitura\" \/>\n\t<meta name=\"twitter:data1\" content=\"4 minutos\" \/>\n<script type=\"application\/ld+json\" class=\"yoast-schema-graph\">{\"@context\":\"https:\/\/schema.org\",\"@graph\":[{\"@type\":\"WebPage\",\"@id\":\"https:\/\/fairfaxcryobank.com\/br\/teste-genetico-expandido\",\"url\":\"https:\/\/fairfaxcryobank.com\/br\/teste-genetico-expandido\",\"name\":\"Teste gen\u00e9tico expandido | Fairfax Cryobank\",\"isPartOf\":{\"@id\":\"https:\/\/fairfaxcryobank.com\/br#website\"},\"primaryImageOfPage\":{\"@id\":\"https:\/\/fairfaxcryobank.com\/br\/teste-genetico-expandido#primaryimage\"},\"image\":{\"@id\":\"https:\/\/fairfaxcryobank.com\/br\/teste-genetico-expandido#primaryimage\"},\"thumbnailUrl\":\"https:\/\/fairfaxcryobank.com\/wp-content\/uploads\/automal-recessive.png\",\"datePublished\":\"2019-09-03T14:35:08+00:00\",\"dateModified\":\"2020-06-30T16:20:48+00:00\",\"description\":\"Teste expandido para doen\u00e7as gen\u00e9ticas - Fairfax Cryobank\",\"breadcrumb\":{\"@id\":\"https:\/\/fairfaxcryobank.com\/br\/teste-genetico-expandido#breadcrumb\"},\"inLanguage\":\"pt-BR\",\"potentialAction\":[{\"@type\":\"ReadAction\",\"target\":[\"https:\/\/fairfaxcryobank.com\/br\/teste-genetico-expandido\"]}]},{\"@type\":\"ImageObject\",\"inLanguage\":\"pt-BR\",\"@id\":\"https:\/\/fairfaxcryobank.com\/br\/teste-genetico-expandido#primaryimage\",\"url\":\"https:\/\/fairfaxcryobank.com\/wp-content\/uploads\/automal-recessive.png\",\"contentUrl\":\"https:\/\/fairfaxcryobank.com\/wp-content\/uploads\/automal-recessive.png\",\"width\":1795,\"height\":1946,\"caption\":\"autosomal recessive chart fairfax cryobank\"},{\"@type\":\"BreadcrumbList\",\"@id\":\"https:\/\/fairfaxcryobank.com\/br\/teste-genetico-expandido#breadcrumb\",\"itemListElement\":[{\"@type\":\"ListItem\",\"position\":1,\"name\":\"Home\",\"item\":\"https:\/\/fairfaxcryobank.com\/br\"},{\"@type\":\"ListItem\",\"position\":2,\"name\":\"Teste gen\u00e9tico expandido\"}]},{\"@type\":\"WebSite\",\"@id\":\"https:\/\/fairfaxcryobank.com\/br#website\",\"url\":\"https:\/\/fairfaxcryobank.com\/br\",\"name\":\"Fairfax Cryobank - Find a Sperm Donor\",\"description\":\"Top-Tier Sperm Bank\",\"publisher\":{\"@id\":\"https:\/\/fairfaxcryobank.com\/br#organization\"},\"potentialAction\":[{\"@type\":\"SearchAction\",\"target\":{\"@type\":\"EntryPoint\",\"urlTemplate\":\"https:\/\/fairfaxcryobank.com\/br?s={search_term_string}\"},\"query-input\":{\"@type\":\"PropertyValueSpecification\",\"valueRequired\":true,\"valueName\":\"search_term_string\"}}],\"inLanguage\":\"pt-BR\"},{\"@type\":\"Organization\",\"@id\":\"https:\/\/fairfaxcryobank.com\/br#organization\",\"name\":\"Fairfax Cryobank\",\"url\":\"https:\/\/fairfaxcryobank.com\/br\",\"logo\":{\"@type\":\"ImageObject\",\"inLanguage\":\"pt-BR\",\"@id\":\"https:\/\/fairfaxcryobank.com\/br#\/schema\/logo\/image\/\",\"url\":\"https:\/\/fairfaxcryobank.com\/wp-content\/uploads\/logo.webp\",\"contentUrl\":\"https:\/\/fairfaxcryobank.com\/wp-content\/uploads\/logo.webp\",\"width\":1,\"height\":1,\"caption\":\"Fairfax Cryobank\"},\"image\":{\"@id\":\"https:\/\/fairfaxcryobank.com\/br#\/schema\/logo\/image\/\"},\"sameAs\":[\"https:\/\/www.facebook.com\/fairfax.cryobank\",\"https:\/\/x.com\/FairfaxCryobank\",\"https:\/\/www.instagram.com\/fairfaxcryobank\/\",\"https:\/\/www.pinterest.com\/fairfaxcryo\/\"]}]}<\/script>\n<!-- \/ Yoast SEO plugin. -->","yoast_head_json":{"title":"Teste gen\u00e9tico expandido | Fairfax Cryobank","description":"Teste expandido para doen\u00e7as gen\u00e9ticas - Fairfax Cryobank","robots":{"index":"index","follow":"follow","max-snippet":"max-snippet:-1","max-image-preview":"max-image-preview:large","max-video-preview":"max-video-preview:-1"},"canonical":"https:\/\/fairfaxcryobank.com\/br\/teste-genetico-expandido","og_locale":"pt_BR","og_type":"article","og_title":"Teste gen\u00e9tico expandido | Fairfax Cryobank","og_description":"Teste expandido para doen\u00e7as gen\u00e9ticas - Fairfax Cryobank","og_url":"https:\/\/fairfaxcryobank.com\/br\/teste-genetico-expandido","og_site_name":"Fairfax Cryobank - Find a Sperm Donor","article_publisher":"https:\/\/www.facebook.com\/fairfax.cryobank","article_modified_time":"2020-06-30T16:20:48+00:00","og_image":[{"width":1795,"height":1946,"url":"https:\/\/fairfaxcryobank.com\/wp-content\/uploads\/automal-recessive.png","type":"image\/png"}],"twitter_card":"summary_large_image","twitter_site":"@FairfaxCryobank","twitter_misc":{"Est. tempo de leitura":"4 minutos"},"schema":{"@context":"https:\/\/schema.org","@graph":[{"@type":"WebPage","@id":"https:\/\/fairfaxcryobank.com\/br\/teste-genetico-expandido","url":"https:\/\/fairfaxcryobank.com\/br\/teste-genetico-expandido","name":"Teste gen\u00e9tico expandido | Fairfax Cryobank","isPartOf":{"@id":"https:\/\/fairfaxcryobank.com\/br#website"},"primaryImageOfPage":{"@id":"https:\/\/fairfaxcryobank.com\/br\/teste-genetico-expandido#primaryimage"},"image":{"@id":"https:\/\/fairfaxcryobank.com\/br\/teste-genetico-expandido#primaryimage"},"thumbnailUrl":"https:\/\/fairfaxcryobank.com\/wp-content\/uploads\/automal-recessive.png","datePublished":"2019-09-03T14:35:08+00:00","dateModified":"2020-06-30T16:20:48+00:00","description":"Teste expandido para doen\u00e7as gen\u00e9ticas - Fairfax Cryobank","breadcrumb":{"@id":"https:\/\/fairfaxcryobank.com\/br\/teste-genetico-expandido#breadcrumb"},"inLanguage":"pt-BR","potentialAction":[{"@type":"ReadAction","target":["https:\/\/fairfaxcryobank.com\/br\/teste-genetico-expandido"]}]},{"@type":"ImageObject","inLanguage":"pt-BR","@id":"https:\/\/fairfaxcryobank.com\/br\/teste-genetico-expandido#primaryimage","url":"https:\/\/fairfaxcryobank.com\/wp-content\/uploads\/automal-recessive.png","contentUrl":"https:\/\/fairfaxcryobank.com\/wp-content\/uploads\/automal-recessive.png","width":1795,"height":1946,"caption":"autosomal recessive chart fairfax cryobank"},{"@type":"BreadcrumbList","@id":"https:\/\/fairfaxcryobank.com\/br\/teste-genetico-expandido#breadcrumb","itemListElement":[{"@type":"ListItem","position":1,"name":"Home","item":"https:\/\/fairfaxcryobank.com\/br"},{"@type":"ListItem","position":2,"name":"Teste gen\u00e9tico expandido"}]},{"@type":"WebSite","@id":"https:\/\/fairfaxcryobank.com\/br#website","url":"https:\/\/fairfaxcryobank.com\/br","name":"Fairfax Cryobank - Find a Sperm Donor","description":"Top-Tier Sperm Bank","publisher":{"@id":"https:\/\/fairfaxcryobank.com\/br#organization"},"potentialAction":[{"@type":"SearchAction","target":{"@type":"EntryPoint","urlTemplate":"https:\/\/fairfaxcryobank.com\/br?s={search_term_string}"},"query-input":{"@type":"PropertyValueSpecification","valueRequired":true,"valueName":"search_term_string"}}],"inLanguage":"pt-BR"},{"@type":"Organization","@id":"https:\/\/fairfaxcryobank.com\/br#organization","name":"Fairfax Cryobank","url":"https:\/\/fairfaxcryobank.com\/br","logo":{"@type":"ImageObject","inLanguage":"pt-BR","@id":"https:\/\/fairfaxcryobank.com\/br#\/schema\/logo\/image\/","url":"https:\/\/fairfaxcryobank.com\/wp-content\/uploads\/logo.webp","contentUrl":"https:\/\/fairfaxcryobank.com\/wp-content\/uploads\/logo.webp","width":1,"height":1,"caption":"Fairfax Cryobank"},"image":{"@id":"https:\/\/fairfaxcryobank.com\/br#\/schema\/logo\/image\/"},"sameAs":["https:\/\/www.facebook.com\/fairfax.cryobank","https:\/\/x.com\/FairfaxCryobank","https:\/\/www.instagram.com\/fairfaxcryobank\/","https:\/\/www.pinterest.com\/fairfaxcryo\/"]}]}},"post_mailing_queue_ids":[],"_links":{"self":[{"href":"https:\/\/fairfaxcryobank.com\/br\/wp-json\/wp\/v2\/pages\/2001","targetHints":{"allow":["GET"]}}],"collection":[{"href":"https:\/\/fairfaxcryobank.com\/br\/wp-json\/wp\/v2\/pages"}],"about":[{"href":"https:\/\/fairfaxcryobank.com\/br\/wp-json\/wp\/v2\/types\/page"}],"author":[{"embeddable":true,"href":"https:\/\/fairfaxcryobank.com\/br\/wp-json\/wp\/v2\/users\/1"}],"replies":[{"embeddable":true,"href":"https:\/\/fairfaxcryobank.com\/br\/wp-json\/wp\/v2\/comments?post=2001"}],"version-history":[{"count":0,"href":"https:\/\/fairfaxcryobank.com\/br\/wp-json\/wp\/v2\/pages\/2001\/revisions"}],"wp:featuredmedia":[{"embeddable":true,"href":"https:\/\/fairfaxcryobank.com\/br\/wp-json\/wp\/v2\/media\/10304"}],"wp:attachment":[{"href":"https:\/\/fairfaxcryobank.com\/br\/wp-json\/wp\/v2\/media?parent=2001"}],"curies":[{"name":"wp","href":"https:\/\/api.w.org\/{rel}","templated":true}]}}