{"id":2006,"date":"2019-06-03T09:56:10","date_gmt":"2019-06-03T09:56:10","guid":{"rendered":"https:\/\/fairfaxcryobank.com\/?page_id=2006"},"modified":"2022-01-22T17:55:13","modified_gmt":"2022-01-22T22:55:13","slug":"banco-e-armazenamento","status":"publish","type":"page","link":"https:\/\/fairfaxcryobank.com\/br\/banco-e-armazenamento","title":{"rendered":"Banco e Armazenamento"},"content":{"rendered":"\n<h2 class=\"wp-block-heading\">Interessado em congelar seu s\u00eamen?<\/h2>\n\n\n\n<h3 class=\"wp-block-heading\">O Fairfax Cryobank \u00e9 especialista em esperma, embri\u00e3o, congelamento de ov\u00f3cito, banco e armazenamento.<\/h3>\n\n\n\n<p>O Fairfax Cryobank est\u00e1 em funcionamento desde 1986 e possui um dos maiores invent\u00e1rios de esp\u00e9cimes reprodutivos criopreservados do mundo. Temos vasta experi\u00eancia em congelamento de s\u00eamen, armazenamento e transporte seguro de amostras congeladas de e para consult\u00f3rios m\u00e9dicos em todos os 50 estados americanos e em muitos pa\u00edses estrangeiros.<\/p>\n\n\n\n<p>Nossa equipe j\u00e1 forneceu servi\u00e7os de criopreserva\u00e7\u00e3o e armazenamento para milhares de indiv\u00edduos em nossas unidades nos Estados Unidos em Fairfax VA, Austin TX, Filad\u00e9lfia PA, Roseville CA, Minnesota MN, Pasadena CA e Houston TX. Estamos totalmente em conformidade com todos os regulamentos da FDA (ag\u00eancia do departamento de Sa\u00fade e Servi\u00e7os Humanos dos Estados Unidos) que regem os bancos de tecidos reprodutivos para garantir a guarda de seus esp\u00e9cimes armazenados.<\/p>\n\n\n\n<h3 class=\"wp-block-heading\"><strong>Criopreserva\u00e7\u00e3o e Armazenamento de S\u00eamen<\/strong><\/h3>\n\n\n\n<p>Armazene s\u00eamen para proteger suas op\u00e7\u00f5es de fertilidade para o futuro. Agende uma consulta em qualquer uma de nossas unidades do Fairfax Cryobank.<\/p>\n\n\n\n<p><strong>Situa\u00e7\u00f5es mais comuns para armazenamento de s\u00eamen:<\/strong><\/p>\n\n\n\n<ul class=\"wp-block-list\"><li>Antes do tratamento do c\u00e2ncer: Os avan\u00e7os na tecnologia reprodutiva aumentaram muito as chances de conceber uma crian\u00e7a depois de passar por quimioterapia, radioterapia, regime de medica\u00e7\u00e3o ou cirurgia que pode resultar em esterilidade.<\/li><li>Deveres militares ativos ou viagens frequentes: preservar o s\u00eamen antes da implanta\u00e7\u00e3o ou per\u00edodos de viagem para garantir a disponibilidade de s\u00eamen para um procedimento de fertilidade.<\/li><li>Antes da vasectomia: Fornece confian\u00e7a em fertilidade e elimina qualquer necessidade de nova cirurgia.<\/li><li>Cirurgia de test\u00edculo, pr\u00f3stata ou outra cirurgia urol\u00f3gica: A impot\u00eancia e\/ou a esterilidade podem ser um efeito colateral infeliz dessas cirurgias e os bancos de s\u00eamens aumentam a chance de uma futura gravidez.<\/li><li>Para <a href=\"https:\/\/fairfaxcryobank.com\/br\/terapia-de-reposicao-hormonal\">mulheres trans antes da TRH<\/a> (Terapia de Reposi\u00e7\u00e3o Hormonal): Armazenar amostras de s\u00eamen antes do in\u00edcio do tratamento hormonal.<\/li><\/ul>\n\n\n\n<h3 class=\"wp-block-heading\">Custos de <strong>Criopreserva\u00e7\u00e3o<\/strong> e Armazenamento<\/h3>\n\n\n\n<p>Os custos de armazenamento de s\u00eamen s\u00e3o por paciente, independentemente do n\u00famero de amostras armazenadas. Visite as respectivas p\u00e1ginas abaixo para obter mais informa\u00e7\u00f5es sobre custos de armazenamento e log\u00edstica.<\/p>\n\n\n\n<ul class=\"wp-block-list\"><li><a href=\"https:\/\/fairfaxcryobank.com\/br\/banco-de-semen\">Armazenamento de S\u00eamen<\/a><\/li><li><a href=\"https:\/\/fairfaxcryobank.com\/br\/terapia-de-reposicao-hormonal\">Preserva\u00e7\u00e3o da fertilidade com TRH<\/a><\/li><\/ul>\n\n\n\n<p><\/p>\n","protected":false},"excerpt":{"rendered":"<p>Interessado em congelar seu s\u00eamen? O Fairfax Cryobank \u00e9 especialista em esperma, embri\u00e3o, congelamento de ov\u00f3cito, banco e armazenamento. O Fairfax Cryobank est\u00e1 em funcionamento desde 1986 e possui um dos maiores invent\u00e1rios de esp\u00e9cimes reprodutivos criopreservados do mundo. Temos vasta experi\u00eancia em congelamento de s\u00eamen, armazenamento e transporte seguro &#8230;<\/p>\n","protected":false},"author":1,"featured_media":1476,"parent":0,"menu_order":0,"comment_status":"closed","ping_status":"closed","template":"","meta":{"footnotes":""},"class_list":["post-2006","page","type-page","status-publish","has-post-thumbnail","hentry"],"yoast_head":"<!-- This site is optimized with the Yoast SEO plugin v27.1.1 - https:\/\/yoast.com\/product\/yoast-seo-wordpress\/ -->\n<title>Banco e Armazenamento | Fairfax Cryobank<\/title>\n<meta name=\"description\" content=\"Interested in freezing your sperm? Fairfax Cryobank offers a variety of secure and safe sperm storage services, for eggs and ooctyes as well.\" \/>\n<meta name=\"robots\" content=\"index, follow, max-snippet:-1, max-image-preview:large, max-video-preview:-1\" \/>\n<link rel=\"canonical\" href=\"https:\/\/fairfaxcryobank.com\/br\/banco-e-armazenamento\" \/>\n<meta property=\"og:locale\" content=\"pt_BR\" \/>\n<meta property=\"og:type\" content=\"article\" \/>\n<meta property=\"og:title\" content=\"Banco e Armazenamento | Fairfax Cryobank\" \/>\n<meta property=\"og:description\" content=\"Interested in freezing your sperm? Fairfax Cryobank offers a variety of secure and safe sperm storage services, for eggs and ooctyes as well.\" \/>\n<meta property=\"og:url\" content=\"https:\/\/fairfaxcryobank.com\/br\/banco-e-armazenamento\" \/>\n<meta property=\"og:site_name\" content=\"Fairfax Cryobank - Find a Sperm Donor\" \/>\n<meta property=\"article:publisher\" content=\"https:\/\/www.facebook.com\/fairfax.cryobank\" \/>\n<meta property=\"article:modified_time\" content=\"2022-01-22T22:55:13+00:00\" \/>\n<meta property=\"og:image\" content=\"https:\/\/fairfaxcryobank.com\/wp-content\/uploads\/iStock-157194389-1024x683.jpg\" \/>\n\t<meta property=\"og:image:width\" content=\"1024\" \/>\n\t<meta property=\"og:image:height\" content=\"683\" \/>\n\t<meta property=\"og:image:type\" content=\"image\/jpeg\" \/>\n<meta name=\"twitter:card\" content=\"summary_large_image\" \/>\n<meta name=\"twitter:site\" content=\"@FairfaxCryobank\" \/>\n<meta name=\"twitter:label1\" content=\"Est. tempo de leitura\" \/>\n\t<meta name=\"twitter:data1\" content=\"2 minutos\" \/>\n<script type=\"application\/ld+json\" class=\"yoast-schema-graph\">{\"@context\":\"https:\/\/schema.org\",\"@graph\":[{\"@type\":\"WebPage\",\"@id\":\"https:\/\/fairfaxcryobank.com\/br\/banco-e-armazenamento\",\"url\":\"https:\/\/fairfaxcryobank.com\/br\/banco-e-armazenamento\",\"name\":\"Banco e Armazenamento | Fairfax Cryobank\",\"isPartOf\":{\"@id\":\"https:\/\/fairfaxcryobank.com\/br#website\"},\"primaryImageOfPage\":{\"@id\":\"https:\/\/fairfaxcryobank.com\/br\/banco-e-armazenamento#primaryimage\"},\"image\":{\"@id\":\"https:\/\/fairfaxcryobank.com\/br\/banco-e-armazenamento#primaryimage\"},\"thumbnailUrl\":\"https:\/\/fairfaxcryobank.com\/wp-content\/uploads\/iStock-157194389.jpg\",\"datePublished\":\"2019-06-03T09:56:10+00:00\",\"dateModified\":\"2022-01-22T22:55:13+00:00\",\"description\":\"Interested in freezing your sperm? Fairfax Cryobank offers a variety of secure and safe sperm storage services, for eggs and ooctyes as well.\",\"breadcrumb\":{\"@id\":\"https:\/\/fairfaxcryobank.com\/br\/banco-e-armazenamento#breadcrumb\"},\"inLanguage\":\"pt-BR\",\"potentialAction\":[{\"@type\":\"ReadAction\",\"target\":[\"https:\/\/fairfaxcryobank.com\/br\/banco-e-armazenamento\"]}]},{\"@type\":\"ImageObject\",\"inLanguage\":\"pt-BR\",\"@id\":\"https:\/\/fairfaxcryobank.com\/br\/banco-e-armazenamento#primaryimage\",\"url\":\"https:\/\/fairfaxcryobank.com\/wp-content\/uploads\/iStock-157194389.jpg\",\"contentUrl\":\"https:\/\/fairfaxcryobank.com\/wp-content\/uploads\/iStock-157194389.jpg\",\"width\":3000,\"height\":2000,\"caption\":\"freezing sperm\"},{\"@type\":\"BreadcrumbList\",\"@id\":\"https:\/\/fairfaxcryobank.com\/br\/banco-e-armazenamento#breadcrumb\",\"itemListElement\":[{\"@type\":\"ListItem\",\"position\":1,\"name\":\"Home\",\"item\":\"https:\/\/fairfaxcryobank.com\/br\"},{\"@type\":\"ListItem\",\"position\":2,\"name\":\"Banco e Armazenamento\"}]},{\"@type\":\"WebSite\",\"@id\":\"https:\/\/fairfaxcryobank.com\/br#website\",\"url\":\"https:\/\/fairfaxcryobank.com\/br\",\"name\":\"Fairfax Cryobank - Find a Sperm Donor\",\"description\":\"Top-Tier Sperm Bank\",\"publisher\":{\"@id\":\"https:\/\/fairfaxcryobank.com\/br#organization\"},\"potentialAction\":[{\"@type\":\"SearchAction\",\"target\":{\"@type\":\"EntryPoint\",\"urlTemplate\":\"https:\/\/fairfaxcryobank.com\/br?s={search_term_string}\"},\"query-input\":{\"@type\":\"PropertyValueSpecification\",\"valueRequired\":true,\"valueName\":\"search_term_string\"}}],\"inLanguage\":\"pt-BR\"},{\"@type\":\"Organization\",\"@id\":\"https:\/\/fairfaxcryobank.com\/br#organization\",\"name\":\"Fairfax Cryobank\",\"url\":\"https:\/\/fairfaxcryobank.com\/br\",\"logo\":{\"@type\":\"ImageObject\",\"inLanguage\":\"pt-BR\",\"@id\":\"https:\/\/fairfaxcryobank.com\/br#\/schema\/logo\/image\/\",\"url\":\"https:\/\/fairfaxcryobank.com\/wp-content\/uploads\/logo.webp\",\"contentUrl\":\"https:\/\/fairfaxcryobank.com\/wp-content\/uploads\/logo.webp\",\"width\":1,\"height\":1,\"caption\":\"Fairfax Cryobank\"},\"image\":{\"@id\":\"https:\/\/fairfaxcryobank.com\/br#\/schema\/logo\/image\/\"},\"sameAs\":[\"https:\/\/www.facebook.com\/fairfax.cryobank\",\"https:\/\/x.com\/FairfaxCryobank\",\"https:\/\/www.instagram.com\/fairfaxcryobank\/\",\"https:\/\/www.pinterest.com\/fairfaxcryo\/\"]}]}<\/script>\n<!-- \/ Yoast SEO plugin. -->","yoast_head_json":{"title":"Banco e Armazenamento | Fairfax Cryobank","description":"Interested in freezing your sperm? Fairfax Cryobank offers a variety of secure and safe sperm storage services, for eggs and ooctyes as well.","robots":{"index":"index","follow":"follow","max-snippet":"max-snippet:-1","max-image-preview":"max-image-preview:large","max-video-preview":"max-video-preview:-1"},"canonical":"https:\/\/fairfaxcryobank.com\/br\/banco-e-armazenamento","og_locale":"pt_BR","og_type":"article","og_title":"Banco e Armazenamento | Fairfax Cryobank","og_description":"Interested in freezing your sperm? Fairfax Cryobank offers a variety of secure and safe sperm storage services, for eggs and ooctyes as well.","og_url":"https:\/\/fairfaxcryobank.com\/br\/banco-e-armazenamento","og_site_name":"Fairfax Cryobank - Find a Sperm Donor","article_publisher":"https:\/\/www.facebook.com\/fairfax.cryobank","article_modified_time":"2022-01-22T22:55:13+00:00","og_image":[{"width":1024,"height":683,"url":"https:\/\/fairfaxcryobank.com\/wp-content\/uploads\/iStock-157194389-1024x683.jpg","type":"image\/jpeg"}],"twitter_card":"summary_large_image","twitter_site":"@FairfaxCryobank","twitter_misc":{"Est. tempo de leitura":"2 minutos"},"schema":{"@context":"https:\/\/schema.org","@graph":[{"@type":"WebPage","@id":"https:\/\/fairfaxcryobank.com\/br\/banco-e-armazenamento","url":"https:\/\/fairfaxcryobank.com\/br\/banco-e-armazenamento","name":"Banco e Armazenamento | Fairfax Cryobank","isPartOf":{"@id":"https:\/\/fairfaxcryobank.com\/br#website"},"primaryImageOfPage":{"@id":"https:\/\/fairfaxcryobank.com\/br\/banco-e-armazenamento#primaryimage"},"image":{"@id":"https:\/\/fairfaxcryobank.com\/br\/banco-e-armazenamento#primaryimage"},"thumbnailUrl":"https:\/\/fairfaxcryobank.com\/wp-content\/uploads\/iStock-157194389.jpg","datePublished":"2019-06-03T09:56:10+00:00","dateModified":"2022-01-22T22:55:13+00:00","description":"Interested in freezing your sperm? Fairfax Cryobank offers a variety of secure and safe sperm storage services, for eggs and ooctyes as well.","breadcrumb":{"@id":"https:\/\/fairfaxcryobank.com\/br\/banco-e-armazenamento#breadcrumb"},"inLanguage":"pt-BR","potentialAction":[{"@type":"ReadAction","target":["https:\/\/fairfaxcryobank.com\/br\/banco-e-armazenamento"]}]},{"@type":"ImageObject","inLanguage":"pt-BR","@id":"https:\/\/fairfaxcryobank.com\/br\/banco-e-armazenamento#primaryimage","url":"https:\/\/fairfaxcryobank.com\/wp-content\/uploads\/iStock-157194389.jpg","contentUrl":"https:\/\/fairfaxcryobank.com\/wp-content\/uploads\/iStock-157194389.jpg","width":3000,"height":2000,"caption":"freezing sperm"},{"@type":"BreadcrumbList","@id":"https:\/\/fairfaxcryobank.com\/br\/banco-e-armazenamento#breadcrumb","itemListElement":[{"@type":"ListItem","position":1,"name":"Home","item":"https:\/\/fairfaxcryobank.com\/br"},{"@type":"ListItem","position":2,"name":"Banco e Armazenamento"}]},{"@type":"WebSite","@id":"https:\/\/fairfaxcryobank.com\/br#website","url":"https:\/\/fairfaxcryobank.com\/br","name":"Fairfax Cryobank - Find a Sperm Donor","description":"Top-Tier Sperm Bank","publisher":{"@id":"https:\/\/fairfaxcryobank.com\/br#organization"},"potentialAction":[{"@type":"SearchAction","target":{"@type":"EntryPoint","urlTemplate":"https:\/\/fairfaxcryobank.com\/br?s={search_term_string}"},"query-input":{"@type":"PropertyValueSpecification","valueRequired":true,"valueName":"search_term_string"}}],"inLanguage":"pt-BR"},{"@type":"Organization","@id":"https:\/\/fairfaxcryobank.com\/br#organization","name":"Fairfax Cryobank","url":"https:\/\/fairfaxcryobank.com\/br","logo":{"@type":"ImageObject","inLanguage":"pt-BR","@id":"https:\/\/fairfaxcryobank.com\/br#\/schema\/logo\/image\/","url":"https:\/\/fairfaxcryobank.com\/wp-content\/uploads\/logo.webp","contentUrl":"https:\/\/fairfaxcryobank.com\/wp-content\/uploads\/logo.webp","width":1,"height":1,"caption":"Fairfax Cryobank"},"image":{"@id":"https:\/\/fairfaxcryobank.com\/br#\/schema\/logo\/image\/"},"sameAs":["https:\/\/www.facebook.com\/fairfax.cryobank","https:\/\/x.com\/FairfaxCryobank","https:\/\/www.instagram.com\/fairfaxcryobank\/","https:\/\/www.pinterest.com\/fairfaxcryo\/"]}]}},"post_mailing_queue_ids":[],"_links":{"self":[{"href":"https:\/\/fairfaxcryobank.com\/br\/wp-json\/wp\/v2\/pages\/2006","targetHints":{"allow":["GET"]}}],"collection":[{"href":"https:\/\/fairfaxcryobank.com\/br\/wp-json\/wp\/v2\/pages"}],"about":[{"href":"https:\/\/fairfaxcryobank.com\/br\/wp-json\/wp\/v2\/types\/page"}],"author":[{"embeddable":true,"href":"https:\/\/fairfaxcryobank.com\/br\/wp-json\/wp\/v2\/users\/1"}],"replies":[{"embeddable":true,"href":"https:\/\/fairfaxcryobank.com\/br\/wp-json\/wp\/v2\/comments?post=2006"}],"version-history":[{"count":11,"href":"https:\/\/fairfaxcryobank.com\/br\/wp-json\/wp\/v2\/pages\/2006\/revisions"}],"predecessor-version":[{"id":20059,"href":"https:\/\/fairfaxcryobank.com\/br\/wp-json\/wp\/v2\/pages\/2006\/revisions\/20059"}],"wp:featuredmedia":[{"embeddable":true,"href":"https:\/\/fairfaxcryobank.com\/br\/wp-json\/wp\/v2\/media\/1476"}],"wp:attachment":[{"href":"https:\/\/fairfaxcryobank.com\/br\/wp-json\/wp\/v2\/media?parent=2006"}],"curies":[{"name":"wp","href":"https:\/\/api.w.org\/{rel}","templated":true}]}}