{"id":2009,"date":"2015-05-11T12:22:56","date_gmt":"2015-05-11T12:22:56","guid":{"rendered":"https:\/\/fairfaxcryobank.com\/?page_id=2009"},"modified":"2022-01-28T14:06:09","modified_gmt":"2022-01-28T19:06:09","slug":"banco-de-semen","status":"publish","type":"page","link":"https:\/\/fairfaxcryobank.com\/br\/banco-de-semen","title":{"rendered":"Banco de S\u00eamen"},"content":{"rendered":"\n<div class=\"wp-block-cover has-background-dim\" style=\"background-image:url(https:\/\/fairfaxcryobank.com\/wp-content\/uploads\/frozen-nitrogen-sperm-storage-scaled.jpg)\"><div class=\"wp-block-cover__inner-container is-layout-flow wp-block-cover-is-layout-flow\">\n<p class=\"has-text-align-center has-large-font-size\">O <strong>Fairfax Cryobank te proporciona tranquilidade com o servi\u00e7o de armazenamento de s\u00eamen <\/strong><\/p>\n<\/div><\/div>\n\n\n\n<h2 class=\"wp-block-heading\">Confie nos especialistas de Armazenamento de S\u00eamen do Fairfax Cryobank<\/h2>\n\n\n\n<p>Com equipamentos de \u00faltima gera\u00e7\u00e3o, lideran\u00e7a no segmento e uma abordagem gentil e compassiva, a equipe do Fairfax Cryobank est\u00e1 pronta para tornar sua experi\u00eancia de armazenamento de s\u00eamen a melhor poss\u00edvel.<\/p>\n\n\n\n<p>Por mais de tr\u00eas d\u00e9cadas, nossa cl\u00ednica inovadora respondeu \u00e0 pergunta: \u201cOnde posso congelar meu s\u00eamen?\u201d Hoje, pessoas em diferentes fases da vida nos escolhem para proteger o que \u00e9 realmente importante \u2013 sua fam\u00edlia.<\/p>\n\n\n\n<p>Abaixo, descubra mais sobre nossos servi\u00e7os de armazenamento de s\u00eamen.<\/p>\n\n\n\n<h3 class=\"wp-block-heading\"><strong>Servi\u00e7os de Armazenamento de S\u00eamen<\/strong><\/h3>\n\n\n\n<p>Onde posso congelar meu s\u00eamen? Porque devo congelar meu s\u00eamen? O armazenamento de s\u00eamen \u00e9 adequado \u00e0s minhas circunstancias?<\/p>\n\n\n\n<p>Estas s\u00e3o algumas das <a href=\"https:\/\/fairfaxcryobank.com\/br\/perguntas-frequentes-sobre-armazenamento-de-semen\">perguntas mais frequentes<\/a> que recebemos de pessoas que procuram por criopreserva\u00e7\u00e3o. Estamos aqui para lhe dar as respostas que voc\u00ea precisa para tomar a decis\u00e3o certa para voc\u00ea e sua fam\u00edlia.<\/p>\n\n\n\n<h3 class=\"wp-block-heading\"><strong>Por que considerar o armazenamento de s\u00eamen<\/strong>?<\/h3>\n\n\n\n<p>H\u00e1 muitas raz\u00f5es pelas quais as pessoas consideram a criopreserva\u00e7\u00e3o de seus espermatoz\u00f3ides.<\/p>\n\n\n\n<h4 class=\"wp-block-heading\"><strong>Para superar o risco de infertilidade devido a tratamentos relacionados ao c\u00e2ncer<\/strong><\/h4>\n\n\n\n<p>Antes de voc\u00ea ou seu parceiro iniciar o tratamento de c\u00e2ncer, pergunte ao seu m\u00e9dico sobre os riscos de esterilidade.<\/p>\n\n\n\n<p>Tratamentos como cirurgia, quimioterapia e radia\u00e7\u00e3o podem afetar sua fertilidade. Optar por armazenar o s\u00eamen antes ou nos primeiros est\u00e1gios do tratamento oferece tranquilidade para que sua jornada de paternidade biol\u00f3gica seja preservada.<\/p>\n\n\n\n<p>Quando armazenado devidamente, os esp\u00e9cimes criopreservados permanecem vi\u00e1veis por per\u00edodo indefinido. O s\u00eamen armazenado congelado por 20 anos resulta em gravidez, portanto, mesmo que voc\u00ea n\u00e3o queira filhos em um futuro pr\u00f3ximo, o armazenamento de s\u00eamen ainda \u00e9 uma op\u00e7\u00e3o.<\/p>\n\n\n\n<p>Aqui no Fairfax Cryobank, n\u00f3s entendemos que voc\u00ea precisa come\u00e7ar o tratamento de c\u00e2ncer o mais breve o poss\u00edvel. Abrimos vagas para agendamento de pacientes oncol\u00f3gicos todas as manh\u00e3s.<\/p>\n\n\n\n<h4 class=\"wp-block-heading\"><strong>Para preservar a capacidade reprodutiva ap\u00f3s a cirurgia<\/strong><\/h4>\n\n\n\n<p>Se voc\u00ea est\u00e1 prestes a se submeter a uma cirurgia testicular, de pr\u00f3stata ou alguma cirurgia semelhante, nosso f\u00e1cil processo de armazenamento de s\u00eamen \u00e9 eficaz e pode proteger sua capacidade reprodutiva.<\/p>\n\n\n\n<h4 class=\"wp-block-heading\"><strong>Para ter tranquilidade antes de realizar uma vasectomia<\/strong><\/h4>\n\n\n\n<p>A vasectomia \u00e9 um m\u00e9todo popular para o controle de natalidade, mas pode ser complicado reverter. Armazenar o seu s\u00eamen antes do procedimento te d\u00e1 tranquilidade, para que, se suas circunst\u00e2ncias mudarem no futuro, voc\u00ea ainda poder\u00e1 satisfazer suas necessidades de fertilidade.<\/p>\n\n\n\n<h4 class=\"wp-block-heading\"><strong>Para se preparar para procedimentos tecnol\u00f3gicos de reprodu\u00e7\u00e3o assistida<\/strong><\/h4>\n\n\n\n<p>Armazenar o s\u00eamen antes de procedimentos como de fertiliza\u00e7\u00e3o in vitro, transfer\u00eancia intratub\u00e1ria de gametas ou inje\u00e7\u00e3o intracitoplasm\u00e1tica de espermatozoides garante que o \u00e9specime esteja prontamente dispon\u00edvel.<\/p>\n\n\n\n<h4 class=\"wp-block-heading\"><strong>Para preservar a fertilidade antes da <\/strong><a href=\"https:\/\/fairfaxcryobank.com\/br\/terapia-de-reposicao-hormonal\">terapia de reposi\u00e7\u00e3o hormonal (TRH)<\/a><\/h4>\n\n\n\n<p>Para pacientes transexuais que v\u00e3o realizar a mudan\u00e7a para o sexo feminino, o armazenamento de s\u00eamen antes do tratamento hormonal preserva a possibilidade de fertilidade no futuro.<\/p>\n\n\n\n<h4 class=\"wp-block-heading\"><strong>Para ajudar pacientes com oligozoospermia<\/strong><\/h4>\n\n\n\n<p>Se voc\u00ea tem oligozoospermia \u2013 que \u00e9, uma pequena concentra\u00e7\u00e3o de s\u00eamen -, o armazenamento de s\u00eamen pode ser um tratamento efetivo. N\u00f3s concentramos e criopreservamos o s\u00eamen em esp\u00e9cime antes do armazenamento. Logo ent\u00e3o as amostras s\u00e3o reunidas pelo m\u00e9dico para aumentar a probabilidade de gravidez.<\/p>\n\n\n\n<h4 class=\"wp-block-heading\"><strong>Para superar outros desafios ou circunst\u00e2ncias de alto risco<\/strong><\/h4>\n\n\n\n<p>Muitas ocupa\u00e7\u00f5es colocam homens em risco de les\u00e3o ao seu sistema reprodutivo, incluindo:<\/p>\n\n\n\n<ul class=\"wp-block-list\"><li>Aqueles que trabalham com poluentes ambientais<\/li><li>Aqueles que trabalham com raio-x ou ambientes nucleares<\/li><li>Aqueles que est\u00e3o propensos a quedas e les\u00f5es, como bombeiros, policiais e trabalhadores de constru\u00e7\u00e3o<\/li><li>Atletas \u2013 H\u00f3quei, futebol e basquete<\/li><\/ul>\n\n\n\n<p>Homens em servi\u00e7os militares podem ter maior riscos de les\u00f5es. Por isso, oferecemos um programa especial para militares ativos: o primeiro ano de armazenamento de s\u00eamen \u00e9 de gra\u00e7a. Saiba mais contatando nossa equipe de atendimento ao cliente.<\/p>\n","protected":false},"excerpt":{"rendered":"<p>Confie nos especialistas de Armazenamento de S\u00eamen do Fairfax Cryobank Com equipamentos de \u00faltima gera\u00e7\u00e3o, lideran\u00e7a no segmento e uma abordagem gentil e compassiva, a equipe do Fairfax Cryobank est\u00e1 pronta para tornar sua experi\u00eancia de armazenamento de s\u00eamen a melhor poss\u00edvel. Por mais de tr\u00eas d\u00e9cadas, nossa cl\u00ednica inovadora &#8230;<\/p>\n","protected":false},"author":1,"featured_media":10563,"parent":0,"menu_order":0,"comment_status":"closed","ping_status":"closed","template":"","meta":{"footnotes":""},"class_list":["post-2009","page","type-page","status-publish","has-post-thumbnail","hentry"],"yoast_head":"<!-- This site is optimized with the Yoast SEO plugin v27.1.1 - https:\/\/yoast.com\/product\/yoast-seo-wordpress\/ -->\n<title>Banco de S\u00eamen | Fairfax Cryobank - Storage Experts<\/title>\n<meta name=\"description\" content=\"With state-of-the-art equipment and industry-leading expertise, Fairfax Cryobank is ready to make your sperm storage experience easy and secure.\" \/>\n<meta name=\"robots\" content=\"index, follow, max-snippet:-1, max-image-preview:large, max-video-preview:-1\" \/>\n<link rel=\"canonical\" href=\"https:\/\/fairfaxcryobank.com\/br\/banco-de-semen\" \/>\n<meta property=\"og:locale\" content=\"pt_BR\" \/>\n<meta property=\"og:type\" content=\"article\" \/>\n<meta property=\"og:title\" content=\"Banco de S\u00eamen | Fairfax Cryobank - Storage Experts\" \/>\n<meta property=\"og:description\" content=\"With state-of-the-art equipment and industry-leading expertise, Fairfax Cryobank is ready to make your sperm storage experience easy and secure.\" \/>\n<meta property=\"og:url\" content=\"https:\/\/fairfaxcryobank.com\/br\/banco-de-semen\" \/>\n<meta property=\"og:site_name\" content=\"Fairfax Cryobank - Find a Sperm Donor\" \/>\n<meta property=\"article:publisher\" content=\"https:\/\/www.facebook.com\/fairfax.cryobank\" \/>\n<meta property=\"article:modified_time\" content=\"2022-01-28T19:06:09+00:00\" \/>\n<meta property=\"og:image\" content=\"https:\/\/fairfaxcryobank.com\/wp-content\/uploads\/frozen-nitrogen-sperm-storage-1024x768.jpg\" \/>\n\t<meta property=\"og:image:width\" content=\"1024\" \/>\n\t<meta property=\"og:image:height\" content=\"768\" \/>\n\t<meta property=\"og:image:type\" content=\"image\/jpeg\" \/>\n<meta name=\"twitter:card\" content=\"summary_large_image\" \/>\n<meta name=\"twitter:site\" content=\"@FairfaxCryobank\" \/>\n<meta name=\"twitter:label1\" content=\"Est. tempo de leitura\" \/>\n\t<meta name=\"twitter:data1\" content=\"3 minutos\" \/>\n<script type=\"application\/ld+json\" class=\"yoast-schema-graph\">{\"@context\":\"https:\/\/schema.org\",\"@graph\":[{\"@type\":\"WebPage\",\"@id\":\"https:\/\/fairfaxcryobank.com\/br\/banco-de-semen\",\"url\":\"https:\/\/fairfaxcryobank.com\/br\/banco-de-semen\",\"name\":\"Banco de S\u00eamen | Fairfax Cryobank - Storage Experts\",\"isPartOf\":{\"@id\":\"https:\/\/fairfaxcryobank.com\/br#website\"},\"primaryImageOfPage\":{\"@id\":\"https:\/\/fairfaxcryobank.com\/br\/banco-de-semen#primaryimage\"},\"image\":{\"@id\":\"https:\/\/fairfaxcryobank.com\/br\/banco-de-semen#primaryimage\"},\"thumbnailUrl\":\"https:\/\/fairfaxcryobank.com\/wp-content\/uploads\/frozen-nitrogen-sperm-storage.jpg\",\"datePublished\":\"2015-05-11T12:22:56+00:00\",\"dateModified\":\"2022-01-28T19:06:09+00:00\",\"description\":\"With state-of-the-art equipment and industry-leading expertise, Fairfax Cryobank is ready to make your sperm storage experience easy and secure.\",\"breadcrumb\":{\"@id\":\"https:\/\/fairfaxcryobank.com\/br\/banco-de-semen#breadcrumb\"},\"inLanguage\":\"pt-BR\",\"potentialAction\":[{\"@type\":\"ReadAction\",\"target\":[\"https:\/\/fairfaxcryobank.com\/br\/banco-de-semen\"]}]},{\"@type\":\"ImageObject\",\"inLanguage\":\"pt-BR\",\"@id\":\"https:\/\/fairfaxcryobank.com\/br\/banco-de-semen#primaryimage\",\"url\":\"https:\/\/fairfaxcryobank.com\/wp-content\/uploads\/frozen-nitrogen-sperm-storage.jpg\",\"contentUrl\":\"https:\/\/fairfaxcryobank.com\/wp-content\/uploads\/frozen-nitrogen-sperm-storage.jpg\",\"width\":2560,\"height\":1920,\"caption\":\"Sample Storage in test-tube laboratory\"},{\"@type\":\"BreadcrumbList\",\"@id\":\"https:\/\/fairfaxcryobank.com\/br\/banco-de-semen#breadcrumb\",\"itemListElement\":[{\"@type\":\"ListItem\",\"position\":1,\"name\":\"Home\",\"item\":\"https:\/\/fairfaxcryobank.com\/br\"},{\"@type\":\"ListItem\",\"position\":2,\"name\":\"Banco de S\u00eamen\"}]},{\"@type\":\"WebSite\",\"@id\":\"https:\/\/fairfaxcryobank.com\/br#website\",\"url\":\"https:\/\/fairfaxcryobank.com\/br\",\"name\":\"Fairfax Cryobank - Find a Sperm Donor\",\"description\":\"Top-Tier Sperm Bank\",\"publisher\":{\"@id\":\"https:\/\/fairfaxcryobank.com\/br#organization\"},\"potentialAction\":[{\"@type\":\"SearchAction\",\"target\":{\"@type\":\"EntryPoint\",\"urlTemplate\":\"https:\/\/fairfaxcryobank.com\/br?s={search_term_string}\"},\"query-input\":{\"@type\":\"PropertyValueSpecification\",\"valueRequired\":true,\"valueName\":\"search_term_string\"}}],\"inLanguage\":\"pt-BR\"},{\"@type\":\"Organization\",\"@id\":\"https:\/\/fairfaxcryobank.com\/br#organization\",\"name\":\"Fairfax Cryobank\",\"url\":\"https:\/\/fairfaxcryobank.com\/br\",\"logo\":{\"@type\":\"ImageObject\",\"inLanguage\":\"pt-BR\",\"@id\":\"https:\/\/fairfaxcryobank.com\/br#\/schema\/logo\/image\/\",\"url\":\"https:\/\/fairfaxcryobank.com\/wp-content\/uploads\/logo.webp\",\"contentUrl\":\"https:\/\/fairfaxcryobank.com\/wp-content\/uploads\/logo.webp\",\"width\":1,\"height\":1,\"caption\":\"Fairfax Cryobank\"},\"image\":{\"@id\":\"https:\/\/fairfaxcryobank.com\/br#\/schema\/logo\/image\/\"},\"sameAs\":[\"https:\/\/www.facebook.com\/fairfax.cryobank\",\"https:\/\/x.com\/FairfaxCryobank\",\"https:\/\/www.instagram.com\/fairfaxcryobank\/\",\"https:\/\/www.pinterest.com\/fairfaxcryo\/\"]}]}<\/script>\n<!-- \/ Yoast SEO plugin. -->","yoast_head_json":{"title":"Banco de S\u00eamen | Fairfax Cryobank - Storage Experts","description":"With state-of-the-art equipment and industry-leading expertise, Fairfax Cryobank is ready to make your sperm storage experience easy and secure.","robots":{"index":"index","follow":"follow","max-snippet":"max-snippet:-1","max-image-preview":"max-image-preview:large","max-video-preview":"max-video-preview:-1"},"canonical":"https:\/\/fairfaxcryobank.com\/br\/banco-de-semen","og_locale":"pt_BR","og_type":"article","og_title":"Banco de S\u00eamen | Fairfax Cryobank - Storage Experts","og_description":"With state-of-the-art equipment and industry-leading expertise, Fairfax Cryobank is ready to make your sperm storage experience easy and secure.","og_url":"https:\/\/fairfaxcryobank.com\/br\/banco-de-semen","og_site_name":"Fairfax Cryobank - Find a Sperm Donor","article_publisher":"https:\/\/www.facebook.com\/fairfax.cryobank","article_modified_time":"2022-01-28T19:06:09+00:00","og_image":[{"width":1024,"height":768,"url":"https:\/\/fairfaxcryobank.com\/wp-content\/uploads\/frozen-nitrogen-sperm-storage-1024x768.jpg","type":"image\/jpeg"}],"twitter_card":"summary_large_image","twitter_site":"@FairfaxCryobank","twitter_misc":{"Est. tempo de leitura":"3 minutos"},"schema":{"@context":"https:\/\/schema.org","@graph":[{"@type":"WebPage","@id":"https:\/\/fairfaxcryobank.com\/br\/banco-de-semen","url":"https:\/\/fairfaxcryobank.com\/br\/banco-de-semen","name":"Banco de S\u00eamen | Fairfax Cryobank - Storage Experts","isPartOf":{"@id":"https:\/\/fairfaxcryobank.com\/br#website"},"primaryImageOfPage":{"@id":"https:\/\/fairfaxcryobank.com\/br\/banco-de-semen#primaryimage"},"image":{"@id":"https:\/\/fairfaxcryobank.com\/br\/banco-de-semen#primaryimage"},"thumbnailUrl":"https:\/\/fairfaxcryobank.com\/wp-content\/uploads\/frozen-nitrogen-sperm-storage.jpg","datePublished":"2015-05-11T12:22:56+00:00","dateModified":"2022-01-28T19:06:09+00:00","description":"With state-of-the-art equipment and industry-leading expertise, Fairfax Cryobank is ready to make your sperm storage experience easy and secure.","breadcrumb":{"@id":"https:\/\/fairfaxcryobank.com\/br\/banco-de-semen#breadcrumb"},"inLanguage":"pt-BR","potentialAction":[{"@type":"ReadAction","target":["https:\/\/fairfaxcryobank.com\/br\/banco-de-semen"]}]},{"@type":"ImageObject","inLanguage":"pt-BR","@id":"https:\/\/fairfaxcryobank.com\/br\/banco-de-semen#primaryimage","url":"https:\/\/fairfaxcryobank.com\/wp-content\/uploads\/frozen-nitrogen-sperm-storage.jpg","contentUrl":"https:\/\/fairfaxcryobank.com\/wp-content\/uploads\/frozen-nitrogen-sperm-storage.jpg","width":2560,"height":1920,"caption":"Sample Storage in test-tube laboratory"},{"@type":"BreadcrumbList","@id":"https:\/\/fairfaxcryobank.com\/br\/banco-de-semen#breadcrumb","itemListElement":[{"@type":"ListItem","position":1,"name":"Home","item":"https:\/\/fairfaxcryobank.com\/br"},{"@type":"ListItem","position":2,"name":"Banco de S\u00eamen"}]},{"@type":"WebSite","@id":"https:\/\/fairfaxcryobank.com\/br#website","url":"https:\/\/fairfaxcryobank.com\/br","name":"Fairfax Cryobank - Find a Sperm Donor","description":"Top-Tier Sperm Bank","publisher":{"@id":"https:\/\/fairfaxcryobank.com\/br#organization"},"potentialAction":[{"@type":"SearchAction","target":{"@type":"EntryPoint","urlTemplate":"https:\/\/fairfaxcryobank.com\/br?s={search_term_string}"},"query-input":{"@type":"PropertyValueSpecification","valueRequired":true,"valueName":"search_term_string"}}],"inLanguage":"pt-BR"},{"@type":"Organization","@id":"https:\/\/fairfaxcryobank.com\/br#organization","name":"Fairfax Cryobank","url":"https:\/\/fairfaxcryobank.com\/br","logo":{"@type":"ImageObject","inLanguage":"pt-BR","@id":"https:\/\/fairfaxcryobank.com\/br#\/schema\/logo\/image\/","url":"https:\/\/fairfaxcryobank.com\/wp-content\/uploads\/logo.webp","contentUrl":"https:\/\/fairfaxcryobank.com\/wp-content\/uploads\/logo.webp","width":1,"height":1,"caption":"Fairfax Cryobank"},"image":{"@id":"https:\/\/fairfaxcryobank.com\/br#\/schema\/logo\/image\/"},"sameAs":["https:\/\/www.facebook.com\/fairfax.cryobank","https:\/\/x.com\/FairfaxCryobank","https:\/\/www.instagram.com\/fairfaxcryobank\/","https:\/\/www.pinterest.com\/fairfaxcryo\/"]}]}},"post_mailing_queue_ids":[],"_links":{"self":[{"href":"https:\/\/fairfaxcryobank.com\/br\/wp-json\/wp\/v2\/pages\/2009","targetHints":{"allow":["GET"]}}],"collection":[{"href":"https:\/\/fairfaxcryobank.com\/br\/wp-json\/wp\/v2\/pages"}],"about":[{"href":"https:\/\/fairfaxcryobank.com\/br\/wp-json\/wp\/v2\/types\/page"}],"author":[{"embeddable":true,"href":"https:\/\/fairfaxcryobank.com\/br\/wp-json\/wp\/v2\/users\/1"}],"replies":[{"embeddable":true,"href":"https:\/\/fairfaxcryobank.com\/br\/wp-json\/wp\/v2\/comments?post=2009"}],"version-history":[{"count":5,"href":"https:\/\/fairfaxcryobank.com\/br\/wp-json\/wp\/v2\/pages\/2009\/revisions"}],"predecessor-version":[{"id":20132,"href":"https:\/\/fairfaxcryobank.com\/br\/wp-json\/wp\/v2\/pages\/2009\/revisions\/20132"}],"wp:featuredmedia":[{"embeddable":true,"href":"https:\/\/fairfaxcryobank.com\/br\/wp-json\/wp\/v2\/media\/10563"}],"wp:attachment":[{"href":"https:\/\/fairfaxcryobank.com\/br\/wp-json\/wp\/v2\/media?parent=2009"}],"curies":[{"name":"wp","href":"https:\/\/api.w.org\/{rel}","templated":true}]}}