{"id":2012,"date":"2019-06-03T09:56:24","date_gmt":"2019-06-03T09:56:24","guid":{"rendered":"https:\/\/fairfaxcryobank.com\/?page_id=2012"},"modified":"2022-02-17T10:25:47","modified_gmt":"2022-02-17T15:25:47","slug":"terapia-de-reposicao-hormonal","status":"publish","type":"page","link":"https:\/\/fairfaxcryobank.com\/br\/terapia-de-reposicao-hormonal","title":{"rendered":"Terapia de Reposi\u00e7\u00e3o Hormonal e Preserva\u00e7\u00e3o da Fertilidade do Cliente"},"content":{"rendered":"\n<h2 class=\"wp-block-heading\"><strong>No Fairfax, voc\u00ea preserva sua fertilidade antes da TRH.<\/strong><\/h2>\n\n\n\n<p>Aqueles que querem preservar suas op\u00e7\u00f5es de fertilidade para o futuro podem coletar suas amostras e armazen\u00e1-las criopreservadas at\u00e9 que estejam prontos para construir sua fam\u00edlia.<\/p>\n\n\n\n<p>Os horm\u00f4nios ex\u00f3genos utilizados na terapia de reposi\u00e7\u00e3o hormonal (TRH) para a afirma\u00e7\u00e3o de g\u00eanero e a transi\u00e7\u00e3o cir\u00fargica atrav\u00e9s da gonadectomia (remo\u00e7\u00e3o dos test\u00edculos) afetam a fertilidade de um indiv\u00edduo. Estrog\u00eanio, progesterona, finasterida e outros antiandr\u00f3genos usados no tratamento TRH, podem alterar permanentemente a capacidade do corpo de produzir s\u00eamen. \u00c9 ideal coletar amostras de s\u00eamen antes do in\u00edcio do uso de horm\u00f4nios ex\u00f3genos. Se um individuo come\u00e7ou a tomar horm\u00f4nios, pode ser poss\u00edvel recuperar o s\u00eamen saud\u00e1vel ap\u00f3s a descontinua\u00e7\u00e3o dos horm\u00f4nios. Verifica-se que a fertilidade de alguns indiv\u00edduos \u00e9 restaurada de 3 a 6 meses ap\u00f3s a interrup\u00e7\u00e3o da terapia hormonal; outros indiv\u00edduos n\u00e3o foram capazes de recuperar sua fertilidade, independentemente do per\u00edodo de tempo ap\u00f3s parar de tomar horm\u00f4nios.<\/p>\n\n\n\n<p>Pessoas trans devem ser instru\u00eddas e aconselhadas sobre suas op\u00e7\u00f5es na preserva\u00e7\u00e3o da fertilidade. Novamente, armazenar amostras antes do in\u00edcio da supress\u00e3o puberal e da terapia de reposi\u00e7\u00e3o hormonal \u00e9 recomendado. N\u00e3o \u00e9 poss\u00edvel que indiv\u00edduos na fase da pr\u00e9-puberdade depositem suas amostras no Cryobank. Se o seu filho teve a puberdade anulada por uso de GnHR (horm\u00f4nio liberador de gonadotrofina), pode ser poss\u00edvel retomar a puberdade com interrup\u00e7\u00e3o do tratamento, o que permitiria a produ\u00e7\u00e3o de amostras para criopreserva\u00e7\u00e3o. A maioria das crian\u00e7as que sofrem supress\u00e3o puberal pular\u00e1 o processo da puberdade e iniciar\u00e1 a terapia de reposi\u00e7\u00e3o hormonal, sendo assim, incapazes de produzir amostra para criopreserva\u00e7\u00e3o.<\/p>\n\n\n\n<p>As decis\u00f5es tomadas em rela\u00e7\u00e3o \u00e0 preserva\u00e7\u00e3o da fertilidade e interrup\u00e7\u00e3o ou atraso da terapia de reposi\u00e7\u00e3o hormonal devem ser discutidas com um profissional m\u00e9dico.<\/p>\n\n\n\n<p>Para depositar uma amostra no Cryobank, \u00e9 preciso ser capaz de produzir uma amostra por auto-masturba\u00e7\u00e3o. Se um indiv\u00edduo n\u00e3o conseguir produzir uma amostra, ele pode consultar um especialista para remover o esperma diretamente dos test\u00edculos. O esperma testicular n\u00e3o pode ser usado na insemina\u00e7\u00e3o, mas pode fertilizar com sucesso um \u00f3vulo usando fertiliza\u00e7\u00e3o in vitro ou inje\u00e7\u00e3o intracitoplasm\u00e1tica de s\u00eamen. O s\u00eamen criopreservado pelo Cryobank pode ser usado em insemina\u00e7\u00f5es intrauterinas, insemina\u00e7\u00e3o intracervical, fertiliza\u00e7\u00e3o in vitro ou inje\u00e7\u00e3o intracitoplasm\u00e1tica de s\u00eamen.<\/p>\n\n\n\n<p>Para mais informa\u00e7\u00f5es de como podemos ajudar nesse processo, entre em contato conosco em algum de nossos meios de comunica\u00e7\u00e3o.<\/p>\n\n\n\n<hr class=\"wp-block-separator is-style-wide\"\/>\n\n\n\n<h3 class=\"wp-block-heading\"><strong>Recursos para Fam\u00edlias Trans<\/strong><\/h3>\n\n\n\n<p>Abaixo temos alguns sites em ingles que podem auxiliar <\/p>\n\n\n\n<ul class=\"wp-block-list\"><li><a href=\"https:\/\/fairfaxcryobank.com\/wp-content\/uploads\/Trans-Flyer-2020.pdf\">Folheto Fairfax Cryobank:<\/a> Preservando sua Fertilidade &#8211; Op\u00e7\u00f5es para Indiv\u00edduos que buscam terapia de reposi\u00e7\u00e3o hormonal<\/li><li><a href=\"https:\/\/fairfaxcryobank.com\/enhanced-gender-affirming-hormone-therapy-overview-1\" rel=\"noreferrer noopener\" target=\"_blank\">Gender Affirming Hormone Therapy Client Depositor Overview<\/a><\/li><li><a href=\"https:\/\/www.strongfamilyalliance.org\/parent-guide\/\">Strong Family Alliance<\/a><\/li><li><a href=\"https:\/\/translifeline.org\/\">TransLifeline<\/a><\/li><li><a href=\"https:\/\/gsanetwork.org\">GSA Network<\/a><\/li><li><a href=\"https:\/\/www.genderspectrum.org\">Gender Spectrum<\/a><\/li><\/ul>\n\n\n\n<p><\/p>\n","protected":false},"excerpt":{"rendered":"<p>No Fairfax, voc\u00ea preserva sua fertilidade antes da TRH. Aqueles que querem preservar suas op\u00e7\u00f5es de fertilidade para o futuro podem coletar suas amostras e armazen\u00e1-las criopreservadas at\u00e9 que estejam prontos para construir sua fam\u00edlia. Os horm\u00f4nios ex\u00f3genos utilizados na terapia de reposi\u00e7\u00e3o hormonal (TRH) para a afirma\u00e7\u00e3o de g\u00eanero &#8230;<\/p>\n","protected":false},"author":1,"featured_media":4538,"parent":0,"menu_order":0,"comment_status":"closed","ping_status":"closed","template":"","meta":{"footnotes":""},"class_list":["post-2012","page","type-page","status-publish","has-post-thumbnail","hentry"],"yoast_head":"<!-- This site is optimized with the Yoast SEO plugin v27.1.1 - https:\/\/yoast.com\/product\/yoast-seo-wordpress\/ -->\n<title>Fertility Preservation before Gender Affirming Hormone Replacement Therapy<\/title>\n<meta name=\"description\" content=\"For those interested in preserving your fertility before GAHT (gender-affirming hormone replacement therapy,) Fairfax Cryobank is here to help. Learn more here.\" \/>\n<meta name=\"robots\" content=\"index, follow, max-snippet:-1, max-image-preview:large, max-video-preview:-1\" \/>\n<link rel=\"canonical\" href=\"https:\/\/fairfaxcryobank.com\/br\/terapia-de-reposicao-hormonal\" \/>\n<meta property=\"og:locale\" content=\"pt_BR\" \/>\n<meta property=\"og:type\" content=\"article\" \/>\n<meta property=\"og:title\" content=\"Fertility Preservation before Gender Affirming Hormone Replacement Therapy\" \/>\n<meta property=\"og:description\" content=\"For those interested in preserving your fertility before GAHT (gender-affirming hormone replacement therapy,) Fairfax Cryobank is here to help. Learn more here.\" \/>\n<meta property=\"og:url\" content=\"https:\/\/fairfaxcryobank.com\/br\/terapia-de-reposicao-hormonal\" \/>\n<meta property=\"og:site_name\" content=\"Fairfax Cryobank - Find a Sperm Donor\" \/>\n<meta property=\"article:publisher\" content=\"https:\/\/www.facebook.com\/fairfax.cryobank\" \/>\n<meta property=\"article:modified_time\" content=\"2022-02-17T15:25:47+00:00\" \/>\n<meta property=\"og:image\" content=\"https:\/\/fairfaxcryobank.com\/wp-content\/uploads\/Open-Door-Badges_Rainbow-Flags.png\" \/>\n\t<meta property=\"og:image:width\" content=\"500\" \/>\n\t<meta property=\"og:image:height\" content=\"500\" \/>\n\t<meta property=\"og:image:type\" content=\"image\/png\" \/>\n<meta name=\"twitter:card\" content=\"summary_large_image\" \/>\n<meta name=\"twitter:site\" content=\"@FairfaxCryobank\" \/>\n<meta name=\"twitter:label1\" content=\"Est. tempo de leitura\" \/>\n\t<meta name=\"twitter:data1\" content=\"3 minutos\" \/>\n<script type=\"application\/ld+json\" class=\"yoast-schema-graph\">{\"@context\":\"https:\/\/schema.org\",\"@graph\":[{\"@type\":\"WebPage\",\"@id\":\"https:\/\/fairfaxcryobank.com\/br\/terapia-de-reposicao-hormonal\",\"url\":\"https:\/\/fairfaxcryobank.com\/br\/terapia-de-reposicao-hormonal\",\"name\":\"Fertility Preservation before Gender Affirming Hormone Replacement Therapy\",\"isPartOf\":{\"@id\":\"https:\/\/fairfaxcryobank.com\/br#website\"},\"primaryImageOfPage\":{\"@id\":\"https:\/\/fairfaxcryobank.com\/br\/terapia-de-reposicao-hormonal#primaryimage\"},\"image\":{\"@id\":\"https:\/\/fairfaxcryobank.com\/br\/terapia-de-reposicao-hormonal#primaryimage\"},\"thumbnailUrl\":\"https:\/\/fairfaxcryobank.com\/wp-content\/uploads\/Open-Door-Badges_Rainbow-Flags.png\",\"datePublished\":\"2019-06-03T09:56:24+00:00\",\"dateModified\":\"2022-02-17T15:25:47+00:00\",\"description\":\"For those interested in preserving your fertility before GAHT (gender-affirming hormone replacement therapy,) Fairfax Cryobank is here to help. Learn more here.\",\"breadcrumb\":{\"@id\":\"https:\/\/fairfaxcryobank.com\/br\/terapia-de-reposicao-hormonal#breadcrumb\"},\"inLanguage\":\"pt-BR\",\"potentialAction\":[{\"@type\":\"ReadAction\",\"target\":[\"https:\/\/fairfaxcryobank.com\/br\/terapia-de-reposicao-hormonal\"]}]},{\"@type\":\"ImageObject\",\"inLanguage\":\"pt-BR\",\"@id\":\"https:\/\/fairfaxcryobank.com\/br\/terapia-de-reposicao-hormonal#primaryimage\",\"url\":\"https:\/\/fairfaxcryobank.com\/wp-content\/uploads\/Open-Door-Badges_Rainbow-Flags.png\",\"contentUrl\":\"https:\/\/fairfaxcryobank.com\/wp-content\/uploads\/Open-Door-Badges_Rainbow-Flags.png\",\"width\":500,\"height\":500,\"caption\":\"hrt fertility preservation\"},{\"@type\":\"BreadcrumbList\",\"@id\":\"https:\/\/fairfaxcryobank.com\/br\/terapia-de-reposicao-hormonal#breadcrumb\",\"itemListElement\":[{\"@type\":\"ListItem\",\"position\":1,\"name\":\"Home\",\"item\":\"https:\/\/fairfaxcryobank.com\/br\"},{\"@type\":\"ListItem\",\"position\":2,\"name\":\"Terapia de Reposi\u00e7\u00e3o Hormonal e Preserva\u00e7\u00e3o da Fertilidade do Cliente\"}]},{\"@type\":\"WebSite\",\"@id\":\"https:\/\/fairfaxcryobank.com\/br#website\",\"url\":\"https:\/\/fairfaxcryobank.com\/br\",\"name\":\"Fairfax Cryobank - Find a Sperm Donor\",\"description\":\"Top-Tier Sperm Bank\",\"publisher\":{\"@id\":\"https:\/\/fairfaxcryobank.com\/br#organization\"},\"potentialAction\":[{\"@type\":\"SearchAction\",\"target\":{\"@type\":\"EntryPoint\",\"urlTemplate\":\"https:\/\/fairfaxcryobank.com\/br?s={search_term_string}\"},\"query-input\":{\"@type\":\"PropertyValueSpecification\",\"valueRequired\":true,\"valueName\":\"search_term_string\"}}],\"inLanguage\":\"pt-BR\"},{\"@type\":\"Organization\",\"@id\":\"https:\/\/fairfaxcryobank.com\/br#organization\",\"name\":\"Fairfax Cryobank\",\"url\":\"https:\/\/fairfaxcryobank.com\/br\",\"logo\":{\"@type\":\"ImageObject\",\"inLanguage\":\"pt-BR\",\"@id\":\"https:\/\/fairfaxcryobank.com\/br#\/schema\/logo\/image\/\",\"url\":\"https:\/\/fairfaxcryobank.com\/wp-content\/uploads\/logo.webp\",\"contentUrl\":\"https:\/\/fairfaxcryobank.com\/wp-content\/uploads\/logo.webp\",\"width\":1,\"height\":1,\"caption\":\"Fairfax Cryobank\"},\"image\":{\"@id\":\"https:\/\/fairfaxcryobank.com\/br#\/schema\/logo\/image\/\"},\"sameAs\":[\"https:\/\/www.facebook.com\/fairfax.cryobank\",\"https:\/\/x.com\/FairfaxCryobank\",\"https:\/\/www.instagram.com\/fairfaxcryobank\/\",\"https:\/\/www.pinterest.com\/fairfaxcryo\/\"]}]}<\/script>\n<!-- \/ Yoast SEO plugin. -->","yoast_head_json":{"title":"Fertility Preservation before Gender Affirming Hormone Replacement Therapy","description":"For those interested in preserving your fertility before GAHT (gender-affirming hormone replacement therapy,) Fairfax Cryobank is here to help. Learn more here.","robots":{"index":"index","follow":"follow","max-snippet":"max-snippet:-1","max-image-preview":"max-image-preview:large","max-video-preview":"max-video-preview:-1"},"canonical":"https:\/\/fairfaxcryobank.com\/br\/terapia-de-reposicao-hormonal","og_locale":"pt_BR","og_type":"article","og_title":"Fertility Preservation before Gender Affirming Hormone Replacement Therapy","og_description":"For those interested in preserving your fertility before GAHT (gender-affirming hormone replacement therapy,) Fairfax Cryobank is here to help. Learn more here.","og_url":"https:\/\/fairfaxcryobank.com\/br\/terapia-de-reposicao-hormonal","og_site_name":"Fairfax Cryobank - Find a Sperm Donor","article_publisher":"https:\/\/www.facebook.com\/fairfax.cryobank","article_modified_time":"2022-02-17T15:25:47+00:00","og_image":[{"width":500,"height":500,"url":"https:\/\/fairfaxcryobank.com\/wp-content\/uploads\/Open-Door-Badges_Rainbow-Flags.png","type":"image\/png"}],"twitter_card":"summary_large_image","twitter_site":"@FairfaxCryobank","twitter_misc":{"Est. tempo de leitura":"3 minutos"},"schema":{"@context":"https:\/\/schema.org","@graph":[{"@type":"WebPage","@id":"https:\/\/fairfaxcryobank.com\/br\/terapia-de-reposicao-hormonal","url":"https:\/\/fairfaxcryobank.com\/br\/terapia-de-reposicao-hormonal","name":"Fertility Preservation before Gender Affirming Hormone Replacement Therapy","isPartOf":{"@id":"https:\/\/fairfaxcryobank.com\/br#website"},"primaryImageOfPage":{"@id":"https:\/\/fairfaxcryobank.com\/br\/terapia-de-reposicao-hormonal#primaryimage"},"image":{"@id":"https:\/\/fairfaxcryobank.com\/br\/terapia-de-reposicao-hormonal#primaryimage"},"thumbnailUrl":"https:\/\/fairfaxcryobank.com\/wp-content\/uploads\/Open-Door-Badges_Rainbow-Flags.png","datePublished":"2019-06-03T09:56:24+00:00","dateModified":"2022-02-17T15:25:47+00:00","description":"For those interested in preserving your fertility before GAHT (gender-affirming hormone replacement therapy,) Fairfax Cryobank is here to help. Learn more here.","breadcrumb":{"@id":"https:\/\/fairfaxcryobank.com\/br\/terapia-de-reposicao-hormonal#breadcrumb"},"inLanguage":"pt-BR","potentialAction":[{"@type":"ReadAction","target":["https:\/\/fairfaxcryobank.com\/br\/terapia-de-reposicao-hormonal"]}]},{"@type":"ImageObject","inLanguage":"pt-BR","@id":"https:\/\/fairfaxcryobank.com\/br\/terapia-de-reposicao-hormonal#primaryimage","url":"https:\/\/fairfaxcryobank.com\/wp-content\/uploads\/Open-Door-Badges_Rainbow-Flags.png","contentUrl":"https:\/\/fairfaxcryobank.com\/wp-content\/uploads\/Open-Door-Badges_Rainbow-Flags.png","width":500,"height":500,"caption":"hrt fertility preservation"},{"@type":"BreadcrumbList","@id":"https:\/\/fairfaxcryobank.com\/br\/terapia-de-reposicao-hormonal#breadcrumb","itemListElement":[{"@type":"ListItem","position":1,"name":"Home","item":"https:\/\/fairfaxcryobank.com\/br"},{"@type":"ListItem","position":2,"name":"Terapia de Reposi\u00e7\u00e3o Hormonal e Preserva\u00e7\u00e3o da Fertilidade do Cliente"}]},{"@type":"WebSite","@id":"https:\/\/fairfaxcryobank.com\/br#website","url":"https:\/\/fairfaxcryobank.com\/br","name":"Fairfax Cryobank - Find a Sperm Donor","description":"Top-Tier Sperm Bank","publisher":{"@id":"https:\/\/fairfaxcryobank.com\/br#organization"},"potentialAction":[{"@type":"SearchAction","target":{"@type":"EntryPoint","urlTemplate":"https:\/\/fairfaxcryobank.com\/br?s={search_term_string}"},"query-input":{"@type":"PropertyValueSpecification","valueRequired":true,"valueName":"search_term_string"}}],"inLanguage":"pt-BR"},{"@type":"Organization","@id":"https:\/\/fairfaxcryobank.com\/br#organization","name":"Fairfax Cryobank","url":"https:\/\/fairfaxcryobank.com\/br","logo":{"@type":"ImageObject","inLanguage":"pt-BR","@id":"https:\/\/fairfaxcryobank.com\/br#\/schema\/logo\/image\/","url":"https:\/\/fairfaxcryobank.com\/wp-content\/uploads\/logo.webp","contentUrl":"https:\/\/fairfaxcryobank.com\/wp-content\/uploads\/logo.webp","width":1,"height":1,"caption":"Fairfax Cryobank"},"image":{"@id":"https:\/\/fairfaxcryobank.com\/br#\/schema\/logo\/image\/"},"sameAs":["https:\/\/www.facebook.com\/fairfax.cryobank","https:\/\/x.com\/FairfaxCryobank","https:\/\/www.instagram.com\/fairfaxcryobank\/","https:\/\/www.pinterest.com\/fairfaxcryo\/"]}]}},"post_mailing_queue_ids":[],"_links":{"self":[{"href":"https:\/\/fairfaxcryobank.com\/br\/wp-json\/wp\/v2\/pages\/2012","targetHints":{"allow":["GET"]}}],"collection":[{"href":"https:\/\/fairfaxcryobank.com\/br\/wp-json\/wp\/v2\/pages"}],"about":[{"href":"https:\/\/fairfaxcryobank.com\/br\/wp-json\/wp\/v2\/types\/page"}],"author":[{"embeddable":true,"href":"https:\/\/fairfaxcryobank.com\/br\/wp-json\/wp\/v2\/users\/1"}],"replies":[{"embeddable":true,"href":"https:\/\/fairfaxcryobank.com\/br\/wp-json\/wp\/v2\/comments?post=2012"}],"version-history":[{"count":5,"href":"https:\/\/fairfaxcryobank.com\/br\/wp-json\/wp\/v2\/pages\/2012\/revisions"}],"predecessor-version":[{"id":20392,"href":"https:\/\/fairfaxcryobank.com\/br\/wp-json\/wp\/v2\/pages\/2012\/revisions\/20392"}],"wp:featuredmedia":[{"embeddable":true,"href":"https:\/\/fairfaxcryobank.com\/br\/wp-json\/wp\/v2\/media\/4538"}],"wp:attachment":[{"href":"https:\/\/fairfaxcryobank.com\/br\/wp-json\/wp\/v2\/media?parent=2012"}],"curies":[{"name":"wp","href":"https:\/\/api.w.org\/{rel}","templated":true}]}}