{"id":2015,"date":"2019-09-03T14:52:01","date_gmt":"2019-09-03T14:52:01","guid":{"rendered":"https:\/\/fairfaxcryobank.com\/?page_id=2015"},"modified":"2020-08-28T05:08:36","modified_gmt":"2020-08-28T09:08:36","slug":"futuros-pais","status":"publish","type":"page","link":"https:\/\/fairfaxcryobank.com\/br\/futuros-pais","title":{"rendered":"Futuros pais"},"content":{"rendered":"\n<h2 class=\"wp-block-heading\"><strong>Comece a trabalhar em dire\u00e7\u00e3o aos seus objetivos de constru\u00e7\u00e3o da sua fam\u00edlia com o Fairfax Cryobank<\/strong><\/h2>\n\n\n\n<p>N\u00e3o importa a sua situa\u00e7\u00e3o, o\nFairfax Cryobank apoia os sonhos de constru\u00e7\u00e3o de fam\u00edlias, independentemente\ndo estado civil, g\u00eanero ou orienta\u00e7\u00e3o sexual. <a href=\"\/mission-statement-fairfax\">Nossa miss\u00e3o no\nFairfax Cryobank<\/a> \u00e9 ajudar todos os sonhos de\nconstru\u00e7\u00e3o de fam\u00edlias, sendo um l\u00edder no setor com doadores da mais alta\nqualidade.<\/p>\n\n\n\n<p>Desde 1986, o Fairfax Cryobank \u00e9 a escolha confi\u00e1vel para s\u00eamen doado. Comece hoje com suas metas de planejamento familiar enquanto voc\u00ea procura o doador de s\u00eamen ideal entre os mais de 450 doadores selecionados nos Estados Unidos. Depois de selecionar seu doador e estar pronto para prosseguir, nossa equipe de <a href=\"\/contact-us\">Atendimento ao Cliente<\/a> estar\u00e1 dispon\u00edvel para ajud\u00e1-la no processo; basta ligar para nossa equipe atrav\u00e9s do (11) 5084-2588 ou (11) 98111-3455.<\/p>\n\n\n\n<p><strong>Para mais informa\u00e7\u00f5es sobre o constru\u00e7\u00e3o de fam\u00edlia com s\u00eamen doado, visite estas p\u00e1ginas:<\/strong><\/p>\n\n\n\n<ul class=\"wp-block-list\"><li><a href=\"\/couples-facing-infertility\">Couples Facing\nInfertility<\/a> &gt; Casais que enfrentam a infertilidade<\/li><li><a href=\"\/single-mothers\">Single Mothers by Choice<\/a> &gt;\nProdu\u00e7\u00e3o independente<\/li><li><a href=\"\/lgbt-families\">LGBTX Families<\/a><\/li><li><a href=\"\/families-with-genetic\">Families with\nHistory of Genetic Diseases<\/a> &gt;Fam\u00edlias com\nhist\u00f3ria de doen\u00e7a gen\u00e9tica <\/li><li><a href=\"https:\/\/fairfaxcryobank.com\/children-by-donor-insemination\">Children by Donor\nInsemination<\/a>&gt; Crian\u00e7as por insemina\u00e7\u00e3o de\ndoadores<\/li><\/ul>\n\n\n\n<p><\/p>\n","protected":false},"excerpt":{"rendered":"<p>Comece a trabalhar em dire\u00e7\u00e3o aos seus objetivos de constru\u00e7\u00e3o da sua fam\u00edlia com o Fairfax Cryobank N\u00e3o importa a sua situa\u00e7\u00e3o, o Fairfax Cryobank apoia os sonhos de constru\u00e7\u00e3o de fam\u00edlias, independentemente do estado civil, g\u00eanero ou orienta\u00e7\u00e3o sexual. Nossa miss\u00e3o no Fairfax Cryobank \u00e9 ajudar todos os sonhos &#8230;<\/p>\n","protected":false},"author":1,"featured_media":1469,"parent":0,"menu_order":0,"comment_status":"closed","ping_status":"closed","template":"","meta":{"footnotes":""},"class_list":["post-2015","page","type-page","status-publish","has-post-thumbnail","hentry"],"yoast_head":"<!-- This site is optimized with the Yoast SEO plugin v27.1.1 - https:\/\/yoast.com\/product\/yoast-seo-wordpress\/ -->\n<title>Futuros pais | Fairfax Cryobank<\/title>\n<meta name=\"description\" content=\"O prop\u00f3sito do Fairfax Cryobank \u00e9 ajudar voc\u00ea a construir sua fam\u00edlia.\" \/>\n<meta name=\"robots\" content=\"index, follow, max-snippet:-1, max-image-preview:large, max-video-preview:-1\" \/>\n<link rel=\"canonical\" href=\"https:\/\/fairfaxcryobank.com\/br\/futuros-pais\" \/>\n<meta property=\"og:locale\" content=\"pt_BR\" \/>\n<meta property=\"og:type\" content=\"article\" \/>\n<meta property=\"og:title\" content=\"Futuros pais | Fairfax Cryobank\" \/>\n<meta property=\"og:description\" content=\"O prop\u00f3sito do Fairfax Cryobank \u00e9 ajudar voc\u00ea a construir sua fam\u00edlia.\" \/>\n<meta property=\"og:url\" content=\"https:\/\/fairfaxcryobank.com\/br\/futuros-pais\" \/>\n<meta property=\"og:site_name\" content=\"Fairfax Cryobank - Find a Sperm Donor\" \/>\n<meta property=\"article:publisher\" content=\"https:\/\/www.facebook.com\/fairfax.cryobank\" \/>\n<meta property=\"article:modified_time\" content=\"2020-08-28T09:08:36+00:00\" \/>\n<meta property=\"og:image\" content=\"https:\/\/fairfaxcryobank.com\/wp-content\/uploads\/test.jpg\" \/>\n\t<meta property=\"og:image:width\" content=\"750\" \/>\n\t<meta property=\"og:image:height\" content=\"523\" \/>\n\t<meta property=\"og:image:type\" content=\"image\/jpeg\" \/>\n<meta name=\"twitter:card\" content=\"summary_large_image\" \/>\n<meta name=\"twitter:site\" content=\"@FairfaxCryobank\" \/>\n<meta name=\"twitter:label1\" content=\"Est. tempo de leitura\" \/>\n\t<meta name=\"twitter:data1\" content=\"1 minuto\" \/>\n<script type=\"application\/ld+json\" class=\"yoast-schema-graph\">{\"@context\":\"https:\/\/schema.org\",\"@graph\":[{\"@type\":\"WebPage\",\"@id\":\"https:\/\/fairfaxcryobank.com\/br\/futuros-pais\",\"url\":\"https:\/\/fairfaxcryobank.com\/br\/futuros-pais\",\"name\":\"Futuros pais | Fairfax Cryobank\",\"isPartOf\":{\"@id\":\"https:\/\/fairfaxcryobank.com\/br#website\"},\"primaryImageOfPage\":{\"@id\":\"https:\/\/fairfaxcryobank.com\/br\/futuros-pais#primaryimage\"},\"image\":{\"@id\":\"https:\/\/fairfaxcryobank.com\/br\/futuros-pais#primaryimage\"},\"thumbnailUrl\":\"https:\/\/fairfaxcryobank.com\/wp-content\/uploads\/test.jpg\",\"datePublished\":\"2019-09-03T14:52:01+00:00\",\"dateModified\":\"2020-08-28T09:08:36+00:00\",\"description\":\"O prop\u00f3sito do Fairfax Cryobank \u00e9 ajudar voc\u00ea a construir sua fam\u00edlia.\",\"breadcrumb\":{\"@id\":\"https:\/\/fairfaxcryobank.com\/br\/futuros-pais#breadcrumb\"},\"inLanguage\":\"pt-BR\",\"potentialAction\":[{\"@type\":\"ReadAction\",\"target\":[\"https:\/\/fairfaxcryobank.com\/br\/futuros-pais\"]}]},{\"@type\":\"ImageObject\",\"inLanguage\":\"pt-BR\",\"@id\":\"https:\/\/fairfaxcryobank.com\/br\/futuros-pais#primaryimage\",\"url\":\"https:\/\/fairfaxcryobank.com\/wp-content\/uploads\/test.jpg\",\"contentUrl\":\"https:\/\/fairfaxcryobank.com\/wp-content\/uploads\/test.jpg\",\"width\":750,\"height\":523,\"caption\":\"Portrait of beautiful pregnant woman holding her belly in bedroom\"},{\"@type\":\"BreadcrumbList\",\"@id\":\"https:\/\/fairfaxcryobank.com\/br\/futuros-pais#breadcrumb\",\"itemListElement\":[{\"@type\":\"ListItem\",\"position\":1,\"name\":\"Home\",\"item\":\"https:\/\/fairfaxcryobank.com\/br\"},{\"@type\":\"ListItem\",\"position\":2,\"name\":\"Futuros pais\"}]},{\"@type\":\"WebSite\",\"@id\":\"https:\/\/fairfaxcryobank.com\/br#website\",\"url\":\"https:\/\/fairfaxcryobank.com\/br\",\"name\":\"Fairfax Cryobank - Find a Sperm Donor\",\"description\":\"Top-Tier Sperm Bank\",\"publisher\":{\"@id\":\"https:\/\/fairfaxcryobank.com\/br#organization\"},\"potentialAction\":[{\"@type\":\"SearchAction\",\"target\":{\"@type\":\"EntryPoint\",\"urlTemplate\":\"https:\/\/fairfaxcryobank.com\/br?s={search_term_string}\"},\"query-input\":{\"@type\":\"PropertyValueSpecification\",\"valueRequired\":true,\"valueName\":\"search_term_string\"}}],\"inLanguage\":\"pt-BR\"},{\"@type\":\"Organization\",\"@id\":\"https:\/\/fairfaxcryobank.com\/br#organization\",\"name\":\"Fairfax Cryobank\",\"url\":\"https:\/\/fairfaxcryobank.com\/br\",\"logo\":{\"@type\":\"ImageObject\",\"inLanguage\":\"pt-BR\",\"@id\":\"https:\/\/fairfaxcryobank.com\/br#\/schema\/logo\/image\/\",\"url\":\"https:\/\/fairfaxcryobank.com\/wp-content\/uploads\/logo.webp\",\"contentUrl\":\"https:\/\/fairfaxcryobank.com\/wp-content\/uploads\/logo.webp\",\"width\":1,\"height\":1,\"caption\":\"Fairfax Cryobank\"},\"image\":{\"@id\":\"https:\/\/fairfaxcryobank.com\/br#\/schema\/logo\/image\/\"},\"sameAs\":[\"https:\/\/www.facebook.com\/fairfax.cryobank\",\"https:\/\/x.com\/FairfaxCryobank\",\"https:\/\/www.instagram.com\/fairfaxcryobank\/\",\"https:\/\/www.pinterest.com\/fairfaxcryo\/\"]}]}<\/script>\n<!-- \/ Yoast SEO plugin. -->","yoast_head_json":{"title":"Futuros pais | Fairfax Cryobank","description":"O prop\u00f3sito do Fairfax Cryobank \u00e9 ajudar voc\u00ea a construir sua fam\u00edlia.","robots":{"index":"index","follow":"follow","max-snippet":"max-snippet:-1","max-image-preview":"max-image-preview:large","max-video-preview":"max-video-preview:-1"},"canonical":"https:\/\/fairfaxcryobank.com\/br\/futuros-pais","og_locale":"pt_BR","og_type":"article","og_title":"Futuros pais | Fairfax Cryobank","og_description":"O prop\u00f3sito do Fairfax Cryobank \u00e9 ajudar voc\u00ea a construir sua fam\u00edlia.","og_url":"https:\/\/fairfaxcryobank.com\/br\/futuros-pais","og_site_name":"Fairfax Cryobank - Find a Sperm Donor","article_publisher":"https:\/\/www.facebook.com\/fairfax.cryobank","article_modified_time":"2020-08-28T09:08:36+00:00","og_image":[{"width":750,"height":523,"url":"https:\/\/fairfaxcryobank.com\/wp-content\/uploads\/test.jpg","type":"image\/jpeg"}],"twitter_card":"summary_large_image","twitter_site":"@FairfaxCryobank","twitter_misc":{"Est. tempo de leitura":"1 minuto"},"schema":{"@context":"https:\/\/schema.org","@graph":[{"@type":"WebPage","@id":"https:\/\/fairfaxcryobank.com\/br\/futuros-pais","url":"https:\/\/fairfaxcryobank.com\/br\/futuros-pais","name":"Futuros pais | Fairfax Cryobank","isPartOf":{"@id":"https:\/\/fairfaxcryobank.com\/br#website"},"primaryImageOfPage":{"@id":"https:\/\/fairfaxcryobank.com\/br\/futuros-pais#primaryimage"},"image":{"@id":"https:\/\/fairfaxcryobank.com\/br\/futuros-pais#primaryimage"},"thumbnailUrl":"https:\/\/fairfaxcryobank.com\/wp-content\/uploads\/test.jpg","datePublished":"2019-09-03T14:52:01+00:00","dateModified":"2020-08-28T09:08:36+00:00","description":"O prop\u00f3sito do Fairfax Cryobank \u00e9 ajudar voc\u00ea a construir sua fam\u00edlia.","breadcrumb":{"@id":"https:\/\/fairfaxcryobank.com\/br\/futuros-pais#breadcrumb"},"inLanguage":"pt-BR","potentialAction":[{"@type":"ReadAction","target":["https:\/\/fairfaxcryobank.com\/br\/futuros-pais"]}]},{"@type":"ImageObject","inLanguage":"pt-BR","@id":"https:\/\/fairfaxcryobank.com\/br\/futuros-pais#primaryimage","url":"https:\/\/fairfaxcryobank.com\/wp-content\/uploads\/test.jpg","contentUrl":"https:\/\/fairfaxcryobank.com\/wp-content\/uploads\/test.jpg","width":750,"height":523,"caption":"Portrait of beautiful pregnant woman holding her belly in bedroom"},{"@type":"BreadcrumbList","@id":"https:\/\/fairfaxcryobank.com\/br\/futuros-pais#breadcrumb","itemListElement":[{"@type":"ListItem","position":1,"name":"Home","item":"https:\/\/fairfaxcryobank.com\/br"},{"@type":"ListItem","position":2,"name":"Futuros pais"}]},{"@type":"WebSite","@id":"https:\/\/fairfaxcryobank.com\/br#website","url":"https:\/\/fairfaxcryobank.com\/br","name":"Fairfax Cryobank - Find a Sperm Donor","description":"Top-Tier Sperm Bank","publisher":{"@id":"https:\/\/fairfaxcryobank.com\/br#organization"},"potentialAction":[{"@type":"SearchAction","target":{"@type":"EntryPoint","urlTemplate":"https:\/\/fairfaxcryobank.com\/br?s={search_term_string}"},"query-input":{"@type":"PropertyValueSpecification","valueRequired":true,"valueName":"search_term_string"}}],"inLanguage":"pt-BR"},{"@type":"Organization","@id":"https:\/\/fairfaxcryobank.com\/br#organization","name":"Fairfax Cryobank","url":"https:\/\/fairfaxcryobank.com\/br","logo":{"@type":"ImageObject","inLanguage":"pt-BR","@id":"https:\/\/fairfaxcryobank.com\/br#\/schema\/logo\/image\/","url":"https:\/\/fairfaxcryobank.com\/wp-content\/uploads\/logo.webp","contentUrl":"https:\/\/fairfaxcryobank.com\/wp-content\/uploads\/logo.webp","width":1,"height":1,"caption":"Fairfax Cryobank"},"image":{"@id":"https:\/\/fairfaxcryobank.com\/br#\/schema\/logo\/image\/"},"sameAs":["https:\/\/www.facebook.com\/fairfax.cryobank","https:\/\/x.com\/FairfaxCryobank","https:\/\/www.instagram.com\/fairfaxcryobank\/","https:\/\/www.pinterest.com\/fairfaxcryo\/"]}]}},"post_mailing_queue_ids":[],"_links":{"self":[{"href":"https:\/\/fairfaxcryobank.com\/br\/wp-json\/wp\/v2\/pages\/2015","targetHints":{"allow":["GET"]}}],"collection":[{"href":"https:\/\/fairfaxcryobank.com\/br\/wp-json\/wp\/v2\/pages"}],"about":[{"href":"https:\/\/fairfaxcryobank.com\/br\/wp-json\/wp\/v2\/types\/page"}],"author":[{"embeddable":true,"href":"https:\/\/fairfaxcryobank.com\/br\/wp-json\/wp\/v2\/users\/1"}],"replies":[{"embeddable":true,"href":"https:\/\/fairfaxcryobank.com\/br\/wp-json\/wp\/v2\/comments?post=2015"}],"version-history":[{"count":0,"href":"https:\/\/fairfaxcryobank.com\/br\/wp-json\/wp\/v2\/pages\/2015\/revisions"}],"wp:featuredmedia":[{"embeddable":true,"href":"https:\/\/fairfaxcryobank.com\/br\/wp-json\/wp\/v2\/media\/1469"}],"wp:attachment":[{"href":"https:\/\/fairfaxcryobank.com\/br\/wp-json\/wp\/v2\/media?parent=2015"}],"curies":[{"name":"wp","href":"https:\/\/api.w.org\/{rel}","templated":true}]}}