{"id":2021,"date":"2019-06-03T09:55:06","date_gmt":"2019-06-03T09:55:06","guid":{"rendered":"https:\/\/fairfaxcryobank.com\/?page_id=2021"},"modified":"2022-01-06T17:05:18","modified_gmt":"2022-01-06T22:05:18","slug":"lgbtqx-friendly","status":"publish","type":"page","link":"https:\/\/fairfaxcryobank.com\/br\/lgbtqx-friendly","title":{"rendered":"Banco de s\u00eamen LGBTQ &#8211; Friendly"},"content":{"rendered":"\n<div class=\"wp-block-cover has-cyan-bluish-gray-background-color has-background-dim\" style=\"background-image:url(https:\/\/fairfaxcryobank.com\/wp-content\/uploads\/20190903_215702.jpg)\"><div class=\"wp-block-cover__inner-container is-layout-flow wp-block-cover-is-layout-flow\">\n<p class=\"has-text-align-center has-large-font-size\"><strong><em>Fairfax Cryobank ap\u00f3ia a constru\u00e7\u00e3o de fam\u00edlias para nossa comunidade diversificada de fam\u00edlias.<\/em><\/strong><\/p>\n<\/div><\/div>\n\n\n\n<h2 class=\"wp-block-heading\"><strong>Saiba mais sobre nosso banco de s\u00eamen inclusivo<\/strong><\/h2>\n\n\n\n<p>O Fairfax Cryobank \u00e9 comprometido em fornecer um conjunto diversificado de doadores de sem\u00ean de alta qualidade a todos os pacientes; Isso inclui atender a todos os indiv\u00edduos que precisam de s\u00eamen de um doador para construir sua fam\u00edlia. O Fairfax honra e abra\u00e7a seu papel na constru\u00e7\u00e3o de fam\u00edlias LGBTQ+ atrav\u00e9s de nosso banco LGBTQ-friendly, doadores de s\u00eamen e nossos servi\u00e7os de criopreserva\u00e7\u00e3o e armazenamento.<\/p>\n\n\n\n<p>Nossos doadores de semen s\u00e3o extensivamente examinados e testados para garantir a mais alta qualidade de doadores e s\u00eamen. Muitos dos nossos doadores t\u00eam amigos ou familiares que j\u00e1 usaram servi\u00e7os de reprodu\u00e7\u00e3o para construir suas fam\u00edlias, como doadores de s\u00eamen, doadoras de \u00f3vulos e servi\u00e7os de criopreserva\u00e7\u00e3o e armazenamento.<\/p>\n\n\n\n<p>Cada uma de nossas unidades oferece servi\u00e7os de banco de s\u00eamen para indiv\u00edduos que est\u00e3o armazenando para seu pr\u00f3prio uso no futuro ou doando para um destinat\u00e1rio desconhecido. Se voc\u00ea \u00e9 um indiv\u00edduo que est\u00e1 iniciando sua jornada de transi\u00e7\u00e3o e gostaria de depositar s\u00eamen antes de come\u00e7ar a terapia hormonal, voc\u00ea pode armazen\u00e1-lo conosco.<\/p>\n\n\n\n<hr class=\"wp-block-separator\"\/>\n\n\n\n<figure class=\"wp-block-image size-large\"><img loading=\"lazy\" decoding=\"async\" width=\"1024\" height=\"683\" src=\"https:\/\/fairfaxcryobank.com\/wp-content\/uploads\/\/Brittany-Bradberry-photo-1024x683.jpg\" alt=\"fairfax cryobank family testimonial\" class=\"wp-image-8483\" srcset=\"https:\/\/fairfaxcryobank.com\/wp-content\/uploads\/Brittany-Bradberry-photo-1024x683.jpg 1024w, https:\/\/fairfaxcryobank.com\/wp-content\/uploads\/Brittany-Bradberry-photo-300x200.jpg 300w, https:\/\/fairfaxcryobank.com\/wp-content\/uploads\/Brittany-Bradberry-photo-768x512.jpg 768w, https:\/\/fairfaxcryobank.com\/wp-content\/uploads\/Brittany-Bradberry-photo-1536x1024.jpg 1536w, https:\/\/fairfaxcryobank.com\/wp-content\/uploads\/Brittany-Bradberry-photo-2048x1366.jpg 2048w\" sizes=\"auto, (max-width: 1024px) 100vw, 1024px\" \/><\/figure>\n\n\n\n<p class=\"has-background has-text-align-center has-very-light-gray-background-color\"><em><strong>\u201cMinha esposa e eu come\u00e7amos a pensar em come\u00e7ar uma fam\u00edlia em 2017. Nem sab\u00edamos por onde come\u00e7ar a tentar encontrar um doador. Ningu\u00e9m se comparou a Fairfax quando come\u00e7amos a explorar os locais! A combina\u00e7\u00e3o de rosto foi realmente incr\u00edvel. Nosso filho se parece com n\u00f3s duas !! As pessoas ficam constantemente surpresas com o quanto nosso filho se parece comigo, embora eu n\u00e3o tenha engravidado dele. N\u00e3o poder\u00edamos estar mais felizes com nossa escolha. Obrigada por nos ajudar a escolher o doador perfeito.<\/strong>&#8220;<\/em><br><em> <strong>-As Bradberrys<\/strong> <\/em><\/p>\n","protected":false},"excerpt":{"rendered":"<p>Saiba mais sobre nosso banco de s\u00eamen inclusivo O Fairfax Cryobank \u00e9 comprometido em fornecer um conjunto diversificado de doadores de sem\u00ean de alta qualidade a todos os pacientes; Isso inclui atender a todos os indiv\u00edduos que precisam de s\u00eamen de um doador para construir sua fam\u00edlia. O Fairfax honra &#8230;<\/p>\n","protected":false},"author":1,"featured_media":2852,"parent":0,"menu_order":0,"comment_status":"closed","ping_status":"closed","template":"","meta":{"footnotes":""},"class_list":["post-2021","page","type-page","status-publish","has-post-thumbnail","hentry"],"yoast_head":"<!-- This site is optimized with the Yoast SEO plugin v27.1.1 - https:\/\/yoast.com\/product\/yoast-seo-wordpress\/ -->\n<title>Banco de s\u00eamen LGBTQ - Friendly | Fairfax Cryobank<\/title>\n<meta name=\"description\" content=\"Fairfax Cryobank is a proud LGBTQX-friendly sperm bank. Since 1986 Fairfax has supported all family building dreams, regardless of sexual orientation.\" \/>\n<meta name=\"robots\" content=\"index, follow, max-snippet:-1, max-image-preview:large, max-video-preview:-1\" \/>\n<link rel=\"canonical\" href=\"https:\/\/fairfaxcryobank.com\/br\/lgbtqx-friendly\" \/>\n<meta property=\"og:locale\" content=\"pt_BR\" \/>\n<meta property=\"og:type\" content=\"article\" \/>\n<meta property=\"og:title\" content=\"Banco de s\u00eamen LGBTQ - Friendly | Fairfax Cryobank\" \/>\n<meta property=\"og:description\" content=\"Fairfax Cryobank is a proud LGBTQX-friendly sperm bank. Since 1986 Fairfax has supported all family building dreams, regardless of sexual orientation.\" \/>\n<meta property=\"og:url\" content=\"https:\/\/fairfaxcryobank.com\/br\/lgbtqx-friendly\" \/>\n<meta property=\"og:site_name\" content=\"Fairfax Cryobank - Find a Sperm Donor\" \/>\n<meta property=\"article:publisher\" content=\"https:\/\/www.facebook.com\/fairfax.cryobank\" \/>\n<meta property=\"article:modified_time\" content=\"2022-01-06T22:05:18+00:00\" \/>\n<meta property=\"og:image\" content=\"https:\/\/fairfaxcryobank.com\/wp-content\/uploads\/20190903_215702.jpg\" \/>\n\t<meta property=\"og:image:width\" content=\"1080\" \/>\n\t<meta property=\"og:image:height\" content=\"711\" \/>\n\t<meta property=\"og:image:type\" content=\"image\/jpeg\" \/>\n<meta name=\"twitter:card\" content=\"summary_large_image\" \/>\n<meta name=\"twitter:site\" content=\"@FairfaxCryobank\" \/>\n<meta name=\"twitter:label1\" content=\"Est. tempo de leitura\" \/>\n\t<meta name=\"twitter:data1\" content=\"2 minutos\" \/>\n<script type=\"application\/ld+json\" class=\"yoast-schema-graph\">{\"@context\":\"https:\/\/schema.org\",\"@graph\":[{\"@type\":\"WebPage\",\"@id\":\"https:\/\/fairfaxcryobank.com\/br\/lgbtqx-friendly\",\"url\":\"https:\/\/fairfaxcryobank.com\/br\/lgbtqx-friendly\",\"name\":\"Banco de s\u00eamen LGBTQ - Friendly | Fairfax Cryobank\",\"isPartOf\":{\"@id\":\"https:\/\/fairfaxcryobank.com\/br#website\"},\"primaryImageOfPage\":{\"@id\":\"https:\/\/fairfaxcryobank.com\/br\/lgbtqx-friendly#primaryimage\"},\"image\":{\"@id\":\"https:\/\/fairfaxcryobank.com\/br\/lgbtqx-friendly#primaryimage\"},\"thumbnailUrl\":\"https:\/\/fairfaxcryobank.com\/wp-content\/uploads\/20190903_215702.jpg\",\"datePublished\":\"2019-06-03T09:55:06+00:00\",\"dateModified\":\"2022-01-06T22:05:18+00:00\",\"description\":\"Fairfax Cryobank is a proud LGBTQX-friendly sperm bank. Since 1986 Fairfax has supported all family building dreams, regardless of sexual orientation.\",\"breadcrumb\":{\"@id\":\"https:\/\/fairfaxcryobank.com\/br\/lgbtqx-friendly#breadcrumb\"},\"inLanguage\":\"pt-BR\",\"potentialAction\":[{\"@type\":\"ReadAction\",\"target\":[\"https:\/\/fairfaxcryobank.com\/br\/lgbtqx-friendly\"]}]},{\"@type\":\"ImageObject\",\"inLanguage\":\"pt-BR\",\"@id\":\"https:\/\/fairfaxcryobank.com\/br\/lgbtqx-friendly#primaryimage\",\"url\":\"https:\/\/fairfaxcryobank.com\/wp-content\/uploads\/20190903_215702.jpg\",\"contentUrl\":\"https:\/\/fairfaxcryobank.com\/wp-content\/uploads\/20190903_215702.jpg\",\"width\":1080,\"height\":711,\"caption\":\"lgbt friendly sperm bank\"},{\"@type\":\"BreadcrumbList\",\"@id\":\"https:\/\/fairfaxcryobank.com\/br\/lgbtqx-friendly#breadcrumb\",\"itemListElement\":[{\"@type\":\"ListItem\",\"position\":1,\"name\":\"Home\",\"item\":\"https:\/\/fairfaxcryobank.com\/br\"},{\"@type\":\"ListItem\",\"position\":2,\"name\":\"Banco de s\u00eamen LGBTQ &#8211; Friendly\"}]},{\"@type\":\"WebSite\",\"@id\":\"https:\/\/fairfaxcryobank.com\/br#website\",\"url\":\"https:\/\/fairfaxcryobank.com\/br\",\"name\":\"Fairfax Cryobank - Find a Sperm Donor\",\"description\":\"Top-Tier Sperm Bank\",\"publisher\":{\"@id\":\"https:\/\/fairfaxcryobank.com\/br#organization\"},\"potentialAction\":[{\"@type\":\"SearchAction\",\"target\":{\"@type\":\"EntryPoint\",\"urlTemplate\":\"https:\/\/fairfaxcryobank.com\/br?s={search_term_string}\"},\"query-input\":{\"@type\":\"PropertyValueSpecification\",\"valueRequired\":true,\"valueName\":\"search_term_string\"}}],\"inLanguage\":\"pt-BR\"},{\"@type\":\"Organization\",\"@id\":\"https:\/\/fairfaxcryobank.com\/br#organization\",\"name\":\"Fairfax Cryobank\",\"url\":\"https:\/\/fairfaxcryobank.com\/br\",\"logo\":{\"@type\":\"ImageObject\",\"inLanguage\":\"pt-BR\",\"@id\":\"https:\/\/fairfaxcryobank.com\/br#\/schema\/logo\/image\/\",\"url\":\"https:\/\/fairfaxcryobank.com\/wp-content\/uploads\/logo.webp\",\"contentUrl\":\"https:\/\/fairfaxcryobank.com\/wp-content\/uploads\/logo.webp\",\"width\":1,\"height\":1,\"caption\":\"Fairfax Cryobank\"},\"image\":{\"@id\":\"https:\/\/fairfaxcryobank.com\/br#\/schema\/logo\/image\/\"},\"sameAs\":[\"https:\/\/www.facebook.com\/fairfax.cryobank\",\"https:\/\/x.com\/FairfaxCryobank\",\"https:\/\/www.instagram.com\/fairfaxcryobank\/\",\"https:\/\/www.pinterest.com\/fairfaxcryo\/\"]}]}<\/script>\n<!-- \/ Yoast SEO plugin. -->","yoast_head_json":{"title":"Banco de s\u00eamen LGBTQ - Friendly | Fairfax Cryobank","description":"Fairfax Cryobank is a proud LGBTQX-friendly sperm bank. Since 1986 Fairfax has supported all family building dreams, regardless of sexual orientation.","robots":{"index":"index","follow":"follow","max-snippet":"max-snippet:-1","max-image-preview":"max-image-preview:large","max-video-preview":"max-video-preview:-1"},"canonical":"https:\/\/fairfaxcryobank.com\/br\/lgbtqx-friendly","og_locale":"pt_BR","og_type":"article","og_title":"Banco de s\u00eamen LGBTQ - Friendly | Fairfax Cryobank","og_description":"Fairfax Cryobank is a proud LGBTQX-friendly sperm bank. Since 1986 Fairfax has supported all family building dreams, regardless of sexual orientation.","og_url":"https:\/\/fairfaxcryobank.com\/br\/lgbtqx-friendly","og_site_name":"Fairfax Cryobank - Find a Sperm Donor","article_publisher":"https:\/\/www.facebook.com\/fairfax.cryobank","article_modified_time":"2022-01-06T22:05:18+00:00","og_image":[{"width":1080,"height":711,"url":"https:\/\/fairfaxcryobank.com\/wp-content\/uploads\/20190903_215702.jpg","type":"image\/jpeg"}],"twitter_card":"summary_large_image","twitter_site":"@FairfaxCryobank","twitter_misc":{"Est. tempo de leitura":"2 minutos"},"schema":{"@context":"https:\/\/schema.org","@graph":[{"@type":"WebPage","@id":"https:\/\/fairfaxcryobank.com\/br\/lgbtqx-friendly","url":"https:\/\/fairfaxcryobank.com\/br\/lgbtqx-friendly","name":"Banco de s\u00eamen LGBTQ - Friendly | Fairfax Cryobank","isPartOf":{"@id":"https:\/\/fairfaxcryobank.com\/br#website"},"primaryImageOfPage":{"@id":"https:\/\/fairfaxcryobank.com\/br\/lgbtqx-friendly#primaryimage"},"image":{"@id":"https:\/\/fairfaxcryobank.com\/br\/lgbtqx-friendly#primaryimage"},"thumbnailUrl":"https:\/\/fairfaxcryobank.com\/wp-content\/uploads\/20190903_215702.jpg","datePublished":"2019-06-03T09:55:06+00:00","dateModified":"2022-01-06T22:05:18+00:00","description":"Fairfax Cryobank is a proud LGBTQX-friendly sperm bank. Since 1986 Fairfax has supported all family building dreams, regardless of sexual orientation.","breadcrumb":{"@id":"https:\/\/fairfaxcryobank.com\/br\/lgbtqx-friendly#breadcrumb"},"inLanguage":"pt-BR","potentialAction":[{"@type":"ReadAction","target":["https:\/\/fairfaxcryobank.com\/br\/lgbtqx-friendly"]}]},{"@type":"ImageObject","inLanguage":"pt-BR","@id":"https:\/\/fairfaxcryobank.com\/br\/lgbtqx-friendly#primaryimage","url":"https:\/\/fairfaxcryobank.com\/wp-content\/uploads\/20190903_215702.jpg","contentUrl":"https:\/\/fairfaxcryobank.com\/wp-content\/uploads\/20190903_215702.jpg","width":1080,"height":711,"caption":"lgbt friendly sperm bank"},{"@type":"BreadcrumbList","@id":"https:\/\/fairfaxcryobank.com\/br\/lgbtqx-friendly#breadcrumb","itemListElement":[{"@type":"ListItem","position":1,"name":"Home","item":"https:\/\/fairfaxcryobank.com\/br"},{"@type":"ListItem","position":2,"name":"Banco de s\u00eamen LGBTQ &#8211; Friendly"}]},{"@type":"WebSite","@id":"https:\/\/fairfaxcryobank.com\/br#website","url":"https:\/\/fairfaxcryobank.com\/br","name":"Fairfax Cryobank - Find a Sperm Donor","description":"Top-Tier Sperm Bank","publisher":{"@id":"https:\/\/fairfaxcryobank.com\/br#organization"},"potentialAction":[{"@type":"SearchAction","target":{"@type":"EntryPoint","urlTemplate":"https:\/\/fairfaxcryobank.com\/br?s={search_term_string}"},"query-input":{"@type":"PropertyValueSpecification","valueRequired":true,"valueName":"search_term_string"}}],"inLanguage":"pt-BR"},{"@type":"Organization","@id":"https:\/\/fairfaxcryobank.com\/br#organization","name":"Fairfax Cryobank","url":"https:\/\/fairfaxcryobank.com\/br","logo":{"@type":"ImageObject","inLanguage":"pt-BR","@id":"https:\/\/fairfaxcryobank.com\/br#\/schema\/logo\/image\/","url":"https:\/\/fairfaxcryobank.com\/wp-content\/uploads\/logo.webp","contentUrl":"https:\/\/fairfaxcryobank.com\/wp-content\/uploads\/logo.webp","width":1,"height":1,"caption":"Fairfax Cryobank"},"image":{"@id":"https:\/\/fairfaxcryobank.com\/br#\/schema\/logo\/image\/"},"sameAs":["https:\/\/www.facebook.com\/fairfax.cryobank","https:\/\/x.com\/FairfaxCryobank","https:\/\/www.instagram.com\/fairfaxcryobank\/","https:\/\/www.pinterest.com\/fairfaxcryo\/"]}]}},"post_mailing_queue_ids":[],"_links":{"self":[{"href":"https:\/\/fairfaxcryobank.com\/br\/wp-json\/wp\/v2\/pages\/2021","targetHints":{"allow":["GET"]}}],"collection":[{"href":"https:\/\/fairfaxcryobank.com\/br\/wp-json\/wp\/v2\/pages"}],"about":[{"href":"https:\/\/fairfaxcryobank.com\/br\/wp-json\/wp\/v2\/types\/page"}],"author":[{"embeddable":true,"href":"https:\/\/fairfaxcryobank.com\/br\/wp-json\/wp\/v2\/users\/1"}],"replies":[{"embeddable":true,"href":"https:\/\/fairfaxcryobank.com\/br\/wp-json\/wp\/v2\/comments?post=2021"}],"version-history":[{"count":2,"href":"https:\/\/fairfaxcryobank.com\/br\/wp-json\/wp\/v2\/pages\/2021\/revisions"}],"predecessor-version":[{"id":19703,"href":"https:\/\/fairfaxcryobank.com\/br\/wp-json\/wp\/v2\/pages\/2021\/revisions\/19703"}],"wp:featuredmedia":[{"embeddable":true,"href":"https:\/\/fairfaxcryobank.com\/br\/wp-json\/wp\/v2\/media\/2852"}],"wp:attachment":[{"href":"https:\/\/fairfaxcryobank.com\/br\/wp-json\/wp\/v2\/media?parent=2021"}],"curies":[{"name":"wp","href":"https:\/\/api.w.org\/{rel}","templated":true}]}}