{"id":2029,"date":"2015-05-05T12:17:17","date_gmt":"2015-05-05T12:17:17","guid":{"rendered":"https:\/\/fairfaxcryobank.com\/?page_id=2029"},"modified":"2022-01-22T15:32:43","modified_gmt":"2022-01-22T20:32:43","slug":"nossa-historia","status":"publish","type":"page","link":"https:\/\/fairfaxcryobank.com\/br\/nossa-historia","title":{"rendered":"Nossa Hist\u00f3ria"},"content":{"rendered":"\n<h2 class=\"wp-block-heading\">Linha do tempo do Fairfax Cryobank<\/h2>\n\n\n\n<h3 class=\"wp-block-heading\"><strong>1984<\/strong><\/h3>\n\n\n\n<h4 class=\"wp-block-heading\"><strong>Tudo come\u00e7ou com o <a href=\"https:\/\/www.givf.com\/index.shtml\">Genetics &amp; IVF Institute <\/a><\/strong><\/h4>\n\n\n\n<p>Fundado pelo Dr. Joseph D. Schulman em 1984 em Fairfax, Virg\u00ednia, o Genetics &amp; IVF Institute \u00e9 a primeira instala\u00e7\u00e3o cl\u00ednica e laboratorial projetada desde o in\u00edcio para fornecer servi\u00e7os ambulatoriais totalmente integrados e abrangentes nas \u00e1reas de gen\u00e9tica humana e infertilidade. Al\u00e9m de ter um dos maiores programas nos EUA em infertilidade, incluindo fertiliza\u00e7\u00e3o in vitro (FIV) e inje\u00e7\u00e3o intracitoplasm\u00e1tica de espermatoz\u00f3ide (ICSI), gen\u00e9tica m\u00e9dica e diagn\u00f3stico pr\u00e9-natal, o Instituto desenvolveu um dos principais programas de criopreserva\u00e7\u00e3o do mundo.<\/p>\n\n\n\n<p>Em 1986, o Genetics &amp; IVF Institute estabeleceu uma divis\u00e3o de criopreserva\u00e7\u00e3o com uma das mais destacadas equipes de criobiologia do mundo liderada pelo Dr. Edward F. Fugger. O Instituto se tornou um centro pioneiro na aplica\u00e7\u00e3o da criobiologia tendo produzido os primeiros embri\u00f5es g\u00eameos humanos congelados nos EUA, estabelecido um dos maiores laborat\u00f3rios de criopreserva\u00e7\u00e3o e armazenamento de embri\u00f5es humanos no pa\u00eds, fundado um dos maiores bancos de esperma humano do mundo , e iniciou o primeiro programa de criopreserva\u00e7\u00e3o de tecido ovariano humano nos EUA.<\/p>\n\n\n\n<h3 class=\"wp-block-heading\"><strong>1986<\/strong><\/h3>\n\n\n\n<h4 class=\"wp-block-heading\"><strong>Nasce o Fairfax Cryobank<\/strong><\/h4>\n\n\n\n<p>Em 1986, o Genetics &amp; IVF Institute fundou o Fairfax Cryobank com o objetivo de fornecer s\u00eamen congelado de doadores com um padr\u00e3o mais elevado do que qualquer coisa oferecida na \u00e9poca. Desde o in\u00edcio, o Fairfax Cryobank ofereceu exames gen\u00e9ticos e infecciosos mais completos e espermatozoides de alta qualidade.<\/p>\n\n\n\n<p>Os m\u00e9dicos que visitaram o Instituto e observaram os resultados das amostras de doadores congeladas come\u00e7aram a solicitar o uso de amostras de doadores Fairfax Cryobank em seus pr\u00f3prios centros de infertilidade. Embora n\u00e3o fosse a inten\u00e7\u00e3o original fornecer amostras fora do Instituto, devido aos pedidos cont\u00ednuos de m\u00e9dicos e pacientes, o Fairfax Cryobank agora fornece s\u00eamen de doadores a m\u00e9dicos e centros m\u00e9dicos universit\u00e1rios em todos os 50 estados e em muitos pa\u00edses estrangeiros. Mediante solicita\u00e7\u00e3o de pacientes, m\u00e9dicos e v\u00e1rias instala\u00e7\u00f5es m\u00e9dicas, o Cryobank tamb\u00e9m come\u00e7ou a fornecer congelamento e armazenamento de s\u00eamen para pacientes que desejam ter suas amostras criopreservadas para uso futuro.<\/p>\n\n\n\n<p>O Programa de Armazenamento de Embri\u00f5es do Fairfax Cryobank armazena esp\u00e9cimes reprodutivos de longo prazo desde 1986. Temos ampla experi\u00eancia no transporte de amostras de e para consult\u00f3rios m\u00e9dicos em todos os 50 estados e em muitos pa\u00edses do mundo. Nossas instala\u00e7\u00f5es est\u00e3o equipadas com tecnologia de ponta. Os embri\u00f5es s\u00e3o armazenados em tanques de nitrog\u00eanio l\u00edquido de \u00faltima gera\u00e7\u00e3o que n\u00e3o dependem de eletricidade para mant\u00ea-los congelados. Esses tanques de armazenamento s\u00e3o monitorados 24 horas por dia, 7 dias por semana.<\/p>\n\n\n\n<h3 class=\"wp-block-heading\"><strong>2002<\/strong><\/h3>\n\n\n\n<h4 class=\"wp-block-heading\"><strong>Cryogenic Laboratories, Inc. se junta a fam\u00edlia Fairfax<\/strong><\/h4>\n\n\n\n<p>Cryogenic Laboratories, Inc., o primeiro banco comercial de esperma desenvolvido nos Estados Unidos, juntou-se \u00e0 fam\u00edlia de Cryobanks do Genetics &amp; IVF Institute em 2002. Essa afilia\u00e7\u00e3o fornece aos pacientes ainda mais op\u00e7\u00f5es ao considerar um doador de esperma. Os doadores CLI est\u00e3o dispon\u00edveis por meio da pesquisa Fairfax Cryobank.<\/p>\n\n\n\n<h3 class=\"wp-block-heading\"><strong>2006<\/strong><\/h3>\n\n\n\n<h4 class=\"wp-block-heading\"><strong>Lan\u00e7amento do Fairfax EggBank<\/strong><\/h4>\n\n\n\n<p>Em 2006, nasce a empresa irm\u00e3 do Fairfax Cryobank,  a Fairfax EggBank, como parte do popular programa de doadores de ovos frescos no Genetics &amp; IVF Institute. Como um dos maiores e mais experientes bancos de \u00f3vulos do mundo, o Fairfax EggBank agora envia \u00f3vulos congelados de doadores para mais de 350 cl\u00ednicas de fertiliza\u00e7\u00e3o in vitro nos Estados Unidos e Canad\u00e1.<\/p>\n\n\n\n<h3 class=\"wp-block-heading\"><strong>2016<\/strong><\/h3>\n\n\n\n<h4 class=\"wp-block-heading\"><strong>Pacific Reproductive Services se junta a fam\u00edlia Fairfax<\/strong><\/h4>\n\n\n\n<p>Fairfax Cryobank deu as boas-vindas \u00e0 Pacific Reproductive Services (PRS) na fam\u00edlia Fairfax Cryobank em 2015. PRS \u00e9 um respeitado banco de esperma e cl\u00ednica de fertilidade que data de 1984. Fundada por l\u00e9sbicas, a PRS tem uma paix\u00e3o e foco em apoiar todos os sonhos de planejamento familiar das mulheres, desde m\u00e3es solteiras por op\u00e7\u00e3o para LGBTQ +.<\/p>\n\n\n\n<h3 class=\"wp-block-heading\"><strong>Hoje &amp; Futuro<\/strong><\/h3>\n\n\n\n<p>Hoje, pacientes, m\u00e9dicos e centros m\u00e9dicos ao redor do mundo usam s\u00eamen de doadores Fairfax Cryobank por causa de sua experi\u00eancia e confian\u00e7a na sele\u00e7\u00e3o de doadores, triagem, testes de doen\u00e7as infecciosas e gen\u00e9ticas, padr\u00f5es de qualidade do esperma e servi\u00e7o do Fairfax Cryobank.<\/p>\n","protected":false},"excerpt":{"rendered":"<p>Linha do tempo do Fairfax Cryobank 1984 Tudo come\u00e7ou com o Genetics &amp; IVF Institute Fundado pelo Dr. Joseph D. Schulman em 1984 em Fairfax, Virg\u00ednia, o Genetics &amp; IVF Institute \u00e9 a primeira instala\u00e7\u00e3o cl\u00ednica e laboratorial projetada desde o in\u00edcio para fornecer servi\u00e7os ambulatoriais totalmente integrados e abrangentes &#8230;<\/p>\n","protected":false},"author":1,"featured_media":0,"parent":0,"menu_order":0,"comment_status":"closed","ping_status":"closed","template":"","meta":{"footnotes":""},"class_list":["post-2029","page","type-page","status-publish","hentry"],"yoast_head":"<!-- This site is optimized with the Yoast SEO plugin v27.1.1 - https:\/\/yoast.com\/product\/yoast-seo-wordpress\/ -->\n<title>Nossa Hist\u00f3ria | Fairfax Cryobank<\/title>\n<meta name=\"description\" content=\"Read about Fairfax Cryobank&#039;s history, from our start at Genetics &amp; IVF Institute, to our plans for the future.\" \/>\n<meta name=\"robots\" content=\"index, follow, max-snippet:-1, max-image-preview:large, max-video-preview:-1\" \/>\n<link rel=\"canonical\" href=\"https:\/\/fairfaxcryobank.com\/br\/nossa-historia\" \/>\n<meta property=\"og:locale\" content=\"pt_BR\" \/>\n<meta property=\"og:type\" content=\"article\" \/>\n<meta property=\"og:title\" content=\"Nossa Hist\u00f3ria | Fairfax Cryobank\" \/>\n<meta property=\"og:description\" content=\"Read about Fairfax Cryobank&#039;s history, from our start at Genetics &amp; IVF Institute, to our plans for the future.\" \/>\n<meta property=\"og:url\" content=\"https:\/\/fairfaxcryobank.com\/br\/nossa-historia\" \/>\n<meta property=\"og:site_name\" content=\"Fairfax Cryobank - Find a Sperm Donor\" \/>\n<meta property=\"article:publisher\" content=\"https:\/\/www.facebook.com\/fairfax.cryobank\" \/>\n<meta property=\"article:modified_time\" content=\"2022-01-22T20:32:43+00:00\" \/>\n<meta name=\"twitter:card\" content=\"summary_large_image\" \/>\n<meta name=\"twitter:site\" content=\"@FairfaxCryobank\" \/>\n<meta name=\"twitter:label1\" content=\"Est. tempo de leitura\" \/>\n\t<meta name=\"twitter:data1\" content=\"4 minutos\" \/>\n<script type=\"application\/ld+json\" class=\"yoast-schema-graph\">{\"@context\":\"https:\/\/schema.org\",\"@graph\":[{\"@type\":\"WebPage\",\"@id\":\"https:\/\/fairfaxcryobank.com\/br\/nossa-historia\",\"url\":\"https:\/\/fairfaxcryobank.com\/br\/nossa-historia\",\"name\":\"Nossa Hist\u00f3ria | Fairfax Cryobank\",\"isPartOf\":{\"@id\":\"https:\/\/fairfaxcryobank.com\/br#website\"},\"datePublished\":\"2015-05-05T12:17:17+00:00\",\"dateModified\":\"2022-01-22T20:32:43+00:00\",\"description\":\"Read about Fairfax Cryobank's history, from our start at Genetics & IVF Institute, to our plans for the future.\",\"breadcrumb\":{\"@id\":\"https:\/\/fairfaxcryobank.com\/br\/nossa-historia#breadcrumb\"},\"inLanguage\":\"pt-BR\",\"potentialAction\":[{\"@type\":\"ReadAction\",\"target\":[\"https:\/\/fairfaxcryobank.com\/br\/nossa-historia\"]}]},{\"@type\":\"BreadcrumbList\",\"@id\":\"https:\/\/fairfaxcryobank.com\/br\/nossa-historia#breadcrumb\",\"itemListElement\":[{\"@type\":\"ListItem\",\"position\":1,\"name\":\"Home\",\"item\":\"https:\/\/fairfaxcryobank.com\/br\"},{\"@type\":\"ListItem\",\"position\":2,\"name\":\"Nossa Hist\u00f3ria\"}]},{\"@type\":\"WebSite\",\"@id\":\"https:\/\/fairfaxcryobank.com\/br#website\",\"url\":\"https:\/\/fairfaxcryobank.com\/br\",\"name\":\"Fairfax Cryobank - Find a Sperm Donor\",\"description\":\"Top-Tier Sperm Bank\",\"publisher\":{\"@id\":\"https:\/\/fairfaxcryobank.com\/br#organization\"},\"potentialAction\":[{\"@type\":\"SearchAction\",\"target\":{\"@type\":\"EntryPoint\",\"urlTemplate\":\"https:\/\/fairfaxcryobank.com\/br?s={search_term_string}\"},\"query-input\":{\"@type\":\"PropertyValueSpecification\",\"valueRequired\":true,\"valueName\":\"search_term_string\"}}],\"inLanguage\":\"pt-BR\"},{\"@type\":\"Organization\",\"@id\":\"https:\/\/fairfaxcryobank.com\/br#organization\",\"name\":\"Fairfax Cryobank\",\"url\":\"https:\/\/fairfaxcryobank.com\/br\",\"logo\":{\"@type\":\"ImageObject\",\"inLanguage\":\"pt-BR\",\"@id\":\"https:\/\/fairfaxcryobank.com\/br#\/schema\/logo\/image\/\",\"url\":\"https:\/\/fairfaxcryobank.com\/wp-content\/uploads\/logo.webp\",\"contentUrl\":\"https:\/\/fairfaxcryobank.com\/wp-content\/uploads\/logo.webp\",\"width\":1,\"height\":1,\"caption\":\"Fairfax Cryobank\"},\"image\":{\"@id\":\"https:\/\/fairfaxcryobank.com\/br#\/schema\/logo\/image\/\"},\"sameAs\":[\"https:\/\/www.facebook.com\/fairfax.cryobank\",\"https:\/\/x.com\/FairfaxCryobank\",\"https:\/\/www.instagram.com\/fairfaxcryobank\/\",\"https:\/\/www.pinterest.com\/fairfaxcryo\/\"]}]}<\/script>\n<!-- \/ Yoast SEO plugin. -->","yoast_head_json":{"title":"Nossa Hist\u00f3ria | Fairfax Cryobank","description":"Read about Fairfax Cryobank's history, from our start at Genetics & IVF Institute, to our plans for the future.","robots":{"index":"index","follow":"follow","max-snippet":"max-snippet:-1","max-image-preview":"max-image-preview:large","max-video-preview":"max-video-preview:-1"},"canonical":"https:\/\/fairfaxcryobank.com\/br\/nossa-historia","og_locale":"pt_BR","og_type":"article","og_title":"Nossa Hist\u00f3ria | Fairfax Cryobank","og_description":"Read about Fairfax Cryobank's history, from our start at Genetics & IVF Institute, to our plans for the future.","og_url":"https:\/\/fairfaxcryobank.com\/br\/nossa-historia","og_site_name":"Fairfax Cryobank - Find a Sperm Donor","article_publisher":"https:\/\/www.facebook.com\/fairfax.cryobank","article_modified_time":"2022-01-22T20:32:43+00:00","twitter_card":"summary_large_image","twitter_site":"@FairfaxCryobank","twitter_misc":{"Est. tempo de leitura":"4 minutos"},"schema":{"@context":"https:\/\/schema.org","@graph":[{"@type":"WebPage","@id":"https:\/\/fairfaxcryobank.com\/br\/nossa-historia","url":"https:\/\/fairfaxcryobank.com\/br\/nossa-historia","name":"Nossa Hist\u00f3ria | Fairfax Cryobank","isPartOf":{"@id":"https:\/\/fairfaxcryobank.com\/br#website"},"datePublished":"2015-05-05T12:17:17+00:00","dateModified":"2022-01-22T20:32:43+00:00","description":"Read about Fairfax Cryobank's history, from our start at Genetics & IVF Institute, to our plans for the future.","breadcrumb":{"@id":"https:\/\/fairfaxcryobank.com\/br\/nossa-historia#breadcrumb"},"inLanguage":"pt-BR","potentialAction":[{"@type":"ReadAction","target":["https:\/\/fairfaxcryobank.com\/br\/nossa-historia"]}]},{"@type":"BreadcrumbList","@id":"https:\/\/fairfaxcryobank.com\/br\/nossa-historia#breadcrumb","itemListElement":[{"@type":"ListItem","position":1,"name":"Home","item":"https:\/\/fairfaxcryobank.com\/br"},{"@type":"ListItem","position":2,"name":"Nossa Hist\u00f3ria"}]},{"@type":"WebSite","@id":"https:\/\/fairfaxcryobank.com\/br#website","url":"https:\/\/fairfaxcryobank.com\/br","name":"Fairfax Cryobank - Find a Sperm Donor","description":"Top-Tier Sperm Bank","publisher":{"@id":"https:\/\/fairfaxcryobank.com\/br#organization"},"potentialAction":[{"@type":"SearchAction","target":{"@type":"EntryPoint","urlTemplate":"https:\/\/fairfaxcryobank.com\/br?s={search_term_string}"},"query-input":{"@type":"PropertyValueSpecification","valueRequired":true,"valueName":"search_term_string"}}],"inLanguage":"pt-BR"},{"@type":"Organization","@id":"https:\/\/fairfaxcryobank.com\/br#organization","name":"Fairfax Cryobank","url":"https:\/\/fairfaxcryobank.com\/br","logo":{"@type":"ImageObject","inLanguage":"pt-BR","@id":"https:\/\/fairfaxcryobank.com\/br#\/schema\/logo\/image\/","url":"https:\/\/fairfaxcryobank.com\/wp-content\/uploads\/logo.webp","contentUrl":"https:\/\/fairfaxcryobank.com\/wp-content\/uploads\/logo.webp","width":1,"height":1,"caption":"Fairfax Cryobank"},"image":{"@id":"https:\/\/fairfaxcryobank.com\/br#\/schema\/logo\/image\/"},"sameAs":["https:\/\/www.facebook.com\/fairfax.cryobank","https:\/\/x.com\/FairfaxCryobank","https:\/\/www.instagram.com\/fairfaxcryobank\/","https:\/\/www.pinterest.com\/fairfaxcryo\/"]}]}},"post_mailing_queue_ids":[],"_links":{"self":[{"href":"https:\/\/fairfaxcryobank.com\/br\/wp-json\/wp\/v2\/pages\/2029","targetHints":{"allow":["GET"]}}],"collection":[{"href":"https:\/\/fairfaxcryobank.com\/br\/wp-json\/wp\/v2\/pages"}],"about":[{"href":"https:\/\/fairfaxcryobank.com\/br\/wp-json\/wp\/v2\/types\/page"}],"author":[{"embeddable":true,"href":"https:\/\/fairfaxcryobank.com\/br\/wp-json\/wp\/v2\/users\/1"}],"replies":[{"embeddable":true,"href":"https:\/\/fairfaxcryobank.com\/br\/wp-json\/wp\/v2\/comments?post=2029"}],"version-history":[{"count":2,"href":"https:\/\/fairfaxcryobank.com\/br\/wp-json\/wp\/v2\/pages\/2029\/revisions"}],"predecessor-version":[{"id":19690,"href":"https:\/\/fairfaxcryobank.com\/br\/wp-json\/wp\/v2\/pages\/2029\/revisions\/19690"}],"wp:attachment":[{"href":"https:\/\/fairfaxcryobank.com\/br\/wp-json\/wp\/v2\/media?parent=2029"}],"curies":[{"name":"wp","href":"https:\/\/api.w.org\/{rel}","templated":true}]}}