{"id":2036,"date":"2019-09-03T15:02:27","date_gmt":"2019-09-03T15:02:27","guid":{"rendered":"https:\/\/fairfaxcryobank.com\/?page_id=2036"},"modified":"2022-01-06T17:12:48","modified_gmt":"2022-01-06T22:12:48","slug":"seguranca","status":"publish","type":"page","link":"https:\/\/fairfaxcryobank.com\/br\/seguranca","title":{"rendered":"Seguran\u00e7a em primeiro lugar"},"content":{"rendered":"\n<h3 class=\"wp-block-heading\">O Fairfax Cryobank fornece armazenamento seguro para s\u00eamen<\/h3>\n\n\n\n<p>Os bancos de s\u00eamen\ns\u00e3o seguros? Voc\u00ea pode ficar tranquilo sabendo que o Fairfax Cryobank armazena\ncom seguran\u00e7a as amostras criopreservados h\u00e1 mais de 30 anos. Nossas\ninstala\u00e7\u00f5es norte americanas de armazenamento est\u00e3o equipadas com a mais\nrecente tecnologia e incluem sistemas de monitoramento e alarme de \u00faltima\ngera\u00e7\u00e3o.<\/p>\n\n\n\n<h3 class=\"wp-block-heading\"><strong>Abaixo est\u00e3o\nalgumas maneiras do Fairfax fornecer o armazenamento de s\u00eamen mais seguro:<\/strong><\/h3>\n\n\n\n<ul class=\"wp-block-list\"><li><strong>Monitoramento:<\/strong> Para fornecer a preserva\u00e7\u00e3o cont\u00ednua de suas amostras reprodutivas armazenadas, os tanques de nitrog\u00eanio l\u00edquido s\u00e3o configurados com sistemas independentes de monitoramento do n\u00edvel de temperatura e nitrog\u00eanio l\u00edquido.<\/li><li><strong>Sistemas de alarme:<\/strong> Os tanques de armazenamento s\u00e3o conectados a v\u00e1rios sistemas de\u00a0 de alarme, fornecendo medidas de seguran\u00e7a adicionais 24 horas por dia, sete dias por semana.<\/li><li><strong>Alarmes Burgular:<\/strong> Para o acesso controlado \u00e0s nossas instala\u00e7\u00f5es, elas s\u00e3o equipadas com sistemas de alarme, incluindo detectores de movimento e monitores nas portas e janelas.<\/li><li><strong>Cobertura de 24 horas:<\/strong> os funcion\u00e1rios do Fairfax Cryobank est\u00e3o de plant\u00e3o e prontamente dispon\u00edveis para se reportarem \u00e0s instala\u00e7\u00f5es ap\u00f3s o expediente, nos fins de semana e nos feriados.<\/li><li><strong>Sistemas de backup:<\/strong> para garantir a seguran\u00e7a de suas amostras criopreservadas, os tanques de armazenamento de enchimento autom\u00e1tico s\u00e3o equipados com energia reserva e um freezer auxiliar designado \u00e9 mantido no local.<\/li><\/ul>\n\n\n\n<p>Se voc\u00ea estiver interessado em transferir suas amostras congeladas para o Fairfax Cryobank para criopreserva\u00e7\u00e3o e armazenamento em um de nossos locais, entre em contato conosco +55 (11) 5084-2588<\/p>\n","protected":false},"excerpt":{"rendered":"<p>O Fairfax Cryobank fornece armazenamento seguro para s\u00eamen Os bancos de s\u00eamen s\u00e3o seguros? Voc\u00ea pode ficar tranquilo sabendo que o Fairfax Cryobank armazena com seguran\u00e7a as amostras criopreservados h\u00e1 mais de 30 anos. Nossas instala\u00e7\u00f5es norte americanas de armazenamento est\u00e3o equipadas com a mais recente tecnologia e incluem sistemas &#8230;<\/p>\n","protected":false},"author":1,"featured_media":1528,"parent":0,"menu_order":0,"comment_status":"closed","ping_status":"closed","template":"","meta":{"footnotes":""},"class_list":["post-2036","page","type-page","status-publish","has-post-thumbnail","hentry"],"yoast_head":"<!-- This site is optimized with the Yoast SEO plugin v27.1.1 - https:\/\/yoast.com\/product\/yoast-seo-wordpress\/ -->\n<title>Seguran\u00e7a em primeiro lugar | Fairfax Cryobank<\/title>\n<meta name=\"description\" content=\"O Fairfax Cryobank fornece o mais seguro armazenamento de s\u00eamen e embri\u00f5es criopreservados.\" \/>\n<meta name=\"robots\" content=\"index, follow, max-snippet:-1, max-image-preview:large, max-video-preview:-1\" \/>\n<link rel=\"canonical\" href=\"https:\/\/fairfaxcryobank.com\/br\/seguranca\" \/>\n<meta property=\"og:locale\" content=\"pt_BR\" \/>\n<meta property=\"og:type\" content=\"article\" \/>\n<meta property=\"og:title\" content=\"Seguran\u00e7a em primeiro lugar | Fairfax Cryobank\" \/>\n<meta property=\"og:description\" content=\"O Fairfax Cryobank fornece o mais seguro armazenamento de s\u00eamen e embri\u00f5es criopreservados.\" \/>\n<meta property=\"og:url\" content=\"https:\/\/fairfaxcryobank.com\/br\/seguranca\" \/>\n<meta property=\"og:site_name\" content=\"Fairfax Cryobank - Find a Sperm Donor\" \/>\n<meta property=\"article:publisher\" content=\"https:\/\/www.facebook.com\/fairfax.cryobank\" \/>\n<meta property=\"article:modified_time\" content=\"2022-01-06T22:12:48+00:00\" \/>\n<meta property=\"og:image\" content=\"https:\/\/fairfaxcryobank.com\/wp-content\/uploads\/close-up-cctv-camera-in-car-park_Svrx5wguhGx-1024x683.jpg\" \/>\n\t<meta property=\"og:image:width\" content=\"1024\" \/>\n\t<meta property=\"og:image:height\" content=\"683\" \/>\n\t<meta property=\"og:image:type\" content=\"image\/jpeg\" \/>\n<meta name=\"twitter:card\" content=\"summary_large_image\" \/>\n<meta name=\"twitter:site\" content=\"@FairfaxCryobank\" \/>\n<meta name=\"twitter:label1\" content=\"Est. tempo de leitura\" \/>\n\t<meta name=\"twitter:data1\" content=\"1 minuto\" \/>\n<script type=\"application\/ld+json\" class=\"yoast-schema-graph\">{\"@context\":\"https:\/\/schema.org\",\"@graph\":[{\"@type\":\"WebPage\",\"@id\":\"https:\/\/fairfaxcryobank.com\/br\/seguranca\",\"url\":\"https:\/\/fairfaxcryobank.com\/br\/seguranca\",\"name\":\"Seguran\u00e7a em primeiro lugar | Fairfax Cryobank\",\"isPartOf\":{\"@id\":\"https:\/\/fairfaxcryobank.com\/br#website\"},\"primaryImageOfPage\":{\"@id\":\"https:\/\/fairfaxcryobank.com\/br\/seguranca#primaryimage\"},\"image\":{\"@id\":\"https:\/\/fairfaxcryobank.com\/br\/seguranca#primaryimage\"},\"thumbnailUrl\":\"https:\/\/fairfaxcryobank.com\/wp-content\/uploads\/close-up-cctv-camera-in-car-park_Svrx5wguhGx.jpg\",\"datePublished\":\"2019-09-03T15:02:27+00:00\",\"dateModified\":\"2022-01-06T22:12:48+00:00\",\"description\":\"O Fairfax Cryobank fornece o mais seguro armazenamento de s\u00eamen e embri\u00f5es criopreservados.\",\"breadcrumb\":{\"@id\":\"https:\/\/fairfaxcryobank.com\/br\/seguranca#breadcrumb\"},\"inLanguage\":\"pt-BR\",\"potentialAction\":[{\"@type\":\"ReadAction\",\"target\":[\"https:\/\/fairfaxcryobank.com\/br\/seguranca\"]}]},{\"@type\":\"ImageObject\",\"inLanguage\":\"pt-BR\",\"@id\":\"https:\/\/fairfaxcryobank.com\/br\/seguranca#primaryimage\",\"url\":\"https:\/\/fairfaxcryobank.com\/wp-content\/uploads\/close-up-cctv-camera-in-car-park_Svrx5wguhGx.jpg\",\"contentUrl\":\"https:\/\/fairfaxcryobank.com\/wp-content\/uploads\/close-up-cctv-camera-in-car-park_Svrx5wguhGx.jpg\",\"width\":5472,\"height\":3648,\"caption\":\"seguranca semen criopreservados\"},{\"@type\":\"BreadcrumbList\",\"@id\":\"https:\/\/fairfaxcryobank.com\/br\/seguranca#breadcrumb\",\"itemListElement\":[{\"@type\":\"ListItem\",\"position\":1,\"name\":\"Home\",\"item\":\"https:\/\/fairfaxcryobank.com\/br\"},{\"@type\":\"ListItem\",\"position\":2,\"name\":\"Seguran\u00e7a em primeiro lugar\"}]},{\"@type\":\"WebSite\",\"@id\":\"https:\/\/fairfaxcryobank.com\/br#website\",\"url\":\"https:\/\/fairfaxcryobank.com\/br\",\"name\":\"Fairfax Cryobank - Find a Sperm Donor\",\"description\":\"Top-Tier Sperm Bank\",\"publisher\":{\"@id\":\"https:\/\/fairfaxcryobank.com\/br#organization\"},\"potentialAction\":[{\"@type\":\"SearchAction\",\"target\":{\"@type\":\"EntryPoint\",\"urlTemplate\":\"https:\/\/fairfaxcryobank.com\/br?s={search_term_string}\"},\"query-input\":{\"@type\":\"PropertyValueSpecification\",\"valueRequired\":true,\"valueName\":\"search_term_string\"}}],\"inLanguage\":\"pt-BR\"},{\"@type\":\"Organization\",\"@id\":\"https:\/\/fairfaxcryobank.com\/br#organization\",\"name\":\"Fairfax Cryobank\",\"url\":\"https:\/\/fairfaxcryobank.com\/br\",\"logo\":{\"@type\":\"ImageObject\",\"inLanguage\":\"pt-BR\",\"@id\":\"https:\/\/fairfaxcryobank.com\/br#\/schema\/logo\/image\/\",\"url\":\"https:\/\/fairfaxcryobank.com\/wp-content\/uploads\/logo.webp\",\"contentUrl\":\"https:\/\/fairfaxcryobank.com\/wp-content\/uploads\/logo.webp\",\"width\":1,\"height\":1,\"caption\":\"Fairfax Cryobank\"},\"image\":{\"@id\":\"https:\/\/fairfaxcryobank.com\/br#\/schema\/logo\/image\/\"},\"sameAs\":[\"https:\/\/www.facebook.com\/fairfax.cryobank\",\"https:\/\/x.com\/FairfaxCryobank\",\"https:\/\/www.instagram.com\/fairfaxcryobank\/\",\"https:\/\/www.pinterest.com\/fairfaxcryo\/\"]}]}<\/script>\n<!-- \/ Yoast SEO plugin. -->","yoast_head_json":{"title":"Seguran\u00e7a em primeiro lugar | Fairfax Cryobank","description":"O Fairfax Cryobank fornece o mais seguro armazenamento de s\u00eamen e embri\u00f5es criopreservados.","robots":{"index":"index","follow":"follow","max-snippet":"max-snippet:-1","max-image-preview":"max-image-preview:large","max-video-preview":"max-video-preview:-1"},"canonical":"https:\/\/fairfaxcryobank.com\/br\/seguranca","og_locale":"pt_BR","og_type":"article","og_title":"Seguran\u00e7a em primeiro lugar | Fairfax Cryobank","og_description":"O Fairfax Cryobank fornece o mais seguro armazenamento de s\u00eamen e embri\u00f5es criopreservados.","og_url":"https:\/\/fairfaxcryobank.com\/br\/seguranca","og_site_name":"Fairfax Cryobank - Find a Sperm Donor","article_publisher":"https:\/\/www.facebook.com\/fairfax.cryobank","article_modified_time":"2022-01-06T22:12:48+00:00","og_image":[{"width":1024,"height":683,"url":"https:\/\/fairfaxcryobank.com\/wp-content\/uploads\/close-up-cctv-camera-in-car-park_Svrx5wguhGx-1024x683.jpg","type":"image\/jpeg"}],"twitter_card":"summary_large_image","twitter_site":"@FairfaxCryobank","twitter_misc":{"Est. tempo de leitura":"1 minuto"},"schema":{"@context":"https:\/\/schema.org","@graph":[{"@type":"WebPage","@id":"https:\/\/fairfaxcryobank.com\/br\/seguranca","url":"https:\/\/fairfaxcryobank.com\/br\/seguranca","name":"Seguran\u00e7a em primeiro lugar | Fairfax Cryobank","isPartOf":{"@id":"https:\/\/fairfaxcryobank.com\/br#website"},"primaryImageOfPage":{"@id":"https:\/\/fairfaxcryobank.com\/br\/seguranca#primaryimage"},"image":{"@id":"https:\/\/fairfaxcryobank.com\/br\/seguranca#primaryimage"},"thumbnailUrl":"https:\/\/fairfaxcryobank.com\/wp-content\/uploads\/close-up-cctv-camera-in-car-park_Svrx5wguhGx.jpg","datePublished":"2019-09-03T15:02:27+00:00","dateModified":"2022-01-06T22:12:48+00:00","description":"O Fairfax Cryobank fornece o mais seguro armazenamento de s\u00eamen e embri\u00f5es criopreservados.","breadcrumb":{"@id":"https:\/\/fairfaxcryobank.com\/br\/seguranca#breadcrumb"},"inLanguage":"pt-BR","potentialAction":[{"@type":"ReadAction","target":["https:\/\/fairfaxcryobank.com\/br\/seguranca"]}]},{"@type":"ImageObject","inLanguage":"pt-BR","@id":"https:\/\/fairfaxcryobank.com\/br\/seguranca#primaryimage","url":"https:\/\/fairfaxcryobank.com\/wp-content\/uploads\/close-up-cctv-camera-in-car-park_Svrx5wguhGx.jpg","contentUrl":"https:\/\/fairfaxcryobank.com\/wp-content\/uploads\/close-up-cctv-camera-in-car-park_Svrx5wguhGx.jpg","width":5472,"height":3648,"caption":"seguranca semen criopreservados"},{"@type":"BreadcrumbList","@id":"https:\/\/fairfaxcryobank.com\/br\/seguranca#breadcrumb","itemListElement":[{"@type":"ListItem","position":1,"name":"Home","item":"https:\/\/fairfaxcryobank.com\/br"},{"@type":"ListItem","position":2,"name":"Seguran\u00e7a em primeiro lugar"}]},{"@type":"WebSite","@id":"https:\/\/fairfaxcryobank.com\/br#website","url":"https:\/\/fairfaxcryobank.com\/br","name":"Fairfax Cryobank - Find a Sperm Donor","description":"Top-Tier Sperm Bank","publisher":{"@id":"https:\/\/fairfaxcryobank.com\/br#organization"},"potentialAction":[{"@type":"SearchAction","target":{"@type":"EntryPoint","urlTemplate":"https:\/\/fairfaxcryobank.com\/br?s={search_term_string}"},"query-input":{"@type":"PropertyValueSpecification","valueRequired":true,"valueName":"search_term_string"}}],"inLanguage":"pt-BR"},{"@type":"Organization","@id":"https:\/\/fairfaxcryobank.com\/br#organization","name":"Fairfax Cryobank","url":"https:\/\/fairfaxcryobank.com\/br","logo":{"@type":"ImageObject","inLanguage":"pt-BR","@id":"https:\/\/fairfaxcryobank.com\/br#\/schema\/logo\/image\/","url":"https:\/\/fairfaxcryobank.com\/wp-content\/uploads\/logo.webp","contentUrl":"https:\/\/fairfaxcryobank.com\/wp-content\/uploads\/logo.webp","width":1,"height":1,"caption":"Fairfax Cryobank"},"image":{"@id":"https:\/\/fairfaxcryobank.com\/br#\/schema\/logo\/image\/"},"sameAs":["https:\/\/www.facebook.com\/fairfax.cryobank","https:\/\/x.com\/FairfaxCryobank","https:\/\/www.instagram.com\/fairfaxcryobank\/","https:\/\/www.pinterest.com\/fairfaxcryo\/"]}]}},"post_mailing_queue_ids":[],"_links":{"self":[{"href":"https:\/\/fairfaxcryobank.com\/br\/wp-json\/wp\/v2\/pages\/2036","targetHints":{"allow":["GET"]}}],"collection":[{"href":"https:\/\/fairfaxcryobank.com\/br\/wp-json\/wp\/v2\/pages"}],"about":[{"href":"https:\/\/fairfaxcryobank.com\/br\/wp-json\/wp\/v2\/types\/page"}],"author":[{"embeddable":true,"href":"https:\/\/fairfaxcryobank.com\/br\/wp-json\/wp\/v2\/users\/1"}],"replies":[{"embeddable":true,"href":"https:\/\/fairfaxcryobank.com\/br\/wp-json\/wp\/v2\/comments?post=2036"}],"version-history":[{"count":1,"href":"https:\/\/fairfaxcryobank.com\/br\/wp-json\/wp\/v2\/pages\/2036\/revisions"}],"predecessor-version":[{"id":19705,"href":"https:\/\/fairfaxcryobank.com\/br\/wp-json\/wp\/v2\/pages\/2036\/revisions\/19705"}],"wp:featuredmedia":[{"embeddable":true,"href":"https:\/\/fairfaxcryobank.com\/br\/wp-json\/wp\/v2\/media\/1528"}],"wp:attachment":[{"href":"https:\/\/fairfaxcryobank.com\/br\/wp-json\/wp\/v2\/media?parent=2036"}],"curies":[{"name":"wp","href":"https:\/\/api.w.org\/{rel}","templated":true}]}}