{"id":2039,"date":"2019-09-03T15:07:24","date_gmt":"2019-09-03T15:07:24","guid":{"rendered":"https:\/\/fairfaxcryobank.com\/?page_id=2039"},"modified":"2020-08-28T10:30:28","modified_gmt":"2020-08-28T14:30:28","slug":"analise-genetica","status":"publish","type":"page","link":"https:\/\/fairfaxcryobank.com\/br\/analise-genetica","title":{"rendered":"An\u00e1lise gen\u00e9tica"},"content":{"rendered":"\n<h2 class=\"wp-block-heading\"> <strong>Testes Gen\u00e9ticos e Servi\u00e7os do Banco de S\u00eamen<\/strong><\/h2>\n\n\n\n<p>A experiente e cuidadosa equipe de an\u00e1lise gen\u00e9tica trabalha com tecnologia de ponta para fornecer os mais completos testes e servi\u00e7os gen\u00e9ticos de doadores de s\u00eamen. A equipe est\u00e1 dispon\u00edvel para responder \u00e0s suas perguntas, discutir testes espec\u00edficos e realizar combina\u00e7\u00f5es de doadores adequadas para fornecer a melhor sele\u00e7\u00e3o de doadores de s\u00eamen para voc\u00ea.<\/p>\n\n\n\n<p><\/p>\n\n\n\n<h2 class=\"wp-block-heading\">Equipe de an\u00e1lise gen\u00e9tica do Fairfax Cryobank<\/h2>\n\n\n\n<div class=\"wp-block-columns has-2-columns is-layout-flex wp-container-core-columns-is-layout-9d6595d7 wp-block-columns-is-layout-flex\">\n<div class=\"wp-block-column is-layout-flow wp-block-column-is-layout-flow\">\n<div class=\"wp-block-image\"><figure class=\"aligncenter size-large is-resized\"><img loading=\"lazy\" decoding=\"async\" src=\"https:\/\/fairfaxcryobank.com\/wp-content\/uploads\/team-03.png\" alt=\"\" class=\"wp-image-5306\" width=\"249\" height=\"249\" srcset=\"https:\/\/fairfaxcryobank.com\/wp-content\/uploads\/team-03.png 170w, https:\/\/fairfaxcryobank.com\/wp-content\/uploads\/team-03-150x150.png 150w\" sizes=\"auto, (max-width: 249px) 100vw, 249px\" \/><\/figure><\/div>\n<\/div>\n\n\n\n<div class=\"wp-block-column is-layout-flow wp-block-column-is-layout-flow\">\n<p><strong>Harvey J. Stern<br><\/strong>Diretor M\u00e9dico&nbsp;<br>Fairfax Cryobank<\/p>\n\n\n\n<p>Como diretor m\u00e9dico do Fairfax Cryobank, o Dr. Stern \u00e9 um geneticista m\u00e9dico com experi\u00eancia especial na avalia\u00e7\u00e3o de riscos gen\u00e9ticos. Sua revis\u00e3o do hist\u00f3rico m\u00e9dico e familiar do doador adiciona um n\u00edvel de seguran\u00e7a ao processo de sele\u00e7\u00e3o. Se o hist\u00f3rico m\u00e9dico ou familiar de um doador colocar as crian\u00e7as em risco aumentado, eles n\u00e3o ser\u00e3o aceitos no programa.<\/p>\n<\/div>\n<\/div>\n\n\n\n<div class=\"wp-block-columns has-2-columns is-layout-flex wp-container-core-columns-is-layout-9d6595d7 wp-block-columns-is-layout-flex\">\n<div class=\"wp-block-column is-layout-flow wp-block-column-is-layout-flow\">\n<div class=\"wp-block-image\"><figure class=\"aligncenter size-large is-resized\"><img loading=\"lazy\" decoding=\"async\" src=\"https:\/\/fairfaxcryobank.com\/wp-content\/uploads\/team-02.png\" alt=\"\" class=\"wp-image-5300\" width=\"259\" height=\"259\" srcset=\"https:\/\/fairfaxcryobank.com\/wp-content\/uploads\/team-02.png 170w, https:\/\/fairfaxcryobank.com\/wp-content\/uploads\/team-02-150x150.png 150w\" sizes=\"auto, (max-width: 259px) 100vw, 259px\" \/><\/figure><\/div>\n<\/div>\n\n\n\n<div class=\"wp-block-column is-layout-flow wp-block-column-is-layout-flow\">\n<p><strong>Suzanne Seitz, M.S.<\/strong><br>Conselheira Gen\u00e9tica <br>Fairfax Cryobank<\/p>\n\n\n\n<p>Nossa Conselheira de Gen\u00e9tica em tempo integral, Suzanne Seitz, MS, est\u00e1 dispon\u00edvel para ajudar a responder suas perguntas e trabalhar com voc\u00ea para encontrar um doador que seja de acordo com sua escolha. &nbsp;<\/p>\n\n\n\n<p>Voc\u00ea pode entrar em contato com Suzanne enviando um e-mail para <a href=\"mailto:sseitz@fairfaxcryobank.com\">sseitz@fairfaxcryobank.com<\/a> ou ligando para +1 800-338-8407.<\/p>\n<\/div>\n<\/div>\n\n\n\n<hr class=\"wp-block-separator is-style-wide\"\/>\n\n\n\n<h3 class=\"wp-block-heading\">An\u00e1lise Gen\u00e9tica<\/h3>\n\n\n\n<h4 class=\"wp-block-heading\"><strong>Sele\u00e7\u00e3o de Doadores: Ajudando voc\u00ea a encontrar o doador ideal com base em resultados de testes gen\u00e9ticos<\/strong><\/h4>\n\n\n\n<p>O\nFairfax Cryobank est\u00e1 empenhado em fornecer o maior n\u00famero de testes gen\u00e9ticos\ndo que qualquer outro banco de s\u00eamen. Muitos doadores j\u00e1 realizaram o teste\nexpandido de quase 300 doen\u00e7as gen\u00e9ticas. Isso reduz o risco para os seus\nfuturos filhos e pode proporcionar maior tranquilidade ao planejar sua fam\u00edlia.\nVisite nossa p\u00e1gina <a href=\"\/expanded-genetic-disease-testing\">Teste expandido de doen\u00e7as gen\u00e9ticas<\/a> para saber mais.<\/p>\n\n\n\n<p>Para\nfam\u00edlias com hist\u00f3rico de doen\u00e7as gen\u00e9ticas, podemos trabalhar com voc\u00ea para\nencontrar um doador que reduza os riscos dessas doen\u00e7as para seus futuros\nfilhos. <a href=\"\/families-with-genetic\">Descubra mais.<\/a><\/p>\n\n\n\n<p>Encontrar\no doador ideal \u00e9 agora mais f\u00e1cil do que nunca! Filtre os doadores pelos\nresultados negativos do teste, por doen\u00e7a ou nome do gene que seja importante\npara voc\u00ea. Este recurso de sele\u00e7\u00e3o est\u00e1 agora dispon\u00edvel em <a href=\"https:\/\/fairfaxcryobank.com\/search\/\">Busque um Doador.<\/a><\/p>\n\n\n\n<h4 class=\"wp-block-heading\"><strong>Testes Especiais: Se voc\u00ea selecionar um doador que n\u00e3o tenha sido testado para as condi\u00e7\u00f5es que voc\u00ea precisa, poderemos coordenar o teste.<\/strong><\/h4>\n\n\n\n<p>Se\nvoc\u00ea selecionar um doador que n\u00e3o tenha sido testado para a condi\u00e7\u00e3o da qual\nvoc\u00ea \u00e9 portador, oferecemos testes especiais nos doadores selecionados. Pode\nlevar at\u00e9 3 semanas para obter resultados e h\u00e1 uma taxa. Se voc\u00ea puder\nencontrar um doador que j\u00e1 tenha sido testado como negativo e, portanto, com risco\nreduzido, sugerimos que voc\u00ea examine os doadores de pain\u00e9is expandidos antes de\ntomar uma decis\u00e3o final.<\/p>\n\n\n\n<p>Se\nvoc\u00ea quiser discutir mais sobre os testes especiais e\/ou j\u00e1 tenha escolhido um\ndoador, estamos \u00e0 disposi\u00e7\u00e3o para te ajudar.<\/p>\n\n\n\n<h4 class=\"wp-block-heading\"><strong>Compatibilidade<\/strong><\/h4>\n\n\n\n<p>Quando\nvoc\u00ea estiver pronto para avan\u00e7ar com seu doador preferido, nossa Consultora\nGen\u00e9tica estar\u00e1 dispon\u00edvel para comparar seus resultados de testes com os\nresultados do doador. Se houver uma situa\u00e7\u00e3o que precise ser abordada, podemos\ninformar os pr\u00f3ximos passos. Essa compatibilidade tamb\u00e9m pode ser feita atrav\u00e9s de sua cl\u00ednica,\nusando os resultados de testes que eles j\u00e1 possuem como ponto de partida da\ncompara\u00e7\u00e3o.<\/p>\n\n\n\n<h4 class=\"wp-block-heading\"><strong>Atualiza\u00e7\u00f5es M\u00e9dicas<\/strong><\/h4>\n\n\n\n<p>Se\nhouver uma atualiza\u00e7\u00e3o m\u00e9dica importante sobre o doador ou de seus filhos,\nqueremos ser o mais transparentes poss\u00edvel. Vamos postar as informa\u00e7\u00f5es na\nse\u00e7\u00e3o de atualiza\u00e7\u00e3o do Perfil Resumido imediatamente. Se houver um risco\nadicional que voc\u00ea precise conhecer, enviaremos notifica\u00e7\u00f5es a todos aqueles\nque usaram o doador, bem como \u00e0s cl\u00ednicas que receberam as remessas das\namostras.<\/p>\n\n\n\n<p>Se\nvoc\u00ea vai utilizar sua amostra de doador em breve, verifique o <a href=\"\/check-donor-status\">status do doador<\/a> na p\u00e1gina do doador. Se o seu status\n(canto superior direito da p\u00e1gina do doador) estiver Ativo ou Inativo, n\u00e3o h\u00e1\npreocupa\u00e7\u00f5es adicionais. Se estiver como \u201cInvestiga\u00e7\u00e3o ou Restri\u00e7\u00e3o\u201d, as\ninforma\u00e7\u00f5es podem j\u00e1 ter sido atualizadas no perfil resumido do doador ou voc\u00ea\npode saber sobre isso a partir de uma comunica\u00e7\u00e3o. Mas se houver alguma d\u00favida,\nestamos aqui para compartilhar os detalhes.<\/p>\n\n\n\n<p>Para\nsaber mais sobre como coletamos novas informa\u00e7\u00f5es m\u00e9dicas sobre doadores e\ncrian\u00e7as concebidas atrav\u00e9s do s\u00eamen de seus doadores, visite nossa p\u00e1gina <a href=\"\/donor-and-offspring-evaluation\">Avalia\u00e7\u00e3o de Doadores e Descendentes.<\/a><\/p>\n\n\n\n<p>Para\nsaber mais sobre os servi\u00e7os de testes gen\u00e9ticos do nosso banco de s\u00eamen,\nvisite estas p\u00e1ginas:<\/p>\n","protected":false},"excerpt":{"rendered":"<p>Testes Gen\u00e9ticos e Servi\u00e7os do Banco de S\u00eamen A experiente e cuidadosa equipe de an\u00e1lise gen\u00e9tica trabalha com tecnologia de ponta para fornecer os mais completos testes e servi\u00e7os gen\u00e9ticos de doadores de s\u00eamen. A equipe est\u00e1 dispon\u00edvel para responder \u00e0s suas perguntas, discutir testes espec\u00edficos e realizar combina\u00e7\u00f5es de &#8230;<\/p>\n","protected":false},"author":1,"featured_media":1646,"parent":0,"menu_order":0,"comment_status":"closed","ping_status":"closed","template":"","meta":{"footnotes":""},"class_list":["post-2039","page","type-page","status-publish","has-post-thumbnail","hentry"],"yoast_head":"<!-- This site is optimized with the Yoast SEO plugin v27.1.1 - https:\/\/yoast.com\/product\/yoast-seo-wordpress\/ -->\n<title>An\u00e1lise gen\u00e9tica | Fairfax Cryobank<\/title>\n<meta name=\"description\" content=\"Utilizando tecnologia de ponta, o objetivo de nossa equipe de gen\u00e9tica \u00e9 reduzir o risco na sele\u00e7\u00e3o de seus doadores.\" \/>\n<meta name=\"robots\" content=\"index, follow, max-snippet:-1, max-image-preview:large, max-video-preview:-1\" \/>\n<link rel=\"canonical\" href=\"https:\/\/fairfaxcryobank.com\/br\/analise-genetica\" \/>\n<meta property=\"og:locale\" content=\"pt_BR\" \/>\n<meta property=\"og:type\" content=\"article\" \/>\n<meta property=\"og:title\" content=\"An\u00e1lise gen\u00e9tica | Fairfax Cryobank\" \/>\n<meta property=\"og:description\" content=\"Utilizando tecnologia de ponta, o objetivo de nossa equipe de gen\u00e9tica \u00e9 reduzir o risco na sele\u00e7\u00e3o de seus doadores.\" \/>\n<meta property=\"og:url\" content=\"https:\/\/fairfaxcryobank.com\/br\/analise-genetica\" \/>\n<meta property=\"og:site_name\" content=\"Fairfax Cryobank - Find a Sperm Donor\" \/>\n<meta property=\"article:publisher\" content=\"https:\/\/www.facebook.com\/fairfax.cryobank\" \/>\n<meta property=\"article:modified_time\" content=\"2020-08-28T14:30:28+00:00\" \/>\n<meta property=\"og:image\" content=\"https:\/\/fairfaxcryobank.com\/wp-content\/uploads\/Artboard-3.jpg\" \/>\n\t<meta property=\"og:image:width\" content=\"1250\" \/>\n\t<meta property=\"og:image:height\" content=\"938\" \/>\n\t<meta property=\"og:image:type\" content=\"image\/jpeg\" \/>\n<meta name=\"twitter:card\" content=\"summary_large_image\" \/>\n<meta name=\"twitter:site\" content=\"@FairfaxCryobank\" \/>\n<meta name=\"twitter:label1\" content=\"Est. tempo de leitura\" \/>\n\t<meta name=\"twitter:data1\" content=\"4 minutos\" \/>\n<script type=\"application\/ld+json\" class=\"yoast-schema-graph\">{\"@context\":\"https:\/\/schema.org\",\"@graph\":[{\"@type\":\"WebPage\",\"@id\":\"https:\/\/fairfaxcryobank.com\/br\/analise-genetica\",\"url\":\"https:\/\/fairfaxcryobank.com\/br\/analise-genetica\",\"name\":\"An\u00e1lise gen\u00e9tica | Fairfax Cryobank\",\"isPartOf\":{\"@id\":\"https:\/\/fairfaxcryobank.com\/br#website\"},\"primaryImageOfPage\":{\"@id\":\"https:\/\/fairfaxcryobank.com\/br\/analise-genetica#primaryimage\"},\"image\":{\"@id\":\"https:\/\/fairfaxcryobank.com\/br\/analise-genetica#primaryimage\"},\"thumbnailUrl\":\"https:\/\/fairfaxcryobank.com\/wp-content\/uploads\/Artboard-3.jpg\",\"datePublished\":\"2019-09-03T15:07:24+00:00\",\"dateModified\":\"2020-08-28T14:30:28+00:00\",\"description\":\"Utilizando tecnologia de ponta, o objetivo de nossa equipe de gen\u00e9tica \u00e9 reduzir o risco na sele\u00e7\u00e3o de seus doadores.\",\"breadcrumb\":{\"@id\":\"https:\/\/fairfaxcryobank.com\/br\/analise-genetica#breadcrumb\"},\"inLanguage\":\"pt-BR\",\"potentialAction\":[{\"@type\":\"ReadAction\",\"target\":[\"https:\/\/fairfaxcryobank.com\/br\/analise-genetica\"]}]},{\"@type\":\"ImageObject\",\"inLanguage\":\"pt-BR\",\"@id\":\"https:\/\/fairfaxcryobank.com\/br\/analise-genetica#primaryimage\",\"url\":\"https:\/\/fairfaxcryobank.com\/wp-content\/uploads\/Artboard-3.jpg\",\"contentUrl\":\"https:\/\/fairfaxcryobank.com\/wp-content\/uploads\/Artboard-3.jpg\",\"width\":1250,\"height\":938,\"caption\":\"An\u00e1lise Gen\u00e9tica\"},{\"@type\":\"BreadcrumbList\",\"@id\":\"https:\/\/fairfaxcryobank.com\/br\/analise-genetica#breadcrumb\",\"itemListElement\":[{\"@type\":\"ListItem\",\"position\":1,\"name\":\"Home\",\"item\":\"https:\/\/fairfaxcryobank.com\/br\"},{\"@type\":\"ListItem\",\"position\":2,\"name\":\"An\u00e1lise gen\u00e9tica\"}]},{\"@type\":\"WebSite\",\"@id\":\"https:\/\/fairfaxcryobank.com\/br#website\",\"url\":\"https:\/\/fairfaxcryobank.com\/br\",\"name\":\"Fairfax Cryobank - Find a Sperm Donor\",\"description\":\"Top-Tier Sperm Bank\",\"publisher\":{\"@id\":\"https:\/\/fairfaxcryobank.com\/br#organization\"},\"potentialAction\":[{\"@type\":\"SearchAction\",\"target\":{\"@type\":\"EntryPoint\",\"urlTemplate\":\"https:\/\/fairfaxcryobank.com\/br?s={search_term_string}\"},\"query-input\":{\"@type\":\"PropertyValueSpecification\",\"valueRequired\":true,\"valueName\":\"search_term_string\"}}],\"inLanguage\":\"pt-BR\"},{\"@type\":\"Organization\",\"@id\":\"https:\/\/fairfaxcryobank.com\/br#organization\",\"name\":\"Fairfax Cryobank\",\"url\":\"https:\/\/fairfaxcryobank.com\/br\",\"logo\":{\"@type\":\"ImageObject\",\"inLanguage\":\"pt-BR\",\"@id\":\"https:\/\/fairfaxcryobank.com\/br#\/schema\/logo\/image\/\",\"url\":\"https:\/\/fairfaxcryobank.com\/wp-content\/uploads\/logo.webp\",\"contentUrl\":\"https:\/\/fairfaxcryobank.com\/wp-content\/uploads\/logo.webp\",\"width\":1,\"height\":1,\"caption\":\"Fairfax Cryobank\"},\"image\":{\"@id\":\"https:\/\/fairfaxcryobank.com\/br#\/schema\/logo\/image\/\"},\"sameAs\":[\"https:\/\/www.facebook.com\/fairfax.cryobank\",\"https:\/\/x.com\/FairfaxCryobank\",\"https:\/\/www.instagram.com\/fairfaxcryobank\/\",\"https:\/\/www.pinterest.com\/fairfaxcryo\/\"]}]}<\/script>\n<!-- \/ Yoast SEO plugin. -->","yoast_head_json":{"title":"An\u00e1lise gen\u00e9tica | Fairfax Cryobank","description":"Utilizando tecnologia de ponta, o objetivo de nossa equipe de gen\u00e9tica \u00e9 reduzir o risco na sele\u00e7\u00e3o de seus doadores.","robots":{"index":"index","follow":"follow","max-snippet":"max-snippet:-1","max-image-preview":"max-image-preview:large","max-video-preview":"max-video-preview:-1"},"canonical":"https:\/\/fairfaxcryobank.com\/br\/analise-genetica","og_locale":"pt_BR","og_type":"article","og_title":"An\u00e1lise gen\u00e9tica | Fairfax Cryobank","og_description":"Utilizando tecnologia de ponta, o objetivo de nossa equipe de gen\u00e9tica \u00e9 reduzir o risco na sele\u00e7\u00e3o de seus doadores.","og_url":"https:\/\/fairfaxcryobank.com\/br\/analise-genetica","og_site_name":"Fairfax Cryobank - Find a Sperm Donor","article_publisher":"https:\/\/www.facebook.com\/fairfax.cryobank","article_modified_time":"2020-08-28T14:30:28+00:00","og_image":[{"width":1250,"height":938,"url":"https:\/\/fairfaxcryobank.com\/wp-content\/uploads\/Artboard-3.jpg","type":"image\/jpeg"}],"twitter_card":"summary_large_image","twitter_site":"@FairfaxCryobank","twitter_misc":{"Est. tempo de leitura":"4 minutos"},"schema":{"@context":"https:\/\/schema.org","@graph":[{"@type":"WebPage","@id":"https:\/\/fairfaxcryobank.com\/br\/analise-genetica","url":"https:\/\/fairfaxcryobank.com\/br\/analise-genetica","name":"An\u00e1lise gen\u00e9tica | Fairfax Cryobank","isPartOf":{"@id":"https:\/\/fairfaxcryobank.com\/br#website"},"primaryImageOfPage":{"@id":"https:\/\/fairfaxcryobank.com\/br\/analise-genetica#primaryimage"},"image":{"@id":"https:\/\/fairfaxcryobank.com\/br\/analise-genetica#primaryimage"},"thumbnailUrl":"https:\/\/fairfaxcryobank.com\/wp-content\/uploads\/Artboard-3.jpg","datePublished":"2019-09-03T15:07:24+00:00","dateModified":"2020-08-28T14:30:28+00:00","description":"Utilizando tecnologia de ponta, o objetivo de nossa equipe de gen\u00e9tica \u00e9 reduzir o risco na sele\u00e7\u00e3o de seus doadores.","breadcrumb":{"@id":"https:\/\/fairfaxcryobank.com\/br\/analise-genetica#breadcrumb"},"inLanguage":"pt-BR","potentialAction":[{"@type":"ReadAction","target":["https:\/\/fairfaxcryobank.com\/br\/analise-genetica"]}]},{"@type":"ImageObject","inLanguage":"pt-BR","@id":"https:\/\/fairfaxcryobank.com\/br\/analise-genetica#primaryimage","url":"https:\/\/fairfaxcryobank.com\/wp-content\/uploads\/Artboard-3.jpg","contentUrl":"https:\/\/fairfaxcryobank.com\/wp-content\/uploads\/Artboard-3.jpg","width":1250,"height":938,"caption":"An\u00e1lise Gen\u00e9tica"},{"@type":"BreadcrumbList","@id":"https:\/\/fairfaxcryobank.com\/br\/analise-genetica#breadcrumb","itemListElement":[{"@type":"ListItem","position":1,"name":"Home","item":"https:\/\/fairfaxcryobank.com\/br"},{"@type":"ListItem","position":2,"name":"An\u00e1lise gen\u00e9tica"}]},{"@type":"WebSite","@id":"https:\/\/fairfaxcryobank.com\/br#website","url":"https:\/\/fairfaxcryobank.com\/br","name":"Fairfax Cryobank - Find a Sperm Donor","description":"Top-Tier Sperm Bank","publisher":{"@id":"https:\/\/fairfaxcryobank.com\/br#organization"},"potentialAction":[{"@type":"SearchAction","target":{"@type":"EntryPoint","urlTemplate":"https:\/\/fairfaxcryobank.com\/br?s={search_term_string}"},"query-input":{"@type":"PropertyValueSpecification","valueRequired":true,"valueName":"search_term_string"}}],"inLanguage":"pt-BR"},{"@type":"Organization","@id":"https:\/\/fairfaxcryobank.com\/br#organization","name":"Fairfax Cryobank","url":"https:\/\/fairfaxcryobank.com\/br","logo":{"@type":"ImageObject","inLanguage":"pt-BR","@id":"https:\/\/fairfaxcryobank.com\/br#\/schema\/logo\/image\/","url":"https:\/\/fairfaxcryobank.com\/wp-content\/uploads\/logo.webp","contentUrl":"https:\/\/fairfaxcryobank.com\/wp-content\/uploads\/logo.webp","width":1,"height":1,"caption":"Fairfax Cryobank"},"image":{"@id":"https:\/\/fairfaxcryobank.com\/br#\/schema\/logo\/image\/"},"sameAs":["https:\/\/www.facebook.com\/fairfax.cryobank","https:\/\/x.com\/FairfaxCryobank","https:\/\/www.instagram.com\/fairfaxcryobank\/","https:\/\/www.pinterest.com\/fairfaxcryo\/"]}]}},"post_mailing_queue_ids":[],"_links":{"self":[{"href":"https:\/\/fairfaxcryobank.com\/br\/wp-json\/wp\/v2\/pages\/2039","targetHints":{"allow":["GET"]}}],"collection":[{"href":"https:\/\/fairfaxcryobank.com\/br\/wp-json\/wp\/v2\/pages"}],"about":[{"href":"https:\/\/fairfaxcryobank.com\/br\/wp-json\/wp\/v2\/types\/page"}],"author":[{"embeddable":true,"href":"https:\/\/fairfaxcryobank.com\/br\/wp-json\/wp\/v2\/users\/1"}],"replies":[{"embeddable":true,"href":"https:\/\/fairfaxcryobank.com\/br\/wp-json\/wp\/v2\/comments?post=2039"}],"version-history":[{"count":0,"href":"https:\/\/fairfaxcryobank.com\/br\/wp-json\/wp\/v2\/pages\/2039\/revisions"}],"wp:featuredmedia":[{"embeddable":true,"href":"https:\/\/fairfaxcryobank.com\/br\/wp-json\/wp\/v2\/media\/1646"}],"wp:attachment":[{"href":"https:\/\/fairfaxcryobank.com\/br\/wp-json\/wp\/v2\/media?parent=2039"}],"curies":[{"name":"wp","href":"https:\/\/api.w.org\/{rel}","templated":true}]}}