{"id":20398,"date":"2022-02-17T15:37:40","date_gmt":"2022-02-17T20:37:40","guid":{"rendered":"https:\/\/fairfaxcryobank.com\/?page_id=20398"},"modified":"2022-02-17T15:37:41","modified_gmt":"2022-02-17T20:37:41","slug":"teste-de-doencas-geneticas","status":"publish","type":"page","link":"https:\/\/fairfaxcryobank.com\/br\/teste-de-doencas-geneticas","title":{"rendered":"Teste de doen\u00e7as gen\u00e9ticas"},"content":{"rendered":"<p>\u00c9 essencial ter uma compreens\u00e3o abrangente das condi\u00e7\u00f5es gen\u00e9ticas e da heran\u00e7a gen\u00e9tica para fornecer a melhor triagem de doadores em rela\u00e7\u00e3o a condi\u00e7\u00f5es heredit\u00e1rias. O Fairfax Cryobank fornece a experi\u00eancia de geneticistas cl\u00ednicos certificados pelo conselho na avalia\u00e7\u00e3o do hist\u00f3rico m\u00e9dico e familiar do doador, bem como na revis\u00e3o dos resultados dos testes da extensa triagem gen\u00e9tica realizada em todos os candidatos a doadores de esperma. Qualquer candidato com hist\u00f3rico familiar que o coloque em risco acima do normal de transmitir uma condi\u00e7\u00e3o gen\u00e9tica \u00e9 rejeitado.<\/p>\n<p>Novidade: Os doadores selecionados para o <a href=\"\/br\/expanded-genetic-disease-testing\">Teste Expandido de Doen\u00e7as Gen\u00e9ticas<\/a> j\u00e1 est\u00e3o dispon\u00edveis<\/p>\n<p><strong>Todos os doadores:<\/strong><\/p>\n<ul>\n<li>An\u00e1lise cromoss\u00f4mica (cari\u00f3tipo)<\/li>\n<li>Fibrose C\u00edstica (pelo menos 86 muta\u00e7\u00f5es)<br \/>\n<ul>\n<li>Por sequenciamento de genes desde janeiro de 2017<\/li>\n<\/ul>\n<\/li>\n<li>Eletroforese de hemoglobina (Atualmente, o Fairfax Cryobank rastreia todos os doadores, independentemente da etnia, quanto \u00e0 presen\u00e7a de tra\u00e7os de hemoglobina S e C e talassemia beta.)<\/li>\n<li>Beta Talassemia por sequenciamento de genes desde janeiro de 2017<\/li>\n<li>Alfa Talassemia por genotipagem desde 2015<\/li>\n<li>Atrofia Muscular Espinhal (AME). Os doadores com teste de SMA s\u00e3o indicados em seus perfis m\u00e9dicos como sendo testados.<\/li>\n<li>Todas as doen\u00e7as listadas abaixo para todos os doadores por sequenciamento de genes desde janeiro de 2017<br \/>\n<ul>\n<li>Doen\u00e7as espec\u00edficas para cada doador est\u00e3o listadas em seus perfis m\u00e9dicos<\/li>\n<\/ul>\n<\/li>\n<\/ul>\n<p><br \/><strong>Doador de ascend\u00eancia judaica Ashkenazi:<\/strong><\/p>\n<ul>\n<li>Doen\u00e7a de Tay Sachs<\/li>\n<li>Doen\u00e7a de Canavan<\/li>\n<li>Doen\u00e7a de Gaucher<\/li>\n<li>S\u00edndrome de Bloom<\/li>\n<li>Fanconi-Amemia Tipo-C<\/li>\n<li>Niemann-Pick Tipo A<\/li>\n<li>Mucolipidose Tipo IV<\/li>\n<li>Disautonomia Familiar<\/li>\n<\/ul>\n<p><strong><span class=\"style1\">Tamb\u00e9m adicionado ap\u00f3s 2010:<\/span><\/strong><\/p>\n<ul style=\"margin-top: 0;\">\n<li>Urina de Xarope de Bordo Tipo 1B e Tipo 3<\/li>\n<li>Hiperinsulinismo familiar tipo 1 ABCC8 relacionado<\/li>\n<li>S\u00edndrome de Usher Tipo-IF e Tipo-III<\/li>\n<li>Doen\u00e7a de Armazenamento de Glicog\u00eanio Tipo-1A<\/li>\n<li>S\u00edndrome de Joubert<\/li>\n<li>S\u00edndrome de Walker Warburg<\/li>\n<li>Miopatia Nemal\u00ednica relacionada ao NEB<\/li>\n<\/ul>\n<p><strong>Doadores de ascend\u00eancia franco-canadense:<\/strong><\/p>\n<ul>\n<li>Doen\u00e7a de Tay Sachs (atualizada para sequenciamento de genes em janeiro de 2017)<\/li>\n<\/ul>\n<p><strong>Doadores de ascend\u00eancia asi\u00e1tica, do Oriente M\u00e9dio ou do Mediterr\u00e2neo:<\/strong><\/p>\n<ul>\n<li>Beta talassemia por eletroforese de hemoglobina<br \/>\n<ul>\n<li>Sequenciamento de genes adicionado em janeiro de 2017<\/li>\n<\/ul>\n<\/li>\n<li>Alfa talassemia por eletroforese de hemoglobina<br \/>\n<ul>\n<li>Genotipagem adicionada em 2015<\/li>\n<\/ul>\n<\/li>\n<\/ul>\n<p><strong>Doadores de ascend\u00eancia africana e negra americana:<\/strong><\/p>\n<ul>\n<li>Doen\u00e7a Falciforme e outras hemoglobinopatias<br \/>\n<ul>\n<li>Falciforme por sequenciamento de genes desde janeiro de 2017<\/li>\n<\/ul>\n<\/li>\n<li>Atualmente, o Fairfax Cryobank rastreia todos os doadores, independentemente da etnia, quanto \u00e0 presen\u00e7a de tra\u00e7os de hemoglobina S e C.<\/li>\n<\/ul>\n<p><a href=\"\/br\/genetic-faqs\" target=\"_blank\" rel=\"noopener noreferrer\">Veja as perguntas mais frequentes sobre gen\u00e9tica.<\/a>.<\/p>\n<p>Voc\u00ea \u00e9 portador de uma doen\u00e7a gen\u00e9tica e precisa de um doador com resultado negativo para a mesma doen\u00e7a? Oferecemos testes especiais em doadores. Entre em contato conosco para saber mais (11) 5084-2588.<\/p>\n\n\n<p><\/p>\n","protected":false},"excerpt":{"rendered":"<p>\u00c9 essencial ter uma compreens\u00e3o abrangente das condi\u00e7\u00f5es gen\u00e9ticas e da heran\u00e7a gen\u00e9tica para fornecer a melhor triagem de doadores em rela\u00e7\u00e3o a condi\u00e7\u00f5es heredit\u00e1rias. O Fairfax Cryobank fornece a experi\u00eancia de geneticistas cl\u00ednicos certificados pelo conselho na avalia\u00e7\u00e3o do hist\u00f3rico m\u00e9dico e familiar do doador, bem como na revis\u00e3o &#8230;<\/p>\n","protected":false},"author":1,"featured_media":0,"parent":0,"menu_order":0,"comment_status":"closed","ping_status":"closed","template":"","meta":{"footnotes":""},"class_list":["post-20398","page","type-page","status-publish","hentry"],"yoast_head":"<!-- This site is optimized with the Yoast SEO plugin v27.1.1 - https:\/\/yoast.com\/product\/yoast-seo-wordpress\/ -->\n<title>Teste de doen\u00e7as gen\u00e9ticas | Fairfax Cryobank - Find a Sperm Donor<\/title>\n<meta name=\"description\" content=\"\u00c9 essencial ter uma compreens\u00e3o abrangente das condi\u00e7\u00f5es gen\u00e9ticas e da heran\u00e7a gen\u00e9tica para fornecer a melhor triagem de doadores em rela\u00e7\u00e3o a condi\u00e7\u00f5es\" \/>\n<meta name=\"robots\" content=\"index, follow, max-snippet:-1, max-image-preview:large, max-video-preview:-1\" \/>\n<link rel=\"canonical\" href=\"https:\/\/fairfaxcryobank.com\/br\/teste-de-doencas-geneticas\" \/>\n<meta property=\"og:locale\" content=\"pt_BR\" \/>\n<meta property=\"og:type\" content=\"article\" \/>\n<meta property=\"og:title\" content=\"Teste de doen\u00e7as gen\u00e9ticas | Fairfax Cryobank - Find a Sperm Donor\" \/>\n<meta property=\"og:description\" content=\"\u00c9 essencial ter uma compreens\u00e3o abrangente das condi\u00e7\u00f5es gen\u00e9ticas e da heran\u00e7a gen\u00e9tica para fornecer a melhor triagem de doadores em rela\u00e7\u00e3o a condi\u00e7\u00f5es\" \/>\n<meta property=\"og:url\" content=\"https:\/\/fairfaxcryobank.com\/br\/teste-de-doencas-geneticas\" \/>\n<meta property=\"og:site_name\" content=\"Fairfax Cryobank - Find a Sperm Donor\" \/>\n<meta property=\"article:publisher\" content=\"https:\/\/www.facebook.com\/fairfax.cryobank\" \/>\n<meta property=\"article:modified_time\" content=\"2022-02-17T20:37:41+00:00\" \/>\n<meta name=\"twitter:card\" content=\"summary_large_image\" \/>\n<meta name=\"twitter:site\" content=\"@FairfaxCryobank\" \/>\n<meta name=\"twitter:label1\" content=\"Est. tempo de leitura\" \/>\n\t<meta name=\"twitter:data1\" content=\"2 minutos\" \/>\n<script type=\"application\/ld+json\" class=\"yoast-schema-graph\">{\"@context\":\"https:\/\/schema.org\",\"@graph\":[{\"@type\":\"WebPage\",\"@id\":\"https:\/\/fairfaxcryobank.com\/br\/teste-de-doencas-geneticas\",\"url\":\"https:\/\/fairfaxcryobank.com\/br\/teste-de-doencas-geneticas\",\"name\":\"Teste de doen\u00e7as gen\u00e9ticas | Fairfax Cryobank - Find a Sperm Donor\",\"isPartOf\":{\"@id\":\"https:\/\/fairfaxcryobank.com\/br#website\"},\"datePublished\":\"2022-02-17T20:37:40+00:00\",\"dateModified\":\"2022-02-17T20:37:41+00:00\",\"description\":\"\u00c9 essencial ter uma compreens\u00e3o abrangente das condi\u00e7\u00f5es gen\u00e9ticas e da heran\u00e7a gen\u00e9tica para fornecer a melhor triagem de doadores em rela\u00e7\u00e3o a condi\u00e7\u00f5es\",\"breadcrumb\":{\"@id\":\"https:\/\/fairfaxcryobank.com\/br\/teste-de-doencas-geneticas#breadcrumb\"},\"inLanguage\":\"pt-BR\",\"potentialAction\":[{\"@type\":\"ReadAction\",\"target\":[\"https:\/\/fairfaxcryobank.com\/br\/teste-de-doencas-geneticas\"]}]},{\"@type\":\"BreadcrumbList\",\"@id\":\"https:\/\/fairfaxcryobank.com\/br\/teste-de-doencas-geneticas#breadcrumb\",\"itemListElement\":[{\"@type\":\"ListItem\",\"position\":1,\"name\":\"Home\",\"item\":\"https:\/\/fairfaxcryobank.com\/br\"},{\"@type\":\"ListItem\",\"position\":2,\"name\":\"Teste de doen\u00e7as gen\u00e9ticas\"}]},{\"@type\":\"WebSite\",\"@id\":\"https:\/\/fairfaxcryobank.com\/br#website\",\"url\":\"https:\/\/fairfaxcryobank.com\/br\",\"name\":\"Fairfax Cryobank - Find a Sperm Donor\",\"description\":\"Top-Tier Sperm Bank\",\"publisher\":{\"@id\":\"https:\/\/fairfaxcryobank.com\/br#organization\"},\"potentialAction\":[{\"@type\":\"SearchAction\",\"target\":{\"@type\":\"EntryPoint\",\"urlTemplate\":\"https:\/\/fairfaxcryobank.com\/br?s={search_term_string}\"},\"query-input\":{\"@type\":\"PropertyValueSpecification\",\"valueRequired\":true,\"valueName\":\"search_term_string\"}}],\"inLanguage\":\"pt-BR\"},{\"@type\":\"Organization\",\"@id\":\"https:\/\/fairfaxcryobank.com\/br#organization\",\"name\":\"Fairfax Cryobank\",\"url\":\"https:\/\/fairfaxcryobank.com\/br\",\"logo\":{\"@type\":\"ImageObject\",\"inLanguage\":\"pt-BR\",\"@id\":\"https:\/\/fairfaxcryobank.com\/br#\/schema\/logo\/image\/\",\"url\":\"https:\/\/fairfaxcryobank.com\/wp-content\/uploads\/logo.webp\",\"contentUrl\":\"https:\/\/fairfaxcryobank.com\/wp-content\/uploads\/logo.webp\",\"width\":1,\"height\":1,\"caption\":\"Fairfax Cryobank\"},\"image\":{\"@id\":\"https:\/\/fairfaxcryobank.com\/br#\/schema\/logo\/image\/\"},\"sameAs\":[\"https:\/\/www.facebook.com\/fairfax.cryobank\",\"https:\/\/x.com\/FairfaxCryobank\",\"https:\/\/www.instagram.com\/fairfaxcryobank\/\",\"https:\/\/www.pinterest.com\/fairfaxcryo\/\"]}]}<\/script>\n<!-- \/ Yoast SEO plugin. -->","yoast_head_json":{"title":"Teste de doen\u00e7as gen\u00e9ticas | Fairfax Cryobank - Find a Sperm Donor","description":"\u00c9 essencial ter uma compreens\u00e3o abrangente das condi\u00e7\u00f5es gen\u00e9ticas e da heran\u00e7a gen\u00e9tica para fornecer a melhor triagem de doadores em rela\u00e7\u00e3o a condi\u00e7\u00f5es","robots":{"index":"index","follow":"follow","max-snippet":"max-snippet:-1","max-image-preview":"max-image-preview:large","max-video-preview":"max-video-preview:-1"},"canonical":"https:\/\/fairfaxcryobank.com\/br\/teste-de-doencas-geneticas","og_locale":"pt_BR","og_type":"article","og_title":"Teste de doen\u00e7as gen\u00e9ticas | Fairfax Cryobank - Find a Sperm Donor","og_description":"\u00c9 essencial ter uma compreens\u00e3o abrangente das condi\u00e7\u00f5es gen\u00e9ticas e da heran\u00e7a gen\u00e9tica para fornecer a melhor triagem de doadores em rela\u00e7\u00e3o a condi\u00e7\u00f5es","og_url":"https:\/\/fairfaxcryobank.com\/br\/teste-de-doencas-geneticas","og_site_name":"Fairfax Cryobank - Find a Sperm Donor","article_publisher":"https:\/\/www.facebook.com\/fairfax.cryobank","article_modified_time":"2022-02-17T20:37:41+00:00","twitter_card":"summary_large_image","twitter_site":"@FairfaxCryobank","twitter_misc":{"Est. tempo de leitura":"2 minutos"},"schema":{"@context":"https:\/\/schema.org","@graph":[{"@type":"WebPage","@id":"https:\/\/fairfaxcryobank.com\/br\/teste-de-doencas-geneticas","url":"https:\/\/fairfaxcryobank.com\/br\/teste-de-doencas-geneticas","name":"Teste de doen\u00e7as gen\u00e9ticas | Fairfax Cryobank - Find a Sperm Donor","isPartOf":{"@id":"https:\/\/fairfaxcryobank.com\/br#website"},"datePublished":"2022-02-17T20:37:40+00:00","dateModified":"2022-02-17T20:37:41+00:00","description":"\u00c9 essencial ter uma compreens\u00e3o abrangente das condi\u00e7\u00f5es gen\u00e9ticas e da heran\u00e7a gen\u00e9tica para fornecer a melhor triagem de doadores em rela\u00e7\u00e3o a condi\u00e7\u00f5es","breadcrumb":{"@id":"https:\/\/fairfaxcryobank.com\/br\/teste-de-doencas-geneticas#breadcrumb"},"inLanguage":"pt-BR","potentialAction":[{"@type":"ReadAction","target":["https:\/\/fairfaxcryobank.com\/br\/teste-de-doencas-geneticas"]}]},{"@type":"BreadcrumbList","@id":"https:\/\/fairfaxcryobank.com\/br\/teste-de-doencas-geneticas#breadcrumb","itemListElement":[{"@type":"ListItem","position":1,"name":"Home","item":"https:\/\/fairfaxcryobank.com\/br"},{"@type":"ListItem","position":2,"name":"Teste de doen\u00e7as gen\u00e9ticas"}]},{"@type":"WebSite","@id":"https:\/\/fairfaxcryobank.com\/br#website","url":"https:\/\/fairfaxcryobank.com\/br","name":"Fairfax Cryobank - Find a Sperm Donor","description":"Top-Tier Sperm Bank","publisher":{"@id":"https:\/\/fairfaxcryobank.com\/br#organization"},"potentialAction":[{"@type":"SearchAction","target":{"@type":"EntryPoint","urlTemplate":"https:\/\/fairfaxcryobank.com\/br?s={search_term_string}"},"query-input":{"@type":"PropertyValueSpecification","valueRequired":true,"valueName":"search_term_string"}}],"inLanguage":"pt-BR"},{"@type":"Organization","@id":"https:\/\/fairfaxcryobank.com\/br#organization","name":"Fairfax Cryobank","url":"https:\/\/fairfaxcryobank.com\/br","logo":{"@type":"ImageObject","inLanguage":"pt-BR","@id":"https:\/\/fairfaxcryobank.com\/br#\/schema\/logo\/image\/","url":"https:\/\/fairfaxcryobank.com\/wp-content\/uploads\/logo.webp","contentUrl":"https:\/\/fairfaxcryobank.com\/wp-content\/uploads\/logo.webp","width":1,"height":1,"caption":"Fairfax Cryobank"},"image":{"@id":"https:\/\/fairfaxcryobank.com\/br#\/schema\/logo\/image\/"},"sameAs":["https:\/\/www.facebook.com\/fairfax.cryobank","https:\/\/x.com\/FairfaxCryobank","https:\/\/www.instagram.com\/fairfaxcryobank\/","https:\/\/www.pinterest.com\/fairfaxcryo\/"]}]}},"post_mailing_queue_ids":[],"_links":{"self":[{"href":"https:\/\/fairfaxcryobank.com\/br\/wp-json\/wp\/v2\/pages\/20398","targetHints":{"allow":["GET"]}}],"collection":[{"href":"https:\/\/fairfaxcryobank.com\/br\/wp-json\/wp\/v2\/pages"}],"about":[{"href":"https:\/\/fairfaxcryobank.com\/br\/wp-json\/wp\/v2\/types\/page"}],"author":[{"embeddable":true,"href":"https:\/\/fairfaxcryobank.com\/br\/wp-json\/wp\/v2\/users\/1"}],"replies":[{"embeddable":true,"href":"https:\/\/fairfaxcryobank.com\/br\/wp-json\/wp\/v2\/comments?post=20398"}],"version-history":[{"count":1,"href":"https:\/\/fairfaxcryobank.com\/br\/wp-json\/wp\/v2\/pages\/20398\/revisions"}],"predecessor-version":[{"id":20399,"href":"https:\/\/fairfaxcryobank.com\/br\/wp-json\/wp\/v2\/pages\/20398\/revisions\/20399"}],"wp:attachment":[{"href":"https:\/\/fairfaxcryobank.com\/br\/wp-json\/wp\/v2\/media?parent=20398"}],"curies":[{"name":"wp","href":"https:\/\/api.w.org\/{rel}","templated":true}]}}