{"id":20400,"date":"2022-02-17T16:06:40","date_gmt":"2022-02-17T21:06:40","guid":{"rendered":"https:\/\/fairfaxcryobank.com\/?page_id=20400"},"modified":"2022-02-17T16:06:41","modified_gmt":"2022-02-17T21:06:41","slug":"teste-de-doencas-infecciosas","status":"publish","type":"page","link":"https:\/\/fairfaxcryobank.com\/br\/teste-de-doencas-infecciosas","title":{"rendered":"Teste de doen\u00e7as infecciosas"},"content":{"rendered":"<p>Duas t\u00e9cnicas s\u00e3o usadas para detectar doen\u00e7as infecciosas. O teste sorol\u00f3gico, o padr\u00e3o da ind\u00fastria, procura a presen\u00e7a da rea\u00e7\u00e3o do corpo (anticorpos) a uma infec\u00e7\u00e3o. A outra metodologia, pioneira no Fairfax Cryobank, \u00e9 o teste de rea\u00e7\u00e3o em cadeia da polimerase (PCR) (tamb\u00e9m chamado de NAT para teste de \u00e1cido nucleico), um m\u00e9todo muito mais sens\u00edvel que usa t\u00e9cnicas de gen\u00e9tica molecular para identificar a presen\u00e7a do DNA do agente infeccioso. O Fairfax Cryobank faz o uso mais extensivo de qualquer banco de s\u00eamen da tecnologia PCR para testar doen\u00e7as infecciosas. Todas as amostras de doadores s\u00e3o colocadas em quarentena por seis meses. O doador deve ent\u00e3o retornar e ser testado novamente para um painel de doen\u00e7as infecciosas antes que suas amostras possam ser liberadas da quarentena. Seguimos os regulamentos da FDA em vigor em maio de 2005, que estipulam claramente os protocolos de teste para testes de doen\u00e7as infecciosas de doadores.<\/p>\n<p><strong>As seguintes doen\u00e7as infecciosas s\u00e3o testadas em todos os doadores ativos ap\u00f3s 25\/05\/05:<\/strong><br \/>\n<strong>Teste sorol\u00f3gico:<\/strong><\/p>\n<ul>\n<li>Anticorpo HIV-1 e HIV-2<\/li>\n<li>Ant\u00edgeno de superf\u00edcie da hepatite B e anticorpo central<\/li>\n<li>Anticorpo da hepatite C<\/li>\n<li><a href=\"\/br\/cmv\">Anticorpo para citomegalov\u00edrus (CMV)<\/a><\/li>\n<li>S\u00edfilis (RPR)<\/li>\n<li>Anticorpo HTLV-I e II*<\/li>\n<\/ul>\n<p><strong>Teste de NAT de rea\u00e7\u00e3o em cadeia da polimerase (PCR):<\/strong><\/p>\n<ul>\n<li>HIV 1 e 2<\/li>\n<li>HTLV I e II<\/li>\n<li>Hepatite C*<\/li>\n<li>Clam\u00eddia *<\/li>\n<li>Gonococo*<\/li>\n<li>Citomegalov\u00edrus*<\/li>\n<li>V\u00edrus Herpes Simplex 1 e 2 (HSV)<\/li>\n<li>Papilomav\u00edrus Humano HPV<\/li>\n<li>Adenovirus, trichomonas, candida e actinomyces s\u00e3o testados quando indicado.<\/li>\n<\/ul>\n<p>Devido \u00e0 disponibilidade do teste no momento da doa\u00e7\u00e3o, um determinado doador pode n\u00e3o ter sido testado para os testes marcados com (*) pela metodologia indicada, mas todos os doadores foram testados para as doen\u00e7as acima.<\/p>\n<p><strong>Informa\u00e7\u00f5es sobre doa\u00e7\u00e3o de s\u00eamen e Zika V\u00edrus<\/strong><\/p>\n<p>O Fairfax Cryobank est\u00e1 monitorando de perto todas as novas informa\u00e7\u00f5es sobre o v\u00edrus Zika e tomou medidas para proteger nossos clientes. Implementamos em nosso Cryobank uma pol\u00edtica rigorosa para prevenir a transmiss\u00e3o viral do Zika. Cada doador relata, por escrito, em cada visita, se teve ou n\u00e3o sintomas do v\u00edrus Zika ou se, nos \u00faltimos seis meses, visitou uma \u00e1rea designada pelos Centros de Controle e Preven\u00e7\u00e3o de Doen\u00e7as dos EUA como tendo transmiss\u00e3o ativa do Zika. Se ele tem, ent\u00e3o ele n\u00e3o pode doar. \u00c0 medida que novas informa\u00e7\u00f5es sobre o comportamento do Zika estiverem dispon\u00edveis, nossas pol\u00edticas ser\u00e3o atualizadas adequadamente.<\/p>\n","protected":false},"excerpt":{"rendered":"<p>Duas t\u00e9cnicas s\u00e3o usadas para detectar doen\u00e7as infecciosas. O teste sorol\u00f3gico, o padr\u00e3o da ind\u00fastria, procura a presen\u00e7a da rea\u00e7\u00e3o do corpo (anticorpos) a uma infec\u00e7\u00e3o. A outra metodologia, pioneira no Fairfax Cryobank, \u00e9 o teste de rea\u00e7\u00e3o em cadeia da polimerase (PCR) (tamb\u00e9m chamado de NAT para teste de &#8230;<\/p>\n","protected":false},"author":1,"featured_media":0,"parent":0,"menu_order":0,"comment_status":"closed","ping_status":"closed","template":"","meta":{"footnotes":""},"class_list":["post-20400","page","type-page","status-publish","hentry"],"yoast_head":"<!-- This site is optimized with the Yoast SEO plugin v27.1.1 - https:\/\/yoast.com\/product\/yoast-seo-wordpress\/ -->\n<title>Teste de doen\u00e7as infecciosas | Fairfax Cryobank - Find a Sperm Donor<\/title>\n<meta name=\"description\" content=\"Duas t\u00e9cnicas s\u00e3o usadas para detectar doen\u00e7as infecciosas. O teste sorol\u00f3gico, o padr\u00e3o da ind\u00fastria, procura a presen\u00e7a da rea\u00e7\u00e3o do corpo (anticorpos)\" \/>\n<meta name=\"robots\" content=\"index, follow, max-snippet:-1, max-image-preview:large, max-video-preview:-1\" \/>\n<link rel=\"canonical\" href=\"https:\/\/fairfaxcryobank.com\/br\/teste-de-doencas-infecciosas\" \/>\n<meta property=\"og:locale\" content=\"pt_BR\" \/>\n<meta property=\"og:type\" content=\"article\" \/>\n<meta property=\"og:title\" content=\"Teste de doen\u00e7as infecciosas | Fairfax Cryobank - Find a Sperm Donor\" \/>\n<meta property=\"og:description\" content=\"Duas t\u00e9cnicas s\u00e3o usadas para detectar doen\u00e7as infecciosas. O teste sorol\u00f3gico, o padr\u00e3o da ind\u00fastria, procura a presen\u00e7a da rea\u00e7\u00e3o do corpo (anticorpos)\" \/>\n<meta property=\"og:url\" content=\"https:\/\/fairfaxcryobank.com\/br\/teste-de-doencas-infecciosas\" \/>\n<meta property=\"og:site_name\" content=\"Fairfax Cryobank - Find a Sperm Donor\" \/>\n<meta property=\"article:publisher\" content=\"https:\/\/www.facebook.com\/fairfax.cryobank\" \/>\n<meta property=\"article:modified_time\" content=\"2022-02-17T21:06:41+00:00\" \/>\n<meta name=\"twitter:card\" content=\"summary_large_image\" \/>\n<meta name=\"twitter:site\" content=\"@FairfaxCryobank\" \/>\n<meta name=\"twitter:label1\" content=\"Est. tempo de leitura\" \/>\n\t<meta name=\"twitter:data1\" content=\"2 minutos\" \/>\n<script type=\"application\/ld+json\" class=\"yoast-schema-graph\">{\"@context\":\"https:\/\/schema.org\",\"@graph\":[{\"@type\":\"WebPage\",\"@id\":\"https:\/\/fairfaxcryobank.com\/br\/teste-de-doencas-infecciosas\",\"url\":\"https:\/\/fairfaxcryobank.com\/br\/teste-de-doencas-infecciosas\",\"name\":\"Teste de doen\u00e7as infecciosas | Fairfax Cryobank - Find a Sperm Donor\",\"isPartOf\":{\"@id\":\"https:\/\/fairfaxcryobank.com\/br#website\"},\"datePublished\":\"2022-02-17T21:06:40+00:00\",\"dateModified\":\"2022-02-17T21:06:41+00:00\",\"description\":\"Duas t\u00e9cnicas s\u00e3o usadas para detectar doen\u00e7as infecciosas. O teste sorol\u00f3gico, o padr\u00e3o da ind\u00fastria, procura a presen\u00e7a da rea\u00e7\u00e3o do corpo (anticorpos)\",\"breadcrumb\":{\"@id\":\"https:\/\/fairfaxcryobank.com\/br\/teste-de-doencas-infecciosas#breadcrumb\"},\"inLanguage\":\"pt-BR\",\"potentialAction\":[{\"@type\":\"ReadAction\",\"target\":[\"https:\/\/fairfaxcryobank.com\/br\/teste-de-doencas-infecciosas\"]}]},{\"@type\":\"BreadcrumbList\",\"@id\":\"https:\/\/fairfaxcryobank.com\/br\/teste-de-doencas-infecciosas#breadcrumb\",\"itemListElement\":[{\"@type\":\"ListItem\",\"position\":1,\"name\":\"Home\",\"item\":\"https:\/\/fairfaxcryobank.com\/br\"},{\"@type\":\"ListItem\",\"position\":2,\"name\":\"Teste de doen\u00e7as infecciosas\"}]},{\"@type\":\"WebSite\",\"@id\":\"https:\/\/fairfaxcryobank.com\/br#website\",\"url\":\"https:\/\/fairfaxcryobank.com\/br\",\"name\":\"Fairfax Cryobank - Find a Sperm Donor\",\"description\":\"Top-Tier Sperm Bank\",\"publisher\":{\"@id\":\"https:\/\/fairfaxcryobank.com\/br#organization\"},\"potentialAction\":[{\"@type\":\"SearchAction\",\"target\":{\"@type\":\"EntryPoint\",\"urlTemplate\":\"https:\/\/fairfaxcryobank.com\/br?s={search_term_string}\"},\"query-input\":{\"@type\":\"PropertyValueSpecification\",\"valueRequired\":true,\"valueName\":\"search_term_string\"}}],\"inLanguage\":\"pt-BR\"},{\"@type\":\"Organization\",\"@id\":\"https:\/\/fairfaxcryobank.com\/br#organization\",\"name\":\"Fairfax Cryobank\",\"url\":\"https:\/\/fairfaxcryobank.com\/br\",\"logo\":{\"@type\":\"ImageObject\",\"inLanguage\":\"pt-BR\",\"@id\":\"https:\/\/fairfaxcryobank.com\/br#\/schema\/logo\/image\/\",\"url\":\"https:\/\/fairfaxcryobank.com\/wp-content\/uploads\/logo.webp\",\"contentUrl\":\"https:\/\/fairfaxcryobank.com\/wp-content\/uploads\/logo.webp\",\"width\":1,\"height\":1,\"caption\":\"Fairfax Cryobank\"},\"image\":{\"@id\":\"https:\/\/fairfaxcryobank.com\/br#\/schema\/logo\/image\/\"},\"sameAs\":[\"https:\/\/www.facebook.com\/fairfax.cryobank\",\"https:\/\/x.com\/FairfaxCryobank\",\"https:\/\/www.instagram.com\/fairfaxcryobank\/\",\"https:\/\/www.pinterest.com\/fairfaxcryo\/\"]}]}<\/script>\n<!-- \/ Yoast SEO plugin. -->","yoast_head_json":{"title":"Teste de doen\u00e7as infecciosas | Fairfax Cryobank - Find a Sperm Donor","description":"Duas t\u00e9cnicas s\u00e3o usadas para detectar doen\u00e7as infecciosas. O teste sorol\u00f3gico, o padr\u00e3o da ind\u00fastria, procura a presen\u00e7a da rea\u00e7\u00e3o do corpo (anticorpos)","robots":{"index":"index","follow":"follow","max-snippet":"max-snippet:-1","max-image-preview":"max-image-preview:large","max-video-preview":"max-video-preview:-1"},"canonical":"https:\/\/fairfaxcryobank.com\/br\/teste-de-doencas-infecciosas","og_locale":"pt_BR","og_type":"article","og_title":"Teste de doen\u00e7as infecciosas | Fairfax Cryobank - Find a Sperm Donor","og_description":"Duas t\u00e9cnicas s\u00e3o usadas para detectar doen\u00e7as infecciosas. O teste sorol\u00f3gico, o padr\u00e3o da ind\u00fastria, procura a presen\u00e7a da rea\u00e7\u00e3o do corpo (anticorpos)","og_url":"https:\/\/fairfaxcryobank.com\/br\/teste-de-doencas-infecciosas","og_site_name":"Fairfax Cryobank - Find a Sperm Donor","article_publisher":"https:\/\/www.facebook.com\/fairfax.cryobank","article_modified_time":"2022-02-17T21:06:41+00:00","twitter_card":"summary_large_image","twitter_site":"@FairfaxCryobank","twitter_misc":{"Est. tempo de leitura":"2 minutos"},"schema":{"@context":"https:\/\/schema.org","@graph":[{"@type":"WebPage","@id":"https:\/\/fairfaxcryobank.com\/br\/teste-de-doencas-infecciosas","url":"https:\/\/fairfaxcryobank.com\/br\/teste-de-doencas-infecciosas","name":"Teste de doen\u00e7as infecciosas | Fairfax Cryobank - Find a Sperm Donor","isPartOf":{"@id":"https:\/\/fairfaxcryobank.com\/br#website"},"datePublished":"2022-02-17T21:06:40+00:00","dateModified":"2022-02-17T21:06:41+00:00","description":"Duas t\u00e9cnicas s\u00e3o usadas para detectar doen\u00e7as infecciosas. O teste sorol\u00f3gico, o padr\u00e3o da ind\u00fastria, procura a presen\u00e7a da rea\u00e7\u00e3o do corpo (anticorpos)","breadcrumb":{"@id":"https:\/\/fairfaxcryobank.com\/br\/teste-de-doencas-infecciosas#breadcrumb"},"inLanguage":"pt-BR","potentialAction":[{"@type":"ReadAction","target":["https:\/\/fairfaxcryobank.com\/br\/teste-de-doencas-infecciosas"]}]},{"@type":"BreadcrumbList","@id":"https:\/\/fairfaxcryobank.com\/br\/teste-de-doencas-infecciosas#breadcrumb","itemListElement":[{"@type":"ListItem","position":1,"name":"Home","item":"https:\/\/fairfaxcryobank.com\/br"},{"@type":"ListItem","position":2,"name":"Teste de doen\u00e7as infecciosas"}]},{"@type":"WebSite","@id":"https:\/\/fairfaxcryobank.com\/br#website","url":"https:\/\/fairfaxcryobank.com\/br","name":"Fairfax Cryobank - Find a Sperm Donor","description":"Top-Tier Sperm Bank","publisher":{"@id":"https:\/\/fairfaxcryobank.com\/br#organization"},"potentialAction":[{"@type":"SearchAction","target":{"@type":"EntryPoint","urlTemplate":"https:\/\/fairfaxcryobank.com\/br?s={search_term_string}"},"query-input":{"@type":"PropertyValueSpecification","valueRequired":true,"valueName":"search_term_string"}}],"inLanguage":"pt-BR"},{"@type":"Organization","@id":"https:\/\/fairfaxcryobank.com\/br#organization","name":"Fairfax Cryobank","url":"https:\/\/fairfaxcryobank.com\/br","logo":{"@type":"ImageObject","inLanguage":"pt-BR","@id":"https:\/\/fairfaxcryobank.com\/br#\/schema\/logo\/image\/","url":"https:\/\/fairfaxcryobank.com\/wp-content\/uploads\/logo.webp","contentUrl":"https:\/\/fairfaxcryobank.com\/wp-content\/uploads\/logo.webp","width":1,"height":1,"caption":"Fairfax Cryobank"},"image":{"@id":"https:\/\/fairfaxcryobank.com\/br#\/schema\/logo\/image\/"},"sameAs":["https:\/\/www.facebook.com\/fairfax.cryobank","https:\/\/x.com\/FairfaxCryobank","https:\/\/www.instagram.com\/fairfaxcryobank\/","https:\/\/www.pinterest.com\/fairfaxcryo\/"]}]}},"post_mailing_queue_ids":[],"_links":{"self":[{"href":"https:\/\/fairfaxcryobank.com\/br\/wp-json\/wp\/v2\/pages\/20400","targetHints":{"allow":["GET"]}}],"collection":[{"href":"https:\/\/fairfaxcryobank.com\/br\/wp-json\/wp\/v2\/pages"}],"about":[{"href":"https:\/\/fairfaxcryobank.com\/br\/wp-json\/wp\/v2\/types\/page"}],"author":[{"embeddable":true,"href":"https:\/\/fairfaxcryobank.com\/br\/wp-json\/wp\/v2\/users\/1"}],"replies":[{"embeddable":true,"href":"https:\/\/fairfaxcryobank.com\/br\/wp-json\/wp\/v2\/comments?post=20400"}],"version-history":[{"count":1,"href":"https:\/\/fairfaxcryobank.com\/br\/wp-json\/wp\/v2\/pages\/20400\/revisions"}],"predecessor-version":[{"id":20401,"href":"https:\/\/fairfaxcryobank.com\/br\/wp-json\/wp\/v2\/pages\/20400\/revisions\/20401"}],"wp:attachment":[{"href":"https:\/\/fairfaxcryobank.com\/br\/wp-json\/wp\/v2\/media?parent=20400"}],"curies":[{"name":"wp","href":"https:\/\/api.w.org\/{rel}","templated":true}]}}