{"id":20402,"date":"2022-02-18T09:36:59","date_gmt":"2022-02-18T14:36:59","guid":{"rendered":"https:\/\/fairfaxcryobank.com\/?page_id=20402"},"modified":"2022-03-29T12:45:42","modified_gmt":"2022-03-29T16:45:42","slug":"conheca-os-nossos-novos-doadores","status":"publish","type":"page","link":"https:\/\/fairfaxcryobank.com\/br\/conheca-os-nossos-novos-doadores","title":{"rendered":"Conhe\u00e7a os nossos novos doadores"},"content":{"rendered":"\n<h3 class=\"wp-block-heading\">Disponibilidade de novos doadores<\/h3>\n\n\n\n<p>Novos doadores de s\u00eamen que est\u00e3o atualmente listados na Pesquisa de Doadores t\u00eam ou ter\u00e3o amostras dispon\u00edveis para venda. As amostras s\u00e3o liberadas todos os meses ap\u00f3s a quarentena, portanto, se um doador n\u00e3o tiver disponibilidade no momento, prevemos que ele ter\u00e1 unidades dispon\u00edveis em breve. Outra op\u00e7\u00e3o \u00e9 se inscrever para notifica\u00e7\u00f5es de disponibilidade de doadores se n\u00e3o houver disponibilidade no tipo de amostra que voc\u00ea precisa.<\/p>\n\n\n\n<p>&nbsp;Perguntas frequentes detalhadas sobre as <a href=\"\/br\/perguntas-frequentes-sobre-uma-lista-de-espera\">Notifica\u00e7\u00f5es de Disponibilidade de Doadores <\/a>tamb\u00e9m est\u00e3o dispon\u00edveis e podem responder \u00e0 maioria das suas perguntas.<\/p>\n\n\n\n<h3 class=\"wp-block-heading\"><strong>Veja os produtos informativos de novos doadores<\/strong><\/h3>\n\n\n\n<p>Para revisar todos os produtos de perfil de doadores de s\u00eamen mais recentes, incluindo fotos, tipos de personalidade, entrevistas em \u00e1udio, relat\u00f3rios m\u00e9dicos e muito mais, entre em contato para adquirir um plano de acesso.<\/p>\n\n\n\n<div style=\"height:20px\" aria-hidden=\"true\" class=\"wp-block-spacer\"><\/div>\n\n\n\n<h2 class=\"wp-block-heading\">Novos doadores:<\/h2>\n\n\n\n<p>Novos doadores de s\u00eamen Fairfax Cryobank est\u00e3o listados abaixo em ordem cronol\u00f3gica.<\/p>\n","protected":false},"excerpt":{"rendered":"<p>Disponibilidade de novos doadores Novos doadores de s\u00eamen que est\u00e3o atualmente listados na Pesquisa de Doadores t\u00eam ou ter\u00e3o amostras dispon\u00edveis para venda. As amostras s\u00e3o liberadas todos os meses ap\u00f3s a quarentena, portanto, se um doador n\u00e3o tiver disponibilidade no momento, prevemos que ele ter\u00e1 unidades dispon\u00edveis em breve. &#8230;<\/p>\n","protected":false},"author":1,"featured_media":17458,"parent":0,"menu_order":0,"comment_status":"closed","ping_status":"closed","template":"page-new-donors.php","meta":{"footnotes":""},"class_list":["post-20402","page","type-page","status-publish","has-post-thumbnail","hentry"],"yoast_head":"<!-- This site is optimized with the Yoast SEO plugin v27.1.1 - https:\/\/yoast.com\/product\/yoast-seo-wordpress\/ -->\n<title>Conhe\u00e7a os nossos novos doadores | Fairfax Cryobank - Find a Sperm Donor<\/title>\n<meta name=\"description\" content=\"Disponibilidade de novos doadores Novos doadores de s\u00eamen que est\u00e3o atualmente listados na Pesquisa de Doadores t\u00eam ou ter\u00e3o amostras dispon\u00edveis para\" \/>\n<meta name=\"robots\" content=\"index, follow, max-snippet:-1, max-image-preview:large, max-video-preview:-1\" \/>\n<link rel=\"canonical\" href=\"https:\/\/fairfaxcryobank.com\/br\/conheca-os-nossos-novos-doadores\" \/>\n<meta property=\"og:locale\" content=\"pt_BR\" \/>\n<meta property=\"og:type\" content=\"article\" \/>\n<meta property=\"og:title\" content=\"Conhe\u00e7a os nossos novos doadores | Fairfax Cryobank - Find a Sperm Donor\" \/>\n<meta property=\"og:description\" content=\"Disponibilidade de novos doadores Novos doadores de s\u00eamen que est\u00e3o atualmente listados na Pesquisa de Doadores t\u00eam ou ter\u00e3o amostras dispon\u00edveis para\" \/>\n<meta property=\"og:url\" content=\"https:\/\/fairfaxcryobank.com\/br\/conheca-os-nossos-novos-doadores\" \/>\n<meta property=\"og:site_name\" content=\"Fairfax Cryobank - Find a Sperm Donor\" \/>\n<meta property=\"article:publisher\" content=\"https:\/\/www.facebook.com\/fairfax.cryobank\" \/>\n<meta property=\"article:modified_time\" content=\"2022-03-29T16:45:42+00:00\" \/>\n<meta property=\"og:image\" content=\"https:\/\/fairfaxcryobank.com\/wp-content\/uploads\/5854baby-3.jpg\" \/>\n\t<meta property=\"og:image:width\" content=\"700\" \/>\n\t<meta property=\"og:image:height\" content=\"795\" \/>\n\t<meta property=\"og:image:type\" content=\"image\/jpeg\" \/>\n<meta name=\"twitter:card\" content=\"summary_large_image\" \/>\n<meta name=\"twitter:site\" content=\"@FairfaxCryobank\" \/>\n<meta name=\"twitter:label1\" content=\"Est. tempo de leitura\" \/>\n\t<meta name=\"twitter:data1\" content=\"1 minuto\" \/>\n<script type=\"application\/ld+json\" class=\"yoast-schema-graph\">{\"@context\":\"https:\/\/schema.org\",\"@graph\":[{\"@type\":\"WebPage\",\"@id\":\"https:\/\/fairfaxcryobank.com\/br\/conheca-os-nossos-novos-doadores\",\"url\":\"https:\/\/fairfaxcryobank.com\/br\/conheca-os-nossos-novos-doadores\",\"name\":\"Conhe\u00e7a os nossos novos doadores | Fairfax Cryobank - Find a Sperm Donor\",\"isPartOf\":{\"@id\":\"https:\/\/fairfaxcryobank.com\/br#website\"},\"primaryImageOfPage\":{\"@id\":\"https:\/\/fairfaxcryobank.com\/br\/conheca-os-nossos-novos-doadores#primaryimage\"},\"image\":{\"@id\":\"https:\/\/fairfaxcryobank.com\/br\/conheca-os-nossos-novos-doadores#primaryimage\"},\"thumbnailUrl\":\"https:\/\/fairfaxcryobank.com\/wp-content\/uploads\/5854baby-3.jpg\",\"datePublished\":\"2022-02-18T14:36:59+00:00\",\"dateModified\":\"2022-03-29T16:45:42+00:00\",\"description\":\"Disponibilidade de novos doadores Novos doadores de s\u00eamen que est\u00e3o atualmente listados na Pesquisa de Doadores t\u00eam ou ter\u00e3o amostras dispon\u00edveis para\",\"breadcrumb\":{\"@id\":\"https:\/\/fairfaxcryobank.com\/br\/conheca-os-nossos-novos-doadores#breadcrumb\"},\"inLanguage\":\"pt-BR\",\"potentialAction\":[{\"@type\":\"ReadAction\",\"target\":[\"https:\/\/fairfaxcryobank.com\/br\/conheca-os-nossos-novos-doadores\"]}]},{\"@type\":\"ImageObject\",\"inLanguage\":\"pt-BR\",\"@id\":\"https:\/\/fairfaxcryobank.com\/br\/conheca-os-nossos-novos-doadores#primaryimage\",\"url\":\"https:\/\/fairfaxcryobank.com\/wp-content\/uploads\/5854baby-3.jpg\",\"contentUrl\":\"https:\/\/fairfaxcryobank.com\/wp-content\/uploads\/5854baby-3.jpg\",\"width\":700,\"height\":795,\"caption\":\"new sperm donors\"},{\"@type\":\"BreadcrumbList\",\"@id\":\"https:\/\/fairfaxcryobank.com\/br\/conheca-os-nossos-novos-doadores#breadcrumb\",\"itemListElement\":[{\"@type\":\"ListItem\",\"position\":1,\"name\":\"Home\",\"item\":\"https:\/\/fairfaxcryobank.com\/br\"},{\"@type\":\"ListItem\",\"position\":2,\"name\":\"Conhe\u00e7a os nossos novos doadores\"}]},{\"@type\":\"WebSite\",\"@id\":\"https:\/\/fairfaxcryobank.com\/br#website\",\"url\":\"https:\/\/fairfaxcryobank.com\/br\",\"name\":\"Fairfax Cryobank - Find a Sperm Donor\",\"description\":\"Top-Tier Sperm Bank\",\"publisher\":{\"@id\":\"https:\/\/fairfaxcryobank.com\/br#organization\"},\"potentialAction\":[{\"@type\":\"SearchAction\",\"target\":{\"@type\":\"EntryPoint\",\"urlTemplate\":\"https:\/\/fairfaxcryobank.com\/br?s={search_term_string}\"},\"query-input\":{\"@type\":\"PropertyValueSpecification\",\"valueRequired\":true,\"valueName\":\"search_term_string\"}}],\"inLanguage\":\"pt-BR\"},{\"@type\":\"Organization\",\"@id\":\"https:\/\/fairfaxcryobank.com\/br#organization\",\"name\":\"Fairfax Cryobank\",\"url\":\"https:\/\/fairfaxcryobank.com\/br\",\"logo\":{\"@type\":\"ImageObject\",\"inLanguage\":\"pt-BR\",\"@id\":\"https:\/\/fairfaxcryobank.com\/br#\/schema\/logo\/image\/\",\"url\":\"https:\/\/fairfaxcryobank.com\/wp-content\/uploads\/logo.webp\",\"contentUrl\":\"https:\/\/fairfaxcryobank.com\/wp-content\/uploads\/logo.webp\",\"width\":1,\"height\":1,\"caption\":\"Fairfax Cryobank\"},\"image\":{\"@id\":\"https:\/\/fairfaxcryobank.com\/br#\/schema\/logo\/image\/\"},\"sameAs\":[\"https:\/\/www.facebook.com\/fairfax.cryobank\",\"https:\/\/x.com\/FairfaxCryobank\",\"https:\/\/www.instagram.com\/fairfaxcryobank\/\",\"https:\/\/www.pinterest.com\/fairfaxcryo\/\"]}]}<\/script>\n<!-- \/ Yoast SEO plugin. -->","yoast_head_json":{"title":"Conhe\u00e7a os nossos novos doadores | Fairfax Cryobank - Find a Sperm Donor","description":"Disponibilidade de novos doadores Novos doadores de s\u00eamen que est\u00e3o atualmente listados na Pesquisa de Doadores t\u00eam ou ter\u00e3o amostras dispon\u00edveis para","robots":{"index":"index","follow":"follow","max-snippet":"max-snippet:-1","max-image-preview":"max-image-preview:large","max-video-preview":"max-video-preview:-1"},"canonical":"https:\/\/fairfaxcryobank.com\/br\/conheca-os-nossos-novos-doadores","og_locale":"pt_BR","og_type":"article","og_title":"Conhe\u00e7a os nossos novos doadores | Fairfax Cryobank - Find a Sperm Donor","og_description":"Disponibilidade de novos doadores Novos doadores de s\u00eamen que est\u00e3o atualmente listados na Pesquisa de Doadores t\u00eam ou ter\u00e3o amostras dispon\u00edveis para","og_url":"https:\/\/fairfaxcryobank.com\/br\/conheca-os-nossos-novos-doadores","og_site_name":"Fairfax Cryobank - Find a Sperm Donor","article_publisher":"https:\/\/www.facebook.com\/fairfax.cryobank","article_modified_time":"2022-03-29T16:45:42+00:00","og_image":[{"width":700,"height":795,"url":"https:\/\/fairfaxcryobank.com\/wp-content\/uploads\/5854baby-3.jpg","type":"image\/jpeg"}],"twitter_card":"summary_large_image","twitter_site":"@FairfaxCryobank","twitter_misc":{"Est. tempo de leitura":"1 minuto"},"schema":{"@context":"https:\/\/schema.org","@graph":[{"@type":"WebPage","@id":"https:\/\/fairfaxcryobank.com\/br\/conheca-os-nossos-novos-doadores","url":"https:\/\/fairfaxcryobank.com\/br\/conheca-os-nossos-novos-doadores","name":"Conhe\u00e7a os nossos novos doadores | Fairfax Cryobank - Find a Sperm Donor","isPartOf":{"@id":"https:\/\/fairfaxcryobank.com\/br#website"},"primaryImageOfPage":{"@id":"https:\/\/fairfaxcryobank.com\/br\/conheca-os-nossos-novos-doadores#primaryimage"},"image":{"@id":"https:\/\/fairfaxcryobank.com\/br\/conheca-os-nossos-novos-doadores#primaryimage"},"thumbnailUrl":"https:\/\/fairfaxcryobank.com\/wp-content\/uploads\/5854baby-3.jpg","datePublished":"2022-02-18T14:36:59+00:00","dateModified":"2022-03-29T16:45:42+00:00","description":"Disponibilidade de novos doadores Novos doadores de s\u00eamen que est\u00e3o atualmente listados na Pesquisa de Doadores t\u00eam ou ter\u00e3o amostras dispon\u00edveis para","breadcrumb":{"@id":"https:\/\/fairfaxcryobank.com\/br\/conheca-os-nossos-novos-doadores#breadcrumb"},"inLanguage":"pt-BR","potentialAction":[{"@type":"ReadAction","target":["https:\/\/fairfaxcryobank.com\/br\/conheca-os-nossos-novos-doadores"]}]},{"@type":"ImageObject","inLanguage":"pt-BR","@id":"https:\/\/fairfaxcryobank.com\/br\/conheca-os-nossos-novos-doadores#primaryimage","url":"https:\/\/fairfaxcryobank.com\/wp-content\/uploads\/5854baby-3.jpg","contentUrl":"https:\/\/fairfaxcryobank.com\/wp-content\/uploads\/5854baby-3.jpg","width":700,"height":795,"caption":"new sperm donors"},{"@type":"BreadcrumbList","@id":"https:\/\/fairfaxcryobank.com\/br\/conheca-os-nossos-novos-doadores#breadcrumb","itemListElement":[{"@type":"ListItem","position":1,"name":"Home","item":"https:\/\/fairfaxcryobank.com\/br"},{"@type":"ListItem","position":2,"name":"Conhe\u00e7a os nossos novos doadores"}]},{"@type":"WebSite","@id":"https:\/\/fairfaxcryobank.com\/br#website","url":"https:\/\/fairfaxcryobank.com\/br","name":"Fairfax Cryobank - Find a Sperm Donor","description":"Top-Tier Sperm Bank","publisher":{"@id":"https:\/\/fairfaxcryobank.com\/br#organization"},"potentialAction":[{"@type":"SearchAction","target":{"@type":"EntryPoint","urlTemplate":"https:\/\/fairfaxcryobank.com\/br?s={search_term_string}"},"query-input":{"@type":"PropertyValueSpecification","valueRequired":true,"valueName":"search_term_string"}}],"inLanguage":"pt-BR"},{"@type":"Organization","@id":"https:\/\/fairfaxcryobank.com\/br#organization","name":"Fairfax Cryobank","url":"https:\/\/fairfaxcryobank.com\/br","logo":{"@type":"ImageObject","inLanguage":"pt-BR","@id":"https:\/\/fairfaxcryobank.com\/br#\/schema\/logo\/image\/","url":"https:\/\/fairfaxcryobank.com\/wp-content\/uploads\/logo.webp","contentUrl":"https:\/\/fairfaxcryobank.com\/wp-content\/uploads\/logo.webp","width":1,"height":1,"caption":"Fairfax Cryobank"},"image":{"@id":"https:\/\/fairfaxcryobank.com\/br#\/schema\/logo\/image\/"},"sameAs":["https:\/\/www.facebook.com\/fairfax.cryobank","https:\/\/x.com\/FairfaxCryobank","https:\/\/www.instagram.com\/fairfaxcryobank\/","https:\/\/www.pinterest.com\/fairfaxcryo\/"]}]}},"post_mailing_queue_ids":[],"_links":{"self":[{"href":"https:\/\/fairfaxcryobank.com\/br\/wp-json\/wp\/v2\/pages\/20402","targetHints":{"allow":["GET"]}}],"collection":[{"href":"https:\/\/fairfaxcryobank.com\/br\/wp-json\/wp\/v2\/pages"}],"about":[{"href":"https:\/\/fairfaxcryobank.com\/br\/wp-json\/wp\/v2\/types\/page"}],"author":[{"embeddable":true,"href":"https:\/\/fairfaxcryobank.com\/br\/wp-json\/wp\/v2\/users\/1"}],"replies":[{"embeddable":true,"href":"https:\/\/fairfaxcryobank.com\/br\/wp-json\/wp\/v2\/comments?post=20402"}],"version-history":[{"count":2,"href":"https:\/\/fairfaxcryobank.com\/br\/wp-json\/wp\/v2\/pages\/20402\/revisions"}],"predecessor-version":[{"id":20404,"href":"https:\/\/fairfaxcryobank.com\/br\/wp-json\/wp\/v2\/pages\/20402\/revisions\/20404"}],"wp:featuredmedia":[{"embeddable":true,"href":"https:\/\/fairfaxcryobank.com\/br\/wp-json\/wp\/v2\/media\/17458"}],"wp:attachment":[{"href":"https:\/\/fairfaxcryobank.com\/br\/wp-json\/wp\/v2\/media?parent=20402"}],"curies":[{"name":"wp","href":"https:\/\/api.w.org\/{rel}","templated":true}]}}