{"id":20405,"date":"2022-02-18T10:11:19","date_gmt":"2022-02-18T15:11:19","guid":{"rendered":"https:\/\/fairfaxcryobank.com\/?page_id=20405"},"modified":"2022-02-18T10:11:21","modified_gmt":"2022-02-18T15:11:21","slug":"atualizacoes","status":"publish","type":"page","link":"https:\/\/fairfaxcryobank.com\/br\/atualizacoes","title":{"rendered":"Atualiza\u00e7\u00f5es"},"content":{"rendered":"\n<h2 class=\"wp-block-heading\"><strong>Quais as novidades no Fairfax Cryobank<\/strong><\/h2>\n\n\n\n<h3 class=\"wp-block-heading\"><strong>Siga o Fairfax Cryobank nas m\u00eddias sociais<\/strong><\/h3>\n\n\n\n<p>An\u00fancios mais recentes de doadores, postagens de doadores em destaque, ofertas de descontos especiais, eventos e muito mais podem ser encontrados primeiro em nossos perfis de m\u00eddia social.<\/p>\n\n\n<div class=\"ns-soc-block\">\n\t<a target=\"_blank\" href=\"https:\/\/twitter.com\/FairfaxCryobank\" rel=\"noopener noreferrer\"><img loading=\"lazy\" decoding=\"async\" src=\"https:\/\/fairfaxcryobank.com\/wp-content\/themes\/fairfaxcryobank\/images\/ico_twitter.gif\" alt=\"Twitter\" width=\"45\" height=\"45\"><\/a><br>\n\t<a target=\"_blank\" href=\"https:\/\/www.facebook.com\/fairfax.cryobank\" rel=\"noopener noreferrer\"><img loading=\"lazy\" decoding=\"async\" src=\"https:\/\/fairfaxcryobank.com\/wp-content\/themes\/fairfaxcryobank\/images\/ico_fb.gif\" alt=\"Facebook\" width=\"45\" height=\"45\"><\/a><br>\n\t<a target=\"_blank\" href=\"https:\/\/www.instagram.com\/fairfaxcryobank\" rel=\"noopener noreferrer\"><img loading=\"lazy\" decoding=\"async\" src=\"https:\/\/fairfaxcryobank.com\/wp-content\/themes\/fairfaxcryobank\/images\/ico_insta.png\" alt=\"Instagram\" width=\"45\" height=\"45\"><\/a>\n<\/div>\n\n\n<h3 class=\"wp-block-heading\"><strong>Inscreva-se em nossa newsletter mensal!<\/strong><\/h3>\n\n\n\n<!--[if lte IE 8]>\n<script charset=\"utf-8\" type=\"text\/javascript\" src=\"\/\/js.hsforms.net\/forms\/v2-legacy.js\"><\/script>\n<![endif]-->\n<script charset=\"utf-8\" type=\"text\/javascript\" src=\"\/\/js.hsforms.net\/forms\/v2.js\"><\/script>\n<script>\n  hbspt.forms.create({\n\tportalId: \"245497\",\n\tformId: \"0dbc2a48-ab67-4aff-a3a3-db9da6a96e4c\"\n});\n<\/script>\n\n\n\n<hr class=\"wp-block-separator is-style-wide\"\/>\n\n\n\n<h3 class=\"wp-block-heading\"><strong>Conhe\u00e7a os nossos mais novos doadores<\/strong><\/h3>\n\n\n\n<p>O Fairfax Cryobank est\u00e1 trabalhando constantemente para adicionar novos e diversos doadores ao nosso cat\u00e1logo on-line. Para ficar por dentro das atualiza\u00e7\u00f5es mais recentes, siga esta p\u00e1gina para ver os doadores mais recentes, doadores em destaque e not\u00edcias da Fairfax.<\/p>\n\n\n\n<div class=\"wp-block-button aligncenter\"><a class=\"wp-block-button__link has-background\" href=\"\/br\/conheca-os-nossos-novos-doadores\" style=\"background-color:#ea6950\">Conhe\u00e7a novos doadores<\/a><\/div>\n\n\n\n<hr class=\"wp-block-separator is-style-wide\"\/>\n\n\n\n<h4 class=\"wp-block-heading\"><strong>Fairfax Cryobank faz parceria com a <\/strong><a href=\"https:\/\/www.europeanfertilitysociety.com\/\"><strong>European Fertility <\/strong>Society<\/a><\/h4>\n\n\n\n<div class=\"wp-block-image\"><figure class=\"aligncenter size-large is-resized\"><img loading=\"lazy\" decoding=\"async\" src=\"https:\/\/fairfaxcryobank.com\/wp-content\/uploads\/\/FCB-EFS-announcement-1-1024x1024.png\" alt=\"european fertility society\" class=\"wp-image-19243\" width=\"537\" height=\"537\" srcset=\"https:\/\/fairfaxcryobank.com\/wp-content\/uploads\/FCB-EFS-announcement-1-1024x1024.png 1024w, https:\/\/fairfaxcryobank.com\/wp-content\/uploads\/FCB-EFS-announcement-1-300x300.png 300w, https:\/\/fairfaxcryobank.com\/wp-content\/uploads\/FCB-EFS-announcement-1-150x150.png 150w, https:\/\/fairfaxcryobank.com\/wp-content\/uploads\/FCB-EFS-announcement-1-768x768.png 768w, https:\/\/fairfaxcryobank.com\/wp-content\/uploads\/FCB-EFS-announcement-1.png 1080w\" sizes=\"auto, (max-width: 537px) 100vw, 537px\" \/><\/figure><\/div>\n\n\n\n<p>Temos o prazer de anunciar nossa parceria com a European Fertility Society. Eles est\u00e3o fazendo um \u00f3timo trabalho em torno da educa\u00e7\u00e3o e apoio \u00e0 fertilidade \u2013 n\u00f3s sab\u00edamos que t\u00ednhamos que nos envolver.<\/p>\n\n\n\n<p>O Fairfax Cryobank est\u00e1 constantemente procurando novas maneiras de impactar positivamente a jornada de fertilidade e ajudar os sonhos de constru\u00e7\u00e3o de fam\u00edlias a se tornarem realidade. Fique de olho nos pr\u00f3ximos eventos. #JuntosFazemosUmaFam\u00edlia<\/p>\n","protected":false},"excerpt":{"rendered":"<p>Quais as novidades no Fairfax Cryobank Siga o Fairfax Cryobank nas m\u00eddias sociais An\u00fancios mais recentes de doadores, postagens de doadores em destaque, ofertas de descontos especiais, eventos e muito mais podem ser encontrados primeiro em nossos perfis de m\u00eddia social. Inscreva-se em nossa newsletter mensal! Conhe\u00e7a os nossos mais &#8230;<\/p>\n","protected":false},"author":1,"featured_media":0,"parent":0,"menu_order":0,"comment_status":"closed","ping_status":"closed","template":"","meta":{"footnotes":""},"class_list":["post-20405","page","type-page","status-publish","hentry"],"yoast_head":"<!-- This site is optimized with the Yoast SEO plugin v27.1.1 - https:\/\/yoast.com\/product\/yoast-seo-wordpress\/ -->\n<title>Atualiza\u00e7\u00f5es | Fairfax Cryobank - Find a Sperm Donor<\/title>\n<meta name=\"description\" content=\"Quais as novidades no Fairfax Cryobank Siga o Fairfax Cryobank nas m\u00eddias sociais An\u00fancios mais recentes de doadores, postagens de doadores em destaque,\" \/>\n<meta name=\"robots\" content=\"index, follow, max-snippet:-1, max-image-preview:large, max-video-preview:-1\" \/>\n<link rel=\"canonical\" href=\"https:\/\/fairfaxcryobank.com\/br\/atualizacoes\" \/>\n<meta property=\"og:locale\" content=\"pt_BR\" \/>\n<meta property=\"og:type\" content=\"article\" \/>\n<meta property=\"og:title\" content=\"Atualiza\u00e7\u00f5es | Fairfax Cryobank - Find a Sperm Donor\" \/>\n<meta property=\"og:description\" content=\"Quais as novidades no Fairfax Cryobank Siga o Fairfax Cryobank nas m\u00eddias sociais An\u00fancios mais recentes de doadores, postagens de doadores em destaque,\" \/>\n<meta property=\"og:url\" content=\"https:\/\/fairfaxcryobank.com\/br\/atualizacoes\" \/>\n<meta property=\"og:site_name\" content=\"Fairfax Cryobank - Find a Sperm Donor\" \/>\n<meta property=\"article:publisher\" content=\"https:\/\/www.facebook.com\/fairfax.cryobank\" \/>\n<meta property=\"article:modified_time\" content=\"2022-02-18T15:11:21+00:00\" \/>\n<meta property=\"og:image\" content=\"https:\/\/fairfaxcryobank.com\/wp-content\/themes\/fairfaxcryobank\/images\/ico_twitter.gif\" \/>\n<meta name=\"twitter:card\" content=\"summary_large_image\" \/>\n<meta name=\"twitter:site\" content=\"@FairfaxCryobank\" \/>\n<meta name=\"twitter:label1\" content=\"Est. tempo de leitura\" \/>\n\t<meta name=\"twitter:data1\" content=\"1 minuto\" \/>\n<script type=\"application\/ld+json\" class=\"yoast-schema-graph\">{\"@context\":\"https:\/\/schema.org\",\"@graph\":[{\"@type\":\"WebPage\",\"@id\":\"https:\/\/fairfaxcryobank.com\/br\/atualizacoes\",\"url\":\"https:\/\/fairfaxcryobank.com\/br\/atualizacoes\",\"name\":\"Atualiza\u00e7\u00f5es | Fairfax Cryobank - Find a Sperm Donor\",\"isPartOf\":{\"@id\":\"https:\/\/fairfaxcryobank.com\/br#website\"},\"primaryImageOfPage\":{\"@id\":\"https:\/\/fairfaxcryobank.com\/br\/atualizacoes#primaryimage\"},\"image\":{\"@id\":\"https:\/\/fairfaxcryobank.com\/br\/atualizacoes#primaryimage\"},\"thumbnailUrl\":\"https:\/\/fairfaxcryobank.com\/wp-content\/themes\/fairfaxcryobank\/images\/ico_twitter.gif\",\"datePublished\":\"2022-02-18T15:11:19+00:00\",\"dateModified\":\"2022-02-18T15:11:21+00:00\",\"description\":\"Quais as novidades no Fairfax Cryobank Siga o Fairfax Cryobank nas m\u00eddias sociais An\u00fancios mais recentes de doadores, postagens de doadores em destaque,\",\"breadcrumb\":{\"@id\":\"https:\/\/fairfaxcryobank.com\/br\/atualizacoes#breadcrumb\"},\"inLanguage\":\"pt-BR\",\"potentialAction\":[{\"@type\":\"ReadAction\",\"target\":[\"https:\/\/fairfaxcryobank.com\/br\/atualizacoes\"]}]},{\"@type\":\"ImageObject\",\"inLanguage\":\"pt-BR\",\"@id\":\"https:\/\/fairfaxcryobank.com\/br\/atualizacoes#primaryimage\",\"url\":\"https:\/\/fairfaxcryobank.com\/wp-content\/themes\/fairfaxcryobank\/images\/ico_twitter.gif\",\"contentUrl\":\"https:\/\/fairfaxcryobank.com\/wp-content\/themes\/fairfaxcryobank\/images\/ico_twitter.gif\"},{\"@type\":\"BreadcrumbList\",\"@id\":\"https:\/\/fairfaxcryobank.com\/br\/atualizacoes#breadcrumb\",\"itemListElement\":[{\"@type\":\"ListItem\",\"position\":1,\"name\":\"Home\",\"item\":\"https:\/\/fairfaxcryobank.com\/br\"},{\"@type\":\"ListItem\",\"position\":2,\"name\":\"Atualiza\u00e7\u00f5es\"}]},{\"@type\":\"WebSite\",\"@id\":\"https:\/\/fairfaxcryobank.com\/br#website\",\"url\":\"https:\/\/fairfaxcryobank.com\/br\",\"name\":\"Fairfax Cryobank - Find a Sperm Donor\",\"description\":\"Top-Tier Sperm Bank\",\"publisher\":{\"@id\":\"https:\/\/fairfaxcryobank.com\/br#organization\"},\"potentialAction\":[{\"@type\":\"SearchAction\",\"target\":{\"@type\":\"EntryPoint\",\"urlTemplate\":\"https:\/\/fairfaxcryobank.com\/br?s={search_term_string}\"},\"query-input\":{\"@type\":\"PropertyValueSpecification\",\"valueRequired\":true,\"valueName\":\"search_term_string\"}}],\"inLanguage\":\"pt-BR\"},{\"@type\":\"Organization\",\"@id\":\"https:\/\/fairfaxcryobank.com\/br#organization\",\"name\":\"Fairfax Cryobank\",\"url\":\"https:\/\/fairfaxcryobank.com\/br\",\"logo\":{\"@type\":\"ImageObject\",\"inLanguage\":\"pt-BR\",\"@id\":\"https:\/\/fairfaxcryobank.com\/br#\/schema\/logo\/image\/\",\"url\":\"https:\/\/fairfaxcryobank.com\/wp-content\/uploads\/logo.webp\",\"contentUrl\":\"https:\/\/fairfaxcryobank.com\/wp-content\/uploads\/logo.webp\",\"width\":1,\"height\":1,\"caption\":\"Fairfax Cryobank\"},\"image\":{\"@id\":\"https:\/\/fairfaxcryobank.com\/br#\/schema\/logo\/image\/\"},\"sameAs\":[\"https:\/\/www.facebook.com\/fairfax.cryobank\",\"https:\/\/x.com\/FairfaxCryobank\",\"https:\/\/www.instagram.com\/fairfaxcryobank\/\",\"https:\/\/www.pinterest.com\/fairfaxcryo\/\"]}]}<\/script>\n<!-- \/ Yoast SEO plugin. -->","yoast_head_json":{"title":"Atualiza\u00e7\u00f5es | Fairfax Cryobank - Find a Sperm Donor","description":"Quais as novidades no Fairfax Cryobank Siga o Fairfax Cryobank nas m\u00eddias sociais An\u00fancios mais recentes de doadores, postagens de doadores em destaque,","robots":{"index":"index","follow":"follow","max-snippet":"max-snippet:-1","max-image-preview":"max-image-preview:large","max-video-preview":"max-video-preview:-1"},"canonical":"https:\/\/fairfaxcryobank.com\/br\/atualizacoes","og_locale":"pt_BR","og_type":"article","og_title":"Atualiza\u00e7\u00f5es | Fairfax Cryobank - Find a Sperm Donor","og_description":"Quais as novidades no Fairfax Cryobank Siga o Fairfax Cryobank nas m\u00eddias sociais An\u00fancios mais recentes de doadores, postagens de doadores em destaque,","og_url":"https:\/\/fairfaxcryobank.com\/br\/atualizacoes","og_site_name":"Fairfax Cryobank - Find a Sperm Donor","article_publisher":"https:\/\/www.facebook.com\/fairfax.cryobank","article_modified_time":"2022-02-18T15:11:21+00:00","og_image":[{"url":"https:\/\/fairfaxcryobank.com\/wp-content\/themes\/fairfaxcryobank\/images\/ico_twitter.gif","type":"","width":"","height":""}],"twitter_card":"summary_large_image","twitter_site":"@FairfaxCryobank","twitter_misc":{"Est. tempo de leitura":"1 minuto"},"schema":{"@context":"https:\/\/schema.org","@graph":[{"@type":"WebPage","@id":"https:\/\/fairfaxcryobank.com\/br\/atualizacoes","url":"https:\/\/fairfaxcryobank.com\/br\/atualizacoes","name":"Atualiza\u00e7\u00f5es | Fairfax Cryobank - Find a Sperm Donor","isPartOf":{"@id":"https:\/\/fairfaxcryobank.com\/br#website"},"primaryImageOfPage":{"@id":"https:\/\/fairfaxcryobank.com\/br\/atualizacoes#primaryimage"},"image":{"@id":"https:\/\/fairfaxcryobank.com\/br\/atualizacoes#primaryimage"},"thumbnailUrl":"https:\/\/fairfaxcryobank.com\/wp-content\/themes\/fairfaxcryobank\/images\/ico_twitter.gif","datePublished":"2022-02-18T15:11:19+00:00","dateModified":"2022-02-18T15:11:21+00:00","description":"Quais as novidades no Fairfax Cryobank Siga o Fairfax Cryobank nas m\u00eddias sociais An\u00fancios mais recentes de doadores, postagens de doadores em destaque,","breadcrumb":{"@id":"https:\/\/fairfaxcryobank.com\/br\/atualizacoes#breadcrumb"},"inLanguage":"pt-BR","potentialAction":[{"@type":"ReadAction","target":["https:\/\/fairfaxcryobank.com\/br\/atualizacoes"]}]},{"@type":"ImageObject","inLanguage":"pt-BR","@id":"https:\/\/fairfaxcryobank.com\/br\/atualizacoes#primaryimage","url":"https:\/\/fairfaxcryobank.com\/wp-content\/themes\/fairfaxcryobank\/images\/ico_twitter.gif","contentUrl":"https:\/\/fairfaxcryobank.com\/wp-content\/themes\/fairfaxcryobank\/images\/ico_twitter.gif"},{"@type":"BreadcrumbList","@id":"https:\/\/fairfaxcryobank.com\/br\/atualizacoes#breadcrumb","itemListElement":[{"@type":"ListItem","position":1,"name":"Home","item":"https:\/\/fairfaxcryobank.com\/br"},{"@type":"ListItem","position":2,"name":"Atualiza\u00e7\u00f5es"}]},{"@type":"WebSite","@id":"https:\/\/fairfaxcryobank.com\/br#website","url":"https:\/\/fairfaxcryobank.com\/br","name":"Fairfax Cryobank - Find a Sperm Donor","description":"Top-Tier Sperm Bank","publisher":{"@id":"https:\/\/fairfaxcryobank.com\/br#organization"},"potentialAction":[{"@type":"SearchAction","target":{"@type":"EntryPoint","urlTemplate":"https:\/\/fairfaxcryobank.com\/br?s={search_term_string}"},"query-input":{"@type":"PropertyValueSpecification","valueRequired":true,"valueName":"search_term_string"}}],"inLanguage":"pt-BR"},{"@type":"Organization","@id":"https:\/\/fairfaxcryobank.com\/br#organization","name":"Fairfax Cryobank","url":"https:\/\/fairfaxcryobank.com\/br","logo":{"@type":"ImageObject","inLanguage":"pt-BR","@id":"https:\/\/fairfaxcryobank.com\/br#\/schema\/logo\/image\/","url":"https:\/\/fairfaxcryobank.com\/wp-content\/uploads\/logo.webp","contentUrl":"https:\/\/fairfaxcryobank.com\/wp-content\/uploads\/logo.webp","width":1,"height":1,"caption":"Fairfax Cryobank"},"image":{"@id":"https:\/\/fairfaxcryobank.com\/br#\/schema\/logo\/image\/"},"sameAs":["https:\/\/www.facebook.com\/fairfax.cryobank","https:\/\/x.com\/FairfaxCryobank","https:\/\/www.instagram.com\/fairfaxcryobank\/","https:\/\/www.pinterest.com\/fairfaxcryo\/"]}]}},"post_mailing_queue_ids":[],"_links":{"self":[{"href":"https:\/\/fairfaxcryobank.com\/br\/wp-json\/wp\/v2\/pages\/20405","targetHints":{"allow":["GET"]}}],"collection":[{"href":"https:\/\/fairfaxcryobank.com\/br\/wp-json\/wp\/v2\/pages"}],"about":[{"href":"https:\/\/fairfaxcryobank.com\/br\/wp-json\/wp\/v2\/types\/page"}],"author":[{"embeddable":true,"href":"https:\/\/fairfaxcryobank.com\/br\/wp-json\/wp\/v2\/users\/1"}],"replies":[{"embeddable":true,"href":"https:\/\/fairfaxcryobank.com\/br\/wp-json\/wp\/v2\/comments?post=20405"}],"version-history":[{"count":2,"href":"https:\/\/fairfaxcryobank.com\/br\/wp-json\/wp\/v2\/pages\/20405\/revisions"}],"predecessor-version":[{"id":20407,"href":"https:\/\/fairfaxcryobank.com\/br\/wp-json\/wp\/v2\/pages\/20405\/revisions\/20407"}],"wp:attachment":[{"href":"https:\/\/fairfaxcryobank.com\/br\/wp-json\/wp\/v2\/media?parent=20405"}],"curies":[{"name":"wp","href":"https:\/\/api.w.org\/{rel}","templated":true}]}}