{"id":3218,"date":"2015-05-08T13:39:36","date_gmt":"2015-05-08T13:39:36","guid":{"rendered":"https:\/\/fairfaxcryobank.com\/?page_id=3218"},"modified":"2022-02-17T08:26:22","modified_gmt":"2022-02-17T13:26:22","slug":"depoimentos","status":"publish","type":"page","link":"https:\/\/fairfaxcryobank.com\/br\/depoimentos","title":{"rendered":"Depoimentos"},"content":{"rendered":"\n<h2 class=\"wp-block-heading\">Hist\u00f3rias de sucesso do Fairfax Cryobank<\/h2>\n\n\n\n<p>Nossa equipe est\u00e1 sempre entusiasmada em ouvir as fam\u00edlias do Fairfax Cryobank. Temos a honra de desempenhar um pequeno papel em suas jornadas de planejamento familiar, por isso adoramos receber atualiza\u00e7\u00f5es de nossos clientes.<\/p>\n\n\n\n<blockquote class=\"wp-block-quote ns-quote-01 is-style-large is-layout-flow wp-block-quote-is-layout-flow\"><p>Gostaria de estender minha gratid\u00e3o por todos os servi\u00e7os prestados \u00e0 minha esposa e a mim no ano passado. H\u00e1 duas semanas, demos \u00e0 luz uma menina saud\u00e1vel! Sem o profissionalismo e dedica\u00e7\u00e3o, nosso sonho de ter um filho poderia n\u00e3o ter sido realizado.<\/p><cite>-NM<\/cite><\/blockquote>\n\n\n\n<hr class=\"wp-block-separator\"\/>\n\n\n\n<p class=\"has-text-align-center\">Para compartilhar seu pr\u00f3prio depoimento, envie sua hist\u00f3ria de sucesso em nosso email <a href=\"mailto:contato@fairfaxcryobank.com.br\">contato@fairfaxcryobank.com.br<\/a> que iremos public\u00e1-lo em nosso site anonimamente.<\/p>\n\n\n\n<hr class=\"wp-block-separator\"\/>\n\n\n\n<p><\/p>\n","protected":false},"excerpt":{"rendered":"<p>Hist\u00f3rias de sucesso do Fairfax Cryobank Nossa equipe est\u00e1 sempre entusiasmada em ouvir as fam\u00edlias do Fairfax Cryobank. Temos a honra de desempenhar um pequeno papel em suas jornadas de planejamento familiar, por isso adoramos receber atualiza\u00e7\u00f5es de nossos clientes. Gostaria de estender minha gratid\u00e3o por todos os servi\u00e7os prestados &#8230;<\/p>\n","protected":false},"author":1,"featured_media":0,"parent":0,"menu_order":0,"comment_status":"closed","ping_status":"closed","template":"page-testimonials.php","meta":{"footnotes":""},"class_list":["post-3218","page","type-page","status-publish","hentry"],"yoast_head":"<!-- This site is optimized with the Yoast SEO plugin v27.1.1 - https:\/\/yoast.com\/product\/yoast-seo-wordpress\/ -->\n<title>Depoimentos | Fairfax Cryobank<\/title>\n<meta name=\"description\" content=\"Listen to a few Fairfax Cryobank families share their sperm donor success stories. As the trusted source for donor sperm, we have helped thousands of families.\" \/>\n<meta name=\"robots\" content=\"index, follow, max-snippet:-1, max-image-preview:large, max-video-preview:-1\" \/>\n<link rel=\"canonical\" href=\"https:\/\/fairfaxcryobank.com\/br\/depoimentos\" \/>\n<meta property=\"og:locale\" content=\"pt_BR\" \/>\n<meta property=\"og:type\" content=\"article\" \/>\n<meta property=\"og:title\" content=\"Depoimentos | Fairfax Cryobank\" \/>\n<meta property=\"og:description\" content=\"Listen to a few Fairfax Cryobank families share their sperm donor success stories. As the trusted source for donor sperm, we have helped thousands of families.\" \/>\n<meta property=\"og:url\" content=\"https:\/\/fairfaxcryobank.com\/br\/depoimentos\" \/>\n<meta property=\"og:site_name\" content=\"Fairfax Cryobank - Find a Sperm Donor\" \/>\n<meta property=\"article:publisher\" content=\"https:\/\/www.facebook.com\/fairfax.cryobank\" \/>\n<meta property=\"article:modified_time\" content=\"2022-02-17T13:26:22+00:00\" \/>\n<meta name=\"twitter:card\" content=\"summary_large_image\" \/>\n<meta name=\"twitter:site\" content=\"@FairfaxCryobank\" \/>\n<meta name=\"twitter:label1\" content=\"Est. tempo de leitura\" \/>\n\t<meta name=\"twitter:data1\" content=\"1 minuto\" \/>\n<script type=\"application\/ld+json\" class=\"yoast-schema-graph\">{\"@context\":\"https:\/\/schema.org\",\"@graph\":[{\"@type\":\"WebPage\",\"@id\":\"https:\/\/fairfaxcryobank.com\/br\/depoimentos\",\"url\":\"https:\/\/fairfaxcryobank.com\/br\/depoimentos\",\"name\":\"Depoimentos | Fairfax Cryobank\",\"isPartOf\":{\"@id\":\"https:\/\/fairfaxcryobank.com\/br#website\"},\"datePublished\":\"2015-05-08T13:39:36+00:00\",\"dateModified\":\"2022-02-17T13:26:22+00:00\",\"description\":\"Listen to a few Fairfax Cryobank families share their sperm donor success stories. As the trusted source for donor sperm, we have helped thousands of families.\",\"breadcrumb\":{\"@id\":\"https:\/\/fairfaxcryobank.com\/br\/depoimentos#breadcrumb\"},\"inLanguage\":\"pt-BR\",\"potentialAction\":[{\"@type\":\"ReadAction\",\"target\":[\"https:\/\/fairfaxcryobank.com\/br\/depoimentos\"]}]},{\"@type\":\"BreadcrumbList\",\"@id\":\"https:\/\/fairfaxcryobank.com\/br\/depoimentos#breadcrumb\",\"itemListElement\":[{\"@type\":\"ListItem\",\"position\":1,\"name\":\"Home\",\"item\":\"https:\/\/fairfaxcryobank.com\/br\"},{\"@type\":\"ListItem\",\"position\":2,\"name\":\"Depoimentos\"}]},{\"@type\":\"WebSite\",\"@id\":\"https:\/\/fairfaxcryobank.com\/br#website\",\"url\":\"https:\/\/fairfaxcryobank.com\/br\",\"name\":\"Fairfax Cryobank - Find a Sperm Donor\",\"description\":\"Top-Tier Sperm Bank\",\"publisher\":{\"@id\":\"https:\/\/fairfaxcryobank.com\/br#organization\"},\"potentialAction\":[{\"@type\":\"SearchAction\",\"target\":{\"@type\":\"EntryPoint\",\"urlTemplate\":\"https:\/\/fairfaxcryobank.com\/br?s={search_term_string}\"},\"query-input\":{\"@type\":\"PropertyValueSpecification\",\"valueRequired\":true,\"valueName\":\"search_term_string\"}}],\"inLanguage\":\"pt-BR\"},{\"@type\":\"Organization\",\"@id\":\"https:\/\/fairfaxcryobank.com\/br#organization\",\"name\":\"Fairfax Cryobank\",\"url\":\"https:\/\/fairfaxcryobank.com\/br\",\"logo\":{\"@type\":\"ImageObject\",\"inLanguage\":\"pt-BR\",\"@id\":\"https:\/\/fairfaxcryobank.com\/br#\/schema\/logo\/image\/\",\"url\":\"https:\/\/fairfaxcryobank.com\/wp-content\/uploads\/logo.webp\",\"contentUrl\":\"https:\/\/fairfaxcryobank.com\/wp-content\/uploads\/logo.webp\",\"width\":1,\"height\":1,\"caption\":\"Fairfax Cryobank\"},\"image\":{\"@id\":\"https:\/\/fairfaxcryobank.com\/br#\/schema\/logo\/image\/\"},\"sameAs\":[\"https:\/\/www.facebook.com\/fairfax.cryobank\",\"https:\/\/x.com\/FairfaxCryobank\",\"https:\/\/www.instagram.com\/fairfaxcryobank\/\",\"https:\/\/www.pinterest.com\/fairfaxcryo\/\"]}]}<\/script>\n<!-- \/ Yoast SEO plugin. -->","yoast_head_json":{"title":"Depoimentos | Fairfax Cryobank","description":"Listen to a few Fairfax Cryobank families share their sperm donor success stories. As the trusted source for donor sperm, we have helped thousands of families.","robots":{"index":"index","follow":"follow","max-snippet":"max-snippet:-1","max-image-preview":"max-image-preview:large","max-video-preview":"max-video-preview:-1"},"canonical":"https:\/\/fairfaxcryobank.com\/br\/depoimentos","og_locale":"pt_BR","og_type":"article","og_title":"Depoimentos | Fairfax Cryobank","og_description":"Listen to a few Fairfax Cryobank families share their sperm donor success stories. As the trusted source for donor sperm, we have helped thousands of families.","og_url":"https:\/\/fairfaxcryobank.com\/br\/depoimentos","og_site_name":"Fairfax Cryobank - Find a Sperm Donor","article_publisher":"https:\/\/www.facebook.com\/fairfax.cryobank","article_modified_time":"2022-02-17T13:26:22+00:00","twitter_card":"summary_large_image","twitter_site":"@FairfaxCryobank","twitter_misc":{"Est. tempo de leitura":"1 minuto"},"schema":{"@context":"https:\/\/schema.org","@graph":[{"@type":"WebPage","@id":"https:\/\/fairfaxcryobank.com\/br\/depoimentos","url":"https:\/\/fairfaxcryobank.com\/br\/depoimentos","name":"Depoimentos | Fairfax Cryobank","isPartOf":{"@id":"https:\/\/fairfaxcryobank.com\/br#website"},"datePublished":"2015-05-08T13:39:36+00:00","dateModified":"2022-02-17T13:26:22+00:00","description":"Listen to a few Fairfax Cryobank families share their sperm donor success stories. As the trusted source for donor sperm, we have helped thousands of families.","breadcrumb":{"@id":"https:\/\/fairfaxcryobank.com\/br\/depoimentos#breadcrumb"},"inLanguage":"pt-BR","potentialAction":[{"@type":"ReadAction","target":["https:\/\/fairfaxcryobank.com\/br\/depoimentos"]}]},{"@type":"BreadcrumbList","@id":"https:\/\/fairfaxcryobank.com\/br\/depoimentos#breadcrumb","itemListElement":[{"@type":"ListItem","position":1,"name":"Home","item":"https:\/\/fairfaxcryobank.com\/br"},{"@type":"ListItem","position":2,"name":"Depoimentos"}]},{"@type":"WebSite","@id":"https:\/\/fairfaxcryobank.com\/br#website","url":"https:\/\/fairfaxcryobank.com\/br","name":"Fairfax Cryobank - Find a Sperm Donor","description":"Top-Tier Sperm Bank","publisher":{"@id":"https:\/\/fairfaxcryobank.com\/br#organization"},"potentialAction":[{"@type":"SearchAction","target":{"@type":"EntryPoint","urlTemplate":"https:\/\/fairfaxcryobank.com\/br?s={search_term_string}"},"query-input":{"@type":"PropertyValueSpecification","valueRequired":true,"valueName":"search_term_string"}}],"inLanguage":"pt-BR"},{"@type":"Organization","@id":"https:\/\/fairfaxcryobank.com\/br#organization","name":"Fairfax Cryobank","url":"https:\/\/fairfaxcryobank.com\/br","logo":{"@type":"ImageObject","inLanguage":"pt-BR","@id":"https:\/\/fairfaxcryobank.com\/br#\/schema\/logo\/image\/","url":"https:\/\/fairfaxcryobank.com\/wp-content\/uploads\/logo.webp","contentUrl":"https:\/\/fairfaxcryobank.com\/wp-content\/uploads\/logo.webp","width":1,"height":1,"caption":"Fairfax Cryobank"},"image":{"@id":"https:\/\/fairfaxcryobank.com\/br#\/schema\/logo\/image\/"},"sameAs":["https:\/\/www.facebook.com\/fairfax.cryobank","https:\/\/x.com\/FairfaxCryobank","https:\/\/www.instagram.com\/fairfaxcryobank\/","https:\/\/www.pinterest.com\/fairfaxcryo\/"]}]}},"post_mailing_queue_ids":[],"_links":{"self":[{"href":"https:\/\/fairfaxcryobank.com\/br\/wp-json\/wp\/v2\/pages\/3218","targetHints":{"allow":["GET"]}}],"collection":[{"href":"https:\/\/fairfaxcryobank.com\/br\/wp-json\/wp\/v2\/pages"}],"about":[{"href":"https:\/\/fairfaxcryobank.com\/br\/wp-json\/wp\/v2\/types\/page"}],"author":[{"embeddable":true,"href":"https:\/\/fairfaxcryobank.com\/br\/wp-json\/wp\/v2\/users\/1"}],"replies":[{"embeddable":true,"href":"https:\/\/fairfaxcryobank.com\/br\/wp-json\/wp\/v2\/comments?post=3218"}],"version-history":[{"count":4,"href":"https:\/\/fairfaxcryobank.com\/br\/wp-json\/wp\/v2\/pages\/3218\/revisions"}],"predecessor-version":[{"id":20390,"href":"https:\/\/fairfaxcryobank.com\/br\/wp-json\/wp\/v2\/pages\/3218\/revisions\/20390"}],"wp:attachment":[{"href":"https:\/\/fairfaxcryobank.com\/br\/wp-json\/wp\/v2\/media?parent=3218"}],"curies":[{"name":"wp","href":"https:\/\/api.w.org\/{rel}","templated":true}]}}