{"id":3444,"date":"2019-10-03T12:46:19","date_gmt":"2019-10-03T12:46:19","guid":{"rendered":"https:\/\/fairfaxcryobank.com\/?page_id=3444"},"modified":"2026-03-02T05:23:18","modified_gmt":"2026-03-02T10:23:18","slug":"sperm-bank-comparison","status":"publish","type":"page","link":"https:\/\/fairfaxcryobank.com\/br\/sperm-bank-comparison","title":{"rendered":"Compara\u00e7\u00e3o de banco de esperma"},"content":{"rendered":"\n<h2 class=\"wp-block-heading\"><strong>Compare Sperm Banks and Learn What Sets Fairfax Cryobank Apart<\/strong><\/h2>\n\n\n\n<p>Family matters most \u2013 that\u2019s something we can all agree on.<\/p>\n\n\n\n<p><em>Seeking out the best sperm donor banks is critical. After all, the stakes could not be higher. That\u2019s why the team at Fairfax Cryobank has gone above and beyond to bring thousands of families across the US the latest in industry innovation \u2013 all delivered with a sensitive human touch.<\/em><\/p>\n\n\n\n<p>When you start to compare sperm banks, you might find that some lack the scientific expertise, others the dedication to customer care, comfort, and satisfaction.<\/p>\n\n\n\n<p>For the past three decades, we have provided cutting-edge technology to give our valued customer peace of mind. We have developed the most rigorous screening process of any of the country\u2019s best donor banks. We have created fun, interactive methods of uncovering a donor that ticks all the boxes \u2013 health-wise, personality-wise, and even appearance-wise.<\/p>\n\n\n\n<p>But most importantly, we have made family possible. We hope you use the below chart to compare sperm banks and gain a better understanding of what truly sets us apart. <\/p>\n\n\n\n<h3 class=\"wp-block-heading\">Compara\u00e7\u00e3o de banco de esperma<\/h3>\n\n\n<div class=\"container-fullwidth\">\n<p>Last update: January 2016<\/p>\n<\/div>\n<table id=\"fixed-table\" class=\"ns-table-03\" style=\"width: 979px; height: 883px; border=1px solid black ; cellpadding: 15px; margin: 5px auto 0;\">\n<tbody>\n<tr id=\"fixed-tr\">\n<td>\u00a0<\/td>\n<td style=\"background-color: #f3f3f3; vertical-align: middle; text-align: center; height: 50px; font-size: 13px; font-weight: 600; border-right: 2px solid #fff;\"><img decoding=\"async\" src=\"\/wp-content\/uploads\/tablelogo.png\" alt=\"tablelogo\" \/><\/td>\n<td style=\"font-size: 13px; font-weight: 600; background-color: #f3f3f3; vertical-align: middle; text-align: center; height: 50px; border-right: 2px solid #fff;\">Sperm Bank 2<\/td>\n<td style=\"font-size: 13px; font-weight: 600; background-color: #f3f3f3; vertical-align: middle; text-align: center; height: 50px;\">Sperm Bank 3<\/td>\n<\/tr>\n<tr style=\"border: none; background-color: #167f9e; height: 50px; line-height: 50px;\">\n<td><span style=\"color: #ffffff; font-family: Open Sans; font-weight: 500; font-size: 18px; margin-left: 20px;\">General information<\/span><\/td>\n<td>\u00a0<\/td>\n<td>\u00a0<\/td>\n<td>\u00a0<\/td>\n<\/tr>\n<tr>\n<td class=\"border-for-tablev\">Live Person Answers Every Call<\/td>\n<td class=\"second-column\">\u00a0<\/td>\n<td class=\"blank-space\">\u00a0<\/td>\n<td class=\"bank3-column\">\u00a0<\/td>\n<\/tr>\n<tr>\n<td class=\"border-for-tablev\">Saturday Hours<\/td>\n<td class=\"second-column\">\u00a0<\/td>\n<td class=\"bank2-column\">\u00a0<\/td>\n<td class=\"blank-space\">\u00a0<\/td>\n<\/tr>\n<tr>\n<td class=\"border-for-tablev\">Ship to Home or Doctor&#8217;s Office<\/td>\n<td class=\"second-column\">\u00a0<\/td>\n<td class=\"bank2-column\">\u00a0<\/td>\n<td class=\"bank3-column\">\u00a0<\/td>\n<\/tr>\n<tr>\n<td class=\"border-for-tablev\">Orders Placed and Shipped Same Day-Fees<\/td>\n<td class=\"blank-space-left\" style=\"vertical-align: middle; text-align: center;\">Free<\/td>\n<td class=\"blank-space\" style=\"vertical-align: middle; text-align: center;\">$60<\/td>\n<td class=\"blank-space\" style=\"vertical-align: middle; text-align: center;\">$60<\/td>\n<\/tr>\n<tr>\n<td class=\"border-for-tablev\">Local Client Pick Up at Lab Sites-Fees<\/td>\n<td class=\"blank-space-left\" style=\"vertical-align: middle; text-align: center;\">Free<\/td>\n<td class=\"blank-space\" style=\"vertical-align: middle; text-align: center;\">$75<\/td>\n<td class=\"blank-space\" style=\"vertical-align: middle; text-align: center;\">$75-150<\/td>\n<\/tr>\n<tr>\n<td class=\"border-for-tablev\">Full Time Dedicated Genetic Counselors<\/td>\n<td class=\"second-column\">\u00a0<\/td>\n<td class=\"bank2-column\">\u00a0<\/td>\n<td class=\"blank-space\">\u00a0<\/td>\n<\/tr>\n<tr>\n<td class=\"border-for-tablev\"><a href=\"https:\/\/fairfaxcryobank.com\/br\/fees\" target=\"_blank\" rel=\"noopener noreferrer\">Graduate Level Education without higher prices<\/a><\/td>\n<td class=\"second-column\">\u00a0<\/td>\n<td class=\"bank2-column\">\u00a0<\/td>\n<td class=\"bank3-column\">\u00a0<\/td>\n<\/tr>\n<tr>\n<td class=\"border-for-tablev\">ART Vials Available<\/td>\n<td class=\"second-column\">\u00a0<\/td>\n<td class=\"blank-space\">\u00a0<\/td>\n<td class=\"bank3-column\">\u00a0<\/td>\n<\/tr>\n<tr>\n<td class=\"border-for-tablev\">Instant online access to\u00a0<a href=\"https:\/\/fairfaxcryobank.com\/check-donor-status\" target=\"_blank\" rel=\"noopener noreferrer\">Check Donor Medical Status<\/a><\/td>\n<td class=\"second-column\">\u00a0<\/td>\n<td class=\"blank-space\">\u00a0<\/td>\n<td class=\"blank-space\">\u00a0<\/td>\n<\/tr>\n<tr>\n<td class=\"border-for-tablev\">Annual Donor Medical and Personal Updates Posted on Free Summary Profile\u00a0<\/td>\n<td class=\"second-column\">\u00a0<\/td>\n<td class=\"blank-space\">\u00a0<\/td>\n<td class=\"blank-space\">\u00a0<\/td>\n<\/tr>\n<tr>\n<td class=\"border-for-tablev\"><a href=\"https:\/\/fairfaxcryobank.com\/choose-now-use-later\" target=\"_blank\" rel=\"noopener noreferrer\">Vial Buy-Back<\/a> (Any unit bought at any time is eligible for a partial refund as long as it has not left our facility)<\/td>\n<td class=\"second-column\">\u00a0<\/td>\n<td class=\"blank-space\">\u00a0<\/td>\n<td class=\"blank-space\">\u00a0<\/td>\n<\/tr>\n<tr>\n<td class=\"border-for-tablev\">Free 2 Year Storage with Purchase of 8+ Vials ($670 Value)<\/td>\n<td class=\"second-column\">\u00a0<\/td>\n<td class=\"blank-space\">\u00a0<\/td>\n<td class=\"blank-space\">\u00a0<\/td>\n<\/tr>\n<tr>\n<td class=\"border-for-tablev\">FedEx Tracking Information<\/td>\n<td class=\"second-column\">\u00a0<\/td>\n<td class=\"bank2-column\">\u00a0<\/td>\n<td class=\"bank3-column\">\u00a0<\/td>\n<\/tr>\n<tr>\n<td class=\"border-for-tablev\">Email of Invoices<\/td>\n<td class=\"second-column\">\u00a0<\/td>\n<td class=\"bank2-column\">\u00a0<\/td>\n<td class=\"bank3-column\">\u00a0<\/td>\n<\/tr>\n<tr>\n<td class=\"border-for-tablev\">Financing Options\u00a0Available<\/td>\n<td class=\"second-column\">\u00a0<\/td>\n<td class=\"blank-space\">\u00a0<\/td>\n<td class=\"blank-space\">\u00a0<\/td>\n<\/tr>\n<tr>\n<td class=\"border-for-tablev\"><a href=\"\/\/blogandforum.fairfaxcryobank.com\/forum\/\" target=\"_blank\" rel=\"noopener noreferrer\">Online Forum<\/a> \/ Sibling Registry<\/td>\n<td class=\"second-column\">\u00a0<\/td>\n<td class=\"bank2-column\">\u00a0<\/td>\n<td class=\"bank3-column\">\u00a0<\/td>\n<\/tr>\n<tr style=\"border: none; background-color: #167f9e; height: 50px; line-height: 50px;\">\n<td><span style=\"color: #ffffff; font-family: Open Sans; font-weight: 500; font-size: 18px; margin-left: 20px;\">Donor Selection Services<\/span><\/td>\n<td>\u00a0<\/td>\n<td>\u00a0<\/td>\n<td>\u00a0<\/td>\n<\/tr>\n<tr>\n<td class=\"border-for-tablev\">Free Donor Summary, Essay, Staff Impression, Medical Profile and Audio Clip (other banks offer some of these at no cost, but we offer all free.)<\/td>\n<td class=\"second-column\">\u00a0<\/td>\n<td class=\"blank-space\">\u00a0<\/td>\n<td class=\"blank-space\">\u00a0<\/td>\n<\/tr>\n<tr>\n<td class=\"border-for-tablev\">Online Chat Available<\/td>\n<td class=\"second-column\">\u00a0<\/td>\n<td class=\"blank-space\">\u00a0<\/td>\n<td class=\"bank3-column\">\u00a0<\/td>\n<\/tr>\n<tr>\n<td class=\"border-for-tablev\"><a href=\"https:\/\/fairfaxcryobank.com\/donor-silhouettes\" target=\"_blank\" rel=\"noopener noreferrer\">Donor Profile Silhouettes<\/a><\/td>\n<td class=\"second-column\">\u00a0<\/td>\n<td class=\"blank-space\">\u00a0<\/td>\n<td class=\"blank-space\">\u00a0<\/td>\n<\/tr>\n<tr>\n<td class=\"border-for-tablev\"><a href=\"https:\/\/fairfaxcryobank.com\/br\/servicos-de-selecao-de-doadores\" target=\"_blank\" rel=\"noopener noreferrer\">Donor Selection Counseling<\/a> under $75<\/td>\n<td class=\"second-column\">\u00a0<\/td>\n<td class=\"blank-space\">\u00a0<\/td>\n<td class=\"blank-space\">\u00a0<\/td>\n<\/tr>\n<tr>\n<td class=\"border-for-tablev\"><a href=\"https:\/\/fairfaxcryobank.com\/br\/informacoes-dos-doadores\" target=\"_blank\" rel=\"noopener noreferrer\">Donors with Childhood Photos: &gt;99%<\/a><\/td>\n<td class=\"second-column\">\u00a0<\/td>\n<td class=\"blank-space\">\u00a0<\/td>\n<td class=\"blank-space\">\u00a0<\/td>\n<\/tr>\n<tr>\n<td class=\"border-for-tablev\"><a href=\"https:\/\/fairfaxcryobank.com\/lifetime-photos\" target=\"_blank\" rel=\"noopener noreferrer\">Donor Adult (Lifetime) Photo<\/a><\/td>\n<td class=\"second-column\">\u00a0<\/td>\n<td class=\"blank-space\">\u00a0<\/td>\n<td class=\"bank3-column\">\u00a0<\/td>\n<\/tr>\n<tr>\n<td class=\"border-for-tablev\"><a href=\"https:\/\/fairfaxcryobank.com\/br\/informacoes-dos-doadores\" target=\"_blank\" rel=\"noopener noreferrer\">Donor Audio Interview<\/a><\/td>\n<td class=\"second-column\">\u00a0<\/td>\n<td class=\"bank2-column\">\u00a0<\/td>\n<td class=\"bank3-column\">\u00a0<\/td>\n<\/tr>\n<tr>\n<td class=\"border-for-tablev\">Donor Audio Clip Free for All Donors<\/td>\n<td class=\"second-column\">\u00a0<\/td>\n<td class=\"blank-space\">\u00a0<\/td>\n<td class=\"blank-space\">\u00a0<\/td>\n<\/tr>\n<tr style=\"background-color: #167f9e; height: 50px; line-height: 50px;\">\n<td><span style=\"color: #ffffff; font-family: Open Sans; font-weight: 500; font-size: 18px; margin-left: 20px;\">Donor Screening (January 2016)<\/span><\/td>\n<td>\u00a0<\/td>\n<td>\u00a0<\/td>\n<td>\u00a0<\/td>\n<\/tr>\n<tr>\n<td class=\"border-for-tablev\">Performs All Required\u00a0<a href=\"https:\/\/fairfaxcryobank.com\/fairfax-cryobank-fully-compliant-with-fda-regulations\" target=\"_blank\" rel=\"noopener noreferrer\">FDA Testing\u00a0<\/a>of Donors<\/td>\n<td class=\"second-column\">\u00a0<\/td>\n<td class=\"bank2-column\">\u00a0<\/td>\n<td class=\"bank3-column\">\u00a0<\/td>\n<\/tr>\n<tr>\n<td class=\"border-for-tablev\"><a href=\"https:\/\/fairfaxcryobank.com\/genetic-disease-details\" target=\"_blank\" rel=\"noopener noreferrer\">Chromosome Analysis<\/a>\u00a0on all available donors<\/td>\n<td class=\"second-column\">\u00a0<\/td>\n<td class=\"blank-space\">\u00a0<\/td>\n<td class=\"bank3-column\">\u00a0<\/td>\n<\/tr>\n<tr>\n<td class=\"border-for-tablev\"><a href=\"https:\/\/fairfaxcryobank.com\/cystic-fibrosis-screening-all-donors-screened-for-86-mutations\" target=\"_blank\" rel=\"noopener noreferrer\">Cystic Fibrosis<\/a>\u00a0Screening on all available donors<\/td>\n<td class=\"second-column\">\u00a0<\/td>\n<td class=\"bank2-column\">\u00a0<\/td>\n<td class=\"bank3-column\">\u00a0<\/td>\n<\/tr>\n<tr>\n<td class=\"border-for-tablev\">Spinal Muscular Atrophy (SMA) Screening- (Fairfax Cryobank initiated testing on all new donors 6\/2008)<\/td>\n<td class=\"second-column\">\u00a0<\/td>\n<td class=\"bank2-column\">\u00a0<\/td>\n<td class=\"bank3-column\">\u00a0<\/td>\n<\/tr>\n<tr>\n<td class=\"border-for-tablev\"><a href=\"https:\/\/fairfaxcryobank.com\/br\/teste-de-doencas-geneticas\" target=\"_blank\" rel=\"noopener noreferrer\">Jewish Donors<\/a>:\u00a0 Current donors tested for panel of Jewish Diseases<\/td>\n<td class=\"second-column\">\u00a0<\/td>\n<td class=\"bank2-column\">\u00a0<\/td>\n<td class=\"bank3-column\">\u00a0<\/td>\n<\/tr>\n<tr>\n<td class=\"border-for-tablev\">Irish Donor Testing for Tay Sachs Disease by Enzyme Analysis<\/td>\n<td class=\"second-column\">\u00a0<\/td>\n<td class=\"blank-space\">\u00a0<\/td>\n<td class=\"blank-space\">\u00a0<\/td>\n<\/tr>\n<tr>\n<td class=\"border-for-tablev\"><a href=\"https:\/\/fairfaxcryobank.com\/hpv\" target=\"_blank\" rel=\"noopener noreferrer\">Human Papillomavirus<\/a>\u00a0(HPV) NAT by PCR* on Semen. Strains 16 and 18 known to cause cervical cancer.<\/td>\n<td class=\"second-column\">\u00a0<\/td>\n<td class=\"blank-space\">\u00a0<\/td>\n<td class=\"blank-space\">\u00a0<\/td>\n<\/tr>\n<tr>\n<td class=\"border-for-tablev\"><a href=\"https:\/\/fairfaxcryobank.com\/hsv-herpes-simplex-virus\" target=\"_blank\" rel=\"noopener noreferrer\">Herpes Simplex Virus 1 &amp; 2<\/a>\u00a0(HSV) NAT by PCR*<\/td>\n<td class=\"second-column\">\u00a0<\/td>\n<td class=\"blank-space\">\u00a0<\/td>\n<td class=\"blank-space\">\u00a0<\/td>\n<\/tr>\n<tr>\n<td class=\"border-for-tablev\">HIV 2 NAT by PCR*<\/td>\n<td class=\"second-column\">\u00a0<\/td>\n<td class=\"blank-space\">\u00a0<\/td>\n<td class=\"blank-space\">\u00a0<\/td>\n<\/tr>\n<tr>\n<td class=\"border-for-tablev\">HTLV 1 &amp; 2 NAT by PCR*<\/td>\n<td class=\"second-column\">\u00a0<\/td>\n<td class=\"blank-space\">\u00a0<\/td>\n<td class=\"blank-space\">\u00a0<\/td>\n<\/tr>\n<tr>\n<td class=\"border-for-tablev bb-none\"><a href=\"https:\/\/fairfaxcryobank.com\/br\/cmv\" target=\"_blank\" rel=\"noopener noreferrer\">Cytomegalovirus (CMV)<\/a>\u00a0NAT by PCR*<\/td>\n<td class=\"second-column bb-none\">\u00a0<\/td>\n<td class=\"blank-space bb-none\">\u00a0<\/td>\n<td class=\"blank-space bb-none\">\u00a0<\/td>\n<\/tr>\n<\/tbody>\n<\/table>\n<div class=\"newcards\">\n<p>Polymerase Chain Reaction (PCR) testing (also called NAT for Nucleic Acid Testing) is a far more sensitive testing method which uses molecular genetic techniques to identify the presence of DNA of the infecting virus. \u00a0Fairfax Cryobank makes more extensive use of this testing method than any other sperm bank.<\/p>\n<p><strong>Competitive Information Obtained from Company Websites.<\/strong><\/p>\n<\/div>","protected":false},"excerpt":{"rendered":"<p>Compare Sperm Banks and Learn What Sets Fairfax Cryobank Apart Family matters most \u2013 that\u2019s something we can all agree on. Seeking out the best sperm donor banks is critical. After all, the stakes could not be higher. That\u2019s why the team at Fairfax Cryobank has gone above and beyond &#8230;<\/p>\n","protected":false},"author":1,"featured_media":10991,"parent":0,"menu_order":0,"comment_status":"closed","ping_status":"closed","template":"page-wide.php","meta":{"footnotes":""},"class_list":["post-3444","page","type-page","status-publish","has-post-thumbnail","hentry"],"yoast_head":"<!-- This site is optimized with the Yoast SEO plugin v27.1.1 - https:\/\/yoast.com\/product\/yoast-seo-wordpress\/ -->\n<title>Compara\u00e7\u00e3o de banco de esperma | Fairfax Cryobank<\/title>\n<meta name=\"description\" content=\"Fairfax Cryobank \u00e9 a fonte confi\u00e1vel de esperma de doadores. Compare Fairfax Cryobank com outros bancos de espermatoz\u00f3ides para ver o que nos diferencia.\" \/>\n<meta name=\"robots\" content=\"index, follow, max-snippet:-1, max-image-preview:large, max-video-preview:-1\" \/>\n<link rel=\"canonical\" href=\"https:\/\/fairfaxcryobank.com\/br\/sperm-bank-comparison\" \/>\n<meta property=\"og:locale\" content=\"pt_BR\" \/>\n<meta property=\"og:type\" content=\"article\" \/>\n<meta property=\"og:title\" content=\"Compara\u00e7\u00e3o de banco de esperma | Fairfax Cryobank\" \/>\n<meta property=\"og:description\" content=\"Fairfax Cryobank \u00e9 a fonte confi\u00e1vel de esperma de doadores. Compare Fairfax Cryobank com outros bancos de espermatoz\u00f3ides para ver o que nos diferencia.\" \/>\n<meta property=\"og:url\" content=\"https:\/\/fairfaxcryobank.com\/br\/sperm-bank-comparison\" \/>\n<meta property=\"og:site_name\" content=\"Fairfax Cryobank - Find a Sperm Donor\" \/>\n<meta property=\"article:publisher\" content=\"https:\/\/www.facebook.com\/fairfax.cryobank\" \/>\n<meta property=\"article:modified_time\" content=\"2026-03-02T10:23:18+00:00\" \/>\n<meta property=\"og:image\" content=\"https:\/\/fairfaxcryobank.com\/wp-content\/uploads\/woman-sitting-at-desk-shaking-doctors-hand-at-ivf-clinic_BKDqs30Hj-scaled.jpg\" \/>\n\t<meta property=\"og:image:width\" content=\"1707\" \/>\n\t<meta property=\"og:image:height\" content=\"2560\" \/>\n\t<meta property=\"og:image:type\" content=\"image\/jpeg\" \/>\n<meta name=\"twitter:card\" content=\"summary_large_image\" \/>\n<meta name=\"twitter:site\" content=\"@FairfaxCryobank\" \/>\n<meta name=\"twitter:label1\" content=\"Est. tempo de leitura\" \/>\n\t<meta name=\"twitter:data1\" content=\"3 minutos\" \/>\n<script type=\"application\/ld+json\" class=\"yoast-schema-graph\">{\"@context\":\"https:\/\/schema.org\",\"@graph\":[{\"@type\":\"WebPage\",\"@id\":\"https:\/\/fairfaxcryobank.com\/br\/sperm-bank-comparison\",\"url\":\"https:\/\/fairfaxcryobank.com\/br\/sperm-bank-comparison\",\"name\":\"Compara\u00e7\u00e3o de banco de esperma | Fairfax Cryobank\",\"isPartOf\":{\"@id\":\"https:\/\/fairfaxcryobank.com\/br#website\"},\"primaryImageOfPage\":{\"@id\":\"https:\/\/fairfaxcryobank.com\/br\/sperm-bank-comparison#primaryimage\"},\"image\":{\"@id\":\"https:\/\/fairfaxcryobank.com\/br\/sperm-bank-comparison#primaryimage\"},\"thumbnailUrl\":\"https:\/\/fairfaxcryobank.com\/wp-content\/uploads\/woman-sitting-at-desk-shaking-doctors-hand-at-ivf-clinic_BKDqs30Hj-scaled.jpg\",\"datePublished\":\"2019-10-03T12:46:19+00:00\",\"dateModified\":\"2026-03-02T10:23:18+00:00\",\"description\":\"Fairfax Cryobank \u00e9 a fonte confi\u00e1vel de esperma de doadores. Compare Fairfax Cryobank com outros bancos de espermatoz\u00f3ides para ver o que nos diferencia.\",\"breadcrumb\":{\"@id\":\"https:\/\/fairfaxcryobank.com\/br\/sperm-bank-comparison#breadcrumb\"},\"inLanguage\":\"pt-BR\",\"potentialAction\":[{\"@type\":\"ReadAction\",\"target\":[\"https:\/\/fairfaxcryobank.com\/br\/sperm-bank-comparison\"]}]},{\"@type\":\"ImageObject\",\"inLanguage\":\"pt-BR\",\"@id\":\"https:\/\/fairfaxcryobank.com\/br\/sperm-bank-comparison#primaryimage\",\"url\":\"https:\/\/fairfaxcryobank.com\/wp-content\/uploads\/woman-sitting-at-desk-shaking-doctors-hand-at-ivf-clinic_BKDqs30Hj-scaled.jpg\",\"contentUrl\":\"https:\/\/fairfaxcryobank.com\/wp-content\/uploads\/woman-sitting-at-desk-shaking-doctors-hand-at-ivf-clinic_BKDqs30Hj-scaled.jpg\",\"width\":1707,\"height\":2560,\"caption\":\"Compara\u00e7\u00e3o de banco de esperma\"},{\"@type\":\"BreadcrumbList\",\"@id\":\"https:\/\/fairfaxcryobank.com\/br\/sperm-bank-comparison#breadcrumb\",\"itemListElement\":[{\"@type\":\"ListItem\",\"position\":1,\"name\":\"Home\",\"item\":\"https:\/\/fairfaxcryobank.com\/br\"},{\"@type\":\"ListItem\",\"position\":2,\"name\":\"Compara\u00e7\u00e3o de banco de esperma\"}]},{\"@type\":\"WebSite\",\"@id\":\"https:\/\/fairfaxcryobank.com\/br#website\",\"url\":\"https:\/\/fairfaxcryobank.com\/br\",\"name\":\"Fairfax Cryobank - Find a Sperm Donor\",\"description\":\"Top-Tier Sperm Bank\",\"publisher\":{\"@id\":\"https:\/\/fairfaxcryobank.com\/br#organization\"},\"potentialAction\":[{\"@type\":\"SearchAction\",\"target\":{\"@type\":\"EntryPoint\",\"urlTemplate\":\"https:\/\/fairfaxcryobank.com\/br?s={search_term_string}\"},\"query-input\":{\"@type\":\"PropertyValueSpecification\",\"valueRequired\":true,\"valueName\":\"search_term_string\"}}],\"inLanguage\":\"pt-BR\"},{\"@type\":\"Organization\",\"@id\":\"https:\/\/fairfaxcryobank.com\/br#organization\",\"name\":\"Fairfax Cryobank\",\"url\":\"https:\/\/fairfaxcryobank.com\/br\",\"logo\":{\"@type\":\"ImageObject\",\"inLanguage\":\"pt-BR\",\"@id\":\"https:\/\/fairfaxcryobank.com\/br#\/schema\/logo\/image\/\",\"url\":\"https:\/\/fairfaxcryobank.com\/wp-content\/uploads\/logo.webp\",\"contentUrl\":\"https:\/\/fairfaxcryobank.com\/wp-content\/uploads\/logo.webp\",\"width\":1,\"height\":1,\"caption\":\"Fairfax Cryobank\"},\"image\":{\"@id\":\"https:\/\/fairfaxcryobank.com\/br#\/schema\/logo\/image\/\"},\"sameAs\":[\"https:\/\/www.facebook.com\/fairfax.cryobank\",\"https:\/\/x.com\/FairfaxCryobank\",\"https:\/\/www.instagram.com\/fairfaxcryobank\/\",\"https:\/\/www.pinterest.com\/fairfaxcryo\/\"]}]}<\/script>\n<!-- \/ Yoast SEO plugin. -->","yoast_head_json":{"title":"Compara\u00e7\u00e3o de banco de esperma | Fairfax Cryobank","description":"Fairfax Cryobank \u00e9 a fonte confi\u00e1vel de esperma de doadores. Compare Fairfax Cryobank com outros bancos de espermatoz\u00f3ides para ver o que nos diferencia.","robots":{"index":"index","follow":"follow","max-snippet":"max-snippet:-1","max-image-preview":"max-image-preview:large","max-video-preview":"max-video-preview:-1"},"canonical":"https:\/\/fairfaxcryobank.com\/br\/sperm-bank-comparison","og_locale":"pt_BR","og_type":"article","og_title":"Compara\u00e7\u00e3o de banco de esperma | Fairfax Cryobank","og_description":"Fairfax Cryobank \u00e9 a fonte confi\u00e1vel de esperma de doadores. Compare Fairfax Cryobank com outros bancos de espermatoz\u00f3ides para ver o que nos diferencia.","og_url":"https:\/\/fairfaxcryobank.com\/br\/sperm-bank-comparison","og_site_name":"Fairfax Cryobank - Find a Sperm Donor","article_publisher":"https:\/\/www.facebook.com\/fairfax.cryobank","article_modified_time":"2026-03-02T10:23:18+00:00","og_image":[{"width":1707,"height":2560,"url":"https:\/\/fairfaxcryobank.com\/wp-content\/uploads\/woman-sitting-at-desk-shaking-doctors-hand-at-ivf-clinic_BKDqs30Hj-scaled.jpg","type":"image\/jpeg"}],"twitter_card":"summary_large_image","twitter_site":"@FairfaxCryobank","twitter_misc":{"Est. tempo de leitura":"3 minutos"},"schema":{"@context":"https:\/\/schema.org","@graph":[{"@type":"WebPage","@id":"https:\/\/fairfaxcryobank.com\/br\/sperm-bank-comparison","url":"https:\/\/fairfaxcryobank.com\/br\/sperm-bank-comparison","name":"Compara\u00e7\u00e3o de banco de esperma | Fairfax Cryobank","isPartOf":{"@id":"https:\/\/fairfaxcryobank.com\/br#website"},"primaryImageOfPage":{"@id":"https:\/\/fairfaxcryobank.com\/br\/sperm-bank-comparison#primaryimage"},"image":{"@id":"https:\/\/fairfaxcryobank.com\/br\/sperm-bank-comparison#primaryimage"},"thumbnailUrl":"https:\/\/fairfaxcryobank.com\/wp-content\/uploads\/woman-sitting-at-desk-shaking-doctors-hand-at-ivf-clinic_BKDqs30Hj-scaled.jpg","datePublished":"2019-10-03T12:46:19+00:00","dateModified":"2026-03-02T10:23:18+00:00","description":"Fairfax Cryobank \u00e9 a fonte confi\u00e1vel de esperma de doadores. Compare Fairfax Cryobank com outros bancos de espermatoz\u00f3ides para ver o que nos diferencia.","breadcrumb":{"@id":"https:\/\/fairfaxcryobank.com\/br\/sperm-bank-comparison#breadcrumb"},"inLanguage":"pt-BR","potentialAction":[{"@type":"ReadAction","target":["https:\/\/fairfaxcryobank.com\/br\/sperm-bank-comparison"]}]},{"@type":"ImageObject","inLanguage":"pt-BR","@id":"https:\/\/fairfaxcryobank.com\/br\/sperm-bank-comparison#primaryimage","url":"https:\/\/fairfaxcryobank.com\/wp-content\/uploads\/woman-sitting-at-desk-shaking-doctors-hand-at-ivf-clinic_BKDqs30Hj-scaled.jpg","contentUrl":"https:\/\/fairfaxcryobank.com\/wp-content\/uploads\/woman-sitting-at-desk-shaking-doctors-hand-at-ivf-clinic_BKDqs30Hj-scaled.jpg","width":1707,"height":2560,"caption":"Compara\u00e7\u00e3o de banco de esperma"},{"@type":"BreadcrumbList","@id":"https:\/\/fairfaxcryobank.com\/br\/sperm-bank-comparison#breadcrumb","itemListElement":[{"@type":"ListItem","position":1,"name":"Home","item":"https:\/\/fairfaxcryobank.com\/br"},{"@type":"ListItem","position":2,"name":"Compara\u00e7\u00e3o de banco de esperma"}]},{"@type":"WebSite","@id":"https:\/\/fairfaxcryobank.com\/br#website","url":"https:\/\/fairfaxcryobank.com\/br","name":"Fairfax Cryobank - Find a Sperm Donor","description":"Top-Tier Sperm Bank","publisher":{"@id":"https:\/\/fairfaxcryobank.com\/br#organization"},"potentialAction":[{"@type":"SearchAction","target":{"@type":"EntryPoint","urlTemplate":"https:\/\/fairfaxcryobank.com\/br?s={search_term_string}"},"query-input":{"@type":"PropertyValueSpecification","valueRequired":true,"valueName":"search_term_string"}}],"inLanguage":"pt-BR"},{"@type":"Organization","@id":"https:\/\/fairfaxcryobank.com\/br#organization","name":"Fairfax Cryobank","url":"https:\/\/fairfaxcryobank.com\/br","logo":{"@type":"ImageObject","inLanguage":"pt-BR","@id":"https:\/\/fairfaxcryobank.com\/br#\/schema\/logo\/image\/","url":"https:\/\/fairfaxcryobank.com\/wp-content\/uploads\/logo.webp","contentUrl":"https:\/\/fairfaxcryobank.com\/wp-content\/uploads\/logo.webp","width":1,"height":1,"caption":"Fairfax Cryobank"},"image":{"@id":"https:\/\/fairfaxcryobank.com\/br#\/schema\/logo\/image\/"},"sameAs":["https:\/\/www.facebook.com\/fairfax.cryobank","https:\/\/x.com\/FairfaxCryobank","https:\/\/www.instagram.com\/fairfaxcryobank\/","https:\/\/www.pinterest.com\/fairfaxcryo\/"]}]}},"post_mailing_queue_ids":[],"_links":{"self":[{"href":"https:\/\/fairfaxcryobank.com\/br\/wp-json\/wp\/v2\/pages\/3444","targetHints":{"allow":["GET"]}}],"collection":[{"href":"https:\/\/fairfaxcryobank.com\/br\/wp-json\/wp\/v2\/pages"}],"about":[{"href":"https:\/\/fairfaxcryobank.com\/br\/wp-json\/wp\/v2\/types\/page"}],"author":[{"embeddable":true,"href":"https:\/\/fairfaxcryobank.com\/br\/wp-json\/wp\/v2\/users\/1"}],"replies":[{"embeddable":true,"href":"https:\/\/fairfaxcryobank.com\/br\/wp-json\/wp\/v2\/comments?post=3444"}],"version-history":[{"count":2,"href":"https:\/\/fairfaxcryobank.com\/br\/wp-json\/wp\/v2\/pages\/3444\/revisions"}],"predecessor-version":[{"id":38105,"href":"https:\/\/fairfaxcryobank.com\/br\/wp-json\/wp\/v2\/pages\/3444\/revisions\/38105"}],"wp:featuredmedia":[{"embeddable":true,"href":"https:\/\/fairfaxcryobank.com\/br\/wp-json\/wp\/v2\/media\/10991"}],"wp:attachment":[{"href":"https:\/\/fairfaxcryobank.com\/br\/wp-json\/wp\/v2\/media?parent=3444"}],"curies":[{"name":"wp","href":"https:\/\/api.w.org\/{rel}","templated":true}]}}