{"id":3509,"date":"2019-10-03T15:13:16","date_gmt":"2019-10-03T15:13:16","guid":{"rendered":"https:\/\/fairfaxcryobank.com\/?page_id=3509"},"modified":"2023-06-21T12:45:26","modified_gmt":"2023-06-21T16:45:26","slug":"informacao-da-amostra","status":"publish","type":"page","link":"https:\/\/fairfaxcryobank.com\/br\/informacao-da-amostra","title":{"rendered":"Informa\u00e7\u00f5es sobre amostra de s\u00eamen"},"content":{"rendered":"\n<h2 class=\"wp-block-heading\">Qual tipo de amostra voc\u00ea necessita?<\/h2>\n\n\n\n<p><strong>Abaixo s\u00e3o apresentados os padr\u00f5es de qualidade das amostras do Fairfax Cryobank:<\/strong><\/p>\n\n\n\n<figure class=\"wp-block-table is-style-stripes\"><table><tbody><tr><td><strong>Tipo de amostra<\/strong><\/td><td><strong>Espermatozoides m\u00f3veis totais por ml (TMC) <\/strong><\/td><td><strong>Uso cl\u00ednico <\/strong><\/td><\/tr><tr><td>IUI Premium<\/td><td>10 milh\u00f5es por amostra <\/td><td>Lavados, prontos para insemina\u00e7\u00e3o intra-uterina (IUI)<\/td><\/tr><tr><td>ICI Premium<\/td><td>10 milh\u00f5es por amostra <\/td><td>Pronto para insemina\u00e7\u00e3o intracervical (ICI) ou pode ser lavado para uso em IUI ou IVF com ou sem ICSI<\/td><\/tr><tr><td>IUI ART<\/td><td>6 milh\u00f5es por amostra  <\/td><td>Pronto para IUI ou pode ter processamento p\u00f3s-descongelamento e ser usado para fertiliza\u00e7\u00e3o in vitro com ou sem ICSI<\/td><\/tr><tr><td>ICI ART<\/td><td> 6 milh\u00f5es por amostra  <\/td><td>Pronto para ICI ou pode ser lavado para uso em IUI ou IVF com ou sem ICSI<\/td><\/tr><tr><td>ICSI Washed<\/td><td>3 milh\u00f5es por amostra<\/td><td><\/td><\/tr><tr><td>ICSI Unwashed<\/td><td>3 milh\u00f5es por amostra<\/td><td><\/td><\/tr><\/tbody><\/table><\/figure>\n\n\n\n<ul class=\"wp-block-list\"><li><em>(IUI) &#8211; Insemina\u00e7\u00e3o intra-uterina<\/em><\/li><li><em>(ICI) &#8211; Insemina\u00e7\u00e3o intracervical<\/em><\/li><li><em>(ICSI) &#8211; Inje\u00e7\u00e3o intracitoplasm\u00e1tica de espermatozoides<\/em><\/li><li><em>(ART) &#8211;  Tecnologia de reprodu\u00e7\u00e3o assistida<\/em><\/li><\/ul>\n\n\n\n<p>Observe que as contagens do Total de C\u00e9lulas M\u00f3veis (TMC) variam em cerca de 10% &#8211; 30% dependendo da pessoa que realiza a contagem no laborat\u00f3rio e do m\u00e9todo utilizado para essa contagem. Como exemplo, se o laborat\u00f3rio do Fairfax Cryobank determinou que uma amostra continha 10 milh\u00f5es de TMC, esperamos que o laborat\u00f3rio da cl\u00ednica onde ser\u00e1 realizado a contagem encontre entre 7 e 13 milh\u00f5es de TMC.<\/p>\n\n\n\n<p>O Fairfax Cryobank congelou amostras de s\u00eamen de doadores preparadas especificamente para tr\u00eas tipos de procedimentos: Insemina\u00e7\u00e3o intra-uterina direta (IUI Premium,  IUI ART, ICSI Washed lavadas), Insemina\u00e7\u00e3o intracervical (ICI Premium, ICI ART, ICSI Unwashed, n\u00e3o lavadas) e Fertiliza\u00e7\u00e3o in vitro ap\u00f3s uma lavagem p\u00f3s-descongelamento de todos os tipos de amostras (IVF, ICI, ICI ART, IUI e IUI ART). Nossos esp\u00e9cimes foram congelados ap\u00f3s a adi\u00e7\u00e3o de um crioprotetor que proteger\u00e1 as c\u00e9lulas durante o processo de congelamento e descongelamento.<\/p>\n\n\n\n<p>O s\u00eamen congelado pronto para IUI Premium e IUI ART foi preparado com uma lavagem para remover o plasma seminal antes do congelamento.<\/p>\n\n\n\n<p>As amostras ICI, ICI\nART e IVF cont\u00eam plasma seminal e requerem processamento adicional se usadas em\nprocedimentos diferentes da insemina\u00e7\u00e3o intracervical.<\/p>\n\n\n\n<h4 class=\"wp-block-heading\"><strong>Processamento,\nembalagem e congelamento:<\/strong><\/h4>\n\n\n\n<p>Todas as amostras de s\u00eamen de doadores s\u00e3o produzidas nas instala\u00e7\u00f5es do Fairfax Cryobank e rastreadas com uma etiqueta de 3 partes para verificar o doador de origem. Todos os processamentos utilizam m\u00e9todos para fornecer prote\u00e7\u00e3o contra a contamina\u00e7\u00e3o da amostra.<\/p>\n\n\n\n<p>Antes do congelamento, um aditivo de congelamento contendo um tamp\u00e3o crioprotetor \u00e9 adicionado \u00e0s amostras para proteger as c\u00e9lulas e membranas esperm\u00e1ticas durante o processo de congelamento, armazenamento e descongelamento. O Fairfax Cryobank realiza um teste de bioensaio para cada lote de aditivo de congelamento para determinar sua adequa\u00e7\u00e3o antes do uso.<\/p>\n\n\n\n<p>Ap\u00f3s o processamento e a adi\u00e7\u00e3o do aditivo de congelamento, fra\u00e7\u00f5es de 0,5 ml da amostra s\u00e3o embaladas em frascos individuais para amostras prontas de ICI Premium e IUI Premium; As amostras IVF s\u00e3o processadas com volumes de fra\u00e7\u00f5es de 0,5-1,0 ml. Todos os frascos s\u00e3o rotulados com o n\u00famero do doador, data de congelamento, n\u00famero da amostra e um c\u00f3digo do local de origem.<\/p>\n\n\n\n<p>Ap\u00f3s o congelamento, as amostras s\u00e3o armazenadas a -196 graus c\u00e9lcius em tanques de nitrog\u00eanio l\u00edquido por 6 meses em quarentena. O doador \u00e9 subsequentemente testado novamente quanto a doen\u00e7as infecciosas antes que as amostras sejam liberadas para uso. Os tanques de nitrog\u00eanio l\u00edquido s\u00e3o projetados especificamente com sistemas de alarme para seguran\u00e7a e prote\u00e7\u00e3o das amostras.<\/p>\n\n\n\n<h4 class=\"wp-block-heading\"><strong>Mais nem sempre \u00e9\nmelhor<\/strong><\/h4>\n\n\n\n<p>Todos n\u00f3s\nfrequentemente ca\u00edmos na press\u00e3o social para aceitar que mais \u00e9 o melhor, mas\nesse nem sempre \u00e9 o caso. \u00c0s vezes, h\u00e1 uma quantidade ideal, como \u00e9 o caso do\nn\u00famero de espermatozoides necess\u00e1rios para alcan\u00e7ar a gravidez atrav\u00e9s da\ninsemina\u00e7\u00e3o.<\/p>\n\n\n\n<p>No Fairfax Cryobank,\ntemos um padr\u00e3o de qualidade em que todos as amostras (ICI e IUI) ter\u00e3o\num m\u00ednimo de 10 milh\u00f5es de c\u00e9lulas m\u00f3veis totais (TMC) por frasco. Optamos por\ncolocar 10 milh\u00f5es de TMC por amostra ap\u00f3s considera\u00e7\u00e3o cuidadosa dos dados dos\nlaborat\u00f3rios do Genetics &amp; IVF Institute, nossa empresa-m\u00e3e fundada em 1983\ne uma extensa revis\u00e3o da literatura.<\/p>\n\n\n\n<p>V\u00e1rios estudos\ndemonstram que, quando se trata de taxas de gravidez, mais nem sempre \u00e9 melhor.\nH\u00e1 um <em>plat\u00f4<\/em> observado nas taxas de gravidez quando a concentra\u00e7\u00e3o de\nc\u00e9lulas atinge 10 milh\u00f5es. (Van Voorhis et al, 2001) e (Cressman et al, 1996).<\/p>\n\n\n\n<p>Estudamos cuidadosamente no que acreditamos ser a concentra\u00e7\u00e3o ideal de c\u00e9lulas na amostra para o objetivo final de levar alegria para sua casa.<\/p>\n\n\n\n<hr class=\"wp-block-separator\"\/>\n\n\n\n<h4 class=\"wp-block-heading\"><strong>O que h\u00e1 nos n\u00fameros: Explicando a motilidade p\u00f3s-descongelamento e as c\u00e9lulas totais m\u00f3veis<\/strong><\/h4>\n\n\n\n<p>No Fairfax Cryobank,\nantes de enviarmos qualquer amostra congelada aos nossos clientes, podemos\nfornecer uma s\u00e9rie de c\u00e1lculos que permitem que voc\u00ea e seu m\u00e9dico saibam os fatos\nimportantes que voc\u00ea precisa ao decidir seu melhor tratamento.<\/p>\n\n\n\n<p>Come\u00e7amos colhendo\numa pequena amostra de cada doador de s\u00eamen e separando-a das amostras que\nenviamos aos clientes. Esta amostra \u00e9 congelada separadamente e depois\ndescongelada. \u00c9 examinado ao microsc\u00f3pio para procurar a porcentagem de espermatozoides\nque s\u00e3o progressivamente m\u00f3veis. Seu movimento para a frente tamb\u00e9m \u00e9\nclassificado na escala de 1 a 4, sendo quatro o mais m\u00f3vel. Exigimos um m\u00ednimo\nde 2,5 graus para cada amostra. Quando a motilidade p\u00f3s-descongelamento\n(movimento ap\u00f3s o descongelamento) \u00e9 multiplicada pelo n\u00famero total de espermatozoides\n(contagem \/ mL) na amostra de s\u00eamen congelado, \u00e9 poss\u00edvel calcular o n\u00famero de\nC\u00e9lulas M\u00f3veis Totais (TMC). O TMC \u00e9 o n\u00famero total de espermatozoides m\u00f3veis\ndispon\u00edveis para alcan\u00e7ar potencialmente o \u00f3vulo e fertiliz\u00e1-lo.<\/p>\n\n\n\n<p>Embora seja necess\u00e1rio apenas um espermatozoide para fertilizar um \u00f3vulo e conseguir uma gravidez, s\u00e3o necess\u00e1rios muito mais espermatozoides do que apenas um para que a gravidez ocorra de forma confi\u00e1vel por insemina\u00e7\u00e3o ou rela\u00e7\u00e3o sexual. Pesquisas de v\u00e1rias fontes externas nos dizem que 10 milh\u00f5es de espermatozoides m\u00f3veis s\u00e3o o n\u00famero ideal para engravidar (consulte nossa postagem no blog sobre esse assunto). Mais nem sempre \u00e9 melhor neste caso. Muitos espermatozoides m\u00f3veis n\u00e3o atingem o \u00f3vulo porque a jornada pelo \u00fatero at\u00e9 as trompas de fal\u00f3pio \u00e9 longa e dif\u00edcil. Um pequeno n\u00famero de espermatozoides m\u00f3veis inseminados sobrevive o tempo suficiente para tentar fertilizar o \u00f3vulo. Para os espermatozoides que completam a jornada e atingem o \u00f3vulo, a penetra\u00e7\u00e3o do \u00f3vulo est\u00e1 longe de ser garantida, porque o \u00f3vulo \u00e9 coberto por uma \u201ccasca\u201d grossa &#8211; a Zona Pel\u00facida que somente os espermatozoides mais m\u00f3veis podem penetrar e fertilizar o \u00f3vulo.<\/p>\n\n\n\n<p>Estamos confiantes\nde que a qualidade de nossas amostras de s\u00eamen de doador, em conjunto com seu\nm\u00e9dico, otimizar\u00e1 sua chance de gravidez.<\/p>\n\n\n\n<hr class=\"wp-block-separator\"\/>\n\n\n\n<h4 class=\"wp-block-heading\"><strong>O que h\u00e1 na\nforma: morfologia do s\u00eamen<\/strong><\/h4>\n\n\n\n<p>O termo morfologia\nse refere \u00e0 forma e estrutura de um objeto ou coisa. Morfologia esperm\u00e1tica \u00e9 o\ntermo usado para descrever a apar\u00eancia (tamanho e forma) dos espermatozoides. O\nespermatozoide humano morfologicamente normal ter\u00e1 uma cabe\u00e7a lisa e oval, com\numa cauda longa presa no aspecto distal da cabe\u00e7a. O espermatozoide \u00e9 descrito\ncomo normal se tiver uma cabe\u00e7a de forma oval com 5 a 6 micr\u00f4metros de\ncomprimento e cerca de 3 micr\u00f4metros de largura com um acrossoma (tampa) bem\ndefinido, cobrindo 40 a 70 por cento da cabe\u00e7a. N\u00e3o deve haver vac\u00faolos\nvis\u00edveis na cabe\u00e7a, pe\u00e7a central ou cauda, \u200b\u200bnem got\u00edculas citoplasm\u00e1ticas\nmaiores que a metade do tamanho da cabe\u00e7a do espermatozoide.<\/p>\n\n\n\n<p>Existem muitas\nanormalidades que um espermatozoide pode exibir, como defeitos na cabe\u00e7a e na\ncauda, \u200b\u200bincluindo cauda torta ou dupla. O movimento chicote da cauda \u00e9 o que\nimpulsiona o espermatozoide para a frente a nadar atrav\u00e9s das passagens do\nsistema reprodutor feminino em dire\u00e7\u00e3o ao \u00f3vulo. Se o espermatozoide anormal\ntiver uma cauda defeituosa, ser\u00e1 muito dif\u00edcil chegar ao \u00f3vulo e fertiliz\u00e1-lo.\nO \u00f3vulo \u00e9 colocado em uma camada de glicoprote\u00edna chamada zona pel\u00facida (ZP). O\nZP pode ser visto como um seletor ou filtro para espermatozoides\nmorfologicamente normais, porque foi demonstrado que espermatozoides com\nmorfologia anormal da cabe\u00e7a se ligam ao ZP em frequ\u00eancias mais baixas do que espermatozoides\ncom morfologia normal da cabe\u00e7a.<\/p>\n\n\n\n<p>A avalia\u00e7\u00e3o da\nmorfologia esperm\u00e1tica \u00e9 um componente de uma an\u00e1lise completa do s\u00eamen. As\nc\u00e9lulas esperm\u00e1ticas s\u00e3o coradas para torn\u00e1-las vis\u00edveis, e v\u00e1rias centenas s\u00e3o\nvistas sob alta amplia\u00e7\u00e3o e classificadas individualmente como normais ou\nanormais com base em sua forma e tamanho. As porcentagens de c\u00e9lulas normais e\nanormais s\u00e3o calculadas.<\/p>\n\n\n\n<p>Em uma amostra t\u00edpica de um homem considerado com uma amostra normal e saud\u00e1vel de s\u00eamen, esperar\u00edamos ver mais espermatozoides anormais do que o normal. Existem v\u00e1rios crit\u00e9rios atualmente usados \u200b\u200bpara avaliar a morfologia esperm\u00e1tica; dois dos crit\u00e9rios mais comuns s\u00e3o regulados pela Organiza\u00e7\u00e3o Mundial de Sa\u00fade (OMS) e Kruger Strict.<\/p>\n\n\n\n<p>Os crit\u00e9rios da OMS\n(Edi\u00e7\u00e3o 4) classificam um espermatozoide com morfologia lim\u00edtrofe (levemente\nanormal) como normal. Com base nesses crit\u00e9rios, os homens com 30% de espermatozoides\nnormais s\u00e3o considerados com morfologia normal. A OMS (Edi\u00e7\u00e3o 5) afirma que\nhomens com 4% de espermatozoides normais s\u00e3o considerados com morfologia\nnormal. Este \u00e9 um t\u00f3pico que suscita muita discuss\u00e3o entre os especialistas e \u00e9\nbastante controverso.<\/p>\n\n\n\n<p>Para os crit\u00e9rios\nestritos de Kruger, que \u00e9 o m\u00e9todo usado pelo Fairfax Cryobank, o espermatozoide\nclassificado como normal lim\u00edtrofe \u00e9 classificado como anormal. Com base na\nan\u00e1lise de Kruger, homens com 14% de espermatozoides morfologicamente normais\ns\u00e3o considerados normais.<\/p>\n\n\n\n<p>A forma do espermatozoide\n\u00e9 um reflexo do desenvolvimento adequado do esperma (espermatog\u00eanese) nos\ntest\u00edculos. Homens com espermatog\u00eanese defeituosa podem produzir uma alta\nporcentagem de espermatozoides anormais. Existem muitos fatores que podem levar\n\u00e0 forma\u00e7\u00e3o de espermatozoides anormais. Os mais comuns s\u00e3o tra\u00e7o gen\u00e9tico\n(inerente), exposi\u00e7\u00e3o a produtos qu\u00edmicos t\u00f3xicos, aumento da temperatura\ntesticular e infec\u00e7\u00e3o. Nada pode ser feito se for uma caracter\u00edstica gen\u00e9tica;\nno entanto, as outras causas podem ser revers\u00edveis. A espermatog\u00eanese ocorre a\numa temperatura mais baixa que a temperatura corporal geral. Qualquer coisa que\naumente a temperatura testicular, como por exemplo, vestir roupas apertadas que\nseguram os test\u00edculos perto do corpo causar\u00e1 a produ\u00e7\u00e3o de espermatozoides\nanormais.<\/p>\n\n\n\n<p>Os doadores Fairfax\nCryobank s\u00e3o avaliados quanto \u00e0 morfologia do s\u00eamen usando a morfologia estrita\nde Kruger. Qualquer doador que n\u00e3o passar na an\u00e1lise morfol\u00f3gica durante a sele\u00e7\u00e3o\nn\u00e3o ser\u00e1 admitido no programa de doadores.<\/p>\n\n\n<p><!--EndFragment--><\/p>","protected":false},"excerpt":{"rendered":"<p>Qual tipo de amostra voc\u00ea necessita? Abaixo s\u00e3o apresentados os padr\u00f5es de qualidade das amostras do Fairfax Cryobank: Tipo de amostra Espermatozoides m\u00f3veis totais por ml (TMC) Uso cl\u00ednico IUI Premium 10 milh\u00f5es por amostra Lavados, prontos para insemina\u00e7\u00e3o intra-uterina (IUI) ICI Premium 10 milh\u00f5es por amostra Pronto para insemina\u00e7\u00e3o &#8230;<\/p>\n","protected":false},"author":1,"featured_media":0,"parent":0,"menu_order":0,"comment_status":"closed","ping_status":"closed","template":"","meta":{"footnotes":""},"class_list":["post-3509","page","type-page","status-publish","hentry"],"yoast_head":"<!-- This site is optimized with the Yoast SEO plugin v27.1.1 - https:\/\/yoast.com\/product\/yoast-seo-wordpress\/ -->\n<title>Informa\u00e7\u00f5es sobre amostra de s\u00eamen | Fairfax Cryobank<\/title>\n<meta name=\"description\" content=\"Informa\u00e7\u00f5es sobre amostra de s\u00eamen - Fairfax Cryobank\" \/>\n<meta name=\"robots\" content=\"index, follow, max-snippet:-1, max-image-preview:large, max-video-preview:-1\" \/>\n<link rel=\"canonical\" href=\"https:\/\/fairfaxcryobank.com\/br\/informacao-da-amostra\" \/>\n<meta property=\"og:locale\" content=\"pt_BR\" \/>\n<meta property=\"og:type\" content=\"article\" \/>\n<meta property=\"og:title\" content=\"Informa\u00e7\u00f5es sobre amostra de s\u00eamen | Fairfax Cryobank\" \/>\n<meta property=\"og:description\" content=\"Informa\u00e7\u00f5es sobre amostra de s\u00eamen - Fairfax Cryobank\" \/>\n<meta property=\"og:url\" content=\"https:\/\/fairfaxcryobank.com\/br\/informacao-da-amostra\" \/>\n<meta property=\"og:site_name\" content=\"Fairfax Cryobank - Find a Sperm Donor\" \/>\n<meta property=\"article:publisher\" content=\"https:\/\/www.facebook.com\/fairfax.cryobank\" \/>\n<meta property=\"article:modified_time\" content=\"2023-06-21T16:45:26+00:00\" \/>\n<meta name=\"twitter:card\" content=\"summary_large_image\" \/>\n<meta name=\"twitter:site\" content=\"@FairfaxCryobank\" \/>\n<meta name=\"twitter:label1\" content=\"Est. tempo de leitura\" \/>\n\t<meta name=\"twitter:data1\" content=\"9 minutos\" \/>\n<script type=\"application\/ld+json\" class=\"yoast-schema-graph\">{\"@context\":\"https:\/\/schema.org\",\"@graph\":[{\"@type\":\"WebPage\",\"@id\":\"https:\/\/fairfaxcryobank.com\/br\/informacao-da-amostra\",\"url\":\"https:\/\/fairfaxcryobank.com\/br\/informacao-da-amostra\",\"name\":\"Informa\u00e7\u00f5es sobre amostra de s\u00eamen | Fairfax Cryobank\",\"isPartOf\":{\"@id\":\"https:\/\/fairfaxcryobank.com\/br#website\"},\"datePublished\":\"2019-10-03T15:13:16+00:00\",\"dateModified\":\"2023-06-21T16:45:26+00:00\",\"description\":\"Informa\u00e7\u00f5es sobre amostra de s\u00eamen - Fairfax Cryobank\",\"breadcrumb\":{\"@id\":\"https:\/\/fairfaxcryobank.com\/br\/informacao-da-amostra#breadcrumb\"},\"inLanguage\":\"pt-BR\",\"potentialAction\":[{\"@type\":\"ReadAction\",\"target\":[\"https:\/\/fairfaxcryobank.com\/br\/informacao-da-amostra\"]}]},{\"@type\":\"BreadcrumbList\",\"@id\":\"https:\/\/fairfaxcryobank.com\/br\/informacao-da-amostra#breadcrumb\",\"itemListElement\":[{\"@type\":\"ListItem\",\"position\":1,\"name\":\"Home\",\"item\":\"https:\/\/fairfaxcryobank.com\/br\"},{\"@type\":\"ListItem\",\"position\":2,\"name\":\"Informa\u00e7\u00f5es sobre amostra de s\u00eamen\"}]},{\"@type\":\"WebSite\",\"@id\":\"https:\/\/fairfaxcryobank.com\/br#website\",\"url\":\"https:\/\/fairfaxcryobank.com\/br\",\"name\":\"Fairfax Cryobank - Find a Sperm Donor\",\"description\":\"Top-Tier Sperm Bank\",\"publisher\":{\"@id\":\"https:\/\/fairfaxcryobank.com\/br#organization\"},\"potentialAction\":[{\"@type\":\"SearchAction\",\"target\":{\"@type\":\"EntryPoint\",\"urlTemplate\":\"https:\/\/fairfaxcryobank.com\/br?s={search_term_string}\"},\"query-input\":{\"@type\":\"PropertyValueSpecification\",\"valueRequired\":true,\"valueName\":\"search_term_string\"}}],\"inLanguage\":\"pt-BR\"},{\"@type\":\"Organization\",\"@id\":\"https:\/\/fairfaxcryobank.com\/br#organization\",\"name\":\"Fairfax Cryobank\",\"url\":\"https:\/\/fairfaxcryobank.com\/br\",\"logo\":{\"@type\":\"ImageObject\",\"inLanguage\":\"pt-BR\",\"@id\":\"https:\/\/fairfaxcryobank.com\/br#\/schema\/logo\/image\/\",\"url\":\"https:\/\/fairfaxcryobank.com\/wp-content\/uploads\/logo.webp\",\"contentUrl\":\"https:\/\/fairfaxcryobank.com\/wp-content\/uploads\/logo.webp\",\"width\":1,\"height\":1,\"caption\":\"Fairfax Cryobank\"},\"image\":{\"@id\":\"https:\/\/fairfaxcryobank.com\/br#\/schema\/logo\/image\/\"},\"sameAs\":[\"https:\/\/www.facebook.com\/fairfax.cryobank\",\"https:\/\/x.com\/FairfaxCryobank\",\"https:\/\/www.instagram.com\/fairfaxcryobank\/\",\"https:\/\/www.pinterest.com\/fairfaxcryo\/\"]}]}<\/script>\n<!-- \/ Yoast SEO plugin. -->","yoast_head_json":{"title":"Informa\u00e7\u00f5es sobre amostra de s\u00eamen | Fairfax Cryobank","description":"Informa\u00e7\u00f5es sobre amostra de s\u00eamen - Fairfax Cryobank","robots":{"index":"index","follow":"follow","max-snippet":"max-snippet:-1","max-image-preview":"max-image-preview:large","max-video-preview":"max-video-preview:-1"},"canonical":"https:\/\/fairfaxcryobank.com\/br\/informacao-da-amostra","og_locale":"pt_BR","og_type":"article","og_title":"Informa\u00e7\u00f5es sobre amostra de s\u00eamen | Fairfax Cryobank","og_description":"Informa\u00e7\u00f5es sobre amostra de s\u00eamen - Fairfax Cryobank","og_url":"https:\/\/fairfaxcryobank.com\/br\/informacao-da-amostra","og_site_name":"Fairfax Cryobank - Find a Sperm Donor","article_publisher":"https:\/\/www.facebook.com\/fairfax.cryobank","article_modified_time":"2023-06-21T16:45:26+00:00","twitter_card":"summary_large_image","twitter_site":"@FairfaxCryobank","twitter_misc":{"Est. tempo de leitura":"9 minutos"},"schema":{"@context":"https:\/\/schema.org","@graph":[{"@type":"WebPage","@id":"https:\/\/fairfaxcryobank.com\/br\/informacao-da-amostra","url":"https:\/\/fairfaxcryobank.com\/br\/informacao-da-amostra","name":"Informa\u00e7\u00f5es sobre amostra de s\u00eamen | Fairfax Cryobank","isPartOf":{"@id":"https:\/\/fairfaxcryobank.com\/br#website"},"datePublished":"2019-10-03T15:13:16+00:00","dateModified":"2023-06-21T16:45:26+00:00","description":"Informa\u00e7\u00f5es sobre amostra de s\u00eamen - Fairfax Cryobank","breadcrumb":{"@id":"https:\/\/fairfaxcryobank.com\/br\/informacao-da-amostra#breadcrumb"},"inLanguage":"pt-BR","potentialAction":[{"@type":"ReadAction","target":["https:\/\/fairfaxcryobank.com\/br\/informacao-da-amostra"]}]},{"@type":"BreadcrumbList","@id":"https:\/\/fairfaxcryobank.com\/br\/informacao-da-amostra#breadcrumb","itemListElement":[{"@type":"ListItem","position":1,"name":"Home","item":"https:\/\/fairfaxcryobank.com\/br"},{"@type":"ListItem","position":2,"name":"Informa\u00e7\u00f5es sobre amostra de s\u00eamen"}]},{"@type":"WebSite","@id":"https:\/\/fairfaxcryobank.com\/br#website","url":"https:\/\/fairfaxcryobank.com\/br","name":"Fairfax Cryobank - Find a Sperm Donor","description":"Top-Tier Sperm Bank","publisher":{"@id":"https:\/\/fairfaxcryobank.com\/br#organization"},"potentialAction":[{"@type":"SearchAction","target":{"@type":"EntryPoint","urlTemplate":"https:\/\/fairfaxcryobank.com\/br?s={search_term_string}"},"query-input":{"@type":"PropertyValueSpecification","valueRequired":true,"valueName":"search_term_string"}}],"inLanguage":"pt-BR"},{"@type":"Organization","@id":"https:\/\/fairfaxcryobank.com\/br#organization","name":"Fairfax Cryobank","url":"https:\/\/fairfaxcryobank.com\/br","logo":{"@type":"ImageObject","inLanguage":"pt-BR","@id":"https:\/\/fairfaxcryobank.com\/br#\/schema\/logo\/image\/","url":"https:\/\/fairfaxcryobank.com\/wp-content\/uploads\/logo.webp","contentUrl":"https:\/\/fairfaxcryobank.com\/wp-content\/uploads\/logo.webp","width":1,"height":1,"caption":"Fairfax Cryobank"},"image":{"@id":"https:\/\/fairfaxcryobank.com\/br#\/schema\/logo\/image\/"},"sameAs":["https:\/\/www.facebook.com\/fairfax.cryobank","https:\/\/x.com\/FairfaxCryobank","https:\/\/www.instagram.com\/fairfaxcryobank\/","https:\/\/www.pinterest.com\/fairfaxcryo\/"]}]}},"post_mailing_queue_ids":[],"_links":{"self":[{"href":"https:\/\/fairfaxcryobank.com\/br\/wp-json\/wp\/v2\/pages\/3509","targetHints":{"allow":["GET"]}}],"collection":[{"href":"https:\/\/fairfaxcryobank.com\/br\/wp-json\/wp\/v2\/pages"}],"about":[{"href":"https:\/\/fairfaxcryobank.com\/br\/wp-json\/wp\/v2\/types\/page"}],"author":[{"embeddable":true,"href":"https:\/\/fairfaxcryobank.com\/br\/wp-json\/wp\/v2\/users\/1"}],"replies":[{"embeddable":true,"href":"https:\/\/fairfaxcryobank.com\/br\/wp-json\/wp\/v2\/comments?post=3509"}],"version-history":[{"count":4,"href":"https:\/\/fairfaxcryobank.com\/br\/wp-json\/wp\/v2\/pages\/3509\/revisions"}],"predecessor-version":[{"id":25394,"href":"https:\/\/fairfaxcryobank.com\/br\/wp-json\/wp\/v2\/pages\/3509\/revisions\/25394"}],"wp:attachment":[{"href":"https:\/\/fairfaxcryobank.com\/br\/wp-json\/wp\/v2\/media?parent=3509"}],"curies":[{"name":"wp","href":"https:\/\/api.w.org\/{rel}","templated":true}]}}