{"id":4072,"date":"2019-10-15T08:31:12","date_gmt":"2019-10-15T08:31:12","guid":{"rendered":"https:\/\/fairfaxcryobank.com\/?page_id=4072"},"modified":"2020-08-28T10:21:15","modified_gmt":"2020-08-28T14:21:15","slug":"doador-de-semen","status":"publish","type":"page","link":"https:\/\/fairfaxcryobank.com\/br\/doador-de-semen","title":{"rendered":"Doador de s\u00eamen"},"content":{"rendered":"\n<h2 class=\"wp-block-heading\">O Fairfax Cryobank tem a maior sele\u00e7\u00e3o de doadores de s\u00eamen de alta qualidade online.<\/h2>\n\n\n\n<p>Desde\n1986, o Fairfax Cryobank \u00e9 a escolha confi\u00e1vel para s\u00eamen doado. Oferecer uma\nampla variedade de doadores diversos e saud\u00e1veis \u200b\u200bpara a considera\u00e7\u00e3o do paciente\n\u00e9 a nossa maior prioridade. <\/p>\n\n\n\n<p><em>Grande sele\u00e7\u00e3o de doadores de s\u00eamen<\/em><\/p>\n\n\n\n<p>&nbsp;O Fairfax Cryobank\ntem uma sele\u00e7\u00e3o de mais de 450 doadores de todo os Estados Unidos; de todas as\norigens \u00e9tnicas, n\u00edveis de educa\u00e7\u00e3o, caracter\u00edsticas f\u00edsicas e <a href=\"\/about-our-donors\">tipo de doador<\/a>. Toda\nsemana, nossa equipe de especialistas adiciona novos doadores ao site ap\u00f3s\npassar pelo rigoroso processo de sele\u00e7\u00e3o. <\/p>\n\n\n\n<p><em>Nenhum banco de s\u00eamen faz mais testes<\/em><\/p>\n\n\n\n<p>&nbsp;Com a <a href=\"\/donor-screening\">sele\u00e7\u00e3o de doador<\/a> e\ntestes mais extensos de doadores, o Fairfax Cryobank s\u00f3 aceita 1 a cada 200\ncandidatos a doadores. O Fairfax excede os padr\u00f5es de elegibilidade dos\ndoadores, testes gen\u00e9ticos e testes de doen\u00e7as infecciosas exigidos pelo FDA (ag\u00eancia do\nDepartamento de Sa\u00fade e Servi\u00e7os Humanos dos Estados Unidos). Nossa\nequipe de profissionais se dedica a manter padr\u00f5es rigorosos de sele\u00e7\u00e3o de doadores\nque fizeram do Fairfax uma empresa l\u00edder no setor. <\/p>\n\n\n\n<p><em>Buscar um doador de s\u00eamen on-line \u00e9 f\u00e1cil <\/em><\/p>\n\n\n\n<h2 class=\"wp-block-heading\">3 passos para buscar um doador de s\u00eamen <\/h2>\n\n\n\n<p><strong>1. Selecione seu doador na p\u00e1gina \u201cBusque um Doador\u201d <\/strong><\/p>\n\n\n\n<p><\/p>\n\n\n\n<p>Visite a <a href=\"https:\/\/fairfaxcryobank.com\/search\/\">pesquisa de doadores<\/a> on-line e filtre a pesquisa para navegar pela ampla sele\u00e7\u00e3o de doadores. Clique no perfil do doador para obter mais informa\u00e7\u00f5es sobre seu hist\u00f3rico m\u00e9dico, interesses pessoais e ver fotos de adultos\/crian\u00e7a. Depois de encontrar alguns doadores, adicione-os aos seus Favoritos para salv\u00e1-los no seu perfil.<\/p>\n\n\n\n<p><strong>2.<\/strong> <strong>Fa\u00e7a seu pedido com nosso atendimento ao cliente<\/strong><\/p>\n\n\n\n<p>Ligue para (11) 5084-2588\/(11) 98111-3455 para falar diretamente com a nossa equipe. Nossa atenciosa equipe est\u00e1 \u00e0 disposi\u00e7\u00e3o para gui\u00e1-la pelo processo de escolha. <\/p>\n\n\n\n<p><strong>3. Envio ou armazenamento de s\u00eamen <\/strong><\/p>\n\n\n\n<p>Faremos\na importa\u00e7\u00e3o e enviaremos diretamente para a cl\u00ednica m\u00e9dica onde realizar\u00e1 o\nseu tratamento.<\/p>\n\n\n\n<hr class=\"wp-block-separator\"\/>\n\n\n\n<h4 class=\"wp-block-heading\"><strong>Para saber mais sobre nossos doadores, visite as p\u00e1ginas abaixo:<\/strong><\/h4>\n\n\n\n<ul class=\"wp-block-list\"><li><a href=\"\/br\/triagem-dos-doadores\">Sele\u00e7\u00e3o de doador<\/a><\/li><li><a href=\"\/br\/informacao-da-amostra\">Informa\u00e7\u00e3o de esp\u00e9cime <\/a><\/li><li><a href=\"\/br\/verifique-status-do-doador\">Atualiza\u00e7\u00e3o m\u00e9dica de doador<\/a><\/li><\/ul>\n","protected":false},"excerpt":{"rendered":"<p>O Fairfax Cryobank tem a maior sele\u00e7\u00e3o de doadores de s\u00eamen de alta qualidade online. Desde 1986, o Fairfax Cryobank \u00e9 a escolha confi\u00e1vel para s\u00eamen doado. Oferecer uma ampla variedade de doadores diversos e saud\u00e1veis \u200b\u200bpara a considera\u00e7\u00e3o do paciente \u00e9 a nossa maior prioridade. Grande sele\u00e7\u00e3o de doadores &#8230;<\/p>\n","protected":false},"author":1,"featured_media":1568,"parent":0,"menu_order":0,"comment_status":"closed","ping_status":"closed","template":"","meta":{"footnotes":""},"class_list":["post-4072","page","type-page","status-publish","has-post-thumbnail","hentry"],"yoast_head":"<!-- This site is optimized with the Yoast SEO plugin v27.1.1 - https:\/\/yoast.com\/product\/yoast-seo-wordpress\/ -->\n<title>Doador de s\u00eamen | Fairfax Cryobank<\/title>\n<meta name=\"description\" content=\"S\u00eamen de doador\" \/>\n<meta name=\"robots\" content=\"index, follow, max-snippet:-1, max-image-preview:large, max-video-preview:-1\" \/>\n<link rel=\"canonical\" href=\"https:\/\/fairfaxcryobank.com\/br\/doador-de-semen\" \/>\n<meta property=\"og:locale\" content=\"pt_BR\" \/>\n<meta property=\"og:type\" content=\"article\" \/>\n<meta property=\"og:title\" content=\"Doador de s\u00eamen | Fairfax Cryobank\" \/>\n<meta property=\"og:description\" content=\"S\u00eamen de doador\" \/>\n<meta property=\"og:url\" content=\"https:\/\/fairfaxcryobank.com\/br\/doador-de-semen\" \/>\n<meta property=\"og:site_name\" content=\"Fairfax Cryobank - Find a Sperm Donor\" \/>\n<meta property=\"article:publisher\" content=\"https:\/\/www.facebook.com\/fairfax.cryobank\" \/>\n<meta property=\"article:modified_time\" content=\"2020-08-28T14:21:15+00:00\" \/>\n<meta property=\"og:image\" content=\"https:\/\/fairfaxcryobank.com\/wp-content\/uploads\/fairfax-cryobank-donor-sperm-1.jpg\" \/>\n\t<meta property=\"og:image:width\" content=\"1000\" \/>\n\t<meta property=\"og:image:height\" content=\"500\" \/>\n\t<meta property=\"og:image:type\" content=\"image\/jpeg\" \/>\n<meta name=\"twitter:card\" content=\"summary_large_image\" \/>\n<meta name=\"twitter:site\" content=\"@FairfaxCryobank\" \/>\n<meta name=\"twitter:label1\" content=\"Est. tempo de leitura\" \/>\n\t<meta name=\"twitter:data1\" content=\"2 minutos\" \/>\n<script type=\"application\/ld+json\" class=\"yoast-schema-graph\">{\"@context\":\"https:\/\/schema.org\",\"@graph\":[{\"@type\":\"WebPage\",\"@id\":\"https:\/\/fairfaxcryobank.com\/br\/doador-de-semen\",\"url\":\"https:\/\/fairfaxcryobank.com\/br\/doador-de-semen\",\"name\":\"Doador de s\u00eamen | Fairfax Cryobank\",\"isPartOf\":{\"@id\":\"https:\/\/fairfaxcryobank.com\/br#website\"},\"primaryImageOfPage\":{\"@id\":\"https:\/\/fairfaxcryobank.com\/br\/doador-de-semen#primaryimage\"},\"image\":{\"@id\":\"https:\/\/fairfaxcryobank.com\/br\/doador-de-semen#primaryimage\"},\"thumbnailUrl\":\"https:\/\/fairfaxcryobank.com\/wp-content\/uploads\/fairfax-cryobank-donor-sperm-1.jpg\",\"datePublished\":\"2019-10-15T08:31:12+00:00\",\"dateModified\":\"2020-08-28T14:21:15+00:00\",\"description\":\"S\u00eamen de doador\",\"breadcrumb\":{\"@id\":\"https:\/\/fairfaxcryobank.com\/br\/doador-de-semen#breadcrumb\"},\"inLanguage\":\"pt-BR\",\"potentialAction\":[{\"@type\":\"ReadAction\",\"target\":[\"https:\/\/fairfaxcryobank.com\/br\/doador-de-semen\"]}]},{\"@type\":\"ImageObject\",\"inLanguage\":\"pt-BR\",\"@id\":\"https:\/\/fairfaxcryobank.com\/br\/doador-de-semen#primaryimage\",\"url\":\"https:\/\/fairfaxcryobank.com\/wp-content\/uploads\/fairfax-cryobank-donor-sperm-1.jpg\",\"contentUrl\":\"https:\/\/fairfaxcryobank.com\/wp-content\/uploads\/fairfax-cryobank-donor-sperm-1.jpg\",\"width\":1000,\"height\":500,\"caption\":\"Fairfax Cryobank has the largest selection of sperm donors online.\"},{\"@type\":\"BreadcrumbList\",\"@id\":\"https:\/\/fairfaxcryobank.com\/br\/doador-de-semen#breadcrumb\",\"itemListElement\":[{\"@type\":\"ListItem\",\"position\":1,\"name\":\"Home\",\"item\":\"https:\/\/fairfaxcryobank.com\/br\"},{\"@type\":\"ListItem\",\"position\":2,\"name\":\"Doador de s\u00eamen\"}]},{\"@type\":\"WebSite\",\"@id\":\"https:\/\/fairfaxcryobank.com\/br#website\",\"url\":\"https:\/\/fairfaxcryobank.com\/br\",\"name\":\"Fairfax Cryobank - Find a Sperm Donor\",\"description\":\"Top-Tier Sperm Bank\",\"publisher\":{\"@id\":\"https:\/\/fairfaxcryobank.com\/br#organization\"},\"potentialAction\":[{\"@type\":\"SearchAction\",\"target\":{\"@type\":\"EntryPoint\",\"urlTemplate\":\"https:\/\/fairfaxcryobank.com\/br?s={search_term_string}\"},\"query-input\":{\"@type\":\"PropertyValueSpecification\",\"valueRequired\":true,\"valueName\":\"search_term_string\"}}],\"inLanguage\":\"pt-BR\"},{\"@type\":\"Organization\",\"@id\":\"https:\/\/fairfaxcryobank.com\/br#organization\",\"name\":\"Fairfax Cryobank\",\"url\":\"https:\/\/fairfaxcryobank.com\/br\",\"logo\":{\"@type\":\"ImageObject\",\"inLanguage\":\"pt-BR\",\"@id\":\"https:\/\/fairfaxcryobank.com\/br#\/schema\/logo\/image\/\",\"url\":\"https:\/\/fairfaxcryobank.com\/wp-content\/uploads\/logo.webp\",\"contentUrl\":\"https:\/\/fairfaxcryobank.com\/wp-content\/uploads\/logo.webp\",\"width\":1,\"height\":1,\"caption\":\"Fairfax Cryobank\"},\"image\":{\"@id\":\"https:\/\/fairfaxcryobank.com\/br#\/schema\/logo\/image\/\"},\"sameAs\":[\"https:\/\/www.facebook.com\/fairfax.cryobank\",\"https:\/\/x.com\/FairfaxCryobank\",\"https:\/\/www.instagram.com\/fairfaxcryobank\/\",\"https:\/\/www.pinterest.com\/fairfaxcryo\/\"]}]}<\/script>\n<!-- \/ Yoast SEO plugin. -->","yoast_head_json":{"title":"Doador de s\u00eamen | Fairfax Cryobank","description":"S\u00eamen de doador","robots":{"index":"index","follow":"follow","max-snippet":"max-snippet:-1","max-image-preview":"max-image-preview:large","max-video-preview":"max-video-preview:-1"},"canonical":"https:\/\/fairfaxcryobank.com\/br\/doador-de-semen","og_locale":"pt_BR","og_type":"article","og_title":"Doador de s\u00eamen | Fairfax Cryobank","og_description":"S\u00eamen de doador","og_url":"https:\/\/fairfaxcryobank.com\/br\/doador-de-semen","og_site_name":"Fairfax Cryobank - Find a Sperm Donor","article_publisher":"https:\/\/www.facebook.com\/fairfax.cryobank","article_modified_time":"2020-08-28T14:21:15+00:00","og_image":[{"width":1000,"height":500,"url":"https:\/\/fairfaxcryobank.com\/wp-content\/uploads\/fairfax-cryobank-donor-sperm-1.jpg","type":"image\/jpeg"}],"twitter_card":"summary_large_image","twitter_site":"@FairfaxCryobank","twitter_misc":{"Est. tempo de leitura":"2 minutos"},"schema":{"@context":"https:\/\/schema.org","@graph":[{"@type":"WebPage","@id":"https:\/\/fairfaxcryobank.com\/br\/doador-de-semen","url":"https:\/\/fairfaxcryobank.com\/br\/doador-de-semen","name":"Doador de s\u00eamen | Fairfax Cryobank","isPartOf":{"@id":"https:\/\/fairfaxcryobank.com\/br#website"},"primaryImageOfPage":{"@id":"https:\/\/fairfaxcryobank.com\/br\/doador-de-semen#primaryimage"},"image":{"@id":"https:\/\/fairfaxcryobank.com\/br\/doador-de-semen#primaryimage"},"thumbnailUrl":"https:\/\/fairfaxcryobank.com\/wp-content\/uploads\/fairfax-cryobank-donor-sperm-1.jpg","datePublished":"2019-10-15T08:31:12+00:00","dateModified":"2020-08-28T14:21:15+00:00","description":"S\u00eamen de doador","breadcrumb":{"@id":"https:\/\/fairfaxcryobank.com\/br\/doador-de-semen#breadcrumb"},"inLanguage":"pt-BR","potentialAction":[{"@type":"ReadAction","target":["https:\/\/fairfaxcryobank.com\/br\/doador-de-semen"]}]},{"@type":"ImageObject","inLanguage":"pt-BR","@id":"https:\/\/fairfaxcryobank.com\/br\/doador-de-semen#primaryimage","url":"https:\/\/fairfaxcryobank.com\/wp-content\/uploads\/fairfax-cryobank-donor-sperm-1.jpg","contentUrl":"https:\/\/fairfaxcryobank.com\/wp-content\/uploads\/fairfax-cryobank-donor-sperm-1.jpg","width":1000,"height":500,"caption":"Fairfax Cryobank has the largest selection of sperm donors online."},{"@type":"BreadcrumbList","@id":"https:\/\/fairfaxcryobank.com\/br\/doador-de-semen#breadcrumb","itemListElement":[{"@type":"ListItem","position":1,"name":"Home","item":"https:\/\/fairfaxcryobank.com\/br"},{"@type":"ListItem","position":2,"name":"Doador de s\u00eamen"}]},{"@type":"WebSite","@id":"https:\/\/fairfaxcryobank.com\/br#website","url":"https:\/\/fairfaxcryobank.com\/br","name":"Fairfax Cryobank - Find a Sperm Donor","description":"Top-Tier Sperm Bank","publisher":{"@id":"https:\/\/fairfaxcryobank.com\/br#organization"},"potentialAction":[{"@type":"SearchAction","target":{"@type":"EntryPoint","urlTemplate":"https:\/\/fairfaxcryobank.com\/br?s={search_term_string}"},"query-input":{"@type":"PropertyValueSpecification","valueRequired":true,"valueName":"search_term_string"}}],"inLanguage":"pt-BR"},{"@type":"Organization","@id":"https:\/\/fairfaxcryobank.com\/br#organization","name":"Fairfax Cryobank","url":"https:\/\/fairfaxcryobank.com\/br","logo":{"@type":"ImageObject","inLanguage":"pt-BR","@id":"https:\/\/fairfaxcryobank.com\/br#\/schema\/logo\/image\/","url":"https:\/\/fairfaxcryobank.com\/wp-content\/uploads\/logo.webp","contentUrl":"https:\/\/fairfaxcryobank.com\/wp-content\/uploads\/logo.webp","width":1,"height":1,"caption":"Fairfax Cryobank"},"image":{"@id":"https:\/\/fairfaxcryobank.com\/br#\/schema\/logo\/image\/"},"sameAs":["https:\/\/www.facebook.com\/fairfax.cryobank","https:\/\/x.com\/FairfaxCryobank","https:\/\/www.instagram.com\/fairfaxcryobank\/","https:\/\/www.pinterest.com\/fairfaxcryo\/"]}]}},"post_mailing_queue_ids":[],"_links":{"self":[{"href":"https:\/\/fairfaxcryobank.com\/br\/wp-json\/wp\/v2\/pages\/4072","targetHints":{"allow":["GET"]}}],"collection":[{"href":"https:\/\/fairfaxcryobank.com\/br\/wp-json\/wp\/v2\/pages"}],"about":[{"href":"https:\/\/fairfaxcryobank.com\/br\/wp-json\/wp\/v2\/types\/page"}],"author":[{"embeddable":true,"href":"https:\/\/fairfaxcryobank.com\/br\/wp-json\/wp\/v2\/users\/1"}],"replies":[{"embeddable":true,"href":"https:\/\/fairfaxcryobank.com\/br\/wp-json\/wp\/v2\/comments?post=4072"}],"version-history":[{"count":0,"href":"https:\/\/fairfaxcryobank.com\/br\/wp-json\/wp\/v2\/pages\/4072\/revisions"}],"wp:featuredmedia":[{"embeddable":true,"href":"https:\/\/fairfaxcryobank.com\/br\/wp-json\/wp\/v2\/media\/1568"}],"wp:attachment":[{"href":"https:\/\/fairfaxcryobank.com\/br\/wp-json\/wp\/v2\/media?parent=4072"}],"curies":[{"name":"wp","href":"https:\/\/api.w.org\/{rel}","templated":true}]}}