{"id":4085,"date":"2015-05-11T13:42:08","date_gmt":"2015-05-11T13:42:08","guid":{"rendered":"https:\/\/fairfaxcryobank.com\/sperm-storage-faqs\/"},"modified":"2019-11-21T16:20:08","modified_gmt":"2019-11-21T16:20:08","slug":"perguntas-frequentes-sobre-armazenamento-de-semen","status":"publish","type":"page","link":"https:\/\/fairfaxcryobank.com\/br\/perguntas-frequentes-sobre-armazenamento-de-semen","title":{"rendered":"Perguntas Frequentes Sobre Armazenamento de S\u00eamen"},"content":{"rendered":"\t<ul class=\"faqs\" >\n\t\t\t<li class=\"faq\" id=\"faq-block_5d0927e445cc9\">\n\t\t\t<div class=\"-question\">Quem precisa de servi\u00e7os de armazenamento de s\u00eamen?<\/div>\n\t\t\t<div class=\"-answer\"><p>Existem v\u00e1rias situa\u00e7\u00f5es em que o armazenamento de s\u00eamen \u00e9 uma op\u00e7\u00e3o:<\/p>\n<ol>\n<li>Voc\u00ea est\u00e1 adquirindo s\u00eamen do nosso registro de doadores e deseja armazenar amostras para uso futuro. Entre em contato com nosso Atendimento ao cliente.<\/li>\n<li>Voc\u00ea precisa armazenar seu pr\u00f3prio s\u00eamen devido a problemas m\u00e9dicos ou pr\u00f3prios. Veja nossa p\u00e1gina Armazenamento de s\u00eamen para obter mais informa\u00e7\u00f5es.<\/li>\n<\/ol>\n<\/div>\n\t\t<\/li>\n\t\t\t<li class=\"faq\" id=\"faq-block_5d0927e445cc9\">\n\t\t\t<div class=\"-question\">O que est\u00e1 envolvido no armazenamento do seu pr\u00f3prio s\u00eamen?<\/div>\n\t\t\t<div class=\"-answer\"><p>Os pacientes que desejam nossos servi\u00e7os devem ligar para (11) 5084-2588 para obter informa\u00e7\u00f5es. Cada amostra individual de s\u00eamen \u00e9 avaliada antes do congelamento e uma pequena al\u00edquota \u00e9 analisada ap\u00f3s o congelamento para verificar a capacidade de sobreviv\u00eancia. Isso permite que o laborat\u00f3rio forne\u00e7a ao paciente informa\u00e7\u00f5es detalhadas sobre o uso potencial de suas amostras de s\u00eamen criopreservadas. Muitas tecnologias de reprodu\u00e7\u00e3o assistida para fins de fertiliza\u00e7\u00e3o est\u00e3o dispon\u00edveis atualmente, incluindo insemina\u00e7\u00e3o intra-uterina (IUI), fertiliza\u00e7\u00e3o in vitro (FIV) e inje\u00e7\u00e3o intracitoplasm\u00e1tica de espermatozoide (ICSI). Essas tecnologias permitem o uso de uma ampla gama de amostras de s\u00eamen para fins de fertiliza\u00e7\u00e3o e gravidez futuras. Destacamos que mesmo uma amostra preservada corretamente cont\u00e9m espermatozoides suficientes para in\u00fameros tratamentos com ICSI e fertiliza\u00e7\u00e3o in vitro, com geralmente uma alta probabilidade de \u00eaxito na gravidez.<\/p>\n<p>Todas as amostras de s\u00eamen s\u00e3o armazenadas a -196o C em tanques de nitrog\u00eanio l\u00edquido. O Fairfax Cryobank tamb\u00e9m fornece tanques de transporte de nitrog\u00eanio l\u00edquido para o transporte de amostras de pacientes ao seu m\u00e9dico ou profissional de sa\u00fade quando solicitado para uso.<\/p>\n<\/div>\n\t\t<\/li>\n\t\t\t<li class=\"faq\" id=\"faq-block_5d0927e445cc9\">\n\t\t\t<div class=\"-question\">Voc\u00eas oferecem envio para armazenagem de s\u00eamen por correios?<\/div>\n\t\t\t<div class=\"-answer\"><p>A Fairfax Cryobank tem o orgulho de oferecer o kit de coleta noturna Priority Male (TM) em associa\u00e7\u00e3o com a Cryogenic Laboratories, Inc de Roseville, MN. Oferecemos aos homens a oportunidade de preservar suas amostras de s\u00eamen antes do tratamento m\u00e9dico, mesmo que n\u00e3o possam viajar at\u00e9 um banco de s\u00eamen.<\/p>\n<\/div>\n\t\t<\/li>\n\t\t\t<li class=\"faq\" id=\"faq-block_5d0927e445cc9\">\n\t\t\t<div class=\"-question\">Quanto tempo voc\u00ea pode armazenar s\u00eamen congelado?<\/div>\n\t\t\t<div class=\"-answer\"><p>As amostras criopreservadas, quando armazenadas adequadamente, permanecer\u00e3o vi\u00e1veis por tempo indeterminado. Foram relatadas gesta\u00e7\u00f5es nos casos em que o esperma foi armazenado por 20 anos antes do descongelamento e da insemina\u00e7\u00e3o.<\/p>\n<\/div>\n\t\t<\/li>\n\t\t\t<li class=\"faq\" id=\"faq-block_5d0927e445cc9\">\n\t\t\t<div class=\"-question\">O processo de congelamento \u00e9 prejudicial para os espermatoz\u00f3ides?<\/div>\n\t\t\t<div class=\"-answer\"><p>Aproximadamente 50% ou mais das c\u00e9lulas esperm\u00e1ticas sobrevivem ao processo de congelamento \/ descongelamento. A capacidade de fertiliza\u00e7\u00e3o dos espermatozoides sobreviventes n\u00e3o \u00e9 comprometida durante o processo de congelamento \/ descongelamento.<\/p>\n<\/div>\n\t\t<\/li>\n\t\t\t<li class=\"faq\" id=\"faq-block_5d0927e445cc9\">\n\t\t\t<div class=\"-question\">Quantas amostras de s\u00eamen devo guardar?<\/div>\n\t\t\t<div class=\"-answer\"><p>O Fairfax Cryobank recomenda armazenar pelo menos duas amostras de s\u00eamen com 48 a 72 horas de intervalo antes do tratamento ou cirurgia da quimioterapia. Os pacientes que t\u00eam tempo apenas para uma amostra s\u00e3o encorajados a depositar seus espermatoz\u00f3ides, porque cada amostra \u00e9 dividida em frascos e pode ser usada para v\u00e1rios procedimentos de fertilidade.<\/p>\n<\/div>\n\t\t<\/li>\n\t\t\t<li class=\"faq\" id=\"faq-block_5d0927e445cc9\">\n\t\t\t<div class=\"-question\">Quantos dias de abstin\u00eancia sexual devo ter antes de produzir uma amostra?<\/div>\n\t\t\t<div class=\"-answer\"><p>Pede-se aos pacientes que se abstenham de todas as atividades sexuais por pelo menos 2 a 5 dias antes da consulta e que tenham tido pelo menos uma ejacula\u00e7\u00e3o nos \u00faltimos 5 dias. Isso deve permitir a melhor amostra poss\u00edvel e permitir que um n\u00famero adequado de amostras seja armazenado para uso futuro.<\/p>\n<\/div>\n\t\t<\/li>\n\t\t\t<li class=\"faq\" id=\"faq-block_5d0927e445cc9\">\n\t\t\t<div class=\"-question\">Quais exames de sangue s\u00e3o necess\u00e1rios para o armazenamento de s\u00eamen?<\/div>\n\t\t\t<div class=\"-answer\"><p>Para o Brasil, os pacientes devem realizar os testes de Anticorpo HIV 1\/2, Hepatite B (HBsAg e anti-HBC), Hepatie C (anti HCV), HTLV I e II e Zika v\u00edrus. Os pacientes que realizaram os testes nos \u00faltimos 30 dias devem trazer uma c\u00f3pia dos resultados do teste no momento da consulta.<\/p>\n<\/div>\n\t\t<\/li>\n\t\t\t<li class=\"faq\" id=\"faq-block_5d0927e445cc9\">\n\t\t\t<div class=\"-question\">Quais formul\u00e1rios eu preciso preencher?<\/div>\n\t\t\t<div class=\"-answer\"><p>Solicite que os formul\u00e1rios necess\u00e1rios sejam enviados a voc\u00ea antes da sua visita, entrando em contato conosco. Eles tamb\u00e9m estar\u00e3o dispon\u00edveis no Banco de s\u00eamen no momento da sua consulta, se voc\u00ea n\u00e3o teve a chance de receber e completar as informa\u00e7\u00f5es necess\u00e1rias.<\/p>\n<\/div>\n\t\t<\/li>\n\t\t<\/ul>\n<script>\nvar faqs = document.querySelectorAll('li.faq');\nfor (var i=0; i<faqs.length; i++) {\n\tfaqs[i].addEventListener('click', function(event) {\n\t\tthis.classList.toggle('-expanded');\n\t});\n}\n<\/script>\n<style>\nul.faqs {\n\tmargin: 0 0 25px; padding: 0;\n}\nul.faqs > li.faq {\n\tmargin: 0 0 10px; padding: 0;\n\tlist-style: none;\n\tbackground: none;\n}\nul.faqs > li.faq.-expanded {\n\tborder: 1px solid #e8e8e8;\n\tbox-shadow: 0 2px 10px rgba(0,0,0,0.1)\n}\nul.faqs > li.faq .-question {\n\tposition: relative;\n\tpadding: 19px 19px 19px 78px;\n\tcolor: #565456;\n\tfont-size: 20px; line-height: 1.2;\n\tbackground: #f1f1f1;\n\tcursor: pointer;\n\ttransition: .3s\n}\nul.faqs > li.faq .-question:hover { color: #1f1f1f; background: #f6f6f6; }\nul.faqs > li.faq .-question:before {\n\tcontent: \"\";\n\tposition: absolute;\n\ttop: 0; bottom: 0; left: 0;\n\twidth:62px;\n\tbackground: linear-gradient(#898989,#898989), linear-gradient(#898989,#898989), #eaeaea;\n\tbackground-position:center;\n\tbackground-size: 20px 2px,2px 20px;\n\tbackground-repeat:no-repeat;\n}\nul.faqs > li.faq .-question:hover:before {\n\tbackground: linear-gradient(#ea6950,#ea6950), linear-gradient(#ea6950,#ea6950), #eaeaea;\n\tbackground-position:center;\n\tbackground-size: 20px 2px,2px 20px;\n\tbackground-repeat:no-repeat;\n}\nul.faqs > li.faq.-expanded .-question,\nul.faqs > li.faq.-expanded .-question:hover { color: #ea6950; background: #f9f9f9; }\nul.faqs > li.faq.-expanded .-question:before,\nul.faqs > li.faq.-expanded .-question:hover:before {\n\tcontent: \"\";\n\tposition: absolute;\n\ttop: 0; bottom: 0; left: 0;\n\twidth:62px;\n\tbackground: linear-gradient(#ffffff,#ffffff), #ea6950;\n\tbackground-position:center;\n\tbackground-size: 20px 2px;\n\tbackground-repeat:no-repeat;\n}\n\nul.faqs > li.faq .-answer {\n\toverflow: hidden;\n\tpadding: 0 0 0 78px;\n\tmax-height: 0;\n\ttransition: 0.2s;\n}\nul.faqs > li.faq .-answer > * { overflow: hidden; max-height: 0; }\nul.faqs > li.faq.-expanded .-answer {\n\tbox-sizing: border-box;\n\tpadding: 19px 19px 19px 78px;\n\tmax-height: 9999px;\n\tcolor: #585858;\n\tfont-size: 16px; line-height: 23px;\n\tbackground: #fff;\n\ttransition: 0.4s;\n}\nul.faqs > li.faq.-expanded .-answer > * { max-height: 9999px;}\n<\/style>","protected":false},"excerpt":{"rendered":"","protected":false},"author":1,"featured_media":0,"parent":0,"menu_order":0,"comment_status":"closed","ping_status":"closed","template":"","meta":{"footnotes":""},"class_list":["post-4085","page","type-page","status-publish","hentry"],"yoast_head":"<!-- This site is optimized with the Yoast SEO plugin v27.1.1 - https:\/\/yoast.com\/product\/yoast-seo-wordpress\/ -->\n<title>Perguntas Frequentes Sobre Armazenamento de S\u00eamen | Fairfax Cryobank<\/title>\n<meta name=\"description\" content=\"Perguntas Frequentes Sobre Armazenamento de S\u00eamen\" \/>\n<meta name=\"robots\" content=\"index, follow, max-snippet:-1, max-image-preview:large, max-video-preview:-1\" \/>\n<link rel=\"canonical\" href=\"https:\/\/fairfaxcryobank.com\/br\/perguntas-frequentes-sobre-armazenamento-de-semen\" \/>\n<meta property=\"og:locale\" content=\"pt_BR\" \/>\n<meta property=\"og:type\" content=\"article\" \/>\n<meta property=\"og:title\" content=\"Perguntas Frequentes Sobre Armazenamento de S\u00eamen | Fairfax Cryobank\" \/>\n<meta property=\"og:description\" content=\"Perguntas Frequentes Sobre Armazenamento de S\u00eamen\" \/>\n<meta property=\"og:url\" content=\"https:\/\/fairfaxcryobank.com\/br\/perguntas-frequentes-sobre-armazenamento-de-semen\" \/>\n<meta property=\"og:site_name\" content=\"Fairfax Cryobank - Find a Sperm Donor\" \/>\n<meta property=\"article:publisher\" content=\"https:\/\/www.facebook.com\/fairfax.cryobank\" \/>\n<meta property=\"article:modified_time\" content=\"2019-11-21T16:20:08+00:00\" \/>\n<meta name=\"twitter:card\" content=\"summary_large_image\" \/>\n<meta name=\"twitter:site\" content=\"@FairfaxCryobank\" \/>\n<script type=\"application\/ld+json\" class=\"yoast-schema-graph\">{\"@context\":\"https:\/\/schema.org\",\"@graph\":[{\"@type\":\"WebPage\",\"@id\":\"https:\/\/fairfaxcryobank.com\/br\/perguntas-frequentes-sobre-armazenamento-de-semen\",\"url\":\"https:\/\/fairfaxcryobank.com\/br\/perguntas-frequentes-sobre-armazenamento-de-semen\",\"name\":\"Perguntas Frequentes Sobre Armazenamento de S\u00eamen | Fairfax Cryobank\",\"isPartOf\":{\"@id\":\"https:\/\/fairfaxcryobank.com\/br#website\"},\"datePublished\":\"2015-05-11T13:42:08+00:00\",\"dateModified\":\"2019-11-21T16:20:08+00:00\",\"description\":\"Perguntas Frequentes Sobre Armazenamento de S\u00eamen\",\"breadcrumb\":{\"@id\":\"https:\/\/fairfaxcryobank.com\/br\/perguntas-frequentes-sobre-armazenamento-de-semen#breadcrumb\"},\"inLanguage\":\"pt-BR\",\"potentialAction\":[{\"@type\":\"ReadAction\",\"target\":[\"https:\/\/fairfaxcryobank.com\/br\/perguntas-frequentes-sobre-armazenamento-de-semen\"]}]},{\"@type\":\"BreadcrumbList\",\"@id\":\"https:\/\/fairfaxcryobank.com\/br\/perguntas-frequentes-sobre-armazenamento-de-semen#breadcrumb\",\"itemListElement\":[{\"@type\":\"ListItem\",\"position\":1,\"name\":\"Home\",\"item\":\"https:\/\/fairfaxcryobank.com\/br\"},{\"@type\":\"ListItem\",\"position\":2,\"name\":\"Perguntas Frequentes Sobre Armazenamento de S\u00eamen\"}]},{\"@type\":\"WebSite\",\"@id\":\"https:\/\/fairfaxcryobank.com\/br#website\",\"url\":\"https:\/\/fairfaxcryobank.com\/br\",\"name\":\"Fairfax Cryobank - Find a Sperm Donor\",\"description\":\"Top-Tier Sperm Bank\",\"publisher\":{\"@id\":\"https:\/\/fairfaxcryobank.com\/br#organization\"},\"potentialAction\":[{\"@type\":\"SearchAction\",\"target\":{\"@type\":\"EntryPoint\",\"urlTemplate\":\"https:\/\/fairfaxcryobank.com\/br?s={search_term_string}\"},\"query-input\":{\"@type\":\"PropertyValueSpecification\",\"valueRequired\":true,\"valueName\":\"search_term_string\"}}],\"inLanguage\":\"pt-BR\"},{\"@type\":\"Organization\",\"@id\":\"https:\/\/fairfaxcryobank.com\/br#organization\",\"name\":\"Fairfax Cryobank\",\"url\":\"https:\/\/fairfaxcryobank.com\/br\",\"logo\":{\"@type\":\"ImageObject\",\"inLanguage\":\"pt-BR\",\"@id\":\"https:\/\/fairfaxcryobank.com\/br#\/schema\/logo\/image\/\",\"url\":\"https:\/\/fairfaxcryobank.com\/wp-content\/uploads\/logo.webp\",\"contentUrl\":\"https:\/\/fairfaxcryobank.com\/wp-content\/uploads\/logo.webp\",\"width\":1,\"height\":1,\"caption\":\"Fairfax Cryobank\"},\"image\":{\"@id\":\"https:\/\/fairfaxcryobank.com\/br#\/schema\/logo\/image\/\"},\"sameAs\":[\"https:\/\/www.facebook.com\/fairfax.cryobank\",\"https:\/\/x.com\/FairfaxCryobank\",\"https:\/\/www.instagram.com\/fairfaxcryobank\/\",\"https:\/\/www.pinterest.com\/fairfaxcryo\/\"]}]}<\/script>\n<!-- \/ Yoast SEO plugin. -->","yoast_head_json":{"title":"Perguntas Frequentes Sobre Armazenamento de S\u00eamen | Fairfax Cryobank","description":"Perguntas Frequentes Sobre Armazenamento de S\u00eamen","robots":{"index":"index","follow":"follow","max-snippet":"max-snippet:-1","max-image-preview":"max-image-preview:large","max-video-preview":"max-video-preview:-1"},"canonical":"https:\/\/fairfaxcryobank.com\/br\/perguntas-frequentes-sobre-armazenamento-de-semen","og_locale":"pt_BR","og_type":"article","og_title":"Perguntas Frequentes Sobre Armazenamento de S\u00eamen | Fairfax Cryobank","og_description":"Perguntas Frequentes Sobre Armazenamento de S\u00eamen","og_url":"https:\/\/fairfaxcryobank.com\/br\/perguntas-frequentes-sobre-armazenamento-de-semen","og_site_name":"Fairfax Cryobank - Find a Sperm Donor","article_publisher":"https:\/\/www.facebook.com\/fairfax.cryobank","article_modified_time":"2019-11-21T16:20:08+00:00","twitter_card":"summary_large_image","twitter_site":"@FairfaxCryobank","schema":{"@context":"https:\/\/schema.org","@graph":[{"@type":"WebPage","@id":"https:\/\/fairfaxcryobank.com\/br\/perguntas-frequentes-sobre-armazenamento-de-semen","url":"https:\/\/fairfaxcryobank.com\/br\/perguntas-frequentes-sobre-armazenamento-de-semen","name":"Perguntas Frequentes Sobre Armazenamento de S\u00eamen | Fairfax Cryobank","isPartOf":{"@id":"https:\/\/fairfaxcryobank.com\/br#website"},"datePublished":"2015-05-11T13:42:08+00:00","dateModified":"2019-11-21T16:20:08+00:00","description":"Perguntas Frequentes Sobre Armazenamento de S\u00eamen","breadcrumb":{"@id":"https:\/\/fairfaxcryobank.com\/br\/perguntas-frequentes-sobre-armazenamento-de-semen#breadcrumb"},"inLanguage":"pt-BR","potentialAction":[{"@type":"ReadAction","target":["https:\/\/fairfaxcryobank.com\/br\/perguntas-frequentes-sobre-armazenamento-de-semen"]}]},{"@type":"BreadcrumbList","@id":"https:\/\/fairfaxcryobank.com\/br\/perguntas-frequentes-sobre-armazenamento-de-semen#breadcrumb","itemListElement":[{"@type":"ListItem","position":1,"name":"Home","item":"https:\/\/fairfaxcryobank.com\/br"},{"@type":"ListItem","position":2,"name":"Perguntas Frequentes Sobre Armazenamento de S\u00eamen"}]},{"@type":"WebSite","@id":"https:\/\/fairfaxcryobank.com\/br#website","url":"https:\/\/fairfaxcryobank.com\/br","name":"Fairfax Cryobank - Find a Sperm Donor","description":"Top-Tier Sperm Bank","publisher":{"@id":"https:\/\/fairfaxcryobank.com\/br#organization"},"potentialAction":[{"@type":"SearchAction","target":{"@type":"EntryPoint","urlTemplate":"https:\/\/fairfaxcryobank.com\/br?s={search_term_string}"},"query-input":{"@type":"PropertyValueSpecification","valueRequired":true,"valueName":"search_term_string"}}],"inLanguage":"pt-BR"},{"@type":"Organization","@id":"https:\/\/fairfaxcryobank.com\/br#organization","name":"Fairfax Cryobank","url":"https:\/\/fairfaxcryobank.com\/br","logo":{"@type":"ImageObject","inLanguage":"pt-BR","@id":"https:\/\/fairfaxcryobank.com\/br#\/schema\/logo\/image\/","url":"https:\/\/fairfaxcryobank.com\/wp-content\/uploads\/logo.webp","contentUrl":"https:\/\/fairfaxcryobank.com\/wp-content\/uploads\/logo.webp","width":1,"height":1,"caption":"Fairfax Cryobank"},"image":{"@id":"https:\/\/fairfaxcryobank.com\/br#\/schema\/logo\/image\/"},"sameAs":["https:\/\/www.facebook.com\/fairfax.cryobank","https:\/\/x.com\/FairfaxCryobank","https:\/\/www.instagram.com\/fairfaxcryobank\/","https:\/\/www.pinterest.com\/fairfaxcryo\/"]}]}},"post_mailing_queue_ids":[],"_links":{"self":[{"href":"https:\/\/fairfaxcryobank.com\/br\/wp-json\/wp\/v2\/pages\/4085","targetHints":{"allow":["GET"]}}],"collection":[{"href":"https:\/\/fairfaxcryobank.com\/br\/wp-json\/wp\/v2\/pages"}],"about":[{"href":"https:\/\/fairfaxcryobank.com\/br\/wp-json\/wp\/v2\/types\/page"}],"author":[{"embeddable":true,"href":"https:\/\/fairfaxcryobank.com\/br\/wp-json\/wp\/v2\/users\/1"}],"replies":[{"embeddable":true,"href":"https:\/\/fairfaxcryobank.com\/br\/wp-json\/wp\/v2\/comments?post=4085"}],"version-history":[{"count":0,"href":"https:\/\/fairfaxcryobank.com\/br\/wp-json\/wp\/v2\/pages\/4085\/revisions"}],"wp:attachment":[{"href":"https:\/\/fairfaxcryobank.com\/br\/wp-json\/wp\/v2\/media?parent=4085"}],"curies":[{"name":"wp","href":"https:\/\/api.w.org\/{rel}","templated":true}]}}