{"id":4089,"date":"2015-05-18T08:56:09","date_gmt":"2015-05-18T08:56:09","guid":{"rendered":"https:\/\/fairfaxcryobank.com\/cmv\/"},"modified":"2021-07-02T12:42:39","modified_gmt":"2021-07-02T16:42:39","slug":"cmv","status":"publish","type":"page","link":"https:\/\/fairfaxcryobank.com\/br\/cmv","title":{"rendered":"Perguntas Frequentes Sobre CMV"},"content":{"rendered":"\n<h2 class=\"wp-block-heading\" id=\"mce_19\"><strong>CMV e Gravidez<\/strong><\/h2>\n\n\n<p>A sua seguran\u00e7a e de seu filho \u00e9 de suma import\u00e2ncia. \u00c9 por isso que reservar um tempo para entender a rela\u00e7\u00e3o entre CMV e gravidez \u00e9 fundamental &#8211; especialmente se voc\u00ea \u00e9 negativo para CMV.<\/p>\n<p>Reunimos abaixo algumas das perguntas mais frequentes sobre o CMV. Leia e, se tiver alguma d\u00favida, entre em contato ou consulte seu m\u00e9dico.<\/p>\n\n\n<h3 class=\"wp-block-heading\"><strong>CMV <\/strong><\/h3>\n\n\n\t<ul class=\"faqs\" >\n\t\t\t<li class=\"faq\" id=\"faq-block_5d11274016437\">\n\t\t\t<div class=\"-question\">O que \u00e9 CMV?<\/div>\n\t\t\t<div class=\"-answer\"><p>O citomegalov\u00edrus, geralmente chamado CMV, \u00e9 um v\u00edrus comum na mesma fam\u00edlia da varicela e herpes labial. Quando infectado, o indiv\u00edduo sofre de sintomas leves de resfriado ou gripe por uma a duas semanas. Alguns indiv\u00edduos infectados n\u00e3o apresentam sintomas detect\u00e1veis. Ap\u00f3s a infec\u00e7\u00e3o, a maioria dos indiv\u00edduos ganha imunidade contra o v\u00edrus.<\/p>\n<p>Entre 50 e 85% dos adultos americanos foram expostos ao CMV, com a maioria dos casos ocorrendo na inf\u00e2ncia &#8211; esses indiv\u00edduos testar\u00e3o positivo para o CMV. Se voc\u00ea testar negativo para CMV, \u00e9 essencial selecionar doadores de s\u00eamen negativos para CMV, pois o CMV pode ser transmitido atrav\u00e9s de fluidos corporais, como s\u00eamen.<\/p>\n<p>Se algu\u00e9m gr\u00e1vida contrai o CMV, o v\u00edrus coloca o feto em risco de problemas m\u00e9dicos graves, incluindo defici\u00eancia intelectual\u00a0surdez e convuls\u00f5es.<\/p>\n<p>Atualmente, n\u00e3o existe vacina\u00e7\u00e3o para o CMV.<\/p>\n<\/div>\n\t\t<\/li>\n\t\t\t<li class=\"faq\" id=\"faq-block_5d11274016437\">\n\t\t\t<div class=\"-question\">Como o CMV se espalha?<\/div>\n\t\t\t<div class=\"-answer\"><p><!-- wp:paragraph --><\/p>\n<p>O CMV se espalha de pessoa para pessoa atrav\u00e9s da exposi\u00e7\u00e3o direta a fluidos corporais, incluindo:<\/p>\n<ul>\n<li>Urina<\/li>\n<li>Saliva<\/li>\n<li>Muco<\/li>\n<li>Secre\u00e7\u00f5es cervicais<\/li>\n<li>Sangue<\/li>\n<li>S\u00eamen<\/li>\n<li>Leite materno<\/li>\n<\/ul>\n<p>As creches s\u00e3o os locais de exposi\u00e7\u00e3o mais comuns para crian\u00e7as. Para adultos, a atividade sexual desprotegida \u00e9 uma causa t\u00edpica de infec\u00e7\u00e3o. Uma m\u00e3e infectada pode transmitir o CMV ao feto atrav\u00e9s da placenta ou secre\u00e7\u00f5es cervicais durante o nascimento.<\/p>\n<p><!-- \/wp:paragraph --><\/p>\n<\/div>\n\t\t<\/li>\n\t\t\t<li class=\"faq\" id=\"faq-block_5d11274016437\">\n\t\t\t<div class=\"-question\">Quais s\u00e3o os sintomas do CMV?<\/div>\n\t\t\t<div class=\"-answer\"><p><!-- wp:paragraph --><\/p>\n<p>Os sintomas do CMV s\u00e3o tipicamente leves, inespec\u00edficos e dif\u00edceis de identificar. Muitos adultos nem percebem que t\u00eam uma infec\u00e7\u00e3o. Sintomas detect\u00e1veis podem incluir:<\/p>\n<ul>\n<li>Linfonodos inchados<\/li>\n<li>Cansa\u00e7o<\/li>\n<li>Nariz escorrendo<\/li>\n<li>Outros sintomas semelhantes aos da gripe<\/li>\n<\/ul>\n<p>Pessoas com sintomas imunol\u00f3gicos comprometidos podem sofrer de sintomas mais graves quando infectadas pelo CMV.<\/p>\n<p><!-- \/wp:paragraph --><\/p>\n<\/div>\n\t\t<\/li>\n\t\t\t<li class=\"faq\" id=\"faq-block_5d11274016437\">\n\t\t\t<div class=\"-question\">Quais s\u00e3o os sintomas de uma infec\u00e7\u00e3o cong\u00eanita por CMV?<\/div>\n\t\t\t<div class=\"-answer\"><p>Se uma mulher com CMV negativo for infectada durante a gravidez, o feto tamb\u00e9m poder\u00e1 ser infectado. Isso \u00e9 conhecido como infec\u00e7\u00e3o cong\u00eanita e ocorre em cerca de um ter\u00e7o dos casos.<\/p>\n<p>Vinte por cento dos beb\u00eas nascidos com infec\u00e7\u00e3o por CMV desenvolvem complica\u00e7\u00f5es nos primeiros anos de vida. Isso pode incluir:<\/p>\n<ul>\n<li>Baixo peso de nascimento<\/li>\n<li>Surdez<\/li>\n<li>Cegueira<\/li>\n<li>Defici\u00eancia intelectual<\/li>\n<li>Cabe\u00e7a pequena<\/li>\n<li>Convuls\u00f5es<\/li>\n<li>Icter\u00edcia<\/li>\n<li>Dentes quebradi\u00e7os<\/li>\n<li>Danos no f\u00edgado ou ba\u00e7o<\/li>\n<\/ul>\n<p>Nenhum beb\u00ea desenvolve todos os sintomas listados acima, e a maioria n\u00e3o possui nenhum sintoma.<\/p>\n<\/div>\n\t\t<\/li>\n\t\t\t<li class=\"faq\" id=\"faq-block_5d11274016437\">\n\t\t\t<div class=\"-question\">Como posso encontrar doadores de s\u00eamen negativos para CMV?<\/div>\n\t\t\t<div class=\"-answer\"><p>Se voc\u00ea testar negativo para o CMV, selecionar doadores de s\u00eamen negativos para o CMV pode reduzir o risco de uma infec\u00e7\u00e3o cong\u00eanita pelo CMV.<\/p>\n<p>Aqui no Fairfax Cryobank, examinamos todos os doadores quanto a anticorpos CMV a cada tr\u00eas meses. Se o doador apresentar um resultado positivo para anticorpos, realizamos testes adicionais para determinar se os resultados representam uma infec\u00e7\u00e3o recente ou mais antiga. Se uma infec\u00e7\u00e3o recente n\u00e3o puder ser descartada, todas as amostras de s\u00eamen ser\u00e3o descartadas.<\/p>\n<\/div>\n\t\t<\/li>\n\t\t\t<li class=\"faq\" id=\"faq-block_5d11274016437\">\n\t\t\t<div class=\"-question\">\u00c9 seguro usar um doador de s\u00eamen positivo para CMV?<\/div>\n\t\t\t<div class=\"-answer\"><p>Seu m\u00e9dico pode ajud\u00e1-lo a decidir se \u00e9 seguro usar ou n\u00e3o um doador de s\u00eamen positivo para o CMV.<\/p>\n<p>Dito isto, voc\u00ea pode ficar tranquilo, sabendo que todos os doadores do Fairfax Cryobank s\u00e3o considerados n\u00e3o-infecciosos. Al\u00e9m disso, nossa pol\u00edtica de quarentena de seis meses garante que todas as amostras de um doador que testam positivo para uma infec\u00e7\u00e3o atual ou recente sejam destru\u00eddas.<\/p>\n<\/div>\n\t\t<\/li>\n\t\t\t<li class=\"faq\" id=\"faq-block_5d11274016437\">\n\t\t\t<div class=\"-question\">Que doador devo usar se for negativo para CMV?<\/div>\n\t\t\t<div class=\"-answer\"><p>Se voc\u00ea testar negativo para CMV, recomendamos o uso de um doador de s\u00eamen negativo para CMV.<\/p>\n<p>Obviamente, voc\u00ea pode usar um doador de s\u00eamen positivo para o CMV, se desejar. A probabilidade de transmitir CMV cong\u00eanito a um feto a partir do s\u00eamen \u00e9 extremamente baixa, embora n\u00e3o nula. Isso \u00e9 algo que voc\u00ea deve discutir com seu m\u00e9dico antes de tomar uma decis\u00e3o.<\/p>\n<\/div>\n\t\t<\/li>\n\t\t\t<li class=\"faq\" id=\"faq-block_5d11274016437\">\n\t\t\t<div class=\"-question\">Qual \u00e9 a diferen\u00e7a entre os testes CMV IgG e IgM?<\/div>\n\t\t\t<div class=\"-answer\"><p><!-- wp:paragraph --><\/p>\n<p>Ao rastrear o CMV, existem dois tipos de teste:<\/p>\n<ul>\n<li>O teste CMV IgG indica exposi\u00e7\u00e3o pr\u00e9via ao CMV<\/li>\n<li>O teste CMV IgM indica uma infec\u00e7\u00e3o recente ou atual por CMV<\/li>\n<\/ul>\n<p>Se o CMV IgM voltar positivo, todas os amostras de s\u00eamen ser\u00e3o destru\u00eddas.<\/p>\n<p><!-- \/wp:paragraph --><\/p>\n<\/div>\n\t\t<\/li>\n\t\t\t<li class=\"faq\" id=\"faq-block_5d11274016437\">\n\t\t\t<div class=\"-question\">Onde posso aprender mais sobre CMV e gravidez?<\/div>\n\t\t\t<div class=\"-answer\"><p>Se voc\u00ea deseja continuar pesquisando sobre CMV e gravidez &#8211; bem como os riscos associados ao uso de doadores de s\u00eamen negativos para CMV &#8211; consulte a ficha t\u00e9cnica do site do CDC aqui.<\/p>\n<\/div>\n\t\t<\/li>\n\t\t<\/ul>\n<script>\nvar faqs = document.querySelectorAll('li.faq');\nfor (var i=0; i<faqs.length; i++) {\n\tfaqs[i].addEventListener('click', function(event) {\n\t\tthis.classList.toggle('-expanded');\n\t});\n}\n<\/script>\n<style>\nul.faqs {\n\tmargin: 0 0 25px; padding: 0;\n}\nul.faqs > li.faq {\n\tmargin: 0 0 10px; padding: 0;\n\tlist-style: none;\n\tbackground: none;\n}\nul.faqs > li.faq.-expanded {\n\tborder: 1px solid #e8e8e8;\n\tbox-shadow: 0 2px 10px rgba(0,0,0,0.1)\n}\nul.faqs > li.faq .-question {\n\tposition: relative;\n\tpadding: 19px 19px 19px 78px;\n\tcolor: #565456;\n\tfont-size: 20px; line-height: 1.2;\n\tbackground: #f1f1f1;\n\tcursor: pointer;\n\ttransition: .3s\n}\nul.faqs > li.faq .-question:hover { color: #1f1f1f; background: #f6f6f6; }\nul.faqs > li.faq .-question:before {\n\tcontent: \"\";\n\tposition: absolute;\n\ttop: 0; bottom: 0; left: 0;\n\twidth:62px;\n\tbackground: linear-gradient(#898989,#898989), linear-gradient(#898989,#898989), #eaeaea;\n\tbackground-position:center;\n\tbackground-size: 20px 2px,2px 20px;\n\tbackground-repeat:no-repeat;\n}\nul.faqs > li.faq .-question:hover:before {\n\tbackground: linear-gradient(#ea6950,#ea6950), linear-gradient(#ea6950,#ea6950), #eaeaea;\n\tbackground-position:center;\n\tbackground-size: 20px 2px,2px 20px;\n\tbackground-repeat:no-repeat;\n}\nul.faqs > li.faq.-expanded .-question,\nul.faqs > li.faq.-expanded .-question:hover { color: #ea6950; background: #f9f9f9; }\nul.faqs > li.faq.-expanded .-question:before,\nul.faqs > li.faq.-expanded .-question:hover:before {\n\tcontent: \"\";\n\tposition: absolute;\n\ttop: 0; bottom: 0; left: 0;\n\twidth:62px;\n\tbackground: linear-gradient(#ffffff,#ffffff), #ea6950;\n\tbackground-position:center;\n\tbackground-size: 20px 2px;\n\tbackground-repeat:no-repeat;\n}\n\nul.faqs > li.faq .-answer {\n\toverflow: hidden;\n\tpadding: 0 0 0 78px;\n\tmax-height: 0;\n\ttransition: 0.2s;\n}\nul.faqs > li.faq .-answer > * { overflow: hidden; max-height: 0; }\nul.faqs > li.faq.-expanded .-answer {\n\tbox-sizing: border-box;\n\tpadding: 19px 19px 19px 78px;\n\tmax-height: 9999px;\n\tcolor: #585858;\n\tfont-size: 16px; line-height: 23px;\n\tbackground: #fff;\n\ttransition: 0.4s;\n}\nul.faqs > li.faq.-expanded .-answer > * { max-height: 9999px;}\n<\/style>\n\n\n<div style=\"height:20px\" aria-hidden=\"true\" class=\"wp-block-spacer\"><\/div>\n\n\n\n<h3 class=\"wp-block-heading\">What is CMV? Infographic<\/h3>\n\n\n\n<div class=\"wp-block-image\"><figure class=\"aligncenter size-large is-resized\"><img loading=\"lazy\" decoding=\"async\" src=\"https:\/\/fairfaxcryobank.com\/wp-content\/uploads\/\/What-is-CMV--410x1024.png\" alt=\"cmv and pregnancy\" class=\"wp-image-15408\" width=\"544\" height=\"1359\" srcset=\"https:\/\/fairfaxcryobank.com\/wp-content\/uploads\/What-is-CMV--410x1024.png 410w, https:\/\/fairfaxcryobank.com\/wp-content\/uploads\/What-is-CMV--120x300.png 120w, https:\/\/fairfaxcryobank.com\/wp-content\/uploads\/What-is-CMV--768x1920.png 768w, https:\/\/fairfaxcryobank.com\/wp-content\/uploads\/What-is-CMV--819x2048.png 819w\" sizes=\"auto, (max-width: 544px) 100vw, 544px\" \/><\/figure><\/div>\n\n\n\n<hr class=\"wp-block-separator\"\/>\n\n\n\n<h3 class=\"wp-block-heading\">Fairfax Cryobank oferece tranq\u00fcilidade<\/h3>\n\n\n\n<p>Nas \u00faltimas tr\u00eas d\u00e9cadas, ajudamos\nmilhares de pessoas a tomar medidas significativas para alcan\u00e7ar seus objetivos\nfamiliares.<\/p>\n\n\n\n<p>Como inovadores e l\u00edderes do setor,\nfornecemos aos nossos valiosos clientes o s\u00eamen mais rigorosamente testado nos\nEstados Unidos. Ap\u00f3s uma s\u00e9rie de exames m\u00e9dicos e outros testes, apenas 1% dos\ndoadores s\u00e3o bem-sucedidos.<\/p>\n\n\n\n<p>Quando voc\u00ea seleciona um doador da\nnossa extensa cole\u00e7\u00e3o, pode ter total tranquilidade. Nos preocupamos com seus\nsonhos em contruir uma fam\u00edlia. E quando as apostas s\u00e3o t\u00e3o altas, n\u00e3o h\u00e1\nespa\u00e7o para erros.<\/p>\n\n\n\n<p>Saiba mais sobre n\u00f3s, nosso processo\nde teste. Ou entre em contato com nossa equipe pelo telefone (11) 5084-2588. Teremos o prazer em\najud\u00e1-la.<\/p>\n","protected":false},"excerpt":{"rendered":"<p>CMV e Gravidez A sua seguran\u00e7a e de seu filho \u00e9 de suma import\u00e2ncia. \u00c9 por isso que reservar um tempo para entender a rela\u00e7\u00e3o entre CMV e gravidez \u00e9 fundamental &#8211; especialmente se voc\u00ea \u00e9 negativo para CMV. Reunimos abaixo algumas das perguntas mais frequentes sobre o CMV. Leia &#8230;<\/p>\n","protected":false},"author":1,"featured_media":15408,"parent":0,"menu_order":0,"comment_status":"closed","ping_status":"closed","template":"","meta":{"footnotes":""},"class_list":["post-4089","page","type-page","status-publish","has-post-thumbnail","hentry"],"yoast_head":"<!-- This site is optimized with the Yoast SEO plugin v27.1.1 - https:\/\/yoast.com\/product\/yoast-seo-wordpress\/ -->\n<title>Perguntas Frequentes Sobre CMV | Fairfax Cryobank<\/title>\n<meta name=\"description\" content=\"For those using a sperm donor to grow a family, it is important to understand CMV. Read up to learn about CMV and pregnancy.\" \/>\n<meta name=\"robots\" content=\"index, follow, max-snippet:-1, max-image-preview:large, max-video-preview:-1\" \/>\n<link rel=\"canonical\" href=\"https:\/\/fairfaxcryobank.com\/br\/cmv\" \/>\n<meta property=\"og:locale\" content=\"pt_BR\" \/>\n<meta property=\"og:type\" content=\"article\" \/>\n<meta property=\"og:title\" content=\"Perguntas Frequentes Sobre CMV | Fairfax Cryobank\" \/>\n<meta property=\"og:description\" content=\"For those using a sperm donor to grow a family, it is important to understand CMV. Read up to learn about CMV and pregnancy.\" \/>\n<meta property=\"og:url\" content=\"https:\/\/fairfaxcryobank.com\/br\/cmv\" \/>\n<meta property=\"og:site_name\" content=\"Fairfax Cryobank - Find a Sperm Donor\" \/>\n<meta property=\"article:publisher\" content=\"https:\/\/www.facebook.com\/fairfax.cryobank\" \/>\n<meta property=\"article:modified_time\" content=\"2021-07-02T16:42:39+00:00\" \/>\n<meta property=\"og:image\" content=\"https:\/\/fairfaxcryobank.com\/wp-content\/uploads\/What-is-CMV-.png\" \/>\n\t<meta property=\"og:image:width\" content=\"2400\" \/>\n\t<meta property=\"og:image:height\" content=\"6000\" \/>\n\t<meta property=\"og:image:type\" content=\"image\/png\" \/>\n<meta name=\"twitter:card\" content=\"summary_large_image\" \/>\n<meta name=\"twitter:site\" content=\"@FairfaxCryobank\" \/>\n<meta name=\"twitter:label1\" content=\"Est. tempo de leitura\" \/>\n\t<meta name=\"twitter:data1\" content=\"1 minuto\" \/>\n<script type=\"application\/ld+json\" class=\"yoast-schema-graph\">{\"@context\":\"https:\/\/schema.org\",\"@graph\":[{\"@type\":\"WebPage\",\"@id\":\"https:\/\/fairfaxcryobank.com\/br\/cmv\",\"url\":\"https:\/\/fairfaxcryobank.com\/br\/cmv\",\"name\":\"Perguntas Frequentes Sobre CMV | Fairfax Cryobank\",\"isPartOf\":{\"@id\":\"https:\/\/fairfaxcryobank.com\/br#website\"},\"primaryImageOfPage\":{\"@id\":\"https:\/\/fairfaxcryobank.com\/br\/cmv#primaryimage\"},\"image\":{\"@id\":\"https:\/\/fairfaxcryobank.com\/br\/cmv#primaryimage\"},\"thumbnailUrl\":\"https:\/\/fairfaxcryobank.com\/wp-content\/uploads\/What-is-CMV-.png\",\"datePublished\":\"2015-05-18T08:56:09+00:00\",\"dateModified\":\"2021-07-02T16:42:39+00:00\",\"description\":\"For those using a sperm donor to grow a family, it is important to understand CMV. Read up to learn about CMV and pregnancy.\",\"breadcrumb\":{\"@id\":\"https:\/\/fairfaxcryobank.com\/br\/cmv#breadcrumb\"},\"inLanguage\":\"pt-BR\",\"potentialAction\":[{\"@type\":\"ReadAction\",\"target\":[\"https:\/\/fairfaxcryobank.com\/br\/cmv\"]}]},{\"@type\":\"ImageObject\",\"inLanguage\":\"pt-BR\",\"@id\":\"https:\/\/fairfaxcryobank.com\/br\/cmv#primaryimage\",\"url\":\"https:\/\/fairfaxcryobank.com\/wp-content\/uploads\/What-is-CMV-.png\",\"contentUrl\":\"https:\/\/fairfaxcryobank.com\/wp-content\/uploads\/What-is-CMV-.png\",\"width\":2400,\"height\":6000,\"caption\":\"cmv and pregnancy\"},{\"@type\":\"BreadcrumbList\",\"@id\":\"https:\/\/fairfaxcryobank.com\/br\/cmv#breadcrumb\",\"itemListElement\":[{\"@type\":\"ListItem\",\"position\":1,\"name\":\"Home\",\"item\":\"https:\/\/fairfaxcryobank.com\/br\"},{\"@type\":\"ListItem\",\"position\":2,\"name\":\"Perguntas Frequentes Sobre CMV\"}]},{\"@type\":\"WebSite\",\"@id\":\"https:\/\/fairfaxcryobank.com\/br#website\",\"url\":\"https:\/\/fairfaxcryobank.com\/br\",\"name\":\"Fairfax Cryobank - Find a Sperm Donor\",\"description\":\"Top-Tier Sperm Bank\",\"publisher\":{\"@id\":\"https:\/\/fairfaxcryobank.com\/br#organization\"},\"potentialAction\":[{\"@type\":\"SearchAction\",\"target\":{\"@type\":\"EntryPoint\",\"urlTemplate\":\"https:\/\/fairfaxcryobank.com\/br?s={search_term_string}\"},\"query-input\":{\"@type\":\"PropertyValueSpecification\",\"valueRequired\":true,\"valueName\":\"search_term_string\"}}],\"inLanguage\":\"pt-BR\"},{\"@type\":\"Organization\",\"@id\":\"https:\/\/fairfaxcryobank.com\/br#organization\",\"name\":\"Fairfax Cryobank\",\"url\":\"https:\/\/fairfaxcryobank.com\/br\",\"logo\":{\"@type\":\"ImageObject\",\"inLanguage\":\"pt-BR\",\"@id\":\"https:\/\/fairfaxcryobank.com\/br#\/schema\/logo\/image\/\",\"url\":\"https:\/\/fairfaxcryobank.com\/wp-content\/uploads\/logo.webp\",\"contentUrl\":\"https:\/\/fairfaxcryobank.com\/wp-content\/uploads\/logo.webp\",\"width\":1,\"height\":1,\"caption\":\"Fairfax Cryobank\"},\"image\":{\"@id\":\"https:\/\/fairfaxcryobank.com\/br#\/schema\/logo\/image\/\"},\"sameAs\":[\"https:\/\/www.facebook.com\/fairfax.cryobank\",\"https:\/\/x.com\/FairfaxCryobank\",\"https:\/\/www.instagram.com\/fairfaxcryobank\/\",\"https:\/\/www.pinterest.com\/fairfaxcryo\/\"]}]}<\/script>\n<!-- \/ Yoast SEO plugin. -->","yoast_head_json":{"title":"Perguntas Frequentes Sobre CMV | Fairfax Cryobank","description":"For those using a sperm donor to grow a family, it is important to understand CMV. Read up to learn about CMV and pregnancy.","robots":{"index":"index","follow":"follow","max-snippet":"max-snippet:-1","max-image-preview":"max-image-preview:large","max-video-preview":"max-video-preview:-1"},"canonical":"https:\/\/fairfaxcryobank.com\/br\/cmv","og_locale":"pt_BR","og_type":"article","og_title":"Perguntas Frequentes Sobre CMV | Fairfax Cryobank","og_description":"For those using a sperm donor to grow a family, it is important to understand CMV. Read up to learn about CMV and pregnancy.","og_url":"https:\/\/fairfaxcryobank.com\/br\/cmv","og_site_name":"Fairfax Cryobank - Find a Sperm Donor","article_publisher":"https:\/\/www.facebook.com\/fairfax.cryobank","article_modified_time":"2021-07-02T16:42:39+00:00","og_image":[{"width":2400,"height":6000,"url":"https:\/\/fairfaxcryobank.com\/wp-content\/uploads\/What-is-CMV-.png","type":"image\/png"}],"twitter_card":"summary_large_image","twitter_site":"@FairfaxCryobank","twitter_misc":{"Est. tempo de leitura":"1 minuto"},"schema":{"@context":"https:\/\/schema.org","@graph":[{"@type":"WebPage","@id":"https:\/\/fairfaxcryobank.com\/br\/cmv","url":"https:\/\/fairfaxcryobank.com\/br\/cmv","name":"Perguntas Frequentes Sobre CMV | Fairfax Cryobank","isPartOf":{"@id":"https:\/\/fairfaxcryobank.com\/br#website"},"primaryImageOfPage":{"@id":"https:\/\/fairfaxcryobank.com\/br\/cmv#primaryimage"},"image":{"@id":"https:\/\/fairfaxcryobank.com\/br\/cmv#primaryimage"},"thumbnailUrl":"https:\/\/fairfaxcryobank.com\/wp-content\/uploads\/What-is-CMV-.png","datePublished":"2015-05-18T08:56:09+00:00","dateModified":"2021-07-02T16:42:39+00:00","description":"For those using a sperm donor to grow a family, it is important to understand CMV. Read up to learn about CMV and pregnancy.","breadcrumb":{"@id":"https:\/\/fairfaxcryobank.com\/br\/cmv#breadcrumb"},"inLanguage":"pt-BR","potentialAction":[{"@type":"ReadAction","target":["https:\/\/fairfaxcryobank.com\/br\/cmv"]}]},{"@type":"ImageObject","inLanguage":"pt-BR","@id":"https:\/\/fairfaxcryobank.com\/br\/cmv#primaryimage","url":"https:\/\/fairfaxcryobank.com\/wp-content\/uploads\/What-is-CMV-.png","contentUrl":"https:\/\/fairfaxcryobank.com\/wp-content\/uploads\/What-is-CMV-.png","width":2400,"height":6000,"caption":"cmv and pregnancy"},{"@type":"BreadcrumbList","@id":"https:\/\/fairfaxcryobank.com\/br\/cmv#breadcrumb","itemListElement":[{"@type":"ListItem","position":1,"name":"Home","item":"https:\/\/fairfaxcryobank.com\/br"},{"@type":"ListItem","position":2,"name":"Perguntas Frequentes Sobre CMV"}]},{"@type":"WebSite","@id":"https:\/\/fairfaxcryobank.com\/br#website","url":"https:\/\/fairfaxcryobank.com\/br","name":"Fairfax Cryobank - Find a Sperm Donor","description":"Top-Tier Sperm Bank","publisher":{"@id":"https:\/\/fairfaxcryobank.com\/br#organization"},"potentialAction":[{"@type":"SearchAction","target":{"@type":"EntryPoint","urlTemplate":"https:\/\/fairfaxcryobank.com\/br?s={search_term_string}"},"query-input":{"@type":"PropertyValueSpecification","valueRequired":true,"valueName":"search_term_string"}}],"inLanguage":"pt-BR"},{"@type":"Organization","@id":"https:\/\/fairfaxcryobank.com\/br#organization","name":"Fairfax Cryobank","url":"https:\/\/fairfaxcryobank.com\/br","logo":{"@type":"ImageObject","inLanguage":"pt-BR","@id":"https:\/\/fairfaxcryobank.com\/br#\/schema\/logo\/image\/","url":"https:\/\/fairfaxcryobank.com\/wp-content\/uploads\/logo.webp","contentUrl":"https:\/\/fairfaxcryobank.com\/wp-content\/uploads\/logo.webp","width":1,"height":1,"caption":"Fairfax Cryobank"},"image":{"@id":"https:\/\/fairfaxcryobank.com\/br#\/schema\/logo\/image\/"},"sameAs":["https:\/\/www.facebook.com\/fairfax.cryobank","https:\/\/x.com\/FairfaxCryobank","https:\/\/www.instagram.com\/fairfaxcryobank\/","https:\/\/www.pinterest.com\/fairfaxcryo\/"]}]}},"post_mailing_queue_ids":[],"_links":{"self":[{"href":"https:\/\/fairfaxcryobank.com\/br\/wp-json\/wp\/v2\/pages\/4089","targetHints":{"allow":["GET"]}}],"collection":[{"href":"https:\/\/fairfaxcryobank.com\/br\/wp-json\/wp\/v2\/pages"}],"about":[{"href":"https:\/\/fairfaxcryobank.com\/br\/wp-json\/wp\/v2\/types\/page"}],"author":[{"embeddable":true,"href":"https:\/\/fairfaxcryobank.com\/br\/wp-json\/wp\/v2\/users\/1"}],"replies":[{"embeddable":true,"href":"https:\/\/fairfaxcryobank.com\/br\/wp-json\/wp\/v2\/comments?post=4089"}],"version-history":[{"count":2,"href":"https:\/\/fairfaxcryobank.com\/br\/wp-json\/wp\/v2\/pages\/4089\/revisions"}],"predecessor-version":[{"id":17338,"href":"https:\/\/fairfaxcryobank.com\/br\/wp-json\/wp\/v2\/pages\/4089\/revisions\/17338"}],"wp:featuredmedia":[{"embeddable":true,"href":"https:\/\/fairfaxcryobank.com\/br\/wp-json\/wp\/v2\/media\/15408"}],"wp:attachment":[{"href":"https:\/\/fairfaxcryobank.com\/br\/wp-json\/wp\/v2\/media?parent=4089"}],"curies":[{"name":"wp","href":"https:\/\/api.w.org\/{rel}","templated":true}]}}