{"id":4092,"date":"2015-10-23T13:14:57","date_gmt":"2015-10-23T13:14:57","guid":{"rendered":"https:\/\/fairfaxcryobank.com\/hpv-faqs\/"},"modified":"2019-11-21T16:07:23","modified_gmt":"2019-11-21T16:07:23","slug":"perguntas-frequentes-sobre-teste-do-hpv","status":"publish","type":"page","link":"https:\/\/fairfaxcryobank.com\/br\/perguntas-frequentes-sobre-teste-do-hpv","title":{"rendered":"Perguntas Frequentes Sobre Teste do HPV"},"content":{"rendered":"\t<ul class=\"faqs\" >\n\t\t\t<li class=\"faq\" id=\"faq-block_5d13d515524bb\">\n\t\t\t<div class=\"-question\">O que o Fairfax Cryobank est\u00e1 fazendo para a detec\u00e7\u00e3o do HPV?<\/div>\n\t\t\t<div class=\"-answer\"><p>O Fairfax Cryobank rastreia os doadores de HPV por hist\u00f3rico m\u00e9dico e exame f\u00edsico, atendendo ao padr\u00e3o da FDA. Al\u00e9m disso, excedemos o padr\u00e3o, tendo adicionado testes baseados em DNA de s\u00eamen de doadores em 2001. Estamos procurando as duas cepas de HPV mais frequentemente associadas ao c\u00e2ncer do colo do \u00fatero.<\/p>\n<\/div>\n\t\t<\/li>\n\t\t\t<li class=\"faq\" id=\"faq-block_5d13d515524bb\">\n\t\t\t<div class=\"-question\">Qual \u00e9 a evid\u00eancia m\u00e9dica que apoia esse teste adicional?<\/div>\n\t\t\t<div class=\"-answer\"><p>Citamos um estudo (Human Papillovirus DNA detection in Sperm Polymerase Chain Reaction, Obstet Gynecol 2001; 97: 357-60) que conclui: \u201cO HPV est\u00e1 presente nos espermatozoides de indiv\u00edduos infectados e aparentemente saud\u00e1veis, e a lavagem de espermatozoides n\u00e3o elimina o risco de transmiss\u00e3o do HPV para os receptores. Sugerimos que o teste de DNA do HPV seja realizado no s\u00eamen de poss\u00edveis doadores, e aqueles com testes positivos devem ser exclu\u00eddos da doa\u00e7\u00e3o. \u201d<\/p>\n<\/div>\n\t\t<\/li>\n\t\t\t<li class=\"faq\" id=\"faq-block_5d13d515524bb\">\n\t\t\t<div class=\"-question\">Por que a Fairfax est\u00e1 fazendo mais do que o exigido pelo FDA?<\/div>\n\t\t\t<div class=\"-answer\"><p>Nossa vis\u00e3o \u00e9 de que as hist\u00f3ricos m\u00e9dicos e os exames f\u00edsicos auto-relatados s\u00e3o insuficientes para rastrear o HPV e que um teste baseado em DNA fornece um n\u00edvel adicional de seguran\u00e7a ao s\u00eamen de doador. No Fairfax Cryobank, acreditamos que todos os espermatozoides de doadores devem ser rastreados quanto ao HPV e testados quanto \u00e0s cepas mais prevalentes de HPV que causam c\u00e2ncer cervical. A literatura m\u00e9dica apoia nossa posi\u00e7\u00e3o.<\/p>\n<\/div>\n\t\t<\/li>\n\t\t\t<li class=\"faq\" id=\"faq-block_5d13d515524bb\">\n\t\t\t<div class=\"-question\">Como \u00e9 realizado o teste do HPV nos doadores?<\/div>\n\t\t\t<div class=\"-answer\"><p>Testamos o s\u00eamen de nossos doadores quanto ao HPV no momento em que est\u00e3o sendo testados quanto \u00e0 elegibilidade inicial do doador e, posteriormente, a cada tr\u00eas meses enquanto doam. Ao testar amostras de s\u00eamen em intervalos de 3 meses, aumentamos as chances de detectar a presen\u00e7a de HPV mais cedo do que atrav\u00e9s dos m\u00e9todos de detec\u00e7\u00e3o visual normalmente realizados durante um exame f\u00edsico de rotina, realizado a intervalos de 6 meses na maioria das opera\u00e7\u00f5es de banco de tecidos.<\/p>\n<\/div>\n\t\t<\/li>\n\t\t\t<li class=\"faq\" id=\"faq-block_5d13d515524bb\">\n\t\t\t<div class=\"-question\">O laborat\u00f3rio est\u00e1 realizando o teste de DNA do HPV com esse tipo de teste?<\/div>\n\t\t\t<div class=\"-answer\"><p>O protocolo e a valida\u00e7\u00e3o de nossos testes de HPV foram desenvolvidos no Laborat\u00f3rio de Doen\u00e7as Infecciosas Moleculares (MIDL) do Genetics &amp; IVF Institute (GIVF). O MIDL foi criado em 1998 e \u00e9 um laborat\u00f3rio de ponta certificado pela CLIA, dedicado ao diagn\u00f3stico de doen\u00e7as infecciosas usando m\u00e9todos de amplifica\u00e7\u00e3o por PCR (DNA) de alta sensibilidade. Todos os protocolos internos atualmente em uso devem passar por um processo de valida\u00e7\u00e3o de v\u00e1rias partes. Antes de oferecer o teste do HPV em 2001, foram realizados aproximadamente 10.000 ensaios.<\/p>\n<p>Al\u00e9m de apoiar as atividades de v\u00e1rias divis\u00f5es da GIVF, das quais a Fairfax Cryobank \u00e9 uma, a MIDL fornece testes de alta prioridade para unidades de pr\u00e9-natal e neonatal para hospitais no metr\u00f4 de Washington, D.C. O MIDL \u00e9 dirigido por Brian D. Mariani, Ph.D., com 25 anos de experi\u00eancia em gen\u00e9tica molecular, microbiologia e biotecnologia. Treinado nas universidades de Stanford e Harvard, o Dr. Mariani aplicou sua experi\u00eancia no MIDL ao projeto de ensaios de detec\u00e7\u00e3o gen\u00e9tica baseados em mol\u00e9culas para uma variedade de microorganismos infecciosos de diversos tipos de amostras cl\u00ednicas.<\/p>\n<p>A precis\u00e3o do teste foi validada por ag\u00eancias externas?<\/p>\n<p>O Laborat\u00f3rio de Doen\u00e7as Infecciosas Moleculares (MIDL) do Instituto de Gen\u00e9tica e FIV realiza ensaios internos validados sob a certifica\u00e7\u00e3o CLIA (# 49D0952503) de acordo com todas as diretrizes estabelecidas. O diretor do laborat\u00f3rio est\u00e1 qualificado para Virologia Molecular sob as diretrizes do Departamento de Sa\u00fade do Estado de Nova York. O laborat\u00f3rio participa do programa de pesquisa de amplifica\u00e7\u00e3o de \u00e1cidos nucleicos do College of American Pathology (incluindo detec\u00e7\u00e3o de HPV) e mant\u00e9m uma pontua\u00e7\u00e3o de precis\u00e3o de 100%.<\/p>\n<\/div>\n\t\t<\/li>\n\t\t\t<li class=\"faq\" id=\"faq-block_5d13d515524bb\">\n\t\t\t<div class=\"-question\">Por que nem todos os bancos de s\u00eamen oferecem esse teste?<\/div>\n\t\t\t<div class=\"-answer\"><p>\u00c9 caro e requer um relacionamento com um laborat\u00f3rio sofisticado de doen\u00e7as infecciosas que possui experi\u00eancia com testes de s\u00eamen. O Fairfax Cryobank se beneficiou enormemente de nosso relacionamento com o Genetics &amp; IVF Institute, nossa empresa controladora. Desde a nossa cria\u00e7\u00e3o como banco de s\u00eamen, sempre estivemos na vanguarda de testes gen\u00e9ticos dos nossos doadores.<\/p>\n<\/div>\n\t\t<\/li>\n\t\t<\/ul>\n<script>\nvar faqs = document.querySelectorAll('li.faq');\nfor (var i=0; i<faqs.length; i++) {\n\tfaqs[i].addEventListener('click', function(event) {\n\t\tthis.classList.toggle('-expanded');\n\t});\n}\n<\/script>\n<style>\nul.faqs {\n\tmargin: 0 0 25px; padding: 0;\n}\nul.faqs > li.faq {\n\tmargin: 0 0 10px; padding: 0;\n\tlist-style: none;\n\tbackground: none;\n}\nul.faqs > li.faq.-expanded {\n\tborder: 1px solid #e8e8e8;\n\tbox-shadow: 0 2px 10px rgba(0,0,0,0.1)\n}\nul.faqs > li.faq .-question {\n\tposition: relative;\n\tpadding: 19px 19px 19px 78px;\n\tcolor: #565456;\n\tfont-size: 20px; line-height: 1.2;\n\tbackground: #f1f1f1;\n\tcursor: pointer;\n\ttransition: .3s\n}\nul.faqs > li.faq .-question:hover { color: #1f1f1f; background: #f6f6f6; }\nul.faqs > li.faq .-question:before {\n\tcontent: \"\";\n\tposition: absolute;\n\ttop: 0; bottom: 0; left: 0;\n\twidth:62px;\n\tbackground: linear-gradient(#898989,#898989), linear-gradient(#898989,#898989), #eaeaea;\n\tbackground-position:center;\n\tbackground-size: 20px 2px,2px 20px;\n\tbackground-repeat:no-repeat;\n}\nul.faqs > li.faq .-question:hover:before {\n\tbackground: linear-gradient(#ea6950,#ea6950), linear-gradient(#ea6950,#ea6950), #eaeaea;\n\tbackground-position:center;\n\tbackground-size: 20px 2px,2px 20px;\n\tbackground-repeat:no-repeat;\n}\nul.faqs > li.faq.-expanded .-question,\nul.faqs > li.faq.-expanded .-question:hover { color: #ea6950; background: #f9f9f9; }\nul.faqs > li.faq.-expanded .-question:before,\nul.faqs > li.faq.-expanded .-question:hover:before {\n\tcontent: \"\";\n\tposition: absolute;\n\ttop: 0; bottom: 0; left: 0;\n\twidth:62px;\n\tbackground: linear-gradient(#ffffff,#ffffff), #ea6950;\n\tbackground-position:center;\n\tbackground-size: 20px 2px;\n\tbackground-repeat:no-repeat;\n}\n\nul.faqs > li.faq .-answer {\n\toverflow: hidden;\n\tpadding: 0 0 0 78px;\n\tmax-height: 0;\n\ttransition: 0.2s;\n}\nul.faqs > li.faq .-answer > * { overflow: hidden; max-height: 0; }\nul.faqs > li.faq.-expanded .-answer {\n\tbox-sizing: border-box;\n\tpadding: 19px 19px 19px 78px;\n\tmax-height: 9999px;\n\tcolor: #585858;\n\tfont-size: 16px; line-height: 23px;\n\tbackground: #fff;\n\ttransition: 0.4s;\n}\nul.faqs > li.faq.-expanded .-answer > * { max-height: 9999px;}\n<\/style>","protected":false},"excerpt":{"rendered":"","protected":false},"author":1,"featured_media":0,"parent":0,"menu_order":0,"comment_status":"closed","ping_status":"closed","template":"","meta":{"footnotes":""},"class_list":["post-4092","page","type-page","status-publish","hentry"],"yoast_head":"<!-- This site is optimized with the Yoast SEO plugin v27.1.1 - https:\/\/yoast.com\/product\/yoast-seo-wordpress\/ -->\n<title>Perguntas Frequentes Sobre Teste do HPV | Fairfax Cryobank<\/title>\n<meta name=\"description\" content=\"Perguntas Frequentes Sobre Teste do HPV\" \/>\n<meta name=\"robots\" content=\"index, follow, max-snippet:-1, max-image-preview:large, max-video-preview:-1\" \/>\n<link rel=\"canonical\" href=\"https:\/\/fairfaxcryobank.com\/br\/perguntas-frequentes-sobre-teste-do-hpv\" \/>\n<meta property=\"og:locale\" content=\"pt_BR\" \/>\n<meta property=\"og:type\" content=\"article\" \/>\n<meta property=\"og:title\" content=\"Perguntas Frequentes Sobre Teste do HPV | Fairfax Cryobank\" \/>\n<meta property=\"og:description\" content=\"Perguntas Frequentes Sobre Teste do HPV\" \/>\n<meta property=\"og:url\" content=\"https:\/\/fairfaxcryobank.com\/br\/perguntas-frequentes-sobre-teste-do-hpv\" \/>\n<meta property=\"og:site_name\" content=\"Fairfax Cryobank - Find a Sperm Donor\" \/>\n<meta property=\"article:publisher\" content=\"https:\/\/www.facebook.com\/fairfax.cryobank\" \/>\n<meta property=\"article:modified_time\" content=\"2019-11-21T16:07:23+00:00\" \/>\n<meta name=\"twitter:card\" content=\"summary_large_image\" \/>\n<meta name=\"twitter:site\" content=\"@FairfaxCryobank\" \/>\n<script type=\"application\/ld+json\" class=\"yoast-schema-graph\">{\"@context\":\"https:\/\/schema.org\",\"@graph\":[{\"@type\":\"WebPage\",\"@id\":\"https:\/\/fairfaxcryobank.com\/br\/perguntas-frequentes-sobre-teste-do-hpv\",\"url\":\"https:\/\/fairfaxcryobank.com\/br\/perguntas-frequentes-sobre-teste-do-hpv\",\"name\":\"Perguntas Frequentes Sobre Teste do HPV | Fairfax Cryobank\",\"isPartOf\":{\"@id\":\"https:\/\/fairfaxcryobank.com\/br#website\"},\"datePublished\":\"2015-10-23T13:14:57+00:00\",\"dateModified\":\"2019-11-21T16:07:23+00:00\",\"description\":\"Perguntas Frequentes Sobre Teste do HPV\",\"breadcrumb\":{\"@id\":\"https:\/\/fairfaxcryobank.com\/br\/perguntas-frequentes-sobre-teste-do-hpv#breadcrumb\"},\"inLanguage\":\"pt-BR\",\"potentialAction\":[{\"@type\":\"ReadAction\",\"target\":[\"https:\/\/fairfaxcryobank.com\/br\/perguntas-frequentes-sobre-teste-do-hpv\"]}]},{\"@type\":\"BreadcrumbList\",\"@id\":\"https:\/\/fairfaxcryobank.com\/br\/perguntas-frequentes-sobre-teste-do-hpv#breadcrumb\",\"itemListElement\":[{\"@type\":\"ListItem\",\"position\":1,\"name\":\"Home\",\"item\":\"https:\/\/fairfaxcryobank.com\/br\"},{\"@type\":\"ListItem\",\"position\":2,\"name\":\"Perguntas Frequentes Sobre Teste do HPV\"}]},{\"@type\":\"WebSite\",\"@id\":\"https:\/\/fairfaxcryobank.com\/br#website\",\"url\":\"https:\/\/fairfaxcryobank.com\/br\",\"name\":\"Fairfax Cryobank - Find a Sperm Donor\",\"description\":\"Top-Tier Sperm Bank\",\"publisher\":{\"@id\":\"https:\/\/fairfaxcryobank.com\/br#organization\"},\"potentialAction\":[{\"@type\":\"SearchAction\",\"target\":{\"@type\":\"EntryPoint\",\"urlTemplate\":\"https:\/\/fairfaxcryobank.com\/br?s={search_term_string}\"},\"query-input\":{\"@type\":\"PropertyValueSpecification\",\"valueRequired\":true,\"valueName\":\"search_term_string\"}}],\"inLanguage\":\"pt-BR\"},{\"@type\":\"Organization\",\"@id\":\"https:\/\/fairfaxcryobank.com\/br#organization\",\"name\":\"Fairfax Cryobank\",\"url\":\"https:\/\/fairfaxcryobank.com\/br\",\"logo\":{\"@type\":\"ImageObject\",\"inLanguage\":\"pt-BR\",\"@id\":\"https:\/\/fairfaxcryobank.com\/br#\/schema\/logo\/image\/\",\"url\":\"https:\/\/fairfaxcryobank.com\/wp-content\/uploads\/logo.webp\",\"contentUrl\":\"https:\/\/fairfaxcryobank.com\/wp-content\/uploads\/logo.webp\",\"width\":1,\"height\":1,\"caption\":\"Fairfax Cryobank\"},\"image\":{\"@id\":\"https:\/\/fairfaxcryobank.com\/br#\/schema\/logo\/image\/\"},\"sameAs\":[\"https:\/\/www.facebook.com\/fairfax.cryobank\",\"https:\/\/x.com\/FairfaxCryobank\",\"https:\/\/www.instagram.com\/fairfaxcryobank\/\",\"https:\/\/www.pinterest.com\/fairfaxcryo\/\"]}]}<\/script>\n<!-- \/ Yoast SEO plugin. -->","yoast_head_json":{"title":"Perguntas Frequentes Sobre Teste do HPV | Fairfax Cryobank","description":"Perguntas Frequentes Sobre Teste do HPV","robots":{"index":"index","follow":"follow","max-snippet":"max-snippet:-1","max-image-preview":"max-image-preview:large","max-video-preview":"max-video-preview:-1"},"canonical":"https:\/\/fairfaxcryobank.com\/br\/perguntas-frequentes-sobre-teste-do-hpv","og_locale":"pt_BR","og_type":"article","og_title":"Perguntas Frequentes Sobre Teste do HPV | Fairfax Cryobank","og_description":"Perguntas Frequentes Sobre Teste do HPV","og_url":"https:\/\/fairfaxcryobank.com\/br\/perguntas-frequentes-sobre-teste-do-hpv","og_site_name":"Fairfax Cryobank - Find a Sperm Donor","article_publisher":"https:\/\/www.facebook.com\/fairfax.cryobank","article_modified_time":"2019-11-21T16:07:23+00:00","twitter_card":"summary_large_image","twitter_site":"@FairfaxCryobank","schema":{"@context":"https:\/\/schema.org","@graph":[{"@type":"WebPage","@id":"https:\/\/fairfaxcryobank.com\/br\/perguntas-frequentes-sobre-teste-do-hpv","url":"https:\/\/fairfaxcryobank.com\/br\/perguntas-frequentes-sobre-teste-do-hpv","name":"Perguntas Frequentes Sobre Teste do HPV | Fairfax Cryobank","isPartOf":{"@id":"https:\/\/fairfaxcryobank.com\/br#website"},"datePublished":"2015-10-23T13:14:57+00:00","dateModified":"2019-11-21T16:07:23+00:00","description":"Perguntas Frequentes Sobre Teste do HPV","breadcrumb":{"@id":"https:\/\/fairfaxcryobank.com\/br\/perguntas-frequentes-sobre-teste-do-hpv#breadcrumb"},"inLanguage":"pt-BR","potentialAction":[{"@type":"ReadAction","target":["https:\/\/fairfaxcryobank.com\/br\/perguntas-frequentes-sobre-teste-do-hpv"]}]},{"@type":"BreadcrumbList","@id":"https:\/\/fairfaxcryobank.com\/br\/perguntas-frequentes-sobre-teste-do-hpv#breadcrumb","itemListElement":[{"@type":"ListItem","position":1,"name":"Home","item":"https:\/\/fairfaxcryobank.com\/br"},{"@type":"ListItem","position":2,"name":"Perguntas Frequentes Sobre Teste do HPV"}]},{"@type":"WebSite","@id":"https:\/\/fairfaxcryobank.com\/br#website","url":"https:\/\/fairfaxcryobank.com\/br","name":"Fairfax Cryobank - Find a Sperm Donor","description":"Top-Tier Sperm Bank","publisher":{"@id":"https:\/\/fairfaxcryobank.com\/br#organization"},"potentialAction":[{"@type":"SearchAction","target":{"@type":"EntryPoint","urlTemplate":"https:\/\/fairfaxcryobank.com\/br?s={search_term_string}"},"query-input":{"@type":"PropertyValueSpecification","valueRequired":true,"valueName":"search_term_string"}}],"inLanguage":"pt-BR"},{"@type":"Organization","@id":"https:\/\/fairfaxcryobank.com\/br#organization","name":"Fairfax Cryobank","url":"https:\/\/fairfaxcryobank.com\/br","logo":{"@type":"ImageObject","inLanguage":"pt-BR","@id":"https:\/\/fairfaxcryobank.com\/br#\/schema\/logo\/image\/","url":"https:\/\/fairfaxcryobank.com\/wp-content\/uploads\/logo.webp","contentUrl":"https:\/\/fairfaxcryobank.com\/wp-content\/uploads\/logo.webp","width":1,"height":1,"caption":"Fairfax Cryobank"},"image":{"@id":"https:\/\/fairfaxcryobank.com\/br#\/schema\/logo\/image\/"},"sameAs":["https:\/\/www.facebook.com\/fairfax.cryobank","https:\/\/x.com\/FairfaxCryobank","https:\/\/www.instagram.com\/fairfaxcryobank\/","https:\/\/www.pinterest.com\/fairfaxcryo\/"]}]}},"post_mailing_queue_ids":[],"_links":{"self":[{"href":"https:\/\/fairfaxcryobank.com\/br\/wp-json\/wp\/v2\/pages\/4092","targetHints":{"allow":["GET"]}}],"collection":[{"href":"https:\/\/fairfaxcryobank.com\/br\/wp-json\/wp\/v2\/pages"}],"about":[{"href":"https:\/\/fairfaxcryobank.com\/br\/wp-json\/wp\/v2\/types\/page"}],"author":[{"embeddable":true,"href":"https:\/\/fairfaxcryobank.com\/br\/wp-json\/wp\/v2\/users\/1"}],"replies":[{"embeddable":true,"href":"https:\/\/fairfaxcryobank.com\/br\/wp-json\/wp\/v2\/comments?post=4092"}],"version-history":[{"count":0,"href":"https:\/\/fairfaxcryobank.com\/br\/wp-json\/wp\/v2\/pages\/4092\/revisions"}],"wp:attachment":[{"href":"https:\/\/fairfaxcryobank.com\/br\/wp-json\/wp\/v2\/media?parent=4092"}],"curies":[{"name":"wp","href":"https:\/\/api.w.org\/{rel}","templated":true}]}}