{"id":4108,"date":"2015-05-15T07:04:30","date_gmt":"2015-05-15T07:04:30","guid":{"rendered":"https:\/\/fairfaxcryobank.com\/ordering-shipping-faqs\/"},"modified":"2022-02-17T13:41:15","modified_gmt":"2022-02-17T18:41:15","slug":"perguntas-frequentes-sobre-pedidos-e-envios","status":"publish","type":"page","link":"https:\/\/fairfaxcryobank.com\/br\/perguntas-frequentes-sobre-pedidos-e-envios","title":{"rendered":"Ordering &amp; Shipping FAQs"},"content":{"rendered":"\t<ul class=\"faqs\" >\n\t\t\t<li class=\"faq\" id=\"faq-block_5d10ee40f5323\">\n\t\t\t<div class=\"-question\">Preciso fazer um pedido de s\u00eamen de doador &#8211; fa\u00e7o o pedido com voc\u00ea ou entro em contato com meu m\u00e9dico?<\/div>\n\t\t\t<div class=\"-answer\"><p>Depende se o seu m\u00e9dico \/ profissional licenciado configurou sua conta no Fairfax Cryobank com a prefer\u00eancia de faturamento diretamente com paciente ou com a sua cl\u00ednica. Geralmente s\u00e3o os pacientes que entram em contato conosco. O seu m\u00e9dico deve lhe informar como eles desejam que voc\u00ea fa\u00e7a seu pedido. Se o faturamento for direto com o paciente, entre em contato conosco diretamente ligando para o Atendimento ao cliente. Se o faturamento for direto com a cl\u00ednica, algu\u00e9m do consult\u00f3rio far\u00e1 o pedido.<\/p>\n<\/div>\n\t\t<\/li>\n\t\t\t<li class=\"faq\" id=\"faq-block_5d10ee40f5323\">\n\t\t\t<div class=\"-question\">Quando preciso fazer meu pedido?<\/div>\n\t\t\t<div class=\"-answer\"><p>Recomendamos que voc\u00ea fa\u00e7a o pedido assim que souber a data em que seu m\u00e9dico deseja que as amostras sejam entregues para garantir a disponibilidade dos doadores;<\/p>\n<\/div>\n\t\t<\/li>\n\t\t\t<li class=\"faq\" id=\"faq-block_5d10ee40f5323\">\n\t\t\t<div class=\"-question\">Que tipo de prepara\u00e7\u00e3o de s\u00eamen eu preciso?<\/div>\n\t\t\t<div class=\"-answer\"><p>Isso depende do tipo de procedimento a que voc\u00ea ser\u00e1 submetida (insemina\u00e7\u00e3o artificial, fertiliza\u00e7\u00e3o in vitro (FIV) com ou sem inje\u00e7\u00e3o intracitoplasm\u00e1tica de espermatozoide (ICSI)) e o que seu profissional de sa\u00fade prefere. Nossas amostras preparadas para IUI (lavado) e ICI (padr\u00e3o) podem ser usadas para insemina\u00e7\u00e3o artificial. Nossas amostras de IUI foram lavadas para remover o plasma seminal e est\u00e3o prontas para uma insemina\u00e7\u00e3o intra-uterina. Nossas amostras de ICI podem ser usadas para uma insemina\u00e7\u00e3o intracervical ou podem ser preparadas no consult\u00f3rio do seu m\u00e9dico para uma insemina\u00e7\u00e3o intra-uterina. As amostras IVF e ART, al\u00e9m das IUI e ICI podem ser usadas para fertiliza\u00e7\u00e3o in vitro e inje\u00e7\u00e3o intracitoplasm\u00e1tica de espermatozoide. Antes de fazer seu pedido, \u00e9 melhor confirmar com seu m\u00e9dico sobre qual tratamento ser\u00e1 submetida.<\/p>\n<\/div>\n\t\t<\/li>\n\t\t\t<li class=\"faq\" id=\"faq-block_5d10ee40f5323\">\n\t\t\t<div class=\"-question\">Quantos amostras de s\u00eamen eu preciso pedir?<\/div>\n\t\t\t<div class=\"-answer\"><p>Normalmente, 1-2 frascos s\u00e3o usados por procedimento ou ciclo. No entanto, \u00e9 melhor consultar seu m\u00e9dico, pois o n\u00famero que voc\u00ea precisa pode variar. Voc\u00ea pode adquirir v\u00e1rias unidades para futuros ciclos ou constru\u00e7\u00e3o de fam\u00edlia e armazen\u00e1-las conosco.<\/p>\n<\/div>\n\t\t<\/li>\n\t\t\t<li class=\"faq\" id=\"faq-block_5d10ee40f5323\">\n\t\t\t<div class=\"-question\">Quando meu pedido chegar\u00e1?<\/div>\n\t\t\t<div class=\"-answer\"><p>Para o Brasil, as importa\u00e7\u00e3o s\u00e3o realizadas periodicamente ap\u00f3s a autoriza\u00e7\u00e3o de importa\u00e7\u00e3o emitida pela Anvisa. Esse processo depende de libera\u00e7\u00f5es da Vigil\u00e2ncia Sanit\u00e1ria, al\u00e9m de alfandeg\u00e1rias. \u00c9 muito importante que o iniciem o tratamento somente quando a amostra estiver dispon\u00edvel na cl\u00ednica do seu m\u00e9dico. Contate o Atendimento ao Cliente para mais detalhes das datas das importa\u00e7\u00f5es.<\/p>\n<\/div>\n\t\t<\/li>\n\t\t\t<li class=\"faq\" id=\"faq-block_5d10ee40f5323\">\n\t\t\t<div class=\"-question\">Que tipo de informa\u00e7\u00e3o eu preciso para fazer um pedido?<\/div>\n\t\t\t<div class=\"-answer\"><ul>\n<li>Nome do paciente, endere\u00e7o e n\u00famero de telefone<\/li>\n<li>Nome do profissional de sa\u00fade e endere\u00e7o de entrega<\/li>\n<li>N\u00famero do doador<\/li>\n<li>N\u00famero de unidades e tipo de prepara\u00e7\u00e3o (IUI, ICI, ou ART)<\/li>\n<li>Informa\u00e7\u00e3o de pagamento<\/li>\n<\/ul>\n<\/div>\n\t\t<\/li>\n\t\t\t<li class=\"faq\" id=\"faq-block_5d10ee40f5323\">\n\t\t\t<div class=\"-question\">N\u00e3o tenho certeza se meu m\u00e9dico tem uma conta configurada com voc\u00ea. O que devo fazer?<\/div>\n\t\t\t<div class=\"-answer\"><p>Voc\u00ea pode entrar em contato com o Atendimento ao cliente e solicitar que ele procure no banco de dados o seu profissional de sa\u00fade ou entre em contato com seu m\u00e9dico. Se o seu m\u00e9dico n\u00e3o tiver uma conta estabelecida conosco, podemos por enviar e-mail os formul\u00e1rios ao seu m\u00e9dico.<\/p>\n<\/div>\n\t\t<\/li>\n\t\t\t<li class=\"faq\" id=\"faq-block_5d10ee40f5323\">\n\t\t\t<div class=\"-question\">O Fairfax Cryobank tem uma pol\u00edtica de devolu\u00e7\u00e3o?<\/div>\n\t\t\t<div class=\"-answer\"><p>Para o Brasil, as amostras s\u00e3o importadas especificamente para cada paciente com a devida anu\u00eancia da Anvisa, dessa forma, as amostras de s\u00eamen do doador n\u00e3o poder\u00e3o ser disponibilizadas para outras pessoas ap\u00f3s o embarque das mesmas do Fairfax (EUA).<\/p>\n<\/div>\n\t\t<\/li>\n\t\t\t<li class=\"faq\" id=\"faq-block_5d10ee40f5323\">\n\t\t\t<div class=\"-question\">Eu selecionei um doador, mas n\u00e3o estou completamente pronta para fazer meu pedido &#8211; voc\u00ea pode reservar as amostras?<\/div>\n\t\t\t<div class=\"-answer\"><p>Fairfax Cryobank oferece uma cortesia de espera de 7 dias com nenhuma obriga\u00e7\u00e3o. Este servi\u00e7o est\u00e1 dispon\u00edvel apenas para doadores com mais de 20 itens dispon\u00edveis. Entre em contato com o Atendimento ao cliente e pe\u00e7a para fazer uma &#8220;ordem de espera de 7 dias&#8221;.<\/p>\n<\/div>\n\t\t<\/li>\n\t\t\t<li class=\"faq\" id=\"faq-block_5d10ee40f5323\">\n\t\t\t<div class=\"-question\">Que tipo de op\u00e7\u00f5es de armazenamento voc\u00ea oferece se eu quiser comprar e armazenar s\u00eamen de um doador em particular?<\/div>\n\t\t\t<div class=\"-answer\"><p>O Fairfax Cryobank oferece condi\u00e7\u00f5es de armazenamento para contas de armazenamento que variam de 1 m\u00eas a contratos anuais de longo prazo. Comprar amostras e armazen\u00e1-las \u00e9 uma \u00f3tima maneira de garantir que as amostras do doador que voc\u00ea selecionou estejam dispon\u00edveis para os ciclos atual e futuro. Consulte nossas informa\u00e7\u00f5es de armazenamento de amostras ligando para nosso Atendimento ao Cliente no (11) 5084-2588.<\/p>\n<\/div>\n\t\t<\/li>\n\t\t\t<li class=\"faq\" id=\"faq-block_5d10ee40f5323\">\n\t\t\t<div class=\"-question\">O que devo fazer quando estiver pronta para receber minhas amostras que foram armazenadas?<\/div>\n\t\t\t<div class=\"-answer\"><p>Voc\u00ea deve entrar em contato com nosso Atendimento ao cliente, que lhe passar\u00e1 maiores informa\u00e7\u00f5es. \u00c9 necess\u00e1rio que tenha uma data em mente.<\/p>\n<\/div>\n\t\t<\/li>\n\t\t\t<li class=\"faq\" id=\"faq-block_5d10ee40f5323\">\n\t\t\t<div class=\"-question\">Como s\u00e3o armazenadas as amostras?<\/div>\n\t\t\t<div class=\"-answer\"><p>Todas as amostras de s\u00eamen s\u00e3o armazenadas a -196 \u00b0 C em tanques de nitrog\u00eanio l\u00edquido. O Fairfax Cryobank tamb\u00e9m fornece tanques de transporte de nitrog\u00eanio l\u00edquido para o transporte de amostras de pacientes ao seu m\u00e9dico ou profissional de sa\u00fade quando solicitado para uso.<\/p>\n<\/div>\n\t\t<\/li>\n\t\t\t<li class=\"faq\" id=\"faq-block_5d10ee40f5323\">\n\t\t\t<div class=\"-question\">Quanto tempo se pode armazenar s\u00eamen congelado?<\/div>\n\t\t\t<div class=\"-answer\"><p>As amostras criopreservadas, quando armazenadas adequadamente, permanecer\u00e3o vi\u00e1veis por tempo indeterminado. Foram relatadas gesta\u00e7\u00f5es nos casos em que o s\u00eamen foi armazenado por 30 anos antes do descongelamento e da insemina\u00e7\u00e3o.<\/p>\n<\/div>\n\t\t<\/li>\n\t\t\t<li class=\"faq\" id=\"faq-block_5d10ee40f5323\">\n\t\t\t<div class=\"-question\">Como s\u00e3o enviadas as amostras de s\u00eamen?<\/div>\n\t\t\t<div class=\"-answer\"><p>Todas as nossas amostras s\u00e3o enviadas em tanques de vapor de nitrog\u00eanio l\u00edquido e transportadora local. O tanque de vapor de nitrog\u00eanio l\u00edquido est\u00e1 dentro de uma caixa externa r\u00edgida para viagens internacionais e de uma caixa de papel\u00e3o para envios nacionais. O recipiente interno (tanque de vapor) \u00e9 fixado com uma bra\u00e7adeira para evitar viola\u00e7\u00f5es. Os documentos de remessa est\u00e3o contidos na caixa externa, que cont\u00e9m uma guia com as seguintes informa\u00e7\u00f5es sobre o seu pedido: nome e endere\u00e7o do seu m\u00e9dico, nome e endere\u00e7o da paciente, n\u00famero do doador e tipo de prepara\u00e7\u00e3o de amostra, quantidade de amostras e contagem de descongelamento e motilidade para cada amostra. Tamb\u00e9m est\u00e3o inclu\u00eddos um resumo dos registros detalhando o teste dos doadores e uma declara\u00e7\u00e3o de elegibilidade, instru\u00e7\u00f5es de descongelamento de amostras e instru\u00e7\u00f5es de devolu\u00e7\u00e3o.<\/p>\n<\/div>\n\t\t<\/li>\n\t\t\t<li class=\"faq\" id=\"faq-block_5d10ee40f5323\">\n\t\t\t<div class=\"-question\">Voc\u00ea envia amostras de s\u00eamen em gelo seco?<\/div>\n\t\t\t<div class=\"-answer\"><p>N\u00e3o, o Fairfax Cryobank armazena todos os seus esp\u00e9cimes em nitrog\u00eanio l\u00edquido, que tem uma temperatura de -196 graus cent\u00edgrados. O gelo seco tem uma temperatura de -78,5 graus cent\u00edgrados, muito acima da temperatura em que armazenamos as amostras e pode resultar em um processo de degelo parcial que \u00e9 prejudicial \u00e0 qualidade das amostras. Por esse motivo, o Fairfax Cryobank n\u00e3o envia amostras em gelo seco.<\/p>\n<\/div>\n\t\t<\/li>\n\t\t\t<li class=\"faq\" id=\"faq-block_5d10ee40f5323\">\n\t\t\t<div class=\"-question\">Por quanto tempo as amostras s\u00e3o mantidas congeladas nos tanques de transporte?<\/div>\n\t\t\t<div class=\"-answer\"><p>Nossos tanques de remessa padr\u00e3o t\u00eam garantia m\u00ednima de 7 dias. Podemos enviar suas amostras em um tanque de 2 semanas no qual os frascos se mant\u00e9m congelados por pelo menos 14 dias.<\/p>\n<\/div>\n\t\t<\/li>\n\t\t\t<li class=\"faq\" id=\"faq-block_5d10ee40f5323\">\n\t\t\t<div class=\"-question\">N\u00e3o tenho certeza de quando meu procedimento est\u00e1 agendado, mas quero ir em frente e pedir s\u00eamen de doadores, quais s\u00e3o minhas op\u00e7\u00f5es?<\/div>\n\t\t\t<div class=\"-answer\"><p>Verifique com seu m\u00e9dico os recursos de armazenamento que eles oferecem. Se o armazenamento das amostras na cl\u00ednica do seu m\u00e9dico for uma op\u00e7\u00e3o, voc\u00ea pode prosseguir e fazer seu pedido e envi\u00e1-las para que sejam armazenadas na cl\u00ednica do seu m\u00e9dico at\u00e9 que seja necess\u00e1rio. Se o seu m\u00e9dico n\u00e3o oferecer armazenamento, voc\u00ea pode solicitar amostras para armazen\u00e1-las em nossas instala\u00e7\u00f5es e envi\u00e1-las quando souber quando precisar\u00e1 delas.<\/p>\n<\/div>\n\t\t<\/li>\n\t\t<\/ul>\n<script>\nvar faqs = document.querySelectorAll('li.faq');\nfor (var i=0; i<faqs.length; i++) {\n\tfaqs[i].addEventListener('click', function(event) {\n\t\tthis.classList.toggle('-expanded');\n\t});\n}\n<\/script>\n<style>\nul.faqs {\n\tmargin: 0 0 25px; padding: 0;\n}\nul.faqs > li.faq {\n\tmargin: 0 0 10px; padding: 0;\n\tlist-style: none;\n\tbackground: none;\n}\nul.faqs > li.faq.-expanded {\n\tborder: 1px solid #e8e8e8;\n\tbox-shadow: 0 2px 10px rgba(0,0,0,0.1)\n}\nul.faqs > li.faq .-question {\n\tposition: relative;\n\tpadding: 19px 19px 19px 78px;\n\tcolor: #565456;\n\tfont-size: 20px; line-height: 1.2;\n\tbackground: #f1f1f1;\n\tcursor: pointer;\n\ttransition: .3s\n}\nul.faqs > li.faq .-question:hover { color: #1f1f1f; background: #f6f6f6; }\nul.faqs > li.faq .-question:before {\n\tcontent: \"\";\n\tposition: absolute;\n\ttop: 0; bottom: 0; left: 0;\n\twidth:62px;\n\tbackground: linear-gradient(#898989,#898989), linear-gradient(#898989,#898989), #eaeaea;\n\tbackground-position:center;\n\tbackground-size: 20px 2px,2px 20px;\n\tbackground-repeat:no-repeat;\n}\nul.faqs > li.faq .-question:hover:before {\n\tbackground: linear-gradient(#ea6950,#ea6950), linear-gradient(#ea6950,#ea6950), #eaeaea;\n\tbackground-position:center;\n\tbackground-size: 20px 2px,2px 20px;\n\tbackground-repeat:no-repeat;\n}\nul.faqs > li.faq.-expanded .-question,\nul.faqs > li.faq.-expanded .-question:hover { color: #ea6950; background: #f9f9f9; }\nul.faqs > li.faq.-expanded .-question:before,\nul.faqs > li.faq.-expanded .-question:hover:before {\n\tcontent: \"\";\n\tposition: absolute;\n\ttop: 0; bottom: 0; left: 0;\n\twidth:62px;\n\tbackground: linear-gradient(#ffffff,#ffffff), #ea6950;\n\tbackground-position:center;\n\tbackground-size: 20px 2px;\n\tbackground-repeat:no-repeat;\n}\n\nul.faqs > li.faq .-answer {\n\toverflow: hidden;\n\tpadding: 0 0 0 78px;\n\tmax-height: 0;\n\ttransition: 0.2s;\n}\nul.faqs > li.faq .-answer > * { overflow: hidden; max-height: 0; }\nul.faqs > li.faq.-expanded .-answer {\n\tbox-sizing: border-box;\n\tpadding: 19px 19px 19px 78px;\n\tmax-height: 9999px;\n\tcolor: #585858;\n\tfont-size: 16px; line-height: 23px;\n\tbackground: #fff;\n\ttransition: 0.4s;\n}\nul.faqs > li.faq.-expanded .-answer > * { max-height: 9999px;}\n<\/style>","protected":false},"excerpt":{"rendered":"","protected":false},"author":1,"featured_media":0,"parent":0,"menu_order":0,"comment_status":"closed","ping_status":"closed","template":"","meta":{"footnotes":""},"class_list":["post-4108","page","type-page","status-publish","hentry"],"yoast_head":"<!-- This site is optimized with the Yoast SEO plugin v27.1.1 - https:\/\/yoast.com\/product\/yoast-seo-wordpress\/ -->\n<title>Ordering &amp; Shipping FAQs | Fairfax Cryobank<\/title>\n<meta name=\"description\" content=\"Perguntas frequentes sobre pedidos e envios\" \/>\n<meta name=\"robots\" content=\"index, follow, max-snippet:-1, max-image-preview:large, max-video-preview:-1\" \/>\n<link rel=\"canonical\" href=\"https:\/\/fairfaxcryobank.com\/br\/perguntas-frequentes-sobre-pedidos-e-envios\" \/>\n<meta property=\"og:locale\" content=\"pt_BR\" \/>\n<meta property=\"og:type\" content=\"article\" \/>\n<meta property=\"og:title\" content=\"Ordering &amp; Shipping FAQs | Fairfax Cryobank\" \/>\n<meta property=\"og:description\" content=\"Perguntas frequentes sobre pedidos e envios\" \/>\n<meta property=\"og:url\" content=\"https:\/\/fairfaxcryobank.com\/br\/perguntas-frequentes-sobre-pedidos-e-envios\" \/>\n<meta property=\"og:site_name\" content=\"Fairfax Cryobank - Find a Sperm Donor\" \/>\n<meta property=\"article:publisher\" content=\"https:\/\/www.facebook.com\/fairfax.cryobank\" \/>\n<meta property=\"article:modified_time\" content=\"2022-02-17T18:41:15+00:00\" \/>\n<meta name=\"twitter:card\" content=\"summary_large_image\" \/>\n<meta name=\"twitter:site\" content=\"@FairfaxCryobank\" \/>\n<script type=\"application\/ld+json\" class=\"yoast-schema-graph\">{\"@context\":\"https:\/\/schema.org\",\"@graph\":[{\"@type\":\"WebPage\",\"@id\":\"https:\/\/fairfaxcryobank.com\/br\/perguntas-frequentes-sobre-pedidos-e-envios\",\"url\":\"https:\/\/fairfaxcryobank.com\/br\/perguntas-frequentes-sobre-pedidos-e-envios\",\"name\":\"Ordering &amp; Shipping FAQs | Fairfax Cryobank\",\"isPartOf\":{\"@id\":\"https:\/\/fairfaxcryobank.com\/br#website\"},\"datePublished\":\"2015-05-15T07:04:30+00:00\",\"dateModified\":\"2022-02-17T18:41:15+00:00\",\"description\":\"Perguntas frequentes sobre pedidos e envios\",\"breadcrumb\":{\"@id\":\"https:\/\/fairfaxcryobank.com\/br\/perguntas-frequentes-sobre-pedidos-e-envios#breadcrumb\"},\"inLanguage\":\"pt-BR\",\"potentialAction\":[{\"@type\":\"ReadAction\",\"target\":[\"https:\/\/fairfaxcryobank.com\/br\/perguntas-frequentes-sobre-pedidos-e-envios\"]}]},{\"@type\":\"BreadcrumbList\",\"@id\":\"https:\/\/fairfaxcryobank.com\/br\/perguntas-frequentes-sobre-pedidos-e-envios#breadcrumb\",\"itemListElement\":[{\"@type\":\"ListItem\",\"position\":1,\"name\":\"Home\",\"item\":\"https:\/\/fairfaxcryobank.com\/br\"},{\"@type\":\"ListItem\",\"position\":2,\"name\":\"Ordering &amp; Shipping FAQs\"}]},{\"@type\":\"WebSite\",\"@id\":\"https:\/\/fairfaxcryobank.com\/br#website\",\"url\":\"https:\/\/fairfaxcryobank.com\/br\",\"name\":\"Fairfax Cryobank - Find a Sperm Donor\",\"description\":\"Top-Tier Sperm Bank\",\"publisher\":{\"@id\":\"https:\/\/fairfaxcryobank.com\/br#organization\"},\"potentialAction\":[{\"@type\":\"SearchAction\",\"target\":{\"@type\":\"EntryPoint\",\"urlTemplate\":\"https:\/\/fairfaxcryobank.com\/br?s={search_term_string}\"},\"query-input\":{\"@type\":\"PropertyValueSpecification\",\"valueRequired\":true,\"valueName\":\"search_term_string\"}}],\"inLanguage\":\"pt-BR\"},{\"@type\":\"Organization\",\"@id\":\"https:\/\/fairfaxcryobank.com\/br#organization\",\"name\":\"Fairfax Cryobank\",\"url\":\"https:\/\/fairfaxcryobank.com\/br\",\"logo\":{\"@type\":\"ImageObject\",\"inLanguage\":\"pt-BR\",\"@id\":\"https:\/\/fairfaxcryobank.com\/br#\/schema\/logo\/image\/\",\"url\":\"https:\/\/fairfaxcryobank.com\/wp-content\/uploads\/logo.webp\",\"contentUrl\":\"https:\/\/fairfaxcryobank.com\/wp-content\/uploads\/logo.webp\",\"width\":1,\"height\":1,\"caption\":\"Fairfax Cryobank\"},\"image\":{\"@id\":\"https:\/\/fairfaxcryobank.com\/br#\/schema\/logo\/image\/\"},\"sameAs\":[\"https:\/\/www.facebook.com\/fairfax.cryobank\",\"https:\/\/x.com\/FairfaxCryobank\",\"https:\/\/www.instagram.com\/fairfaxcryobank\/\",\"https:\/\/www.pinterest.com\/fairfaxcryo\/\"]}]}<\/script>\n<!-- \/ Yoast SEO plugin. -->","yoast_head_json":{"title":"Ordering &amp; Shipping FAQs | Fairfax Cryobank","description":"Perguntas frequentes sobre pedidos e envios","robots":{"index":"index","follow":"follow","max-snippet":"max-snippet:-1","max-image-preview":"max-image-preview:large","max-video-preview":"max-video-preview:-1"},"canonical":"https:\/\/fairfaxcryobank.com\/br\/perguntas-frequentes-sobre-pedidos-e-envios","og_locale":"pt_BR","og_type":"article","og_title":"Ordering &amp; Shipping FAQs | Fairfax Cryobank","og_description":"Perguntas frequentes sobre pedidos e envios","og_url":"https:\/\/fairfaxcryobank.com\/br\/perguntas-frequentes-sobre-pedidos-e-envios","og_site_name":"Fairfax Cryobank - Find a Sperm Donor","article_publisher":"https:\/\/www.facebook.com\/fairfax.cryobank","article_modified_time":"2022-02-17T18:41:15+00:00","twitter_card":"summary_large_image","twitter_site":"@FairfaxCryobank","schema":{"@context":"https:\/\/schema.org","@graph":[{"@type":"WebPage","@id":"https:\/\/fairfaxcryobank.com\/br\/perguntas-frequentes-sobre-pedidos-e-envios","url":"https:\/\/fairfaxcryobank.com\/br\/perguntas-frequentes-sobre-pedidos-e-envios","name":"Ordering &amp; Shipping FAQs | Fairfax Cryobank","isPartOf":{"@id":"https:\/\/fairfaxcryobank.com\/br#website"},"datePublished":"2015-05-15T07:04:30+00:00","dateModified":"2022-02-17T18:41:15+00:00","description":"Perguntas frequentes sobre pedidos e envios","breadcrumb":{"@id":"https:\/\/fairfaxcryobank.com\/br\/perguntas-frequentes-sobre-pedidos-e-envios#breadcrumb"},"inLanguage":"pt-BR","potentialAction":[{"@type":"ReadAction","target":["https:\/\/fairfaxcryobank.com\/br\/perguntas-frequentes-sobre-pedidos-e-envios"]}]},{"@type":"BreadcrumbList","@id":"https:\/\/fairfaxcryobank.com\/br\/perguntas-frequentes-sobre-pedidos-e-envios#breadcrumb","itemListElement":[{"@type":"ListItem","position":1,"name":"Home","item":"https:\/\/fairfaxcryobank.com\/br"},{"@type":"ListItem","position":2,"name":"Ordering &amp; Shipping FAQs"}]},{"@type":"WebSite","@id":"https:\/\/fairfaxcryobank.com\/br#website","url":"https:\/\/fairfaxcryobank.com\/br","name":"Fairfax Cryobank - Find a Sperm Donor","description":"Top-Tier Sperm Bank","publisher":{"@id":"https:\/\/fairfaxcryobank.com\/br#organization"},"potentialAction":[{"@type":"SearchAction","target":{"@type":"EntryPoint","urlTemplate":"https:\/\/fairfaxcryobank.com\/br?s={search_term_string}"},"query-input":{"@type":"PropertyValueSpecification","valueRequired":true,"valueName":"search_term_string"}}],"inLanguage":"pt-BR"},{"@type":"Organization","@id":"https:\/\/fairfaxcryobank.com\/br#organization","name":"Fairfax Cryobank","url":"https:\/\/fairfaxcryobank.com\/br","logo":{"@type":"ImageObject","inLanguage":"pt-BR","@id":"https:\/\/fairfaxcryobank.com\/br#\/schema\/logo\/image\/","url":"https:\/\/fairfaxcryobank.com\/wp-content\/uploads\/logo.webp","contentUrl":"https:\/\/fairfaxcryobank.com\/wp-content\/uploads\/logo.webp","width":1,"height":1,"caption":"Fairfax Cryobank"},"image":{"@id":"https:\/\/fairfaxcryobank.com\/br#\/schema\/logo\/image\/"},"sameAs":["https:\/\/www.facebook.com\/fairfax.cryobank","https:\/\/x.com\/FairfaxCryobank","https:\/\/www.instagram.com\/fairfaxcryobank\/","https:\/\/www.pinterest.com\/fairfaxcryo\/"]}]}},"post_mailing_queue_ids":[],"_links":{"self":[{"href":"https:\/\/fairfaxcryobank.com\/br\/wp-json\/wp\/v2\/pages\/4108","targetHints":{"allow":["GET"]}}],"collection":[{"href":"https:\/\/fairfaxcryobank.com\/br\/wp-json\/wp\/v2\/pages"}],"about":[{"href":"https:\/\/fairfaxcryobank.com\/br\/wp-json\/wp\/v2\/types\/page"}],"author":[{"embeddable":true,"href":"https:\/\/fairfaxcryobank.com\/br\/wp-json\/wp\/v2\/users\/1"}],"replies":[{"embeddable":true,"href":"https:\/\/fairfaxcryobank.com\/br\/wp-json\/wp\/v2\/comments?post=4108"}],"version-history":[{"count":2,"href":"https:\/\/fairfaxcryobank.com\/br\/wp-json\/wp\/v2\/pages\/4108\/revisions"}],"predecessor-version":[{"id":20396,"href":"https:\/\/fairfaxcryobank.com\/br\/wp-json\/wp\/v2\/pages\/4108\/revisions\/20396"}],"wp:attachment":[{"href":"https:\/\/fairfaxcryobank.com\/br\/wp-json\/wp\/v2\/media?parent=4108"}],"curies":[{"name":"wp","href":"https:\/\/api.w.org\/{rel}","templated":true}]}}