{"id":4121,"date":"2019-10-15T14:42:59","date_gmt":"2019-10-15T14:42:59","guid":{"rendered":"https:\/\/fairfaxcryobank.com\/?page_id=4121"},"modified":"2020-12-16T08:30:46","modified_gmt":"2020-12-16T13:30:46","slug":"como-solicitar","status":"publish","type":"page","link":"https:\/\/fairfaxcryobank.com\/br\/como-solicitar","title":{"rendered":"Como Solicitar"},"content":{"rendered":"\n<h2 class=\"wp-block-heading\">Como encomendar e comprar da Fairfax Cryobank no Brasil<\/h2>\n\n\n\n<div class=\"wp-block-cover has-background-dim\" style=\"background-image:url(https:\/\/fairfaxcryobank.com\/wp-content\/uploads\/made-in-brazil-stamp-on-boxes-shows-brazilian-products_z1H28MP_-scaled.jpg)\"><div class=\"wp-block-cover__inner-container is-layout-flow wp-block-cover-is-layout-flow\">\n<p class=\"has-text-align-center has-large-font-size\">Ordem do banco de esperma para o brasil<\/p>\n<\/div><\/div>\n\n\n\n<h3 class=\"wp-block-heading\">O Fairfax Cryobank Brasil (Crio Brasil Servi\u00e7os) \u00e9 o \u00fanico distribuidor autorizado do Fairfax Cryobank.<\/h3>\n\n\n\n<p>Todas as amostras entregues pelo Fairfax Cryobank Brasil s\u00e3o  amostrascriopreservadas e importadas da matriz americana, n\u00e3o possuindo  amostras&nbsp;dispon\u00edveis para venda imediata.<\/p>\n\n\n\n<p>As amostras s\u00e3o importadas especificamente para pacientes e m\u00e9dicos&nbsp;previamente cadastrados conosco.<\/p>\n\n\n\n<p>As importa\u00e7\u00f5es levam em m\u00e9dia 30(trinta) dias e devem seguir as \nexig\u00eancias&nbsp;sanit\u00e1rias vigentes em nossa legisla\u00e7\u00e3o. Para tal faz-se \nnecess\u00e1rio:<\/p>\n\n\n\n<p><a href=\"https:\/\/fairfaxcryobank.com\/br\/profissionais-medicos\">\u2022 Cadastro pr\u00e9vio de m\u00e9dicos e clinicas<br><\/a>\u2022 Autoriza\u00e7\u00e3o pr\u00e9via expedida pela Ag\u00eancia Nacional de Vigil\u00e2ncia Sanit\u00e1ria (ANVISA)<br>\u2022 Termo de Consentimento Livre e Esclarecido assinado previamente<\/p>\n\n\n\n<p><strong>Refor\u00e7amos a import\u00e2ncia de n\u00e3o iniciar qualquer tipo de tratamento sem que&nbsp;<\/strong><strong>as exig\u00eancias anteriores sejam efetuadas e a amostra seminal seja&nbsp;<\/strong><strong>encaminhada ao seu m\u00e9dico.<\/strong><\/p>\n\n\n\n<p>Nos contate atrav\u00e9s dos telefones: (11) 5084-2588 ou (11) 98111-3455 (tamb\u00e9m WhatsApp) ou por e-mail: <a href=\"mailto:contato@fairfaxcryobank.com.br\" target=\"_blank\" rel=\"noreferrer noopener\">contato@fairfaxcryobank.com.br<\/a>\u00a0para mais informa\u00e7\u00f5es.<\/p>\n\n\n\n<div class=\"wp-block-buttons aligncenter is-layout-flex wp-block-buttons-is-layout-flex\">\n<div class=\"wp-block-button\"><a class=\"wp-block-button__link has-background\" href=\"mailto:contato@fairfaxcryobank.com.br\" style=\"background-color:#ea6950\">Email Contato@fairfaxcryobank.com.br<\/a><\/div>\n<\/div>\n\n\n\n<p><\/p>\n","protected":false},"excerpt":{"rendered":"<p>Como encomendar e comprar da Fairfax Cryobank no Brasil O Fairfax Cryobank Brasil (Crio Brasil Servi\u00e7os) \u00e9 o \u00fanico distribuidor autorizado do Fairfax Cryobank. Todas as amostras entregues pelo Fairfax Cryobank Brasil s\u00e3o amostrascriopreservadas e importadas da matriz americana, n\u00e3o possuindo amostras&nbsp;dispon\u00edveis para venda imediata. As amostras s\u00e3o importadas especificamente &#8230;<\/p>\n","protected":false},"author":1,"featured_media":10974,"parent":0,"menu_order":0,"comment_status":"closed","ping_status":"closed","template":"","meta":{"footnotes":""},"class_list":["post-4121","page","type-page","status-publish","has-post-thumbnail","hentry"],"yoast_head":"<!-- This site is optimized with the Yoast SEO plugin v27.1.1 - https:\/\/yoast.com\/product\/yoast-seo-wordpress\/ -->\n<title>Como Solicitar | Ordem do banco de esperma para o brasil<\/title>\n<meta name=\"description\" content=\"Ordem do banco de esperma para o brasil. Aprenda como encomendar e comprar seu esperma de doador no Fairfax Cryobank, o principal banco de esperma.\" \/>\n<meta name=\"robots\" content=\"index, follow, max-snippet:-1, max-image-preview:large, max-video-preview:-1\" \/>\n<link rel=\"canonical\" href=\"https:\/\/fairfaxcryobank.com\/br\/como-solicitar\" \/>\n<meta property=\"og:locale\" content=\"pt_BR\" \/>\n<meta property=\"og:type\" content=\"article\" \/>\n<meta property=\"og:title\" content=\"Como Solicitar | Ordem do banco de esperma para o brasil\" \/>\n<meta property=\"og:description\" content=\"Ordem do banco de esperma para o brasil. Aprenda como encomendar e comprar seu esperma de doador no Fairfax Cryobank, o principal banco de esperma.\" \/>\n<meta property=\"og:url\" content=\"https:\/\/fairfaxcryobank.com\/br\/como-solicitar\" \/>\n<meta property=\"og:site_name\" content=\"Fairfax Cryobank - Find a Sperm Donor\" \/>\n<meta property=\"article:publisher\" content=\"https:\/\/www.facebook.com\/fairfax.cryobank\" \/>\n<meta property=\"article:modified_time\" content=\"2020-12-16T13:30:46+00:00\" \/>\n<meta property=\"og:image\" content=\"https:\/\/fairfaxcryobank.com\/wp-content\/uploads\/made-in-brazil-stamp-on-boxes-shows-brazilian-products_z1H28MP_-scaled.jpg\" \/>\n\t<meta property=\"og:image:width\" content=\"2560\" \/>\n\t<meta property=\"og:image:height\" content=\"2560\" \/>\n\t<meta property=\"og:image:type\" content=\"image\/jpeg\" \/>\n<meta name=\"twitter:card\" content=\"summary_large_image\" \/>\n<meta name=\"twitter:site\" content=\"@FairfaxCryobank\" \/>\n<meta name=\"twitter:label1\" content=\"Est. tempo de leitura\" \/>\n\t<meta name=\"twitter:data1\" content=\"1 minuto\" \/>\n<script type=\"application\/ld+json\" class=\"yoast-schema-graph\">{\"@context\":\"https:\/\/schema.org\",\"@graph\":[{\"@type\":\"WebPage\",\"@id\":\"https:\/\/fairfaxcryobank.com\/br\/como-solicitar\",\"url\":\"https:\/\/fairfaxcryobank.com\/br\/como-solicitar\",\"name\":\"Como Solicitar | Ordem do banco de esperma para o brasil\",\"isPartOf\":{\"@id\":\"https:\/\/fairfaxcryobank.com\/br#website\"},\"primaryImageOfPage\":{\"@id\":\"https:\/\/fairfaxcryobank.com\/br\/como-solicitar#primaryimage\"},\"image\":{\"@id\":\"https:\/\/fairfaxcryobank.com\/br\/como-solicitar#primaryimage\"},\"thumbnailUrl\":\"https:\/\/fairfaxcryobank.com\/wp-content\/uploads\/made-in-brazil-stamp-on-boxes-shows-brazilian-products_z1H28MP_-scaled.jpg\",\"datePublished\":\"2019-10-15T14:42:59+00:00\",\"dateModified\":\"2020-12-16T13:30:46+00:00\",\"description\":\"Ordem do banco de esperma para o brasil. Aprenda como encomendar e comprar seu esperma de doador no Fairfax Cryobank, o principal banco de esperma.\",\"breadcrumb\":{\"@id\":\"https:\/\/fairfaxcryobank.com\/br\/como-solicitar#breadcrumb\"},\"inLanguage\":\"pt-BR\",\"potentialAction\":[{\"@type\":\"ReadAction\",\"target\":[\"https:\/\/fairfaxcryobank.com\/br\/como-solicitar\"]}]},{\"@type\":\"ImageObject\",\"inLanguage\":\"pt-BR\",\"@id\":\"https:\/\/fairfaxcryobank.com\/br\/como-solicitar#primaryimage\",\"url\":\"https:\/\/fairfaxcryobank.com\/wp-content\/uploads\/made-in-brazil-stamp-on-boxes-shows-brazilian-products_z1H28MP_-scaled.jpg\",\"contentUrl\":\"https:\/\/fairfaxcryobank.com\/wp-content\/uploads\/made-in-brazil-stamp-on-boxes-shows-brazilian-products_z1H28MP_-scaled.jpg\",\"width\":2560,\"height\":2560,\"caption\":\"ordem do banco de esperma para o brasil\"},{\"@type\":\"BreadcrumbList\",\"@id\":\"https:\/\/fairfaxcryobank.com\/br\/como-solicitar#breadcrumb\",\"itemListElement\":[{\"@type\":\"ListItem\",\"position\":1,\"name\":\"Home\",\"item\":\"https:\/\/fairfaxcryobank.com\/br\"},{\"@type\":\"ListItem\",\"position\":2,\"name\":\"Como Solicitar\"}]},{\"@type\":\"WebSite\",\"@id\":\"https:\/\/fairfaxcryobank.com\/br#website\",\"url\":\"https:\/\/fairfaxcryobank.com\/br\",\"name\":\"Fairfax Cryobank - Find a Sperm Donor\",\"description\":\"Top-Tier Sperm Bank\",\"publisher\":{\"@id\":\"https:\/\/fairfaxcryobank.com\/br#organization\"},\"potentialAction\":[{\"@type\":\"SearchAction\",\"target\":{\"@type\":\"EntryPoint\",\"urlTemplate\":\"https:\/\/fairfaxcryobank.com\/br?s={search_term_string}\"},\"query-input\":{\"@type\":\"PropertyValueSpecification\",\"valueRequired\":true,\"valueName\":\"search_term_string\"}}],\"inLanguage\":\"pt-BR\"},{\"@type\":\"Organization\",\"@id\":\"https:\/\/fairfaxcryobank.com\/br#organization\",\"name\":\"Fairfax Cryobank\",\"url\":\"https:\/\/fairfaxcryobank.com\/br\",\"logo\":{\"@type\":\"ImageObject\",\"inLanguage\":\"pt-BR\",\"@id\":\"https:\/\/fairfaxcryobank.com\/br#\/schema\/logo\/image\/\",\"url\":\"https:\/\/fairfaxcryobank.com\/wp-content\/uploads\/logo.webp\",\"contentUrl\":\"https:\/\/fairfaxcryobank.com\/wp-content\/uploads\/logo.webp\",\"width\":1,\"height\":1,\"caption\":\"Fairfax Cryobank\"},\"image\":{\"@id\":\"https:\/\/fairfaxcryobank.com\/br#\/schema\/logo\/image\/\"},\"sameAs\":[\"https:\/\/www.facebook.com\/fairfax.cryobank\",\"https:\/\/x.com\/FairfaxCryobank\",\"https:\/\/www.instagram.com\/fairfaxcryobank\/\",\"https:\/\/www.pinterest.com\/fairfaxcryo\/\"]}]}<\/script>\n<!-- \/ Yoast SEO plugin. -->","yoast_head_json":{"title":"Como Solicitar | Ordem do banco de esperma para o brasil","description":"Ordem do banco de esperma para o brasil. Aprenda como encomendar e comprar seu esperma de doador no Fairfax Cryobank, o principal banco de esperma.","robots":{"index":"index","follow":"follow","max-snippet":"max-snippet:-1","max-image-preview":"max-image-preview:large","max-video-preview":"max-video-preview:-1"},"canonical":"https:\/\/fairfaxcryobank.com\/br\/como-solicitar","og_locale":"pt_BR","og_type":"article","og_title":"Como Solicitar | Ordem do banco de esperma para o brasil","og_description":"Ordem do banco de esperma para o brasil. Aprenda como encomendar e comprar seu esperma de doador no Fairfax Cryobank, o principal banco de esperma.","og_url":"https:\/\/fairfaxcryobank.com\/br\/como-solicitar","og_site_name":"Fairfax Cryobank - Find a Sperm Donor","article_publisher":"https:\/\/www.facebook.com\/fairfax.cryobank","article_modified_time":"2020-12-16T13:30:46+00:00","og_image":[{"width":2560,"height":2560,"url":"https:\/\/fairfaxcryobank.com\/wp-content\/uploads\/made-in-brazil-stamp-on-boxes-shows-brazilian-products_z1H28MP_-scaled.jpg","type":"image\/jpeg"}],"twitter_card":"summary_large_image","twitter_site":"@FairfaxCryobank","twitter_misc":{"Est. tempo de leitura":"1 minuto"},"schema":{"@context":"https:\/\/schema.org","@graph":[{"@type":"WebPage","@id":"https:\/\/fairfaxcryobank.com\/br\/como-solicitar","url":"https:\/\/fairfaxcryobank.com\/br\/como-solicitar","name":"Como Solicitar | Ordem do banco de esperma para o brasil","isPartOf":{"@id":"https:\/\/fairfaxcryobank.com\/br#website"},"primaryImageOfPage":{"@id":"https:\/\/fairfaxcryobank.com\/br\/como-solicitar#primaryimage"},"image":{"@id":"https:\/\/fairfaxcryobank.com\/br\/como-solicitar#primaryimage"},"thumbnailUrl":"https:\/\/fairfaxcryobank.com\/wp-content\/uploads\/made-in-brazil-stamp-on-boxes-shows-brazilian-products_z1H28MP_-scaled.jpg","datePublished":"2019-10-15T14:42:59+00:00","dateModified":"2020-12-16T13:30:46+00:00","description":"Ordem do banco de esperma para o brasil. Aprenda como encomendar e comprar seu esperma de doador no Fairfax Cryobank, o principal banco de esperma.","breadcrumb":{"@id":"https:\/\/fairfaxcryobank.com\/br\/como-solicitar#breadcrumb"},"inLanguage":"pt-BR","potentialAction":[{"@type":"ReadAction","target":["https:\/\/fairfaxcryobank.com\/br\/como-solicitar"]}]},{"@type":"ImageObject","inLanguage":"pt-BR","@id":"https:\/\/fairfaxcryobank.com\/br\/como-solicitar#primaryimage","url":"https:\/\/fairfaxcryobank.com\/wp-content\/uploads\/made-in-brazil-stamp-on-boxes-shows-brazilian-products_z1H28MP_-scaled.jpg","contentUrl":"https:\/\/fairfaxcryobank.com\/wp-content\/uploads\/made-in-brazil-stamp-on-boxes-shows-brazilian-products_z1H28MP_-scaled.jpg","width":2560,"height":2560,"caption":"ordem do banco de esperma para o brasil"},{"@type":"BreadcrumbList","@id":"https:\/\/fairfaxcryobank.com\/br\/como-solicitar#breadcrumb","itemListElement":[{"@type":"ListItem","position":1,"name":"Home","item":"https:\/\/fairfaxcryobank.com\/br"},{"@type":"ListItem","position":2,"name":"Como Solicitar"}]},{"@type":"WebSite","@id":"https:\/\/fairfaxcryobank.com\/br#website","url":"https:\/\/fairfaxcryobank.com\/br","name":"Fairfax Cryobank - Find a Sperm Donor","description":"Top-Tier Sperm Bank","publisher":{"@id":"https:\/\/fairfaxcryobank.com\/br#organization"},"potentialAction":[{"@type":"SearchAction","target":{"@type":"EntryPoint","urlTemplate":"https:\/\/fairfaxcryobank.com\/br?s={search_term_string}"},"query-input":{"@type":"PropertyValueSpecification","valueRequired":true,"valueName":"search_term_string"}}],"inLanguage":"pt-BR"},{"@type":"Organization","@id":"https:\/\/fairfaxcryobank.com\/br#organization","name":"Fairfax Cryobank","url":"https:\/\/fairfaxcryobank.com\/br","logo":{"@type":"ImageObject","inLanguage":"pt-BR","@id":"https:\/\/fairfaxcryobank.com\/br#\/schema\/logo\/image\/","url":"https:\/\/fairfaxcryobank.com\/wp-content\/uploads\/logo.webp","contentUrl":"https:\/\/fairfaxcryobank.com\/wp-content\/uploads\/logo.webp","width":1,"height":1,"caption":"Fairfax Cryobank"},"image":{"@id":"https:\/\/fairfaxcryobank.com\/br#\/schema\/logo\/image\/"},"sameAs":["https:\/\/www.facebook.com\/fairfax.cryobank","https:\/\/x.com\/FairfaxCryobank","https:\/\/www.instagram.com\/fairfaxcryobank\/","https:\/\/www.pinterest.com\/fairfaxcryo\/"]}]}},"post_mailing_queue_ids":[],"_links":{"self":[{"href":"https:\/\/fairfaxcryobank.com\/br\/wp-json\/wp\/v2\/pages\/4121","targetHints":{"allow":["GET"]}}],"collection":[{"href":"https:\/\/fairfaxcryobank.com\/br\/wp-json\/wp\/v2\/pages"}],"about":[{"href":"https:\/\/fairfaxcryobank.com\/br\/wp-json\/wp\/v2\/types\/page"}],"author":[{"embeddable":true,"href":"https:\/\/fairfaxcryobank.com\/br\/wp-json\/wp\/v2\/users\/1"}],"replies":[{"embeddable":true,"href":"https:\/\/fairfaxcryobank.com\/br\/wp-json\/wp\/v2\/comments?post=4121"}],"version-history":[{"count":0,"href":"https:\/\/fairfaxcryobank.com\/br\/wp-json\/wp\/v2\/pages\/4121\/revisions"}],"wp:featuredmedia":[{"embeddable":true,"href":"https:\/\/fairfaxcryobank.com\/br\/wp-json\/wp\/v2\/media\/10974"}],"wp:attachment":[{"href":"https:\/\/fairfaxcryobank.com\/br\/wp-json\/wp\/v2\/media?parent=4121"}],"curies":[{"name":"wp","href":"https:\/\/api.w.org\/{rel}","templated":true}]}}