{"id":4396,"date":"2019-10-24T15:25:11","date_gmt":"2019-10-24T15:25:11","guid":{"rendered":"https:\/\/fairfaxcryobank.com\/genetic-testing-faqs\/"},"modified":"2019-11-21T15:59:47","modified_gmt":"2019-11-21T15:59:47","slug":"perguntas-frequentes-sobre-teste-genetico","status":"publish","type":"page","link":"https:\/\/fairfaxcryobank.com\/br\/perguntas-frequentes-sobre-teste-genetico","title":{"rendered":"Perguntas Frequentes Sobre Teste Gen\u00e9tico"},"content":{"rendered":"<script>\nvar faqs = document.querySelectorAll('li.faq');\nfor (var i=0; i<faqs.length; i++) {\n\tfaqs[i].addEventListener('click', function(event) {\n\t\tthis.classList.toggle('-expanded');\n\t});\n}\n<\/script>\n<style>\nul.faqs {\n\tmargin: 0 0 25px; padding: 0;\n}\nul.faqs > li.faq {\n\tmargin: 0 0 10px; padding: 0;\n\tlist-style: none;\n\tbackground: none;\n}\nul.faqs > li.faq.-expanded {\n\tborder: 1px solid #e8e8e8;\n\tbox-shadow: 0 2px 10px rgba(0,0,0,0.1)\n}\nul.faqs > li.faq .-question {\n\tposition: relative;\n\tpadding: 19px 19px 19px 78px;\n\tcolor: #565456;\n\tfont-size: 20px; line-height: 1.2;\n\tbackground: #f1f1f1;\n\tcursor: pointer;\n\ttransition: .3s\n}\nul.faqs > li.faq .-question:hover { color: #1f1f1f; background: #f6f6f6; }\nul.faqs > li.faq .-question:before {\n\tcontent: \"\";\n\tposition: absolute;\n\ttop: 0; bottom: 0; left: 0;\n\twidth:62px;\n\tbackground: linear-gradient(#898989,#898989), linear-gradient(#898989,#898989), #eaeaea;\n\tbackground-position:center;\n\tbackground-size: 20px 2px,2px 20px;\n\tbackground-repeat:no-repeat;\n}\nul.faqs > li.faq .-question:hover:before {\n\tbackground: linear-gradient(#ea6950,#ea6950), linear-gradient(#ea6950,#ea6950), #eaeaea;\n\tbackground-position:center;\n\tbackground-size: 20px 2px,2px 20px;\n\tbackground-repeat:no-repeat;\n}\nul.faqs > li.faq.-expanded .-question,\nul.faqs > li.faq.-expanded .-question:hover { color: #ea6950; background: #f9f9f9; }\nul.faqs > li.faq.-expanded .-question:before,\nul.faqs > li.faq.-expanded .-question:hover:before {\n\tcontent: \"\";\n\tposition: absolute;\n\ttop: 0; bottom: 0; left: 0;\n\twidth:62px;\n\tbackground: linear-gradient(#ffffff,#ffffff), #ea6950;\n\tbackground-position:center;\n\tbackground-size: 20px 2px;\n\tbackground-repeat:no-repeat;\n}\n\nul.faqs > li.faq .-answer {\n\toverflow: hidden;\n\tpadding: 0 0 0 78px;\n\tmax-height: 0;\n\ttransition: 0.2s;\n}\nul.faqs > li.faq .-answer > * { overflow: hidden; max-height: 0; }\nul.faqs > li.faq.-expanded .-answer {\n\tbox-sizing: border-box;\n\tpadding: 19px 19px 19px 78px;\n\tmax-height: 9999px;\n\tcolor: #585858;\n\tfont-size: 16px; line-height: 23px;\n\tbackground: #fff;\n\ttransition: 0.4s;\n}\nul.faqs > li.faq.-expanded .-answer > * { max-height: 9999px;}\n<\/style>\n\n\t<ul class=\"faqs\" >\n\t\t\t<li class=\"faq\" id=\"faq-block_5d0acf4c3a35e\">\n\t\t\t<div class=\"-question\">Por que o teste gen\u00e9tico difere entre os doadores?<\/div>\n\t\t\t<div class=\"-answer\"><p>Os testes de portador de doen\u00e7as gen\u00e9ticas rapidamente se tornaram mais avan\u00e7ados e agora rotineiramente oferecem informa\u00e7\u00f5es sobre centenas de doen\u00e7as. A partir de janeiro de 2018, todos os novos doadores est\u00e3o sendo testados para um painel expandido de doen\u00e7as gen\u00e9ticas, incluindo mais de 280 doen\u00e7as. Os doadores anteriores a esse per\u00edodo tamb\u00e9m tiveram o teste gen\u00e9tico conclu\u00eddo, mas n\u00e3o tantas condi\u00e7\u00f5es foram testadas. O teste do doador \u00e9 determinado no momento em que ele entra no programa e esses s\u00e3o os resultados que voc\u00ea v\u00ea na p\u00e1gina de doadores em Teste Gen\u00e9tico.<\/p>\n<\/div>\n\t\t<\/li>\n\t\t\t<li class=\"faq\" id=\"faq-block_5d0acf4c3a35e\">\n\t\t\t<div class=\"-question\">Como posso ver quais testes gen\u00e9ticos o doador havia conclu\u00eddo?<\/div>\n\t\t\t<div class=\"-answer\"><p>Os resultados completos est\u00e3o dispon\u00edveis no Resumo de teste gen\u00e9tico do doador. Voc\u00ea pode encontrar isso nas p\u00e1ginas individuais dos doadores como um PDF para download no link de Teste Gen\u00e9tico. Ele lista todas as doen\u00e7as gen\u00e9ticas para as quais ele foi testado e os resultados delas. Este pode ser um documento \u00fatil para analisar com seu m\u00e9dico antes de fazer uma sele\u00e7\u00e3o final.<\/p>\n<\/div>\n\t\t<\/li>\n\t\t\t<li class=\"faq\" id=\"faq-block_5d0acf4c3a35e\">\n\t\t\t<div class=\"-question\">Como encontro os doadores com o teste de painel gen\u00e9tico expandido?<\/div>\n\t\t\t<div class=\"-answer\"><p>Para encontrar os doadores com testes de doen\u00e7as gen\u00e9ticas expandidos, voc\u00ea pode classific\u00e1-los na Busca de doadores, indo para a guia &#8220;Pesquisa avan\u00e7ada&#8221;. Nessa guia, h\u00e1 uma se\u00e7\u00e3o chamada Teste gen\u00e9tico com a op\u00e7\u00e3o &#8220;Doadores testados pelo painel de doen\u00e7as gen\u00e9ticas expandidas&#8221; que voc\u00ea pode selecionar.<\/p>\n<\/div>\n\t\t<\/li>\n\t\t\t<li class=\"faq\" id=\"faq-block_5d0acf4c3a35e\">\n\t\t\t<div class=\"-question\">O que significa ser portador de uma condi\u00e7\u00e3o gen\u00e9tica?<\/div>\n\t\t\t<div class=\"-answer\"><p>Todos somos portadores de v\u00e1rias muta\u00e7\u00f5es gen\u00e9ticas, apenas algumas das quais podem ser testadas com a tecnologia de hoje. Como portadores, espera-se que nos mantenhamos saud\u00e1veis. Antes de ter filhos, se uma pessoa \u00e9 portadora conhecida de uma doen\u00e7a gen\u00e9tica recessiva, precisaremos saber o status de portador do parceiro para o mesmo gene da doen\u00e7a. Duas pessoas que s\u00e3o portadoras da mesma doen\u00e7a gen\u00e9tica recessiva t\u00eam 25% de chance de uma crian\u00e7a afetada. Se ambos os pais tiverem um teste negativo para o mesmo gene ou se apenas um for portador ap\u00f3s o teste, ambos ser\u00e3o considerados de baixo risco.<\/p>\n<\/div>\n\t\t<\/li>\n\t\t\t<li class=\"faq\" id=\"faq-block_5d0acf4c3a35e\">\n\t\t\t<div class=\"-question\">J\u00e1 fiz meus pr\u00f3prios exames de doen\u00e7as gen\u00e9tica e agora sei que sou portadora de uma condi\u00e7\u00e3o gen\u00e9tica. Como encontro um doador que funciona para mim?<\/div>\n\t\t\t<div class=\"-answer\"><p>Muitas mulheres j\u00e1 tiveram um painel expandido de condi\u00e7\u00f5es gen\u00e9ticas testadas como parte de sua avalia\u00e7\u00e3o pr\u00e9-gravidez. Mais de 70% descobrir\u00e1 que s\u00e3o portadoras de 1 ou mais condi\u00e7\u00f5es gen\u00e9ticas. Para clientes portadores de uma condi\u00e7\u00e3o gen\u00e9tica, esse teste gen\u00e9tico em nossos doadores poder\u00e1 mostrar que provavelmente existe um doador que eles possam selecionar imediatamente.<\/p>\n<p>Comece procurando um doador na lista Painel Gen\u00e9tico Expandido. Voc\u00ea pode fazer isso acessando a Busca de doadores e, em seguida, na guia Pesquisa avan\u00e7ada e selecione-a em Teste de doen\u00e7as gen\u00e9ticas. Esses doadores t\u00eam o maior n\u00famero de testes dispon\u00edveis e \u00e9 prov\u00e1vel que um deles seja negativo para a mesma condi\u00e7\u00e3o em que voc\u00ea \u00e9 portadora e, portanto, \u00e9 uma combina\u00e7\u00e3o adequada para voc\u00ea. \u00c9 importante verificar isso antes da aquisi\u00e7\u00e3o da amostra. Diferentes laborat\u00f3rios de testes gen\u00e9ticos oferecem listas ligeiramente diferentes de condi\u00e7\u00f5es em seus pain\u00e9is.<\/p>\n<\/div>\n\t\t<\/li>\n\t\t\t<li class=\"faq\" id=\"faq-block_5d0acf4c3a35e\">\n\t\t\t<div class=\"-question\">Sou portador de uma doen\u00e7a e quero usar um doador que n\u00e3o foi testado para essa mesma doen\u00e7a. Quais s\u00e3o as minhas op\u00e7\u00f5es?<\/div>\n\t\t\t<div class=\"-answer\"><p>Provavelmente, podemos oferecer testes especiais para as condi\u00e7\u00f5es de risco no doador selecionado. Lembre-se de que pode haver doadores em nossa lista com resultados negativos para essa(s) condi\u00e7\u00e3o(s). Os doadores com painel gen\u00e9tico expandido (veja acima) podem oferecer outras op\u00e7\u00f5es.<\/p>\n<p>Se voc\u00ea solicitar testes especiais, os resultados normalmente levar\u00e3o pelo menos tr\u00eas semanas para serem conclu\u00eddos e haver\u00e1 uma taxa adicional. Queremos que voc\u00ea possa usar o doador assim que os resultados resultarem negativos, portanto, \u00e9 necess\u00e1ria a aquisi\u00e7\u00e3o de uma amostra no momento, pois ele pode se esgotar enquanto esperamos o resultado do teste. Se os resultados do doador mostrarem que voc\u00ea e o doador s\u00e3o positivos para a mesma condi\u00e7\u00e3o, ser\u00e1 oferecido um reembolso total pelos frascos que voc\u00ea adquiriu.<\/p>\n<p>Nosso <em>conselheiro gen\u00e9tico<\/em> est\u00e1 dispon\u00edvel para ajudar a coordenar os testes, verificar as condi\u00e7\u00f5es de risco e ajud\u00e1-la a selecionar um doador adequado. \u00c9 \u00fatil fornecer uma c\u00f3pia dos resultados dos testes para garantir que estamos testando as condi\u00e7\u00f5es corretas no doador.<\/p>\n<\/div>\n\t\t<\/li>\n\t\t\t<li class=\"faq\" id=\"faq-block_5d0acf4c3a35e\">\n\t\t\t<div class=\"-question\">Voc\u00ea testar\u00e1 um doador para o painel expandido se ele ainda n\u00e3o tiver feito?<\/div>\n\t\t\t<div class=\"-answer\"><p>Testaremos os doadores quanto \u00e0s condi\u00e7\u00f5es em que a gravidez fique em risco, especificamente aquelas condi\u00e7\u00f5es para as quais a receptora foi considerada portadora gen\u00e9tica. N\u00e3o testaremos um doador para um painel expandido inteiro. As amostras dos doadores j\u00e1 foram utilizadas por outras pacientes, algumas das quais podem estar gr\u00e1vidas ou ter embri\u00f5es. Apresentar novas informa\u00e7\u00f5es a todos que j\u00e1 usaram o doador pode ser muito desconfort\u00e1vel. Lembre-se, cerca de 70% das pessoas que conclu\u00edram o painel expandido s\u00e3o positivas para pelo menos uma condi\u00e7\u00e3o. Mas se houver uma indica\u00e7\u00e3o m\u00e9dica para o teste (o destinat\u00e1rio \u00e9 um portador conhecido de uma condi\u00e7\u00e3o para a qual o doador n\u00e3o foi testado), provavelmente concordaremos em fazer o teste para essa condi\u00e7\u00e3o espec\u00edfica.<\/p>\n<p>Al\u00e9m disso, se voc\u00ea j\u00e1 teve um painel de doen\u00e7as gen\u00e9ticas expandido, as \u00fanicas condi\u00e7\u00f5es importantes para testar o doador s\u00e3o aquelas para as quais voc\u00ea \u00e9 positivo.<\/p>\n<\/div>\n\t\t<\/li>\n\t\t\t<li class=\"faq\" id=\"faq-block_5d0acf4c3a35e\">\n\t\t\t<div class=\"-question\">Como sei se um doador \u00e9 portador de uma condi\u00e7\u00e3o gen\u00e9tica?<\/div>\n\t\t\t<div class=\"-answer\"><p>A p\u00e1gina do doador ter\u00e1 um formul\u00e1rio de reconhecimento de risco gen\u00e9tico, que fornece detalhes espec\u00edficos sobre os resultados de sua condi\u00e7\u00e3o. Os doadores com testes gen\u00e9ticos expandidos que n\u00e3o possuem o formul\u00e1rio de reconhecimento de risco gen\u00e9tico n\u00e3o foram positivos para nenhuma das doen\u00e7as gen\u00e9ticas testadas. Seu teste gen\u00e9tico, um download em PDF na p\u00e1gina do doador, tamb\u00e9m fornece detalhes completos de seus resultados de testes gen\u00e9ticos.<\/p>\n<\/div>\n\t\t<\/li>\n\t\t\t<li class=\"faq\" id=\"faq-block_5d0acf4c3a35e\">\n\t\t\t<div class=\"-question\">Estou considerando um doador portador de uma condi\u00e7\u00e3o gen\u00e9tica. Como isso me afeta?<\/div>\n\t\t\t<div class=\"-answer\"><p>Um doador portador de uma doen\u00e7a gen\u00e9tica pode ser usado com sucesso para ter um filho saud\u00e1vel. Se voc\u00ea foi testado e seus resultados mostram que voc\u00ea tem um risco reduzido (negativo) para a mesma doen\u00e7a da qual o doador \u00e9 portador, considere selecionar esse doador. Se voc\u00ea ainda n\u00e3o realizou o teste, recomendamos que o fa\u00e7a antes de usar este doador. O seu m\u00e9dico ou conselheiro gen\u00e9tico s\u00e3o bons recursos para ajudar a concluir qualquer teste recomendado e responder \u00e0s suas perguntas.<\/p>\n<p>O que preciso fazer se quiser usar um doador que seja portador?<\/p>\n<ol>\n<li>Revise o formul\u00e1rio de reconhecimento de risco gen\u00e9tico para o doador que voc\u00ea deseja usar. O formul\u00e1rio de reconhecimento de risco gen\u00e9tico est\u00e1 dispon\u00edvel como um PDF para download na p\u00e1gina do doador na Busca de doadores. Tamb\u00e9m est\u00e1 dispon\u00edvel como DocuSign, que permite uma assinatura digital.<\/li>\n<li>Se indicado, considere o teste de portador gen\u00e9tico em si mesmo, onde um resultado negativo para o mesmo gene da doen\u00e7a reduz o risco.<\/li>\n<li>Quando voc\u00ea estiver pronto para avan\u00e7ar, assine e retorne o formul\u00e1rio de reconhecimento de risco gen\u00e9tico para o doador selecionado. Isso deve ser conclu\u00eddo antes do envio das amostras para sua cl\u00ednica.<\/li>\n<li>Sua cl\u00ednica receber\u00e1 uma c\u00f3pia do formul\u00e1rio de Reconhecimento de risco gen\u00e9tico assinado e uma c\u00f3pia do Resumo de testes gen\u00e9ticos do doador com sua(s) amostra(s).<\/li>\n<\/ol>\n<p>Ligue para o Atendimento ao cliente no (11) 5084-2588 para obter assist\u00eancia.<\/p>\n<\/div>\n\t\t<\/li>\n\t\t<\/ul>\n<script>\nvar faqs = document.querySelectorAll('li.faq');\nfor (var i=0; i<faqs.length; i++) {\n\tfaqs[i].addEventListener('click', function(event) {\n\t\tthis.classList.toggle('-expanded');\n\t});\n}\n<\/script>\n<style>\nul.faqs {\n\tmargin: 0 0 25px; padding: 0;\n}\nul.faqs > li.faq {\n\tmargin: 0 0 10px; padding: 0;\n\tlist-style: none;\n\tbackground: none;\n}\nul.faqs > li.faq.-expanded {\n\tborder: 1px solid #e8e8e8;\n\tbox-shadow: 0 2px 10px rgba(0,0,0,0.1)\n}\nul.faqs > li.faq .-question {\n\tposition: relative;\n\tpadding: 19px 19px 19px 78px;\n\tcolor: #565456;\n\tfont-size: 20px; line-height: 1.2;\n\tbackground: #f1f1f1;\n\tcursor: pointer;\n\ttransition: .3s\n}\nul.faqs > li.faq .-question:hover { color: #1f1f1f; background: #f6f6f6; }\nul.faqs > li.faq .-question:before {\n\tcontent: \"\";\n\tposition: absolute;\n\ttop: 0; bottom: 0; left: 0;\n\twidth:62px;\n\tbackground: linear-gradient(#898989,#898989), linear-gradient(#898989,#898989), #eaeaea;\n\tbackground-position:center;\n\tbackground-size: 20px 2px,2px 20px;\n\tbackground-repeat:no-repeat;\n}\nul.faqs > li.faq .-question:hover:before {\n\tbackground: linear-gradient(#ea6950,#ea6950), linear-gradient(#ea6950,#ea6950), #eaeaea;\n\tbackground-position:center;\n\tbackground-size: 20px 2px,2px 20px;\n\tbackground-repeat:no-repeat;\n}\nul.faqs > li.faq.-expanded .-question,\nul.faqs > li.faq.-expanded .-question:hover { color: #ea6950; background: #f9f9f9; }\nul.faqs > li.faq.-expanded .-question:before,\nul.faqs > li.faq.-expanded .-question:hover:before {\n\tcontent: \"\";\n\tposition: absolute;\n\ttop: 0; bottom: 0; left: 0;\n\twidth:62px;\n\tbackground: linear-gradient(#ffffff,#ffffff), #ea6950;\n\tbackground-position:center;\n\tbackground-size: 20px 2px;\n\tbackground-repeat:no-repeat;\n}\n\nul.faqs > li.faq .-answer {\n\toverflow: hidden;\n\tpadding: 0 0 0 78px;\n\tmax-height: 0;\n\ttransition: 0.2s;\n}\nul.faqs > li.faq .-answer > * { overflow: hidden; max-height: 0; }\nul.faqs > li.faq.-expanded .-answer {\n\tbox-sizing: border-box;\n\tpadding: 19px 19px 19px 78px;\n\tmax-height: 9999px;\n\tcolor: #585858;\n\tfont-size: 16px; line-height: 23px;\n\tbackground: #fff;\n\ttransition: 0.4s;\n}\nul.faqs > li.faq.-expanded .-answer > * { max-height: 9999px;}\n<\/style>","protected":false},"excerpt":{"rendered":"","protected":false},"author":1,"featured_media":0,"parent":0,"menu_order":0,"comment_status":"closed","ping_status":"closed","template":"","meta":{"footnotes":""},"class_list":["post-4396","page","type-page","status-publish","hentry"],"yoast_head":"<!-- This site is optimized with the Yoast SEO plugin v27.1.1 - https:\/\/yoast.com\/product\/yoast-seo-wordpress\/ -->\n<title>Perguntas Frequentes Sobre Teste Gen\u00e9tico | Fairfax Cryobank<\/title>\n<meta name=\"description\" content=\"Perguntas Frequentes Sobre Teste Gen\u00e9tico\" \/>\n<meta name=\"robots\" content=\"index, follow, max-snippet:-1, max-image-preview:large, max-video-preview:-1\" \/>\n<link rel=\"canonical\" href=\"https:\/\/fairfaxcryobank.com\/br\/perguntas-frequentes-sobre-teste-genetico\" \/>\n<meta property=\"og:locale\" content=\"pt_BR\" \/>\n<meta property=\"og:type\" content=\"article\" \/>\n<meta property=\"og:title\" content=\"Perguntas Frequentes Sobre Teste Gen\u00e9tico | Fairfax Cryobank\" \/>\n<meta property=\"og:description\" content=\"Perguntas Frequentes Sobre Teste Gen\u00e9tico\" \/>\n<meta property=\"og:url\" content=\"https:\/\/fairfaxcryobank.com\/br\/perguntas-frequentes-sobre-teste-genetico\" \/>\n<meta property=\"og:site_name\" content=\"Fairfax Cryobank - Find a Sperm Donor\" \/>\n<meta property=\"article:publisher\" content=\"https:\/\/www.facebook.com\/fairfax.cryobank\" \/>\n<meta property=\"article:modified_time\" content=\"2019-11-21T15:59:47+00:00\" \/>\n<meta name=\"twitter:card\" content=\"summary_large_image\" \/>\n<meta name=\"twitter:site\" content=\"@FairfaxCryobank\" \/>\n<script type=\"application\/ld+json\" class=\"yoast-schema-graph\">{\"@context\":\"https:\/\/schema.org\",\"@graph\":[{\"@type\":\"WebPage\",\"@id\":\"https:\/\/fairfaxcryobank.com\/br\/perguntas-frequentes-sobre-teste-genetico\",\"url\":\"https:\/\/fairfaxcryobank.com\/br\/perguntas-frequentes-sobre-teste-genetico\",\"name\":\"Perguntas Frequentes Sobre Teste Gen\u00e9tico | Fairfax Cryobank\",\"isPartOf\":{\"@id\":\"https:\/\/fairfaxcryobank.com\/br#website\"},\"datePublished\":\"2019-10-24T15:25:11+00:00\",\"dateModified\":\"2019-11-21T15:59:47+00:00\",\"description\":\"Perguntas Frequentes Sobre Teste Gen\u00e9tico\",\"breadcrumb\":{\"@id\":\"https:\/\/fairfaxcryobank.com\/br\/perguntas-frequentes-sobre-teste-genetico#breadcrumb\"},\"inLanguage\":\"pt-BR\",\"potentialAction\":[{\"@type\":\"ReadAction\",\"target\":[\"https:\/\/fairfaxcryobank.com\/br\/perguntas-frequentes-sobre-teste-genetico\"]}]},{\"@type\":\"BreadcrumbList\",\"@id\":\"https:\/\/fairfaxcryobank.com\/br\/perguntas-frequentes-sobre-teste-genetico#breadcrumb\",\"itemListElement\":[{\"@type\":\"ListItem\",\"position\":1,\"name\":\"Home\",\"item\":\"https:\/\/fairfaxcryobank.com\/br\"},{\"@type\":\"ListItem\",\"position\":2,\"name\":\"Perguntas Frequentes Sobre Teste Gen\u00e9tico\"}]},{\"@type\":\"WebSite\",\"@id\":\"https:\/\/fairfaxcryobank.com\/br#website\",\"url\":\"https:\/\/fairfaxcryobank.com\/br\",\"name\":\"Fairfax Cryobank - Find a Sperm Donor\",\"description\":\"Top-Tier Sperm Bank\",\"publisher\":{\"@id\":\"https:\/\/fairfaxcryobank.com\/br#organization\"},\"potentialAction\":[{\"@type\":\"SearchAction\",\"target\":{\"@type\":\"EntryPoint\",\"urlTemplate\":\"https:\/\/fairfaxcryobank.com\/br?s={search_term_string}\"},\"query-input\":{\"@type\":\"PropertyValueSpecification\",\"valueRequired\":true,\"valueName\":\"search_term_string\"}}],\"inLanguage\":\"pt-BR\"},{\"@type\":\"Organization\",\"@id\":\"https:\/\/fairfaxcryobank.com\/br#organization\",\"name\":\"Fairfax Cryobank\",\"url\":\"https:\/\/fairfaxcryobank.com\/br\",\"logo\":{\"@type\":\"ImageObject\",\"inLanguage\":\"pt-BR\",\"@id\":\"https:\/\/fairfaxcryobank.com\/br#\/schema\/logo\/image\/\",\"url\":\"https:\/\/fairfaxcryobank.com\/wp-content\/uploads\/logo.webp\",\"contentUrl\":\"https:\/\/fairfaxcryobank.com\/wp-content\/uploads\/logo.webp\",\"width\":1,\"height\":1,\"caption\":\"Fairfax Cryobank\"},\"image\":{\"@id\":\"https:\/\/fairfaxcryobank.com\/br#\/schema\/logo\/image\/\"},\"sameAs\":[\"https:\/\/www.facebook.com\/fairfax.cryobank\",\"https:\/\/x.com\/FairfaxCryobank\",\"https:\/\/www.instagram.com\/fairfaxcryobank\/\",\"https:\/\/www.pinterest.com\/fairfaxcryo\/\"]}]}<\/script>\n<!-- \/ Yoast SEO plugin. -->","yoast_head_json":{"title":"Perguntas Frequentes Sobre Teste Gen\u00e9tico | Fairfax Cryobank","description":"Perguntas Frequentes Sobre Teste Gen\u00e9tico","robots":{"index":"index","follow":"follow","max-snippet":"max-snippet:-1","max-image-preview":"max-image-preview:large","max-video-preview":"max-video-preview:-1"},"canonical":"https:\/\/fairfaxcryobank.com\/br\/perguntas-frequentes-sobre-teste-genetico","og_locale":"pt_BR","og_type":"article","og_title":"Perguntas Frequentes Sobre Teste Gen\u00e9tico | Fairfax Cryobank","og_description":"Perguntas Frequentes Sobre Teste Gen\u00e9tico","og_url":"https:\/\/fairfaxcryobank.com\/br\/perguntas-frequentes-sobre-teste-genetico","og_site_name":"Fairfax Cryobank - Find a Sperm Donor","article_publisher":"https:\/\/www.facebook.com\/fairfax.cryobank","article_modified_time":"2019-11-21T15:59:47+00:00","twitter_card":"summary_large_image","twitter_site":"@FairfaxCryobank","schema":{"@context":"https:\/\/schema.org","@graph":[{"@type":"WebPage","@id":"https:\/\/fairfaxcryobank.com\/br\/perguntas-frequentes-sobre-teste-genetico","url":"https:\/\/fairfaxcryobank.com\/br\/perguntas-frequentes-sobre-teste-genetico","name":"Perguntas Frequentes Sobre Teste Gen\u00e9tico | Fairfax Cryobank","isPartOf":{"@id":"https:\/\/fairfaxcryobank.com\/br#website"},"datePublished":"2019-10-24T15:25:11+00:00","dateModified":"2019-11-21T15:59:47+00:00","description":"Perguntas Frequentes Sobre Teste Gen\u00e9tico","breadcrumb":{"@id":"https:\/\/fairfaxcryobank.com\/br\/perguntas-frequentes-sobre-teste-genetico#breadcrumb"},"inLanguage":"pt-BR","potentialAction":[{"@type":"ReadAction","target":["https:\/\/fairfaxcryobank.com\/br\/perguntas-frequentes-sobre-teste-genetico"]}]},{"@type":"BreadcrumbList","@id":"https:\/\/fairfaxcryobank.com\/br\/perguntas-frequentes-sobre-teste-genetico#breadcrumb","itemListElement":[{"@type":"ListItem","position":1,"name":"Home","item":"https:\/\/fairfaxcryobank.com\/br"},{"@type":"ListItem","position":2,"name":"Perguntas Frequentes Sobre Teste Gen\u00e9tico"}]},{"@type":"WebSite","@id":"https:\/\/fairfaxcryobank.com\/br#website","url":"https:\/\/fairfaxcryobank.com\/br","name":"Fairfax Cryobank - Find a Sperm Donor","description":"Top-Tier Sperm Bank","publisher":{"@id":"https:\/\/fairfaxcryobank.com\/br#organization"},"potentialAction":[{"@type":"SearchAction","target":{"@type":"EntryPoint","urlTemplate":"https:\/\/fairfaxcryobank.com\/br?s={search_term_string}"},"query-input":{"@type":"PropertyValueSpecification","valueRequired":true,"valueName":"search_term_string"}}],"inLanguage":"pt-BR"},{"@type":"Organization","@id":"https:\/\/fairfaxcryobank.com\/br#organization","name":"Fairfax Cryobank","url":"https:\/\/fairfaxcryobank.com\/br","logo":{"@type":"ImageObject","inLanguage":"pt-BR","@id":"https:\/\/fairfaxcryobank.com\/br#\/schema\/logo\/image\/","url":"https:\/\/fairfaxcryobank.com\/wp-content\/uploads\/logo.webp","contentUrl":"https:\/\/fairfaxcryobank.com\/wp-content\/uploads\/logo.webp","width":1,"height":1,"caption":"Fairfax Cryobank"},"image":{"@id":"https:\/\/fairfaxcryobank.com\/br#\/schema\/logo\/image\/"},"sameAs":["https:\/\/www.facebook.com\/fairfax.cryobank","https:\/\/x.com\/FairfaxCryobank","https:\/\/www.instagram.com\/fairfaxcryobank\/","https:\/\/www.pinterest.com\/fairfaxcryo\/"]}]}},"post_mailing_queue_ids":[],"_links":{"self":[{"href":"https:\/\/fairfaxcryobank.com\/br\/wp-json\/wp\/v2\/pages\/4396","targetHints":{"allow":["GET"]}}],"collection":[{"href":"https:\/\/fairfaxcryobank.com\/br\/wp-json\/wp\/v2\/pages"}],"about":[{"href":"https:\/\/fairfaxcryobank.com\/br\/wp-json\/wp\/v2\/types\/page"}],"author":[{"embeddable":true,"href":"https:\/\/fairfaxcryobank.com\/br\/wp-json\/wp\/v2\/users\/1"}],"replies":[{"embeddable":true,"href":"https:\/\/fairfaxcryobank.com\/br\/wp-json\/wp\/v2\/comments?post=4396"}],"version-history":[{"count":0,"href":"https:\/\/fairfaxcryobank.com\/br\/wp-json\/wp\/v2\/pages\/4396\/revisions"}],"wp:attachment":[{"href":"https:\/\/fairfaxcryobank.com\/br\/wp-json\/wp\/v2\/media?parent=4396"}],"curies":[{"name":"wp","href":"https:\/\/api.w.org\/{rel}","templated":true}]}}