{"id":6608,"date":"2020-02-11T12:29:40","date_gmt":"2020-02-11T12:29:40","guid":{"rendered":"https:\/\/fairfaxcryobank.com\/?page_id=6608"},"modified":"2020-07-13T11:36:58","modified_gmt":"2020-07-13T15:36:58","slug":"politica-de-privacidade","status":"publish","type":"page","link":"https:\/\/fairfaxcryobank.com\/br\/politica-de-privacidade","title":{"rendered":"Politica de privacidade"},"content":{"rendered":"\n<h2 class=\"wp-block-heading\">Politica de privacidade Fairfax Cryobank<\/h2>\n\n\n\n<p>Leia aqui a Pol\u00edtica de Privacidade do Fairfax Cryobank:<\/p>\n\n\n\n<p>O Fairfax Cryobank compromete-se em proteger as identidades de nossos clientes e doadores.\u00a0Honramos e continuaremos a honrar os contratos que acordamos com nossos doadores.\u00a0Se eles forem doadores Non-ID, manteremos sua identidade em sigilo, a menos que, posteriormente, eles decidam solicitar que divulguemos suas informa\u00e7\u00f5es mediante solicita\u00e7\u00e3o por uma crian\u00e7a de 18 anos ou mais.\u00a0Nossos doadores ID concordaram com a libera\u00e7\u00e3o limitada de informa\u00e7\u00f5es, o que n\u00e3o ocorrer\u00e1 at\u00e9 que uma crian\u00e7a registrada conosco como filho(a) de um doador atinja os 18 anos de idade.<\/p>\n\n\n\n<p><a href=\"\/gdpr-privacy-notice\">Aviso de Privacidade GDPR<\/a><\/p>\n\n\n\n<p><strong>Doadores\nNon-ID<\/strong><\/p>\n\n\n\n<p><strong>Nota: a partir de 2020<\/strong>, o Fairfax Cryobank aceitar\u00e1 apenas doadores dispostos a ser doadores ID em nosso programa.<\/p>\n\n\n\n<p>Doadores Non-ID\ns\u00e3o doadores que escolheram, no momento da doa\u00e7\u00e3o, n\u00e3o permitir a libera\u00e7\u00e3o de\ninforma\u00e7\u00f5es sobre a sua identidade para seus filhos.&nbsp;No passado, os\ndoadores Non-ID sempre permaneceram an\u00f4nimos, mas em 2019 o Fairfax Cryobank\ncome\u00e7ou a permitir que os doadores Non-ID solicitassem que liber\u00e1ssemos\ninforma\u00e7\u00f5es limitadas de identifica\u00e7\u00e3o mediante a solicita\u00e7\u00e3o dos filhos com 18\nanos ou mais (veja abaixo), de acordo com a lei da Calif\u00f3rnia.&nbsp;Se um\ndoador que n\u00e3o identifica a identidade decidir permitir a libera\u00e7\u00e3o de suas\ninforma\u00e7\u00f5es de identifica\u00e7\u00e3o mediante solicita\u00e7\u00e3o da prole, permitiremos essa\naltera\u00e7\u00e3o e atualizaremos o perfil de resumo do doador de acordo.<\/p>\n\n\n\n<p>A Pol\u00edtica de\nPrivacidade do Fairfax Cryobank protege a confidencialidade de&nbsp;<em>todas<\/em><em> <\/em><em>as<\/em>&nbsp;partes\nenvolvidas.&nbsp;Todos os registros de doadores e destinat\u00e1rios ser\u00e3o mantidos\nindefinidamente, e&nbsp;<em>n\u00e3o comprometeremos o anonimato entre um doador <\/em>Non-ID<em> e o\ndestinat\u00e1rio<\/em><em>.&nbsp;<\/em>Em certas circunst\u00e2ncias clinicamente\nnecess\u00e1rias, a pedido do m\u00e9dico, tentaremos obter informa\u00e7\u00f5es e testes m\u00e9dicos\nou gen\u00e9ticos adicionais espec\u00edficos dos doadores.&nbsp;A identidade do doador\nnessas circunst\u00e2ncias permanecer\u00e1 an\u00f4nima.&nbsp;N\u00e3o facilitamos o contato entre\ndoadores Non-ID e seus filhos.<\/p>\n\n\n\n<p><strong><a href=\"https:\/\/fairfaxcryobank.com\/br\/sobre-nossos-doadores\">Doadores ID<\/a><\/strong><\/p>\n\n\n\n<p>Certos doadores consentiram em ser\u00a0ID\u00a0Esses doadores concordam com a libera\u00e7\u00e3o limitada de informa\u00e7\u00f5es de identifica\u00e7\u00e3o quando os filhos registrados de uma mostra seminal doada, atingirem 18 anos de idade.\u00a0As crian\u00e7as devem ser registradas no Fairfax Cryobank por seus pais como filhos de um doador ID para que ele possa receber essas informa\u00e7\u00f5es quando atingir a idade de 18 anos. Os pais tamb\u00e9m podem optar por n\u00e3o registrar ao nascer e esperar para ver o que a situa\u00e7\u00e3o de sua fam\u00edlia exige.\u00a0Portanto, os doadores ID podem ser usados \u200b\u200bcomo doadores Non-ID se o pai ou m\u00e3e n\u00e3o registrar seu filho no programa de identifica\u00e7\u00e3o.\u00a0Independentemente de um dos pais pretender registrar seu filho no programa de identifica\u00e7\u00e3o, nosso Termo de Uso que cont\u00eam as informa\u00e7\u00f5es sobre este programa devendo ser assinado e devolvido antes que a amostra dos doadores ID sejam liberadas para os clientes.<\/p>\n\n\n\n<p>Os doadores ID n\u00e3o\u00a0podem mudar para doadores Non-Id, uma vez que estejam em nosso programa de doadores.\u00a0A partir de 2020, todos os novos doadores do Fairfax Cryobank ser\u00e3o doadores ID.<\/p>\n\n\n\n<p><strong>Contato\ncom doadores<\/strong><\/p>\n\n\n\n<p>Reconhecemos a import\u00e2ncia de nosso relacionamento com nossos doadores e a pol\u00edtica do Fairfax Cryobank \u00e9 retornar todas as chamadas e e-mails dos doadores.&nbsp;Se um doador estiver tentando entrar em contato e n\u00e3o receber uma liga\u00e7\u00e3o ou e-mail, deve falar com o&nbsp;<a rel=\"noreferrer noopener\" href=\"https:\/\/fairfaxcryobank.com\/contact-us\" target=\"_blank\">Atendimento<\/a>&nbsp;ao&nbsp;<a rel=\"noreferrer noopener\" href=\"https:\/\/fairfaxcryobank.com\/contact-us\" target=\"_blank\">Cliente<\/a>&nbsp;, que o encaminhar\u00e1 para a pessoa correta.<\/p>\n\n\n\n<p>Incentivamos\ntodos os doadores anteriores a entrar em contato conosco e atualizar suas\ninforma\u00e7\u00f5es m\u00e9dicas e pessoais.&nbsp;Isso tamb\u00e9m nos permitir\u00e1 confirmar sua identifica\u00e7\u00e3o,\nverificar se suas informa\u00e7\u00f5es de contato est\u00e3o atualizadas e esclarecer\nquaisquer problemas m\u00e9dicos atrav\u00e9s de nosso Diretor M\u00e9dico, um geneticista\ncl\u00ednico certificado pelo conselho.&nbsp;As atualiza\u00e7\u00f5es dos doadores ser\u00e3o\ncompartilhadas com os clientes, conforme apropriado.<\/p>\n\n\n\n<p><strong><a href=\"https:\/\/fairfaxcryobank.com\/br\/informacoes-dos-doadores\">Informa\u00e7\u00f5es sobre doadores: perfis m\u00e9dicos e pessoais<\/a><\/strong><\/p>\n\n\n\n<p>A grande quantidade de informa\u00e7\u00f5es que est\u00e3o agora dispon\u00edveis em todos os doadores n\u00e3o estava dispon\u00edvel no passado.\u00a0Atualmente, temos uma grande quantidade de informa\u00e7\u00f5es n\u00e3o identific\u00e1veis \u200b\u200bdispon\u00edveis para\u00a0todos os\u00a0doadores.\u00a0De fato, os doadores Non-ID e os doadores ID t\u00eam as mesmas informa\u00e7\u00f5es m\u00e9dicas e pessoais dispon\u00edveis;\u00a0a \u00fanica diferen\u00e7a \u00e9 que, quando um doador ID \u00e9 usado, existe a op\u00e7\u00e3o de a crian\u00e7a entrar em contato com o doador quando atingir a idade de 18 anos. <\/p>\n\n\n\n<p><strong><a href=\"https:\/\/fairfaxcryobank.com\/br\/verifique-status-do-doador\">Atualiza\u00e7\u00f5es anuais dos doadores<\/a><\/strong><\/p>\n\n\n\n<p>Entramos em contato regularmente com os doadores anteriores para obter atualiza\u00e7\u00f5es confidenciais sobre suas informa\u00e7\u00f5es m\u00e9dicas e pessoais.&nbsp;Os doadores que desejam atualizar suas informa\u00e7\u00f5es devem entrar em contato conosco e n\u00f3s o encaminharemos para o nosso portal de atualiza\u00e7\u00f5es.&nbsp;Publicamos informa\u00e7\u00f5es atualizadas relevantes no perfil de resumo do doador.<\/p>\n\n\n\n<p><strong>Verificar\no status m\u00e9dico dos doadores<\/strong><\/p>\n\n\n\n<p>Acreditamos que a melhor maneira de os clientes coletarem informa\u00e7\u00f5es m\u00e9dicas e pessoais sobre seus doadores \u00e9 na fonte, a partir do pr\u00f3prio Cryobank.&nbsp;Cada p\u00e1gina da web do doador fornece seu status.&nbsp;Se Restrito ou em Investiga\u00e7\u00e3o estiver listado, os detalhes ser\u00e3o fornecidos no Resumo da Atualiza\u00e7\u00e3o do Perfil (Summary Profile Update Section) ou podem ser obtidos entrando em contato com o Atendimento ao Cliente.&nbsp;Isso tamb\u00e9m nos permite enviar uma notifica\u00e7\u00e3o imediata e precisa aos clientes, se surgir algum problema m\u00e9dico.<\/p>\n\n\n\n<p><strong>F\u00f3runs da fam\u00edlia Fairfax Cryobank<\/strong><\/p>\n\n\n\n<p>Nosso Fairfax Family Forums cont\u00eam um f\u00f3rum p\u00fablico e f\u00f3runs de doadores particulares.\u00a0Esses f\u00f3runs maravilhosos s\u00e3o uma maneira popular de os clientes se conectarem e compartilharem suas experi\u00eancias.<\/p>\n\n\n\n<p><strong>N\u00fameros\nde doadores<\/strong><\/p>\n\n\n\n<p>A partir de 1\u00ba de janeiro de 2012, os novos doadores t\u00eam a op\u00e7\u00e3o de saber seu n\u00famero de doadores.<\/p>\n\n\n\n<p><strong>Solicita\u00e7\u00e3o\nde divulga\u00e7\u00e3o de informa\u00e7\u00f5es de identifica\u00e7\u00e3o<\/strong><\/p>\n\n\n\n<p>Entendemos e respeitamos o desejo de muitos indiv\u00edduos, casais e filhos concebidos por doadores (CD) de saber mais sobre seus doadores.\u00a0Tamb\u00e9m respeitamos que muitos indiv\u00edduos, casais e filhos n\u00e3o desejam identificar informa\u00e7\u00f5es sobre seus doadores.\u00a0Para manter os acordos que fizemos com todas as partes envolvidas, n\u00e3o divulgaremos informa\u00e7\u00f5es de identifica\u00e7\u00e3o sobre nossos doadores a ningu\u00e9m que n\u00e3o seja o filho registrado dos doadores ID com 18 anos ou mais.<\/p>\n\n\n\n<p>Acreditamos\nque temos a responsabilidade de continuar a coletar informa\u00e7\u00f5es m\u00e9dicas e\npessoais n\u00e3o identific\u00e1veis \u200b\u200bde nossos doadores e compartilhar essas\ninforma\u00e7\u00f5es com nossos clientes.&nbsp;Estamos comprometidos em compartilhar\nessas informa\u00e7\u00f5es de uma maneira que n\u00e3o identifique nossos doadores.<\/p>\n\n\n\n<p>Se voc\u00ea tiver d\u00favidas adicionais sobre quest\u00f5es de privacidade, entre em contato com o&nbsp;<a href=\"\/contact-us\" target=\"_blank\" rel=\"noreferrer noopener\" aria-label=\" (opens in a new tab)\">Atendimento ao cliente<\/a>&nbsp;.<\/p>\n","protected":false},"excerpt":{"rendered":"<p>Politica de privacidade Fairfax Cryobank Leia aqui a Pol\u00edtica de Privacidade do Fairfax Cryobank: O Fairfax Cryobank compromete-se em proteger as identidades de nossos clientes e doadores.\u00a0Honramos e continuaremos a honrar os contratos que acordamos com nossos doadores.\u00a0Se eles forem doadores Non-ID, manteremos sua identidade em sigilo, a menos que, &#8230;<\/p>\n","protected":false},"author":1,"featured_media":10982,"parent":0,"menu_order":0,"comment_status":"closed","ping_status":"closed","template":"","meta":{"footnotes":""},"class_list":["post-6608","page","type-page","status-publish","has-post-thumbnail","hentry"],"yoast_head":"<!-- This site is optimized with the Yoast SEO plugin v27.1.1 - https:\/\/yoast.com\/product\/yoast-seo-wordpress\/ -->\n<title>Politica de privacidade | Fairfax Cryobank<\/title>\n<meta name=\"description\" content=\"Deseja ler a politica de privacidade completa de Fairfax Cryobank? Visite a p\u00e1gina da pol\u00edtica de privacidade aqui para mais detalhes.\" \/>\n<meta name=\"robots\" content=\"index, follow, max-snippet:-1, max-image-preview:large, max-video-preview:-1\" \/>\n<link rel=\"canonical\" href=\"https:\/\/fairfaxcryobank.com\/br\/politica-de-privacidade\" \/>\n<meta property=\"og:locale\" content=\"pt_BR\" \/>\n<meta property=\"og:type\" content=\"article\" \/>\n<meta property=\"og:title\" content=\"Politica de privacidade | Fairfax Cryobank\" \/>\n<meta property=\"og:description\" content=\"Deseja ler a politica de privacidade completa de Fairfax Cryobank? Visite a p\u00e1gina da pol\u00edtica de privacidade aqui para mais detalhes.\" \/>\n<meta property=\"og:url\" content=\"https:\/\/fairfaxcryobank.com\/br\/politica-de-privacidade\" \/>\n<meta property=\"og:site_name\" content=\"Fairfax Cryobank - Find a Sperm Donor\" \/>\n<meta property=\"article:publisher\" content=\"https:\/\/www.facebook.com\/fairfax.cryobank\" \/>\n<meta property=\"article:modified_time\" content=\"2020-07-13T15:36:58+00:00\" \/>\n<meta property=\"og:image\" content=\"https:\/\/fairfaxcryobank.com\/wp-content\/uploads\/brazil-flag_zJI_PUud.jpg\" \/>\n\t<meta property=\"og:image:width\" content=\"2500\" \/>\n\t<meta property=\"og:image:height\" content=\"2500\" \/>\n\t<meta property=\"og:image:type\" content=\"image\/jpeg\" \/>\n<meta name=\"twitter:card\" content=\"summary_large_image\" \/>\n<meta name=\"twitter:site\" content=\"@FairfaxCryobank\" \/>\n<meta name=\"twitter:label1\" content=\"Est. tempo de leitura\" \/>\n\t<meta name=\"twitter:data1\" content=\"6 minutos\" \/>\n<script type=\"application\/ld+json\" class=\"yoast-schema-graph\">{\"@context\":\"https:\/\/schema.org\",\"@graph\":[{\"@type\":\"WebPage\",\"@id\":\"https:\/\/fairfaxcryobank.com\/br\/politica-de-privacidade\",\"url\":\"https:\/\/fairfaxcryobank.com\/br\/politica-de-privacidade\",\"name\":\"Politica de privacidade | Fairfax Cryobank\",\"isPartOf\":{\"@id\":\"https:\/\/fairfaxcryobank.com\/br#website\"},\"primaryImageOfPage\":{\"@id\":\"https:\/\/fairfaxcryobank.com\/br\/politica-de-privacidade#primaryimage\"},\"image\":{\"@id\":\"https:\/\/fairfaxcryobank.com\/br\/politica-de-privacidade#primaryimage\"},\"thumbnailUrl\":\"https:\/\/fairfaxcryobank.com\/wp-content\/uploads\/brazil-flag_zJI_PUud.jpg\",\"datePublished\":\"2020-02-11T12:29:40+00:00\",\"dateModified\":\"2020-07-13T15:36:58+00:00\",\"description\":\"Deseja ler a politica de privacidade completa de Fairfax Cryobank? Visite a p\u00e1gina da pol\u00edtica de privacidade aqui para mais detalhes.\",\"breadcrumb\":{\"@id\":\"https:\/\/fairfaxcryobank.com\/br\/politica-de-privacidade#breadcrumb\"},\"inLanguage\":\"pt-BR\",\"potentialAction\":[{\"@type\":\"ReadAction\",\"target\":[\"https:\/\/fairfaxcryobank.com\/br\/politica-de-privacidade\"]}]},{\"@type\":\"ImageObject\",\"inLanguage\":\"pt-BR\",\"@id\":\"https:\/\/fairfaxcryobank.com\/br\/politica-de-privacidade#primaryimage\",\"url\":\"https:\/\/fairfaxcryobank.com\/wp-content\/uploads\/brazil-flag_zJI_PUud.jpg\",\"contentUrl\":\"https:\/\/fairfaxcryobank.com\/wp-content\/uploads\/brazil-flag_zJI_PUud.jpg\",\"width\":2500,\"height\":2500,\"caption\":\"Politica de privacidade fairfax cryobank\"},{\"@type\":\"BreadcrumbList\",\"@id\":\"https:\/\/fairfaxcryobank.com\/br\/politica-de-privacidade#breadcrumb\",\"itemListElement\":[{\"@type\":\"ListItem\",\"position\":1,\"name\":\"Home\",\"item\":\"https:\/\/fairfaxcryobank.com\/br\"},{\"@type\":\"ListItem\",\"position\":2,\"name\":\"Politica de privacidade\"}]},{\"@type\":\"WebSite\",\"@id\":\"https:\/\/fairfaxcryobank.com\/br#website\",\"url\":\"https:\/\/fairfaxcryobank.com\/br\",\"name\":\"Fairfax Cryobank - Find a Sperm Donor\",\"description\":\"Top-Tier Sperm Bank\",\"publisher\":{\"@id\":\"https:\/\/fairfaxcryobank.com\/br#organization\"},\"potentialAction\":[{\"@type\":\"SearchAction\",\"target\":{\"@type\":\"EntryPoint\",\"urlTemplate\":\"https:\/\/fairfaxcryobank.com\/br?s={search_term_string}\"},\"query-input\":{\"@type\":\"PropertyValueSpecification\",\"valueRequired\":true,\"valueName\":\"search_term_string\"}}],\"inLanguage\":\"pt-BR\"},{\"@type\":\"Organization\",\"@id\":\"https:\/\/fairfaxcryobank.com\/br#organization\",\"name\":\"Fairfax Cryobank\",\"url\":\"https:\/\/fairfaxcryobank.com\/br\",\"logo\":{\"@type\":\"ImageObject\",\"inLanguage\":\"pt-BR\",\"@id\":\"https:\/\/fairfaxcryobank.com\/br#\/schema\/logo\/image\/\",\"url\":\"https:\/\/fairfaxcryobank.com\/wp-content\/uploads\/logo.webp\",\"contentUrl\":\"https:\/\/fairfaxcryobank.com\/wp-content\/uploads\/logo.webp\",\"width\":1,\"height\":1,\"caption\":\"Fairfax Cryobank\"},\"image\":{\"@id\":\"https:\/\/fairfaxcryobank.com\/br#\/schema\/logo\/image\/\"},\"sameAs\":[\"https:\/\/www.facebook.com\/fairfax.cryobank\",\"https:\/\/x.com\/FairfaxCryobank\",\"https:\/\/www.instagram.com\/fairfaxcryobank\/\",\"https:\/\/www.pinterest.com\/fairfaxcryo\/\"]}]}<\/script>\n<!-- \/ Yoast SEO plugin. -->","yoast_head_json":{"title":"Politica de privacidade | Fairfax Cryobank","description":"Deseja ler a politica de privacidade completa de Fairfax Cryobank? Visite a p\u00e1gina da pol\u00edtica de privacidade aqui para mais detalhes.","robots":{"index":"index","follow":"follow","max-snippet":"max-snippet:-1","max-image-preview":"max-image-preview:large","max-video-preview":"max-video-preview:-1"},"canonical":"https:\/\/fairfaxcryobank.com\/br\/politica-de-privacidade","og_locale":"pt_BR","og_type":"article","og_title":"Politica de privacidade | Fairfax Cryobank","og_description":"Deseja ler a politica de privacidade completa de Fairfax Cryobank? Visite a p\u00e1gina da pol\u00edtica de privacidade aqui para mais detalhes.","og_url":"https:\/\/fairfaxcryobank.com\/br\/politica-de-privacidade","og_site_name":"Fairfax Cryobank - Find a Sperm Donor","article_publisher":"https:\/\/www.facebook.com\/fairfax.cryobank","article_modified_time":"2020-07-13T15:36:58+00:00","og_image":[{"width":2500,"height":2500,"url":"https:\/\/fairfaxcryobank.com\/wp-content\/uploads\/brazil-flag_zJI_PUud.jpg","type":"image\/jpeg"}],"twitter_card":"summary_large_image","twitter_site":"@FairfaxCryobank","twitter_misc":{"Est. tempo de leitura":"6 minutos"},"schema":{"@context":"https:\/\/schema.org","@graph":[{"@type":"WebPage","@id":"https:\/\/fairfaxcryobank.com\/br\/politica-de-privacidade","url":"https:\/\/fairfaxcryobank.com\/br\/politica-de-privacidade","name":"Politica de privacidade | Fairfax Cryobank","isPartOf":{"@id":"https:\/\/fairfaxcryobank.com\/br#website"},"primaryImageOfPage":{"@id":"https:\/\/fairfaxcryobank.com\/br\/politica-de-privacidade#primaryimage"},"image":{"@id":"https:\/\/fairfaxcryobank.com\/br\/politica-de-privacidade#primaryimage"},"thumbnailUrl":"https:\/\/fairfaxcryobank.com\/wp-content\/uploads\/brazil-flag_zJI_PUud.jpg","datePublished":"2020-02-11T12:29:40+00:00","dateModified":"2020-07-13T15:36:58+00:00","description":"Deseja ler a politica de privacidade completa de Fairfax Cryobank? Visite a p\u00e1gina da pol\u00edtica de privacidade aqui para mais detalhes.","breadcrumb":{"@id":"https:\/\/fairfaxcryobank.com\/br\/politica-de-privacidade#breadcrumb"},"inLanguage":"pt-BR","potentialAction":[{"@type":"ReadAction","target":["https:\/\/fairfaxcryobank.com\/br\/politica-de-privacidade"]}]},{"@type":"ImageObject","inLanguage":"pt-BR","@id":"https:\/\/fairfaxcryobank.com\/br\/politica-de-privacidade#primaryimage","url":"https:\/\/fairfaxcryobank.com\/wp-content\/uploads\/brazil-flag_zJI_PUud.jpg","contentUrl":"https:\/\/fairfaxcryobank.com\/wp-content\/uploads\/brazil-flag_zJI_PUud.jpg","width":2500,"height":2500,"caption":"Politica de privacidade fairfax cryobank"},{"@type":"BreadcrumbList","@id":"https:\/\/fairfaxcryobank.com\/br\/politica-de-privacidade#breadcrumb","itemListElement":[{"@type":"ListItem","position":1,"name":"Home","item":"https:\/\/fairfaxcryobank.com\/br"},{"@type":"ListItem","position":2,"name":"Politica de privacidade"}]},{"@type":"WebSite","@id":"https:\/\/fairfaxcryobank.com\/br#website","url":"https:\/\/fairfaxcryobank.com\/br","name":"Fairfax Cryobank - Find a Sperm Donor","description":"Top-Tier Sperm Bank","publisher":{"@id":"https:\/\/fairfaxcryobank.com\/br#organization"},"potentialAction":[{"@type":"SearchAction","target":{"@type":"EntryPoint","urlTemplate":"https:\/\/fairfaxcryobank.com\/br?s={search_term_string}"},"query-input":{"@type":"PropertyValueSpecification","valueRequired":true,"valueName":"search_term_string"}}],"inLanguage":"pt-BR"},{"@type":"Organization","@id":"https:\/\/fairfaxcryobank.com\/br#organization","name":"Fairfax Cryobank","url":"https:\/\/fairfaxcryobank.com\/br","logo":{"@type":"ImageObject","inLanguage":"pt-BR","@id":"https:\/\/fairfaxcryobank.com\/br#\/schema\/logo\/image\/","url":"https:\/\/fairfaxcryobank.com\/wp-content\/uploads\/logo.webp","contentUrl":"https:\/\/fairfaxcryobank.com\/wp-content\/uploads\/logo.webp","width":1,"height":1,"caption":"Fairfax Cryobank"},"image":{"@id":"https:\/\/fairfaxcryobank.com\/br#\/schema\/logo\/image\/"},"sameAs":["https:\/\/www.facebook.com\/fairfax.cryobank","https:\/\/x.com\/FairfaxCryobank","https:\/\/www.instagram.com\/fairfaxcryobank\/","https:\/\/www.pinterest.com\/fairfaxcryo\/"]}]}},"post_mailing_queue_ids":[],"_links":{"self":[{"href":"https:\/\/fairfaxcryobank.com\/br\/wp-json\/wp\/v2\/pages\/6608","targetHints":{"allow":["GET"]}}],"collection":[{"href":"https:\/\/fairfaxcryobank.com\/br\/wp-json\/wp\/v2\/pages"}],"about":[{"href":"https:\/\/fairfaxcryobank.com\/br\/wp-json\/wp\/v2\/types\/page"}],"author":[{"embeddable":true,"href":"https:\/\/fairfaxcryobank.com\/br\/wp-json\/wp\/v2\/users\/1"}],"replies":[{"embeddable":true,"href":"https:\/\/fairfaxcryobank.com\/br\/wp-json\/wp\/v2\/comments?post=6608"}],"version-history":[{"count":0,"href":"https:\/\/fairfaxcryobank.com\/br\/wp-json\/wp\/v2\/pages\/6608\/revisions"}],"wp:featuredmedia":[{"embeddable":true,"href":"https:\/\/fairfaxcryobank.com\/br\/wp-json\/wp\/v2\/media\/10982"}],"wp:attachment":[{"href":"https:\/\/fairfaxcryobank.com\/br\/wp-json\/wp\/v2\/media?parent=6608"}],"curies":[{"name":"wp","href":"https:\/\/api.w.org\/{rel}","templated":true}]}}