{"id":8329,"date":"2020-03-05T10:59:34","date_gmt":"2020-03-05T10:59:34","guid":{"rendered":"https:\/\/fairfaxcryobank.com\/newsletter-signup"},"modified":"2020-07-13T11:15:35","modified_gmt":"2020-07-13T15:15:35","slug":"newsletter-signup","status":"publish","type":"page","link":"https:\/\/fairfaxcryobank.com\/br\/newsletter-signup","title":{"rendered":"Newsletter Signup"},"content":{"rendered":"\n<h2 class=\"wp-block-heading\">Inscreva-se no nosso e-mail mensal da newsletter (em ingl\u00eas)<\/h2>\n","protected":false},"excerpt":{"rendered":"<p>Inscreva-se no nosso e-mail mensal da newsletter (em ingl\u00eas)<\/p>\n","protected":false},"author":1,"featured_media":7410,"parent":0,"menu_order":0,"comment_status":"closed","ping_status":"closed","template":"page-news-subscribe.php","meta":{"footnotes":""},"class_list":["post-8329","page","type-page","status-publish","has-post-thumbnail","hentry"],"yoast_head":"<!-- This site is optimized with the Yoast SEO plugin v27.1.1 - https:\/\/yoast.com\/product\/yoast-seo-wordpress\/ -->\n<title>Newsletter Signup | Fairfax Cryobank Sperm Bank<\/title>\n<meta name=\"description\" content=\"Cadastre-se para receber nosso v por e-mail do Fairfax Cryobank para receber as \u00faltimas not\u00edcias e atualiza\u00e7\u00f5es (em ingl\u00eas) - Newsletter Signup\" \/>\n<meta name=\"robots\" content=\"index, follow, max-snippet:-1, max-image-preview:large, max-video-preview:-1\" \/>\n<link rel=\"canonical\" href=\"https:\/\/fairfaxcryobank.com\/br\/newsletter-signup\" \/>\n<meta property=\"og:locale\" content=\"pt_BR\" \/>\n<meta property=\"og:type\" content=\"article\" \/>\n<meta property=\"og:title\" content=\"Newsletter Signup | Fairfax Cryobank Sperm Bank\" \/>\n<meta property=\"og:description\" content=\"Cadastre-se para receber nosso v por e-mail do Fairfax Cryobank para receber as \u00faltimas not\u00edcias e atualiza\u00e7\u00f5es (em ingl\u00eas) - Newsletter Signup\" \/>\n<meta property=\"og:url\" content=\"https:\/\/fairfaxcryobank.com\/br\/newsletter-signup\" \/>\n<meta property=\"og:site_name\" content=\"Fairfax Cryobank - Find a Sperm Donor\" \/>\n<meta property=\"article:publisher\" content=\"https:\/\/www.facebook.com\/fairfax.cryobank\" \/>\n<meta property=\"article:modified_time\" content=\"2020-07-13T15:15:35+00:00\" \/>\n<meta property=\"og:image\" content=\"https:\/\/fairfaxcryobank.com\/wp-content\/uploads\/0o1a0494-115-1024x683-1.jpg\" \/>\n\t<meta property=\"og:image:width\" content=\"1024\" \/>\n\t<meta property=\"og:image:height\" content=\"683\" \/>\n\t<meta property=\"og:image:type\" content=\"image\/jpeg\" \/>\n<meta name=\"twitter:card\" content=\"summary_large_image\" \/>\n<meta name=\"twitter:site\" content=\"@FairfaxCryobank\" \/>\n<script type=\"application\/ld+json\" class=\"yoast-schema-graph\">{\"@context\":\"https:\/\/schema.org\",\"@graph\":[{\"@type\":\"WebPage\",\"@id\":\"https:\/\/fairfaxcryobank.com\/br\/newsletter-signup\",\"url\":\"https:\/\/fairfaxcryobank.com\/br\/newsletter-signup\",\"name\":\"Newsletter Signup | Fairfax Cryobank Sperm Bank\",\"isPartOf\":{\"@id\":\"https:\/\/fairfaxcryobank.com\/br#website\"},\"primaryImageOfPage\":{\"@id\":\"https:\/\/fairfaxcryobank.com\/br\/newsletter-signup#primaryimage\"},\"image\":{\"@id\":\"https:\/\/fairfaxcryobank.com\/br\/newsletter-signup#primaryimage\"},\"thumbnailUrl\":\"https:\/\/fairfaxcryobank.com\/wp-content\/uploads\/0o1a0494-115-1024x683-1.jpg\",\"datePublished\":\"2020-03-05T10:59:34+00:00\",\"dateModified\":\"2020-07-13T15:15:35+00:00\",\"description\":\"Cadastre-se para receber nosso v por e-mail do Fairfax Cryobank para receber as \u00faltimas not\u00edcias e atualiza\u00e7\u00f5es (em ingl\u00eas) - Newsletter Signup\",\"breadcrumb\":{\"@id\":\"https:\/\/fairfaxcryobank.com\/br\/newsletter-signup#breadcrumb\"},\"inLanguage\":\"pt-BR\",\"potentialAction\":[{\"@type\":\"ReadAction\",\"target\":[\"https:\/\/fairfaxcryobank.com\/br\/newsletter-signup\"]}]},{\"@type\":\"ImageObject\",\"inLanguage\":\"pt-BR\",\"@id\":\"https:\/\/fairfaxcryobank.com\/br\/newsletter-signup#primaryimage\",\"url\":\"https:\/\/fairfaxcryobank.com\/wp-content\/uploads\/0o1a0494-115-1024x683-1.jpg\",\"contentUrl\":\"https:\/\/fairfaxcryobank.com\/wp-content\/uploads\/0o1a0494-115-1024x683-1.jpg\",\"width\":1024,\"height\":683,\"caption\":\"newsletter\"},{\"@type\":\"BreadcrumbList\",\"@id\":\"https:\/\/fairfaxcryobank.com\/br\/newsletter-signup#breadcrumb\",\"itemListElement\":[{\"@type\":\"ListItem\",\"position\":1,\"name\":\"Home\",\"item\":\"https:\/\/fairfaxcryobank.com\/br\"},{\"@type\":\"ListItem\",\"position\":2,\"name\":\"Newsletter Signup\"}]},{\"@type\":\"WebSite\",\"@id\":\"https:\/\/fairfaxcryobank.com\/br#website\",\"url\":\"https:\/\/fairfaxcryobank.com\/br\",\"name\":\"Fairfax Cryobank - Find a Sperm Donor\",\"description\":\"Top-Tier Sperm Bank\",\"publisher\":{\"@id\":\"https:\/\/fairfaxcryobank.com\/br#organization\"},\"potentialAction\":[{\"@type\":\"SearchAction\",\"target\":{\"@type\":\"EntryPoint\",\"urlTemplate\":\"https:\/\/fairfaxcryobank.com\/br?s={search_term_string}\"},\"query-input\":{\"@type\":\"PropertyValueSpecification\",\"valueRequired\":true,\"valueName\":\"search_term_string\"}}],\"inLanguage\":\"pt-BR\"},{\"@type\":\"Organization\",\"@id\":\"https:\/\/fairfaxcryobank.com\/br#organization\",\"name\":\"Fairfax Cryobank\",\"url\":\"https:\/\/fairfaxcryobank.com\/br\",\"logo\":{\"@type\":\"ImageObject\",\"inLanguage\":\"pt-BR\",\"@id\":\"https:\/\/fairfaxcryobank.com\/br#\/schema\/logo\/image\/\",\"url\":\"https:\/\/fairfaxcryobank.com\/wp-content\/uploads\/logo.webp\",\"contentUrl\":\"https:\/\/fairfaxcryobank.com\/wp-content\/uploads\/logo.webp\",\"width\":1,\"height\":1,\"caption\":\"Fairfax Cryobank\"},\"image\":{\"@id\":\"https:\/\/fairfaxcryobank.com\/br#\/schema\/logo\/image\/\"},\"sameAs\":[\"https:\/\/www.facebook.com\/fairfax.cryobank\",\"https:\/\/x.com\/FairfaxCryobank\",\"https:\/\/www.instagram.com\/fairfaxcryobank\/\",\"https:\/\/www.pinterest.com\/fairfaxcryo\/\"]}]}<\/script>\n<!-- \/ Yoast SEO plugin. -->","yoast_head_json":{"title":"Newsletter Signup | Fairfax Cryobank Sperm Bank","description":"Cadastre-se para receber nosso v por e-mail do Fairfax Cryobank para receber as \u00faltimas not\u00edcias e atualiza\u00e7\u00f5es (em ingl\u00eas) - Newsletter Signup","robots":{"index":"index","follow":"follow","max-snippet":"max-snippet:-1","max-image-preview":"max-image-preview:large","max-video-preview":"max-video-preview:-1"},"canonical":"https:\/\/fairfaxcryobank.com\/br\/newsletter-signup","og_locale":"pt_BR","og_type":"article","og_title":"Newsletter Signup | Fairfax Cryobank Sperm Bank","og_description":"Cadastre-se para receber nosso v por e-mail do Fairfax Cryobank para receber as \u00faltimas not\u00edcias e atualiza\u00e7\u00f5es (em ingl\u00eas) - Newsletter Signup","og_url":"https:\/\/fairfaxcryobank.com\/br\/newsletter-signup","og_site_name":"Fairfax Cryobank - Find a Sperm Donor","article_publisher":"https:\/\/www.facebook.com\/fairfax.cryobank","article_modified_time":"2020-07-13T15:15:35+00:00","og_image":[{"width":1024,"height":683,"url":"https:\/\/fairfaxcryobank.com\/wp-content\/uploads\/0o1a0494-115-1024x683-1.jpg","type":"image\/jpeg"}],"twitter_card":"summary_large_image","twitter_site":"@FairfaxCryobank","schema":{"@context":"https:\/\/schema.org","@graph":[{"@type":"WebPage","@id":"https:\/\/fairfaxcryobank.com\/br\/newsletter-signup","url":"https:\/\/fairfaxcryobank.com\/br\/newsletter-signup","name":"Newsletter Signup | Fairfax Cryobank Sperm Bank","isPartOf":{"@id":"https:\/\/fairfaxcryobank.com\/br#website"},"primaryImageOfPage":{"@id":"https:\/\/fairfaxcryobank.com\/br\/newsletter-signup#primaryimage"},"image":{"@id":"https:\/\/fairfaxcryobank.com\/br\/newsletter-signup#primaryimage"},"thumbnailUrl":"https:\/\/fairfaxcryobank.com\/wp-content\/uploads\/0o1a0494-115-1024x683-1.jpg","datePublished":"2020-03-05T10:59:34+00:00","dateModified":"2020-07-13T15:15:35+00:00","description":"Cadastre-se para receber nosso v por e-mail do Fairfax Cryobank para receber as \u00faltimas not\u00edcias e atualiza\u00e7\u00f5es (em ingl\u00eas) - Newsletter Signup","breadcrumb":{"@id":"https:\/\/fairfaxcryobank.com\/br\/newsletter-signup#breadcrumb"},"inLanguage":"pt-BR","potentialAction":[{"@type":"ReadAction","target":["https:\/\/fairfaxcryobank.com\/br\/newsletter-signup"]}]},{"@type":"ImageObject","inLanguage":"pt-BR","@id":"https:\/\/fairfaxcryobank.com\/br\/newsletter-signup#primaryimage","url":"https:\/\/fairfaxcryobank.com\/wp-content\/uploads\/0o1a0494-115-1024x683-1.jpg","contentUrl":"https:\/\/fairfaxcryobank.com\/wp-content\/uploads\/0o1a0494-115-1024x683-1.jpg","width":1024,"height":683,"caption":"newsletter"},{"@type":"BreadcrumbList","@id":"https:\/\/fairfaxcryobank.com\/br\/newsletter-signup#breadcrumb","itemListElement":[{"@type":"ListItem","position":1,"name":"Home","item":"https:\/\/fairfaxcryobank.com\/br"},{"@type":"ListItem","position":2,"name":"Newsletter Signup"}]},{"@type":"WebSite","@id":"https:\/\/fairfaxcryobank.com\/br#website","url":"https:\/\/fairfaxcryobank.com\/br","name":"Fairfax Cryobank - Find a Sperm Donor","description":"Top-Tier Sperm Bank","publisher":{"@id":"https:\/\/fairfaxcryobank.com\/br#organization"},"potentialAction":[{"@type":"SearchAction","target":{"@type":"EntryPoint","urlTemplate":"https:\/\/fairfaxcryobank.com\/br?s={search_term_string}"},"query-input":{"@type":"PropertyValueSpecification","valueRequired":true,"valueName":"search_term_string"}}],"inLanguage":"pt-BR"},{"@type":"Organization","@id":"https:\/\/fairfaxcryobank.com\/br#organization","name":"Fairfax Cryobank","url":"https:\/\/fairfaxcryobank.com\/br","logo":{"@type":"ImageObject","inLanguage":"pt-BR","@id":"https:\/\/fairfaxcryobank.com\/br#\/schema\/logo\/image\/","url":"https:\/\/fairfaxcryobank.com\/wp-content\/uploads\/logo.webp","contentUrl":"https:\/\/fairfaxcryobank.com\/wp-content\/uploads\/logo.webp","width":1,"height":1,"caption":"Fairfax Cryobank"},"image":{"@id":"https:\/\/fairfaxcryobank.com\/br#\/schema\/logo\/image\/"},"sameAs":["https:\/\/www.facebook.com\/fairfax.cryobank","https:\/\/x.com\/FairfaxCryobank","https:\/\/www.instagram.com\/fairfaxcryobank\/","https:\/\/www.pinterest.com\/fairfaxcryo\/"]}]}},"post_mailing_queue_ids":[],"_links":{"self":[{"href":"https:\/\/fairfaxcryobank.com\/br\/wp-json\/wp\/v2\/pages\/8329","targetHints":{"allow":["GET"]}}],"collection":[{"href":"https:\/\/fairfaxcryobank.com\/br\/wp-json\/wp\/v2\/pages"}],"about":[{"href":"https:\/\/fairfaxcryobank.com\/br\/wp-json\/wp\/v2\/types\/page"}],"author":[{"embeddable":true,"href":"https:\/\/fairfaxcryobank.com\/br\/wp-json\/wp\/v2\/users\/1"}],"replies":[{"embeddable":true,"href":"https:\/\/fairfaxcryobank.com\/br\/wp-json\/wp\/v2\/comments?post=8329"}],"version-history":[{"count":0,"href":"https:\/\/fairfaxcryobank.com\/br\/wp-json\/wp\/v2\/pages\/8329\/revisions"}],"wp:featuredmedia":[{"embeddable":true,"href":"https:\/\/fairfaxcryobank.com\/br\/wp-json\/wp\/v2\/media\/7410"}],"wp:attachment":[{"href":"https:\/\/fairfaxcryobank.com\/br\/wp-json\/wp\/v2\/media?parent=8329"}],"curies":[{"name":"wp","href":"https:\/\/api.w.org\/{rel}","templated":true}]}}